{"id":1412,"date":"2011-04-19T13:29:43","date_gmt":"2011-04-19T11:29:43","guid":{"rendered":"http:\/\/codexvirtualis.fr\/codex\/?page_id=1412"},"modified":"2011-06-18T14:28:27","modified_gmt":"2011-06-18T12:28:27","slug":"dans-lintimite-des-papillons","status":"publish","type":"page","link":"https:\/\/codexvirtualis.fr\/codex\/cabinet-de-curiosites-virtuel\/dans-lintimite-des-animaux\/dans-lintimite-des-papillons","title":{"rendered":"Dans l&rsquo;intimit\u00e9 des Papillons"},"content":{"rendered":"<p>&nbsp;<\/p>\n<h2>Le cycle de d\u00e9veloppement de la Pi\u00e9ride du chou<\/h2>\n<p>&nbsp;<\/p>\n<p>La Pi\u00e9ride du chou est un Papillon tr\u00e8s commun en France. Selon les r\u00e9gions, elle pr\u00e9sente deux \u00e0 cinq g\u00e9n\u00e9rations par an.<\/p>\n<p>&nbsp;<\/p>\n<figure style=\"width: 300px\" class=\"wp-caption alignnone\"><a rel=\"lightbox\" href=\"\/documents\/images\/Pieris_brassicae\/pieride24_10accouplement-WEB.jpg\" target=\"_blank\"><img decoding=\"async\" class=\" \" title=\"Accouplement de Pi\u00e9rides du chou\" src=\"\/documents\/images\/Pieris_brassicae\/pieride24_10accouplement-WEB.jpg\" alt=\"Accouplement de Pi\u00e9rides du chou\" width=\"300\" \/><\/a><figcaption class=\"wp-caption-text\">Accouplement de Pi\u00e9rides du chou<\/figcaption><\/figure>\n<p>&nbsp;<\/p>\n<p>De m\u00eame que chez les autres Insectes, la f\u00e9condation est interne dans cette esp\u00e8ce. Le m\u00e2le transf\u00e8re les spermatozo\u00efdes \u00e0 la femelle \u00e0 la faveur d&rsquo;un accouplement, et la f\u00e9condation se d\u00e9roule \u00e0 l&rsquo;int\u00e9rieur de l&rsquo;organisme femelle.<\/p>\n<p>&nbsp;<\/p>\n<figure style=\"width: 300px\" class=\"wp-caption alignnone\"><a rel=\"lightbox\" href=\"\/documents\/images\/Pieris_brassicae\/pierisp05-02-WEB.jpg\" target=\"_blank\"><img decoding=\"async\" class=\" \" title=\"Oviposition chez la Pi\u00e9ride du chou\" src=\"\/documents\/images\/Pieris_brassicae\/pierisp05-02-WEB.jpg\" alt=\"Oviposition chez la Pi\u00e9ride du chou\" width=\"300\" \/><\/a><figcaption class=\"wp-caption-text\">D\u00e9p\u00f4t des \u0153ufs par la Pi\u00e9ride du chou femelle<\/figcaption><\/figure>\n<p>&nbsp;<\/p>\n<figure style=\"width: 300px\" class=\"wp-caption alignnone\"><a rel=\"lightbox\" href=\"\/documents\/images\/Pieris_brassicae\/pieriso05-02-WEB.jpg\" target=\"_blank\"><img decoding=\"async\" class=\" \" title=\"\u0152ufs de Pi\u00e9ride du chou\" src=\"\/documents\/images\/Pieris_brassicae\/pieriso05-02-WEB.jpg\" alt=\"\u0152ufs de Pi\u00e9ride du chou\" width=\"300\" \/><\/a><figcaption class=\"wp-caption-text\">\u0152ufs de Pi\u00e9ride du chou<\/figcaption><\/figure>\n<p>&nbsp;<\/p>\n<p>Apr\u00e8s l&rsquo;accouplement, la femelle choisit une plante sur laquelle elle d\u00e9pose ses \u0153ufs, de couleur jaun\u00e2tre, en groupe. La plante constitue la source de nourriture des individus issus de l&rsquo;\u00e9closion.<\/p>\n<p>&nbsp;<\/p>\n<figure style=\"width: 300px\" class=\"wp-caption alignnone\"><a rel=\"lightbox\" href=\"\/documents\/images\/Pieris_brassicae\/pierisc05-20-WEB.jpg\" target=\"_blank\"><img decoding=\"async\" class=\" \" title=\"\u00c9closion des \u0153ufs de Pi\u00e9ride du chou\" src=\"\/documents\/images\/Pieris_brassicae\/pierisc05-20-WEB.jpg\" alt=\"\u00c9closion des \u0153ufs de Pi\u00e9ride du chou\" width=\"300\" \/><\/a><figcaption class=\"wp-caption-text\">\u00c9closion des \u0153ufs de Pi\u00e9ride du chou<\/figcaption><\/figure>\n<p>&nbsp;<\/p>\n<p>Le <a href=\"\/codex\/glossaire\/glossaire-de-d-a-h#developpement-embryonnaire\" target=\"_blank\">d\u00e9veloppement embryonnaire<\/a> dure environ une semaine, au terme de laquelle les \u0153ufs \u00e9closent et lib\u00e8rent de petites <a href=\"\/codex\/glossaire\/glossaire-de-a-a-c#chenille\" target=\"_blank\">chenilles<\/a>.<\/p>\n<p>\u00c0 la diff\u00e9rence des <a href=\"\/codex\/glossaire\/glossaire-de-a-a-c#adulte\" target=\"_blank\">adultes<\/a>, elles ne poss\u00e8dent pas d&rsquo;ailes, mais uniquement 3 paires de courtes pattes auxquelles s&rsquo;ajoutent des bourrelets appel\u00e9s fausses pattes. Elles sont relativement peu mobiles et demeurent sur la plante o\u00f9 la femelle a d\u00e9pos\u00e9 sa ponte, alors que les adultes volent.<\/p>\n<p>Elles pr\u00e9sentent des pi\u00e8ces buccales de type broyeur, leur permettant de d\u00e9chiqueter des feuilles alors que les adultes sont munis d&rsquo;une trompe gr\u00e2ce \u00e0 laquelle ils aspirent le nectar des fleurs.<\/p>\n<p>&nbsp;<\/p>\n<figure style=\"width: 300px\" class=\"wp-caption alignnone\"><a rel=\"lightbox\" href=\"\/documents\/images\/Pieris_brassicae\/pieride32_10-WEB.jpg\" target=\"_blank\"><img decoding=\"async\" class=\" \" title=\"Alimentation de la Pi\u00e9ride du chou adulte\" src=\"\/documents\/images\/Pieris_brassicae\/pieride32_10-WEB.jpg\" alt=\"Alimentation de la Pi\u00e9ride du chou adulte\" width=\"300\" \/><\/a><figcaption class=\"wp-caption-text\">Alimentation de la Pi\u00e9ride du chou adulte<\/figcaption><\/figure>\n<p>&nbsp;<\/p>\n<p>Ces chenilles sont tr\u00e8s diff\u00e9rentes des adultes, en termes de morphologie et d&rsquo;anatomie, de physiologie et de mode de vie. Elles sont appel\u00e9es des <a href=\"\/codex\/glossaire\/glossaire-de-i-a-o#larve\" target=\"_blank\">larves<\/a>.<\/p>\n<p>&nbsp;<\/p>\n<figure style=\"width: 300px\" class=\"wp-caption alignnone\"><a rel=\"lightbox\" href=\"\/documents\/images\/Pieris_brassicae\/pierisc05-15-WEB.jpg\" target=\"_blank\"><img decoding=\"async\" class=\" \" title=\"Alimentation des chenilles de Pi\u00e9ride du chou\" src=\"\/documents\/images\/Pieris_brassicae\/pierisc05-15-WEB.jpg\" alt=\"Alimentation des chenilles de Pi\u00e9ride du chou\" width=\"300\" \/><\/a><figcaption class=\"wp-caption-text\">Alimentation des chenilles de Pi\u00e9ride du chou<\/figcaption><\/figure>\n<p>&nbsp;<\/p>\n<p>Pendant environ 3 semaines, les chenilles s&rsquo;alimentent. Leur taille augmente \u00e0 la faveur de <a href=\"\/codex\/glossaire\/glossaire-de-i-a-o#mue\" target=\"_blank\">mues<\/a> larvaires.<\/p>\n<p>&nbsp;<\/p>\n<figure style=\"width: 300px\" class=\"wp-caption alignnone\"><a rel=\"lightbox\" href=\"\/documents\/images\/Pieris_brassicae\/pierisc05-04-WEB.jpg\" target=\"_blank\"><img decoding=\"async\" class=\" \" title=\"Chenille de Pi\u00e9ride du chou (2e stade)\" src=\"\/documents\/images\/Pieris_brassicae\/pierisc05-04-WEB.jpg\" alt=\"Chenille de Pi\u00e9ride du chou (2e stade)\" width=\"300\" \/><\/a><figcaption class=\"wp-caption-text\">Chenille de Pi\u00e9ride du chou (2e stade)<\/figcaption><\/figure>\n<p>&nbsp;<\/p>\n<p>Une mue correspond au renouvellement de l&rsquo;enveloppe corporelle rigide, la <a href=\"\/codex\/glossaire\/glossaire-de-a-a-c#cuticule\" target=\"_blank\">cuticule<\/a>.<br \/>\nL&rsquo;ancienne cuticule, devenue trop petite est \u00e9limin\u00e9e alors qu&rsquo;une nouvelle cuticule est \u00e9labor\u00e9e. Souple au moment de sa production, elle autorise la croissance de la chenille.<br \/>\nLe terme exuviation est employ\u00e9 pour d\u00e9signer l&rsquo;\u00e9limination de l&rsquo;ancienne cuticule, cette derni\u00e8re prenant le nom d\u2019\u00ab\u00a0exuvie\u00a0\u00bb.<br \/>\nCinq stades larvaires se succ\u00e8dent ainsi, s\u00e9par\u00e9s les uns des autres par des mues larvaires.<\/p>\n<p>&nbsp;<\/p>\n<p>La vie larvaire prend fin avec une mue appel\u00e9e larvo-nymphale. La chenille cesse de se nourrir et change d\u2019habitat avant de se transformer en <a href=\"\/codex\/glossaire\/glossaire-de-i-a-o#nymphe\" target=\"_blank\">nymphe<\/a>, forme immobile et ne s\u2019alimentant pas. Dans le cas des Papillons, la nymphe est une <a href=\"\/codex\/glossaire\/glossaire-de-a-a-c#chrysalide\" target=\"_blank\">chrysalide<\/a>.<\/p>\n<p>&nbsp;<\/p>\n<figure style=\"width: 300px\" class=\"wp-caption alignnone\"><a rel=\"lightbox\" href=\"\/documents\/images\/Pieris_brassicae\/nymphe_pieris_2011b-WEB.jpg\" target=\"_blank\"><img decoding=\"async\" class=\" \" title=\"Nymphe de Pi\u00e9ride du chou\" src=\"\/documents\/images\/Pieris_brassicae\/nymphe_pieris_2011b-WEB.jpg\" alt=\"Nymphe de Pi\u00e9ride du chou\" width=\"300\" \/><\/a><figcaption class=\"wp-caption-text\">Nymphe de Pi\u00e9ride du chou (Collection de zoologie de l&#39;ENS de Lyon)<\/figcaption><\/figure>\n<p>&nbsp;<\/p>\n<p>L&rsquo;enveloppe de la chrysalide laisse deviner la transformation de l&rsquo;individu qu&rsquo;elle prot\u00e8ge : les caract\u00e8res ext\u00e9rieurs de l\u2019adulte sont progressivement mis en place par exemple les yeux compos\u00e9s, les antennes, la trompe, les longues pattes, les ailes.<\/p>\n<p>La transformation de l&rsquo;individu au sein de la chrysalide dure une douzaine de jours, p\u00e9riode au terme de laquelle un nouvel adulte \u00e9merge. L&rsquo;\u00e9mergence correspond \u00e0 une derni\u00e8re mue, la mue nympho-imaginale ainsi nomm\u00e9e car l&rsquo;individu \u00e9mergent, apte \u00e0 la reproduction, est un <a href=\"\/codex\/glossaire\/glossaire-de-i-a-o#imago\" target=\"_blank\">imago<\/a>.<br \/>\nLa nymphe de la derni\u00e8re g\u00e9n\u00e9ration de l&rsquo;ann\u00e9e passe l&rsquo;hiver et l&rsquo;imago \u00e9merge alors au printemps suivant.<\/p>\n<p>Un ensemble de modifications morpho-anatomiques et physiologiques se produit entre les mue larvo-nymphale et nympho-imaginale, autorisant le changement de plan d\u2019organisation et de mode de vie. Elles constituent une <a href=\"\/codex\/glossaire\/glossaire-de-i-a-o#metamorphose\" target=\"_blank\">m\u00e9tamorphose<\/a>.<\/p>\n<p>&nbsp;<\/p>\n<p>Les caract\u00e9ristiques du <a href=\"\/codex\/glossaire\/glossaire-de-d-a-h#developpement-post-embryonnaire\" target=\"_blank\">d\u00e9veloppement post-embryonnaire<\/a> des Papillons permet de les qualifier d\u2019Insectes <a href=\"\/codex\/glossaire\/glossaire-de-d-a-h#holometabole\" target=\"_blank\">holom\u00e9taboles<\/a>, c\u2019est \u00e0 dire qui subissent des transformations importantes ou compl\u00e8tes au cours de leur d\u00e9veloppement (\u00e9tymologiquement \u00ab\u00a0m\u00e9tabole\u00a0\u00bb signifie \u00ab\u00a0changement\u00a0\u00bb et \u00ab\u00a0holo\u00a0\u00bb signifie \u00ab\u00a0entier\u00a0\u00bb).<br \/>\nElles correspondent \u00e0 la m\u00e9tamorphose. Celle-ci implique en particulier le d\u00e9ploiement des \u00e9bauches d\u2019ailes, qui demeurent internes pendant tout le d\u00e9veloppement larvaire, les Papillons sont des Insectes <a href=\"\/codex\/glossaire\/glossaire-de-d-a-h#endopterygote\" target=\"_blank\">endopt\u00e9rygotes<\/a>.<\/p>\n<p>&nbsp;<\/p>\n<p>Pour acc\u00e9der aux images de <a href=\"\/images\/index.php?album=parcs-de-gerland-et-des-berges-du-rhone\/les-papillons\" target=\"_blank\">Papillons<\/a> des parcs de Gerland et des berges du Rh\u00f4ne<br \/>\n&nbsp;<\/p>\n<p style=\"text-align: right;\">[print_link]<\/p>\n","protected":false},"excerpt":{"rendered":"<p>&nbsp; Le cycle de d\u00e9veloppement de la Pi\u00e9ride du chou &nbsp; La Pi\u00e9ride du chou est un Papillon tr\u00e8s commun en France. Selon les r\u00e9gions, elle pr\u00e9sente deux \u00e0 cinq g\u00e9n\u00e9rations par an. &nbsp; &nbsp; De m\u00eame que chez les autres Insectes, la f\u00e9condation est interne dans cette esp\u00e8ce. Le m\u00e2le transf\u00e8re les spermatozo\u00efdes \u00e0 [&hellip;]<\/p>\n","protected":false},"author":2,"featured_media":0,"parent":1747,"menu_order":2,"comment_status":"closed","ping_status":"closed","template":"","meta":{"site-sidebar-layout":"default","site-content-layout":"","ast-site-content-layout":"default","site-content-style":"default","site-sidebar-style":"default","ast-global-header-display":"","ast-banner-title-visibility":"","ast-main-header-display":"","ast-hfb-above-header-display":"","ast-hfb-below-header-display":"","ast-hfb-mobile-header-display":"","site-post-title":"","ast-breadcrumbs-content":"","ast-featured-img":"","footer-sml-layout":"","ast-disable-related-posts":"","theme-transparent-header-meta":"","adv-header-id-meta":"","stick-header-meta":"","header-above-stick-meta":"","header-main-stick-meta":"","header-below-stick-meta":"","astra-migrate-meta-layouts":"default","ast-page-background-enabled":"default","ast-page-background-meta":{"desktop":{"background-color":"var(--ast-global-color-4)","background-image":"","background-repeat":"repeat","background-position":"center center","background-size":"auto","background-attachment":"scroll","background-type":"","background-media":"","overlay-type":"","overlay-color":"","overlay-opacity":"","overlay-gradient":""},"tablet":{"background-color":"","background-image":"","background-repeat":"repeat","background-position":"center center","background-size":"auto","background-attachment":"scroll","background-type":"","background-media":"","overlay-type":"","overlay-color":"","overlay-opacity":"","overlay-gradient":""},"mobile":{"background-color":"","background-image":"","background-repeat":"repeat","background-position":"center center","background-size":"auto","background-attachment":"scroll","background-type":"","background-media":"","overlay-type":"","overlay-color":"","overlay-opacity":"","overlay-gradient":""}},"ast-content-background-meta":{"desktop":{"background-color":"var(--ast-global-color-5)","background-image":"","background-repeat":"repeat","background-position":"center center","background-size":"auto","background-attachment":"scroll","background-type":"","background-media":"","overlay-type":"","overlay-color":"","overlay-opacity":"","overlay-gradient":""},"tablet":{"background-color":"var(--ast-global-color-5)","background-image":"","background-repeat":"repeat","background-position":"center center","background-size":"auto","background-attachment":"scroll","background-type":"","background-media":"","overlay-type":"","overlay-color":"","overlay-opacity":"","overlay-gradient":""},"mobile":{"background-color":"var(--ast-global-color-5)","background-image":"","background-repeat":"repeat","background-position":"center center","background-size":"auto","background-attachment":"scroll","background-type":"","background-media":"","overlay-type":"","overlay-color":"","overlay-opacity":"","overlay-gradient":""}},"footnotes":""},"class_list":["post-1412","page","type-page","status-publish","hentry"],"aioseo_notices":[],"jetpack_sharing_enabled":true,"_links":{"self":[{"href":"https:\/\/codexvirtualis.fr\/codex\/wp-json\/wp\/v2\/pages\/1412","targetHints":{"allow":["GET"]}}],"collection":[{"href":"https:\/\/codexvirtualis.fr\/codex\/wp-json\/wp\/v2\/pages"}],"about":[{"href":"https:\/\/codexvirtualis.fr\/codex\/wp-json\/wp\/v2\/types\/page"}],"author":[{"embeddable":true,"href":"https:\/\/codexvirtualis.fr\/codex\/wp-json\/wp\/v2\/users\/2"}],"replies":[{"embeddable":true,"href":"https:\/\/codexvirtualis.fr\/codex\/wp-json\/wp\/v2\/comments?post=1412"}],"version-history":[{"count":37,"href":"https:\/\/codexvirtualis.fr\/codex\/wp-json\/wp\/v2\/pages\/1412\/revisions"}],"predecessor-version":[{"id":2478,"href":"https:\/\/codexvirtualis.fr\/codex\/wp-json\/wp\/v2\/pages\/1412\/revisions\/2478"}],"up":[{"embeddable":true,"href":"https:\/\/codexvirtualis.fr\/codex\/wp-json\/wp\/v2\/pages\/1747"}],"wp:attachment":[{"href":"https:\/\/codexvirtualis.fr\/codex\/wp-json\/wp\/v2\/media?parent=1412"}],"curies":[{"name":"wp","href":"https:\/\/api.w.org\/{rel}","templated":true}]}}