{"id":14109,"date":"2021-08-03T10:31:19","date_gmt":"2021-08-03T08:31:19","guid":{"rendered":"https:\/\/codexvirtualis.fr\/codex\/?page_id=14109"},"modified":"2021-08-04T17:56:54","modified_gmt":"2021-08-04T15:56:54","slug":"vivre-fixe-a-partir-de-lexemple-des-eumollusques-bibliographie-et-sitographie","status":"publish","type":"page","link":"https:\/\/codexvirtualis.fr\/codex\/petites-questions-de-physiologie\/petites-questions-de-physiologie-animale-2019-ouvrage\/vivre-fixe-a-partir-de-lexemple-des-eumollusques-bibliographie-et-sitographie","title":{"rendered":"Vivre fix\u00e9 \u00e0 partir de l\u2019exemple des Eumollusques : bibliographie et sitographie"},"content":{"rendered":"<header>\n<table style=\"width: 100%; \">\n<tr>\n<th style=\"text-align: center; \" colspan=\"3\">Bibliographie et sitographie<\/th>\n<\/tr>\n<tr>\n<td style=\"width: 20%; text-align: left; \">\n<a href=\"\/codex\/petites-questions-de-physiologie\/petites-questions-de-physiologie-animale-2019-ouvrage\/vivre-fixe-a-partir-de-lexemple-des-eumollusques-conclusion\" title=\"Vivre fix\u00e9 \u00e0 partir de l\u2019exemple des Eumollusques : conclusion\">Pr\u00e9c\u00e9dent<\/a><\/td>\n<th style=\"width: 60%; text-align: center; \">Vivre fix\u00e9 \u00e0 partir de l&rsquo;exemple des Eumollusques<\/th>\n<td style=\"width: 20%; text-align: right; \">\u00a0<a href=\"\/codex\/petites-questions-de-physiologie\/petites-questions-de-physiologie-animale-2019-ouvrage\/le-complexe-hypothalamo-hypophysaire-des-mammiferes-et-son-fonctionnement-introduction\" title=\"Le complexe hypothalamo-hypophysaire des Mammif\u00e8res et son fonctionnement : introduction\">Suivant<\/a>\n<\/td>\n<\/tr>\n<\/table>\n<hr \/>\n<\/header>\n<p> &nbsp; <\/p>\n<h3 class=\"title\">Articles<\/h3>\n<p>\n<span class=\"authorgroup\"><span class=\"firstname\">Li<\/span> <span class=\"surname\">Lin<\/span> et <span class=\"firstname\">Zeng<\/span> <span class=\"surname\">Hongbo<\/span>. <\/span><br \/>\n<span class=\"title\"><em>Marine mussel adhesion and bio-inspired wet adhesives<\/em>. <\/span><br \/>\n<span class=\"title\"><em>Biotribology<\/em>. <\/span> <span class=\"pubdate\">2016. <\/span> <span class=\"volumenum\">5. <\/span> <span class=\"artpagenums\">44-51. <\/span><br \/>\n[<span class=\"citebiblioid\">2352-5738<\/span>]<\/p>\n<p> &nbsp; <\/p>\n<p>\n<span class=\"authorgroup\"><span class=\"firstname\">Alain<\/span> <span class=\"surname\">Thi\u00e9ry<\/span> et <span class=\"firstname\">C\u00e9cile<\/span> <span class=\"surname\">Breton<\/span>. <\/span><br \/>\n<span class=\"title\"><em>La colle de moule<\/em>. <\/span><br \/>\n<span class=\"title\"><em>Esp\u00e8ces, revue d\u2019histoire naturelle<\/em>. <\/span><span class=\"pubdate\">2013. <\/span><span class=\"volumenum\">8. <\/span><span class=\"artpagenums\">75-78. <\/span><br \/>\n[<span class=\"citebiblioid\">2256-6384<\/span>]<\/p>\n<h3 class=\"title\">Sites internet<\/h3>\n<p>\n<span class=\"authorgroup\"><span class=\"firstname\">Christian<\/span> <span class=\"surname\">Cantin<\/span> et <span class=\"firstname\">Edouard<\/span> <span class=\"surname\">His<\/span>. <\/span><br \/>\n<span class=\"title\"> <em>Biologie et physiologie des coquillages. In Archimer [en ligne]<\/em>. <\/span><br \/>\n<span class=\"publisher\"><span class=\"publishername\">Ifremer. <\/span><\/span><span class=\"pubdate\">1995  [date de consultation : 16 mars 2019]. <\/span><br \/>\n<span class=\"address\"><code class=\"uri\">Disponible sur :<br \/>\n<a class=\"link\" href=\"https:\/\/archimer.ifremer.fr\/doc\/00095\/20628\/\" target=\"_top\" rel=\"noopener\">https:\/\/archimer.ifremer.fr\/doc\/00095\/20628\/<\/a><br \/>\n<\/code>. <\/span>\n<\/p>\n<p> &nbsp; <\/p>\n<p>\n<span class=\"authorgroup\"> <span class=\"firstname\">Gilbert<\/span> <span class=\"surname\">Cochet<\/span>. <\/span><br \/>\n<span class=\"title\"><em>\u00c9tat de l\u2019art sur la moule perli\u00e8re. In DREAL Auvergne-Rh\u00f4ne-Alpes [en ligne]<\/em>. <\/span><br \/>\n<span class=\"publisher\"><span class=\"publishername\">Fran\u00e7oise Noars. <\/span><\/span> <span class=\"pubdate\">2010 [date de consultation : 05 mars 2019]. <\/span><br \/>\n<span class=\"address\"><code class=\"uri\">Disponible sur :<br \/>\n<a class=\"link\" href=\"http:\/\/www.auvergne-rhone-alpes.developpement-durable.gouv.fr\/IMG\/pdf\/etat_art_moule_V4_cle249aaa.pdf\" target=\"_top\" rel=\"noopener\">http:\/\/www.auvergne-rhone-alpes.developpement-durable.gouv.fr\/IMG\/pdf\/etat_art_moule_V4_cle249aaa.pdf<\/a><\/code>. <\/span>\n<\/p>\n<p> &nbsp; <\/p>\n<p>\n<span class=\"authorgroup\"><span class=\"firstname\">Andr\u00e9<\/span> <span class=\"surname\">Franc<\/span>. <\/span><br \/>\n<span class=\"title\"> <em>Mollusques. In Universalis \u00e9ducation [en ligne]<\/em>. <\/span><br \/>\n<span class=\"publisher\"> <span class=\"publishername\">Encyclopaedia Universalis. <\/span> <\/span><span class=\"pubdate\">2010 [date de consultation : 2 mai 2019]. <\/span><br \/>\n<span class=\"address\"> <code class=\"uri\">Disponible sur :<br \/>\n<a class=\"link\" href=\"http:\/\/www.universalis-edu.com\/encyclopedie\/mollusques\/\" target=\"_top\" rel=\"noopener\">http:\/\/www.universalis-edu.com\/encyclopedie\/mollusques\/<\/a><\/code>. <\/span>\n<\/p>\n<p> &nbsp; <\/p>\n<p>\n<span class=\"authorgroup\"> <span class=\"firstname\">Sandrine<\/span> <span class=\"surname\">Heusser<\/span>. <\/span><br \/>\n<span class=\"title\"><em>La moule et son rocher. In Codex virtualis [en ligne]<\/em>. <\/span><br \/>\n<span class=\"publisher\"><span class=\"publishername\">Sandrine Heusser. <\/span><\/span> <span class=\"pubdate\">2011 [date de consultation : 11 f\u00e9vrier 2019]. <\/span><br \/>\n<span class=\"address\"><code class=\"uri\">Disponible sur :<br \/>\n<a class=\"link\" href=\"http:\/\/codexvirtualis.fr\/codex\/cabinet-de-curiosites-virtuel\/images-insolites-instructives\/la-moule-et-son-rocher\" target=\"_top\" rel=\"noopener\">http:\/\/codexvirtualis.fr\/codex\/cabinet-de-curiosites-virtuel\/images-insolites-instructives\/la-moule-et-son-rocher<\/a><\/code>. <\/span>\n<\/p>\n<p> &nbsp; <\/p>\n<p>\n<span class=\"authorgroup\"> <span class=\"firstname\">Sandrine<\/span>  <span class=\"surname\">Heusser<\/span>. <\/span><br \/>\n<span class=\"title\"><em>L\u2019organe byssog\u00e8ne et l\u2019\u00e9laboration du byssus. In Codex virtualis [en ligne]<\/em>. <\/span><br \/>\n<span class=\"publisher\"><span class=\"publishername\">Sandrine Heusser. <\/span><\/span><span class=\"pubdate\">2011 [date de consultation : 12 f\u00e9vrier 2019]. <\/span><br \/>\n<span class=\"address\"> <code class=\"uri\">Disponible sur :<br \/>\n<a class=\"link\" href=\"http:\/\/codexvirtualis.fr\/codex\/de-lorganisation-interne\/organe-byssogene-moule\" target=\"_top\" rel=\"noopener\">http:\/\/codexvirtualis.fr\/codex\/de-lorganisation-interne\/organe-byssogene-moule<\/a><\/code>. <\/span>\n<\/p>\n<p> &nbsp; <\/p>\n<p>\n<span class=\"authorgroup\"><span class=\"firstname\">Sandrine<\/span> <span class=\"surname\">Heusser<\/span>. <\/span><br \/>\n<span class=\"title\"><em>Semaine 38-2014. In Codex virtualis [en ligne]<\/em>. <\/span><br \/>\n<span class=\"publisher\"><span class=\"publishername\">Sandrine Heusser. <\/span><\/span><span class=\"pubdate\">2014 [date de consultation : 02 avril 2019]. <\/span><br \/>\n<span class=\"address\"><code class=\"uri\">Disponible sur :<br \/>\n<a class=\"link\"href=\"https:\/\/codexvirtualis.fr\/codex\/semaine-38-2014\"target=\"_top\">https:\/\/codexvirtualis.fr\/codex\/semaine-38-2014<\/a><br \/>\n<\/code>. <\/span>\n<\/p>\n<p> &nbsp; <\/p>\n<p>\n<span class=\"authorgroup\"> <span class=\"firstname\">Louis<\/span> <span class=\"surname\">Marteil<\/span>. <\/span><br \/>\n<span class=\"title\"><em>La conchyliculture fran\u00e7aise. 2eme partie. Biologie de l\u2019Hu\u00eetre et de la Moule. In Archimer [en ligne]<\/em>. <\/span><br \/>\n<span class=\"publisher\"> <span class=\"publishername\">Ifremer. <\/span><\/span><span class=\"pubdate\">1976 [date de consultation : 25 f\u00e9vrier 2019]. <\/span><br \/>\n<span class=\"address\"><code class=\"uri\">Disponible sur :<br \/>\n<a class=\"link\" href=\"https:\/\/archimer.ifremer.fr\/doc\/00000\/1796\/\"target=\"_top\">https:\/\/archimer.ifremer.fr\/doc\/00000\/1796\/<\/a><\/code>. <\/span>\n<\/p>\n<p> &nbsp; <\/p>\n<p>\n<span class=\"authorgroup\"> <span class=\"firstname\">Christian<\/span> <span class=\"surname\">Scouppe<\/span>, <span class=\"firstname\">Frederic<\/span> <span class=\"surname\">Ziemski<\/span>, et <span class=\"firstname\">Yves<\/span> <span class=\"surname\">M\u00fcller<\/span>. <\/span><br \/>\n<span class=\"title\"> <em>Patella vulgata Linnaeus 1758. In Doris [en ligne]<\/em>. <\/span><br \/>\n<span class=\"publisher\"><span class=\"publishername\">F\u00e9d\u00e9ration fran\u00e7aise d&rsquo;\u00e9tudes et de sports sous-marins &#8211; FFESSM. <\/span><\/span><span class=\"pubdate\">2018 [date de consultation : 12 mars 2019]. <\/span><br \/>\n<span class=\"address\"><code class=\"uri\">Disponible sur :<br \/>\n<a class=\"link\" href=\"http:\/\/doris.ffessm.fr\/Especes\/Patella-vulgata-Patelle-commune-1191\" target=\"_top\" rel=\"noopener\">http:\/\/doris.ffessm.fr\/Especes\/Patella-vulgata-Patelle-commune-1191<\/a><\/code>. <\/span>\n<\/p>\n<p> &nbsp; <\/p>\n<footer>\n<hr \/>\n<table style=\"width: 100%; \">\n<tr>\n<td style=\"width: 40%; text-align: left; \">\n<a href=\"\/codex\/petites-questions-de-physiologie\/petites-questions-de-physiologie-animale-2019-ouvrage\/vivre-fixe-a-partir-de-lexemple-des-eumollusques-conclusion\" title=\"Vivre fix\u00e9 \u00e0 partir de l\u2019exemple des Eumollusques : conclusion\">Pr\u00e9c\u00e9dent<\/a>\u00a0<\/td>\n<td style=\"width: 20%; text-align: center; \">\n<a href=\"\/codex\/petites-questions-de-physiologie\/petites-questions-de-physiologie-animale-2019-ouvrage\/vivre-fixe-a-partir-de-lexemple-des-eumollusques-introduction\" title=\"Vivre fix\u00e9 \u00e0 partir de l\u2019exemple des Eumollusques : introduction\">Niveau sup\u00e9rieur<\/a>\n<\/td>\n<td style=\"width: 40%; text-align: right; \">\u00a0<a href=\"\/codex\/petites-questions-de-physiologie\/petites-questions-de-physiologie-animale-2019-ouvrage\/le-complexe-hypothalamo-hypophysaire-des-mammiferes-et-son-fonctionnement-introduction\" title=\"Le complexe hypothalamo-hypophysaire des Mammif\u00e8res et son fonctionnement : introduction\">Suivant<\/a>\n<\/td>\n<\/tr>\n<tr>\n<td style=\"width: 40%; text-align: left; vertical-align: top; \">Conclusion\u00a0<\/td>\n<td style=\"width: 20%; text-align: center; \">\n<a href=\"\/codex\/petites-questions-de-physiologie\/petites-questions-de-physiologie-animale-2019-ouvrage\" title=\"Petites questions de physiologie animale 2019 : ouvrage\">Sommaire<\/a>\n<\/td>\n<td style=\"width: 40%; text-align: right; vertical-align: top; \">\u00a0Le complexe hypothalamo-hypophysaire des Mammif\u00e8res et son fonctionnement<\/td>\n<\/tr>\n<\/table>\n<\/footer>\n","protected":false},"excerpt":{"rendered":"<p>Bibliographie et sitographie Pr\u00e9c\u00e9dent Vivre fix\u00e9 \u00e0 partir de l&rsquo;exemple des Eumollusques \u00a0Suivant &nbsp; Articles Li Lin et Zeng Hongbo. Marine mussel adhesion and bio-inspired wet adhesives. Biotribology. 2016. 5. 44-51. [2352-5738] &nbsp; Alain Thi\u00e9ry et C\u00e9cile Breton. La colle de moule. Esp\u00e8ces, revue d\u2019histoire naturelle. 2013. 8. 75-78. [2256-6384] Sites internet Christian Cantin et [&hellip;]<\/p>\n","protected":false},"author":2,"featured_media":0,"parent":13169,"menu_order":66,"comment_status":"closed","ping_status":"closed","template":"","meta":{"site-sidebar-layout":"default","site-content-layout":"","ast-site-content-layout":"default","site-content-style":"default","site-sidebar-style":"default","ast-global-header-display":"","ast-banner-title-visibility":"","ast-main-header-display":"","ast-hfb-above-header-display":"","ast-hfb-below-header-display":"","ast-hfb-mobile-header-display":"","site-post-title":"","ast-breadcrumbs-content":"","ast-featured-img":"","footer-sml-layout":"","ast-disable-related-posts":"","theme-transparent-header-meta":"","adv-header-id-meta":"","stick-header-meta":"","header-above-stick-meta":"","header-main-stick-meta":"","header-below-stick-meta":"","astra-migrate-meta-layouts":"default","ast-page-background-enabled":"default","ast-page-background-meta":{"desktop":{"background-color":"var(--ast-global-color-4)","background-image":"","background-repeat":"repeat","background-position":"center center","background-size":"auto","background-attachment":"scroll","background-type":"","background-media":"","overlay-type":"","overlay-color":"","overlay-opacity":"","overlay-gradient":""},"tablet":{"background-color":"","background-image":"","background-repeat":"repeat","background-position":"center center","background-size":"auto","background-attachment":"scroll","background-type":"","background-media":"","overlay-type":"","overlay-color":"","overlay-opacity":"","overlay-gradient":""},"mobile":{"background-color":"","background-image":"","background-repeat":"repeat","background-position":"center center","background-size":"auto","background-attachment":"scroll","background-type":"","background-media":"","overlay-type":"","overlay-color":"","overlay-opacity":"","overlay-gradient":""}},"ast-content-background-meta":{"desktop":{"background-color":"var(--ast-global-color-5)","background-image":"","background-repeat":"repeat","background-position":"center center","background-size":"auto","background-attachment":"scroll","background-type":"","background-media":"","overlay-type":"","overlay-color":"","overlay-opacity":"","overlay-gradient":""},"tablet":{"background-color":"var(--ast-global-color-5)","background-image":"","background-repeat":"repeat","background-position":"center center","background-size":"auto","background-attachment":"scroll","background-type":"","background-media":"","overlay-type":"","overlay-color":"","overlay-opacity":"","overlay-gradient":""},"mobile":{"background-color":"var(--ast-global-color-5)","background-image":"","background-repeat":"repeat","background-position":"center center","background-size":"auto","background-attachment":"scroll","background-type":"","background-media":"","overlay-type":"","overlay-color":"","overlay-opacity":"","overlay-gradient":""}},"footnotes":""},"class_list":["post-14109","page","type-page","status-publish","hentry"],"aioseo_notices":[],"jetpack_sharing_enabled":true,"_links":{"self":[{"href":"https:\/\/codexvirtualis.fr\/codex\/wp-json\/wp\/v2\/pages\/14109","targetHints":{"allow":["GET"]}}],"collection":[{"href":"https:\/\/codexvirtualis.fr\/codex\/wp-json\/wp\/v2\/pages"}],"about":[{"href":"https:\/\/codexvirtualis.fr\/codex\/wp-json\/wp\/v2\/types\/page"}],"author":[{"embeddable":true,"href":"https:\/\/codexvirtualis.fr\/codex\/wp-json\/wp\/v2\/users\/2"}],"replies":[{"embeddable":true,"href":"https:\/\/codexvirtualis.fr\/codex\/wp-json\/wp\/v2\/comments?post=14109"}],"version-history":[{"count":6,"href":"https:\/\/codexvirtualis.fr\/codex\/wp-json\/wp\/v2\/pages\/14109\/revisions"}],"predecessor-version":[{"id":14187,"href":"https:\/\/codexvirtualis.fr\/codex\/wp-json\/wp\/v2\/pages\/14109\/revisions\/14187"}],"up":[{"embeddable":true,"href":"https:\/\/codexvirtualis.fr\/codex\/wp-json\/wp\/v2\/pages\/13169"}],"wp:attachment":[{"href":"https:\/\/codexvirtualis.fr\/codex\/wp-json\/wp\/v2\/media?parent=14109"}],"curies":[{"name":"wp","href":"https:\/\/api.w.org\/{rel}","templated":true}]}}