{"id":14091,"date":"2021-08-03T10:30:59","date_gmt":"2021-08-03T08:30:59","guid":{"rendered":"https:\/\/codexvirtualis.fr\/codex\/?page_id=14091"},"modified":"2021-08-04T17:56:19","modified_gmt":"2021-08-04T15:56:19","slug":"vivre-fixe-une-adaptation-de-la-fonction-de-reproduction","status":"publish","type":"page","link":"https:\/\/codexvirtualis.fr\/codex\/petites-questions-de-physiologie\/petites-questions-de-physiologie-animale-2019-ouvrage\/vivre-fixe-une-adaptation-de-la-fonction-de-reproduction","title":{"rendered":"Vivre fix\u00e9 : une adaptation de la fonction de reproduction"},"content":{"rendered":"<header>\n<table style=\"width: 100%; \">\n<tr>\n<th style=\"text-align: center; \" colspan=\"3\">Vivre fix\u00e9 : une adaptation de la fonction de reproduction<\/th>\n<\/tr>\n<tr>\n<td style=\"width: 20%; text-align: left; \">\n<a href=\"\/codex\/petites-questions-de-physiologie\/petites-questions-de-physiologie-animale-2019-ouvrage\/vivre-fixe-une-adaptation-des-fonctions-vegetatives\" title=\"Vivre fix\u00e9 : une adaptation des fonctions v\u00e9g\u00e9tatives\">Pr\u00e9c\u00e9dent<\/a>\u00a0<\/td>\n<th style=\"width: 60%; text-align: center; \">Vivre fix\u00e9 \u00e0 partir de l&rsquo;exemple des Eumollusques<\/th>\n<td style=\"width: 20%; text-align: right; \"><a href=\"\/codex\/petites-questions-de-physiologie\/petites-questions-de-physiologie-animale-2019-ouvrage\/vivre-fixe-a-partir-de-lexemple-des-eumollusques-conclusion\" title=\"Vivre fix\u00e9 \u00e0 partir de l\u2019exemple des Eumollusques : conclusion\">Suivant<\/a>\n<\/td>\n<\/tr>\n<\/table>\n<hr \/>\n<\/header>\n<p> &nbsp; <\/p>\n<section class=\"sect1\" id=\"d0e10075\">\n<p>Les Eumollusques sont des animaux r\u00e9alisant une reproduction sexu\u00e9e.<br \/>\nLes individus adultes sont g\u00e9n\u00e9ralement diplo\u00efdes. Ils produisent des gam\u00e8tes haplo\u00efdes de types compl\u00e9mentaires, les ovules femelles, et les spermatozo\u00efdes m\u00e2les. La fusion de deux gam\u00e8tes de types compl\u00e9mentaires, appel\u00e9e f\u00e9condation, est \u00e0 l&rsquo;origine d&rsquo;un zygote diplo\u00efde, nouvel individu dont le d\u00e9veloppement conduit \u00e0 un nouvel adulte.<\/p>\n<p>Quelles sont les caract\u00e9ristiques de la reproduction des Eumollusques fix\u00e9s ?<\/p>\n<\/section>\n<section class=\"sect2\" id=\"d0e10082\">\n<h3 class=\"title\">Produire des gam\u00e8tes et assurer la f\u00e9condation<\/h3>\n<p> &nbsp; <\/p>\n<figure id=\"d0e10085\"\nclass=\"img\"\ntitle=\"Figure\u00a012.\u00a0Strat\u00e9gies reproductives des Eumollusques fix\u00e9s\"><\/p>\n<div class=\"figure\">\n<figure style=\"width: 300px\" class=\"wp-caption alignnone\"><a rel=\"lightbox\" href=\"\/documents\/images\/PetitesQuestionsDePhysiologie\/2019\/media\/images\/24_figure_12.jpg\"><img decoding=\"async\" src=\"\/documents\/images\/PetitesQuestionsDePhysiologie\/2019\/media\/images\/24_figure_12.jpg\" width=\"300\" \" alt=\"Strat\u00e9gies reproductives des Eumollusques fix\u00e9s\" class=\"size-medium\" \/><figcaption class=\"wp-caption-text\">Figure\u00a012.\u00a0Strat\u00e9gies reproductives des Eumollusques fix\u00e9s  <\/a><\/figcaption><\/figure>\n<\/div>\n<div class=\"copyright\">\n<p>Copyright : 2019 &#8211; Cassandra Batin ; Antoine Chapelon<\/p>\n<\/div>\n<div class=\"legalnotice\" title=\"Note L\u00e9gale\">\n<p> Cette illustration est mise \u00e0 disposition selon les termes de la Licence Creative Commons Attribution &#8211; Pas d&rsquo;Utilisation Commerciale &#8211; Partage dans les m\u00eames conditions 4.0 International.<span class=\"inlinemediaobject\"><br \/>\n<img decoding=\"async\" class=\"ccimage\" src=\"\/documents\/images\/PetitesQuestionsDePhysiologie\/2019\/media\/images\/00_licence.png\" width=\"50\"\/> <\/span> <\/p>\n<\/div>\n<\/figure>\n<p><\/p>\n<p>Parmi les Moules, il existe des individus femelles, produisant des ovules, et des individus m\u00e2les, produisant des spermatozo\u00efdes.<br \/>\nDans cette esp\u00e8ce, les sexes sont s\u00e9par\u00e9s, elle est qualifi\u00e9e de gonochorique.<br \/>\nLes gonades sont localis\u00e9es dans la bosse de Polichinelle mais \u00e0 maturit\u00e9, elles peuvent envahir le manteau. Elles sont diffuses, form\u00e9es d&rsquo;unit\u00e9s renfl\u00e9es drain\u00e9es par des canaux convergeant en gonoductes, ouverts dans la cavit\u00e9 pall\u00e9ale au niveau des papilles urog\u00e9nitales.<br \/>\nLes gam\u00e8tes sont lib\u00e9r\u00e9s dans la cavit\u00e9 pall\u00e9ale. Chez la femelle, les ovules sont agglom\u00e9r\u00e9s en cordons et sortent de la cavit\u00e9 pall\u00e9ale emport\u00e9s par le courant ventilatoire. Des contractions musculaires favorisent parfois leur \u00e9vacuation. Chez le m\u00e2le, les spermatozo\u00efdes forment un filet continu s&rsquo;\u00e9coulant hors de la cavit\u00e9 pall\u00e9ale avec le courant ventilatoire.<br \/>\nLa rencontre des gam\u00e8tes se d\u00e9roule dans l&rsquo;eau de mer et la f\u00e9condation est externe. La probabilit\u00e9 de rencontre des gam\u00e8tes est faible, mais partiellement compens\u00e9e par leurs nombres \u00e9lev\u00e9s et la synchronisation des gam\u00e9togen\u00e8ses dans les deux sexes.<br \/>\nLa proportion de Moules hermaphrodites est de l&rsquo;ordre de une pour mille. <\/p>\n<p>Les Hu\u00eetres sont en revanche hermaphrodites.<br \/>\nLes Hu\u00eetres creuses du genre <span class=\"emphasis\"><em>Crassostrea<\/em> <\/span> peuvent changer de sexe d&rsquo;une saison \u00e0 l&rsquo;autre, mais pas syst\u00e9matiquement. Elles pratiquent l&rsquo;hermaphrodisme successif, alternant et irr\u00e9gulier.<br \/>\nLes Hu\u00eetres plates du genre <span class=\"emphasis\"><em>Ostrea<\/em> <\/span> changent de sexe r\u00e9guli\u00e8rement au cours d&rsquo;une saison ou d&rsquo;une saison \u00e0 l&rsquo;autre, elles sont hermaphrodites successives, alternantes et r\u00e9guli\u00e8res.<br \/>\nDe mani\u00e8re g\u00e9n\u00e9rale la transition femelle-m\u00e2le est rapide alors que la transition m\u00e2le-femelle est lente.<br \/>\nDe m\u00eame que chez les Moules, les gonades sont diffuses. <\/p>\n<p>Chez les Hu\u00eetres creuses en phase femelle, les ovules sont lib\u00e9r\u00e9s dans la r\u00e9gion exhalante de la cavit\u00e9 pall\u00e9ale. Ils transitent vers la cavit\u00e9 inhalante \u00e0 travers les branchies et sont ensuite lib\u00e9r\u00e9s dans le milieu. Des mouvements de la valve droite de la coquille, dus \u00e0 des contractions et rel\u00e2chements des muscles adducteurs, sont responsables de leur d\u00e9placement.<br \/>\nChez les individus en phase m\u00e2le, les spermatozo\u00efdes sont lib\u00e9r\u00e9s sous forme de filet de m\u00eame que chez les Moules.<br \/>\nLa f\u00e9condation est \u00e9galement externe dans cette esp\u00e8ce.<\/p>\n<p>Chez les Hu\u00eetres plates en phase femelle par contre, les ovules lib\u00e9r\u00e9s dans la chambre exhalante sont transf\u00e9r\u00e9s dans la cavit\u00e9 inhalante.<br \/>\nChez les individus en phase m\u00e2le, les spermatozo\u00efdes sont \u00e9mis dans la cavit\u00e9 pall\u00e9ale et suivent le courant d&rsquo;eau ventilatoire qui les \u00e9vacue dans l&rsquo;eau environnante. Ils sont emport\u00e9s par l&rsquo;eau entrant dans la cavit\u00e9 pall\u00e9ale des individus voisins en phase femelle.<br \/>\nLa f\u00e9condation se d\u00e9roule alors dans la chambre inhalante des individus en phase femelle, ainsi que le d\u00e9but du d\u00e9veloppement.<\/p>\n<p>La Patelle pratique \u00e9galement l&rsquo;hermaphrodisme successif, les individus jeunes sont en phase m\u00e2le et les individus \u00e2g\u00e9s en phase femelle.<br \/>\nLes gam\u00e8tes sont lib\u00e9r\u00e9s dans l&rsquo;eau de mer o\u00f9 se d\u00e9roule la f\u00e9condation.<\/p>\n<p>Ainsi, la reproduction sexu\u00e9e implique g\u00e9n\u00e9ralement une f\u00e9condation externe, le transport et la rencontre des gam\u00e8tes \u00e9tant confi\u00e9s au milieu environnant.<br \/>\nElle est parfois abrit\u00e9e par la cavit\u00e9 pall\u00e9ale, exploitant la proximit\u00e9 des individus en phase femelle et en phase m\u00e2les, le transfert des gam\u00e8tes m\u00e2les \u00e9tant r\u00e9alis\u00e9 par le milieu environnant.<\/p>\n<p>De m\u00eame que les fonctions v\u00e9g\u00e9tatives, la fonction de reproduction des Eumollusques est affect\u00e9e par la vie fix\u00e9e. D\u00e9pendant de facteurs externes comme la temp\u00e9rature et la salinit\u00e9 de l&rsquo;eau, ou la disponibilit\u00e9 de la nourriture, auxquels les individus ne peuvent se soustraire, la gam\u00e9togen\u00e8se intervient lorsque les conditions sont favorables, de m\u00eame que le changement de sexe.<br \/>\nDes interruptions se produisent lorsque les conditions deviennent d\u00e9favorables.<\/p>\n<p>Comment \u00e9voluent les zygotes issus de la f\u00e9condation ?<\/p>\n<\/section>\n<section class=\"sect2\" id=\"d0e10133\">\n<h3 class=\"title\">Alterner des phases de vie libre et de vie fix\u00e9e<\/h3>\n<p> &nbsp; <\/p>\n<figure id=\"d0e10136\"\nclass=\"img\"\ntitle=\"Figure\u00a013.\u00a0Larve v\u00e9lig\u00e8re d\u2019Hu\u00eetre en montage in toto (Collection de l\u2019Universit\u00e9 Jean Monnet)\"><\/p>\n<div class=\"figure\">\n<figure style=\"width: 300px\" class=\"wp-caption alignnone\"><a rel=\"lightbox\" href=\"\/documents\/images\/PetitesQuestionsDePhysiologie\/2019\/media\/images\/24_figure_13.jpg\"><img decoding=\"async\" src=\"\/documents\/images\/PetitesQuestionsDePhysiologie\/2019\/media\/images\/24_figure_13.jpg\" width=\"300\" \" alt=\"Larve v\u00e9lig\u00e8re d\u2019Hu\u00eetre en montage in toto (Collection de l\u2019Universit\u00e9 Jean Monnet)\" class=\"size-medium\" \/><figcaption class=\"wp-caption-text\">Figure\u00a013.\u00a0Larve v\u00e9lig\u00e8re d\u2019Hu\u00eetre en montage <em>in toto<\/em> (Collection de l\u2019Universit\u00e9 Jean Monnet)  <\/a><\/figcaption><\/figure>\n<\/div>\n<div class=\"copyright\">\n<p>Copyright : 2019 &#8211; Cassandra Batin ; Antoine Chapelon<\/p>\n<\/div>\n<div class=\"legalnotice\" title=\"Note L\u00e9gale\">\n<p> Cette illustration est mise \u00e0 disposition selon les termes de la Licence Creative Commons Attribution &#8211; Pas d&rsquo;Utilisation Commerciale &#8211; Partage dans les m\u00eames conditions 4.0 International.<span class=\"inlinemediaobject\"><br \/>\n<img decoding=\"async\" class=\"ccimage\" src=\"\/documents\/images\/PetitesQuestionsDePhysiologie\/2019\/media\/images\/00_licence.png\" width=\"50\"\/> <\/span> <\/p>\n<\/div>\n<\/figure>\n<p><\/p>\n<p>Chez les Bivalves, le d\u00e9veloppement embryonnaire dure de 24 \u00e0 60&nbsp;h. Il prend fin avec l&rsquo;\u00e9closion qui lib\u00e8re une larve dite trochophore.<br \/>\nDe forme approximativement ovale, la larve trochophore porte une couronne de cils ant\u00e9rieure et parfois une touffe cili\u00e9e apicale lui permettant de se d\u00e9placer. Elle poss\u00e8de une glande coquilli\u00e8re produisant une \u00e9bauche de coquille et un tube digestif complet.<br \/>\nPlanctonique, elle \u00e9volue progressivement en larve v\u00e9lig\u00e8re, stade atteint en 24 \u00e0 48&nbsp;h.<br \/>\nLa larve v\u00e9lig\u00e8re pr\u00e9sente une coquille form\u00e9e de deux valves reli\u00e9es par une charni\u00e8re et une expansion cili\u00e9e, le v\u00e9lum, \u00e0 l&rsquo;aide duquel elle se d\u00e9place et capte le plancton dont elle se nourrit. Apr\u00e8s 18 \u00e0 30 jours, la larve d\u00e9veloppe un pied et des \u00e9bauches de branchies, se transformant en larve p\u00e9div\u00e9lig\u00e8re. Des taches ocellaires apparaissent \u00e9galement chez l&rsquo;Hu\u00eetre.<br \/>\nLa larve gagne le fond et devient benthique. Elle se d\u00e9place au niveau du substrat gr\u00e2ce \u00e0 son pied, ou dans l&rsquo;eau gr\u00e2ce \u00e0 son v\u00e9lum, \u00e0 la recherche d&rsquo;un site de fixation \u00e0 l&rsquo;aide de ses structures sensorielles.<br \/>\nUne fois un substrat favorable trouv\u00e9, la larve p\u00e9div\u00e9lig\u00e8re de Moule produit du byssus alors que la larve p\u00e9div\u00e9lig\u00e8re d&rsquo;Hu\u00eetre \u00e9labore du ciment, sur lequel elle place sa valve gauche.<\/p>\n<p>La fixation est suivie d&rsquo;une profonde modification de l&rsquo;organisation corporelle, impliquant notamment le d\u00e9veloppement des branchies et des palpes labiaux, ainsi que la r\u00e9gression du v\u00e9lum voire du pied chez l&rsquo;Hu\u00eetre.<br \/>\nAppel\u00e9e m\u00e9tamorphose, elle transforme la larve en individu juv\u00e9nile semblable \u00e0 l&rsquo;adulte par son organisation et son mode de vie. Ce stade est appel\u00e9 naissain dans le contexte de la conchyliculture. <\/p>\n<p>Apr\u00e8s une p\u00e9riode de croissance de plusieurs mois, la maturit\u00e9 sexuelle est atteinte.<\/p>\n<p>Le d\u00e9veloppement de la Patelle est semblable \u00e0 celui d\u00e9crit pour les Bivalves.<\/p>\n<p> &nbsp; <\/p>\n<figure id=\"d0e10173\"\nclass=\"img\"\ntitle=\"Figure\u00a014.\u00a0Cycle de vie des Eumollusques fix\u00e9s\"><\/p>\n<div class=\"figure\">\n<figure style=\"width: 300px\" class=\"wp-caption alignnone\"><a rel=\"lightbox\" href=\"\/documents\/images\/PetitesQuestionsDePhysiologie\/2019\/media\/images\/24_figure_14.jpg\"><img decoding=\"async\" src=\"\/documents\/images\/PetitesQuestionsDePhysiologie\/2019\/media\/images\/24_figure_14.jpg\" width=\"300\" \" alt=\"Cycle de vie des Eumollusques fix\u00e9s\" class=\"size-medium\" \/><figcaption class=\"wp-caption-text\">Figure\u00a014.\u00a0Cycle de vie des Eumollusques fix\u00e9s  <\/a><\/figcaption><\/figure>\n<\/div>\n<div class=\"copyright\">\n<p>Copyright : 2019 &#8211; Cassandra Batin ; Antoine Chapelon<\/p>\n<\/div>\n<div class=\"legalnotice\" title=\"Note L\u00e9gale\">\n<p> Cette illustration est mise \u00e0 disposition selon les termes de la Licence Creative Commons Attribution &#8211; Pas d&rsquo;Utilisation Commerciale &#8211; Partage dans les m\u00eames conditions 4.0 International.<span class=\"inlinemediaobject\"><br \/>\n<img decoding=\"async\" class=\"ccimage\" src=\"\/documents\/images\/PetitesQuestionsDePhysiologie\/2019\/media\/images\/00_licence.png\" width=\"50\"\/> <\/span> <\/p>\n<\/div>\n<\/figure>\n<p><\/p>\n<p>Finalement, le cycle de vie des Eumollusques menant une vie fix\u00e9e comporte deux formes successives dont les modes de vie et les dur\u00e9es diff\u00e8rent.<br \/>\nLes stades juv\u00e9nile et adulte sont caract\u00e9ris\u00e9s par un mode de vie s\u00e9dentaire et une dur\u00e9e moyenne de 4 ans pour la Moule, de 20 ans pour l&rsquo;Hu\u00eetre et 15 ans pour la Patelle.<br \/>\nLe stade larvaire poss\u00e8de en revanche un mode de vie planctonique et une dur\u00e9e moyenne de quelques semaines.<br \/>\nLes deux formes du cycle de vie occupent des niches \u00e9cologiques distinctes et n&rsquo;entrent pas en comp\u00e9tition l&rsquo;une avec l&rsquo;autre.<\/p>\n<p>En relation avec ses particularit\u00e9s, la larve mobile est responsable de la diss\u00e9mination et de la colonisation de nouveaux sites, du fait du hasard et\/ou d&rsquo;une s\u00e9lection par les structures sensorielles, alors que le juv\u00e9nile r\u00e9alise la croissance et l&rsquo;adulte la reproduction.<\/p>\n<p>Cependant la transition entre la forme larvaire mobile et la forme juv\u00e9niles fix\u00e9e implique une transformation profonde de l&rsquo;organisme accompagnant le changement de niche \u00e9cologique et est \u00e0 l&rsquo;origine d&rsquo;une mortalit\u00e9 importante.<\/p>\n<p> &nbsp; <\/p>\n<figure id=\"d0e10205\"\nclass=\"img\"\ntitle=\"Figure\u00a015.\u00a0Larve glochidium de Moule d'eau douce, montage in toto (Collection de l\u2019Universit\u00e9 de Lorraine)\"><\/p>\n<div class=\"figure\">\n<figure style=\"width: 300px\" class=\"wp-caption alignnone\"><a rel=\"lightbox\" href=\"\/documents\/images\/PetitesQuestionsDePhysiologie\/2019\/media\/images\/24_figure_15.jpg\"><img decoding=\"async\" src=\"\/documents\/images\/PetitesQuestionsDePhysiologie\/2019\/media\/images\/24_figure_15.jpg\" width=\"300\" \" alt=\"Larve glochidium de Moule d'eau douce, montage in toto (Collection de l\u2019Universit\u00e9 de Lorraine)\" class=\"size-medium\" \/><figcaption class=\"wp-caption-text\">Figure\u00a015.\u00a0Larve glochidium de Moule d&rsquo;eau douce, montage <em>in toto<\/em> (Collection de l\u2019Universit\u00e9 de Lorraine)  <\/a><\/figcaption><\/figure>\n<\/div>\n<div class=\"copyright\">\n<p>Copyright : 2019 &#8211; Cassandra Batin ; Antoine Chapelon ; Sandrine Heusser<\/p>\n<\/div>\n<div class=\"legalnotice\" title=\"Note L\u00e9gale\">\n<p> Cette illustration est mise \u00e0 disposition selon les termes de la Licence Creative Commons Attribution &#8211; Pas d&rsquo;Utilisation Commerciale &#8211; Partage dans les m\u00eames conditions 4.0 International.<span class=\"inlinemediaobject\"><br \/>\n<img decoding=\"async\" class=\"ccimage\" src=\"\/documents\/images\/PetitesQuestionsDePhysiologie\/2019\/media\/images\/00_licence.png\" width=\"50\"\/> <\/span> <\/p>\n<\/div>\n<\/figure>\n<p><\/p>\n<p>La Moule perli\u00e8re d\u2019eau douce, comme les autres esp\u00e8ces appartenant au groupe des Bivalves uniono\u00efdes, m\u00e8ne une vie s\u00e9dentaire \u00e0 l&rsquo;\u00e2ge adulte mais ne poss\u00e8de pas de dispositif de fixation et est susceptible de se d\u00e9placer. <\/p>\n<p>La reproduction sexu\u00e9e est r\u00e9alis\u00e9e de la m\u00eame mani\u00e8re que pour l&rsquo;Hu\u00eetre plate.<br \/>\nL&rsquo;\u00e9closion lib\u00e8re une forme larvaire originale, appel\u00e9e glochidium. Elle poss\u00e8de une coquille form\u00e9e de deux valves r\u00e9unies par une charni\u00e8re et munies de crochets ainsi qu&rsquo;un filament adh\u00e9sif. Ces structures lui permettent de se fixer dans les branchies d&rsquo;un T\u00e9l\u00e9ost\u00e9en comme la Truite ou le Saumon sur lequel elle se d\u00e9veloppe en parasite.<br \/>\nAu terme du d\u00e9veloppement post-embryonnaire, la larve glochidium se transforme en juv\u00e9nile et quitte sont h\u00f4te.<\/p>\n<p>Le cycle de vie des Unionid\u00e9s comporte donc deux formes successives dont les modes de vie sont distincts. \u00c0 l&rsquo;inverse des cas d\u00e9crits pr\u00e9c\u00e9demment, la forme fix\u00e9e correspond au stade larvaire alors que la forme libre correspond aux stades juv\u00e9nile et adulte.<\/p>\n<\/section>\n<p> &nbsp; <\/p>\n<footer>\n<hr \/>\n<table style=\"width: 100%; \">\n<tr>\n<td style=\"width: 40%; text-align: left; \">\n<a href=\"\/codex\/petites-questions-de-physiologie\/petites-questions-de-physiologie-animale-2019-ouvrage\/vivre-fixe-une-adaptation-des-fonctions-vegetatives\" title=\"Vivre fix\u00e9 : une adaptation des fonctions v\u00e9g\u00e9tatives\">Pr\u00e9c\u00e9dent<\/a>\u00a0<\/td>\n<td style=\"width: 20%; text-align: center; \">\n<a href=\"\/codex\/petites-questions-de-physiologie\/petites-questions-de-physiologie-animale-2019-ouvrage\/vivre-fixe-a-partir-de-lexemple-des-eumollusques-introduction\" title=\"Vivre fix\u00e9 \u00e0 partir de l\u2019exemple des Eumollusques : introduction\">Niveau sup\u00e9rieur<\/a>\n<\/td>\n<td style=\"width: 40%; text-align: right; \">\u00a0<a href=\"\/codex\/petites-questions-de-physiologie\/petites-questions-de-physiologie-animale-2019-ouvrage\/vivre-fixe-a-partir-de-lexemple-des-eumollusques-conclusion\" title=\"Vivre fix\u00e9 \u00e0 partir de l\u2019exemple des Eumollusques : conclusion\">Suivant<\/a>\n<\/td>\n<\/tr>\n<tr>\n<td style=\"width: 40%; text-align: left; vertical-align: top; \">Vivre fix\u00e9 : une adaptation des fonctions v\u00e9g\u00e9tatives\u00a0<\/td>\n<td style=\"width: 20%; text-align: center; \">\n<a href=\"\/codex\/petites-questions-de-physiologie\/petites-questions-de-physiologie-animale-2019-ouvrage\" title=\"Petites questions de physiologie animale 2019 : ouvrage\">Sommaire<\/a>\n<\/td>\n<td style=\"width: 40%; text-align: right; vertical-align: top; \">\u00a0Conclusion<\/td>\n<\/tr>\n<\/table>\n<\/footer>\n","protected":false},"excerpt":{"rendered":"<p>Vivre fix\u00e9 : une adaptation de la fonction de reproduction Pr\u00e9c\u00e9dent\u00a0 Vivre fix\u00e9 \u00e0 partir de l&rsquo;exemple des Eumollusques Suivant &nbsp; Les Eumollusques sont des animaux r\u00e9alisant une reproduction sexu\u00e9e. Les individus adultes sont g\u00e9n\u00e9ralement diplo\u00efdes. Ils produisent des gam\u00e8tes haplo\u00efdes de types compl\u00e9mentaires, les ovules femelles, et les spermatozo\u00efdes m\u00e2les. La fusion de deux [&hellip;]<\/p>\n","protected":false},"author":2,"featured_media":0,"parent":13169,"menu_order":64,"comment_status":"closed","ping_status":"closed","template":"","meta":{"site-sidebar-layout":"default","site-content-layout":"","ast-site-content-layout":"default","site-content-style":"default","site-sidebar-style":"default","ast-global-header-display":"","ast-banner-title-visibility":"","ast-main-header-display":"","ast-hfb-above-header-display":"","ast-hfb-below-header-display":"","ast-hfb-mobile-header-display":"","site-post-title":"","ast-breadcrumbs-content":"","ast-featured-img":"","footer-sml-layout":"","ast-disable-related-posts":"","theme-transparent-header-meta":"","adv-header-id-meta":"","stick-header-meta":"","header-above-stick-meta":"","header-main-stick-meta":"","header-below-stick-meta":"","astra-migrate-meta-layouts":"default","ast-page-background-enabled":"default","ast-page-background-meta":{"desktop":{"background-color":"var(--ast-global-color-4)","background-image":"","background-repeat":"repeat","background-position":"center center","background-size":"auto","background-attachment":"scroll","background-type":"","background-media":"","overlay-type":"","overlay-color":"","overlay-opacity":"","overlay-gradient":""},"tablet":{"background-color":"","background-image":"","background-repeat":"repeat","background-position":"center center","background-size":"auto","background-attachment":"scroll","background-type":"","background-media":"","overlay-type":"","overlay-color":"","overlay-opacity":"","overlay-gradient":""},"mobile":{"background-color":"","background-image":"","background-repeat":"repeat","background-position":"center center","background-size":"auto","background-attachment":"scroll","background-type":"","background-media":"","overlay-type":"","overlay-color":"","overlay-opacity":"","overlay-gradient":""}},"ast-content-background-meta":{"desktop":{"background-color":"var(--ast-global-color-5)","background-image":"","background-repeat":"repeat","background-position":"center center","background-size":"auto","background-attachment":"scroll","background-type":"","background-media":"","overlay-type":"","overlay-color":"","overlay-opacity":"","overlay-gradient":""},"tablet":{"background-color":"var(--ast-global-color-5)","background-image":"","background-repeat":"repeat","background-position":"center center","background-size":"auto","background-attachment":"scroll","background-type":"","background-media":"","overlay-type":"","overlay-color":"","overlay-opacity":"","overlay-gradient":""},"mobile":{"background-color":"var(--ast-global-color-5)","background-image":"","background-repeat":"repeat","background-position":"center center","background-size":"auto","background-attachment":"scroll","background-type":"","background-media":"","overlay-type":"","overlay-color":"","overlay-opacity":"","overlay-gradient":""}},"footnotes":""},"class_list":["post-14091","page","type-page","status-publish","hentry"],"aioseo_notices":[],"jetpack_sharing_enabled":true,"_links":{"self":[{"href":"https:\/\/codexvirtualis.fr\/codex\/wp-json\/wp\/v2\/pages\/14091","targetHints":{"allow":["GET"]}}],"collection":[{"href":"https:\/\/codexvirtualis.fr\/codex\/wp-json\/wp\/v2\/pages"}],"about":[{"href":"https:\/\/codexvirtualis.fr\/codex\/wp-json\/wp\/v2\/types\/page"}],"author":[{"embeddable":true,"href":"https:\/\/codexvirtualis.fr\/codex\/wp-json\/wp\/v2\/users\/2"}],"replies":[{"embeddable":true,"href":"https:\/\/codexvirtualis.fr\/codex\/wp-json\/wp\/v2\/comments?post=14091"}],"version-history":[{"count":4,"href":"https:\/\/codexvirtualis.fr\/codex\/wp-json\/wp\/v2\/pages\/14091\/revisions"}],"predecessor-version":[{"id":14240,"href":"https:\/\/codexvirtualis.fr\/codex\/wp-json\/wp\/v2\/pages\/14091\/revisions\/14240"}],"up":[{"embeddable":true,"href":"https:\/\/codexvirtualis.fr\/codex\/wp-json\/wp\/v2\/pages\/13169"}],"wp:attachment":[{"href":"https:\/\/codexvirtualis.fr\/codex\/wp-json\/wp\/v2\/media?parent=14091"}],"curies":[{"name":"wp","href":"https:\/\/api.w.org\/{rel}","templated":true}]}}