{"id":14070,"date":"2021-08-03T10:30:09","date_gmt":"2021-08-03T08:30:09","guid":{"rendered":"https:\/\/codexvirtualis.fr\/codex\/?page_id=14070"},"modified":"2021-08-04T17:55:39","modified_gmt":"2021-08-04T15:55:39","slug":"vivre-fixe-posseder-un-dispositif-de-liaison-avec-le-substrat","status":"publish","type":"page","link":"https:\/\/codexvirtualis.fr\/codex\/petites-questions-de-physiologie\/petites-questions-de-physiologie-animale-2019-ouvrage\/vivre-fixe-posseder-un-dispositif-de-liaison-avec-le-substrat","title":{"rendered":"Vivre fix\u00e9 : poss\u00e9der un dispositif de liaison avec le substrat"},"content":{"rendered":"<header>\n<table style=\"width: 100%; \">\n<tr>\n<th style=\"text-align: center; \" colspan=\"3\">Vivre fix\u00e9 : poss\u00e9der un dispositif de liaison avec le substrat<\/th>\n<\/tr>\n<tr>\n<td style=\"width: 20%; text-align: left; \">\n<a href=\"\/codex\/petites-questions-de-physiologie\/petites-questions-de-physiologie-animale-2019-ouvrage\/vivre-fixe-a-partir-de-lexemple-des-eumollusques-introduction\" title=\"Vivre fix\u00e9 \u00e0 partir de l\u2019exemple des Eumollusques : introduction\">Pr\u00e9c\u00e9dent<\/a><\/td>\n<th style=\"width: 60%; text-align: center; \">Vivre fix\u00e9 \u00e0 partir de l&rsquo;exemple des Eumollusques<\/th>\n<td style=\"width: 20%; text-align: right; \"><a href=\"\/codex\/petites-questions-de-physiologie\/petites-questions-de-physiologie-animale-2019-ouvrage\/vivre-fixe-une-adaptation-des-fonctions-vegetatives\" title=\"Vivre fix\u00e9 : une adaptation des fonctions v\u00e9g\u00e9tatives\">Suivant<\/a>\n<\/td>\n<\/tr>\n<\/table>\n<hr \/>\n<\/header>\n<p> &nbsp; <\/p>\n<section class=\"sect1\" id=\"d0e9554\">\n<p>Les Eumollusques menant une vie fix\u00e9e sont pour la plupart des repr\u00e9sentants des groupes des Bivalves et des Gast\u00e9ropodes. Les exemples de la Moule, de l&rsquo;Hu\u00eetre et de la Patelle sont repr\u00e9sentatifs des diverses modalit\u00e9s de fixation sur le substrat.<\/p>\n<\/section>\n<section class=\"sect2\" id=\"d0e9559\">\n<h3 class=\"title\">Le byssus : des filaments r\u00e9sistants et \u00e9lastiques termin\u00e9s par un disque adh\u00e9sif<\/h3>\n<p> &nbsp; <\/p>\n<figure id=\"d0e9562\" \nclass=\"img\" \ntitle=\"Figure\u00a02.\u00a0Byssus de Moule\"><\/p>\n<div class=\"figure\">\n<figure style=\"width: 300px\" class=\"wp-caption alignnone\"><a rel=\"lightbox\" href=\"\/documents\/images\/PetitesQuestionsDePhysiologie\/2019\/media\/images\/24_figure_02.jpg\"><img decoding=\"async\" src=\"\/documents\/images\/PetitesQuestionsDePhysiologie\/2019\/media\/images\/24_figure_02.jpg\" width=\"300\" \" alt=\"Byssus de Moule\" class=\"size-medium\" \/><figcaption class=\"wp-caption-text\">Figure\u00a02.\u00a0Byssus de Moule  <\/a><\/figcaption><\/figure>\n<\/div>\n<div class=\"copyright\">\n<p>Copyright : 2019 &#8211; Cassandra Batin ; Antoine Chapelon ; Sylvain Maia ; Manon Quiblier ; Sandrine Heusser<\/p>\n<\/div>\n<div class=\"legalnotice\" title=\"Note L\u00e9gale\">\n<p> Cette illustration est mise \u00e0 disposition selon les termes de la Licence Creative Commons Attribution &#8211; Pas d&rsquo;Utilisation Commerciale &#8211; Partage dans les m\u00eames conditions 4.0 International.<span class=\"inlinemediaobject\"><br \/>\n<img decoding=\"async\" class=\"ccimage\" src=\"\/documents\/images\/PetitesQuestionsDePhysiologie\/2019\/media\/images\/00_licence.png\" width=\"50\"\/> <\/span> <\/p>\n<\/div>\n<\/figure>\n<p><\/p>\n<p>La Moule (<span class=\"emphasis\"><em>Mytilus edulis<\/em><\/span>) vit fix\u00e9e sur les rochers dans la zone intertidale, soumise aux mar\u00e9es. Elle y adh\u00e8re par un ensemble de filaments rigides mais \u00e9lastiques, portant \u00e0 leur extr\u00e9mit\u00e9 libre un disque adh\u00e9sif. Il \u00e9merge entre les deux valves de la coquille sur la face ventrale de l&rsquo;animal et porte le nom de byssus (du grec <span class=\"emphasis\"> <em>bussons<\/em> <\/span>, \u00ab lin fin \u00bb). <\/p>\n<p>Le byssus est form\u00e9 de 50 \u00e0 100 filaments entour\u00e9s d\u2019une cuticule prot\u00e9ique, rigide mais extensible.<br \/>\nChaque filament est compos\u00e9 de fibres de collag\u00e8ne, associ\u00e9es \u00e0 de l&rsquo;\u00e9lastine dans sa r\u00e9gion proximale, proche du corps, et reli\u00e9es par des ponts transversaux dans sa r\u00e9gion distale, proche du disque adh\u00e9sif.<br \/>\nEn cons\u00e9quence, la r\u00e9gion proximale des filaments est \u00e9lastique et la r\u00e9gion distale rigide et peu d\u00e9formable. Les filaments du byssus amortissent ainsi la force des vagues et assurent un ancrage solide sur le substrat.<br \/>\nIls sont en outre prot\u00e9g\u00e9s de l&rsquo;abrasion par la cuticule les enveloppant. <\/p>\n<p>Le disque adh\u00e9sif est quant \u00e0 lui compos\u00e9 de prot\u00e9ines agenc\u00e9es en r\u00e9seau du fait de liaisons intermol\u00e9culaires. Une telle organisation augmente l&rsquo;adh\u00e9rence mais surtout la r\u00e9sistance.<\/p>\n<p>Quelle est l&rsquo;origine du byssus ?<\/p>\n<p> &nbsp; <\/p>\n<figure id=\"d0e9608\"\nclass=\"img\"\ntitle=\"Figure\u00a03.\u00a0Anatomie de la Moule en vue ventrale\"><\/p>\n<div class=\"figure\">\n<figure style=\"width: 300px\" class=\"wp-caption alignnone\"><a rel=\"lightbox\" href=\"\/documents\/images\/PetitesQuestionsDePhysiologie\/2019\/media\/images\/24_figure_03.jpg\"><img decoding=\"async\" src=\"\/documents\/images\/PetitesQuestionsDePhysiologie\/2019\/media\/images\/24_figure_03.jpg\" width=\"300\" \" alt=\"Anatomie de la Moule en vue ventrale\" class=\"size-medium\" \/><figcaption class=\"wp-caption-text\">Figure\u00a03.\u00a0Anatomie de la Moule en vue ventrale  <\/a><\/figcaption><\/figure>\n<\/div>\n<div class=\"copyright\">\n<p>Copyright : 2019 &#8211; Cassandra Batin ; Manon Quiblier ; Sandrine Heusser<\/p>\n<\/div>\n<div class=\"legalnotice\" title=\"Note L\u00e9gale\">\n<p> Cette illustration est mise \u00e0 disposition selon les termes de la Licence Creative Commons Attribution &#8211; Pas d&rsquo;Utilisation Commerciale &#8211; Partage dans les m\u00eames conditions 4.0 International.<span class=\"inlinemediaobject\"><br \/>\n<img decoding=\"async\" class=\"ccimage\" src=\"\/documents\/images\/PetitesQuestionsDePhysiologie\/2019\/media\/images\/00_licence.png\" width=\"50\"\/> <\/span> <\/p>\n<\/div>\n<\/figure>\n<p><\/p>\n<p>Ventralement, les deux valves de la coquille sont libres. Le manteau de la Moule st form\u00e9 de deux lobes soud\u00e9s dorsalement et libres ventralement. Chacun court sur la face interne d&rsquo;une des valves de la coquille et ensemble ils d\u00e9limitent la cavit\u00e9 pall\u00e9ale.<\/p>\n<p>La cavit\u00e9 pall\u00e9ale abrite deux paires de branchies lamelleuses lat\u00e9rales. La r\u00e9gion ventrale de la masse visc\u00e9rale pr\u00e9sente de l&rsquo;avant vers l&rsquo;arri\u00e8re la bouche entour\u00e9e de quatre palpes labiaux, le pied portant \u00e0 sa base un renflement muni d&rsquo;un orifice d&rsquo;o\u00f9 \u00e9mergent les filaments du byssus et une bosse dite de Polichinelle abritant les gonades.<\/p>\n<p>Les filaments du byssus sont donc en relation avec un renflement situ\u00e9 \u00e0 la base du pied, ouvert sur la cavit\u00e9 pall\u00e9ale par un orifice.<br \/>\nIl s&rsquo;agit de la glande byssog\u00e8ne. <\/p>\n<p> &nbsp; <\/p>\n<figure id=\"d0e9642\"\nclass=\"img\"\ntitle=\"Figure\u00a04.\u00a0Glande byssog\u00e8ne de Moule en coupe longitudinale (Collection de l\u2019ENS de Lyon)\"><\/p>\n<div class=\"figure\">\n<figure style=\"width: 300px\" class=\"wp-caption alignnone\"><a rel=\"lightbox\" href=\"\/documents\/images\/PetitesQuestionsDePhysiologie\/2019\/media\/images\/24_figure_04.jpg\"><img decoding=\"async\" src=\"\/documents\/images\/PetitesQuestionsDePhysiologie\/2019\/media\/images\/24_figure_04.jpg\" width=\"300\" \" alt=\"Glande byssog\u00e8ne de Moule en coupe longitudinale (Collection de l\u2019ENS de Lyon)\" class=\"size-medium\" \/><figcaption class=\"wp-caption-text\">Figure\u00a04.\u00a0Glande byssog\u00e8ne de Moule en coupe longitudinale (Collection de l\u2019ENS de Lyon)  <\/a><\/figcaption><\/figure>\n<\/div>\n<div class=\"copyright\">\n<p>Copyright : 2019 &#8211; Cassandra Batin ; Sylvain Maia ; Sandrine Heusser<\/p>\n<\/div>\n<div class=\"legalnotice\" title=\"Note L\u00e9gale\">\n<p> Cette illustration est mise \u00e0 disposition selon les termes de la Licence Creative Commons Attribution &#8211; Pas d&rsquo;Utilisation Commerciale &#8211; Partage dans les m\u00eames conditions 4.0 International.<span class=\"inlinemediaobject\"><br \/>\n<img decoding=\"async\" class=\"ccimage\" src=\"\/documents\/images\/PetitesQuestionsDePhysiologie\/2019\/media\/images\/00_licence.png\" width=\"50\"\/> <\/span> <\/p>\n<\/div>\n<\/figure>\n<p><\/p>\n<p>La glande byssog\u00e8ne est constitu\u00e9e d&rsquo;unit\u00e9s s\u00e9cr\u00e9trices tubuleuses form\u00e9es par les replis d&rsquo;un \u00e9pith\u00e9lium s\u00e9cr\u00e9teur, soutenus par du tissu conjonctif fibreux. Simple et prismatique, il est form\u00e9 de cellules s\u00e9cr\u00e9trices s\u00e9reuses et cili\u00e9es.<br \/>\nLes produits synth\u00e9tis\u00e9s, prot\u00e9ines et mucopolysaccharides, sont d\u00e9vers\u00e9s dans la lumi\u00e8re des unit\u00e9s s\u00e9cr\u00e9trices o\u00f9 elles forment des filaments achemin\u00e9s vers le canal de la glande gr\u00e2ce aux battements de la ciliature des cellules s\u00e9cr\u00e9trices.<br \/>\nIls constituent la racine du byssus. <\/p>\n<p>Le sillon du pied est bord\u00e9 trois types de glandes produisant le collag\u00e8ne du c\u0153ur des filaments du byssus, les compos\u00e9s ph\u00e9noliques impliqu\u00e9s dans la formation du disque adh\u00e9sif, et les constituants de la cuticule. Elles lib\u00e8rent leurs s\u00e9cr\u00e9tions dans le sillon sous forme de solution visqueuse.<br \/>\nLe pied assure leur modelage en filaments, reli\u00e9s \u00e0 la racine du byssus par du collag\u00e8ne, ainsi que leur positionnement et leur fixation. L&rsquo;extr\u00e9mit\u00e9 du pied est pos\u00e9e \u00e0 la surface du substrat puis sa r\u00e9gion centrale est soulev\u00e9e, ce qui provoque la formation d&rsquo;une cavit\u00e9 et g\u00e9n\u00e8re une d\u00e9pression \u00e0 l&rsquo;origine d&rsquo;une adh\u00e9rence temporaire.<br \/>\nDes prot\u00e9ines, d\u00e9sign\u00e9es par l&rsquo;acronyme mfp (<span class=\"emphasis\"><em>mussel foot protein<\/em><\/span>), sont alors d\u00e9vers\u00e9es dans la cavit\u00e9 et adsorb\u00e9es sur le substrat. Parmi elles, les mpf-3 et mpf-5 sont riches en tyrosine, acide amin\u00e9 oxyd\u00e9 en dihydroxyph\u00e9nylalanine (DOPA) par une enzyme, la tyrosine oxydase. La DOPA permet l&rsquo;adh\u00e9rence au substrat mais en pr\u00e9sence de dioxyg\u00e8ne, elle subit une transformation en DOPAquinone. La DOPAquinone contribue \u00e0 la formation d&rsquo;un r\u00e9seau prot\u00e9ique, responsable de la coh\u00e9sion des mol\u00e9cules dans le disque adh\u00e9sif mais ne poss\u00e8de pas de propri\u00e9t\u00e9 adh\u00e9sive. La prot\u00e9ine mpf-6, riche en groupements thiols, a une fonction antioxydante et limite la formation de DOPAquinone.<br \/>\nAinsi un compromis entre adh\u00e9rence et solidit\u00e9 du disque est \u00e9tabli. Une fois le disque adh\u00e9sif assembl\u00e9 et consolid\u00e9, l&rsquo;extr\u00e9mit\u00e9 du pied est retir\u00e9e et la cuticule d\u00e9pos\u00e9e. <\/p>\n<p>La fixation de la Moule implique donc des prot\u00e9ines adh\u00e9sives, contenant de la DOPA, organis\u00e9es en r\u00e9seau, et formant un disque dont la surface en contact avec le substrat est relativement importante. Le disque est reli\u00e9 au corps par l&rsquo;interm\u00e9diaires de filaments de collag\u00e8ne \u00e0 la fois rigides et \u00e9lastiques, prot\u00e9g\u00e9s par une cuticule, en continuit\u00e9 avec une racine fibreuse. <\/p>\n<p>Pour autant, la fixation de la Moule n\u2019est pas d\u00e9finitive : elle est capable de rompre son ancrage, de se d\u00e9placer et de se fixer \u00e0 nouveau. <\/p>\n<p>D&rsquo;autres Bivalves comme l&rsquo;Hu\u00eetre semblent pos\u00e9s sur le substrat mais y sont \u00e9galement solidement fix\u00e9s.<\/p>\n<p>Comment la fixation est-elle r\u00e9alis\u00e9e dans ce cas ?<\/p>\n<\/section>\n<section class=\"sect2\" id=\"d0e9687\">\n<h3 class=\"title\">La coquille  : une valve ciment\u00e9e au substrat<\/h3>\n<p> &nbsp; <\/p>\n<figure id=\"d0e9690\" \nclass=\"img\" \ntitle=\"Figure\u00a05.\u00a0Hu\u00eetre en vue lat\u00e9rale\"><\/p>\n<div class=\"figure\">\n<figure style=\"width: 300px\" class=\"wp-caption alignnone\"><a rel=\"lightbox\" href=\"\/documents\/images\/PetitesQuestionsDePhysiologie\/2019\/media\/images\/24_figure_05.jpg\"><img decoding=\"async\" src=\"\/documents\/images\/PetitesQuestionsDePhysiologie\/2019\/media\/images\/24_figure_05.jpg\" width=\"300\" \" alt=\"Hu\u00eetre en vue lat\u00e9rale\" class=\"size-medium\" \/><figcaption class=\"wp-caption-text\">Figure\u00a05.\u00a0Hu\u00eetre en vue lat\u00e9rale  <\/a><\/figcaption><\/figure>\n<\/div>\n<div class=\"copyright\">\n<p>Copyright : 2019 &#8211; Cassandra Batin ; Sandrine Heusser<\/p>\n<\/div>\n<div class=\"legalnotice\" title=\"Note L\u00e9gale\">\n<p> Cette illustration est mise \u00e0 disposition selon les termes de la Licence Creative Commons Attribution &#8211; Pas d&rsquo;Utilisation Commerciale &#8211; Partage dans les m\u00eames conditions 4.0 International.<span class=\"inlinemediaobject\"><br \/>\n<img decoding=\"async\" class=\"ccimage\" src=\"\/documents\/images\/PetitesQuestionsDePhysiologie\/2019\/media\/images\/00_licence.png\" width=\"50\"\/> <\/span> <\/p>\n<\/div>\n<\/figure>\n<p><\/p>\n<p>De m\u00eame que la Moule, l&rsquo;Hu\u00eetre creuse (<span class=\"italic\"><em>Crassostrea gigas<\/em><\/span>) poss\u00e8de une coquille form\u00e9e de deux valves. Elle en diff\u00e8re par le fait que la valve gauche est convexe et la valve droite plate. Elle est en cons\u00e9quence qualifi\u00e9e d&rsquo;in\u00e9quivalve. <\/p>\n<p>L&rsquo;Hu\u00eetre vit fix\u00e9e au substrat rocheux par la valve gauche, un ciment assurant l&rsquo;adh\u00e9rence. <\/p>\n<p>Au moment de la fixation, des glandes localis\u00e9es dans le pied lib\u00e8rent un m\u00e9lange de mucopolysaccharides et de prot\u00e9ines riches en acides amin\u00e9s aromatiques, subissant un tannage quinonique. Il durcit et forme un complexe fibreux soudant la valve gauche au substrat.<br \/>\nDes glandes du manteau prennent ensuite le relais, s\u00e9cr\u00e9tant de m\u00eame des produits durcissant et adoptant une consistance fibreuse.<\/p>\n<p>Apr\u00e8s la fixation, des cristaux de carbonate de calcium et de magn\u00e9sium se forment dans le ciment, les constituants organiques fournissant une surface de nucl\u00e9ation. Les substances min\u00e9rales proviennent vraisemblablement de l&rsquo;eau de mer pr\u00e9sente dans les interstices existant entre la valve gauche et le substrat. <\/p>\n<p>\u00c0 la diff\u00e9rence de la Moule, l&rsquo;Hu\u00eetre est fix\u00e9e par toute la surface d&rsquo;une des valves de sa coquille, et adh\u00e8re au substrat par un ciment organique fibreux impr\u00e9gn\u00e9 de cristaux de nature min\u00e9rale.<\/p>\n<p>La fixation est dans ce cas d\u00e9finitive.<\/p>\n<p>Outre les Bivalves, quelques Gast\u00e9ropodes m\u00e8nent une vie fix\u00e9e. <\/p>\n<p>Quel est leur mode de fixation ?<\/p>\n<\/section>\n<section class=\"sect2\" id=\"d0e9735\">\n<h3 class=\"title\">Le pied : une ventouse impliquant une succion<\/h3>\n<p> &nbsp; <\/p>\n<p>La Patelle (<span class=\"emphasis\"><em>Patella vulgata<\/em><\/span>) est un Gast\u00e9ropode fr\u00e9quemment fix\u00e9 dans la zone intertidale. Seule sa coquille est alors visible.<\/p>\n<p> &nbsp; <\/p>\n<figure id=\"d0e9743\"\nclass=\"img\"\ntitle=\"Figure\u00a06.\u00a0Patelle en coupe longitudinale (Collection de l\u2019ENS de Lyon)\"><\/p>\n<div class=\"figure\">\n<figure style=\"width: 300px\" class=\"wp-caption alignnone\"><a rel=\"lightbox\" href=\"\/documents\/images\/PetitesQuestionsDePhysiologie\/2019\/media\/images\/24_figure_06.jpg\"><img decoding=\"async\" src=\"\/documents\/images\/PetitesQuestionsDePhysiologie\/2019\/media\/images\/24_figure_06.jpg\" width=\"300\" \" alt=\"Patelle en coupe longitudinale (Collection de l\u2019ENS de Lyon)\" class=\"size-medium\" \/><figcaption class=\"wp-caption-text\">Figure\u00a06.\u00a0Patelle en coupe longitudinale (Collection de l\u2019ENS de Lyon)  <\/a><\/figcaption><\/figure>\n<\/div>\n<div class=\"copyright\">\n<p>Copyright : 2019 &#8211; Cassandra Batin ; Sylvain Maia ; Sandrine Heusser<\/p>\n<\/div>\n<div class=\"legalnotice\" title=\"Note L\u00e9gale\">\n<p> Cette illustration est mise \u00e0 disposition selon les termes de la Licence Creative Commons Attribution &#8211; Pas d&rsquo;Utilisation Commerciale &#8211; Partage dans les m\u00eames conditions 4.0 International.<span class=\"inlinemediaobject\"><br \/>\n<img decoding=\"async\" class=\"ccimage\" src=\"\/documents\/images\/PetitesQuestionsDePhysiologie\/2019\/media\/images\/00_licence.png\" width=\"50\"\/> <\/span> <\/p>\n<\/div>\n<\/figure>\n<p><\/p>\n<p>Le corps de la Patelle, prot\u00e9g\u00e9 par une coquille conique, est form\u00e9 d&rsquo;une t\u00eate ant\u00e9rieure, d&rsquo;un pied ventral et d&rsquo;une masse visc\u00e9rale dorsale.<\/p>\n<p> &nbsp; <\/p>\n<figure id=\"d0e9773\"\nclass=\"img\"\ntitle=\"Figure\u00a07.\u00a0Pied de Patelle en coupe longitudinale (Collection de l\u2019ENS de Lyon)\"><\/p>\n<div class=\"figure\">\n<figure style=\"width: 300px\" class=\"wp-caption alignnone\"><a rel=\"lightbox\" href=\"\/documents\/images\/PetitesQuestionsDePhysiologie\/2019\/media\/images\/24_figure_07.jpg\"><img decoding=\"async\" src=\"\/documents\/images\/PetitesQuestionsDePhysiologie\/2019\/media\/images\/24_figure_07.jpg\" width=\"300\" \" alt=\"Pied de Patelle en coupe longitudinale (Collection de l\u2019ENS de Lyon)\" class=\"size-medium\" \/><figcaption class=\"wp-caption-text\">Figure\u00a07.\u00a0Pied de Patelle en coupe longitudinale (Collection de l\u2019ENS de Lyon)  <\/a><\/figcaption><\/figure>\n<\/div>\n<div class=\"copyright\">\n<p>Copyright : 2019 &#8211; Cassandra Batin ; Sylvain Maia ; Sandrine Heusser<\/p>\n<\/div>\n<div class=\"legalnotice\" title=\"Note L\u00e9gale\">\n<p> Cette illustration est mise \u00e0 disposition selon les termes de la Licence Creative Commons Attribution &#8211; Pas d&rsquo;Utilisation Commerciale &#8211; Partage dans les m\u00eames conditions 4.0 International.<span class=\"inlinemediaobject\"><br \/>\n<img decoding=\"async\" class=\"ccimage\" src=\"\/documents\/images\/PetitesQuestionsDePhysiologie\/2019\/media\/images\/00_licence.png\" width=\"50\"\/> <\/span> <\/p>\n<\/div>\n<\/figure>\n<p><\/p>\n<p>Le pied de la Patelle forme une sole de reptation. Il est bord\u00e9 d&rsquo;un \u00e9pith\u00e9lium simple et cili\u00e9, associ\u00e9 \u00e0 des cellules glandulaires. Il est form\u00e9 de tissu conjonctif fibreux parcouru par des muscles transversaux et longitudinaux denses. Les lacunes du tissu conjonctif contiennent de l&rsquo;h\u00e9molymphe, liquide circulant de l&rsquo;organisme.<\/p>\n<p>Le pied est au contact du substrat sur toute sa surface.<br \/>\nLorsqu&rsquo;il est soulev\u00e9 en son centre, du fait de la contraction de la musculature, une cavit\u00e9 est form\u00e9e entre le substrat et la p\u00e9riph\u00e9rie du pied, dans laquelle la pression est inf\u00e9rieure \u00e0 la pression du milieu environnant.<br \/>\nEn cons\u00e9quence, une force d&rsquo;attache est g\u00e9n\u00e9r\u00e9e, pouvant atteindre 100000&nbsp;Newtons.m<sup>-2<\/sup>. La pression atmosph\u00e9rique \u00e9tant de 10<sup>5<\/sup>&nbsp;Pascals ou 100000&nbsp;Newtons\/m<sup>2<\/sup>, avec une pression sous le pied de la Patelle de 0&nbsp;Pascal, la force g\u00e9n\u00e9r\u00e9e est de 100000&nbsp;Newtons.m<sup>-2<\/sup>.<\/p>\n<p>La Patelle r\u00e9alise donc sa fixation par succion et effet ventouse.<\/p>\n<p>Cependant, si ce m\u00e9canisme assure la fixation durant les premi\u00e8res heures, il est suppl\u00e9\u00e9 ensuite par le d\u00e9p\u00f4t d&rsquo;une solution adh\u00e9sive s\u00e9cr\u00e9t\u00e9e par le pied. Il pourrait s&rsquo;agir de mucus associ\u00e9 \u00e0 des mol\u00e9cules adh\u00e9sives ou de tannage.<br \/>\nElle joue le r\u00f4le de joint, et conrtibue \u00e0 l&rsquo;attachement de la p\u00e9riph\u00e9rie du pied au substrat notamment s&rsquo;il est irr\u00e9gulier, par adh\u00e9rence capillaire. Elle pr\u00e9sente vraisemblablement une viscosit\u00e9 variable en fonction des contraintes exerc\u00e9es, permettant une augmentation de l&rsquo;adh\u00e9rence en cas de traction.<\/p>\n<p>Ainsi, la Patelle est fix\u00e9e par effet ventouse et par une solution adh\u00e9sive, les deux processus se succ\u00e9dant ou coexistant. Sa fixation n&rsquo;est pas d\u00e9finitive, elle se d\u00e9tache et se d\u00e9place r\u00e9guli\u00e8rement.<\/p>\n<p>Finalement, les modalit\u00e9s de fixation des Eumollusques sur un substrat solide sont vari\u00e9es. La fixation peut \u00eatre permanente, quasipermanente ou temporaire.<br \/>\nLes processus impliqu\u00e9s sont de deux types : la s\u00e9cr\u00e9tion de substances adh\u00e9sives de nature prot\u00e9ique et mucopolysaccharidique, secondairement min\u00e9ralis\u00e9es le cas \u00e9ch\u00e9ant, et la succion avec effet ventouse. Elles peuvent coexister et prendre des formes diverses.<\/p>\n<p>En absence de d\u00e9placement, comment les Eumollusques fix\u00e9s r\u00e9alisent-ils les fonctions de nutrition et de relation ?<\/p>\n<\/section>\n<p> &nbsp; <\/p>\n<footer>\n<hr \/>\n<table style=\"width: 100%; \">\n<tr>\n<td style=\"width: 40%; text-align: left; \">\n<a href=\"\/codex\/petites-questions-de-physiologie\/petites-questions-de-physiologie-animale-2019-ouvrage\/vivre-fixe-a-partir-de-lexemple-des-eumollusques-introduction\" title=\"Vivre fix\u00e9 \u00e0 partir de l\u2019exemple des Eumollusques : introduction\">Pr\u00e9c\u00e9dent<\/a>\u00a0<\/td>\n<td style=\"width: 20%; text-align: center; \">\n<a href=\"\/codex\/petites-questions-de-physiologie\/petites-questions-de-physiologie-animale-2019-ouvrage\/vivre-fixe-a-partir-de-lexemple-des-eumollusques-introduction\" title=\"Vivre fix\u00e9 \u00e0 partir de l\u2019exemple des Eumollusques : introduction\">Niveau sup\u00e9rieur<\/a>\n<\/td>\n<td style=\"width: 40%; text-align: right; \">\u00a0<a href=\"\/codex\/petites-questions-de-physiologie\/petites-questions-de-physiologie-animale-2019-ouvrage\/vivre-fixe-une-adaptation-des-fonctions-vegetatives\" title=\"Vivre fix\u00e9 : une adaptation des fonctions v\u00e9g\u00e9tatives\">Suivant<\/a>\n<\/td>\n<\/tr>\n<tr>\n<td style=\"width: 40%; text-align: left; vertical-align: top; \">Vivre fix\u00e9 \u00e0 partir de l&rsquo;exemple des Eumollusques\u00a0<\/td>\n<td style=\"width: 20%; text-align: center; \">\n<a href=\"\/codex\/petites-questions-de-physiologie\/petites-questions-de-physiologie-animale-2019-ouvrage\" title=\"Petites questions de physiologie animale 2019 : ouvrage\">Sommaire<\/a>\n<\/td>\n<td style=\"width: 40%; text-align: right; vertical-align: top; \">\u00a0Vivre fix\u00e9 : une adaptation des fonctions v\u00e9g\u00e9tatives<\/td>\n<\/tr>\n<\/table>\n<\/footer>\n","protected":false},"excerpt":{"rendered":"<p>Vivre fix\u00e9 : poss\u00e9der un dispositif de liaison avec le substrat Pr\u00e9c\u00e9dent Vivre fix\u00e9 \u00e0 partir de l&rsquo;exemple des Eumollusques Suivant &nbsp; Les Eumollusques menant une vie fix\u00e9e sont pour la plupart des repr\u00e9sentants des groupes des Bivalves et des Gast\u00e9ropodes. Les exemples de la Moule, de l&rsquo;Hu\u00eetre et de la Patelle sont repr\u00e9sentatifs des [&hellip;]<\/p>\n","protected":false},"author":2,"featured_media":0,"parent":13169,"menu_order":62,"comment_status":"closed","ping_status":"closed","template":"","meta":{"site-sidebar-layout":"default","site-content-layout":"","ast-site-content-layout":"default","site-content-style":"default","site-sidebar-style":"default","ast-global-header-display":"","ast-banner-title-visibility":"","ast-main-header-display":"","ast-hfb-above-header-display":"","ast-hfb-below-header-display":"","ast-hfb-mobile-header-display":"","site-post-title":"","ast-breadcrumbs-content":"","ast-featured-img":"","footer-sml-layout":"","ast-disable-related-posts":"","theme-transparent-header-meta":"","adv-header-id-meta":"","stick-header-meta":"","header-above-stick-meta":"","header-main-stick-meta":"","header-below-stick-meta":"","astra-migrate-meta-layouts":"default","ast-page-background-enabled":"default","ast-page-background-meta":{"desktop":{"background-color":"var(--ast-global-color-4)","background-image":"","background-repeat":"repeat","background-position":"center center","background-size":"auto","background-attachment":"scroll","background-type":"","background-media":"","overlay-type":"","overlay-color":"","overlay-opacity":"","overlay-gradient":""},"tablet":{"background-color":"","background-image":"","background-repeat":"repeat","background-position":"center center","background-size":"auto","background-attachment":"scroll","background-type":"","background-media":"","overlay-type":"","overlay-color":"","overlay-opacity":"","overlay-gradient":""},"mobile":{"background-color":"","background-image":"","background-repeat":"repeat","background-position":"center center","background-size":"auto","background-attachment":"scroll","background-type":"","background-media":"","overlay-type":"","overlay-color":"","overlay-opacity":"","overlay-gradient":""}},"ast-content-background-meta":{"desktop":{"background-color":"var(--ast-global-color-5)","background-image":"","background-repeat":"repeat","background-position":"center center","background-size":"auto","background-attachment":"scroll","background-type":"","background-media":"","overlay-type":"","overlay-color":"","overlay-opacity":"","overlay-gradient":""},"tablet":{"background-color":"var(--ast-global-color-5)","background-image":"","background-repeat":"repeat","background-position":"center center","background-size":"auto","background-attachment":"scroll","background-type":"","background-media":"","overlay-type":"","overlay-color":"","overlay-opacity":"","overlay-gradient":""},"mobile":{"background-color":"var(--ast-global-color-5)","background-image":"","background-repeat":"repeat","background-position":"center center","background-size":"auto","background-attachment":"scroll","background-type":"","background-media":"","overlay-type":"","overlay-color":"","overlay-opacity":"","overlay-gradient":""}},"footnotes":""},"class_list":["post-14070","page","type-page","status-publish","hentry"],"aioseo_notices":[],"jetpack_sharing_enabled":true,"_links":{"self":[{"href":"https:\/\/codexvirtualis.fr\/codex\/wp-json\/wp\/v2\/pages\/14070","targetHints":{"allow":["GET"]}}],"collection":[{"href":"https:\/\/codexvirtualis.fr\/codex\/wp-json\/wp\/v2\/pages"}],"about":[{"href":"https:\/\/codexvirtualis.fr\/codex\/wp-json\/wp\/v2\/types\/page"}],"author":[{"embeddable":true,"href":"https:\/\/codexvirtualis.fr\/codex\/wp-json\/wp\/v2\/users\/2"}],"replies":[{"embeddable":true,"href":"https:\/\/codexvirtualis.fr\/codex\/wp-json\/wp\/v2\/comments?post=14070"}],"version-history":[{"count":8,"href":"https:\/\/codexvirtualis.fr\/codex\/wp-json\/wp\/v2\/pages\/14070\/revisions"}],"predecessor-version":[{"id":14239,"href":"https:\/\/codexvirtualis.fr\/codex\/wp-json\/wp\/v2\/pages\/14070\/revisions\/14239"}],"up":[{"embeddable":true,"href":"https:\/\/codexvirtualis.fr\/codex\/wp-json\/wp\/v2\/pages\/13169"}],"wp:attachment":[{"href":"https:\/\/codexvirtualis.fr\/codex\/wp-json\/wp\/v2\/media?parent=14070"}],"curies":[{"name":"wp","href":"https:\/\/api.w.org\/{rel}","templated":true}]}}