{"id":13951,"date":"2021-07-31T18:44:09","date_gmt":"2021-07-31T16:44:09","guid":{"rendered":"https:\/\/codexvirtualis.fr\/codex\/?page_id=13951"},"modified":"2021-08-03T18:56:06","modified_gmt":"2021-08-03T16:56:06","slug":"le-vol-des-insectes-une-musculature-a-lorigine-des-forces","status":"publish","type":"page","link":"https:\/\/codexvirtualis.fr\/codex\/petites-questions-de-physiologie\/petites-questions-de-physiologie-animale-2019-ouvrage\/le-vol-des-insectes-une-musculature-a-lorigine-des-forces","title":{"rendered":"Le vol des Insectes : une musculature \u00e0 l\u2019origine des forces"},"content":{"rendered":"<header>\n<table style=\"width: 100%; \">\n<tr>\n<th style=\"text-align: center; \" colspan=\"3\">Le vol des Insectes : une musculature \u00e0 l\u2019origine des forces<\/th>\n<\/tr>\n<tr>\n<td style=\"width: 20%; text-align: left; \">\n<a href=\"\/codex\/petites-questions-de-physiologie\/petites-questions-de-physiologie-animale-2019-ouvrage\/le-vol-des-insectes-des-ailes-assurant-la-transmission-de-forces\" title=\"Le vol des Insectes : des ailes assurant la transmission de forces\">Pr\u00e9c\u00e9dent<\/a>\u00a0<\/td>\n<th style=\"width: 60%; text-align: center; \">Le vol \u00e0 partir de l\u2019exemple des Insectes <\/th>\n<td style=\"width: 20%; text-align: right; \">\u00a0<a href=\"\/codex\/petites-questions-de-physiologie\/petites-questions-de-physiologie-animale-2019-ouvrage\/le-vol-des-insectes-un-mode-de-locomotion-integre\" title=\"Le vol des Insectes : un mode de locomotion int\u00e9gr\u00e9\">Suivant<\/a>\n<\/td>\n<\/tr>\n<\/table>\n<hr \/>\n<\/header>\n<p> &nbsp; <\/p>\n<section class=\"sect1\" id=\"d0e8866\">\n<p>De mani\u00e8re g\u00e9n\u00e9rale, les mouvements des animaux impliquent des organes contractiles, les muscles.<br \/>\nDe forme allong\u00e9e, les cellules qui les constituent contiennent des unit\u00e9s longitudinales appel\u00e9es myofibrilles, dans lesquelles des prot\u00e9ines fibreuses sont pr\u00e9sentes, dispos\u00e9es parall\u00e8lement \u00e0 leur axe longitudinal.<br \/>\nSch\u00e9matiquement, le coulissement des prot\u00e9ines fibreuses les unes par rapport aux autres provoque le raccourcissement des myofibrilles, des cellules et des muscles, processus correspondant \u00e0 la contraction. <\/p>\n<p>Quelles sont les relations entre muscles et ailes chez les Insectes ?<\/p>\n<\/section>\n<section class=\"sect2\" id=\"d0e8873\">\n<h3 class=\"title\">Les muscles du vol des Insectes : des organes thoraciques ins\u00e9r\u00e9s sur la cuticule<\/h3>\n<p>Les muscles impliqu\u00e9s dans la mise en mouvement des ailes sont vraisemblablement localis\u00e9s dans le thorax, tagme sur lequel les ailes sont ins\u00e9r\u00e9es.<\/p>\n<p>De m\u00eame que le Criquet, le Grillon est un Insecte orthopt\u00e8re chez qui les muscles thoraciques sont caract\u00e9ristiques.<\/p>\n<figure id=\"d0e8880\"\nclass=\"img\"\ntitle=\"Figure\u00a06.\u00a0Anatomie du thorax de Grillon en coupe transversale (Collection de l'ENS de Lyon)\"><\/p>\n<div class=\"figure\">\n<figure style=\"width: 300px\" class=\"wp-caption alignnone\"><a rel=\"lightbox\" href=\"\/documents\/images\/PetitesQuestionsDePhysiologie\/2019\/media\/images\/22_figure_06.jpg\"><img decoding=\"async\" src=\"\/documents\/images\/PetitesQuestionsDePhysiologie\/2019\/media\/images\/22_figure_06.jpg\" width=\"300\" \" alt=\"Anatomie du thorax de Grillon en coupe transversale (Collection de l'ENS de Lyon)\" class=\"size-medium\" \/><figcaption class=\"wp-caption-text\">Figure\u00a06.\u00a0Anatomie du thorax de Grillon en coupe transversale (Collection de l&rsquo;ENS de Lyon)  <\/a><\/figcaption><\/figure>\n<\/div>\n<div class=\"copyright\">\n<p>Copyright : 2019 &#8211; A\u00efmen Belkhiat ; Driss Ben Mouhamed ; James Eav ; Zackaria Mchachti ; Sandrine Heusser<\/p>\n<\/div>\n<div class=\"legalnotice\" title=\"Note L\u00e9gale\">\n<p> Cette illustration est mise \u00e0 disposition selon les termes de la Licence Creative Commons Attribution &#8211; Pas d&rsquo;Utilisation Commerciale &#8211; Partage dans les m\u00eames conditions 4.0 International.<span class=\"inlinemediaobject\"><br \/>\n<img decoding=\"async\" class=\"ccimage\" src=\"\/documents\/images\/PetitesQuestionsDePhysiologie\/2019\/media\/images\/00_licence.png\" width=\"50\"\/> <\/span> <\/p>\n<\/div>\n<\/figure>\n<p><\/p>\n<p>Les segments m\u00e9sothoracique et m\u00e9tathoracique du Grillon contiennent des muscles stri\u00e9s s&rsquo;\u00e9tendant de la r\u00e9gion dorsale \u00e0 la r\u00e9gion ventrale, situ\u00e9s de part et d&rsquo;autre du tube digestif, parall\u00e8lement aux pleurites.<br \/>\nQualifi\u00e9s de dorsoventraux ou de transverses, ils sont ins\u00e9r\u00e9s soit sur les scl\u00e9rites et les sternites, soit sur les tergites et les sternites.<\/p>\n<p>Des muscles longitudinaux sont \u00e9galement pr\u00e9sents, situ\u00e9s au-dessus du tube digestif et dits dorsaux ou en-dessous et dits ventraux.<\/p>\n<p>De mani\u00e8re g\u00e9n\u00e9rale, les muscles sont ins\u00e9r\u00e9s sur la face interne de pi\u00e8ces de cuticule reli\u00e9es par une membrane articulaire.<br \/>\nLeur contraction se traduit par un raccourcissement provoquant le d\u00e9placement des pi\u00e8ces de cuticule l&rsquo;une part rapport \u00e0 l&rsquo;autre autour de la membrane articulaire.<br \/>\nLes muscles exercent une force sur les pi\u00e8ces de cuticule, qui de par leur rigidit\u00e9 la transmettent \u00e0 l&rsquo;environnement.<br \/>\n\u00c0 l&rsquo;inverse, le rel\u00e2chement des muscles provoque leur allongement et le retour des pi\u00e8ces de cuticule \u00e0 leurs positions originelles.<\/p>\n<figure id=\"d0e8918\"\nclass=\"img\"\ntitle=\"Figure\u00a07.\u00a0Apod\u00e8me du thorax de Grillon en coupe longitudinale (Collection de l'ENS de Lyon)\"><\/p>\n<div class=\"figure\">\n<figure style=\"width: 300px\" class=\"wp-caption alignnone\"><a rel=\"lightbox\" href=\"\/documents\/images\/PetitesQuestionsDePhysiologie\/2019\/media\/images\/22_figure_07.jpg\"><img decoding=\"async\" src=\"\/documents\/images\/PetitesQuestionsDePhysiologie\/2019\/media\/images\/22_figure_07.jpg\" width=\"300\" \" alt=\"Apod\u00e8me du thorax de Grillon en coupe longitudinale (Collection de l'ENS de Lyon)\" class=\"size-medium\" \/><figcaption class=\"wp-caption-text\">Figure\u00a07.\u00a0Apod\u00e8me du thorax de Grillon en coupe longitudinale (Collection de l&rsquo;ENS de Lyon)  <\/a><\/figcaption><\/figure>\n<\/div>\n<div class=\"copyright\">\n<p>Copyright : 2019 &#8211; A\u00efmen Belkhiat ; Driss Ben Mouhamed ; James Eav ; Zackaria Mchachti ; Sandrine Heusser<\/p>\n<\/div>\n<div class=\"legalnotice\" title=\"Note L\u00e9gale\">\n<p> Cette illustration est mise \u00e0 disposition selon les termes de la Licence Creative Commons Attribution &#8211; Pas d&rsquo;Utilisation Commerciale &#8211; Partage dans les m\u00eames conditions 4.0 International.<span class=\"inlinemediaobject\"><br \/>\n<img decoding=\"async\" class=\"ccimage\" src=\"\/documents\/images\/PetitesQuestionsDePhysiologie\/2019\/media\/images\/00_licence.png\" width=\"50\"\/> <\/span> <\/p>\n<\/div>\n<\/figure>\n<p><\/p>\n<p>Les fibres musculaires sont ins\u00e9r\u00e9es sur l\u2019\u00e9piderme au niveau de desmosomes. Ils sont en relation avec des microtubules traversant les cellules \u00e9pidermiques et reli\u00e9s \u00e0 des h\u00e9midesmosomes associ\u00e9s \u00e0 la face interne de la cuticule. Des fibres en partent et rejoignent la face interne de l&rsquo;\u00e9picuticule.<\/p>\n<p>Les fibres musculaires sont ainsi en continuit\u00e9 m\u00e9canique avec la face interne de l&rsquo;\u00e9picuticule.<\/p>\n<p>Localement, le t\u00e9gument forme des invaginations appel\u00e9es apod\u00e8mes, sur lesquels les muscles sont ins\u00e9r\u00e9s de la m\u00eame mani\u00e8re. Les muscles dorsaux longitudinaux sont ainsi ins\u00e9r\u00e9s sur des apod\u00e8mes situ\u00e9s \u00e0 l&rsquo;avant et \u00e0 l&rsquo;arri\u00e8re des segments m\u00e9sothoracique et m\u00e9tathoracique.<\/p>\n<p>Comment les muscles prennent-ils part au vol ?<\/p>\n<\/section>\n<section class=\"sect2\" id=\"d0e8958\">\n<h3 class=\"title\">Les muscles du vol des Insectes : une action directe ou indirecte sur les ailes<\/h3>\n<p>Parmi les muscles thoraciques, certains sont ins\u00e9r\u00e9s \u00e0 la base des ailes au niveau des scl\u00e9rites et d&rsquo;autres sur les plaques cuticulaires du thorax. <\/p>\n<p>Quels sont leurs r\u00f4les respectifs ?<\/p>\n<figure id=\"d0e8965\"\nclass=\"img\"\ntitle=\"Figure\u00a08.\u00a0 M\u00e9canisme du vol direct des Insectes  (d'apr\u00e8s Richard C. Brusca et Gary J. Brusca)\"><\/p>\n<div class=\"figure\">\n<figure style=\"width: 300px\" class=\"wp-caption alignnone\"><a rel=\"lightbox\" href=\"\/documents\/images\/PetitesQuestionsDePhysiologie\/2019\/media\/images\/22_figure_08.jpg\"><img decoding=\"async\" src=\"\/documents\/images\/PetitesQuestionsDePhysiologie\/2019\/media\/images\/22_figure_08.jpg\" width=\"300\" \" alt=\"M\u00e9canisme du vol direct des Insectes  (d'apr\u00e8s Richard C. Brusca et Gary J. Brusca)\" class=\"size-medium\" \/><figcaption class=\"wp-caption-text\">Figure\u00a08.\u00a0 M\u00e9canisme du vol direct des Insectes  (d&rsquo;apr\u00e8s Richard C. Brusca et Gary J. Brusca)  <\/a><\/figcaption><\/figure>\n<\/div>\n<div class=\"copyright\">\n<p>Copyright : 2019 &#8211; A\u00efmen Belkhiat ; Driss Ben Mouhamed ; James Eav ; Zackaria Mchachti ; Sandrine Heusser<\/p>\n<\/div>\n<div class=\"legalnotice\" title=\"Note L\u00e9gale\">\n<p> Cette illustration est mise \u00e0 disposition selon les termes de la Licence Creative Commons Attribution &#8211; Pas d&rsquo;Utilisation Commerciale &#8211; Partage dans les m\u00eames conditions 4.0 International.<span class=\"inlinemediaobject\"><br \/>\n<img decoding=\"async\" class=\"ccimage\" src=\"\/documents\/images\/PetitesQuestionsDePhysiologie\/2019\/media\/images\/00_licence.png\" width=\"50\"\/> <\/span> <\/p>\n<\/div>\n<\/figure>\n<p><\/p>\n<p>Les muscles dorsoventraux ins\u00e9r\u00e9s sur les scl\u00e9rites alaires d&rsquo;une part et sur le sternite d&rsquo;autre part sont qualifi\u00e9s de directs. Les muscles dorsoventraux reli\u00e9s aux tergites et aux sternites sont dit indirects.<\/p>\n<p>Lorsque les muscles dorsoventraux sont contract\u00e9s et les muscles directs rel\u00e2ch\u00e9s, une traction est exerc\u00e9e sur le tergite et les ailes sont relev\u00e9es.<\/p>\n<p>Inversement, lorsque les muscles dorsoventraux sont rel\u00e2ch\u00e9s et les muscles directs contract\u00e9s, un rel\u00e8vement du thorax intervient ainsi que l&rsquo;abaissement des ailes.<\/p>\n<p>Les ailes pivotent autour d&rsquo;expansions du pleurite.<\/p>\n<p>Ainsi les muscles dorsoventraux directs, en coordination avec les muscles dorsoventraux indirects, sont parfois les moteurs principaux des mouvements des ailes. Le vol est alors qualifi\u00e9 de direct. Il est rencontr\u00e9 dans quelques groupes d&rsquo;Insectes comme les Odonates repr\u00e9sent\u00e9s notamment par les Libellules.<\/p>\n<p>Les muscles directs sont \u00e9galement impliqu\u00e9s dans la d\u00e9termination de l&rsquo;inclinaison de la surface des ailes ainsi que leur ouverture et leur fermeture. <\/p>\n<figure id=\"d0e9009\"\nclass=\"img\"\ntitle=\"Figure\u00a09.\u00a0 M\u00e9canisme du vol indirect des Insectes (d'apr\u00e8s Richard C. Brusca et Gary J. Brusca)\"><\/p>\n<div class=\"figure\">\n<figure style=\"width: 300px\" class=\"wp-caption alignnone\"><a rel=\"lightbox\" href=\"\/documents\/images\/PetitesQuestionsDePhysiologie\/2019\/media\/images\/22_figure_09.jpg\"><img decoding=\"async\" src=\"\/documents\/images\/PetitesQuestionsDePhysiologie\/2019\/media\/images\/22_figure_09.jpg\" width=\"300\" \" alt=\"M\u00e9canisme du vol indirect des Insectes (d'apr\u00e8s Richard C. Brusca et Gary J. Brusca)\" class=\"size-medium\" \/><figcaption class=\"wp-caption-text\">Figure\u00a09.\u00a0 M\u00e9canisme du vol indirect des Insectes (d&rsquo;apr\u00e8s Richard C. Brusca et Gary J. Brusca)  <\/a><\/figcaption><\/figure>\n<\/div>\n<div class=\"copyright\">\n<p>Copyright : 2019 &#8211; A\u00efmen Belkhiat ; Driss Ben Mouhamed ; James Eav ; Zackaria Mchachti ; Sandrine Heusser<\/p>\n<\/div>\n<div class=\"legalnotice\" title=\"Note L\u00e9gale\">\n<p> Cette illustration est mise \u00e0 disposition selon les termes de la Licence Creative Commons Attribution &#8211; Pas d&rsquo;Utilisation Commerciale &#8211; Partage dans les m\u00eames conditions 4.0 International.<span class=\"inlinemediaobject\"><br \/>\n<img decoding=\"async\" class=\"ccimage\" src=\"\/documents\/images\/PetitesQuestionsDePhysiologie\/2019\/media\/images\/00_licence.png\" width=\"50\"\/> <\/span> <\/p>\n<\/div>\n<\/figure>\n<p><\/p>\n<p>\u00c0 l&rsquo;instar des muscles dorsoventraux indirects, les muscles dorsaux longitudinaux reli\u00e9s aux apod\u00e8mes ant\u00e9rieurs et post\u00e9rieurs sont dits indirects.<\/p>\n<p>La contraction des muscles dorsoventraux indirects provoque un abaissement du tergite du segment thoracique et le rel\u00e8vement des ailes. Elle est accompagn\u00e9e d&rsquo;un rel\u00e2chement des muscles dorsaux longitudinaux.<\/p>\n<p>La contraction des muscles dorsaux longitudinaux est responsable d&rsquo;un raccourcissement du segment thoracique arquant le tergite et provoquant l&rsquo;abaissement des ailes. Concomitamment les muscles dorsoventraux indirects sont rel\u00e2ch\u00e9s.<\/p>\n<p>Ainsi les mouvements des ailes sont principalement dus aux actions coordonn\u00e9es de muscles indirects antagonistes, les muscles dorsoventraux et dorsaux longitudinaux. Elles sont \u00e0 l&rsquo;origine de d\u00e9formations rapides du m\u00e9sothorax et du m\u00e9tathorax.<\/p>\n<p>Le vol est dans ce cas dit indirect.<\/p>\n<\/section>\n<section class=\"sect2\" id=\"d0e9051\">\n<h3 class=\"title\">Les muscles du vol des Insectes : un rythme synchrone ou asynchrone<\/h3>\n<p>La fr\u00e9quence des battements des ailes des Orthopt\u00e8res comme le Criquet, des Odonates comme la Libellule, des L\u00e9pidopt\u00e8res diurnes comme le Soufr\u00e9 ou encore des Col\u00e9opt\u00e8res comme le Hanneton est relativement faible, variant entre 10 et 50&nbsp;battements par minute. En revanche, elle atteint des valeurs comprises entre 200 et 1000&nbsp;battements par minute chez les Dipt\u00e8res comme la Mouche et les Hym\u00e9nopt\u00e8tes comme l&rsquo;Abeille.<br \/>\nLa fr\u00e9quence des battements d&rsquo;ailes varie donc consid\u00e9rablement, posant le probl\u00e8me du contr\u00f4le de l&rsquo;activit\u00e9 des muscles qui en sont responsables.<\/p>\n<p>De mani\u00e8re g\u00e9n\u00e9rale, les contractions des muscles sont contr\u00f4l\u00e9es par le syst\u00e8me nerveux. Les neurones forment avec les cellules musculaires des synapses au niveau desquelles les influx nerveux sont convertis en stimulations des cellules musculaires, provoquant leurs contractions.<br \/>\nDans le cas d&rsquo;une faible fr\u00e9quence de battements d&rsquo;ailes, chaque contraction musculaire fait suite \u00e0 un influx nerveux. Il existe une synchronisation entre les deux processus, les muscles sont qualifi\u00e9s de synchrones.<\/p>\n<p>En revanche dans le cas d&rsquo;une fr\u00e9quence de battements d&rsquo;ailes \u00e9lev\u00e9e, le d\u00e9lai entre deux battements est inf\u00e9rieur \u00e0 celui s\u00e9parant deux stimulations nerveuses et les r\u00e9ponses musculaires en d\u00e9coulant.<br \/>\nLes contractions des muscles sont d\u00e9synchronis\u00e9es des influx nerveux, les muscles sont dits asynchrones.<br \/>\nComment leurs contractions sont-elles provoqu\u00e9es ?<\/p>\n<p>Les muscles asynchrones sont repr\u00e9sent\u00e9s par les muscles indirects. Ils ont la particularit\u00e9 de se contracter en r\u00e9ponse \u00e0 un \u00e9tirement.  <\/p>\n<p>Lorsque les muscles dorsoventraux se contractent, ils provoquent un aplatissement du segment thoracique qui les contient. Leur rel\u00e2chement est responsable d&rsquo;un retour brutal du thorax \u00e0 sa forme initiale suivi d&rsquo;un rebond, en raison de l&rsquo;\u00e9lasticit\u00e9 de la cuticule.<br \/>\nLes muscle dorsaux longitudinaux sont alors \u00e9tir\u00e9s et en r\u00e9ponse se contractent. Ils provoquent un raccourcissement du segment thoracique qui les contient. Leur rel\u00e2chement est \u00e0 l&rsquo;origine d&rsquo;un retour brutal du thorax \u00e0 sa forme initiale et d&rsquo;un rebond \u00e9lastique provoquant l&rsquo;\u00e9tirement des muscles dorsoventraux.<br \/>\nL&rsquo;ensemble muscles-cuticule constitue ainsi un dispositif oscillant. Dans le cas des muscles asynchrones, les stimulations nerveuses initient les battements des ailes et lorsque la fr\u00e9quence atteinte est suffisante les oscillations prennent le relais. Les stimulations nerveuses contribuent ensuite \u00e0 leur maintien.<\/p>\n<p>L\u2019\u00e9lasticit\u00e9 de la cuticule est due \u00e0 la pr\u00e9sence de r\u00e9siline. \u00c9lastique, cette prot\u00e9ine a la capacit\u00e9 de se d\u00e9former en accumulant de l\u2019\u00e9nergie et de reprendre sa forme d&rsquo;origine en restituant l&rsquo;\u00e9nergie accumul\u00e9e. Elle est ainsi responsable du rebond observ\u00e9 lors du retour brutal du thorax \u00e0 sa forme initiale. <\/p>\n<p>Finalement, les muscles sont de mani\u00e8re g\u00e9n\u00e9rale les moteurs du vol du fait de leurs contractions et leurs rel\u00e2chements. Les modalit\u00e9s selon lesquelles ils interviennent sont cependant diverses, qu&rsquo;il s&rsquo;agisse des pi\u00e8ces de cuticule sur lesquelles ils agissent ou du d\u00e9clenchement de leurs contractions.<\/p>\n<p>L&rsquo;activit\u00e9 musculaire requiert de l&rsquo;\u00e9nergie, fournie par le m\u00e9tabolisme respiratoire consommant notamment des glucides, des lipides et du dioxyg\u00e8ne. <\/p>\n<p>Par ailleurs, le vol implique une perception de l&rsquo;environnement et de la position du corps, une int\u00e9gration des informations et l&rsquo;\u00e9laboration de r\u00e9ponses.<\/p>\n<p>Le vol est une fonction int\u00e9gr\u00e9e, impliquant le fonctionnement coordonn\u00e9 de divers organes. <\/p>\n<\/section>\n<p> &nbsp; <\/p>\n<footer>\n<hr \/>\n<table style=\"width: 100%; \">\n<tr>\n<td style=\"width: 40%; text-align: left; \">\n<a href=\"\/codex\/petites-questions-de-physiologie\/petites-questions-de-physiologie-animale-2019-ouvrage\/le-vol-des-insectes-des-ailes-assurant-la-transmission-de-forces\" title=\"Le vol des Insectes : des ailes assurant la transmission de forces\">Pr\u00e9c\u00e9dent<\/a><\/td>\n<td style=\"width: 20%; text-align: center; \">\n<a href=\"\/codex\/petites-questions-de-physiologie\/petites-questions-de-physiologie-animale-2019-ouvrage\/le-vol-a-partir-de-lexemple-des-insectes-introduction\" title=\"Le vol \u00e0 partir de l\u2019exemple des Insectes : introduction\">Niveau sup\u00e9rieur<\/a>\n<\/td>\n<td style=\"width: 40%; text-align: right; \"><a href=\"\/codex\/petites-questions-de-physiologie\/petites-questions-de-physiologie-animale-2019-ouvrage\/le-vol-des-insectes-un-mode-de-locomotion-integre\" title=\"Le vol des Insectes : un mode de locomotion int\u00e9gr\u00e9\">Suivant<\/a>\n<\/td>\n<\/tr>\n<tr>\n<td style=\"width: 40%; text-align: left; vertical-align: top; \">Le vol des Insectes : des ailes assurant la transmission de forces\u00a0<\/td>\n<td style=\"width: 20%; text-align: center; \">\n<a href=\"\/codex\/petites-questions-de-physiologie\/petites-questions-de-physiologie-animale-2019-ouvrage\" title=\"Petites questions de physiologie animale 2019 : ouvrage\">Sommaire<\/a>\n<\/td>\n<td style=\"width: 40%; text-align: right; vertical-align: top; \">\u00a0Le vol des Insectes : un mode de locomotion int\u00e9gr\u00e9 <\/td>\n<\/tr>\n<\/table>\n<\/footer>\n","protected":false},"excerpt":{"rendered":"<p>Le vol des Insectes : une musculature \u00e0 l\u2019origine des forces Pr\u00e9c\u00e9dent\u00a0 Le vol \u00e0 partir de l\u2019exemple des Insectes \u00a0Suivant &nbsp; De mani\u00e8re g\u00e9n\u00e9rale, les mouvements des animaux impliquent des organes contractiles, les muscles. De forme allong\u00e9e, les cellules qui les constituent contiennent des unit\u00e9s longitudinales appel\u00e9es myofibrilles, dans lesquelles des prot\u00e9ines fibreuses sont [&hellip;]<\/p>\n","protected":false},"author":2,"featured_media":0,"parent":13169,"menu_order":57,"comment_status":"closed","ping_status":"closed","template":"","meta":{"site-sidebar-layout":"default","site-content-layout":"","ast-site-content-layout":"default","site-content-style":"default","site-sidebar-style":"default","ast-global-header-display":"","ast-banner-title-visibility":"","ast-main-header-display":"","ast-hfb-above-header-display":"","ast-hfb-below-header-display":"","ast-hfb-mobile-header-display":"","site-post-title":"","ast-breadcrumbs-content":"","ast-featured-img":"","footer-sml-layout":"","ast-disable-related-posts":"","theme-transparent-header-meta":"","adv-header-id-meta":"","stick-header-meta":"","header-above-stick-meta":"","header-main-stick-meta":"","header-below-stick-meta":"","astra-migrate-meta-layouts":"default","ast-page-background-enabled":"default","ast-page-background-meta":{"desktop":{"background-color":"var(--ast-global-color-4)","background-image":"","background-repeat":"repeat","background-position":"center center","background-size":"auto","background-attachment":"scroll","background-type":"","background-media":"","overlay-type":"","overlay-color":"","overlay-opacity":"","overlay-gradient":""},"tablet":{"background-color":"","background-image":"","background-repeat":"repeat","background-position":"center center","background-size":"auto","background-attachment":"scroll","background-type":"","background-media":"","overlay-type":"","overlay-color":"","overlay-opacity":"","overlay-gradient":""},"mobile":{"background-color":"","background-image":"","background-repeat":"repeat","background-position":"center center","background-size":"auto","background-attachment":"scroll","background-type":"","background-media":"","overlay-type":"","overlay-color":"","overlay-opacity":"","overlay-gradient":""}},"ast-content-background-meta":{"desktop":{"background-color":"var(--ast-global-color-5)","background-image":"","background-repeat":"repeat","background-position":"center center","background-size":"auto","background-attachment":"scroll","background-type":"","background-media":"","overlay-type":"","overlay-color":"","overlay-opacity":"","overlay-gradient":""},"tablet":{"background-color":"var(--ast-global-color-5)","background-image":"","background-repeat":"repeat","background-position":"center center","background-size":"auto","background-attachment":"scroll","background-type":"","background-media":"","overlay-type":"","overlay-color":"","overlay-opacity":"","overlay-gradient":""},"mobile":{"background-color":"var(--ast-global-color-5)","background-image":"","background-repeat":"repeat","background-position":"center center","background-size":"auto","background-attachment":"scroll","background-type":"","background-media":"","overlay-type":"","overlay-color":"","overlay-opacity":"","overlay-gradient":""}},"footnotes":""},"class_list":["post-13951","page","type-page","status-publish","hentry"],"aioseo_notices":[],"jetpack_sharing_enabled":true,"_links":{"self":[{"href":"https:\/\/codexvirtualis.fr\/codex\/wp-json\/wp\/v2\/pages\/13951","targetHints":{"allow":["GET"]}}],"collection":[{"href":"https:\/\/codexvirtualis.fr\/codex\/wp-json\/wp\/v2\/pages"}],"about":[{"href":"https:\/\/codexvirtualis.fr\/codex\/wp-json\/wp\/v2\/types\/page"}],"author":[{"embeddable":true,"href":"https:\/\/codexvirtualis.fr\/codex\/wp-json\/wp\/v2\/users\/2"}],"replies":[{"embeddable":true,"href":"https:\/\/codexvirtualis.fr\/codex\/wp-json\/wp\/v2\/comments?post=13951"}],"version-history":[{"count":6,"href":"https:\/\/codexvirtualis.fr\/codex\/wp-json\/wp\/v2\/pages\/13951\/revisions"}],"predecessor-version":[{"id":14232,"href":"https:\/\/codexvirtualis.fr\/codex\/wp-json\/wp\/v2\/pages\/13951\/revisions\/14232"}],"up":[{"embeddable":true,"href":"https:\/\/codexvirtualis.fr\/codex\/wp-json\/wp\/v2\/pages\/13169"}],"wp:attachment":[{"href":"https:\/\/codexvirtualis.fr\/codex\/wp-json\/wp\/v2\/media?parent=13951"}],"curies":[{"name":"wp","href":"https:\/\/api.w.org\/{rel}","templated":true}]}}