{"id":13945,"date":"2021-07-31T18:43:53","date_gmt":"2021-07-31T16:43:53","guid":{"rendered":"https:\/\/codexvirtualis.fr\/codex\/?page_id=13945"},"modified":"2021-08-03T18:56:38","modified_gmt":"2021-08-03T16:56:38","slug":"le-vol-des-insectes-des-ailes-assurant-la-transmission-de-forces","status":"publish","type":"page","link":"https:\/\/codexvirtualis.fr\/codex\/petites-questions-de-physiologie\/petites-questions-de-physiologie-animale-2019-ouvrage\/le-vol-des-insectes-des-ailes-assurant-la-transmission-de-forces","title":{"rendered":"Le vol des Insectes : des ailes assurant la transmission de forces"},"content":{"rendered":"<header>\n<table style=\"width: 100%; \">\n<tr>\n<th style=\"text-align: center; \" colspan=\"3\">Le vol des Insectes : des ailes assurant la transmission de forces<\/th>\n<\/tr>\n<tr>\n<td style=\"width: 20%; text-align: left; \">\n<a href=\"\/codex\/petites-questions-de-physiologie\/petites-questions-de-physiologie-animale-2019-ouvrage\/le-vol-a-partir-de-lexemple-des-insectes-introduction\" title=\"Le vol \u00e0 partir de l\u2019exemple des Insectes : introduction\">Pr\u00e9c\u00e9dent<\/a>\u00a0<\/td>\n<th style=\"width: 60%; text-align: center; \">Le vol \u00e0 partir de l\u2019exemple des Insectes <\/th>\n<td style=\"width: 20%; text-align: right; \"><a href=\"\/codex\/petites-questions-de-physiologie\/petites-questions-de-physiologie-animale-2019-ouvrage\/le-vol-des-insectes-une-musculature-a-lorigine-des-forces\" title=\"Le vol des Insectes : une musculature \u00e0 l\u2019origine des forces\">Suivant<\/a>\n<\/td>\n<\/tr>\n<\/table>\n<hr \/>\n<\/header>\n<p> &nbsp; <\/p>\n<section class=\"sect1\" id=\"d0e8626\">\n<p>Les organes du vol des Insectes sont les ailes port\u00e9es par le m\u00e9sothorax et le m\u00e9tathorax.<\/p>\n<p>Quelles sont leurs caract\u00e9ristiques structurales et fonctionnelles ?<\/p>\n<\/section>\n<section class=\"sect2\" id=\"d0e8633\">\n<h3 class=\"title\">Les ailes des Insectes : des organes de grande surface<\/h3>\n<p>Le Criquet est un exemple d&rsquo;Insecte dont les ailes sont caract\u00e9ristiques.<\/p>\n<figure id=\"d0e8638\"\nclass=\"img\"\ntitle=\"Figure\u00a01.\u00a0Ailes de Criquet en vue dorsale\"><\/p>\n<div class=\"figure\">\n<figure style=\"width: 300px\" class=\"wp-caption alignnone\"><a rel=\"lightbox\" href=\"\/documents\/images\/PetitesQuestionsDePhysiologie\/2019\/media\/images\/22_figure_01.jpg\"><img decoding=\"async\" src=\"\/documents\/images\/PetitesQuestionsDePhysiologie\/2019\/media\/images\/22_figure_01.jpg\" width=\"300\" \" alt=\"Ailes de Criquet en vue dorsale\" class=\"size-medium\" \/><figcaption class=\"wp-caption-text\">Figure\u00a01.\u00a0Ailes de Criquet en vue dorsale  <\/a><\/figcaption><\/figure>\n<\/div>\n<div class=\"copyright\">\n<p>Copyright : 2019 &#8211; A\u00efmen Belkhiat ; Driss Ben Mouhamed ; James Eav ; Zackaria Mchachti<\/p>\n<\/div>\n<div class=\"legalnotice\" title=\"Note L\u00e9gale\">\n<p> Cette illustration est mise \u00e0 disposition selon les termes de la Licence Creative Commons Attribution &#8211; Pas d&rsquo;Utilisation Commerciale &#8211; Partage dans les m\u00eames conditions 4.0 International.<span class=\"inlinemediaobject\"><br \/>\n<img decoding=\"async\" class=\"ccimage\" src=\"\/documents\/images\/PetitesQuestionsDePhysiologie\/2019\/media\/images\/00_licence.png\" width=\"50\"\/> <\/span> <\/p>\n<\/div>\n<\/figure>\n<p><\/p>\n<p>Le Criquet poss\u00e8de deux paires d&rsquo;ailes ins\u00e9r\u00e9es dorsalement sur le m\u00e9sothorax et le m\u00e9tathorax.<\/p>\n<p>Les ailes m\u00e9sothoraciques ant\u00e9rieures sont \u00e9troites et rigides.<br \/>\nElles sont appel\u00e9es \u00e9lytres et sont repli\u00e9es au repos.<\/p>\n<p>Les ailes m\u00e9tathoraciques post\u00e9rieures sont membraneuses et poss\u00e8dent une grande surface. Elles comportent deux r\u00e9gions, un remigium ant\u00e9rieur allong\u00e9 et un vannus post\u00e9rieur en forme d&rsquo;\u00e9ventail.<br \/>\nElles sont repli\u00e9es sous les \u00e9lytres au repos et d\u00e9ploy\u00e9es lors du vol. <\/p>\n<p>De mani\u00e8re g\u00e9n\u00e9rale, les ailes sont structur\u00e9es par des nervures longitudinales et transversales d\u00e9limitant des cellules.<\/p>\n<p>Comment les ailes sont-elles reli\u00e9es au thorax ?<\/p>\n<figure id=\"d0e8678\"\nclass=\"img\"\ntitle=\"Figure\u00a02.\u00a0Thorax de Criquet en vue dorsale\"><\/p>\n<div class=\"figure\">\n<figure style=\"width: 300px\" class=\"wp-caption alignnone\"><a rel=\"lightbox\" href=\"\/documents\/images\/PetitesQuestionsDePhysiologie\/2019\/media\/images\/22_figure_02.jpg\"><img decoding=\"async\" src=\"\/documents\/images\/PetitesQuestionsDePhysiologie\/2019\/media\/images\/22_figure_02.jpg\" width=\"300\" \" alt=\"Thorax de Criquet en vue dorsale\" class=\"size-medium\" \/><figcaption class=\"wp-caption-text\">Figure\u00a02.\u00a0Thorax de Criquet en vue dorsale  <\/a><\/figcaption><\/figure>\n<\/div>\n<div class=\"copyright\">\n<p>Copyright : 2019 &#8211; A\u00efmen Belkhiat ; Driss Ben Mouhamed ; James Eav ; Zackaria Mchachti<\/p>\n<\/div>\n<div class=\"legalnotice\" title=\"Note L\u00e9gale\">\n<p> Cette illustration est mise \u00e0 disposition selon les termes de la Licence Creative Commons Attribution &#8211; Pas d&rsquo;Utilisation Commerciale &#8211; Partage dans les m\u00eames conditions 4.0 International.<span class=\"inlinemediaobject\"><br \/>\n<img decoding=\"async\" class=\"ccimage\" src=\"\/documents\/images\/PetitesQuestionsDePhysiologie\/2019\/media\/images\/00_licence.png\" width=\"50\"\/> <\/span> <\/p>\n<\/div>\n<\/figure>\n<p><\/p>\n<p>Les ailes ant\u00e9rieures et post\u00e9rieures sont respectivement articul\u00e9es avec les plaques cuticulaires dorsales et lat\u00e9rales du m\u00e9sothorax et du m\u00e9sothorax, appel\u00e9es tergites et pleurites.<br \/>\nDes membranes articulaires souples relient le m\u00e9sothorax et le m\u00e9tathorax aux ailes, dans lesquelles sont ench\u00e2ss\u00e9es des expansions des tergites et des pleurites ainsi que pi\u00e8ces cuticulaires, les scl\u00e9rites axillaires et articulaires. <\/p>\n<p>Les formes et les dispositions des expansions des plaques cuticulaires et des scl\u00e9rites axillaires d\u00e9terminent les mouvements possibles des ailes. Les ailes s&rsquo;appuient notamment sur les expansions des pleurites, autour desquelles elles pivotent. <\/p>\n<p>En relation avec l&rsquo;organisation de ses ailes notamment, le Criquet est class\u00e9 dans le groupe des Orthopt\u00e8res caract\u00e9ris\u00e9s par la possession d&rsquo;ailes ant\u00e9rieures transform\u00e9es en \u00e9lytres.<\/p>\n<figure id=\"d0e8714\"\nclass=\"img\"\ntitle=\"Figure\u00a03.\u00a0Morphologie de la Mouche en vue lat\u00e9rale\"><\/p>\n<div class=\"figure\">\n<figure style=\"width: 300px\" class=\"wp-caption alignnone\"><a rel=\"lightbox\" href=\"\/documents\/images\/PetitesQuestionsDePhysiologie\/2019\/media\/images\/22_figure_03.jpg\"><img decoding=\"async\" src=\"\/documents\/images\/PetitesQuestionsDePhysiologie\/2019\/media\/images\/22_figure_03.jpg\" width=\"300\" \" alt=\"Morphologie de la Mouche en vue lat\u00e9rale\" class=\"size-medium\" \/><figcaption class=\"wp-caption-text\">Figure\u00a03.\u00a0Morphologie de la Mouche en vue lat\u00e9rale  <\/a><\/figcaption><\/figure>\n<\/div>\n<div class=\"copyright\">\n<p>Copyright : 2019 &#8211; A\u00efmen Belkhiat ; Driss Ben Mouhamed ; James Eav ; Zackaria Mchachti ; Sandrine Heusser<\/p>\n<\/div>\n<div class=\"legalnotice\" title=\"Note L\u00e9gale\">\n<p> Cette illustration est mise \u00e0 disposition selon les termes de la Licence Creative Commons Attribution &#8211; Pas d&rsquo;Utilisation Commerciale &#8211; Partage dans les m\u00eames conditions 4.0 International.<span class=\"inlinemediaobject\"><br \/>\n<img decoding=\"async\" class=\"ccimage\" src=\"\/documents\/images\/PetitesQuestionsDePhysiologie\/2019\/media\/images\/00_licence.png\" width=\"50\"\/> <\/span> <\/p>\n<\/div>\n<\/figure>\n<p><\/p>\n<p>\u00c0 la diff\u00e9rence du Criquet, la Mouche poss\u00e8de une unique paire d&rsquo;ailes m\u00e9sothoraciques membraneuses.<br \/>\nLe m\u00e9tathorax pr\u00e9sente une paire d&rsquo;organes form\u00e9s d&rsquo;une sph\u00e8re port\u00e9e par une tige, appel\u00e9s halt\u00e8res ou balanciers. Ils correspondent \u00e0 des ailes m\u00e9tathoraciques modifi\u00e9es.<\/p>\n<p>En relation avec la pr\u00e9sence d&rsquo;une unique paire d&rsquo;ailes, la Mouche est class\u00e9e dans le groupe des Dipt\u00e8res.<\/p>\n<p>Ainsi, les ailes des Insectes sont diversifi\u00e9es en nombre comme en structure.<\/p>\n<p>Quelle est leur organisation tissulaire ?<\/p>\n<p>Quelles sont leurs propri\u00e9t\u00e9s en relation avec cette structure ?<\/p>\n<\/section>\n<section class=\"sect2\" id=\"d0e8756\">\n<h3 class=\"title\">Les ailes des Insectes : des replis t\u00e9gumentaires \u00e0 la fois souples et rigides <\/h3>\n<figure id=\"d0e8759\"\nclass=\"img\"\ntitle=\"Figure\u00a04.\u00a0Aile de Grillon en coupe transversale (Collection de l'ENS de Lyon)\"><\/p>\n<div class=\"figure\">\n<figure style=\"width: 300px\" class=\"wp-caption alignnone\"><a rel=\"lightbox\" href=\"\/documents\/images\/PetitesQuestionsDePhysiologie\/2019\/media\/images\/22_figure_04.jpg\"><img decoding=\"async\" src=\"\/documents\/images\/PetitesQuestionsDePhysiologie\/2019\/media\/images\/22_figure_04.jpg\" width=\"300\" \" alt=\"Aile de Grillon en coupe transversale (Collection de l'ENS de Lyon)\" class=\"size-medium\" \/><figcaption class=\"wp-caption-text\">Figure\u00a04.\u00a0Aile de Grillon en coupe transversale (Collection de l&rsquo;ENS de Lyon)  <\/a><\/figcaption><\/figure>\n<\/div>\n<div class=\"copyright\">\n<p>Copyright : 2019 &#8211; A\u00efmen Belkhiat ; Driss Ben Mouhamed ; James Eav ; Zackaria Mchachti ; Sandrine Heusser<\/p>\n<\/div>\n<div class=\"legalnotice\" title=\"Note L\u00e9gale\">\n<p> Cette illustration est mise \u00e0 disposition selon les termes de la Licence Creative Commons Attribution &#8211; Pas d&rsquo;Utilisation Commerciale &#8211; Partage dans les m\u00eames conditions 4.0 International.<span class=\"inlinemediaobject\"><br \/>\n<img decoding=\"async\" class=\"ccimage\" src=\"\/documents\/images\/PetitesQuestionsDePhysiologie\/2019\/media\/images\/00_licence.png\" width=\"50\"\/> <\/span> <\/p>\n<\/div>\n<\/figure>\n<p><\/p>\n<p>En coupe transversale, l&rsquo;aile de Grillon appara\u00eet d\u00e9limit\u00e9e par un \u00e9pith\u00e9lium simple et cubique recouvert de cuticule, correspondant au t\u00e9gument. Les deux feuillets sont quasiment accol\u00e9s.<br \/>\nLocalement ils m\u00e9nagent entre eux des epaces contenant de l&rsquo;h\u00e9molymphe, liquide circulant des Insectes. Ils comportent \u00e9galement des structures circulaires creuses, bord\u00e9es d&rsquo;un \u00e9pith\u00e9lium fin surmont\u00e9 d&rsquo;une cuticule h\u00e9riss\u00e9e de reliefs. Elles correspondent \u00e0 des trach\u00e9es, tubes de l&rsquo;appareil respiratoire acheminant l&rsquo;air aux cellules. Des unit\u00e9s circulaires de petite taille et pleines leurs sont associ\u00e9es, il s&rsquo;agit de nerfs.<br \/>\nH\u00e9molymphe, trach\u00e9es et nerfs sont les constituants des nervures visibles en surface.<\/p>\n<p>Finalement, les ailes des Insectes sont des replis t\u00e9gumentaires, constitu\u00e9s d&rsquo;\u00e9piderme recouvert de cuticule. <\/p>\n<p>La cuticule est un d\u00e9p\u00f4t dont l&rsquo;\u00e9paisseur varie de 15 \u00e0 1000&nbsp;\u00b5m, constitu\u00e9 de trois couches principales : <\/p>\n<ul class=\"itemizedlist\" style=\"list-style-type: disc; \">\n<li class=\"listitem\">une \u00e9picuticule externe, compos\u00e9e notamment de lipoprot\u00e9ines et de cires ;\n<\/li>\n<li class=\"listitem\">une exocuticule moyenne, form\u00e9e de chitine et de prot\u00e9ines, les scl\u00e9rotines ;\n<\/li>\n<li class=\"listitem\">une endocuticule interne, comportant de la chitine et des prot\u00e9ines, les arthropodines.\n<\/li>\n<\/ul>\n<p>La chitine est un polym\u00e8re de N-ac\u00e9tylglucosamine, souple et formant des microfibrilles.<br \/>\nDans l&rsquo;endocuticule, elles sont associ\u00e9es \u00e0 des arthropodines et dispos\u00e9es parall\u00e8lement au sein de feuillets empil\u00e9s. Les orientations des microfibrilles varient d&rsquo;un feuillet \u00e0 l&rsquo;autre. Un tel agencement conf\u00e8re \u00e0 la cuticule souplesse et r\u00e9sistance \u00e0 la tension.<br \/>\nDans l&rsquo;exocuticule, les arthropodines sont tann\u00e9es et transform\u00e9es en scl\u00e9rotines organis\u00e9es en r\u00e9seau rigide, conf\u00e9rant rigidit\u00e9 et duret\u00e9 \u00e0 la cuticule.<\/p>\n<p>Les nervures contribuent \u00e0 la rigidit\u00e9 des ailes, en particulier en raison de la pr\u00e9sence des trach\u00e9es et de la mise sous pression de l&rsquo;h\u00e9molymphe. Elles d\u00e9terminent \u00e9galement les lignes de pliage des ailes au repos.<\/p>\n<p>Les r\u00e9gions des ailes impliqu\u00e9es dans leur articulation avec le thorax sont par ailleurs particuli\u00e8rement riches en r\u00e9siline, prot\u00e9ine \u00e9lastique, ayant la capacit\u00e9 \u00e0 se d\u00e9former sous l&rsquo;effet d&rsquo;une force et \u00e0 retrouver sa forme initiale lorsque la force n&rsquo;est plus appliqu\u00e9e.<\/p>\n<figure id=\"d0e8813\"\nclass=\"img\"\ntitle=\"Figure\u00a05.\u00a0Membrane articulaire de Grillon en coupe transversale (Collection de l'ENS de Lyon)\"><\/p>\n<div class=\"figure\">\n<figure style=\"width: 300px\" class=\"wp-caption alignnone\"><a rel=\"lightbox\" href=\"\/documents\/images\/PetitesQuestionsDePhysiologie\/2019\/media\/images\/22_figure_05.jpg\"><img decoding=\"async\" src=\"\/documents\/images\/PetitesQuestionsDePhysiologie\/2019\/media\/images\/22_figure_05.jpg\" width=\"300\" \" alt=\"Membrane articulaire de Grillon en coupe transversale (Collection de l'ENS de Lyon)\" class=\"size-medium\" \/><figcaption class=\"wp-caption-text\">Figure\u00a05.\u00a0Membrane articulaire de Grillon en coupe transversale (Collection de l&rsquo;ENS de Lyon)  <\/a><\/figcaption><\/figure>\n<\/div>\n<div class=\"copyright\">\n<p>Copyright : 2019 &#8211; A\u00efmen Belkhiat ; Driss Ben Mouhamed ; James Eav ; Zackaria Mchachti ; Sandrine Heusser<\/p>\n<\/div>\n<div class=\"legalnotice\" title=\"Note L\u00e9gale\">\n<p> Cette illustration est mise \u00e0 disposition selon les termes de la Licence Creative Commons Attribution &#8211; Pas d&rsquo;Utilisation Commerciale &#8211; Partage dans les m\u00eames conditions 4.0 International.<span class=\"inlinemediaobject\"><br \/>\n<img decoding=\"async\" class=\"ccimage\" src=\"\/documents\/images\/PetitesQuestionsDePhysiologie\/2019\/media\/images\/00_licence.png\" width=\"50\"\/> <\/span> <\/p>\n<\/div>\n<\/figure>\n<p><\/p>\n<p>Les membranes articulaires reliant les ailes et les pi\u00e8ces squelettiques sont constitu\u00e9es d&rsquo;\u00e9piderme surmont\u00e9 par une cuticule d\u00e9pourvue d&rsquo;exocuticule. En cons\u00e9quence, elles demeurent souples.<\/p>\n<p>Comment les ailes ainsi d\u00e9crites participent-elles au vol ?<\/p>\n<\/section>\n<section class=\"sect2\" id=\"d0e8849\">\n<h3 class=\"title\">Les ailes des Insectes : des organes de sustentation et de propulsion <\/h3>\n<p>En relation avec leur position et leur organisation, les ailes des Insectes poss\u00e8dent une face dorsale, une face ventrale ainsi qu&rsquo;un bord d\u2019attaque \u00e0 l&rsquo;avant et un bord de fuite \u00e0 l&rsquo;arri\u00e8re.<br \/>\nLors du vol, elles battent d&rsquo;avant en arri\u00e8re et \u00e0 chaque changement de sens effectuent une rotation, elles d\u00e9crivent ainsi une sorte de 8.<br \/>\nLes ailes en mouvement exercent sur l&rsquo;air environnant une action provoquant une r\u00e9action form\u00e9e d&rsquo;une composante verticale, la portance, et d&rsquo;une composante orient\u00e9e vers l&rsquo;avant, la propulsion.<\/p>\n<p>Dans le cas des Oiseaux, les ailes poss\u00e8dent de m\u00eame des faces dorsale et ventrale, et des bords d&rsquo;attaque et de fuite.<br \/>\nLe bord d&rsquo;attaque est \u00e9largi et le bord de fuite effil\u00e9. Un tel profil autorise un \u00e9coulement laminaire de l&rsquo;air le long de l&rsquo;aile. Le bord d&rsquo;attaque s\u00e9pare le flux d&rsquo;air en un flux circulant sur la face dorsale de l&rsquo;aile et un flux circulant sous sa face ventrale.<br \/>\nLa vitesse de l&rsquo;air s&rsquo;\u00e9coulant sur la face dorsale est sup\u00e9rieure \u00e0 celle de l&rsquo;air s&rsquo;\u00e9coulant sur la face ventrale, en cons\u00e9quence la pression sur la face dorsale est inf\u00e9rieure \u00e0 la pression sur la face ventrale. La diff\u00e9rence de pression ainsi g\u00e9n\u00e9r\u00e9e est \u00e0 l&rsquo;origine d&rsquo;une force orient\u00e9e vers le haut, la portance. <\/p>\n<p>L&rsquo;angle d&rsquo;attaque de l&rsquo;aile des Insectes est g\u00e9n\u00e9ralement de 25\u00b0 \u00e0 45\u00b0. Dans ces conditions, l&rsquo;\u00e9coulement de l&rsquo;air n&rsquo;est pas laminaire maix turbulent et aucune portance n&rsquo;\u00e9tant g\u00e9n\u00e9r\u00e9e, il y a d\u00e9crochage.<br \/>\nLe vol des Insectes ne peut donc \u00eatre mod\u00e9lis\u00e9 comme celui des Oiseaux. Il semble que les battements des ailes provoquent la formation de tourbillons au niveau de leur bord d&rsquo;attaque, \u00e0 l&rsquo;origine de d\u00e9pressions temporaires g\u00e9n\u00e9rant ponctuellement une portance pr\u00e9c\u00e9dant le d\u00e9crochage. La fr\u00e9quence de battement des ailes est telle que le d\u00e9crochage d\u00fb \u00e0 un battement d&rsquo;ailes n&rsquo;est pas achev\u00e9 avant le battement suivant.<br \/>\nPar ailleurs, des tourbillons sont g\u00e9n\u00e9r\u00e9s \u00e0 l&rsquo;arri\u00e8re de l&rsquo;animal par les battements des ailes vers l&rsquo;arri\u00e8re. Ils sont \u00e0 l&rsquo;origine d&rsquo;une portance s&rsquo;exer\u00e7ant sur les ailes lors de leurs battements vers l&rsquo;avant.<br \/>\nIl semblerait \u00e9galement que la portance r\u00e9sulte des rotations des ailes.<\/p>\n<p>Dans le cas du Criquet les \u00e9lytres, \u00e9troits et rigides, prot\u00e8gent au repos les ailes post\u00e9rieures. Pendant le vol, ils contribuent \u00e0 l&rsquo;\u00e9quilibrage.<\/p>\n<p>Ainsi, la sustentation est principalement due \u00e0 la formation d&rsquo;un vortex de bord d&rsquo;attaque lors d&rsquo;un battement d&rsquo;ailes, g\u00e9n\u00e9rant une aspiration vers le haut, portance rapidement renouvel\u00e9e par le battement suivant.<br \/>\nLes battements d&rsquo;ailes sont \u00e9galement \u00e0 l&rsquo;origine de la propulsion.<\/p>\n<p>Les ailes exercent une force sur l&rsquo;air environnant gr\u00e2ce \u00e0 leurs mouvements.<\/p>\n<p>Quelle est leur origine ?<\/p>\n<\/section>\n<p> &nbsp; <\/p>\n<footer>\n<hr \/>\n<table style=\"width: 100%; \">\n<tr>\n<td style=\"width: 40%; text-align: left; \">\n<a href=\"\/codex\/petites-questions-de-physiologie\/petites-questions-de-physiologie-animale-2019-ouvrage\/le-vol-a-partir-de-lexemple-des-insectes-introduction\" title=\"Le vol \u00e0 partir de l\u2019exemple des Insectes : introduction\">Pr\u00e9c\u00e9dent<\/a>\u00a0<\/td>\n<td style=\"width: 20%; text-align: center; \">\n<a href=\"\/codex\/petites-questions-de-physiologie\/petites-questions-de-physiologie-animale-2019-ouvrage\/le-vol-a-partir-de-lexemple-des-insectes-introduction\" title=\"Le vol \u00e0 partir de l\u2019exemple des Insectes : introduction\">Niveau sup\u00e9rieur<\/a>\n<\/td>\n<td style=\"width: 40%; text-align: right; \"><a href=\"\/codex\/petites-questions-de-physiologie\/petites-questions-de-physiologie-animale-2019-ouvrage\/le-vol-des-insectes-une-musculature-a-lorigine-des-forces\" title=\"Le vol des Insectes : une musculature \u00e0 l\u2019origine des forces\">Suivant<\/a>\n<\/td>\n<\/tr>\n<tr>\n<td style=\"width: 40%; text-align: left; vertical-align: top; \">Le vol \u00e0 partir de l\u2019exemple des Insectes \u00a0<\/td>\n<td style=\"width: 20%; text-align: center; \">\n<a href=\"\/codex\/petites-questions-de-physiologie\/petites-questions-de-physiologie-animale-2019-ouvrage\" title=\"Petites questions de physiologie animale 2019 : ouvrage\">Sommaire<\/a>\n<\/td>\n<td style=\"width: 40%; text-align: right; vertical-align: top; \">\u00a0Le vol des Insectes : une musculature \u00e0 l\u2019origine des forces<\/td>\n<\/tr>\n<\/table>\n<\/footer>\n","protected":false},"excerpt":{"rendered":"<p>Le vol des Insectes : des ailes assurant la transmission de forces Pr\u00e9c\u00e9dent\u00a0 Le vol \u00e0 partir de l\u2019exemple des Insectes Suivant &nbsp; Les organes du vol des Insectes sont les ailes port\u00e9es par le m\u00e9sothorax et le m\u00e9tathorax. Quelles sont leurs caract\u00e9ristiques structurales et fonctionnelles ? Les ailes des Insectes : des organes de [&hellip;]<\/p>\n","protected":false},"author":2,"featured_media":0,"parent":13169,"menu_order":56,"comment_status":"closed","ping_status":"closed","template":"","meta":{"site-sidebar-layout":"default","site-content-layout":"","ast-site-content-layout":"default","site-content-style":"default","site-sidebar-style":"default","ast-global-header-display":"","ast-banner-title-visibility":"","ast-main-header-display":"","ast-hfb-above-header-display":"","ast-hfb-below-header-display":"","ast-hfb-mobile-header-display":"","site-post-title":"","ast-breadcrumbs-content":"","ast-featured-img":"","footer-sml-layout":"","ast-disable-related-posts":"","theme-transparent-header-meta":"","adv-header-id-meta":"","stick-header-meta":"","header-above-stick-meta":"","header-main-stick-meta":"","header-below-stick-meta":"","astra-migrate-meta-layouts":"default","ast-page-background-enabled":"default","ast-page-background-meta":{"desktop":{"background-color":"var(--ast-global-color-4)","background-image":"","background-repeat":"repeat","background-position":"center center","background-size":"auto","background-attachment":"scroll","background-type":"","background-media":"","overlay-type":"","overlay-color":"","overlay-opacity":"","overlay-gradient":""},"tablet":{"background-color":"","background-image":"","background-repeat":"repeat","background-position":"center center","background-size":"auto","background-attachment":"scroll","background-type":"","background-media":"","overlay-type":"","overlay-color":"","overlay-opacity":"","overlay-gradient":""},"mobile":{"background-color":"","background-image":"","background-repeat":"repeat","background-position":"center center","background-size":"auto","background-attachment":"scroll","background-type":"","background-media":"","overlay-type":"","overlay-color":"","overlay-opacity":"","overlay-gradient":""}},"ast-content-background-meta":{"desktop":{"background-color":"var(--ast-global-color-5)","background-image":"","background-repeat":"repeat","background-position":"center center","background-size":"auto","background-attachment":"scroll","background-type":"","background-media":"","overlay-type":"","overlay-color":"","overlay-opacity":"","overlay-gradient":""},"tablet":{"background-color":"var(--ast-global-color-5)","background-image":"","background-repeat":"repeat","background-position":"center center","background-size":"auto","background-attachment":"scroll","background-type":"","background-media":"","overlay-type":"","overlay-color":"","overlay-opacity":"","overlay-gradient":""},"mobile":{"background-color":"var(--ast-global-color-5)","background-image":"","background-repeat":"repeat","background-position":"center center","background-size":"auto","background-attachment":"scroll","background-type":"","background-media":"","overlay-type":"","overlay-color":"","overlay-opacity":"","overlay-gradient":""}},"footnotes":""},"class_list":["post-13945","page","type-page","status-publish","hentry"],"aioseo_notices":[],"jetpack_sharing_enabled":true,"_links":{"self":[{"href":"https:\/\/codexvirtualis.fr\/codex\/wp-json\/wp\/v2\/pages\/13945","targetHints":{"allow":["GET"]}}],"collection":[{"href":"https:\/\/codexvirtualis.fr\/codex\/wp-json\/wp\/v2\/pages"}],"about":[{"href":"https:\/\/codexvirtualis.fr\/codex\/wp-json\/wp\/v2\/types\/page"}],"author":[{"embeddable":true,"href":"https:\/\/codexvirtualis.fr\/codex\/wp-json\/wp\/v2\/users\/2"}],"replies":[{"embeddable":true,"href":"https:\/\/codexvirtualis.fr\/codex\/wp-json\/wp\/v2\/comments?post=13945"}],"version-history":[{"count":4,"href":"https:\/\/codexvirtualis.fr\/codex\/wp-json\/wp\/v2\/pages\/13945\/revisions"}],"predecessor-version":[{"id":14058,"href":"https:\/\/codexvirtualis.fr\/codex\/wp-json\/wp\/v2\/pages\/13945\/revisions\/14058"}],"up":[{"embeddable":true,"href":"https:\/\/codexvirtualis.fr\/codex\/wp-json\/wp\/v2\/pages\/13169"}],"wp:attachment":[{"href":"https:\/\/codexvirtualis.fr\/codex\/wp-json\/wp\/v2\/media?parent=13945"}],"curies":[{"name":"wp","href":"https:\/\/api.w.org\/{rel}","templated":true}]}}