{"id":13899,"date":"2021-07-27T17:17:26","date_gmt":"2021-07-27T15:17:26","guid":{"rendered":"https:\/\/codexvirtualis.fr\/codex\/?page_id=13899"},"modified":"2021-08-01T12:45:27","modified_gmt":"2021-08-01T10:45:27","slug":"posseder-un-squelette-externe-ou-un-squelette-interne-a-partir-des-exemples-des-euarthropodes-et-des-vertebres-conclusion","status":"publish","type":"page","link":"https:\/\/codexvirtualis.fr\/codex\/petites-questions-de-physiologie\/petites-questions-de-physiologie-animale-2019-ouvrage\/posseder-un-squelette-externe-ou-un-squelette-interne-a-partir-des-exemples-des-euarthropodes-et-des-vertebres-conclusion","title":{"rendered":"Poss\u00e9der un squelette externe ou un squelette interne \u00e0 partir des exemples des Euarthropodes et des Vert\u00e9br\u00e9s : conclusion"},"content":{"rendered":"<header>\n<table style=\"width: 100%; \">\n<tr>\n<th style=\"text-align: center; \" colspan=\"3\">Conclusion<\/th>\n<\/tr>\n<tr>\n<td style=\"width: 20%; text-align: left; \">\n<a href=\"\/codex\/petites-questions-de-physiologie\/petites-questions-de-physiologie-animale-2019-ouvrage\/posseder-un-squelette-externe-ou-interne-realiser-une-croissance-discontinue-ou-continue\" title=\"Poss\u00e9der un squelette externe ou interne : r\u00e9aliser une croissance discontinue ou continue\">Pr\u00e9c\u00e9dent<\/a><\/td>\n<th style=\"width: 60%; text-align: center; \">Poss\u00e9der un squelette externe ou un squelette interne \u00e0 partir des exemples des Euarthropodes et des Vert\u00e9br\u00e9s<\/th>\n<td style=\"width: 20%; text-align: right; \"><a href=\"\/codex\/petites-questions-de-physiologie\/petites-questions-de-physiologie-animale-2019-ouvrage\/posseder-un-squelette-externe-ou-un-squelette-interne-a-partir-des-exemples-des-euarthropodes-et-des-vertebres-bibliographie-et-sitographie\" title=\"Poss\u00e9der un squelette externe ou un squelette interne \u00e0 partir des exemples des Euarthropodes et des Vert\u00e9br\u00e9s : bibliographie et sitographie\">Suivant<\/a>\n<\/td>\n<\/tr>\n<\/table>\n<hr \/>\n<\/header>\n<p> &nbsp; <\/p>\n<p>Les squelettes externe des Euarthropodes et interne des Vert\u00e9br\u00e9s jouent donc des r\u00f4les similaires.<br \/>\nCharpente du corps, ils en  assurent le soutien, mais \u00e9galement la protection. Ils contribuent par ailleurs \u00e0 la mobilit\u00e9 gr\u00e2ce aux articulations et \u00e0 leur association avec la musculature.<br \/>\nCes fonctions partag\u00e9es sont li\u00e9es \u00e0 leurs propri\u00e9t\u00e9s communes : solidit\u00e9 et rigidit\u00e9, souplesse et flexibilit\u00e9, \u00e9lasticit\u00e9.<\/p>\n<p>Pourtant leurs compositions diff\u00e8rent.<br \/>\nLe squelette externe des Euarthropodes, correspondant \u00e0 la cuticule, est de nature chitineuse et prot\u00e9ique. Il est parfois min\u00e9ralis\u00e9 mais ne contient pas de cellule.<br \/>\nLe squelette interne des Vert\u00e9br\u00e9s, correspondant aux os est form\u00e9 de glycoprot\u00e9ines \u00e0 glycosaminoglycanes et de prot\u00e9ines principalement. Il est de m\u00eame parfois min\u00e9ralis\u00e9 mais il contient des cellules.<br \/>\nFinalement, des compositions distinctes conduisent \u00e0 des propri\u00e9t\u00e9s comparables.<\/p>\n<p>Leurs localisations les distinguent \u00e9galement.<br \/>\nLe squelette des Euarthropodes forme l&rsquo;enveloppe corporelle alors que celui des Vert\u00e9br\u00e9s est profond. Des expansions internes existent cependant chez les premiers, favorisant l&rsquo;insertion des muscles, et des os superficiels sont pr\u00e9sents chez les seconds, autorisant une fonction protectrice. <\/p>\n<p>Exosquelette et endosquelette sont \u00e0 l&rsquo;origine de contraintes concernant la croissance et la taille des organismes.<br \/>\nLa croissance des Euarthropodes poss\u00e9dant un exosquelette est discontinue. Elle implique un processus de mue consistant \u00e0 renouveler le squelette.<br \/>\n\u00c0 l&rsquo;inverse la croissance des Vert\u00e9br\u00e9s pr\u00e9sentant un endosquelette est continue. Elle consiste en un allongement et un \u00e9paississement du squelette concomitants de la croissance des tissus mous.<\/p>\n<p>En relation avec leur capacit\u00e9 \u00e0 renouveler leur cuticule, le processus de cicatrisation des Euarthropodes est relativement rapide. Chez les Vert\u00e9br\u00e9s, la cicatrisation osseuse est beaucoup plus lente.<\/p>\n<p>L&rsquo;exosquelette est vraisemblablement un facteur limitant la taille maximale des Euarthropodes.<br \/>\nEn effet, la masse de la cuticule cro\u00eet consid\u00e9rablement avec la taille de l&rsquo;organisme alors que le volume du corps n&rsquo;augmente pas proportionnellement. En cons\u00e9quence, la musculature ne peut se d\u00e9velopper suffisamment et la mobilit\u00e9 devient impossible.<br \/>\nL&rsquo;endosquelette en revanche n&rsquo;a pas d&rsquo;impact sur le volume corporel.   <\/p>\n<p>Bien que les squelettes des Euarthropodes pr\u00e9sentent des caract\u00e9ristiques communes, ils se r\u00e9v\u00e8lent divers en relation avec le milieu de vie et le mode de vie notamment. Il en va de m\u00eame des Vert\u00e9br\u00e9s.<br \/>\nAinsi en milieu aquatique, o\u00f9 la pouss\u00e9e d&rsquo;Archim\u00e8de est importante, les squelettes sont fr\u00e9quemment denses, alors qu&rsquo;en milieu a\u00e9rien peu porteur ils sont g\u00e9n\u00e9ralement plus l\u00e9gers. <\/p>\n<p> &nbsp; <\/p>\n<footer>\n<hr \/>\n<table style=\"width: 100%; \">\n<tr>\n<td style=\"width: 40%; text-align: left; \"><a href=\"\/codex\/petites-questions-de-physiologie\/petites-questions-de-physiologie-animale-2019-ouvrage\/posseder-un-squelette-externe-ou-interne-realiser-une-croissance-discontinue-ou-continue\" title=\"Poss\u00e9der un squelette externe ou interne : r\u00e9aliser une croissance discontinue ou continue\">Pr\u00e9c\u00e9dent<\/a><\/td>\n<td style=\"width: 20%; text-align: center; \">\n<a href=\"\/codex\/petites-questions-de-physiologie\/petites-questions-de-physiologie-animale-2019-ouvrage\/posseder-un-squelette-externe-ou-un-squelette-interne-a-partir-des-exemples-des-euarthropodes-et-des-vertebres-introduction\" title=\"Poss\u00e9der un squelette externe ou un squelette interne \u00e0 partir des exemples des Euarthropodes et des Vert\u00e9br\u00e9s : introduction\">Niveau sup\u00e9rieur<\/a>\n<\/td>\n<td style=\"width: 40%; text-align: right; \"><a href=\"\/codex\/petites-questions-de-physiologie\/petites-questions-de-physiologie-animale-2019-ouvrage\/posseder-un-squelette-externe-ou-un-squelette-interne-a-partir-des-exemples-des-euarthropodes-et-des-vertebres-bibliographie-et-sitographie\" title=\"Poss\u00e9der un squelette externe ou un squelette interne \u00e0 partir des exemples des Euarthropodes et des Vert\u00e9br\u00e9s : bibliographie et sitographie\">Suivant<\/a>\n<\/td>\n<\/tr>\n<tr>\n<td style=\"width: 40%; text-align: left; vertical-align: top; \">Poss\u00e9der un squelette externe ou interne&nbsp;: r\u00e9aliser une croissance discontinue oucontinue \u00a0<\/td>\n<td style=\"width: 20%; text-align: center; \">\n<a href=\"\/codex\/petites-questions-de-physiologie\/petites-questions-de-physiologie-animale-2019-ouvrage\" title=\"Petites questions de physiologie animale 2019 : ouvrage\">Sommaire<\/a>\n<\/td>\n<td style=\"width: 40%; text-align: right; vertical-align: top; \">\u00a0Bibliographie et sitographie<\/td>\n<\/tr>\n<\/table>\n<\/footer>\n","protected":false},"excerpt":{"rendered":"<p>Conclusion Pr\u00e9c\u00e9dent Poss\u00e9der un squelette externe ou un squelette interne \u00e0 partir des exemples des Euarthropodes et des Vert\u00e9br\u00e9s Suivant &nbsp; Les squelettes externe des Euarthropodes et interne des Vert\u00e9br\u00e9s jouent donc des r\u00f4les similaires. Charpente du corps, ils en assurent le soutien, mais \u00e9galement la protection. Ils contribuent par ailleurs \u00e0 la mobilit\u00e9 gr\u00e2ce [&hellip;]<\/p>\n","protected":false},"author":2,"featured_media":0,"parent":13169,"menu_order":53,"comment_status":"closed","ping_status":"closed","template":"","meta":{"site-sidebar-layout":"default","site-content-layout":"","ast-site-content-layout":"default","site-content-style":"default","site-sidebar-style":"default","ast-global-header-display":"","ast-banner-title-visibility":"","ast-main-header-display":"","ast-hfb-above-header-display":"","ast-hfb-below-header-display":"","ast-hfb-mobile-header-display":"","site-post-title":"","ast-breadcrumbs-content":"","ast-featured-img":"","footer-sml-layout":"","ast-disable-related-posts":"","theme-transparent-header-meta":"","adv-header-id-meta":"","stick-header-meta":"","header-above-stick-meta":"","header-main-stick-meta":"","header-below-stick-meta":"","astra-migrate-meta-layouts":"default","ast-page-background-enabled":"default","ast-page-background-meta":{"desktop":{"background-color":"var(--ast-global-color-4)","background-image":"","background-repeat":"repeat","background-position":"center center","background-size":"auto","background-attachment":"scroll","background-type":"","background-media":"","overlay-type":"","overlay-color":"","overlay-opacity":"","overlay-gradient":""},"tablet":{"background-color":"","background-image":"","background-repeat":"repeat","background-position":"center center","background-size":"auto","background-attachment":"scroll","background-type":"","background-media":"","overlay-type":"","overlay-color":"","overlay-opacity":"","overlay-gradient":""},"mobile":{"background-color":"","background-image":"","background-repeat":"repeat","background-position":"center center","background-size":"auto","background-attachment":"scroll","background-type":"","background-media":"","overlay-type":"","overlay-color":"","overlay-opacity":"","overlay-gradient":""}},"ast-content-background-meta":{"desktop":{"background-color":"var(--ast-global-color-5)","background-image":"","background-repeat":"repeat","background-position":"center center","background-size":"auto","background-attachment":"scroll","background-type":"","background-media":"","overlay-type":"","overlay-color":"","overlay-opacity":"","overlay-gradient":""},"tablet":{"background-color":"var(--ast-global-color-5)","background-image":"","background-repeat":"repeat","background-position":"center center","background-size":"auto","background-attachment":"scroll","background-type":"","background-media":"","overlay-type":"","overlay-color":"","overlay-opacity":"","overlay-gradient":""},"mobile":{"background-color":"var(--ast-global-color-5)","background-image":"","background-repeat":"repeat","background-position":"center center","background-size":"auto","background-attachment":"scroll","background-type":"","background-media":"","overlay-type":"","overlay-color":"","overlay-opacity":"","overlay-gradient":""}},"footnotes":""},"class_list":["post-13899","page","type-page","status-publish","hentry"],"aioseo_notices":[],"jetpack_sharing_enabled":true,"_links":{"self":[{"href":"https:\/\/codexvirtualis.fr\/codex\/wp-json\/wp\/v2\/pages\/13899","targetHints":{"allow":["GET"]}}],"collection":[{"href":"https:\/\/codexvirtualis.fr\/codex\/wp-json\/wp\/v2\/pages"}],"about":[{"href":"https:\/\/codexvirtualis.fr\/codex\/wp-json\/wp\/v2\/types\/page"}],"author":[{"embeddable":true,"href":"https:\/\/codexvirtualis.fr\/codex\/wp-json\/wp\/v2\/users\/2"}],"replies":[{"embeddable":true,"href":"https:\/\/codexvirtualis.fr\/codex\/wp-json\/wp\/v2\/comments?post=13899"}],"version-history":[{"count":5,"href":"https:\/\/codexvirtualis.fr\/codex\/wp-json\/wp\/v2\/pages\/13899\/revisions"}],"predecessor-version":[{"id":14055,"href":"https:\/\/codexvirtualis.fr\/codex\/wp-json\/wp\/v2\/pages\/13899\/revisions\/14055"}],"up":[{"embeddable":true,"href":"https:\/\/codexvirtualis.fr\/codex\/wp-json\/wp\/v2\/pages\/13169"}],"wp:attachment":[{"href":"https:\/\/codexvirtualis.fr\/codex\/wp-json\/wp\/v2\/media?parent=13899"}],"curies":[{"name":"wp","href":"https:\/\/api.w.org\/{rel}","templated":true}]}}