{"id":13896,"date":"2021-07-27T17:17:33","date_gmt":"2021-07-27T15:17:33","guid":{"rendered":"https:\/\/codexvirtualis.fr\/codex\/?page_id=13896"},"modified":"2021-08-01T12:45:01","modified_gmt":"2021-08-01T10:45:01","slug":"posseder-un-squelette-externe-ou-interne-realiser-une-croissance-discontinue-ou-continue","status":"publish","type":"page","link":"https:\/\/codexvirtualis.fr\/codex\/petites-questions-de-physiologie\/petites-questions-de-physiologie-animale-2019-ouvrage\/posseder-un-squelette-externe-ou-interne-realiser-une-croissance-discontinue-ou-continue","title":{"rendered":"Poss\u00e9der un squelette externe ou interne : r\u00e9aliser une croissance discontinue ou continue"},"content":{"rendered":"<header>\n<table style=\"width: 100%; \">\n<tr>\n<th style=\"text-align: center; \" colspan=\"3\">Poss\u00e9der un squelette externe ou interne : r\u00e9aliser une croissance discontinue ou continue <\/th>\n<\/tr>\n<tr>\n<td style=\"width: 20%; text-align: left; \">\n<a href=\"\/codex\/petites-questions-de-physiologie\/petites-questions-de-physiologie-animale-2019-ouvrage\/posseder-un-squelette-externe-ou-interne-des-pieces-articulees-permettant-la-mobilite\" title=\"Poss\u00e9der un squelette externe ou interne : des pi\u00e8ces articul\u00e9es permettant la mobilit\u00e9\">Pr\u00e9c\u00e9dent<\/a><\/td>\n<th style=\"width: 60%; text-align: center; \">Poss\u00e9der un squelette externe ou un squelette interne \u00e0 partir des exemples des Euarthropodes et des Vert\u00e9br\u00e9s<\/th>\n<td style=\"width: 20%; text-align: right; \"><a href=\"\/codex\/petites-questions-de-physiologie\/petites-questions-de-physiologie-animale-2019-ouvrage\/posseder-un-squelette-externe-ou-un-squelette-interne-a-partir-des-exemples-des-euarthropodes-et-des-vertebres-conclusion\" title=\"Poss\u00e9der un squelette externe ou un squelette interne \u00e0 partir des exemples des Euarthropodes et des Vert\u00e9br\u00e9s : conclusion\">Suivant<\/a>\n<\/td>\n<\/tr>\n<\/table>\n<hr \/>\n<\/header>\n<p> &nbsp; <\/p>\n<section class=\"sect1\" id=\"d0e8240\">\n<p>La croissance d&rsquo;un organisme animal est d\u00e9finie comme l&rsquo;accroissement progressif de sa taille ou de sa masse, sans perte de son individualit\u00e9.<\/p>\n<\/section>\n<section class=\"sect2\" id=\"d0e8245\">\n<h3 class=\"title\">La cuticule : un exosquelette \u00e0 l&rsquo;origine d&rsquo;une croissance discontinue <\/h3>\n<p> &nbsp; <\/p>\n<p>Les cons\u00e9quences de la pr\u00e9sence d&rsquo;un squelette externe sur la croissance peuvent \u00eatre illustr\u00e9es par le cas du Grillon.<\/p>\n<figure id=\"d0e8250\"\nclass=\"img\"\ntitle=\"Figure\u00a09.\u00a0Thorax de Grillon en coupe transversale (Collection de l\u2019ENS de Lyon)\"><\/p>\n<div class=\"figure\">\n<figure style=\"width: 300px\" class=\"wp-caption alignnone\"><a rel=\"lightbox\" href=\"\/documents\/images\/PetitesQuestionsDePhysiologie\/2019\/media\/images\/19_figure_09.jpg\"><img decoding=\"async\" src=\"\/documents\/images\/PetitesQuestionsDePhysiologie\/2019\/media\/images\/19_figure_09.jpg\" width=\"300\" \" alt=\"Thorax de Grillon en coupe transversale (Collection de l\u2019ENS de Lyon)\" class=\"size-medium\" \/><figcaption class=\"wp-caption-text\">Figure\u00a09.\u00a0Thorax de Grillon en coupe transversale (Collection de l\u2019ENS de Lyon)  <\/a><\/figcaption><\/figure>\n<\/div>\n<div class=\"copyright\">\n<p>Copyright : 2019 &#8211; Amina Abdou Madi ; Fostine Chaise ; Lauriane Linossier ; Sandrine Heusser<\/p>\n<\/div>\n<div class=\"legalnotice\" title=\"Note L\u00e9gale\">\n<p> Cette illustration est mise \u00e0 disposition selon les termes de la Licence Creative Commons Attribution &#8211; Pas d&rsquo;Utilisation Commerciale &#8211; Partage dans les m\u00eames conditions 4.0 International.<span class=\"inlinemediaobject\"><br \/>\n<img decoding=\"async\" class=\"ccimage\" src=\"\/documents\/images\/PetitesQuestionsDePhysiologie\/2019\/media\/images\/00_licence.png\" width=\"50\"\/> <\/span> <\/p>\n<\/div>\n<\/figure>\n<p><\/p>\n<p>Le corps du Grillon comme de tous les Euarthropodes est recouvert par la cuticule.<br \/>\nElle constitue une enveloppe rigide peu d\u00e9formable et inextensible, en relation avec sa fonction de squelette externe. En cons\u00e9quence, elle de\u0301termine le volume du corps et emp\u00eache tout accroissement de taille ou de masse. <\/p>\n<figure id=\"d0e8282\"\nclass=\"img\"\ntitle=\"Figure\u00a010.\u00a0Exuvie de Grillon en vue dorsale (Collection de l\u2019Universit\u00e9 Jean Monnet)\"><\/p>\n<div class=\"figure\">\n<figure style=\"width: 300px\" class=\"wp-caption alignnone\"><a rel=\"lightbox\" href=\"\/documents\/images\/PetitesQuestionsDePhysiologie\/2019\/media\/images\/19_figure_10.jpg\"><img decoding=\"async\" src=\"\/documents\/images\/PetitesQuestionsDePhysiologie\/2019\/media\/images\/19_figure_10.jpg\" width=\"300\" \" alt=\"Exuvie de Grillon en vue dorsale (Collection de l\u2019Universit\u00e9 Jean Monnet)\" class=\"size-medium\" \/><figcaption class=\"wp-caption-text\">Figure\u00a010.\u00a0Exuvie de Grillon en vue dorsale (Collection de l\u2019Universit\u00e9 Jean Monnet)  <\/a><\/figcaption><\/figure>\n<\/div>\n<div class=\"copyright\">\n<p>Copyright : 2019 &#8211; Amina Abdou Madi ; Fostine Chaise ; Lauriane Linossier ; Sandrine Heusser<\/p>\n<\/div>\n<div class=\"legalnotice\" title=\"Note L\u00e9gale\">\n<p> Cette illustration est mise \u00e0 disposition selon les termes de la Licence Creative Commons Attribution &#8211; Pas d&rsquo;Utilisation Commerciale &#8211; Partage dans les m\u00eames conditions 4.0 International.<span class=\"inlinemediaobject\"><br \/>\n<img decoding=\"async\" class=\"ccimage\" src=\"\/documents\/images\/PetitesQuestionsDePhysiologie\/2019\/media\/images\/00_licence.png\" width=\"50\"\/> <\/span> <\/p>\n<\/div>\n<\/figure>\n<p><\/p>\n<p>P\u00e9riodiquement, en p\u00e9riode de croissance, le Grillon abandonne son enveloppe de cuticule \u00e0 la faveur d&rsquo;un processus appel\u00e9 exuviation ou ecdysis. <\/p>\n<p>La cuticule \u00e9limin\u00e9e, appel\u00e9e exuvie, est ouverte selon une ligne ecdysiale par laquelle l&rsquo;animal s&rsquo;extrait.<br \/>\nL&rsquo;exuvie comporte non seulement l&rsquo;enveloppe corporelle mais \u00e9galement la cuticule bordant toutes les invaginations t\u00e9gumentaires, notamment les trach\u00e9es et les r\u00e9gions ant\u00e9rieure et post\u00e9rieure du tube digestif.<\/p>\n<p>Sous l&rsquo;ancienne cuticule, une nouvelle cuticule est produite.<br \/>\nSouple au moment de l&rsquo;abandon de l&rsquo;exuvie, elle est \u00e9tir\u00e9e alors que le volume du Grillon augmente apr\u00e8s qu&rsquo;il ait aval\u00e9 de l&rsquo;air. Elle dur\u00e7it ensuite, constituant un exosquelette de taille sup\u00e9rieure \u00e0 celle de l&rsquo;ancienne cuticule. L&rsquo;air peut alors \u00eatre remplac\u00e9 par de nouveaux tissus.<\/p>\n<p>L&rsquo;ensemble \u00e9limination de l&rsquo;ancienne cuticule et production de la nouvelle ncuticule constitue la mue. Elle comporte plusieurs \u00e9tapes :<\/p>\n<ul class=\"itemizedlist\" style=\"list-style-type: disc; \">\n<li class=\"listitem\">les cellules de l&rsquo;\u00e9piderme se divisent par mitose et l&rsquo;ancienne cuticule est d\u00e9coll\u00e9e de l&rsquo;\u00e9piderme par un processus appel\u00e9 apolyse, conduisant \u00e0 la formation d&rsquo;un espace sous-cuticulaire ;\n<\/li>\n<li class=\"listitem\">les cellules \u00e9pidermiques produisent un liquide exuvial contenant des enzymes comme la chitinase, d\u00e9vers\u00e9 dans l&rsquo;espace sous-cuticulaire \u00e0 l&rsquo;\u00e9tat inactif ;\n<\/li>\n<li class=\"listitem\">l&rsquo;\u00e9piderme \u00e9labore une nouvelle cuticule alors que les enzymes du liquide exuvial sont activ\u00e9es et r\u00e9alisent la digestion de l&rsquo;ancienne endocuticule, seules l&rsquo;exocuticule et l&rsquo;\u00e9picuticule persistent ;\n<\/li>\n<li class=\"listitem\">l&rsquo;ancrage des muscles est progressivement transf\u00e9r\u00e9 de l&rsquo;ancienne \u00e0 la nouvelle cuticule ;\n<\/li>\n<li class=\"listitem\">l&rsquo;ancienne cuticule c\u00e8de sous la pression de l&rsquo;h\u00e9molymphe au niveau de lignes de moindre r\u00e9sistance d&rsquo;o\u00f9 l&rsquo;exocuticule est absente, et est rejet\u00e9e.\n<\/li>\n<\/ul>\n<p>Pendant la mue, les Euarthropodes sont d\u00e9pourvus d&rsquo;enveloppe corporelle rigide. Avant que leur nouvelle cuticule durcisse, elle n&rsquo;offre ni protection, ni soutien et ne permet pas de transmettre des forces. Ils sont vuln\u00e9rables et le plus souvent demeurent cach\u00e9s. <\/p>\n<p>En raison d&rsquo;un tel accroissement de taille, se produisant ponctuellement au moment de mues, la croissance du Grillon et des Euarthropodes en g\u00e9n\u00e9ral est dite discontinue. <\/p>\n<p>La pr\u00e9sence d&rsquo;un squelette interne autorise une croissance simultan\u00e9e du corps et de sa structure de soutien.<\/p>\n<\/section>\n<section class=\"sect2\" id=\"d0e8342\">\n<h3 class=\"title\">Les os : un endosquelette \u00e0 l&rsquo;origine d&rsquo;une croissance continue <\/h3>\n<p>Les os longs des Mammif\u00e8res sont repr\u00e9sentatifs de la croissance de l&rsquo;endosquelette des Vert\u00e9br\u00e9s poss\u00e9dant du tissu osseux.<\/p>\n<figure id=\"d0e8347\"\nclass=\"img\"\ntitle=\"Figure\u00a011.\u00a0Cartilage de conjugaison humain (Collection de l\u2019ENS de Lyon)\"><\/p>\n<div class=\"figure\">\n<figure style=\"width: 300px\" class=\"wp-caption alignnone\"><a rel=\"lightbox\" href=\"\/documents\/images\/PetitesQuestionsDePhysiologie\/2019\/media\/images\/19_figure_11.jpg\"><img decoding=\"async\" src=\"\/documents\/images\/PetitesQuestionsDePhysiologie\/2019\/media\/images\/19_figure_11.jpg\" width=\"300\" \" alt=\"Cartilage de conjugaison humain (Collection de l\u2019ENS de Lyon)\" class=\"size-medium\" \/><figcaption class=\"wp-caption-text\">Figure\u00a011.\u00a0Cartilage de conjugaison humain (Collection de l\u2019ENS de Lyon)  <\/a><\/figcaption><\/figure>\n<\/div>\n<div class=\"copyright\">\n<p>Copyright : 2019 &#8211; Sandrine Heusser<\/p>\n<\/div>\n<div class=\"legalnotice\" title=\"Note L\u00e9gale\">\n<p> Cette illustration est mise \u00e0 disposition selon les termes de la Licence Creative Commons Attribution &#8211; Pas d&rsquo;Utilisation Commerciale &#8211; Partage dans les m\u00eames conditions 4.0 International.<span class=\"inlinemediaobject\"><br \/>\n<img decoding=\"async\" class=\"ccimage\" src=\"\/documents\/images\/PetitesQuestionsDePhysiologie\/2019\/media\/images\/00_licence.png\" width=\"50\"\/> <\/span> <\/p>\n<\/div>\n<\/figure>\n<p><\/p>\n<p>Au cours du d\u00e9veloppement, les os longs sont constitu\u00e9s de tissu cartilagineux. Il est progressivement remplac\u00e9 par du tissu osseux.<br \/>\nLes chondrocytes deviennent hypertrophi\u00e9s et r\u00e9sorbent le mat\u00e9riel extracellulaire cartilagineux. De vastes lacunes sont ainsi form\u00e9es, dans lesquelles s&rsquo;insinuent des vaisseaux sanguins et du tissu m\u00e9senchymateux, alors que le mat\u00e9riel extracellulaire est calcifi\u00e9. Les chondrocytes meurent et les cellules m\u00e9senchymateuses \u00e9voluent en ost\u00e9oblastes produisant du mat\u00e9riel extracellulaire osseux.<br \/>\nCe processus d&rsquo;ossification concerne les \u00e9piphyses, aux extr\u00e9mit\u00e9s des os longs, et les diaphyses, correspondant \u00e0 leurs f\u00fbts. <\/p>\n<p>Entre \u00e9piphyse et diaphyse persiste une bande de cartilage appel\u00e9 cartilage de conjugaison.<br \/>\nLes chondroblastes s&rsquo;y divisent et forment des files cellulaires. Ils produisent du mat\u00e9riel extracellulaire cartilagineux et provoquent l&rsquo;\u00e9loignement de l&rsquo;\u00e9piphyse par rapport \u00e0 la diaphyse.<br \/>\nDu c\u00f4t\u00e9 de la diaphyse, les chondrocytes deviennent hypertrophi\u00e9s et le mat\u00e9riel extracellulaire calcifi\u00e9. Des lacunes sont form\u00e9es, colonis\u00e9es par des vaisseaux sanguins et des ost\u00e9oblastes provenant de la diaphyse alors que les chondrocytes d\u00e9g\u00e9n\u00e8rent. Les ost\u00e9oblastes produisent alors du mat\u00e9riel extracellulaire osseux.<br \/>\nAinsi, par addition de tissu cartilagineux puis transformation en tissu osseux, la longueur des os longs augmente.<br \/>\nLa croissance prend fin lorsque la totalit\u00e9 du cartilage de conjugaison est transform\u00e9e en tissu osseux.<\/p>\n<p>Parall\u00e8lement le p\u00e9rioste, tissu conjonctif entourant la diaphyse, comporte des cellules \u00e9voluant en ost\u00e9oblastes. Elles produisent du tissu osseux d\u00e9pos\u00e9 \u00e0 la surface de l&rsquo;os. Ainsi, par addition directe de tissu osseux, le diam\u00e8tre des os augmente.<\/p>\n<p>Des processus de r\u00e9sorption et de d\u00e9p\u00f4t combin\u00e9s sont par ailleurs responsables de modifications de la forme des os.<\/p>\n<p>L&rsquo;accroissement de taille se produit ainsi progressivement et sans interruption chez les Vert\u00e9br\u00e9s.<br \/>\nLa croissance est dite continue \u00e0 la diff\u00e9rence de la croissance des Euarthropodes.<\/p>\n<\/section>\n<p> &nbsp; <\/p>\n<footer>\n<hr \/>\n<table style=\"width: 100%; \">\n<tr>\n<td style=\"width: 40%; text-align: left; \">\n<a href=\"\/codex\/petites-questions-de-physiologie\/petites-questions-de-physiologie-animale-2019-ouvrage\/posseder-un-squelette-externe-ou-interne-des-pieces-articulees-permettant-la-mobilite\" title=\"Poss\u00e9der un squelette externe ou interne : des pi\u00e8ces articul\u00e9es permettant la mobilit\u00e9\">Pr\u00e9c\u00e9dent<\/a>\u00a0<\/td>\n<td style=\"width: 20%; text-align: center; \">\n<a href=\"\/codex\/petites-questions-de-physiologie\/petites-questions-de-physiologie-animale-2019-ouvrage\/posseder-un-squelette-externe-ou-un-squelette-interne-a-partir-des-exemples-des-euarthropodes-et-des-vertebres-introduction\" title=\"Poss\u00e9der un squelette externe ou un squelette interne \u00e0 partir des exemples des Euarthropodes et des Vert\u00e9br\u00e9s : introduction\">Niveau sup\u00e9rieur<\/a>\n<\/td>\n<td style=\"width: 40%; text-align: right; \"><a href=\"\/codex\/petites-questions-de-physiologie\/petites-questions-de-physiologie-animale-2019-ouvrage\/posseder-un-squelette-externe-ou-un-squelette-interne-a-partir-des-exemples-des-euarthropodes-et-des-vertebres-conclusion\" title=\"Poss\u00e9der un squelette externe ou un squelette interne \u00e0 partir des exemples des Euarthropodes et des Vert\u00e9br\u00e9s : conclusion\">Suivant<\/a>\n<\/td>\n<\/tr>\n<tr>\n<td style=\"width: 40%; text-align: left; vertical-align: top; \">Poss\u00e9der un squelette externe ou interne&nbsp;: des pi\u00e8ces articul\u00e9es permettant la mobilit\u00e9\u00a0<\/td>\n<td style=\"width: 20%; text-align: center; \">\n<a href=\"\/codex\/petites-questions-de-physiologie\/petites-questions-de-physiologie-animale-2019-ouvrage\" title=\"Petites questions de physiologie animale 2019 : ouvrage\">Sommaire<\/a>\n<\/td>\n<td style=\"width: 40%; text-align: right; vertical-align: top; \">\u00a0Conclusion<\/td>\n<\/tr>\n<\/table>\n<\/footer>\n","protected":false},"excerpt":{"rendered":"<p>Poss\u00e9der un squelette externe ou interne : r\u00e9aliser une croissance discontinue ou continue Pr\u00e9c\u00e9dent Poss\u00e9der un squelette externe ou un squelette interne \u00e0 partir des exemples des Euarthropodes et des Vert\u00e9br\u00e9s Suivant &nbsp; La croissance d&rsquo;un organisme animal est d\u00e9finie comme l&rsquo;accroissement progressif de sa taille ou de sa masse, sans perte de son individualit\u00e9. [&hellip;]<\/p>\n","protected":false},"author":2,"featured_media":0,"parent":13169,"menu_order":52,"comment_status":"closed","ping_status":"closed","template":"","meta":{"site-sidebar-layout":"default","site-content-layout":"","ast-site-content-layout":"default","site-content-style":"default","site-sidebar-style":"default","ast-global-header-display":"","ast-banner-title-visibility":"","ast-main-header-display":"","ast-hfb-above-header-display":"","ast-hfb-below-header-display":"","ast-hfb-mobile-header-display":"","site-post-title":"","ast-breadcrumbs-content":"","ast-featured-img":"","footer-sml-layout":"","ast-disable-related-posts":"","theme-transparent-header-meta":"","adv-header-id-meta":"","stick-header-meta":"","header-above-stick-meta":"","header-main-stick-meta":"","header-below-stick-meta":"","astra-migrate-meta-layouts":"default","ast-page-background-enabled":"default","ast-page-background-meta":{"desktop":{"background-color":"var(--ast-global-color-4)","background-image":"","background-repeat":"repeat","background-position":"center center","background-size":"auto","background-attachment":"scroll","background-type":"","background-media":"","overlay-type":"","overlay-color":"","overlay-opacity":"","overlay-gradient":""},"tablet":{"background-color":"","background-image":"","background-repeat":"repeat","background-position":"center center","background-size":"auto","background-attachment":"scroll","background-type":"","background-media":"","overlay-type":"","overlay-color":"","overlay-opacity":"","overlay-gradient":""},"mobile":{"background-color":"","background-image":"","background-repeat":"repeat","background-position":"center center","background-size":"auto","background-attachment":"scroll","background-type":"","background-media":"","overlay-type":"","overlay-color":"","overlay-opacity":"","overlay-gradient":""}},"ast-content-background-meta":{"desktop":{"background-color":"var(--ast-global-color-5)","background-image":"","background-repeat":"repeat","background-position":"center center","background-size":"auto","background-attachment":"scroll","background-type":"","background-media":"","overlay-type":"","overlay-color":"","overlay-opacity":"","overlay-gradient":""},"tablet":{"background-color":"var(--ast-global-color-5)","background-image":"","background-repeat":"repeat","background-position":"center center","background-size":"auto","background-attachment":"scroll","background-type":"","background-media":"","overlay-type":"","overlay-color":"","overlay-opacity":"","overlay-gradient":""},"mobile":{"background-color":"var(--ast-global-color-5)","background-image":"","background-repeat":"repeat","background-position":"center center","background-size":"auto","background-attachment":"scroll","background-type":"","background-media":"","overlay-type":"","overlay-color":"","overlay-opacity":"","overlay-gradient":""}},"footnotes":""},"class_list":["post-13896","page","type-page","status-publish","hentry"],"aioseo_notices":[],"jetpack_sharing_enabled":true,"_links":{"self":[{"href":"https:\/\/codexvirtualis.fr\/codex\/wp-json\/wp\/v2\/pages\/13896","targetHints":{"allow":["GET"]}}],"collection":[{"href":"https:\/\/codexvirtualis.fr\/codex\/wp-json\/wp\/v2\/pages"}],"about":[{"href":"https:\/\/codexvirtualis.fr\/codex\/wp-json\/wp\/v2\/types\/page"}],"author":[{"embeddable":true,"href":"https:\/\/codexvirtualis.fr\/codex\/wp-json\/wp\/v2\/users\/2"}],"replies":[{"embeddable":true,"href":"https:\/\/codexvirtualis.fr\/codex\/wp-json\/wp\/v2\/comments?post=13896"}],"version-history":[{"count":6,"href":"https:\/\/codexvirtualis.fr\/codex\/wp-json\/wp\/v2\/pages\/13896\/revisions"}],"predecessor-version":[{"id":14054,"href":"https:\/\/codexvirtualis.fr\/codex\/wp-json\/wp\/v2\/pages\/13896\/revisions\/14054"}],"up":[{"embeddable":true,"href":"https:\/\/codexvirtualis.fr\/codex\/wp-json\/wp\/v2\/pages\/13169"}],"wp:attachment":[{"href":"https:\/\/codexvirtualis.fr\/codex\/wp-json\/wp\/v2\/media?parent=13896"}],"curies":[{"name":"wp","href":"https:\/\/api.w.org\/{rel}","templated":true}]}}