{"id":13891,"date":"2021-07-27T17:17:39","date_gmt":"2021-07-27T15:17:39","guid":{"rendered":"https:\/\/codexvirtualis.fr\/codex\/?page_id=13891"},"modified":"2021-08-01T12:44:32","modified_gmt":"2021-08-01T10:44:32","slug":"posseder-un-squelette-externe-ou-interne-des-pieces-articulees-permettant-la-mobilite","status":"publish","type":"page","link":"https:\/\/codexvirtualis.fr\/codex\/petites-questions-de-physiologie\/petites-questions-de-physiologie-animale-2019-ouvrage\/posseder-un-squelette-externe-ou-interne-des-pieces-articulees-permettant-la-mobilite","title":{"rendered":"Poss\u00e9der un squelette externe ou interne : des pi\u00e8ces articul\u00e9es permettant la mobilit\u00e9"},"content":{"rendered":"<header>\n<table style=\"width: 100%; \">\n<tr>\n<th style=\"text-align: center; \" colspan=\"3\">Poss\u00e9der un squelette externe ou interne : des pi\u00e8ces articul\u00e9es permettant la mobilit\u00e9<\/th>\n<\/tr>\n<tr>\n<td style=\"width: 20%; text-align: left; \">\n<a href=\"\/codex\/petites-questions-de-physiologie\/petites-questions-de-physiologie-animale-2019-ouvrage\/posseder-un-squelette-externe-ou-interne-des-structures-de-soutien-et-de-protection\" title=\"Poss\u00e9der un squelette externe ou interne : des structures de soutien et de protection\">Pr\u00e9c\u00e9dent<\/a><\/td>\n<th style=\"width: 60%; text-align: center; \">Poss\u00e9der un squelette externe ou un squelette interne \u00e0 partir des exemples des Euarthropodes et des Vert\u00e9br\u00e9s<\/th>\n<td style=\"width: 20%; text-align: right; \"><a href=\"\/codex\/petites-questions-de-physiologie\/petites-questions-de-physiologie-animale-2019-ouvrage\/posseder-un-squelette-externe-ou-interne-realiser-une-croissance-discontinue-ou-continue\" title=\"Poss\u00e9der un squelette externe ou interne : r\u00e9aliser une croissance discontinue ou continue\">Suivant<\/a>\n<\/td>\n<\/tr>\n<\/table>\n<hr \/>\n<\/header>\n<p> &nbsp; <\/p>\n<section class=\"sect1\" id=\"d0e8101\">\n<p>L&rsquo;action exerc\u00e9e sur l&rsquo;environnement par les pi\u00e8ces rigides du squelette consiste en la transmission d&rsquo;une force.<\/p>\n<p>Quelle est l&rsquo;origine des forces transmises par les pi\u00e8ces squelettiques ?<\/p>\n<p>Comment sont-elles transmises ?<\/p>\n<\/section>\n<section class=\"sect2\" id=\"d0e8110\">\n<h3 class=\"title\">La cuticule : un exosquelette articul\u00e9 <\/h3>\n<p>La cuticule des Euarthropodes appara\u00eet \u00e9troitement associ\u00e9e \u00e0 la musculature.<\/p>\n<figure id=\"d0e8115\"\nclass=\"img\"\ntitle=\"Figure\u00a06.\u00a0Paroi corporelle et muscle de Criquet en coupe transversale (Collection de l\u2019ENS de Lyon)\"><\/p>\n<div class=\"figure\">\n<p><figure style=\"width: 300px\" class=\"wp-caption alignnone\"><a rel=\"lightbox\" href=\"\/documents\/images\/PetitesQuestionsDePhysiologie\/2019\/media\/images\/19_figure_06.jpg\"><img decoding=\"async\" src=\"\/documents\/images\/PetitesQuestionsDePhysiologie\/2019\/media\/images\/19_figure_06.jpg\" width=\"300\" \" alt=\"Paroi corporelle et muscle de Criquet en coupe transversale (Collection de l\u2019ENS de Lyon)\" class=\"size-medium\" \/><figcaption class=\"wp-caption-text\">Figure\u00a06.\u00a0Paroi corporelle et muscle de Criquet en coupe transversale (Collection de l\u2019ENS de Lyon  <\/a><\/figcaption><\/figure>\n<\/div>\n<div class=\"copyright\">\n<p>Copyright : 2019 &#8211; Amina Abdou Madi ; Fostine Chaise ; Lauriane Linossier<\/p>\n<\/div>\n<\/figure>\n<p><\/p>\n<p>Chez le Criquet, et de mani\u00e8re plus g\u00e9n\u00e9rale chez les Euarthropodes, les extr\u00e9mit\u00e9s des fibres musculaires stri\u00e9es sont en contact avec le c\u00f4t\u00e9 basal, interne, de l&rsquo;\u00e9piderme. <\/p>\n<p>\u00c0 l&rsquo;\u00e9chelle cellulaire, les membranes des fibres musculaires et des cellules \u00e9pidermiques sont jointes par des desmosomes.<br \/>\nDu c\u00f4t\u00e9 apical, externe, les cellules \u00e9pidermiques sont reli\u00e9es \u00e0 la cuticule par des h\u00e9midesmosomes, d&rsquo;o\u00f9 \u00e9manent des fibres courant jusqu&rsquo;\u00e0 la face interne de l&rsquo;\u00e9picuticule.<br \/>\nLes cellules \u00e9pidermiques sont par ailleurs travers\u00e9es par des microtubules ancr\u00e9s sur les desmosomes d&rsquo;une part et les h\u00e9midesmosomes d&rsquo;autre part.<br \/>\nAinsi, les fibres musculaires se trouvent ancr\u00e9es sur le face interne de l&rsquo;\u00e9picuticule gr\u00e2ce aux desmosomes, aux microtubules, aux h\u00e9midesmosomes et aux fibres cuticulaires.<\/p>\n<p>Outre cet ancrage sur la face interne de la paroi corporelle, les fibres musculaires sont parfois reli\u00e9es \u00e0 des invaginations du t\u00e9gument appel\u00e9es apod\u00e8mes, par des structures similaires.<\/p>\n<p>Les fibres musculaires, constituants des muscles, sont des cellules allong\u00e9es. Elles sont capables de se contracter, processus provoquant une diminution de leur longueur, et de se rel\u00e2cher, leur longueur initiale est alors r\u00e9tablie. Elles sont en cons\u00e9quence dites contractiles.<br \/>\nLeur contractilit\u00e9 est li\u00e9e \u00e0 la pr\u00e9sence dans leur cytoplasme de fibres prot\u00e9iques coulissant les unes par rapport aux autres.<br \/>\nLa contraction simultan\u00e9e des fibres musculaires d&rsquo;un muscle est \u00e0 l&rsquo;origine de son raccourcissement global.<\/p>\n<p>Le muscle \u00e9tant ins\u00e9r\u00e9 sur des pi\u00e8ces squelettiques, son raccourcissement a pour cons\u00e9quence l&rsquo;exercice d&rsquo;une force tendant \u00e0 rapprocher les pi\u00e8ces squelettiques, d\u00e8s lors qu&rsquo;elles sont reli\u00e9es par une structure souple.<\/p>\n<figure id=\"d0e8153\"\nclass=\"img\"\ntitle=\"Figure\u00a07.\u00a0Membrane articulaire de Grillon en coupe transversale (Collection de l\u2019ENS de Lyon)\"><\/p>\n<div class=\"figure\">\n<figure style=\"width: 300px\" class=\"wp-caption alignnone\"><a rel=\"lightbox\" href=\"\/documents\/images\/PetitesQuestionsDePhysiologie\/2019\/media\/images\/19_figure_07.jpg\"><img decoding=\"async\" src=\"\/documents\/images\/PetitesQuestionsDePhysiologie\/2019\/media\/images\/19_figure_07.jpg\" width=\"300\" \" alt=\"Membrane articulaire de Grillon en coupe transversale (Collection de l\u2019ENS de Lyon)\" class=\"size-medium\" \/><figcaption class=\"wp-caption-text\">Figure\u00a07.\u00a0Membrane articulaire de Grillon en coupe transversale (Collection de l\u2019ENS de Lyon)  <\/a><\/figcaption><\/figure>\n<\/div>\n<div class=\"copyright\">\n<p>Copyright : &#8211; 2019 Sandrine Heusser <\/p>\n<\/div>\n<div class=\"legalnotice\" title=\"Note L\u00e9gale\">\n<p> Cette illustration est mise \u00e0 disposition selon les termes de la Licence Creative Commons Attribution &#8211; Pas d&rsquo;Utilisation Commerciale &#8211; Partage dans les m\u00eames conditions 4.0 International.<span class=\"inlinemediaobject\"><br \/>\n<img decoding=\"async\" class=\"ccimage\" src=\"\/documents\/images\/PetitesQuestionsDePhysiologie\/2019\/media\/images\/00_licence.png\" width=\"50\"\/> <\/span> <\/p>\n<\/div>\n<\/figure>\n<p><\/p>\n<p>Les scl\u00e9rites constituant la cuticule des Insectes comme le Grillon, et de mani\u00e8re g\u00e9n\u00e9rale des Euarthropodes, sont reli\u00e9s par des membranes articulaires. Elles sont form\u00e9es d&rsquo;\u00e9piderme surmont\u00e9 par une cuticule d\u00e9pourvue d&rsquo;exocuticule. Or la rigidit\u00e9 de la cuticule est principalement due aux compos\u00e9s de l&rsquo;exocuticule.<\/p>\n<p>Ainsi, les membranes articulaires sont souples et flexibles, et permettent le d\u00e9placement des pi\u00e8ces rigides les unes par rapport aux autres. <\/p>\n<p>Finalement les muscles, par leurs contractions, g\u00e9n\u00e8rent des forces provoquant le pivotement des pi\u00e8ces squelettiques autour des membranes articulaires souples.<br \/>\nLes muscles sont les moteurs du mouvement et les pi\u00e8ces squelettiques transmettent la force qu&rsquo;ils d\u00e9veloppent \u00e0 l&rsquo;environnement. En r\u00e9action, il exerce une force \u00e9gale et oppos\u00e9e responsable de la propulsion et ainsi du d\u00e9placement du corps. <\/p>\n<p>Le squelette externe, du fait de sa rigidit\u00e9, r\u00e9alise la transmission des forces produites par les muscles \u00e0 l&rsquo;environnement et permet la mobilit\u00e9 des Euarthropodes par la marche, le saut, la nage ou le vol. <\/p>\n<p>Le squelette interne des Vert\u00e9br\u00e9s poss\u00e8de des propri\u00e9t\u00e9s similaires. Comment intervient-il dans la mobilit\u00e9 ?<\/p>\n<\/section>\n<section class=\"sect2\" id=\"d0e8187\">\n<h3 class=\"title\">Les os : un endosquelette articul\u00e9<\/h3>\n<p>De m\u00eame que pour les pi\u00e8ces squelettiques des Euarthropodes, les muscles des Vert\u00e9br\u00e9s sont reli\u00e9s au squelette.<\/p>\n<figure id=\"d0e8192\"\nclass=\"img\"\ntitle=\"Figure\u00a08.\u00a0Symphyse pubienne de jeune Grenouille en coupe longitudinale (Collection de l\u2019ENS de Lyon)\"><\/p>\n<div class=\"figure\">\n<figure style=\"width: 300px\" class=\"wp-caption alignnone\"><a rel=\"lightbox\" href=\"\/documents\/images\/PetitesQuestionsDePhysiologie\/2019\/media\/images\/19_figure_08.jpg\"><img decoding=\"async\" src=\"\/documents\/images\/PetitesQuestionsDePhysiologie\/2019\/media\/images\/19_figure_08.jpg\" width=\"300\" \" alt=\"Symphyse pubienne de jeune Grenouille en coupe longitudinale (Collection de l\u2019ENS de Lyon)\" class=\"size-medium\" \/><figcaption class=\"wp-caption-text\">Figure\u00a08.\u00a0Symphyse pubienne de jeune Grenouille en coupe longitudinale (Collection de l\u2019ENS de Lyon)  <\/a><\/figcaption><\/figure>\n<\/div>\n<div class=\"copyright\">\n<p>Copyright : 2019 &#8211; Amina Abdou Madi ; Fostine Chaise ; Lauriane Linossier ; Sandrine Heusser<\/p>\n<\/div>\n<div class=\"legalnotice\" title=\"Note L\u00e9gale\">\n<p> Cette illustration est mise \u00e0 disposition selon les termes de la Licence Creative Commons Attribution &#8211; Pas d&rsquo;Utilisation Commerciale &#8211; Partage dans les m\u00eames conditions 4.0 International.<span class=\"inlinemediaobject\"><br \/>\n<img decoding=\"async\" class=\"ccimage\" src=\"\/documents\/images\/PetitesQuestionsDePhysiologie\/2019\/media\/images\/00_licence.png\" width=\"50\"\/> <\/span> <\/p>\n<\/div>\n<\/figure>\n<p><\/p>\n<p>Les muscles stri\u00e9s squelettiques des Lissamphibiens, et plus g\u00e9n\u00e9ralement des Vert\u00e9br\u00e9s, sont form\u00e9s de fibres musculaires allong\u00e9es, individuellement entour\u00e9es de tissu conjonctif fibreux, l&rsquo;endomysium.<br \/>\nLes fibres musculaires sont group\u00e9es en faisceaux envelopp\u00e9s de tissu conjonctif fibreux appel\u00e9 p\u00e9rimysium.<br \/>\nL&rsquo;ensemble des faisceaux constituant un muscle est emball\u00e9 dans un \u00e9pimysium de nature conjonctive.<\/p>\n<p>Dans le cas de la symphyse pubienne de Grenouille, l&rsquo;\u00e9pimysium est en continuit\u00e9 avec l&rsquo;enveloppe conjonctive du cartilage, le p\u00e9richondre. Les muscles sont ins\u00e9r\u00e9s directement sur les os.<\/p>\n<p>Dans le cas des membres, les muscles sont g\u00e9n\u00e9ralement ins\u00e9r\u00e9s sur les os par l&rsquo;interm\u00e9diaire de tendons en continuit\u00e9 avec l&rsquo;\u00e9pimysium. Ce sont des structures cylindriques form\u00e9es de tissu conjonctif fibreux dense dans lequel les faisceaux de fibres de collag\u00e8ne sont dispos\u00e9s parall\u00e8lement les uns aux autres. Les muscles sont alors ins\u00e9r\u00e9s indirectement sur les os. Des dispositifs d&rsquo;insertion en forme de feuillet existent \u00e9galement, appel\u00e9s apon\u00e9vroses.<\/p>\n<p>Les os sont mobiles autour de structures appel\u00e9es articulations. Elles sont form\u00e9es des extr\u00e9mit\u00e9s des os voisins, recouvertes de cartilage. Maintenues par des ligaments de nature conjonctive, elles comportent des espaces remplis d&rsquo;un liquide lubrifiant, le liquide synovial. <\/p>\n<p>Les extr\u00e9mit\u00e9s d&rsquo;un muscle \u00e9tant ins\u00e9r\u00e9es sur des os voisins, reli\u00e9s par une articulation, sa contraction provoque leur pivotement.<br \/>\nLe cartilage recouvrant les os ainsi que le liquide synovial facilitent le glissement, la forme des os et les ligaments d\u00e9terminent les mouvements possibles. Le cartilage joue \u00e9galement un r\u00f4le d&rsquo;amortisseur en raison de sa consistance.<\/p>\n<p>Finalement, de m\u00eame que chez les Euarthropodes, les muscles sont les moteurs du mouvement.<br \/>\nLes forces qu&rsquo;ils g\u00e9n\u00e8rent sont transmises \u00e0 l&rsquo;environnement par des pi\u00e8ces squelettiques.<br \/>\nChez les Vert\u00e9br\u00e9s, le d\u00e9placement de l&rsquo;organisme implique g\u00e9n\u00e9ralement l&rsquo;action des membres. Les Vert\u00e9br\u00e9s primitivement aquatiques poss\u00e8dent des nageoires paires, constituant un  pt\u00e9rygium, alors que les Vert\u00e9br\u00e9s a\u00e9riens, t\u00e9trapodes, sont munis de pattes, formant un chiridium. Les pi\u00e8ces squelettiques qui les soutiennent, appartenant au squelette appendiculaire, interagissent avec l&rsquo;environnement. Elles sont reli\u00e9es au squelette axial par les ceintures du squelette zonal, scapulaire pour les membres ant\u00e9rieurs et pelvienne pour les membres post\u00e9rieurs. <\/p>\n<p>Qu&rsquo;il soit externe ou interne, le squelette est donc \u00e9troitement associ\u00e9 \u00e0 la musculature.<br \/>\nLes muscles sont ins\u00e9r\u00e9s sur des pi\u00e8ces squelettiques diff\u00e9rentes, reli\u00e9es par des articulations prenant la forme de membranes souples chez les Euarthropodes et de zones de contact des extr\u00e9mit\u00e9s cartilagineuses des os, maintenues par des ligaments, chez les Vert\u00e9br\u00e9s.<br \/>\nLa contraction des muscles est \u00e0 l&rsquo;origine de forces qui, exerc\u00e9es sur les pi\u00e8ces squelettiques, provoquent leur pivotement autour des articulations. Entrant en contact avec l&rsquo;environnement, de par leur rigidit\u00e9 elles transmettent les forces d\u00e9velopp\u00e9es par les muscles. En r\u00e9action, l&rsquo;environnement exerce sur l&rsquo;organisme une force propulsive.<\/p>\n<p>Charpente reli\u00e9e aux muscles, le squelette s&rsquo;accro\u00eet au fur et \u00e0 mesure de la croissance de l&rsquo;organisme.<\/p>\n<p>Quelles sont les cons\u00e9quences de la localisation du squelette sur la croissance ?<\/p>\n<\/section>\n<p> &nbsp; <\/p>\n<footer>\n<hr \/>\n<table style=\"width: 100%; \">\n<tr>\n<td style=\"width: 40%; text-align: left; \">\n<a href=\"\/codex\/petites-questions-de-physiologie\/petites-questions-de-physiologie-animale-2019-ouvrage\/posseder-un-squelette-externe-ou-interne-des-structures-de-soutien-et-de-protection\" title=\"Poss\u00e9der un squelette externe ou interne : des structures de soutien et de protection\">Pr\u00e9c\u00e9dent<\/a>\u00a0<\/td>\n<td style=\"width: 20%; text-align: center; \">\n<a href=\"\/codex\/petites-questions-de-physiologie\/petites-questions-de-physiologie-animale-2019-ouvrage\/posseder-un-squelette-externe-ou-un-squelette-interne-a-partir-des-exemples-des-euarthropodes-et-des-vertebres-introduction\" title=\"Poss\u00e9der un squelette externe ou un squelette interne \u00e0 partir des exemples des Euarthropodes et des Vert\u00e9br\u00e9s : introduction\">Niveau sup\u00e9rieur<\/a>\n<\/td>\n<td style=\"width: 40%; text-align: right; \">\u00a0<a href=\"\/codex\/petites-questions-de-physiologie\/petites-questions-de-physiologie-animale-2019-ouvrage\/posseder-un-squelette-externe-ou-interne-realiser-une-croissance-discontinue-ou-continue\" title=\"Poss\u00e9der un squelette externe ou interne : r\u00e9aliser une croissance discontinue ou continue\">Suivant<\/a>\n<\/td>\n<\/tr>\n<tr>\n<td style=\"width: 40%; text-align: left; vertical-align: top; \">Poss\u00e9der un squelette externe ou interne&nbsp;: des structures de soutien et de protection\u00a0<\/td>\n<td style=\"width: 20%; text-align: center; \">\n<a href=\"\/codex\/petites-questions-de-physiologie\/petites-questions-de-physiologie-animale-2019-ouvrage\" title=\"Petites questions de physiologie animale 2019 : ouvrage\">Sommaire<\/a>\n<\/td>\n<td style=\"width: 40%; text-align: right; vertical-align: top; \">\u00a0Poss\u00e9der un squelette externe ou interne&nbsp;: r\u00e9aliser une croissance discontinue ou continue <\/td>\n<\/tr>\n<\/table>\n<\/footer>\n","protected":false},"excerpt":{"rendered":"<p>Poss\u00e9der un squelette externe ou interne : des pi\u00e8ces articul\u00e9es permettant la mobilit\u00e9 Pr\u00e9c\u00e9dent Poss\u00e9der un squelette externe ou un squelette interne \u00e0 partir des exemples des Euarthropodes et des Vert\u00e9br\u00e9s Suivant &nbsp; L&rsquo;action exerc\u00e9e sur l&rsquo;environnement par les pi\u00e8ces rigides du squelette consiste en la transmission d&rsquo;une force. Quelle est l&rsquo;origine des forces transmises [&hellip;]<\/p>\n","protected":false},"author":2,"featured_media":0,"parent":13169,"menu_order":51,"comment_status":"closed","ping_status":"closed","template":"","meta":{"site-sidebar-layout":"default","site-content-layout":"","ast-site-content-layout":"default","site-content-style":"default","site-sidebar-style":"default","ast-global-header-display":"","ast-banner-title-visibility":"","ast-main-header-display":"","ast-hfb-above-header-display":"","ast-hfb-below-header-display":"","ast-hfb-mobile-header-display":"","site-post-title":"","ast-breadcrumbs-content":"","ast-featured-img":"","footer-sml-layout":"","ast-disable-related-posts":"","theme-transparent-header-meta":"","adv-header-id-meta":"","stick-header-meta":"","header-above-stick-meta":"","header-main-stick-meta":"","header-below-stick-meta":"","astra-migrate-meta-layouts":"default","ast-page-background-enabled":"default","ast-page-background-meta":{"desktop":{"background-color":"var(--ast-global-color-4)","background-image":"","background-repeat":"repeat","background-position":"center center","background-size":"auto","background-attachment":"scroll","background-type":"","background-media":"","overlay-type":"","overlay-color":"","overlay-opacity":"","overlay-gradient":""},"tablet":{"background-color":"","background-image":"","background-repeat":"repeat","background-position":"center center","background-size":"auto","background-attachment":"scroll","background-type":"","background-media":"","overlay-type":"","overlay-color":"","overlay-opacity":"","overlay-gradient":""},"mobile":{"background-color":"","background-image":"","background-repeat":"repeat","background-position":"center center","background-size":"auto","background-attachment":"scroll","background-type":"","background-media":"","overlay-type":"","overlay-color":"","overlay-opacity":"","overlay-gradient":""}},"ast-content-background-meta":{"desktop":{"background-color":"var(--ast-global-color-5)","background-image":"","background-repeat":"repeat","background-position":"center center","background-size":"auto","background-attachment":"scroll","background-type":"","background-media":"","overlay-type":"","overlay-color":"","overlay-opacity":"","overlay-gradient":""},"tablet":{"background-color":"var(--ast-global-color-5)","background-image":"","background-repeat":"repeat","background-position":"center center","background-size":"auto","background-attachment":"scroll","background-type":"","background-media":"","overlay-type":"","overlay-color":"","overlay-opacity":"","overlay-gradient":""},"mobile":{"background-color":"var(--ast-global-color-5)","background-image":"","background-repeat":"repeat","background-position":"center center","background-size":"auto","background-attachment":"scroll","background-type":"","background-media":"","overlay-type":"","overlay-color":"","overlay-opacity":"","overlay-gradient":""}},"footnotes":""},"class_list":["post-13891","page","type-page","status-publish","hentry"],"aioseo_notices":[],"jetpack_sharing_enabled":true,"_links":{"self":[{"href":"https:\/\/codexvirtualis.fr\/codex\/wp-json\/wp\/v2\/pages\/13891","targetHints":{"allow":["GET"]}}],"collection":[{"href":"https:\/\/codexvirtualis.fr\/codex\/wp-json\/wp\/v2\/pages"}],"about":[{"href":"https:\/\/codexvirtualis.fr\/codex\/wp-json\/wp\/v2\/types\/page"}],"author":[{"embeddable":true,"href":"https:\/\/codexvirtualis.fr\/codex\/wp-json\/wp\/v2\/users\/2"}],"replies":[{"embeddable":true,"href":"https:\/\/codexvirtualis.fr\/codex\/wp-json\/wp\/v2\/comments?post=13891"}],"version-history":[{"count":6,"href":"https:\/\/codexvirtualis.fr\/codex\/wp-json\/wp\/v2\/pages\/13891\/revisions"}],"predecessor-version":[{"id":14053,"href":"https:\/\/codexvirtualis.fr\/codex\/wp-json\/wp\/v2\/pages\/13891\/revisions\/14053"}],"up":[{"embeddable":true,"href":"https:\/\/codexvirtualis.fr\/codex\/wp-json\/wp\/v2\/pages\/13169"}],"wp:attachment":[{"href":"https:\/\/codexvirtualis.fr\/codex\/wp-json\/wp\/v2\/media?parent=13891"}],"curies":[{"name":"wp","href":"https:\/\/api.w.org\/{rel}","templated":true}]}}