{"id":13855,"date":"2021-07-20T17:06:59","date_gmt":"2021-07-20T15:06:59","guid":{"rendered":"https:\/\/codexvirtualis.fr\/codex\/?page_id=13855"},"modified":"2021-08-01T19:17:53","modified_gmt":"2021-08-01T17:17:53","slug":"le-probleme-de-leau-et-des-ions-chez-les-teleosteens-bibliographie-et-sitographie","status":"publish","type":"page","link":"https:\/\/codexvirtualis.fr\/codex\/petites-questions-de-physiologie\/petites-questions-de-physiologie-animale-2019-ouvrage\/le-probleme-de-leau-et-des-ions-chez-les-teleosteens-bibliographie-et-sitographie","title":{"rendered":"Le probl\u00e8me de l\u2019eau et des ions chez les T\u00e9l\u00e9ost\u00e9ens : bibliographie et sitographie"},"content":{"rendered":"<header>\n<table style=\"width: 100%; \">\n<tr>\n<th style=\"text-align: center; \" colspan=\"3\">Bibliographie et sitographie<\/th>\n<\/tr>\n<tr>\n<td style=\"width: 20%; text-align: left; \">\n<a href=\"\/codex\/petites-questions-de-physiologie\/petites-questions-de-physiologie-animale-2019-ouvrage\/le-probleme-de-leau-et-des-ions-chez-les-teleosteens-conclusion\" title=\"Le probl\u00e8me de l\u2019eau et des ions chez les T\u00e9l\u00e9ost\u00e9ens : conclusion\">Pr\u00e9c\u00e9dent<\/a><\/td>\n<th style=\"width: 60%; text-align: center; \">Le probl\u00e8me de l&rsquo;eau et des ions chez les T\u00e9l\u00e9ost\u00e9ens<\/th>\n<td style=\"width: 20%; text-align: right; \"><a href=\"\/codex\/petites-questions-de-physiologie\/petites-questions-de-physiologie-animale-2019-ouvrage\/posseder-un-squelette-externe-ou-un-squelette-interne-a-partir-des-exemples-des-euarthropodes-et-des-vertebres-introduction\" title=\"Poss\u00e9der un squelette externe ou un squelette interne \u00e0 partir des exemples des Euarthropodes et des Vert\u00e9br\u00e9s : introduction\">Suivant<\/a>\n<\/td>\n<\/tr>\n<\/table>\n<hr \/>\n<\/header>\n<p> &nbsp; <\/p>\n<h3 class=\"title\">Livres<\/h3>\n<p><span class=\"authorgroup\"><br \/>\n<span class=\"firstname\">Andr\u00e9<\/span> <span class=\"surname\">Beaumont<\/span>, <span class=\"firstname\">Brahim<\/span> <span class=\"surname\">Lahlou<\/span>, <span class=\"firstname\">Nicole<\/span> <span class=\"surname\">Mayer-Gostan<\/span> et <span class=\"firstname\">Patrick<\/span> <span class=\"surname\">Payan<\/span>. <\/span><br \/>\n<span class=\"title\"><em>Osmor\u00e9gulation et excr\u00e9tion<\/em>. <\/span><br \/>\n<span class=\"publisher\"><span class=\"publishername\">Belin. <\/span><\/span><span class=\"pubdate\">2000. <\/span><span class=\"pagenums\">256 p.<\/span><br \/>\n<span class=\"title\"><em>Science sup<\/em>. <\/span>[<span class=\"citebiblioid\">2-7011-2677-0<\/span>]<\/p>\n<p><span class=\"authorgroup\"><br \/>\n<span class=\"firstname\">Jacques<\/span> <span class=\"surname\">Brusl\u00e9<\/span> et <span class=\"firstname\">Jean-Pierre<\/span> <span class=\"surname\">Quignard<\/span>. <\/span><br \/>\n<span class=\"title\"><em>Les poissons et leur environnement : \u00e9cophysiologie et comportements adaptatifs<\/em>. <\/span><span class=\"edition\">1\u00e8re \u00e9dition. <\/span><br \/>\n<span class=\"publisher\"><span class=\"publishername\">Lavoisier. <\/span><\/span><span class=\"pubdate\">2004. <\/span><span class=\"pagenums\">1522 p.<\/span><br \/>\n<span class=\"title\"><em>Tec et doc<\/em>. <\/span>[<span class=\"citebiblioid\">2-7430-0679-X<\/span>]<\/p>\n<p><span class=\"authorgroup\"><br \/>\n<span class=\"firstname\">Sandrine<\/span> <span class=\"surname\">Heusser<\/span> et <span class=\"firstname\">Henri-Gabriel<\/span> <span class=\"surname\">Dupuy<\/span>. <\/span><br \/>\n<span class=\"title\"> <em>Atlas de biologie<\/em>. <\/span> <span class=\"edition\">1\u00e8re \u00e9dition. <\/span><br \/>\n <span class=\"publisher\"> <span class=\"publishername\">Dunod. <\/span> <\/span> <span class=\"pubdate\">2015. <\/span> <span class=\"pagenums\">228 p. <\/span><br \/>\n<span class=\"title\"><em>Sciences sup<\/em>. <\/span>[<span class=\"citebiblioid\">978-2-10-071233-5<\/span>]<\/p>\n<p><span class=\"authorgroup\"><br \/>\n<span class=\"firstname\">Knut<\/span> <span class=\"surname\">Schmidt-Nielsen<\/span>. <\/span><br \/>\n<span class=\"title\"> <em>Animal physiology, adaptation and environment<\/em>. <\/span> <span class=\"edition\">4\u00e8me \u00e9dition. <\/span><br \/>\n<span class=\"publisher\"><span class=\"publishername\">Cambridge University Press. <\/span><\/span><span class=\"pubdate\">1990. <\/span><span class=\"pagenums\">614 p. <\/span><br \/>\n[<span class=\"citebiblioid\">0-521-38196-7<\/span>]<\/p>\n<h3 class=\"title\">Th\u00e8ses<\/h3>\n<p><span class=\"authorgroup\"><br \/>\n<span class=\"firstname\">Gilles<\/span> <span class=\"surname\">Boeuf<\/span>. <\/span><br \/>\n<span class=\"title\"><em>Contribution \u00e0 l&rsquo;\u00e9tude de l&rsquo;adaptation \u00e0 l&rsquo;eau de mer chez les Poissons Salmonid\u00e9s &#8211; D\u00e9termination de crit\u00e8res de smoltification par mesures de l&rsquo;activit\u00e9 (Na<sup>+<\/sup>K<sup>+<\/sup>)-ATPasique des microsomes de la branchie et des hormones thyro\u00efdiennes plasmatiques. <\/em>. <\/span><br \/>\n<span class=\"publisher\"><span class=\"publishername\">Universit\u00e9 de Bretagne Occidentale. <\/span><\/span><span class=\"pubdate\">1987. <\/span> <span class=\"artpagenums\">381 p. <\/span><\/p>\n<h3 class=\"title\">Articles<\/h3>\n<p><span class=\"authorgroup\"><br \/>\n<span class=\"firstname\">Anne Karina<\/span> <span class=\"surname\">Christensen<\/span>, <span class=\"firstname\">Junya<\/span> <span class=\"surname\">Hiroi<\/span>, <span class=\"firstname\">Eric T.<\/span> <span class=\"surname\">Schultz<\/span>, et <span class=\"firstname\">Stephen D.<\/span> <span class=\"surname\">McCormick<\/span>. <\/span><br \/>\n<span class=\"title\"><em>Branchial ionocyte organization and ion transport protein expression in juvenile alewivess acclimated to freshwater or seawater<\/em>. <\/span><br \/>\n<span class=\"title\"><em>Journal of Experimental Biology<\/em>. <\/span><span class=\"pubdate\">2012. <\/span><span class=\"volumenum\">215. <\/span><span class=\"artpagenums\">642 &#8211; 652. <\/span>[<span class=\"citebiblioid\">10.1242\/jeb.063057 <\/span>]<\/p>\n<h3 class=\"title\">Sites internet<\/h3>\n<p><span class=\"authorgroup\"><br \/>\n<span class=\"firstname\">Yves<\/span> <span class=\"surname\">Fran\u00e7ois<\/span> et <span class=\"firstname\">Pierre-Antoine<\/span> <span class=\"surname\">Saint-Andr\u00e9<\/span>. <\/span><br \/>\n<span class=\"title\"> <em>Poissons. In Universalis \u00e9ducation [en ligne]<\/em>. <\/span><br \/>\n<span class=\"publisher\"> <span class=\"publishername\">Encyclopaedia Universalis. <\/span> <\/span> <span class=\"pubdate\">2007 [date de consultation : 29 mars 2019]. <\/span><br \/>\n<span class=\"address\"><code class=\"uri\">Disponible sur :<br \/>\n<a class=\"link\" href=\"http:\/\/www.universalis-edu.com\/encyclopedie\/poissons\/\" target=\"_top\" rel=\"noopener\">http:\/\/www.universalis-edu.com\/encyclopedie\/poissons\/<\/a> <\/code>. <\/span><\/p>\n<p><span class=\"authorgroup\"><br \/>\n<span class=\"firstname\">Yves<\/span> <span class=\"surname\">Fran\u00e7ois<\/span> et <span class=\"firstname\">Pierre-Antoine<\/span> <span class=\"surname\">Saint-Andr\u00e9<\/span>. <\/span><br \/>\n<span class=\"title\"><em>T\u00e9l\u00e9ost\u00e9ens et Holost\u00e9ens. In Universalis \u00e9ducation [en ligne]<\/em>. <\/span><br \/>\n<span class=\"publisher\"><span class=\"publishername\">Encyclopaedia Universalis. <\/span><\/span><span class=\"pubdate\">2008 [date de consultation : 29 mars 2019]. <\/span><br \/>\n<span class=\"address\"><code class=\"uri\">Disponible sur :<br \/>\n<a class=\"link\" href=\"http:\/\/www.universalis-edu.com\/encyclopedie\/teleosteens-et-holosteens\/\" target=\"_top\" rel=\"noopener\">http:\/\/www.universalis-edu.com\/encyclopedie\/teleosteens-et-holosteens\/<\/a> <\/code>. <\/span><\/p>\n<p> &nbsp; <\/p>\n<footer>\n<hr \/>\n<table style=\"width: 100%; \">\n<tr>\n<td style=\"width: 40%; text-align: left; \">\n<a href=\"\/codex\/petites-questions-de-physiologie\/petites-questions-de-physiologie-animale-2019-ouvrage\/le-probleme-de-leau-et-des-ions-chez-les-teleosteens-conclusion\" title=\"Le probl\u00e8me de l\u2019eau et des ions chez les T\u00e9l\u00e9ost\u00e9ens : conclusion\">Pr\u00e9c\u00e9dent<\/a>\u00a0<\/td>\n<td style=\"width: 20%; text-align: center; \">\n<a href=\"\/codex\/petites-questions-de-physiologie\/petites-questions-de-physiologie-animale-2019-ouvrage\/le-probleme-de-leau-et-des-ions-chez-les-teleosteens-introduction\" title=\"Le probl\u00e8me de l\u2019eau et des ions chez les T\u00e9l\u00e9ost\u00e9ens : introduction\">Niveau sup\u00e9rieur<\/a>\n<\/td>\n<td style=\"width: 40%; text-align: right; \"><a href=\"\/codex\/petites-questions-de-physiologie\/petites-questions-de-physiologie-animale-2019-ouvrage\/posseder-un-squelette-externe-ou-un-squelette-interne-a-partir-des-exemples-des-euarthropodes-et-des-vertebres-introduction\" title=\"Poss\u00e9der un squelette externe ou un squelette interne \u00e0 partir des exemples des Euarthropodes et des Vert\u00e9br\u00e9s : introduction\">Suivant<\/a>\n<\/td>\n<\/tr>\n<tr>\n<td style=\"width: 40%; text-align: left; vertical-align: top; \">Conclusion\u00a0<\/td>\n<td style=\"width: 20%; text-align: center; \">\n<a href=\"\/codex\/petites-questions-de-physiologie\/petites-questions-de-physiologie-animale-2019-ouvrage\" title=\"Petites questions de physiologie animale 2019 : ouvrage\">Sommaire<\/a>\n<\/td>\n<td style=\"width: 40%; text-align: right; vertical-align: top; \">\u00a0Poss\u00e9der un squelette externe ou un squelette interne \u00e0 partir des exemples des Euarthropodes et des Vert\u00e9br\u00e9s<\/td>\n<\/tr>\n<\/table>\n<\/footer>\n","protected":false},"excerpt":{"rendered":"<p>Bibliographie et sitographie Pr\u00e9c\u00e9dent Le probl\u00e8me de l&rsquo;eau et des ions chez les T\u00e9l\u00e9ost\u00e9ens Suivant &nbsp; Livres Andr\u00e9 Beaumont, Brahim Lahlou, Nicole Mayer-Gostan et Patrick Payan. Osmor\u00e9gulation et excr\u00e9tion. Belin. 2000. 256 p. Science sup. [2-7011-2677-0] Jacques Brusl\u00e9 et Jean-Pierre Quignard. Les poissons et leur environnement : \u00e9cophysiologie et comportements adaptatifs. 1\u00e8re \u00e9dition. Lavoisier. 2004. [&hellip;]<\/p>\n","protected":false},"author":2,"featured_media":0,"parent":13169,"menu_order":48,"comment_status":"closed","ping_status":"closed","template":"","meta":{"site-sidebar-layout":"default","site-content-layout":"","ast-site-content-layout":"default","site-content-style":"default","site-sidebar-style":"default","ast-global-header-display":"","ast-banner-title-visibility":"","ast-main-header-display":"","ast-hfb-above-header-display":"","ast-hfb-below-header-display":"","ast-hfb-mobile-header-display":"","site-post-title":"","ast-breadcrumbs-content":"","ast-featured-img":"","footer-sml-layout":"","ast-disable-related-posts":"","theme-transparent-header-meta":"","adv-header-id-meta":"","stick-header-meta":"","header-above-stick-meta":"","header-main-stick-meta":"","header-below-stick-meta":"","astra-migrate-meta-layouts":"default","ast-page-background-enabled":"default","ast-page-background-meta":{"desktop":{"background-color":"var(--ast-global-color-4)","background-image":"","background-repeat":"repeat","background-position":"center center","background-size":"auto","background-attachment":"scroll","background-type":"","background-media":"","overlay-type":"","overlay-color":"","overlay-opacity":"","overlay-gradient":""},"tablet":{"background-color":"","background-image":"","background-repeat":"repeat","background-position":"center center","background-size":"auto","background-attachment":"scroll","background-type":"","background-media":"","overlay-type":"","overlay-color":"","overlay-opacity":"","overlay-gradient":""},"mobile":{"background-color":"","background-image":"","background-repeat":"repeat","background-position":"center center","background-size":"auto","background-attachment":"scroll","background-type":"","background-media":"","overlay-type":"","overlay-color":"","overlay-opacity":"","overlay-gradient":""}},"ast-content-background-meta":{"desktop":{"background-color":"var(--ast-global-color-5)","background-image":"","background-repeat":"repeat","background-position":"center center","background-size":"auto","background-attachment":"scroll","background-type":"","background-media":"","overlay-type":"","overlay-color":"","overlay-opacity":"","overlay-gradient":""},"tablet":{"background-color":"var(--ast-global-color-5)","background-image":"","background-repeat":"repeat","background-position":"center center","background-size":"auto","background-attachment":"scroll","background-type":"","background-media":"","overlay-type":"","overlay-color":"","overlay-opacity":"","overlay-gradient":""},"mobile":{"background-color":"var(--ast-global-color-5)","background-image":"","background-repeat":"repeat","background-position":"center center","background-size":"auto","background-attachment":"scroll","background-type":"","background-media":"","overlay-type":"","overlay-color":"","overlay-opacity":"","overlay-gradient":""}},"footnotes":""},"class_list":["post-13855","page","type-page","status-publish","hentry"],"aioseo_notices":[],"jetpack_sharing_enabled":true,"_links":{"self":[{"href":"https:\/\/codexvirtualis.fr\/codex\/wp-json\/wp\/v2\/pages\/13855","targetHints":{"allow":["GET"]}}],"collection":[{"href":"https:\/\/codexvirtualis.fr\/codex\/wp-json\/wp\/v2\/pages"}],"about":[{"href":"https:\/\/codexvirtualis.fr\/codex\/wp-json\/wp\/v2\/types\/page"}],"author":[{"embeddable":true,"href":"https:\/\/codexvirtualis.fr\/codex\/wp-json\/wp\/v2\/users\/2"}],"replies":[{"embeddable":true,"href":"https:\/\/codexvirtualis.fr\/codex\/wp-json\/wp\/v2\/comments?post=13855"}],"version-history":[{"count":7,"href":"https:\/\/codexvirtualis.fr\/codex\/wp-json\/wp\/v2\/pages\/13855\/revisions"}],"predecessor-version":[{"id":14050,"href":"https:\/\/codexvirtualis.fr\/codex\/wp-json\/wp\/v2\/pages\/13855\/revisions\/14050"}],"up":[{"embeddable":true,"href":"https:\/\/codexvirtualis.fr\/codex\/wp-json\/wp\/v2\/pages\/13169"}],"wp:attachment":[{"href":"https:\/\/codexvirtualis.fr\/codex\/wp-json\/wp\/v2\/media?parent=13855"}],"curies":[{"name":"wp","href":"https:\/\/api.w.org\/{rel}","templated":true}]}}