{"id":13851,"date":"2021-07-20T17:09:02","date_gmt":"2021-07-20T15:09:02","guid":{"rendered":"https:\/\/codexvirtualis.fr\/codex\/?page_id=13851"},"modified":"2021-08-01T12:42:33","modified_gmt":"2021-08-01T10:42:33","slug":"le-probleme-de-leau-et-des-ions-chez-les-teleosteens-conclusion","status":"publish","type":"page","link":"https:\/\/codexvirtualis.fr\/codex\/petites-questions-de-physiologie\/petites-questions-de-physiologie-animale-2019-ouvrage\/le-probleme-de-leau-et-des-ions-chez-les-teleosteens-conclusion","title":{"rendered":"Le probl\u00e8me de l\u2019eau et des ions chez les T\u00e9l\u00e9ost\u00e9ens : conclusion"},"content":{"rendered":"<header>\n<table style=\"width: 100%; \">\n<tr>\n<th style=\"text-align: center; \" colspan=\"3\">Conclusion<\/th>\n<\/tr>\n<tr>\n<td style=\"width: 20%; text-align: left; \">\n<a href=\"\/codex\/petites-questions-de-physiologie\/petites-questions-de-physiologie-animale-2019-ouvrage\/les-reins-sites-devacuation-et-de-retention-deau-et-dions\" title=\"Les reins : sites d\u2019\u00e9vacuation et de r\u00e9tention d\u2019eau et d\u2019ions\">Pr\u00e9c\u00e9dent<\/a><\/td>\n<th style=\"width: 60%; text-align: center; \">Le probl\u00e8me de l&rsquo;eau et des ions chez les T\u00e9l\u00e9ost\u00e9ens<\/th>\n<td style=\"width: 20%; text-align: right; \">\u00a0<a href=\"\/codex\/petites-questions-de-physiologie\/petites-questions-de-physiologie-animale-2019-ouvrage\/le-probleme-de-leau-et-des-ions-chez-les-teleosteens-bibliographie-et-sitographie\" title=\"Le probl\u00e8me de l\u2019eau et des ions chez les T\u00e9l\u00e9ost\u00e9ens : bibliographie et sitographie\">Suivant<\/a>\n<\/td>\n<\/tr>\n<\/table>\n<hr \/>\n<\/header>\n<p> &nbsp; <\/p>\n<section class=\"sect1\" id=\"d0e7510\">\n<p>Le probl\u00e8me de l&rsquo;eau et des ions auquel sont confront\u00e9s les T\u00e9l\u00e9ost\u00e9ens vivant en eau douce est oppos\u00e9 \u00e0 celui rencontr\u00e9 par les T\u00e9l\u00e9ost\u00e9ens vivant en milieu marin.<\/p>\n<p>Les premiers sont hyperosmotiques et hyperioniques par rapport \u00e0 leur environnement.<br \/>\nEn cons\u00e9quence, ils gagnent de l&rsquo;eau et perdent des ions. Ils \u00e9liminent l&rsquo;eau exc\u00e9dentaire gr\u00e2ce \u00e0 une urine abondante et dilu\u00e9e et obtiennent des ions par une absorption branchiale active.<\/p>\n<p>Les seconds sont hypoosmotiques et hypoioniques par rapport \u00e0 leur environnement.<br \/>\nDe ce fait, ils perdent de l&rsquo;eau et gagnent des ions. Ils obtiennent de l&rsquo;eau gr\u00e2ce \u00e0 la boisson et la conservent en \u00e9liminant une urine peu abondante. Ils \u00e9liminent les ions par des s\u00e9cr\u00e9tions branchiale et r\u00e9nale actives.<\/p>\n<p>Finalement, les m\u00eames organes sont impliqu\u00e9s dans l&rsquo;osmor\u00e9gulation et l&rsquo;ionor\u00e9gulation des T\u00e9l\u00e9ost\u00e9ens vivant en eau douce ou en milieu marin, mais leurs fonctionnements diff\u00e8rent.<\/p>\n<p>Il existe des esp\u00e8ces de T\u00e9l\u00e9ost\u00e9ens passant d&rsquo;un milieu \u00e0 l&rsquo;autre au cours de leur cycle de vie, ce sont par exemple les Salmonid\u00e9s. Le d\u00e9but de leur vie se d\u00e9roule en eau douce, puis ils migrent vers le milieu marin. Ils retournent ensuite \u00e0 l&rsquo;eau douce o\u00f9 \u00e0 lieu leur reproduction. En raison de leur migration du milieu marin \u00e0 l&rsquo;eau douce, avec une reproduction en eau douce, les Salmonid\u00e9s sont qualifi\u00e9s d&rsquo;anadromes.<\/p>\n<p>En relation avec leurs migrations, ces animaux sont confront\u00e9s \u00e0 des probl\u00e8mes d&rsquo;eau et d&rsquo;ions oppos\u00e9s.<br \/>\nLa migration de l&rsquo;eau douce vers l&rsquo;eau de mer est pr\u00e9c\u00e9d\u00e9e d&rsquo;un processus de smoltification pr\u00e9parant notamment l&rsquo;organisme aux contraintes du milieu marin. Contr\u00f4l\u00e9e en particulier par le cortisol, elle implique une prolif\u00e9ration des ionocytes branchiaux et une synth\u00e8se accrue de pompe ATPase Na<sup>+<\/sup>\/K<sup>+<\/sup>, ainsi que des modifications de l&rsquo;\u00e9pith\u00e9lium intestinal et des n\u00e9phrons du rein.<br \/>\nInversement, la migration du milieu marin \u00e0 l&rsquo;eau douce, appel\u00e9e homing, est accompagn\u00e9e d&rsquo;une adaptation \u00e0 l&rsquo;eau douce contr\u00f4l\u00e9e par le cortisol et la prolactine.<br \/>\nCes esp\u00e8ces poss\u00e8dent des ionocytes branchiaux de type \u03b1 dont le fonctionnement s&rsquo;inverse au moment des migrations.<\/p>\n<\/section>\n<p> &nbsp; <\/p>\n<footer>\n<hr \/>\n<table style=\"width: 100%; \">\n<tr>\n<td style=\"width: 40%; text-align: left; \">\n<a href=\"\/codex\/petites-questions-de-physiologie\/petites-questions-de-physiologie-animale-2019-ouvrage\/les-reins-sites-devacuation-et-de-retention-deau-et-dions\" title=\"Les reins : sites d\u2019\u00e9vacuation et de r\u00e9tention d\u2019eau et d\u2019ions\">Pr\u00e9c\u00e9dent<\/a><\/td>\n<td style=\"width: 20%; text-align: center; \"><a href=\"\/codex\/petites-questions-de-physiologie\/petites-questions-de-physiologie-animale-2019-ouvrage\/le-probleme-de-leau-et-des-ions-chez-les-teleosteens-introduction\" title=\"Le probl\u00e8me de l\u2019eau et des ions chez les T\u00e9l\u00e9ost\u00e9ens : introduction\">Niveau sup\u00e9rieur<\/a><\/td>\n<td style=\"width: 20%; text-align: center; \"><a href=\"\/codex\/petites-questions-de-physiologie\/petites-questions-de-physiologie-animale-2019-ouvrage\/le-probleme-de-leau-et-des-ions-chez-les-teleosteens-bibliographie-et-sitographie\" title=\"Le probl\u00e8me de l\u2019eau et des ions chez les T\u00e9l\u00e9ost\u00e9ens : bibliographie et sitographie\">Suivant<\/a>\n<\/td>\n<\/tr>\n<tr>\n<td style=\"width: 40%; text-align: left; vertical-align: top; \">Les reins : sites d\u2019\u00e9vacuation et de r\u00e9tention d\u2019eau et d&rsquo;ions \u00a0<\/td>\n<td style=\"width: 20%; text-align: center; \">\n<a href=\"\/codex\/petites-questions-de-physiologie\/petites-questions-de-physiologie-animale-2019-ouvrage\" title=\"Petites questions de physiologie animale 2019 : ouvrage\">Sommaire<\/a>\n<\/td>\n<td style=\"width: 40%; text-align: right; vertical-align: top; \">\u00a0Bibliographie et sitographie<\/td>\n<\/tr>\n<\/table>\n<\/footer>\n","protected":false},"excerpt":{"rendered":"<p>Conclusion Pr\u00e9c\u00e9dent Le probl\u00e8me de l&rsquo;eau et des ions chez les T\u00e9l\u00e9ost\u00e9ens \u00a0Suivant &nbsp; Le probl\u00e8me de l&rsquo;eau et des ions auquel sont confront\u00e9s les T\u00e9l\u00e9ost\u00e9ens vivant en eau douce est oppos\u00e9 \u00e0 celui rencontr\u00e9 par les T\u00e9l\u00e9ost\u00e9ens vivant en milieu marin. Les premiers sont hyperosmotiques et hyperioniques par rapport \u00e0 leur environnement. En cons\u00e9quence, [&hellip;]<\/p>\n","protected":false},"author":2,"featured_media":0,"parent":13169,"menu_order":47,"comment_status":"closed","ping_status":"closed","template":"","meta":{"site-sidebar-layout":"default","site-content-layout":"","ast-site-content-layout":"default","site-content-style":"default","site-sidebar-style":"default","ast-global-header-display":"","ast-banner-title-visibility":"","ast-main-header-display":"","ast-hfb-above-header-display":"","ast-hfb-below-header-display":"","ast-hfb-mobile-header-display":"","site-post-title":"","ast-breadcrumbs-content":"","ast-featured-img":"","footer-sml-layout":"","ast-disable-related-posts":"","theme-transparent-header-meta":"","adv-header-id-meta":"","stick-header-meta":"","header-above-stick-meta":"","header-main-stick-meta":"","header-below-stick-meta":"","astra-migrate-meta-layouts":"default","ast-page-background-enabled":"default","ast-page-background-meta":{"desktop":{"background-color":"var(--ast-global-color-4)","background-image":"","background-repeat":"repeat","background-position":"center center","background-size":"auto","background-attachment":"scroll","background-type":"","background-media":"","overlay-type":"","overlay-color":"","overlay-opacity":"","overlay-gradient":""},"tablet":{"background-color":"","background-image":"","background-repeat":"repeat","background-position":"center center","background-size":"auto","background-attachment":"scroll","background-type":"","background-media":"","overlay-type":"","overlay-color":"","overlay-opacity":"","overlay-gradient":""},"mobile":{"background-color":"","background-image":"","background-repeat":"repeat","background-position":"center center","background-size":"auto","background-attachment":"scroll","background-type":"","background-media":"","overlay-type":"","overlay-color":"","overlay-opacity":"","overlay-gradient":""}},"ast-content-background-meta":{"desktop":{"background-color":"var(--ast-global-color-5)","background-image":"","background-repeat":"repeat","background-position":"center center","background-size":"auto","background-attachment":"scroll","background-type":"","background-media":"","overlay-type":"","overlay-color":"","overlay-opacity":"","overlay-gradient":""},"tablet":{"background-color":"var(--ast-global-color-5)","background-image":"","background-repeat":"repeat","background-position":"center center","background-size":"auto","background-attachment":"scroll","background-type":"","background-media":"","overlay-type":"","overlay-color":"","overlay-opacity":"","overlay-gradient":""},"mobile":{"background-color":"var(--ast-global-color-5)","background-image":"","background-repeat":"repeat","background-position":"center center","background-size":"auto","background-attachment":"scroll","background-type":"","background-media":"","overlay-type":"","overlay-color":"","overlay-opacity":"","overlay-gradient":""}},"footnotes":""},"class_list":["post-13851","page","type-page","status-publish","hentry"],"aioseo_notices":[],"jetpack_sharing_enabled":true,"_links":{"self":[{"href":"https:\/\/codexvirtualis.fr\/codex\/wp-json\/wp\/v2\/pages\/13851","targetHints":{"allow":["GET"]}}],"collection":[{"href":"https:\/\/codexvirtualis.fr\/codex\/wp-json\/wp\/v2\/pages"}],"about":[{"href":"https:\/\/codexvirtualis.fr\/codex\/wp-json\/wp\/v2\/types\/page"}],"author":[{"embeddable":true,"href":"https:\/\/codexvirtualis.fr\/codex\/wp-json\/wp\/v2\/users\/2"}],"replies":[{"embeddable":true,"href":"https:\/\/codexvirtualis.fr\/codex\/wp-json\/wp\/v2\/comments?post=13851"}],"version-history":[{"count":6,"href":"https:\/\/codexvirtualis.fr\/codex\/wp-json\/wp\/v2\/pages\/13851\/revisions"}],"predecessor-version":[{"id":14049,"href":"https:\/\/codexvirtualis.fr\/codex\/wp-json\/wp\/v2\/pages\/13851\/revisions\/14049"}],"up":[{"embeddable":true,"href":"https:\/\/codexvirtualis.fr\/codex\/wp-json\/wp\/v2\/pages\/13169"}],"wp:attachment":[{"href":"https:\/\/codexvirtualis.fr\/codex\/wp-json\/wp\/v2\/media?parent=13851"}],"curies":[{"name":"wp","href":"https:\/\/api.w.org\/{rel}","templated":true}]}}