{"id":13847,"date":"2021-07-20T17:09:42","date_gmt":"2021-07-20T15:09:42","guid":{"rendered":"https:\/\/codexvirtualis.fr\/codex\/?page_id=13847"},"modified":"2021-08-01T12:42:02","modified_gmt":"2021-08-01T10:42:02","slug":"les-reins-sites-devacuation-et-de-retention-deau-et-dions","status":"publish","type":"page","link":"https:\/\/codexvirtualis.fr\/codex\/petites-questions-de-physiologie\/petites-questions-de-physiologie-animale-2019-ouvrage\/les-reins-sites-devacuation-et-de-retention-deau-et-dions","title":{"rendered":"Les reins : sites d\u2019\u00e9vacuation et de r\u00e9tention d\u2019eau et d&rsquo;ions"},"content":{"rendered":"<header>\n<table style=\"width: 100%; \">\n<tr>\n<th style=\"text-align: center; \" colspan=\"3\">Les reins : sites d\u2019\u00e9vacuation et de r\u00e9tention d\u2019eau et d&rsquo;ions <\/th>\n<\/tr>\n<tr>\n<td style=\"width: 20%; text-align: left; \">\n<a href=\"\/codex\/petites-questions-de-physiologie\/petites-questions-de-physiologie-animale-2019-ouvrage\/le-tractus-digestif-site-de-labsorption-deau-et-dions\" title=\"Le tractus digestif : site de l\u2019absorption d\u2019eau et d\u2019ions\">Pr\u00e9c\u00e9dent<\/a>\u00a0<\/td>\n<th style=\"width: 60%; text-align: center; \">Le probl\u00e8me de l&rsquo;eau et des ions chez les T\u00e9l\u00e9ost\u00e9ens<\/th>\n<td style=\"width: 20%; text-align: right; \"><a href=\"\/codex\/petites-questions-de-physiologie\/petites-questions-de-physiologie-animale-2019-ouvrage\/le-probleme-de-leau-et-des-ions-chez-les-teleosteens-conclusion\" title=\"Le probl\u00e8me de l\u2019eau et des ions chez les T\u00e9l\u00e9ost\u00e9ens : conclusion\">Suivant<\/a>\n<\/td>\n<\/tr>\n<\/table>\n<hr \/>\n<\/header>\n<p> &nbsp; <\/p>\n<section class=\"sect1\" id=\"d0e7298\">\n<\/section>\n<section class=\"sect2\" id=\"d0e7301\">\n<h3 class=\"title\">Les reins, des organes produisant un liquide contenant de l\u2019eau et des ions, l&rsquo;urine<\/h3>\n<figure id=\"d0e7304\"\nclass=\"img\"\ntitle=\"Figure\u00a07.\u00a0Anatomie de l'appareil urinaire du Vairon en vue ventrale\"><\/p>\n<div class=\"figure\">\n<figure style=\"width: 300px\" class=\"wp-caption alignnone\"><a rel=\"lightbox\" href=\"\/documents\/images\/PetitesQuestionsDePhysiologie\/2019\/media\/images\/18_figure_07.jpg\"><img decoding=\"async\" src=\"\/documents\/images\/PetitesQuestionsDePhysiologie\/2019\/media\/images\/18_figure_07.jpg\" width=\"300\" \" alt=\"Anatomie de l'appareil urinaire du Vairon en vue ventrale\" class=\"size-medium\" \/><figcaption class=\"wp-caption-text\">Figure\u00a07.\u00a0Anatomie de l&rsquo;appareil urinaire du Vairon en vue ventrale  <\/a><\/figcaption><\/figure>\n<\/div>\n<div class=\"copyright\">\n<p>Copyright : 2019 _ A\u00efmen Bouzidi ; Ronan Dadole ; Romain Fill\u00e2tre ; Thomas Leli\u00e8vre ; Sandrine Heusser<\/p>\n<\/div>\n<div class=\"legalnotice\" title=\"Note L\u00e9gale\">\n<p> Cette illustration est mise \u00e0 disposition selon les termes de la Licence Creative Commons Attribution &#8211; Pas d&rsquo;Utilisation Commerciale &#8211; Partage dans les m\u00eames conditions 4.0 International.<span class=\"inlinemediaobject\"><br \/>\n<img decoding=\"async\" class=\"ccimage\" src=\"\/documents\/images\/PetitesQuestionsDePhysiologie\/2019\/media\/images\/00_licence.png\" width=\"50\"\/> <\/span> <\/p>\n<\/div>\n<\/figure>\n<p><\/p>\n<p>Les T\u00e9l\u00e9ost\u00e9ens poss\u00e8dent un appareil excr\u00e9teur form\u00e9 de deux reins accol\u00e9s, situ\u00e9s en position dorsale et post\u00e9rieure. Chacun est drain\u00e9 par un uret\u00e8re.<br \/>\nLes uret\u00e8res d\u00e9bouchent dans une vessie reli\u00e9e \u00e0 l&rsquo;orifice urinaire par un court ur\u00e8tre.<\/p>\n<p>Les reins sont les organes excr\u00e9teurs, responsables de la production de l&rsquo;urine.<br \/>\nLes uret\u00e8res, la vessie et l&rsquo;ur\u00e8tre constituent les voies excr\u00e9trices, acheminant et stockant l&rsquo;urine avant de l&rsquo;\u00e9vacuer dans le milieu.<\/p>\n<figure id=\"d0e7340\"\nclass=\"img\"\ntitle=\"Figure\u00a08.\u00a0Corpuscule de Malpighi de n\u00e9phron de rein de Gardon en coupe transversale&#xA;(Collection de l'ENS de Lyon)\"><\/p>\n<div class=\"figure\">\n<figure style=\"width: 300px\" class=\"wp-caption alignnone\"><a rel=\"lightbox\" href=\"\/documents\/images\/PetitesQuestionsDePhysiologie\/2019\/media\/images\/18_figure_08.jpg\"><img decoding=\"async\" src=\"\/documents\/images\/PetitesQuestionsDePhysiologie\/2019\/media\/images\/18_figure_08.jpg\" width=\"300\" \" alt=\"Corpuscule de Malpighi de n\u00e9phron de rein de Gardon en coupe transversale (Collection de l'ENS de Lyon)\" class=\"size-medium\" \/><figcaption class=\"wp-caption-text\">Figure\u00a08.\u00a0Corpuscule de Malpighi de n\u00e9phron de rein de Gardon en coupe transversale (Collection de l&rsquo;ENS de Lyon)  <\/a><\/figcaption><\/figure>\n<\/div>\n<div class=\"copyright\">\n<p>Copyright : 2019 &#8211; A\u00efmen Bouzidi ; Ronan Dadole ; Romain Fill\u00e2tre ; Thomas Leli\u00e8vre ; Sandrine Heusser<\/p>\n<\/div>\n<div class=\"legalnotice\" title=\"Note L\u00e9gale\">\n<p> Cette illustration est mise \u00e0 disposition selon les termes de la Licence Creative Commons Attribution &#8211; Pas d&rsquo;Utilisation Commerciale &#8211; Partage dans les m\u00eames conditions 4.0 International.<span class=\"inlinemediaobject\"><br \/>\n<img decoding=\"async\" class=\"ccimage\" src=\"\/documents\/images\/PetitesQuestionsDePhysiologie\/2019\/media\/images\/00_licence.png\" width=\"50\"\/> <\/span> <\/p>\n<\/div>\n<\/figure>\n<p><\/p>\n<p>Un n\u00e9phron est constitu\u00e9 d&rsquo;une capsule de Bowman sph\u00e9rique et d&rsquo;un tubule urinaire. <\/p>\n<p>La capsule de Bowman poss\u00e8de une double enveloppe : elle est d\u00e9limit\u00e9e ext\u00e9rieurement par un feuillet pari\u00e9tal, \u00e9pith\u00e9lium simple et pavimenteux, et int\u00e9rieurement par un feuillet visc\u00e9ral form\u00e9 de cellules d\u00e9veloppant des expansions ramifi\u00e9es, les podocytes.<br \/>\nLes feuillets pari\u00e9tal et visc\u00e9ral m\u00e9nagent entre eux un espace dit de Bowman contenant de l&rsquo;urine.<\/p>\n<p>La capsule de Bowman entoure un bouquet de vaisseaux sanguins capillaires, le glom\u00e9rule, l&rsquo;ensemble constituant le corpuscule de Malpighi. Le sang est amen\u00e9 au glom\u00e9rule par une art\u00e9riole aff\u00e9rente et repris par une art\u00e9riole eff\u00e9rente.<\/p>\n<p>Dans le corpuscule de Malpighi les structures excr\u00e9trice, repr\u00e9sent\u00e9e par la capsule de Bowman du n\u00e9phron, et circulatoire, correspondant aux vaisseaux capillaires du glom\u00e9rule sont \u00e9troitement associ\u00e9es.<\/p>\n<figure id=\"d0e7382\"\nclass=\"img\"\ntitle=\"Figure\u00a09.\u00a0Rein de Gardon en coupe transversale (Collection de l'ENS de Lyon)\"><\/p>\n<div class=\"figure\">\n<figure style=\"width: 300px\" class=\"wp-caption alignnone\"><a rel=\"lightbox\" href=\"\/documents\/images\/PetitesQuestionsDePhysiologie\/2019\/media\/images\/18_figure_09.jpg\"><img decoding=\"async\" src=\"\/documents\/images\/PetitesQuestionsDePhysiologie\/2019\/media\/images\/18_figure_09.jpg\" width=\"300\" \" alt=\"Rein de Gardon en coupe transversale (Collection de l'ENS de Lyon)\" class=\"size-medium\" \/><figcaption class=\"wp-caption-text\">Figure\u00a09.\u00a0Rein de Gardon en coupe transversale (Collection de l&rsquo;ENS de Lyon)  <\/a><\/figcaption><\/figure>\n<\/div>\n<div class=\"copyright\">\n<p>Copyright : 2019 &#8211; A\u00efmen Bouzidi ; Ronan Dadole ; Romain Fill\u00e2tre ; Thomas Leli\u00e8vre ; Sandrine Heusser<\/p>\n<\/div>\n<div class=\"legalnotice\" title=\"Note L\u00e9gale\">\n<p> Cette illustration est mise \u00e0 disposition selon les termes de la Licence Creative Commons Attribution &#8211; Pas d&rsquo;Utilisation Commerciale &#8211; Partage dans les m\u00eames conditions 4.0 International.<span class=\"inlinemediaobject\"><br \/>\n<img decoding=\"async\" class=\"ccimage\" src=\"\/documents\/images\/PetitesQuestionsDePhysiologie\/2019\/media\/images\/00_licence.png\" width=\"50\"\/> <\/span> <\/p>\n<\/div>\n<\/figure>\n<p><\/p>\n<p>Le tubule urinaire du n\u00e9phron des T\u00e9l\u00e9ost\u00e9ens, \u00e0 l&rsquo;instar de celui de autres Vert\u00e9br\u00e9s, est divis\u00e9 en quatre r\u00e9gions successives : un tubule proximal, un segment interm\u00e9diaire, un tubule distal et un tubule collecteur.<\/p>\n<p>Le tubule proximal est bord\u00e9 d&rsquo;un \u00e9pith\u00e9lium simple, cubique \u00e0 prismatique, dont les cellules poss\u00e8dent une bordure en brosse apicale et contiennent d&rsquo;abondantes mitochondries. Il est constitu\u00e9 de deux segments d\u00e9sign\u00e9s par les chiffres I et II. <\/p>\n<p>Le tubule distal est tapiss\u00e9 de m\u00eame d&rsquo;un \u00e9pith\u00e9lium simple, cubique \u00e0 prismatique. Ses cellules sont d\u00e9pourvues de bordure en brosse mais contiennent de nombreuses mitochondries. Bien d\u00e9velopp\u00e9 chez les T\u00e9l\u00e9ost\u00e9ens d&rsquo;eau douce, il est r\u00e9duit voire absent chez les T\u00e9l\u00e9ost\u00e9ens marins.<\/p>\n<p>Le tubule collecteur pr\u00e9sente un \u00e9pith\u00e9lium simple et prismatique, dont les cellules sont d\u00e9pourvues de bordure en brosse. Son diam\u00e8tre augmentant, il devient un tube collecteur \u00e0 \u00e9pith\u00e9lium pseudostratifi\u00e9 dans lequel des cellules \u00e0 mucus sont pr\u00e9sentes.<\/p>\n<p>Le n\u00e9phron produit l&rsquo;urine.<\/p>\n<p>Dans le corpuscule du Malpighi, en raison des diff\u00e9rences de pression r\u00e9gnant dans le compartiment sanguin et dans l&rsquo;espace de Bowman, le sang est filtr\u00e9 \u00e0 travers la paroi des capillaires et le feuillet visc\u00e9ral de la capsule de Bowman. Ce processus est \u00e0 l&rsquo;origine de l&rsquo;urine primitive.<\/p>\n<p>L&rsquo;urine primitive chemine ensuite dans le tubule urinaire o\u00f9 interviennent des r\u00e9absorptions et s\u00e9cr\u00e9tions qui modifient sa composition. Elle est progressivement transform\u00e9e en urine d\u00e9finitive, d\u00e9vers\u00e9e dans les voies urinaires.<\/p>\n<\/section>\n<section class=\"sect2\" id=\"d0e7428\">\n<h3 class=\"title\">Les reins, des organes \u00e9liminant l\u2019eau par production d\u2019urine abondante et dilu\u00e9e<\/h3>\n<p>En eau douce, l&rsquo;Anguille \u00e9limine environ 0,3 ml d&rsquo;urine par heure pour 100 g de masse corporelle. Sa concentration osmotique est de 30 mOsmol.l<sup>-1<\/sup> quand celle du milieu int\u00e9rieur est de 280 mOsmol.l<sup>-1<\/sup>.<\/p>\n<p>De mani\u00e8re g\u00e9n\u00e9rale, les T\u00e9l\u00e9ost\u00e9ens \u00e9voluant en eau douce \u00e9liminent une urine abondante, repr\u00e9sentant jusqu&rsquo;\u00e0 un tiers de la masse corporelle, et dilu\u00e9e. L&rsquo;eau apport\u00e9e par les flux passifs est ainsi \u00e9limin\u00e9e et les ions sont conserv\u00e9s.<\/p>\n<p>Comment cette urine est-elle produite ?<\/p>\n<p>Les corpuscules de Malpighi des T\u00e9l\u00e9ost\u00e9ens d&rsquo;eau douce sont g\u00e9n\u00e9ralement volumineux et la quantit\u00e9 de sang qu&rsquo;ils sont susceptibles de traiter est importante. Le d\u00e9bit de filtration glom\u00e9rulaire, quantit\u00e9 d&rsquo;urine primitive produite \u00e0 partir du sang par unit\u00e9 de temps, est relativement \u00e9lev\u00e9.<br \/>\nPlac\u00e9 en eau douce, le Flet (<span class=\"emphasis\"> <em>Platichtys flesus<\/em> <\/span>) pr\u00e9sente un d\u00e9bit de filtration glom\u00e9rulaire de 0,4 ml.h<sup>-1<\/sup> pour 100 g alors qu\u2019il est de 0,2 ml.h<sup>-1<\/sup> pour 100 g en eau de mer.<\/p>\n<p>L\u2019urine primitive abondante transite ensuite dans le tubule urinaire.<\/p>\n<p>Le segment I du tubule proximal est le si\u00e8ge d&rsquo;une r\u00e9absorption de mol\u00e9cules organiques comme le glucose et des ions Na<sup>+<\/sup> et Cl<sup>&#8211;<\/sup>, le segment II de divers ions movalents et divalents. Les m\u00e9canismes impliqu\u00e9s sont des transports actifs.<br \/>\nLes r\u00e9absorptions sont isoosmotiques, de l&rsquo;eau \u00e9tant \u00e9galement r\u00e9absorb\u00e9e, elle repr\u00e9sente environ 25% de l&rsquo;eau filtr\u00e9e.<\/p>\n<p>Le tubule distal et le tubule puis le tube collecteur r\u00e9alisent une importante r\u00e9absorption d&rsquo;ions monovalents (Na<sup>+<\/sup>, K<sup>+<\/sup> et Cl<sup>&#8211;<\/sup>). Elle n&rsquo;est pas accompagn\u00e9e d&rsquo;une r\u00e9absorption d&rsquo;eau en raison de l&rsquo;imperm\u00e9abilit\u00e9 de leur parois \u00e0 l&rsquo;eau.<\/p>\n<p>Finalement, l&rsquo;urine d\u00e9finitive est dilu\u00e9e par rapport \u00e0 l&rsquo;urine primitive du fait des r\u00e9absorptions d&rsquo;ions.<\/p>\n<\/section>\n<section class=\"sect2\" id=\"d0e7477\">\n<h3 class=\"title\">Les reins, des organes conservant l&rsquo;eau par production d\u2019urine peu abondante et concentr\u00e9e<\/h3>\n<p>En eau de mer, le Flet \u00e9limine 0,06 ml d&rsquo;urine par heure et pour 100 g de masse corporelle, alors qu&rsquo;en eau douce son d\u00e9bit urinaire est de 0,18 ml.h<sup>-1<\/sup> pour 100 g. Il pr\u00e9sente en outre de longues p\u00e9riodes d&rsquo;anurie, n&rsquo;\u00e9mettant pas d&rsquo;urine. <\/p>\n<p>La concentration de l&rsquo;urine \u00e9vacu\u00e9e par l&rsquo;Anguille plac\u00e9e en milieu marin est de 270 mOsmol.l<sup>-1<\/sup> alors que celle de son milieu int\u00e9rieur est de 300 mOsmol.l<sup>-1<\/sup>.<br \/>\nPar rapport au milieu int\u00e9rieur, l&rsquo;urine \u00e9mise est relativement concentr\u00e9e.<\/p>\n<p>Comme le Flet et l&rsquo;Anguille, de mani\u00e8re g\u00e9n\u00e9rale les T\u00e9l\u00e9ost\u00e9ens marins \u00e9liminent une urine peu abondante et concentr\u00e9e.<\/p>\n<p>Comment cette urine est-elle produite ?<\/p>\n<p>Comme chez les T\u00e9l\u00e9ost\u00e9ens vivant en eau douce, le corpuscule de Malpighi est responsable de la formation de l&rsquo;urine primitive par filtration du sang.<br \/>\nCependant, les corpuscules de Malpighi des T\u00e9l\u00e9ost\u00e9ens marins sont fr\u00e9quemment de petite taille et le d\u00e9bit de filtration glom\u00e9rulaire est plus faible qu&rsquo;en eau douce. La quantit\u00e9 de sang trait\u00e9 est moindre, et en cons\u00e9quence la quantit\u00e9 d&rsquo;urine primitive peu importante.<\/p>\n<p>Quelques Syngnathes, la Baudroie et le Poisson-crapaud poss\u00e8dent des n\u00e9phrons d\u00e9pourvus de corpuscules de Malpighi. La production de l&rsquo;urine primitive est due \u00e0 des transports actifs d&rsquo;ions du milieu int\u00e9rieur vers la lumi\u00e8re du tubule urinaire, g\u00e9n\u00e9rant un gradient de concentration osmotique qui provoque la sortie d&rsquo;eau.<br \/>\nUn tel m\u00e9canisme de production de l&rsquo;urine primitive est interpr\u00e9t\u00e9 comme \u00e9conome en eau, la production de l&rsquo;urine \u00e9tant contr\u00f4l\u00e9e par des processus actifs.<\/p>\n<p>L\u2019urine primitive est ensuite conduite dans le tubule. <\/p>\n<p>Le segment I du tubule s\u00e9cr\u00e8te des ions divalents comme les ions Ca<sup>2+<\/sup> et le segment II divers ions ainsi que de l&rsquo;oxyde de trim\u00e9thylamine (TMAO). Parall\u00e8lement de l&rsquo;eau est r\u00e9absorb\u00e9e. <\/p>\n<p>Finalement, l&rsquo;urine d\u00e9finitive est peu abondante et concentr\u00e9e par rapport \u00e0 l&rsquo;urine primitive en raison de la r\u00e9absorption d&rsquo;eau atteignant jusqu&rsquo;\u00e0 40% du volume d&rsquo;eau filtr\u00e9 et de la s\u00e9cr\u00e9tion d&rsquo;ions par le tubule urinaire.<\/p>\n<\/section>\n<p> &nbsp; <\/p>\n<footer>\n<hr \/>\n<table style=\"width: 100%; \">\n<tr>\n<td style=\"width: 40%; text-align: left; \">\n<a href=\"\/codex\/petites-questions-de-physiologie\/petites-questions-de-physiologie-animale-2019-ouvrage\/le-tractus-digestif-site-de-labsorption-deau-et-dions\" title=\"Le tractus digestif : site de l\u2019absorption d\u2019eau et d\u2019ions\">Pr\u00e9c\u00e9dent<\/a>\u00a0<\/td>\n<td style=\"width: 20%; text-align: center; \">\n<a href=\"\/codex\/petites-questions-de-physiologie\/petites-questions-de-physiologie-animale-2019-ouvrage\/le-probleme-de-leau-et-des-ions-chez-les-teleosteens-introduction\" title=\"Le probl\u00e8me de l\u2019eau et des ions chez les T\u00e9l\u00e9ost\u00e9ens : introduction\">Niveau sup\u00e9rieur<\/a>\n<\/td>\n<td style=\"width: 40%; text-align: right; \"><a href=\"\/codex\/petites-questions-de-physiologie\/petites-questions-de-physiologie-animale-2019-ouvrage\/le-probleme-de-leau-et-des-ions-chez-les-teleosteens-conclusion\" title=\"Le probl\u00e8me de l\u2019eau et des ions chez les T\u00e9l\u00e9ost\u00e9ens : conclusion\">Suivant<\/a>\n<\/td>\n<\/tr>\n<tr>\n<td style=\"width: 40%; text-align: left; vertical-align: top; \">Le tractus digestif : site de l&rsquo;absorption d&rsquo;eau et d&rsquo;ions\u00a0<\/td>\n<td style=\"width: 20%; text-align: center; \">\n<a href=\"\/codex\/petites-questions-de-physiologie\/petites-questions-de-physiologie-animale-2019-ouvrage\" title=\"Petites questions de physiologie animale 2019 : ouvrage\">Sommaire<\/a>\n<\/td>\n<td style=\"width: 40%; text-align: right; vertical-align: top; \">\u00a0Conclusion<\/td>\n<\/tr>\n<\/table>\n<\/footer>\n","protected":false},"excerpt":{"rendered":"<p>Les reins : sites d\u2019\u00e9vacuation et de r\u00e9tention d\u2019eau et d&rsquo;ions Pr\u00e9c\u00e9dent\u00a0 Le probl\u00e8me de l&rsquo;eau et des ions chez les T\u00e9l\u00e9ost\u00e9ens Suivant &nbsp; Les reins, des organes produisant un liquide contenant de l\u2019eau et des ions, l&rsquo;urine Copyright : 2019 _ A\u00efmen Bouzidi ; Ronan Dadole ; Romain Fill\u00e2tre ; Thomas Leli\u00e8vre ; Sandrine [&hellip;]<\/p>\n","protected":false},"author":2,"featured_media":0,"parent":13169,"menu_order":46,"comment_status":"closed","ping_status":"closed","template":"","meta":{"site-sidebar-layout":"default","site-content-layout":"","ast-site-content-layout":"default","site-content-style":"default","site-sidebar-style":"default","ast-global-header-display":"","ast-banner-title-visibility":"","ast-main-header-display":"","ast-hfb-above-header-display":"","ast-hfb-below-header-display":"","ast-hfb-mobile-header-display":"","site-post-title":"","ast-breadcrumbs-content":"","ast-featured-img":"","footer-sml-layout":"","ast-disable-related-posts":"","theme-transparent-header-meta":"","adv-header-id-meta":"","stick-header-meta":"","header-above-stick-meta":"","header-main-stick-meta":"","header-below-stick-meta":"","astra-migrate-meta-layouts":"default","ast-page-background-enabled":"default","ast-page-background-meta":{"desktop":{"background-color":"var(--ast-global-color-4)","background-image":"","background-repeat":"repeat","background-position":"center center","background-size":"auto","background-attachment":"scroll","background-type":"","background-media":"","overlay-type":"","overlay-color":"","overlay-opacity":"","overlay-gradient":""},"tablet":{"background-color":"","background-image":"","background-repeat":"repeat","background-position":"center center","background-size":"auto","background-attachment":"scroll","background-type":"","background-media":"","overlay-type":"","overlay-color":"","overlay-opacity":"","overlay-gradient":""},"mobile":{"background-color":"","background-image":"","background-repeat":"repeat","background-position":"center center","background-size":"auto","background-attachment":"scroll","background-type":"","background-media":"","overlay-type":"","overlay-color":"","overlay-opacity":"","overlay-gradient":""}},"ast-content-background-meta":{"desktop":{"background-color":"var(--ast-global-color-5)","background-image":"","background-repeat":"repeat","background-position":"center center","background-size":"auto","background-attachment":"scroll","background-type":"","background-media":"","overlay-type":"","overlay-color":"","overlay-opacity":"","overlay-gradient":""},"tablet":{"background-color":"var(--ast-global-color-5)","background-image":"","background-repeat":"repeat","background-position":"center center","background-size":"auto","background-attachment":"scroll","background-type":"","background-media":"","overlay-type":"","overlay-color":"","overlay-opacity":"","overlay-gradient":""},"mobile":{"background-color":"var(--ast-global-color-5)","background-image":"","background-repeat":"repeat","background-position":"center center","background-size":"auto","background-attachment":"scroll","background-type":"","background-media":"","overlay-type":"","overlay-color":"","overlay-opacity":"","overlay-gradient":""}},"footnotes":""},"class_list":["post-13847","page","type-page","status-publish","hentry"],"aioseo_notices":[],"jetpack_sharing_enabled":true,"_links":{"self":[{"href":"https:\/\/codexvirtualis.fr\/codex\/wp-json\/wp\/v2\/pages\/13847","targetHints":{"allow":["GET"]}}],"collection":[{"href":"https:\/\/codexvirtualis.fr\/codex\/wp-json\/wp\/v2\/pages"}],"about":[{"href":"https:\/\/codexvirtualis.fr\/codex\/wp-json\/wp\/v2\/types\/page"}],"author":[{"embeddable":true,"href":"https:\/\/codexvirtualis.fr\/codex\/wp-json\/wp\/v2\/users\/2"}],"replies":[{"embeddable":true,"href":"https:\/\/codexvirtualis.fr\/codex\/wp-json\/wp\/v2\/comments?post=13847"}],"version-history":[{"count":5,"href":"https:\/\/codexvirtualis.fr\/codex\/wp-json\/wp\/v2\/pages\/13847\/revisions"}],"predecessor-version":[{"id":14048,"href":"https:\/\/codexvirtualis.fr\/codex\/wp-json\/wp\/v2\/pages\/13847\/revisions\/14048"}],"up":[{"embeddable":true,"href":"https:\/\/codexvirtualis.fr\/codex\/wp-json\/wp\/v2\/pages\/13169"}],"wp:attachment":[{"href":"https:\/\/codexvirtualis.fr\/codex\/wp-json\/wp\/v2\/media?parent=13847"}],"curies":[{"name":"wp","href":"https:\/\/api.w.org\/{rel}","templated":true}]}}