{"id":13843,"date":"2021-07-20T17:10:10","date_gmt":"2021-07-20T15:10:10","guid":{"rendered":"https:\/\/codexvirtualis.fr\/codex\/?page_id=13843"},"modified":"2021-08-01T12:41:34","modified_gmt":"2021-08-01T10:41:34","slug":"le-tractus-digestif-site-de-labsorption-deau-et-dions","status":"publish","type":"page","link":"https:\/\/codexvirtualis.fr\/codex\/petites-questions-de-physiologie\/petites-questions-de-physiologie-animale-2019-ouvrage\/le-tractus-digestif-site-de-labsorption-deau-et-dions","title":{"rendered":"Le tractus digestif : site de l&rsquo;absorption d&rsquo;eau et d&rsquo;ions"},"content":{"rendered":"<header>\n<table style=\"width: 100%; \">\n<tr>\n<th style=\"text-align: center; \" colspan=\"3\">Le tractus digestif : site de l&rsquo;absorption d&rsquo;eau et d&rsquo;ions<\/th>\n<\/tr>\n<tr>\n<td style=\"width: 20%; text-align: left; \">\n<a href=\"\/codex\/petites-questions-de-physiologie\/petites-questions-de-physiologie-animale-2019-ouvrage\/les-branchies-sites-de-flux-spontanes-et-de-transferts-controles-deau-et-dions\" title=\"Les branchies : sites de flux spontan\u00e9s et de transferts contr\u00f4l\u00e9s d\u2019eau et d\u2019ions\">Pr\u00e9c\u00e9dent<\/a>\u00a0<\/td>\n<th style=\"width: 60%; text-align: center; \">Le probl\u00e8me de l&rsquo;eau et des ions chez les T\u00e9l\u00e9ost\u00e9ens<\/th>\n<td style=\"width: 20%; text-align: right; \">\u00a0<a href=\"\/codex\/petites-questions-de-physiologie\/petites-questions-de-physiologie-animale-2019-ouvrage\/les-reins-sites-devacuation-et-de-retention-deau-et-dions\" title=\"Les reins : sites d\u2019\u00e9vacuation et de r\u00e9tention d\u2019eau et d\u2019ions\">Suivant<\/a>\n<\/td>\n<\/tr>\n<\/table>\n<hr \/>\n<\/header>\n<p> &nbsp; <\/p>\n<section class=\"sect1\" id=\"d0e7140\">\n<p>Le milieu int\u00e9rieur des T\u00e9l\u00e9ost\u00e9ens \u00e9voluant en eau douce \u00e9tant hyperosmotique par rapport au milieu ext\u00e9rieur, des flux spontan\u00e9s d&rsquo;eau entrants se produisent au niveau des surfaces corporelles perm\u00e9ables. Ces animaux ne boivent pas ou peu, les apports d&rsquo;eau dus aux flux spontan\u00e9s couvrant les besoins.<\/p>\n<p>En revanche le milieu int\u00e9rieur des T\u00e9l\u00e9ost\u00e9ens vivant en eau de mer \u00e9tant hypoosmotique par rapport au milieu ext\u00e9rieur, les flux spontan\u00e9s d&rsquo;eau se produisant au niveau des surfaces corporelles perm\u00e9ables sont sortants. Les pertes d&rsquo;eau dues aux flux spontan\u00e9s sont compens\u00e9es par la boisson. Cependant, l&rsquo;eau de mer pr\u00e9sente dans la lumi\u00e8re du tube digestif a une concentration osmotique sup\u00e9rieure \u00e0 celle du milieu int\u00e9rieur. Dans ces conditions, comment l&rsquo;eau est-elle absorb\u00e9e ?<\/p>\n<\/section>\n<section class=\"sect2\" id=\"d0e7147\">\n<h3 class=\"title\">L\u2019\u0153sophage : organe de dessalement de l&rsquo;eau de mer ing\u00e9r\u00e9e<\/h3>\n<p>Le tube digestif des T\u00e9l\u00e9ost\u00e9ens est form\u00e9, en aval du pharynx, d&rsquo;un court \u0153sophage, d&rsquo;un estomac parfois peu dilat\u00e9 et d&rsquo;un intestin.<\/p>\n<figure id=\"d0e7152\"\nclass=\"img\"\ntitle=\"Figure\u00a05.\u00a0\u0152sophage de Truite en coupe longitudinale (Collection de l'ENS de&#xA;Lyon)\"><\/p>\n<div class=\"figure\">\n<figure style=\"width: 300px\" class=\"wp-caption alignnone\"><a rel=\"lightbox\" href=\"\/documents\/images\/PetitesQuestionsDePhysiologie\/2019\/media\/images\/18_figure_05.jpg\"><img decoding=\"async\" src=\"\/documents\/images\/PetitesQuestionsDePhysiologie\/2019\/media\/images\/18_figure_05.jpg\" width=\"300\" \" alt=\"\u0152sophage de Truite en coupe longitudinale (Collection de l'ENS de Lyon)\" class=\"size-medium\" \/><figcaption class=\"wp-caption-text\">Figure\u00a05.\u00a0\u0152sophage de Truite en coupe longitudinale (Collection de l&rsquo;ENS de Lyon)  <\/a><\/figcaption><\/figure>\n<\/div>\n<div class=\"copyright\">\n<p>Copyright : 2019 &#8211; Sandrine Heusser<\/p>\n<\/div>\n<div class=\"legalnotice\" title=\"Note L\u00e9gale\">\n<p> Cette illustration est mise \u00e0 disposition selon les termes de la Licence Creative Commons Attribution &#8211; Pas d&rsquo;Utilisation Commerciale &#8211; Partage dans les m\u00eames conditions 4.0 International.<span class=\"inlinemediaobject\"><br \/>\n<img decoding=\"async\" class=\"ccimage\" src=\"\/documents\/images\/PetitesQuestionsDePhysiologie\/2019\/media\/images\/00_licence.png\" width=\"50\"\/> <\/span> <\/p>\n<\/div>\n<\/figure>\n<p><\/p>\n<p>Bien que la Truite soit un T\u00e9l\u00e9ost\u00e9en vivant en eau douce, les caract\u00e9ristiques structurales de son \u0153sophage sont semblables \u00e0 celles rencont\u00e9res chez les T\u00e9l\u00e9ost\u00e9ens marins.<\/p>\n<p>La paroi \u0153sophagienne comporte, de la lumi\u00e8re vers la p\u00e9riph\u00e9rie, trois tuniques.<br \/>\nLa muqueuse est form\u00e9e d&rsquo;un \u00e9pith\u00e9lium pluristratifi\u00e9 cubique \u00e0 prismatique, dans lequel les cellules s\u00e9cr\u00e9trices de mucus sont abondantes, reposant sur un chorion de nature conjonctive. La sous-muqueuse constitu\u00e9e de tissu conjonctif l&rsquo;entoure, puis une musculeuse comprenant des fibres musculaires stri\u00e9es circulaires et longitudinales.<\/p>\n<p>Chez les T\u00e9l\u00e9ost\u00e9ens marins, si la r\u00e9gion ant\u00e9rieure de l&rsquo;\u0153sophage est bord\u00e9e par un \u00e9pith\u00e9lium pluristratifi\u00e9, sa r\u00e9gion post\u00e9rieure poss\u00e8de un \u00e9pith\u00e9lium simple.<br \/>\nLes cellules \u00e9pith\u00e9liales de cette r\u00e9gion portent une bordure en brosse apicale, d\u00e9veloppent des invaginations membranaires lat\u00e9rales et m\u00e9nagent entre elles de vastes espaces.<\/p>\n<p>L&rsquo;\u00e9pith\u00e9lium de l&rsquo;\u0153sophage est imperm\u00e9able \u00e0 l&rsquo;eau sur toute la longueur de l&rsquo;organe.<br \/>\nEn revanche, il est imperm\u00e9able aux ions Na<sup>+<\/sup> et Cl<sup>&#8211;<\/sup> dans la r\u00e9gion ant\u00e9rieure et leur est perm\u00e9able dans la r\u00e9gion post\u00e9rieure.\n<\/p>\n<p>En cons\u00e9quence, les ions Na<sup>+<\/sup> et Cl<sup>&#8211;<\/sup> de l&rsquo;eau de mer pr\u00e9sente dans l&rsquo;\u0153sophage post\u00e9rieur traversent l&rsquo;\u00e9pith\u00e9lium et gagnent le milieu int\u00e9rieur.<br \/>\nL&rsquo;eau de mer est ainsi  partiellement dessal\u00e9e, mais sa concentration osmotique demeure sup\u00e9rieure \u00e0 celle du milieu int\u00e9rieur, qui gagne des ions par ce processus.<\/p>\n<p>L&rsquo;eau de mer passe ensuite dans l&rsquo;intestin.<\/p>\n<\/section>\n<section class=\"sect2\" id=\"d0e7200\">\n<h3 class=\"title\">L\u2019intestin : organe d&rsquo;absorption active de l&rsquo;eau<\/h3>\n<figure id=\"d0e7203\"\nclass=\"img\"\ntitle=\"Figure\u00a06.\u00a0Absorption d'ions et d'eau par l'\u00e9pith\u00e9lium intestinal des T\u00e9l\u00e9ost\u00e9ens en eau&#xA;de mer\"><\/p>\n<div class=\"figure\">\n<figure style=\"width: 300px\" class=\"wp-caption alignnone\"><a rel=\"lightbox\" href=\"\/documents\/images\/PetitesQuestionsDePhysiologie\/2019\/media\/images\/18_figure_06.jpg\"><img decoding=\"async\" src=\"\/documents\/images\/PetitesQuestionsDePhysiologie\/2019\/media\/images\/18_figure_06.jpg\" width=\"300\" \" alt=\"Absorption d'ions et d'eau par l'\u00e9pith\u00e9lium intestinal des T\u00e9l\u00e9ost\u00e9ens en eau de mer\" class=\"size-medium\" \/><figcaption class=\"wp-caption-text\">Figure\u00a06.\u00a0Absorption d&rsquo;ions et d&rsquo;eau par l&rsquo;\u00e9pith\u00e9lium intestinal des T\u00e9l\u00e9ost\u00e9ens en eau de mer  <\/a><\/figcaption><\/figure>\n<\/div>\n<div class=\"copyright\">\n<p>Copyright : 2019 &#8211; Sandrine Heusser<\/p>\n<\/div>\n<div class=\"legalnotice\" title=\"Note L\u00e9gale\">\n<p> Cette illustration est mise \u00e0 disposition selon les termes de la Licence Creative Commons Attribution &#8211; Pas d&rsquo;Utilisation Commerciale &#8211; Partage dans les m\u00eames conditions 4.0 International.<span class=\"inlinemediaobject\"><br \/>\n<img decoding=\"async\" class=\"ccimage\" src=\"\/documents\/images\/PetitesQuestionsDePhysiologie\/2019\/media\/images\/00_licence.png\" width=\"50\"\/> <\/span> <\/p>\n<\/div>\n<\/figure>\n<p><\/p>\n<p>Les ent\u00e9rocytes de l&rsquo;\u00e9pith\u00e9lium intestinal poss\u00e8dent une bordure en brosse apicale. Elles pr\u00e9sentent en outre des replis membranaires basaux associ\u00e9s \u00e0 des mitochondries. Les ent\u00e9rocytes voisins sont reli\u00e9s par des complexes de jonctions apicaux, sous lesquels ils m\u00e9nagent entre eux de vastes espaces.<\/p>\n<p>Une pompe ATPase Na<sup>+<\/sup>\/K<sup>+<\/sup> est pr\u00e9sente dans la membrane plasmique du c\u00f4t\u00e9 basal de la cellule. Elle expulse les ions Na<sup>+<\/sup> hors de la cellule et fait entrer les ions K<sup>+<\/sup>.<br \/>\nElle g\u00e9n\u00e8re ainsi un gradient \u00e9lectrochimique transmembranaire d&rsquo;ions Na<sup>+<\/sup>, appauvrissant le milieu intracellulaire et enrichissant le milieu extracellulaire \u00e0 la base de la cellule et dans les espaces intercellulaires. Les ions K<sup>+<\/sup> retournent pour leur part au milieu extracellulaire par des canaux basaux.<\/p>\n<p>Le gradient d&rsquo;ions Na<sup>+<\/sup> favorise le fonctionnement d&rsquo;un cotransporteur symport Na<sup>+<\/sup>\/K<sup>+<\/sup>\/2Cl<sup>&#8211;<\/sup> pr\u00e9sent dans la membrane plasmique du c\u00f4t\u00e9 apical de la cellule. Il permet l&rsquo;entr\u00e9e dans la cellule des ions Na<sup>+<\/sup>, K<sup>+<\/sup> et Cl<sup>&#8211;<\/sup>.<br \/>\nLes ions Cl<sup>&#8211;<\/sup> comme les ions K<sup>+<\/sup> empruntent des canaux sp\u00e9cifiques, situ\u00e9s \u00e0 la base de la cellule, qui leur permettent de gagner le milieu int\u00e9rieur.<\/p>\n<p>L&rsquo;expulsion active des ions Na<sup>+<\/sup> vers les espaces intercellulaires et la base de l&rsquo;\u00e9pith\u00e9lium et la sortie des ions Cl<sup>&#8211;<\/sup> qui l&rsquo;accompagne conduisent \u00e0 une augmentation de la concentration osmotique locale du milieu int\u00e9rieur.<br \/>\nLorsqu&rsquo;elle devient sup\u00e9rieure \u00e0 celle de l&rsquo;eau de mer contenue dans la lumi\u00e8re intestinale, un flux d&rsquo;eau s&rsquo;\u00e9tablit, du milieu ext\u00e9rieur repr\u00e9sent\u00e9 par le contenu de la lumi\u00e8re vers le milieu int\u00e9rieur. <\/p>\n<p>L\u2019eau est ainsi absorb\u00e9e par l&rsquo;\u00e9pith\u00e9lium intestinal contre le gradient de concentration osmotique. Le m\u00e9canisme impliqu\u00e9 comporte une pompe ATPase dont le fonctionnement consomme de l&rsquo;\u00e9nergie. Il conduit \u00e0 une absorption accrue d&rsquo;ions Na<sup>+<\/sup> et Cl<sup>&#8211;<\/sup> qui s&rsquo;ajoutent \u00e0 ceux apport\u00e9s par les flux passifs entrants existant au niveau des surfaces corporelles perm\u00e9ables.<\/p>\n<p>Les T\u00e9l\u00e9ost\u00e9ens marins compensent donc les pertes d&rsquo;eau par l&rsquo;absorption de l&rsquo;eau de  boisson, mais ils gagnent parall\u00e8lement des ions suppl\u00e9mentaires.<br \/>\n\u00c0 l&rsquo;inverse, les T\u00e9l\u00e9ost\u00e9ens d&rsquo;eau douce gagnent de l&rsquo;eau en raison des flux passifs.<\/p>\n<p>Comment le gain d&rsquo;eau est-il compens\u00e9 ?<\/p>\n<\/section>\n<p> &nbsp; <\/p>\n<footer>\n<hr \/>\n<table style=\"width: 100%; \">\n<tr>\n<td style=\"width: 40%; text-align: left; \">\n<a href=\"\/codex\/petites-questions-de-physiologie\/petites-questions-de-physiologie-animale-2019-ouvrage\/les-branchies-sites-de-flux-spontanes-et-de-transferts-controles-deau-et-dions\" title=\"Les branchies : sites de flux spontan\u00e9s et de transferts contr\u00f4l\u00e9s d\u2019eau et d\u2019ions\">Pr\u00e9c\u00e9dent<\/a><\/td>\n<td style=\"width: 20%; text-align: center; \">\n<a href=\"\/codex\/petites-questions-de-physiologie\/petites-questions-de-physiologie-animale-2019-ouvrage\/le-probleme-de-leau-et-des-ions-chez-les-teleosteens-introduction\" title=\"Le probl\u00e8me de l\u2019eau et des ions chez les T\u00e9l\u00e9ost\u00e9ens : introduction\">Niveau sup\u00e9rieur<\/a>\n<\/td>\n<td style=\"width: 40%; text-align: right; \"><a href=\"\/codex\/petites-questions-de-physiologie\/petites-questions-de-physiologie-animale-2019-ouvrage\/les-reins-sites-devacuation-et-de-retention-deau-et-dions\" title=\"Les reins : sites d\u2019\u00e9vacuation et de r\u00e9tention d\u2019eau et d\u2019ions\">Suivant<\/a>\n<\/td>\n<\/tr>\n<tr>\n<td style=\"width: 40%; text-align: left; vertical-align: top; \">Les branchies : sites de flux spontan\u00e9s et de transferts contr\u00f4l\u00e9s d&rsquo;eau et d&rsquo;ions\u00a0<\/td>\n<td style=\"width: 20%; text-align: center; \">\n<a href=\"\/codex\/petites-questions-de-physiologie\/petites-questions-de-physiologie-animale-2019-ouvrage\" title=\"Petites questions de physiologie animale 2019 : ouvrage\">Sommaire<\/a>\n<\/td>\n<td style=\"width: 40%; text-align: right; vertical-align: top; \">\u00a0Les reins : sites d\u2019\u00e9vacuation et de r\u00e9tention d\u2019eau et d&rsquo;ions <\/td>\n<\/tr>\n<\/table>\n<\/footer>\n","protected":false},"excerpt":{"rendered":"<p>Le tractus digestif : site de l&rsquo;absorption d&rsquo;eau et d&rsquo;ions Pr\u00e9c\u00e9dent\u00a0 Le probl\u00e8me de l&rsquo;eau et des ions chez les T\u00e9l\u00e9ost\u00e9ens \u00a0Suivant &nbsp; Le milieu int\u00e9rieur des T\u00e9l\u00e9ost\u00e9ens \u00e9voluant en eau douce \u00e9tant hyperosmotique par rapport au milieu ext\u00e9rieur, des flux spontan\u00e9s d&rsquo;eau entrants se produisent au niveau des surfaces corporelles perm\u00e9ables. Ces animaux ne [&hellip;]<\/p>\n","protected":false},"author":2,"featured_media":0,"parent":13169,"menu_order":45,"comment_status":"closed","ping_status":"closed","template":"","meta":{"site-sidebar-layout":"default","site-content-layout":"","ast-site-content-layout":"default","site-content-style":"default","site-sidebar-style":"default","ast-global-header-display":"","ast-banner-title-visibility":"","ast-main-header-display":"","ast-hfb-above-header-display":"","ast-hfb-below-header-display":"","ast-hfb-mobile-header-display":"","site-post-title":"","ast-breadcrumbs-content":"","ast-featured-img":"","footer-sml-layout":"","ast-disable-related-posts":"","theme-transparent-header-meta":"","adv-header-id-meta":"","stick-header-meta":"","header-above-stick-meta":"","header-main-stick-meta":"","header-below-stick-meta":"","astra-migrate-meta-layouts":"default","ast-page-background-enabled":"default","ast-page-background-meta":{"desktop":{"background-color":"var(--ast-global-color-4)","background-image":"","background-repeat":"repeat","background-position":"center center","background-size":"auto","background-attachment":"scroll","background-type":"","background-media":"","overlay-type":"","overlay-color":"","overlay-opacity":"","overlay-gradient":""},"tablet":{"background-color":"","background-image":"","background-repeat":"repeat","background-position":"center center","background-size":"auto","background-attachment":"scroll","background-type":"","background-media":"","overlay-type":"","overlay-color":"","overlay-opacity":"","overlay-gradient":""},"mobile":{"background-color":"","background-image":"","background-repeat":"repeat","background-position":"center center","background-size":"auto","background-attachment":"scroll","background-type":"","background-media":"","overlay-type":"","overlay-color":"","overlay-opacity":"","overlay-gradient":""}},"ast-content-background-meta":{"desktop":{"background-color":"var(--ast-global-color-5)","background-image":"","background-repeat":"repeat","background-position":"center center","background-size":"auto","background-attachment":"scroll","background-type":"","background-media":"","overlay-type":"","overlay-color":"","overlay-opacity":"","overlay-gradient":""},"tablet":{"background-color":"var(--ast-global-color-5)","background-image":"","background-repeat":"repeat","background-position":"center center","background-size":"auto","background-attachment":"scroll","background-type":"","background-media":"","overlay-type":"","overlay-color":"","overlay-opacity":"","overlay-gradient":""},"mobile":{"background-color":"var(--ast-global-color-5)","background-image":"","background-repeat":"repeat","background-position":"center center","background-size":"auto","background-attachment":"scroll","background-type":"","background-media":"","overlay-type":"","overlay-color":"","overlay-opacity":"","overlay-gradient":""}},"footnotes":""},"class_list":["post-13843","page","type-page","status-publish","hentry"],"aioseo_notices":[],"jetpack_sharing_enabled":true,"_links":{"self":[{"href":"https:\/\/codexvirtualis.fr\/codex\/wp-json\/wp\/v2\/pages\/13843","targetHints":{"allow":["GET"]}}],"collection":[{"href":"https:\/\/codexvirtualis.fr\/codex\/wp-json\/wp\/v2\/pages"}],"about":[{"href":"https:\/\/codexvirtualis.fr\/codex\/wp-json\/wp\/v2\/types\/page"}],"author":[{"embeddable":true,"href":"https:\/\/codexvirtualis.fr\/codex\/wp-json\/wp\/v2\/users\/2"}],"replies":[{"embeddable":true,"href":"https:\/\/codexvirtualis.fr\/codex\/wp-json\/wp\/v2\/comments?post=13843"}],"version-history":[{"count":5,"href":"https:\/\/codexvirtualis.fr\/codex\/wp-json\/wp\/v2\/pages\/13843\/revisions"}],"predecessor-version":[{"id":14047,"href":"https:\/\/codexvirtualis.fr\/codex\/wp-json\/wp\/v2\/pages\/13843\/revisions\/14047"}],"up":[{"embeddable":true,"href":"https:\/\/codexvirtualis.fr\/codex\/wp-json\/wp\/v2\/pages\/13169"}],"wp:attachment":[{"href":"https:\/\/codexvirtualis.fr\/codex\/wp-json\/wp\/v2\/media?parent=13843"}],"curies":[{"name":"wp","href":"https:\/\/api.w.org\/{rel}","templated":true}]}}