{"id":13805,"date":"2021-07-18T17:14:38","date_gmt":"2021-07-18T15:14:38","guid":{"rendered":"https:\/\/codexvirtualis.fr\/codex\/?page_id=13805"},"modified":"2021-08-01T12:40:09","modified_gmt":"2021-08-01T10:40:09","slug":"la-diversite-et-lunite-des-appareils-branchiaux-des-vertebres-bibliographie-et-sitographie","status":"publish","type":"page","link":"https:\/\/codexvirtualis.fr\/codex\/petites-questions-de-physiologie\/petites-questions-de-physiologie-animale-2019-ouvrage\/la-diversite-et-lunite-des-appareils-branchiaux-des-vertebres-bibliographie-et-sitographie","title":{"rendered":"La diversit\u00e9 et l&rsquo;unit\u00e9 des appareils branchiaux des Vert\u00e9br\u00e9s : bibliographie et sitographie"},"content":{"rendered":"<header>\n<table style=\"width: 100%; \">\n<tr>\n<th style=\"text-align: center; \" colspan=\"3\">Bibliographie et sitographie<\/th>\n<\/tr>\n<tr>\n<td style=\"width: 20%; text-align: left; \">\n<a href=\"\/codex\/petites-questions-de-physiologie\/petites-questions-de-physiologie-animale-2019-ouvrage\/la-diversite-et-lunite-des-appareils-branchiaux-des-vertebres-conclusion\" title=\"La diversit\u00e9 et l\u2019unit\u00e9 des appareils branchiaux des Vert\u00e9br\u00e9s : conclusion\">Pr\u00e9c\u00e9dent<\/a>\u00a0<\/td>\n<th style=\"width: 60%; text-align: center; \">La diversit\u00e9 et l&rsquo;unit\u00e9 des appareils branchiaux des Vert\u00e9br\u00e9s<\/th>\n<td style=\"width: 20%; text-align: right; \"><a href=\"\/codex\/petites-questions-de-physiologie\/petites-questions-de-physiologie-animale-2019-ouvrage\/le-probleme-de-leau-et-des-ions-chez-les-teleosteens-introduction\" title=\"Le probl\u00e8me de l\u2019eau et des ions chez les T\u00e9l\u00e9ost\u00e9ens : introduction\">Suivant<\/a>\n<\/td>\n<\/tr>\n<\/table>\n<hr \/>\n<\/header>\n<p> &nbsp; <\/p>\n<h3 class=\"title\">Livres<\/h3>\n<p><span class=\"authorgroup\"><br \/>\n<span class=\"firstname\">Andr\u00e9<\/span> <span class=\"surname\">Beaumont<\/span> et <span class=\"firstname\">Pierre<\/span> <span class=\"surname\">Cassier<\/span>. <\/span><br \/>\n<span class=\"title\"><em>Biologie animale Les cord\u00e9s : anatomie compar\u00e9e des Vert\u00e9br\u00e9s<\/em>. <\/span> <span class=\"edition\">9\u00e8me \u00e9dition. <\/span><br \/>\n<span class=\"publisher\"><span class=\"publishername\">Dunod. <\/span><\/span><span class=\"pubdate\">2009. <\/span><span class=\"pagenums\">652 p. <\/span><br \/>\n[<span class=\"citebiblioid\">978-2-10-051658-2<\/span>]<\/p>\n<p><span class=\"authorgroup\"><br \/>\n<span class=\"firstname\">Neil<\/span> <span class=\"surname\">Campbell<\/span> et <span class=\"firstname\">Jane<\/span> <span class=\"surname\">Reece<\/span>. <\/span><br \/>\n<span class=\"title\"><em>Biologie<\/em>. <\/span> <span class=\"edition\">7\u00e8me \u00e9dition. <\/span><br \/>\n<span class=\"publisher\"><span class=\"publishername\">Pearson education France. <\/span><\/span><span class=\"pubdate\">2007. <\/span><span class=\"pagenums\">1486 p.<br \/>\n<\/span>[<span class=\"citebiblioid\">978-2-7440-7223-9<\/span>]<\/p>\n<p><span class=\"authorgroup\"><br \/>\n<span class=\"firstname\">Patrick<\/span> <span class=\"surname\">Chevalet<\/span>, <span class=\"firstname\">Sylvie<\/span> <span class=\"surname\">Fournel<\/span>, <span class=\"firstname\">Nathalie<\/span> <span class=\"surname\">Giraud<\/span>, <span class=\"firstname\">Fr\u00e9d\u00e9ric<\/span> <span class=\"surname\">Gros<\/span>, <span class=\"firstname\">Patrick<\/span> <span class=\"surname\">Laurenti<\/span>, <span class=\"firstname\">Fabienne<\/span> <span class=\"surname\">Prad\u00e8re<\/span>, <span class=\"firstname\">Thierry<\/span> <span class=\"surname\">Soubaya<\/span>, et <span class=\"firstname\">Daniel<\/span> <span class=\"surname\">Richard<\/span>. <\/span><br \/>\n<span class=\"title\"><em>Biologie : licence, CAPES, pr\u00e9pas<\/em>. <\/span><span class=\"edition\">4\u00e8me \u00e9dition. <\/span><br \/>\n<span class=\"publisher\"><span class=\"publishername\">Dunod. <\/span><\/span><span class=\"pubdate\">2018. <\/span><span class=\"pagenums\">747 p. <\/span><br \/>\n[<span class=\"citebiblioid\">978-2-10-076930-8<\/span>]<\/p>\n<p><span class=\"authorgroup\"><br \/>\n<span class=\"firstname\">Raymond<\/span> <span class=\"surname\">Gilles<\/span>. <\/span><br \/>\n<span class=\"title\"><em>Physiologie animale<\/em>. <\/span><br \/>\n<span class=\"publisher\"><span class=\"publishername\">De Boeck. <\/span><\/span><span class=\"pubdate\">2006. <\/span><span class=\"pagenums\">675 p. <\/span><br \/>\n[<span class=\"citebiblioid\">978-2-8041-4893-5<\/span>]<\/p>\n<p><span class=\"authorgroup\"><br \/>\n<span class=\"firstname\">George C.<\/span> <span class=\"surname\">Kent<\/span> et <span class=\"firstname\">Larry<\/span> <span class=\"surname\">Miller<\/span>. <\/span><br \/>\n<span class=\"title\"><em>Comparative anatomy of the Vertebrates<\/em>. <\/span><span class=\"edition\">8\u00e8me \u00e9dition. <\/span><br \/>\n<span class=\"publisher\"><span class=\"publishername\">WCB\/McGraw-Hill. <\/span><\/span><span class=\"pubdate\">1997. <\/span><span class=\"pagenums\">487 p. <\/span><br \/>\n[<span class=\"citebiblioid\">0-697-24378-8<\/span>]<\/p>\n<p><span class=\"authorgroup\"><br \/>\n<span class=\"firstname\">Jean-Louis<\/span> <span class=\"surname\">Picaud<\/span>, <span class=\"firstname\">Jean-Claude<\/span> <span class=\"surname\">Baehr<\/span>, et <span class=\"firstname\">James<\/span> <span class=\"surname\">Maissiat<\/span>. <\/span><br \/>\n<span class=\"title\"><em>Biologie animale Vert\u00e9br\u00e9s<\/em>. <\/span><br \/>\n<span class=\"publisher\"><span class=\"publishername\">Dunod. <\/span><\/span><span class=\"pubdate\">2004. <\/span><span class=\"pagenums\">297 p. <\/span><br \/>\n[<span class=\"citebiblioid\">2 10 048847 3<\/span>]<\/p>\n<h3 class=\"title\">Sites internet<\/h3>\n<p><span class=\"title\"><em>Branchie. In Wikipedia, l&rsquo;encyclop\u00e9die libre [en ligne]<\/em>. <\/span><br \/>\n<span class=\"publisher\"><span class=\"publishername\">Fondation Wikimedia. <\/span><\/span><span class=\"pubdate\">2018 [date de consultation : 1 mars 2019 ]. <\/span><br \/>\n<span class=\"address\"><code class=\"uri\">Disponible sur :<br \/>\n<a class=\"link\" href=\"https:\/\/fr.wikipedia.org\/wiki\/Branchie\" target=\"_top\" rel=\"noopener\">https:\/\/fr.wikipedia.org\/wiki\/Branchie<\/a><\/code>. <\/span><\/p>\n<p> &nbsp; <\/p>\n<footer>\n<hr \/>\n<table style=\"width: 100%; \">\n<tr>\n<td style=\"width: 40%; text-align: left; \">\n<a href=\"\/codex\/petites-questions-de-physiologie\/petites-questions-de-physiologie-animale-2019-ouvrage\/la-diversite-et-lunite-des-appareils-branchiaux-des-vertebres-conclusion\" title=\"La diversit\u00e9 et l\u2019unit\u00e9 des appareils branchiaux des Vert\u00e9br\u00e9s : conclusion\">Pr\u00e9c\u00e9dent<\/a>\u00a0<\/td>\n<td style=\"width: 20%; text-align: center; \">\n<a href=\"\/codex\/petites-questions-de-physiologie\/petites-questions-de-physiologie-animale-2019-ouvrage\/la-diversite-et-lunite-des-appareils-branchiaux-des-vertebres-introduction\" title=\"La diversit\u00e9 et l\u2019unit\u00e9 des appareils branchiaux des Vert\u00e9br\u00e9s\u00a0: introduction\">Niveau sup\u00e9rieur<\/a>\n<\/td>\n<td style=\"width: 40%; text-align: right; \"><a href=\"\/codex\/petites-questions-de-physiologie\/petites-questions-de-physiologie-animale-2019-ouvrage\/le-probleme-de-leau-et-des-ions-chez-les-teleosteens-introduction\" title=\"Le probl\u00e8me de l\u2019eau et des ions chez les T\u00e9l\u00e9ost\u00e9ens : introduction\">Suivant<\/a>\n<\/td>\n<\/tr>\n<tr>\n<td style=\"width: 40%; text-align: left; vertical-align: top; \">Conclusion\u00a0<\/td>\n<td style=\"width: 20%; text-align: center; \">\n<a href=\"\/codex\/petites-questions-de-physiologie\/petites-questions-de-physiologie-animale-2019-ouvrage\" title=\"Petites questions de physiologie animale 2019 : ouvrage\">Sommaire<\/a>\n<\/td>\n<td style=\"width: 40%; text-align: right; vertical-align: top; \">\u00a0Le probl\u00e8me de l&rsquo;eau et des ions chez les T\u00e9l\u00e9ost\u00e9ens<\/td>\n<\/tr>\n<\/table>\n<\/footer>\n","protected":false},"excerpt":{"rendered":"<p>Bibliographie et sitographie Pr\u00e9c\u00e9dent\u00a0 La diversit\u00e9 et l&rsquo;unit\u00e9 des appareils branchiaux des Vert\u00e9br\u00e9s Suivant &nbsp; Livres Andr\u00e9 Beaumont et Pierre Cassier. Biologie animale Les cord\u00e9s : anatomie compar\u00e9e des Vert\u00e9br\u00e9s. 9\u00e8me \u00e9dition. Dunod. 2009. 652 p. [978-2-10-051658-2] Neil Campbell et Jane Reece. Biologie. 7\u00e8me \u00e9dition. Pearson education France. 2007. 1486 p. [978-2-7440-7223-9] Patrick Chevalet, Sylvie [&hellip;]<\/p>\n","protected":false},"author":2,"featured_media":0,"parent":13169,"menu_order":42,"comment_status":"closed","ping_status":"closed","template":"","meta":{"site-sidebar-layout":"default","site-content-layout":"","ast-site-content-layout":"default","site-content-style":"default","site-sidebar-style":"default","ast-global-header-display":"","ast-banner-title-visibility":"","ast-main-header-display":"","ast-hfb-above-header-display":"","ast-hfb-below-header-display":"","ast-hfb-mobile-header-display":"","site-post-title":"","ast-breadcrumbs-content":"","ast-featured-img":"","footer-sml-layout":"","ast-disable-related-posts":"","theme-transparent-header-meta":"","adv-header-id-meta":"","stick-header-meta":"","header-above-stick-meta":"","header-main-stick-meta":"","header-below-stick-meta":"","astra-migrate-meta-layouts":"default","ast-page-background-enabled":"default","ast-page-background-meta":{"desktop":{"background-color":"var(--ast-global-color-4)","background-image":"","background-repeat":"repeat","background-position":"center center","background-size":"auto","background-attachment":"scroll","background-type":"","background-media":"","overlay-type":"","overlay-color":"","overlay-opacity":"","overlay-gradient":""},"tablet":{"background-color":"","background-image":"","background-repeat":"repeat","background-position":"center center","background-size":"auto","background-attachment":"scroll","background-type":"","background-media":"","overlay-type":"","overlay-color":"","overlay-opacity":"","overlay-gradient":""},"mobile":{"background-color":"","background-image":"","background-repeat":"repeat","background-position":"center center","background-size":"auto","background-attachment":"scroll","background-type":"","background-media":"","overlay-type":"","overlay-color":"","overlay-opacity":"","overlay-gradient":""}},"ast-content-background-meta":{"desktop":{"background-color":"var(--ast-global-color-5)","background-image":"","background-repeat":"repeat","background-position":"center center","background-size":"auto","background-attachment":"scroll","background-type":"","background-media":"","overlay-type":"","overlay-color":"","overlay-opacity":"","overlay-gradient":""},"tablet":{"background-color":"var(--ast-global-color-5)","background-image":"","background-repeat":"repeat","background-position":"center center","background-size":"auto","background-attachment":"scroll","background-type":"","background-media":"","overlay-type":"","overlay-color":"","overlay-opacity":"","overlay-gradient":""},"mobile":{"background-color":"var(--ast-global-color-5)","background-image":"","background-repeat":"repeat","background-position":"center center","background-size":"auto","background-attachment":"scroll","background-type":"","background-media":"","overlay-type":"","overlay-color":"","overlay-opacity":"","overlay-gradient":""}},"footnotes":""},"class_list":["post-13805","page","type-page","status-publish","hentry"],"aioseo_notices":[],"jetpack_sharing_enabled":true,"_links":{"self":[{"href":"https:\/\/codexvirtualis.fr\/codex\/wp-json\/wp\/v2\/pages\/13805","targetHints":{"allow":["GET"]}}],"collection":[{"href":"https:\/\/codexvirtualis.fr\/codex\/wp-json\/wp\/v2\/pages"}],"about":[{"href":"https:\/\/codexvirtualis.fr\/codex\/wp-json\/wp\/v2\/types\/page"}],"author":[{"embeddable":true,"href":"https:\/\/codexvirtualis.fr\/codex\/wp-json\/wp\/v2\/users\/2"}],"replies":[{"embeddable":true,"href":"https:\/\/codexvirtualis.fr\/codex\/wp-json\/wp\/v2\/comments?post=13805"}],"version-history":[{"count":10,"href":"https:\/\/codexvirtualis.fr\/codex\/wp-json\/wp\/v2\/pages\/13805\/revisions"}],"predecessor-version":[{"id":14044,"href":"https:\/\/codexvirtualis.fr\/codex\/wp-json\/wp\/v2\/pages\/13805\/revisions\/14044"}],"up":[{"embeddable":true,"href":"https:\/\/codexvirtualis.fr\/codex\/wp-json\/wp\/v2\/pages\/13169"}],"wp:attachment":[{"href":"https:\/\/codexvirtualis.fr\/codex\/wp-json\/wp\/v2\/media?parent=13805"}],"curies":[{"name":"wp","href":"https:\/\/api.w.org\/{rel}","templated":true}]}}