{"id":13801,"date":"2021-07-18T17:14:27","date_gmt":"2021-07-18T15:14:27","guid":{"rendered":"https:\/\/codexvirtualis.fr\/codex\/?page_id=13801"},"modified":"2021-08-01T12:39:37","modified_gmt":"2021-08-01T10:39:37","slug":"la-diversite-et-lunite-des-appareils-branchiaux-des-vertebres-conclusion","status":"publish","type":"page","link":"https:\/\/codexvirtualis.fr\/codex\/petites-questions-de-physiologie\/petites-questions-de-physiologie-animale-2019-ouvrage\/la-diversite-et-lunite-des-appareils-branchiaux-des-vertebres-conclusion","title":{"rendered":"La diversit\u00e9 et l&rsquo;unit\u00e9 des appareils branchiaux des Vert\u00e9br\u00e9s : conclusion"},"content":{"rendered":"<header>\n<table style=\"width: 100%; \">\n<tr>\n<th style=\"text-align: center; \" colspan=\"3\">Conclusion<\/th>\n<\/tr>\n<tr>\n<td style=\"width: 20%; text-align: left; \">\n<a href=\"\/codex\/petites-questions-de-physiologie\/petites-questions-de-physiologie-animale-2019-ouvrage\/les-appareils-branchiaux-des-vertebres-unite-et-diversite-de-la-contribution-a-lequilibre-hydroelectrolytique\" title=\"Les appareils branchiaux des Vert\u00e9br\u00e9s : unit\u00e9 et diversit\u00e9 de la contribution \u00e0 l\u2019\u00e9quilibre hydro\u00e9lectrolytique\">Pr\u00e9c\u00e9dent<\/a> <\/td>\n<th style=\"width: 60%; text-align: center; \">La diversit\u00e9 et l&rsquo;unit\u00e9 des appareils branchiaux des Vert\u00e9br\u00e9s<\/th>\n<td style=\"width: 20%; text-align: right; \">\u00a0<a href=\"\/codex\/petites-questions-de-physiologie\/petites-questions-de-physiologie-animale-2019-ouvrage\/la-diversite-et-lunite-des-appareils-branchiaux-des-vertebres-bibliographie-et-sitographie\" title=\"La diversit\u00e9 et l\u2019unit\u00e9 des appareils branchiaux des Vert\u00e9br\u00e9s : bibliographie et sitographie\">Suivant<\/a>\n<\/td>\n<\/tr>\n<\/table>\n<hr \/>\n<\/header>\n<p> &nbsp; <\/p>\n<section class=\"sect1\" id=\"d0e6481\">\n<p>Les branchies des Vert\u00e9br\u00e9s sont des \u00e9vaginations de la paroi du pharynx localis\u00e9es \u00e0 l&rsquo;int\u00e9rieur de cavit\u00e9s ou de chambres branchiales chez les T\u00e9l\u00e9ost\u00e9ens et les S\u00e9laciens, et \u00e0 la surface du corps chez les Lissamphibiens.<br \/>\nForm\u00e9es de lames ou de filaments ins\u00e9r\u00e9s sur des arcs branchiaux, \u00e0 leur base ou sur toute leur longueur, elles diff\u00e8rent par leur organisation anatomique.<br \/>\nEn revanche, elles partagent une grande surface et une faible \u00e9paisseur au niveau des lamelles et des filaments. <\/p>\n<p>Elles sont le si\u00e8ge des \u00e9changes de gaz respiratoires, r\u00e9alis\u00e9s par diffusion entre le milieu ext\u00e9rieur et le milieu int\u00e9rieur.<br \/>\nLes deux milieux sont mis en mouvement de part et d&rsquo;autre de l&rsquo;\u00e9changeur, permettant le maintien des gradients de pressions partielles, moteur de la diffusion.<br \/>\nLa ventilation, convection du milieu ext\u00e9rieur, est g\u00e9n\u00e9ralement unidirectionnelle et rarement sans direction privil\u00e9gi\u00e9e ou bidirectionnelle.<\/p>\n<p>La diversit\u00e9 des appareils branchiaux des Vert\u00e9br\u00e9s s&rsquo;exprime principalement dans l&rsquo;organisation anatomique. L&rsquo;unit\u00e9 concerne l&rsquo;\u00e9chelle tissulaire ainsi que les modalit\u00e9s des \u00e9changes et de ventilation, en r\u00e9ponse aux contraintes communes rencontr\u00e9es par ces animaux. <\/p>\n<p>Le milieu aquatique est occup\u00e9 par des repr\u00e9sentants de nombreux autres groupes animaux, comme les Eumollusques et les Malacostrac\u00e9s r\u00e9alisant leurs \u00e9changes de gaz respiratoires avec l&rsquo;eau.<br \/>\nDes Mammif\u00e8res et des Oiseaux vivent \u00e9galement en milieu aquatique, effectuant leurs \u00e9changes de gaz respiratoires avec l&rsquo;air.<br \/>\nLes r\u00e9ponses aux contraintes exerc\u00e9es par cet environnement varient vraisemblablement selon les organismes consid\u00e9r\u00e9s.<\/p>\n<\/section>\n<p> &nbsp; <\/p>\n<footer>\n<hr \/>\n<table style=\"width: 100%; \">\n<tr>\n<td style=\"width: 40%; text-align: left; \">\n<a href=\"\/codex\/petites-questions-de-physiologie\/petites-questions-de-physiologie-animale-2019-ouvrage\/les-appareils-branchiaux-des-vertebres-unite-et-diversite-de-la-contribution-a-lequilibre-hydroelectrolytique\" title=\"Les appareils branchiaux des Vert\u00e9br\u00e9s : unit\u00e9 et diversit\u00e9 de la contribution \u00e0 l\u2019\u00e9quilibre hydro\u00e9lectrolytique\">Pr\u00e9c\u00e9dent<\/a><\/td>\n<td style=\"width: 20%; text-align: center; \">\n<a href=\"\/codex\/petites-questions-de-physiologie\/petites-questions-de-physiologie-animale-2019-ouvrage\/la-diversite-et-lunite-des-appareils-branchiaux-des-vertebres-introduction\" title=\"La diversit\u00e9 et l\u2019unit\u00e9 des appareils branchiaux des Vert\u00e9br\u00e9s\u00a0: introduction\">Niveau sup\u00e9rieur<\/a>\n<\/td>\n<td style=\"width: 40%; text-align: right; \">\u00a0<a href=\"\/codex\/petites-questions-de-physiologie\/petites-questions-de-physiologie-animale-2019-ouvrage\/la-diversite-et-lunite-des-appareils-branchiaux-des-vertebres-bibliographie-et-sitographie\" title=\"La diversit\u00e9 et l\u2019unit\u00e9 des appareils branchiaux des Vert\u00e9br\u00e9s : bibliographie et sitographie\">Suivant<\/a>\n<\/td>\n<\/tr>\n<tr>\n<td style=\"width: 40%; text-align: left; vertical-align: top; \">Les appareils branchiaux des Vert\u00e9br\u00e9s : unit\u00e9 et diversit\u00e9 de la contribution \u00e0 l\u2019\u00e9quilibre hydro\u00e9lectrolytique\u00a0<\/td>\n<td style=\"width: 20%; text-align: center; \">\n<a href=\"\/codex\/petites-questions-de-physiologie\/petites-questions-de-physiologie-animale-2019-ouvrage\" title=\"Petites questions de physiologie animale 2019 : ouvrage\">Sommaire<\/a>\n<\/td>\n<td style=\"width: 40%; text-align: right; vertical-align: top; \">\u00a0Bibliographie et sitographie<\/td>\n<\/tr>\n<\/table>\n<\/footer>\n","protected":false},"excerpt":{"rendered":"<p>Conclusion Pr\u00e9c\u00e9dent La diversit\u00e9 et l&rsquo;unit\u00e9 des appareils branchiaux des Vert\u00e9br\u00e9s \u00a0Suivant &nbsp; Les branchies des Vert\u00e9br\u00e9s sont des \u00e9vaginations de la paroi du pharynx localis\u00e9es \u00e0 l&rsquo;int\u00e9rieur de cavit\u00e9s ou de chambres branchiales chez les T\u00e9l\u00e9ost\u00e9ens et les S\u00e9laciens, et \u00e0 la surface du corps chez les Lissamphibiens. Form\u00e9es de lames ou de filaments [&hellip;]<\/p>\n","protected":false},"author":2,"featured_media":0,"parent":13169,"menu_order":41,"comment_status":"closed","ping_status":"closed","template":"","meta":{"site-sidebar-layout":"default","site-content-layout":"","ast-site-content-layout":"default","site-content-style":"default","site-sidebar-style":"default","ast-global-header-display":"","ast-banner-title-visibility":"","ast-main-header-display":"","ast-hfb-above-header-display":"","ast-hfb-below-header-display":"","ast-hfb-mobile-header-display":"","site-post-title":"","ast-breadcrumbs-content":"","ast-featured-img":"","footer-sml-layout":"","ast-disable-related-posts":"","theme-transparent-header-meta":"","adv-header-id-meta":"","stick-header-meta":"","header-above-stick-meta":"","header-main-stick-meta":"","header-below-stick-meta":"","astra-migrate-meta-layouts":"default","ast-page-background-enabled":"default","ast-page-background-meta":{"desktop":{"background-color":"var(--ast-global-color-4)","background-image":"","background-repeat":"repeat","background-position":"center center","background-size":"auto","background-attachment":"scroll","background-type":"","background-media":"","overlay-type":"","overlay-color":"","overlay-opacity":"","overlay-gradient":""},"tablet":{"background-color":"","background-image":"","background-repeat":"repeat","background-position":"center center","background-size":"auto","background-attachment":"scroll","background-type":"","background-media":"","overlay-type":"","overlay-color":"","overlay-opacity":"","overlay-gradient":""},"mobile":{"background-color":"","background-image":"","background-repeat":"repeat","background-position":"center center","background-size":"auto","background-attachment":"scroll","background-type":"","background-media":"","overlay-type":"","overlay-color":"","overlay-opacity":"","overlay-gradient":""}},"ast-content-background-meta":{"desktop":{"background-color":"var(--ast-global-color-5)","background-image":"","background-repeat":"repeat","background-position":"center center","background-size":"auto","background-attachment":"scroll","background-type":"","background-media":"","overlay-type":"","overlay-color":"","overlay-opacity":"","overlay-gradient":""},"tablet":{"background-color":"var(--ast-global-color-5)","background-image":"","background-repeat":"repeat","background-position":"center center","background-size":"auto","background-attachment":"scroll","background-type":"","background-media":"","overlay-type":"","overlay-color":"","overlay-opacity":"","overlay-gradient":""},"mobile":{"background-color":"var(--ast-global-color-5)","background-image":"","background-repeat":"repeat","background-position":"center center","background-size":"auto","background-attachment":"scroll","background-type":"","background-media":"","overlay-type":"","overlay-color":"","overlay-opacity":"","overlay-gradient":""}},"footnotes":""},"class_list":["post-13801","page","type-page","status-publish","hentry"],"aioseo_notices":[],"jetpack_sharing_enabled":true,"_links":{"self":[{"href":"https:\/\/codexvirtualis.fr\/codex\/wp-json\/wp\/v2\/pages\/13801","targetHints":{"allow":["GET"]}}],"collection":[{"href":"https:\/\/codexvirtualis.fr\/codex\/wp-json\/wp\/v2\/pages"}],"about":[{"href":"https:\/\/codexvirtualis.fr\/codex\/wp-json\/wp\/v2\/types\/page"}],"author":[{"embeddable":true,"href":"https:\/\/codexvirtualis.fr\/codex\/wp-json\/wp\/v2\/users\/2"}],"replies":[{"embeddable":true,"href":"https:\/\/codexvirtualis.fr\/codex\/wp-json\/wp\/v2\/comments?post=13801"}],"version-history":[{"count":5,"href":"https:\/\/codexvirtualis.fr\/codex\/wp-json\/wp\/v2\/pages\/13801\/revisions"}],"predecessor-version":[{"id":14043,"href":"https:\/\/codexvirtualis.fr\/codex\/wp-json\/wp\/v2\/pages\/13801\/revisions\/14043"}],"up":[{"embeddable":true,"href":"https:\/\/codexvirtualis.fr\/codex\/wp-json\/wp\/v2\/pages\/13169"}],"wp:attachment":[{"href":"https:\/\/codexvirtualis.fr\/codex\/wp-json\/wp\/v2\/media?parent=13801"}],"curies":[{"name":"wp","href":"https:\/\/api.w.org\/{rel}","templated":true}]}}