{"id":13790,"date":"2021-07-18T17:14:16","date_gmt":"2021-07-18T15:14:16","guid":{"rendered":"https:\/\/codexvirtualis.fr\/codex\/?page_id=13790"},"modified":"2021-08-01T12:39:08","modified_gmt":"2021-08-01T10:39:08","slug":"les-appareils-branchiaux-des-vertebres-unite-et-diversite-de-la-contribution-a-lequilibre-hydroelectrolytique","status":"publish","type":"page","link":"https:\/\/codexvirtualis.fr\/codex\/petites-questions-de-physiologie\/petites-questions-de-physiologie-animale-2019-ouvrage\/les-appareils-branchiaux-des-vertebres-unite-et-diversite-de-la-contribution-a-lequilibre-hydroelectrolytique","title":{"rendered":"Les appareils branchiaux des Vert\u00e9br\u00e9s : unit\u00e9 et diversit\u00e9 de la contribution \u00e0 l\u2019\u00e9quilibre hydro\u00e9lectrolytique"},"content":{"rendered":"<header>\n<table style=\"width: 100%; \">\n<tr>\n<th style=\"text-align: center; \" colspan=\"3\">Les appareils branchiaux des Vert\u00e9br\u00e9s : unit\u00e9 et diversit\u00e9 de la contribution \u00e0 l\u2019\u00e9quilibre hydro\u00e9lectrolytique<\/th>\n<\/tr>\n<tr>\n<td style=\"width: 20%; text-align: left; \">\n<a href=\"\/codex\/petites-questions-de-physiologie\/petites-questions-de-physiologie-animale-2019-ouvrage\/les-appareils-branchiaux-des-vertebres-diversite-et-unite-des-convections-des-milieux-interieur-et-exterieur\" title=\"Les appareils branchiaux des Vert\u00e9br\u00e9s\u00a0: diversit\u00e9 et unit\u00e9 des convections des milieux int\u00e9rieur et ext\u00e9rieur\">Pr\u00e9c\u00e9dent<\/a>\u00a0<\/td>\n<th style=\"width: 60%; text-align: center; \">La diversit\u00e9 et l&rsquo;unit\u00e9 des appareils branchiaux des Vert\u00e9br\u00e9s<\/th>\n<td style=\"width: 20%; text-align: right; \"><a href=\"\/codex\/petites-questions-de-physiologie\/petites-questions-de-physiologie-animale-2019-ouvrage\/la-diversite-et-lunite-des-appareils-branchiaux-des-vertebres-conclusion\" title=\"La diversit\u00e9 et l\u2019unit\u00e9 des appareils branchiaux des Vert\u00e9br\u00e9s : conclusion\">Suivant<\/a>\n<\/td>\n<\/tr>\n<\/table>\n<hr \/>\n<\/header>\n<p> &nbsp; <\/p>\n<section class=\"sect1\" id=\"d0e6178\">\n<p>Certains Vert\u00e9br\u00e9s aquatiques \u00e9voluent en milieu marin et d&rsquo;autres en eau douce. <\/p>\n<p>Milieu marin et eau douce diff\u00e8rent par leurs concentrations osmotiques et leurs concentrations ioniques. Sch\u00e9matiquement, la concentration osmotique du milieu marin est de l&rsquo;ordre de 1000 mOsm.l<sup>-1<\/sup> et celle de l&rsquo;eau douce varie entre 1 et 10 mOsm.l<sup>-1<\/sup>.<br \/>\nLa concentration des ions sodium (Na<sup>+<\/sup>) est d&rsquo;environ 480 mmol.l<sup>-1<\/sup> et celle des ions chlorures (Cl<sup>&#8211;<\/sup>) de 560 mmol.l<sup>-1<\/sup> en milieu marin, pour 0,2 \u00e0 5 mmol.l<sup>-1<\/sup> et 0,2 mmol.l<sup>-1<\/sup> respectivement en eau douce.<\/p>\n<\/section>\n<section class=\"sect2\" id=\"d0e6209\">\n<h3 class=\"title\">Les appareils branchiaux des Vert\u00e9br\u00e9s : des flux spontan\u00e9s d\u2019ions et d\u2019eau divers<\/h3>\n<p>La comparaison des concentrations osmotique et ioniques du milieu int\u00e9rieur et du milieu de vie conduit \u00e0 identifier trois cat\u00e9gories d&rsquo;organismes parmi les Vert\u00e9br\u00e9s aquatiques. <\/p>\n<p>Les S\u00e9laciens vivant en milieu marin ont un milieu int\u00e9rieur dont l&rsquo;osmolarit\u00e9 est identique \u00e0 celle du milieu ext\u00e9rieur, ils sont isoosmotiques \u00e0 leur milieu de vie. <\/p>\n<p>Le milieu int\u00e9rieur des T\u00e9l\u00e9ost\u00e9ens marins poss\u00e8de une osmolarit\u00e9 inf\u00e9rieure \u00e0 celle du milieu ext\u00e9rieur. Ils sont dits hypoosmotiques \u00e0 leur milieu de vie.<\/p>\n<p>Enfin, les T\u00e9l\u00e9ost\u00e9ens  vivant en eau douce ont un milieu int\u00e9rieur dont l&rsquo;osmolarit\u00e9 et  sup\u00e9rieure \u00e0 celle du milieu ext\u00e9rieur. Ils sont qualifi\u00e9s d&rsquo;hyperosmotiques par rapport \u00e0 leur milieu de vie.<\/p>\n<p>Des d\u00e9s\u00e9quilibres hydriques et ioniques existent entre les T\u00e9l\u00e9ost\u00e9ens et leur milieu de vie.<\/p>\n<p>Or, l&rsquo;\u00e9pith\u00e9lium des lamelles branchiales pr\u00e9sente une importante surface et une faible \u00e9paisseur. Perm\u00e9able aux gaz, il l&rsquo;est \u00e9galement vis-\u00e0-vis de l&rsquo;eau et des ions. <\/p>\n<p>Les d\u00e9s\u00e9quilibres hydriques et ioniques entre les milieux ext\u00e9rieur et int\u00e9rieur provoquent des transferts d&rsquo;eau par osmose et d&rsquo;ions par diffusion, \u00e0 travers l&rsquo;\u00e9changeur branchial.<br \/>\nAinsi des flux branchiaux spontan\u00e9s, sortant pour l&rsquo;eau et entrant pour les ions, existent chez les T\u00e9l\u00e9ost\u00e9ens marins, alors que des flux branchiaux spontan\u00e9s, entrant pour l&rsquo;eau et sortant pour les ions, sont pr\u00e9sents chez les T\u00e9l\u00e9ost\u00e9ens en eau douce.<\/p>\n<p>Comment ces organismes maintiennent-ils, dans ces conditions, les concentrations osmotique et ioniques de leur milieu int\u00e9rieur ?<\/p>\n<\/section>\n<section class=\"sect2\" id=\"d0e6228\">\n<h3 class=\"title\">Les appareils branchiaux des Vert\u00e9br\u00e9s : une \u00e9limination d&rsquo;ions chez les esp\u00e8ces hypoosmotiques \u00e0 leur milieu de vie<\/h3>\n<p>Tous les Vert\u00e9br\u00e9s marins, except\u00e9s les S\u00e9laciens, sont hypoosmotiques \u00e0 leur milieu de vie. Leur concentration osmotique sanguine est de 300 \u00e0 400 mOsmol.l<sup>-1<\/sup>, tr\u00e8s inf\u00e9rieure \u00e0 celle de l\u2019eau de mer d\u2019environ 1000 mOsmol.l<sup>-1<\/sup>.<br \/>\nIls ont une forte tendance \u00e0 la d\u00e9shydratation et gagnent continuellement des ions Na<sup>+<\/sup> et Cl<sup>&#8211;<\/sup>.<\/p>\n<figure id=\"d0e6245\"\nclass=\"img\"\ntitle=\"Figure\u00a014.\u00a0\u00c9limination des ions Na+ et&#xA;Cl- par un ionocyte de T\u00e9l\u00e9ost\u00e9en&#xA; marin\"><\/p>\n<div class=\"figure\">\n<figure style=\"width: 300px\" class=\"wp-caption alignnone\"><a rel=\"lightbox\" href=\"\/documents\/images\/PetitesQuestionsDePhysiologie\/2019\/media\/images\/16_figure_14.jpg\"><img decoding=\"async\" src=\"\/documents\/images\/PetitesQuestionsDePhysiologie\/2019\/media\/images\/16_figure_14.jpg\" width=\"300\" \" alt=\"\u00c9limination des ions Na+et&#xA;Cl- par un ionocyte de T\u00e9l\u00e9ost\u00e9en&#xA;marin\" class=\"size-medium\" \/><figcaption class=\"wp-caption-text\">Figure\u00a014.\u00a0\u00c9limination des ions Na<sup>+<\/sup> et Cl<sup>&#8211;<\/sup> par un ionocyte de T\u00e9l\u00e9ost\u00e9en marin<\/a><\/figcaption><\/figure>\n<\/div>\n<div class=\"copyright\">\n<p>Copyright : 2019 &#8211; Pierre Hirt<\/p>\n<\/div>\n<div class=\"legalnotice\" title=\"Note L\u00e9gale\">\n<p> Cette illustration est mise \u00e0 disposition selon les termes de la Licence Creative Commons Attribution &#8211; Pas d&rsquo;Utilisation Commerciale &#8211; Partage dans les m\u00eames conditions 4.0 International.<span class=\"inlinemediaobject\"><br \/>\n<img decoding=\"async\" class=\"ccimage\" src=\"\/documents\/images\/PetitesQuestionsDePhysiologie\/2019\/media\/images\/00_licence.png\" width=\"50\"\/> <\/span> <\/p>\n<\/div>\n<\/figure>\n<p><\/p>\n<p>La d\u00e9shydratation est compens\u00e9e par la boisson.<br \/>\nL\u2019exc\u00e8s d&rsquo;ions Na<sup>+<\/sup> et Cl<sup>&#8211;<\/sup> est \u00e9limin\u00e9 par les branchies. <\/p>\n<p>L&rsquo;\u00e9pith\u00e9lium des lames branchiales comporte des ionocytes, \u00e9galement appel\u00e9s ellules \u00e0 chlorures.<br \/>\nIls poss\u00e8dent dans leur membrane plasmique du c\u00f4t\u00e9 basal des ATPases Na<sup>+<\/sup>\/K<sup>+<\/sup> et des cotransporteurs Na<sup>+<\/sup>\/2Cl<sup>&#8211;<\/sup>\/K<sup>+<\/sup>, et du c\u00f4t\u00e9 apical des canaux \u00e0 Cl<sup>&#8211;<\/sup> .<\/p>\n<p>Les ATPases expulsent les ions Na<sup>+<\/sup> de la cellule, g\u00e9n\u00e9rant un gradient \u00e9lectrochimique  transmembranaire de ces ions du c\u00f4t\u00e9 basal.<br \/>\nLes cotransporteurs font en cons\u00e9quence entrer les ions Na<sup>+<\/sup>, K<sup>+<\/sup> et Cl<sup>&#8211;<\/sup> dans la cellule. Les ions Na<sup>+<\/sup> sont recycl\u00e9s par les ATPases, les ions K<sup>+<\/sup> empruntent des canaux basaux et les ions Cl<sup>&#8211;<\/sup> les canaux apicaux. <\/p>\n<p>Un mouvement net des ions Cl<sup>&#8211;<\/sup> du sang vers l\u2019eau de mer est ainsi engendr\u00e9.<br \/>\nIl est \u00e0 l&rsquo;origine d&rsquo;un gradient \u00e9lectrochimique d&rsquo;ions Na<sup>+<\/sup>provoquant leur diffusion par voie paracellulaire, entre l&rsquo;ionocyte et une cellule voisine nomm\u00e9e cellule accessoire, malgr\u00e9 une diff\u00e9rence de concentration d\u00e9favorable.<\/p>\n<p>Les ionocytes, gr\u00e2ce \u00e0 un m\u00e9canisme de transport actif, sont ainsi responsables de l&rsquo;\u00e9limination des ions Na<sup>+<\/sup> et Cl<sup>&#8211;<\/sup> exc\u00e9dentaires. <\/p>\n<\/section>\n<section class=\"sect2\" id=\"d0e6342\">\n<h3 class=\"title\">Les appareils branchiaux des Vert\u00e9br\u00e9s : une absorption d&rsquo;ions chez les esp\u00e8ces hyperosmotiques \u00e0 leur milieu de vie <\/h3>\n<p>Toutes les esp\u00e8ces de Vert\u00e9br\u00e9s d\u2019eau douce sont hyperosmotiques par rapport \u00e0 leur milieu de vie. Elles poss\u00e8dent une osmolarit\u00e9 de 200 \u00e0 350 mOsmol.l<sup>-1<\/sup>, inf\u00e9rieure \u00e0 celle des Vert\u00e9br\u00e9s marins, mais tr\u00e8s sup\u00e9rieure \u00e0 celle de leur milieu de vie, variant de 1 \u00e0 10 mOsmol.l<sup>-1<\/sup>.<br \/>\nIls luttent donc contre des gains d&rsquo;eau et des pertes d&rsquo;ions Na<sup>+<\/sup> et Cl<sup>&#8211;<\/sup>. <\/p>\n<figure id=\"d0e6359\"\nclass=\"img\"\ntitle=\"Figure\u00a015.\u00a0Absorption des ions Na+ et&#xA; Cl- par un ionocyte de T\u00e9l\u00e9ost\u00e9en&#xA;dulcicole\"><\/p>\n<div class=\"figure\">\n<figure style=\"width: 300px\" class=\"wp-caption alignnone\"><a rel=\"lightbox\" href=\"\/documents\/images\/PetitesQuestionsDePhysiologie\/2019\/media\/images\/16_figure_15.jpg\"><img decoding=\"async\" src=\"\/documents\/images\/PetitesQuestionsDePhysiologie\/2019\/media\/images\/16_figure_15.jpg\" width=\"300\" \" alt=\"Absorption des ions Na+et&#xA;Cl- par un ionocyte de T\u00e9l\u00e9ost\u00e9en&#xA;dulcicole\" class=\"size-medium\" \/><figcaption class=\"wp-caption-text\">Figure\u00a015.\u00a0Absorption des ions Na<sup>+<\/sup> et&#xA; Cl<sup>&#8211;<\/sup> par un ionocyte de T\u00e9l\u00e9ost\u00e9en&#xA;dulcicole  <\/a><\/figcaption><\/figure>\n<\/div>\n<div class=\"copyright\">\n<p>Copyright : 2019 &#8211; Pierre Hirt<\/p>\n<\/div>\n<div class=\"legalnotice\" title=\"Note L\u00e9gale\">\n<p> Cette illustration est mise \u00e0 disposition selon les termes de la Licence Creative Commons Attribution &#8211; Pas d&rsquo;Utilisation Commerciale &#8211; Partage dans les m\u00eames conditions 4.0 International.<span class=\"inlinemediaobject\"><br \/>\n<img decoding=\"async\" class=\"ccimage\" src=\"\/documents\/images\/PetitesQuestionsDePhysiologie\/2019\/media\/images\/00_licence.png\" width=\"50\"\/> <\/span> <\/p>\n<\/div>\n<\/figure>\n<p><\/p>\n<p>Une petite quantit\u00e9 d&rsquo;ions Na<sup>+<\/sup> et Cl<sup>&#8211;<\/sup> est r\u00e9absorb\u00e9e par le rein \u00e0 partir de l&rsquo;urine mais l\u2019essentiel est absorb\u00e9 par des cellules branchiales appel\u00e9es ionocytes. <\/p>\n<p>Les ionocytes branchiaux poss\u00e8dent dans leur membrane plasmique du c\u00f4t\u00e9 basal des ATPases Na<sup>+<\/sup>\/K<sup>+<\/sup> ainsi que des canaux \u00e0 Cl<sup>&#8211;<\/sup> et \u00e0 K<sup>+<\/sup>.<br \/>\nDu c\u00f4t\u00e9 apical leur membrane plasmique comporte des cotransporteurs de type antiport pour les ions Na<sup>+<\/sup> et H<sup>+<\/sup>, Cl<sup>&#8211; <\/sup>et HCO<sub>3<\/sub> <sup>&#8211;<\/sup>.<\/p>\n<p>Les ATPases Na<sup>+<\/sup>\/K<sup>+<\/sup> expulsent les ions Na<sup>+<\/sup> de la cellule g\u00e9n\u00e9rant un gradient \u00e9lectrochimique trans-\u00e9pith\u00e9lial.<br \/>\nIl provoque l&rsquo;entr\u00e9e d&rsquo;ions Na<sup>+<\/sup> et Cl<sup>&#8211; <\/sup>par les cotransporteurs apicaux.<\/p>\n<p>Les ionocytes extraient donc activement les ions Na<sup>+<\/sup> et Cl<sup>&#8211;<\/sup> du milieu externe dilu\u00e9 et excr\u00e8tent les \u00e9quivalents acides H<sup>+<\/sup> et basiques HCO<sub>3<\/sub> <sup>&#8211;<\/sup> du cot\u00e9 de leur p\u00f4le apical.<\/p>\n<p>Des m\u00e9canismes similaires sont pr\u00e9sents dans les branchies des t\u00eatards de Lissamphibiens anoures.<\/p>\n<\/section>\n<section class=\"sect2\" id=\"d0e6460\">\n<h3 class=\"title\">Les appareils branchiaux des Vert\u00e9br\u00e9s : des \u00e9liminations et absorptions d&rsquo;ions chez les esp\u00e8ces euryhalines <\/h3>\n<p>Les Vert\u00e9br\u00e9s capables de vivre en milieu marin comme en eau douce, et qui selon les cas sont hypoosmotiques ou hyperosmotiques \u00e0 leur milieu de vie sont qualifi\u00e9s d&rsquo;euryhalins.<br \/>\nCe sont par exemple les Saumons et les Anguilles r\u00e9alisant des migrations entre les deux milieux. Pour ces esp\u00e8ces, les branchies sont impliqu\u00e9es dans une expulsion d&rsquo;ions Na<sup>+<\/sup> et Cl<sup>&#8211;<\/sup>en milieu sal\u00e9 et dans une absorption d&rsquo;ions Na<sup>+<\/sup> et Cl<sup>&#8211;<\/sup> en eau douce. Quand un m\u00e9canisme de pompage est activ\u00e9, l\u2019autre est inhib\u00e9. <\/p>\n<p>Les branchies des T\u00e9l\u00e9ost\u00e9ens sont donc des acteurs de l&rsquo;osmor\u00e9gulation et de l&rsquo;ionor\u00e9gulation, contribuant \u00e0 l&rsquo;hom\u00e9ostasie.<br \/>\nSelon les caract\u00e9ristiques du milieu de vie et les contraintes hydriques et ioniques qui en d\u00e9coulent, le sens des \u00e9changes varie.<\/p>\n<p>En revanche, les appareils branchiaux des Vert\u00e9br\u00e9s aquatiques sont tr\u00e8s g\u00e9n\u00e9ralement impliqu\u00e9s dans l&rsquo;\u00e9limination des d\u00e9chets azot\u00e9s sous forme d&rsquo;ammoniaque.<\/p>\n<\/section>\n<p> &nbsp; <\/p>\n<footer>\n<hr \/>\n<table style=\"width: 100%; \">\n<tr>\n<td style=\"width: 40%; text-align: left; \">\n<a href=\"\/codex\/petites-questions-de-physiologie\/petites-questions-de-physiologie-animale-2019-ouvrage\/les-appareils-branchiaux-des-vertebres-diversite-et-unite-des-convections-des-milieux-interieur-et-exterieur\" title=\"Les appareils branchiaux des Vert\u00e9br\u00e9s\u00a0: diversit\u00e9 et unit\u00e9 des convections des milieux int\u00e9rieur et ext\u00e9rieur\">Pr\u00e9c\u00e9dent<\/a>\u00a0<\/td>\n<td style=\"width: 20%; text-align: center; \">\n<a href=\"\/codex\/petites-questions-de-physiologie\/petites-questions-de-physiologie-animale-2019-ouvrage\/la-diversite-et-lunite-des-appareils-branchiaux-des-vertebres-introduction\" title=\"La diversit\u00e9 et l\u2019unit\u00e9 des appareils branchiaux des Vert\u00e9br\u00e9s\u00a0: introduction\">Niveau sup\u00e9rieur<\/a>\n<\/td>\n<td style=\"width: 40%; text-align: right; \">\u00a0<a href=\"\/codex\/petites-questions-de-physiologie\/petites-questions-de-physiologie-animale-2019-ouvrage\/la-diversite-et-lunite-des-appareils-branchiaux-des-vertebres-conclusion\" title=\"La diversit\u00e9 et l\u2019unit\u00e9 des appareils branchiaux des Vert\u00e9br\u00e9s : conclusion\">Suivant<\/a>\n<\/td>\n<\/tr>\n<tr>\n<td style=\"width: 40%; text-align: left; vertical-align: top; \">Les appareils branchiaux des Vert\u00e9br\u00e9s : diversit\u00e9 et unit\u00e9 des convections des milieux int\u00e9rieur et ext\u00e9rieur\u00a0<\/td>\n<td style=\"width: 20%; text-align: center; \">\n<a href=\"\/codex\/petites-questions-de-physiologie\/petites-questions-de-physiologie-animale-2019-ouvrage\" title=\"Petites questions de physiologie animale 2019 : ouvrage\">Sommaire<\/a>\n<\/td>\n<td style=\"width: 40%; text-align: right; vertical-align: top; \">\u00a0Conclusion<\/td>\n<\/tr>\n<\/table>\n<\/footer>\n","protected":false},"excerpt":{"rendered":"<p>Les appareils branchiaux des Vert\u00e9br\u00e9s : unit\u00e9 et diversit\u00e9 de la contribution \u00e0 l\u2019\u00e9quilibre hydro\u00e9lectrolytique Pr\u00e9c\u00e9dent\u00a0 La diversit\u00e9 et l&rsquo;unit\u00e9 des appareils branchiaux des Vert\u00e9br\u00e9s Suivant &nbsp; Certains Vert\u00e9br\u00e9s aquatiques \u00e9voluent en milieu marin et d&rsquo;autres en eau douce. Milieu marin et eau douce diff\u00e8rent par leurs concentrations osmotiques et leurs concentrations ioniques. Sch\u00e9matiquement, la [&hellip;]<\/p>\n","protected":false},"author":2,"featured_media":0,"parent":13169,"menu_order":40,"comment_status":"closed","ping_status":"closed","template":"","meta":{"site-sidebar-layout":"default","site-content-layout":"","ast-site-content-layout":"default","site-content-style":"default","site-sidebar-style":"default","ast-global-header-display":"","ast-banner-title-visibility":"","ast-main-header-display":"","ast-hfb-above-header-display":"","ast-hfb-below-header-display":"","ast-hfb-mobile-header-display":"","site-post-title":"","ast-breadcrumbs-content":"","ast-featured-img":"","footer-sml-layout":"","ast-disable-related-posts":"","theme-transparent-header-meta":"","adv-header-id-meta":"","stick-header-meta":"","header-above-stick-meta":"","header-main-stick-meta":"","header-below-stick-meta":"","astra-migrate-meta-layouts":"default","ast-page-background-enabled":"default","ast-page-background-meta":{"desktop":{"background-color":"var(--ast-global-color-4)","background-image":"","background-repeat":"repeat","background-position":"center center","background-size":"auto","background-attachment":"scroll","background-type":"","background-media":"","overlay-type":"","overlay-color":"","overlay-opacity":"","overlay-gradient":""},"tablet":{"background-color":"","background-image":"","background-repeat":"repeat","background-position":"center center","background-size":"auto","background-attachment":"scroll","background-type":"","background-media":"","overlay-type":"","overlay-color":"","overlay-opacity":"","overlay-gradient":""},"mobile":{"background-color":"","background-image":"","background-repeat":"repeat","background-position":"center center","background-size":"auto","background-attachment":"scroll","background-type":"","background-media":"","overlay-type":"","overlay-color":"","overlay-opacity":"","overlay-gradient":""}},"ast-content-background-meta":{"desktop":{"background-color":"var(--ast-global-color-5)","background-image":"","background-repeat":"repeat","background-position":"center center","background-size":"auto","background-attachment":"scroll","background-type":"","background-media":"","overlay-type":"","overlay-color":"","overlay-opacity":"","overlay-gradient":""},"tablet":{"background-color":"var(--ast-global-color-5)","background-image":"","background-repeat":"repeat","background-position":"center center","background-size":"auto","background-attachment":"scroll","background-type":"","background-media":"","overlay-type":"","overlay-color":"","overlay-opacity":"","overlay-gradient":""},"mobile":{"background-color":"var(--ast-global-color-5)","background-image":"","background-repeat":"repeat","background-position":"center center","background-size":"auto","background-attachment":"scroll","background-type":"","background-media":"","overlay-type":"","overlay-color":"","overlay-opacity":"","overlay-gradient":""}},"footnotes":""},"class_list":["post-13790","page","type-page","status-publish","hentry"],"aioseo_notices":[],"jetpack_sharing_enabled":true,"_links":{"self":[{"href":"https:\/\/codexvirtualis.fr\/codex\/wp-json\/wp\/v2\/pages\/13790","targetHints":{"allow":["GET"]}}],"collection":[{"href":"https:\/\/codexvirtualis.fr\/codex\/wp-json\/wp\/v2\/pages"}],"about":[{"href":"https:\/\/codexvirtualis.fr\/codex\/wp-json\/wp\/v2\/types\/page"}],"author":[{"embeddable":true,"href":"https:\/\/codexvirtualis.fr\/codex\/wp-json\/wp\/v2\/users\/2"}],"replies":[{"embeddable":true,"href":"https:\/\/codexvirtualis.fr\/codex\/wp-json\/wp\/v2\/comments?post=13790"}],"version-history":[{"count":12,"href":"https:\/\/codexvirtualis.fr\/codex\/wp-json\/wp\/v2\/pages\/13790\/revisions"}],"predecessor-version":[{"id":14042,"href":"https:\/\/codexvirtualis.fr\/codex\/wp-json\/wp\/v2\/pages\/13790\/revisions\/14042"}],"up":[{"embeddable":true,"href":"https:\/\/codexvirtualis.fr\/codex\/wp-json\/wp\/v2\/pages\/13169"}],"wp:attachment":[{"href":"https:\/\/codexvirtualis.fr\/codex\/wp-json\/wp\/v2\/media?parent=13790"}],"curies":[{"name":"wp","href":"https:\/\/api.w.org\/{rel}","templated":true}]}}