{"id":13721,"date":"2021-07-12T21:04:07","date_gmt":"2021-07-12T19:04:07","guid":{"rendered":"https:\/\/codexvirtualis.fr\/codex\/?page_id=13721"},"modified":"2021-08-01T12:37:27","modified_gmt":"2021-08-01T10:37:27","slug":"les-echanges-gazeux-respiratoires-des-euarthropodes-bibliographie-et-sitographie","status":"publish","type":"page","link":"https:\/\/codexvirtualis.fr\/codex\/petites-questions-de-physiologie\/petites-questions-de-physiologie-animale-2019-ouvrage\/les-echanges-gazeux-respiratoires-des-euarthropodes-bibliographie-et-sitographie","title":{"rendered":"Les \u00e9changes gazeux respiratoires des Euarthropodes&nbsp;: bibliographie et sitographie"},"content":{"rendered":"<header>\n<table style=\"width: 100%; \">\n<tr>\n<th style=\"text-align: center; \" colspan=\"3\">Bibliographie et sitographie<\/th>\n<\/tr>\n<tr>\n<td style=\"width: 20%; text-align: left; \">\n<a href=\"\/codex\/petites-questions-de-physiologie\/petites-questions-de-physiologie-animale-2019-ouvrage\/les-echanges-gazeux-respiratoires-des-euarthropodes-conclusion\" title=\"Les \u00e9changes gazeux respiratoires des Euarthropodes\u00a0: conclusion\">Pr\u00e9c\u00e9dent<\/a><\/td>\n<th style=\"width: 60%; text-align: center; \">Les \u00e9changes gazeux respiratoires des Euarthropodes<\/th>\n<td style=\"width: 20%; text-align: right; \"><a href=\"\/codex\/petites-questions-de-physiologie\/petites-questions-de-physiologie-animale-2019-ouvrage\/la-diversite-et-lunite-des-appareils-branchiaux-des-vertebres-introduction\" title=\"La diversit\u00e9 et l\u2019unit\u00e9 des appareils branchiaux des Vert\u00e9br\u00e9s\u00a0: introduction\">Suivant<\/a>\n<\/td>\n<\/tr>\n<\/table>\n<hr \/>\n<\/header>\n<h3 class=\"title\">Livres<\/h3>\n<p><span class=\"authorgroup\"><br \/>\n<span class=\"firstname\">Sandrine<\/span> <span class=\"surname\">Heusser<\/span> et <span class=\"firstname\">Henri-Gabriel<\/span> <span class=\"surname\">Dupuy<\/span>. <\/span><br \/>\n<span class=\"title\"><em>Atlas biologie animale, tome 1: Les grands plans d\u2019organisation<\/em>. <\/span><span class=\"edition\">3\u00e8me \u00e9dition. <\/span><br \/>\n<span class=\"publisher\"><span class=\"publishername\">Dunod. <\/span><\/span><span class=\"pubdate\">2008. <\/span><span class=\"pagenums\">138 p.<\/span><br \/>\n<span class=\"title\"><em>Sciences sup<\/em>. <\/span>[<span class=\"citebiblioid\">978-2-10-051816-6<\/span>]<\/p>\n<p><span class=\"authorgroup\"><br \/>\n<span class=\"firstname\">Sandrine<\/span> <span class=\"surname\">Heusser<\/span> et <span class=\"firstname\">Henri-Gabriel<\/span> <span class=\"surname\">Dupuy<\/span>. <\/span><br \/>\n<span class=\"title\"><em>Atlas biologie animale, tome 2 : Les grandes fonctions<\/em>. <\/span><span class=\"edition\">2\u00e8me \u00e9dition. <\/span><br \/>\n<span class=\"publisher\"> <span class=\"publishername\">Dunod. <\/span> <\/span> <span class=\"pubdate\">2008. <\/span> <span class=\"pagenums\">215 p. <\/span><br \/>\n<span class=\"title\"> <em>Sciences sup<\/em>. <\/span>[<span class=\"citebiblioid\">978-2-10-52135-7<\/span>]<\/p>\n<h3 class=\"title\">Sites internet<\/h3>\n<p><span class=\"authorgroup\"><br \/>\n<span class=\"firstname\">Jean-Marie<\/span> <span class=\"surname\">Demange<\/span>. <\/span><br \/>\n<span class=\"title\"><em>Myriapodes. In Universalis \u00e9ducation [en ligne]<\/em>. <\/span><br \/>\n<span class=\"publisher\"><span class=\"publishername\">Encyclopaedia Universalis. <\/span><\/span><span class=\"pubdate\">[date de consultation : 07 avril 2019]. <\/span><br \/>\n<span class=\"address\"><code class=\"uri\">Disponible sur :<br \/>\n<a class=\"link\" href=\"http:\/\/www.universalis-edu.com\/encyclopedie\/myriapodes\/\" target=\"_top\" rel=\"noopener\">http:\/\/www.universalis-edu.com\/encyclopedie\/myriapodes\/<\/a><\/code>. <\/span>\n<\/p>\n<p><span class=\"authorgroup\"><br \/>\n<span class=\"firstname\">Ren\u00e9<\/span> <span class=\"surname\">Lafont<\/span>. <\/span><br \/>\n<span class=\"title\"><em>Hexapodes. In Universalis \u00e9ducation [en ligne]<\/em>. <\/span><br \/>\n<span class=\"publisher\"><span class=\"publishername\">Encyclopaedia Universalis. <\/span><\/span> <span class=\"pubdate\">[date de consultation : 07 avril 2019]. <\/span><br \/>\n<span class=\"address\"><code class=\"uri\">Disponible sur :<br \/>\n<a class=\"link\" href=\"http:\/\/www.universalis-edu.com\/encyclopedie\/hexapodes\/\" target=\"_top\" rel=\"noopener\">http:\/\/www.universalis-edu.com\/encyclopedie\/hexapodes\/<\/a> <\/code>. <\/span>\n<\/p>\n<p><span class=\"authorgroup\"><br \/>\n<span class=\"firstname\">Roland<\/span><span class=\"surname\"> Legendre<\/span> et <span class=\"firstname\">Max<\/span> <span class=\"surname\">Vachon<\/span>. <\/span><br \/>\n<span class=\"title\"> <em>Arthropodes. In Universalis \u00e9ducation [en ligne]<\/em>. <\/span><br \/>\n<span class=\"publisher\"><span class=\"publishername\">Encyclopaedia Universalis. <\/span><\/span> <span class=\"pubdate\">[date de consultation : 07 avril 2019]. <\/span><br \/>\n<span class=\"address\"><code class=\"uri\">Disponible sur :<br \/>\n<a class=\"link\" href=\"http:\/\/www.universalis-edu.com\/encyclopedie\/arthropodes\/\" target=\"_top\" rel=\"noopener\">http:\/\/www.universalis-edu.com\/encyclopedie\/arthropodes\/<\/a> <\/code>. <\/span>\n<\/p>\n<p><span class=\"authorgroup\"><br \/>\n<span class=\"firstname\">Julien<\/span> <span class=\"surname\">Nowak<\/span>. <\/span><br \/>\n<span class=\"title\"><em>Les Arthropodes. In entomoLOGIC, l&rsquo;entomologie \u00e0 la port\u00e9e de tous [en ligne]<\/em>. <\/span><br \/>\n<span class=\"publisher\"><span class=\"publishername\">Julien Nowak. <\/span><\/span> <span class=\"pubdate\">[date de consultation : 07 avril 2019]. <\/span><br \/>\n<span class=\"address\"><code class=\"uri\">Disponible sur :<br \/>\n<a class=\"link\" href=\"https:\/\/entomologic.jimdo.com\/les-arthropodes\/\" target=\"_top\" rel=\"noopener\">https:\/\/entomologic.jimdo.com\/les-arthropodes\/<\/a><\/code>. <\/span>\n<\/p>\n<p><span class=\"authorgroup\"><br \/>\n<span class=\"surname\">Guillaume<\/span>. <\/span><br \/>\n<span class=\"title\"><em>Chapitre 5-3 : La respiration chez les Arthropodes. In Biodeug [en ligne]<\/em>. <\/span><br \/>\n<span class=\"publisher\"><span class=\"publishername\">Biodeug. <\/span> <\/span> <span class=\"pubdate\">[date de consultation : 07 avril 2019]. <\/span><br \/>\n<span class=\"address\"><code class=\"uri\">Disponible sur :<br \/>\n<a class=\"link\" href=\"http:\/\/www.biodeug.com\/licence-3-biologie-animale-chapitre-5-3-respiration-des-arthropodes\/\" target=\"_top\" rel=\"noopener\">http:\/\/www.biodeug.com\/licence-3-biologie-animale-chapitre-5-3-respiration-des-arthropodes\/<\/a><\/code>. <\/span>\n<\/p>\n<p> &nbsp; <\/p>\n<footer>\n<hr \/>\n<table style=\"width: 100%; \">\n<tr>\n<td style=\"width: 40%; text-align: left; \">\n<a href=\"\/codex\/petites-questions-de-physiologie\/petites-questions-de-physiologie-animale-2019-ouvrage\/les-echanges-gazeux-respiratoires-des-euarthropodes-conclusion\" title=\"Les \u00e9changes gazeux respiratoires des Euarthropodes\u00a0: conclusion\">Pr\u00e9c\u00e9dent<\/a><\/td>\n<td style=\"width: 20%; text-align: center; \">\n<a href=\"\/codex\/petites-questions-de-physiologie\/petites-questions-de-physiologie-animale-2019-ouvrage\/les-echanges-gazeux-respiratoires-des-euarthropodes-introduction\" title=\"Les \u00e9changes gazeux respiratoires des Euarthropodes\u00a0: introduction\">Niveau sup\u00e9rieur<\/a>\n<\/td>\n<td style=\"width: 40%; text-align: right; \"><a href=\"\/codex\/petites-questions-de-physiologie\/petites-questions-de-physiologie-animale-2019-ouvrage\/la-diversite-et-lunite-des-appareils-branchiaux-des-vertebres-introduction\" title=\"La diversit\u00e9 et l\u2019unit\u00e9 des appareils branchiaux des Vert\u00e9br\u00e9s\u00a0: introduction\">Suivant<\/a>\n<\/td>\n<\/tr>\n<tr>\n<td style=\"width: 40%; text-align: left; vertical-align: top; \">Conclusion\u00a0<\/td>\n<td style=\"width: 20%; text-align: center; \"><a href=\"\/codex\/petites-questions-de-physiologie\/petites-questions-de-physiologie-animale-2019-ouvrage\" title=\"Petites questions de physiologie animale 2019 : ouvrage\">Sommaire<\/a>\n<\/td>\n<td style=\"width: 40%; text-align: right; vertical-align: top; \">\u00a0La diversit\u00e9 et l&rsquo;unit\u00e9 des appareils branchiaux des Vert\u00e9br\u00e9s<\/td>\n<\/tr>\n<\/table>\n<\/footer>\n","protected":false},"excerpt":{"rendered":"<p>Bibliographie et sitographie Pr\u00e9c\u00e9dent Les \u00e9changes gazeux respiratoires des Euarthropodes Suivant Livres Sandrine Heusser et Henri-Gabriel Dupuy. Atlas biologie animale, tome 1: Les grands plans d\u2019organisation. 3\u00e8me \u00e9dition. Dunod. 2008. 138 p. Sciences sup. [978-2-10-051816-6] Sandrine Heusser et Henri-Gabriel Dupuy. Atlas biologie animale, tome 2 : Les grandes fonctions. 2\u00e8me \u00e9dition. Dunod. 2008. 215 p. [&hellip;]<\/p>\n","protected":false},"author":1,"featured_media":0,"parent":13169,"menu_order":36,"comment_status":"closed","ping_status":"closed","template":"","meta":{"site-sidebar-layout":"default","site-content-layout":"","ast-site-content-layout":"default","site-content-style":"default","site-sidebar-style":"default","ast-global-header-display":"","ast-banner-title-visibility":"","ast-main-header-display":"","ast-hfb-above-header-display":"","ast-hfb-below-header-display":"","ast-hfb-mobile-header-display":"","site-post-title":"","ast-breadcrumbs-content":"","ast-featured-img":"","footer-sml-layout":"","ast-disable-related-posts":"","theme-transparent-header-meta":"","adv-header-id-meta":"","stick-header-meta":"","header-above-stick-meta":"","header-main-stick-meta":"","header-below-stick-meta":"","astra-migrate-meta-layouts":"default","ast-page-background-enabled":"default","ast-page-background-meta":{"desktop":{"background-color":"var(--ast-global-color-4)","background-image":"","background-repeat":"repeat","background-position":"center center","background-size":"auto","background-attachment":"scroll","background-type":"","background-media":"","overlay-type":"","overlay-color":"","overlay-opacity":"","overlay-gradient":""},"tablet":{"background-color":"","background-image":"","background-repeat":"repeat","background-position":"center center","background-size":"auto","background-attachment":"scroll","background-type":"","background-media":"","overlay-type":"","overlay-color":"","overlay-opacity":"","overlay-gradient":""},"mobile":{"background-color":"","background-image":"","background-repeat":"repeat","background-position":"center center","background-size":"auto","background-attachment":"scroll","background-type":"","background-media":"","overlay-type":"","overlay-color":"","overlay-opacity":"","overlay-gradient":""}},"ast-content-background-meta":{"desktop":{"background-color":"var(--ast-global-color-5)","background-image":"","background-repeat":"repeat","background-position":"center center","background-size":"auto","background-attachment":"scroll","background-type":"","background-media":"","overlay-type":"","overlay-color":"","overlay-opacity":"","overlay-gradient":""},"tablet":{"background-color":"var(--ast-global-color-5)","background-image":"","background-repeat":"repeat","background-position":"center center","background-size":"auto","background-attachment":"scroll","background-type":"","background-media":"","overlay-type":"","overlay-color":"","overlay-opacity":"","overlay-gradient":""},"mobile":{"background-color":"var(--ast-global-color-5)","background-image":"","background-repeat":"repeat","background-position":"center center","background-size":"auto","background-attachment":"scroll","background-type":"","background-media":"","overlay-type":"","overlay-color":"","overlay-opacity":"","overlay-gradient":""}},"footnotes":""},"class_list":["post-13721","page","type-page","status-publish","hentry"],"aioseo_notices":[],"jetpack_sharing_enabled":true,"_links":{"self":[{"href":"https:\/\/codexvirtualis.fr\/codex\/wp-json\/wp\/v2\/pages\/13721","targetHints":{"allow":["GET"]}}],"collection":[{"href":"https:\/\/codexvirtualis.fr\/codex\/wp-json\/wp\/v2\/pages"}],"about":[{"href":"https:\/\/codexvirtualis.fr\/codex\/wp-json\/wp\/v2\/types\/page"}],"author":[{"embeddable":true,"href":"https:\/\/codexvirtualis.fr\/codex\/wp-json\/wp\/v2\/users\/1"}],"replies":[{"embeddable":true,"href":"https:\/\/codexvirtualis.fr\/codex\/wp-json\/wp\/v2\/comments?post=13721"}],"version-history":[{"count":9,"href":"https:\/\/codexvirtualis.fr\/codex\/wp-json\/wp\/v2\/pages\/13721\/revisions"}],"predecessor-version":[{"id":14039,"href":"https:\/\/codexvirtualis.fr\/codex\/wp-json\/wp\/v2\/pages\/13721\/revisions\/14039"}],"up":[{"embeddable":true,"href":"https:\/\/codexvirtualis.fr\/codex\/wp-json\/wp\/v2\/pages\/13169"}],"wp:attachment":[{"href":"https:\/\/codexvirtualis.fr\/codex\/wp-json\/wp\/v2\/media?parent=13721"}],"curies":[{"name":"wp","href":"https:\/\/api.w.org\/{rel}","templated":true}]}}