{"id":13717,"date":"2021-07-12T21:01:45","date_gmt":"2021-07-12T19:01:45","guid":{"rendered":"https:\/\/codexvirtualis.fr\/codex\/?page_id=13717"},"modified":"2021-08-01T12:36:55","modified_gmt":"2021-08-01T10:36:55","slug":"les-echanges-gazeux-respiratoires-des-euarthropodes-conclusion","status":"publish","type":"page","link":"https:\/\/codexvirtualis.fr\/codex\/petites-questions-de-physiologie\/petites-questions-de-physiologie-animale-2019-ouvrage\/les-echanges-gazeux-respiratoires-des-euarthropodes-conclusion","title":{"rendered":"Les \u00e9changes gazeux respiratoires des Euarthropodes&nbsp;: conclusion"},"content":{"rendered":"<header>\n<table style=\"width: 100%; \">\n<tr>\n<th style=\"text-align: center; \" colspan=\"3\">Conclusion<\/th>\n<\/tr>\n<tr>\n<td style=\"width: 20%; text-align: left; \">\n<a href=\"\/codex\/petites-questions-de-physiologie\/petites-questions-de-physiologie-animale-2019-ouvrage\/les-echanges-gazeux-respiratoires-des-euarthropodes-en-milieu-aerien\" title=\"Les \u00e9changes gazeux respiratoires des Euarthropodes en milieu a\u00e9rien\">Pr\u00e9c\u00e9dent<\/a><\/td>\n<th style=\"width: 60%; text-align: center; \">Les \u00e9changes gazeux respiratoires des Euarthropodes<\/th>\n<td style=\"width: 20%; text-align: right; \"><a href=\"\/codex\/petites-questions-de-physiologie\/petites-questions-de-physiologie-animale-2019-ouvrage\/les-echanges-gazeux-respiratoires-des-euarthropodes-bibliographie-et-sitographie\" title=\"Les \u00e9changes gazeux respiratoires des Euarthropodes\u00a0: bibliographie et sitographie\">Suivant<\/a>\n<\/td>\n<\/tr>\n<\/table>\n<hr \/>\n<\/header>\n<p> &nbsp; <\/p>\n<section class=\"sect1\" id=\"d0e5247\">\n<p>L&rsquo;une des voies m\u00e9taboliques principales des animaux, et des Euarthropodes en particulier, est la respiration a\u00e9robie. Consommant du dioxyg\u00e8ne et produisant du dioxyde de carbone, elle induit \u00e0 l\u2019\u00e9chelle de l\u2019organisme des \u00e9changes gazeux respiratoires. <\/p>\n<p>En relation avec leur milieu de vie, les Euarthropodes poss\u00e8dent des appareils respiratoires diff\u00e9rents. Les branchies, \u00e9vaginations t\u00e9gumentaires, sont rencontr\u00e9es chez les esp\u00e8ces  aquatiques et les trach\u00e9es et poumons, invaginations t\u00e9gumentaires chez les esp\u00e8ces a\u00e9riennes.<\/p>\n<p>Les premi\u00e8res sont soutenues par l&rsquo;eau et prot\u00e9g\u00e9es par des expansions t\u00e9gumentaires, les deuxi\u00e8mes et troisi\u00e8mes sont soutenus par des \u00e9paississements de cuticule et prot\u00e9g\u00e9s de la dessiccation par la fermeture des stigmates.<\/p>\n<p>Les modalit\u00e9s de la ventilation varient \u00e9galement avec le milieu de vie : elle est unidirectionnelle en milieu aquatique et bidirectionnelle en milieu a\u00e9rien.<\/p>\n<p>Les types d&rsquo;appareil respiratoire et les modalit\u00e9s de la ventilation sont ainsi d\u00e9pendants des milieux de vie et de leurs caract\u00e9ristiques physiques et chimiques.<\/p>\n<p>Pour autant, le m\u00e9canisme d&rsquo;\u00e9change des gaz respiratoires est toujours une diffusion simple, \u00e0 travers les membranes et les cytoplasmes des cellules. Les \u00e9changeurs pr\u00e9sentent des adaptations \u00e0 la diffusion, avec une grande surface, une faible \u00e9paisseur et des convections des milieux ext\u00e9rieur et int\u00e9rieur maintenant les gradients des pressions partielles.<\/p>\n<p>Quelques Araign\u00e9es poss\u00e8dent un appareil respiratoire mixte, form\u00e9 de poumons et de trach\u00e9es, tous deux irrigu\u00e9s par l&rsquo;h\u00e9molymphe avec laquelle les \u00e9changes gazeux sont r\u00e9alis\u00e9s.<\/p>\n<p>Divers Hexapodes ont un cycle de vie comportant des phases aquatique, g\u00e9n\u00e9ralement larvaire ou juv\u00e9nile, et a\u00e9rienne, le plus souvent adulte. Ce sont par exemple les Eph\u00e9m\u00e8res et les Odonates. Les individus aquatiques poss\u00e8dent dans ces cas un appareil respiratoire trach\u00e9en mais les stigmates sont clos. Les trach\u00e9es sont d\u00e9ploy\u00e9es dans des expansions t\u00e9gumentaires temporaires appel\u00e9es trach\u00e9obranchies, \u00e0 travers lesquelles le dioxyg\u00e8ne dissous dans l&rsquo;eau diffuse avant de p\u00e9n\u00e9trer dans les ramifications trach\u00e9ennes. Des m\u00e9canismes ventilatoires viennent am\u00e9liorer la convection de l&rsquo;eau au niveau de la surface respiratoire.<\/p>\n<\/section>\n<p> &nbsp; <\/p>\n<footer>\n<hr \/>\n<table style=\"width: 100%; \">\n<tr>\n<td style=\"width: 40%; text-align: left; \">\n<a href=\"\/codex\/petites-questions-de-physiologie\/petites-questions-de-physiologie-animale-2019-ouvrage\/les-echanges-gazeux-respiratoires-des-euarthropodes-en-milieu-aerien\" title=\"Les \u00e9changes gazeux respiratoires des Euarthropodes en milieu a\u00e9rien\">Pr\u00e9c\u00e9dent<\/a><\/td>\n<td style=\"width: 20%; text-align: center; \">\n<a href=\"\/codex\/petites-questions-de-physiologie\/petites-questions-de-physiologie-animale-2019-ouvrage\/les-echanges-gazeux-respiratoires-des-euarthropodes-introduction\" title=\"Les \u00e9changes gazeux respiratoires des Euarthropodes\u00a0: introduction\">Niveau sup\u00e9rieur<\/a>\n<\/td>\n<td style=\"width: 40%; text-align: right; \"><a href=\"\/codex\/petites-questions-de-physiologie\/petites-questions-de-physiologie-animale-2019-ouvrage\/les-echanges-gazeux-respiratoires-des-euarthropodes-bibliographie-et-sitographie\" title=\"Les \u00e9changes gazeux respiratoires des Euarthropodes\u00a0: bibliographie et sitographie\">Suivant<\/a>\n<\/td>\n<\/tr>\n<tr>\n<td style=\"width: 40%; text-align: left; vertical-align: top; \">Les \u00e9changes gazeux respiratoires des Euarthropodes en milieu a\u00e9rien \u00a0<\/td>\n<td style=\"width: 20%; text-align: center; \">\n<a href=\"\/codex\/petites-questions-de-physiologie\/petites-questions-de-physiologie-animale-2019-ouvrage\" title=\"Petites questions de physiologie animale 2019 : ouvrage\">Sommaire<\/a>\n<\/td>\n<td style=\"width: 40%; text-align: right; vertical-align: top; \">\u00a0Bibliographie et sitographie<\/td>\n<\/tr>\n<\/table>\n<\/footer>\n","protected":false},"excerpt":{"rendered":"<p>Conclusion Pr\u00e9c\u00e9dent Les \u00e9changes gazeux respiratoires des Euarthropodes Suivant &nbsp; L&rsquo;une des voies m\u00e9taboliques principales des animaux, et des Euarthropodes en particulier, est la respiration a\u00e9robie. Consommant du dioxyg\u00e8ne et produisant du dioxyde de carbone, elle induit \u00e0 l\u2019\u00e9chelle de l\u2019organisme des \u00e9changes gazeux respiratoires. En relation avec leur milieu de vie, les Euarthropodes poss\u00e8dent [&hellip;]<\/p>\n","protected":false},"author":2,"featured_media":0,"parent":13169,"menu_order":35,"comment_status":"closed","ping_status":"closed","template":"","meta":{"site-sidebar-layout":"default","site-content-layout":"","ast-site-content-layout":"default","site-content-style":"default","site-sidebar-style":"default","ast-global-header-display":"","ast-banner-title-visibility":"","ast-main-header-display":"","ast-hfb-above-header-display":"","ast-hfb-below-header-display":"","ast-hfb-mobile-header-display":"","site-post-title":"","ast-breadcrumbs-content":"","ast-featured-img":"","footer-sml-layout":"","ast-disable-related-posts":"","theme-transparent-header-meta":"","adv-header-id-meta":"","stick-header-meta":"","header-above-stick-meta":"","header-main-stick-meta":"","header-below-stick-meta":"","astra-migrate-meta-layouts":"default","ast-page-background-enabled":"default","ast-page-background-meta":{"desktop":{"background-color":"var(--ast-global-color-4)","background-image":"","background-repeat":"repeat","background-position":"center center","background-size":"auto","background-attachment":"scroll","background-type":"","background-media":"","overlay-type":"","overlay-color":"","overlay-opacity":"","overlay-gradient":""},"tablet":{"background-color":"","background-image":"","background-repeat":"repeat","background-position":"center center","background-size":"auto","background-attachment":"scroll","background-type":"","background-media":"","overlay-type":"","overlay-color":"","overlay-opacity":"","overlay-gradient":""},"mobile":{"background-color":"","background-image":"","background-repeat":"repeat","background-position":"center center","background-size":"auto","background-attachment":"scroll","background-type":"","background-media":"","overlay-type":"","overlay-color":"","overlay-opacity":"","overlay-gradient":""}},"ast-content-background-meta":{"desktop":{"background-color":"var(--ast-global-color-5)","background-image":"","background-repeat":"repeat","background-position":"center center","background-size":"auto","background-attachment":"scroll","background-type":"","background-media":"","overlay-type":"","overlay-color":"","overlay-opacity":"","overlay-gradient":""},"tablet":{"background-color":"var(--ast-global-color-5)","background-image":"","background-repeat":"repeat","background-position":"center center","background-size":"auto","background-attachment":"scroll","background-type":"","background-media":"","overlay-type":"","overlay-color":"","overlay-opacity":"","overlay-gradient":""},"mobile":{"background-color":"var(--ast-global-color-5)","background-image":"","background-repeat":"repeat","background-position":"center center","background-size":"auto","background-attachment":"scroll","background-type":"","background-media":"","overlay-type":"","overlay-color":"","overlay-opacity":"","overlay-gradient":""}},"footnotes":""},"class_list":["post-13717","page","type-page","status-publish","hentry"],"aioseo_notices":[],"jetpack_sharing_enabled":true,"_links":{"self":[{"href":"https:\/\/codexvirtualis.fr\/codex\/wp-json\/wp\/v2\/pages\/13717","targetHints":{"allow":["GET"]}}],"collection":[{"href":"https:\/\/codexvirtualis.fr\/codex\/wp-json\/wp\/v2\/pages"}],"about":[{"href":"https:\/\/codexvirtualis.fr\/codex\/wp-json\/wp\/v2\/types\/page"}],"author":[{"embeddable":true,"href":"https:\/\/codexvirtualis.fr\/codex\/wp-json\/wp\/v2\/users\/2"}],"replies":[{"embeddable":true,"href":"https:\/\/codexvirtualis.fr\/codex\/wp-json\/wp\/v2\/comments?post=13717"}],"version-history":[{"count":8,"href":"https:\/\/codexvirtualis.fr\/codex\/wp-json\/wp\/v2\/pages\/13717\/revisions"}],"predecessor-version":[{"id":14038,"href":"https:\/\/codexvirtualis.fr\/codex\/wp-json\/wp\/v2\/pages\/13717\/revisions\/14038"}],"up":[{"embeddable":true,"href":"https:\/\/codexvirtualis.fr\/codex\/wp-json\/wp\/v2\/pages\/13169"}],"wp:attachment":[{"href":"https:\/\/codexvirtualis.fr\/codex\/wp-json\/wp\/v2\/media?parent=13717"}],"curies":[{"name":"wp","href":"https:\/\/api.w.org\/{rel}","templated":true}]}}