{"id":13713,"date":"2021-07-12T20:59:50","date_gmt":"2021-07-12T18:59:50","guid":{"rendered":"https:\/\/codexvirtualis.fr\/codex\/?page_id=13713"},"modified":"2021-08-01T12:36:29","modified_gmt":"2021-08-01T10:36:29","slug":"les-echanges-gazeux-respiratoires-des-euarthropodes-en-milieu-aerien","status":"publish","type":"page","link":"https:\/\/codexvirtualis.fr\/codex\/petites-questions-de-physiologie\/petites-questions-de-physiologie-animale-2019-ouvrage\/les-echanges-gazeux-respiratoires-des-euarthropodes-en-milieu-aerien","title":{"rendered":"Les \u00e9changes gazeux respiratoires des Euarthropodes en milieu a\u00e9rien"},"content":{"rendered":"<header>\n<table style=\"width: 100%; \">\n<tr>\n<th style=\"text-align: center; \" colspan=\"3\">Les \u00e9changes gazeux respiratoires des Euarthropodes en milieu a\u00e9rien <\/th>\n<\/tr>\n<tr>\n<td style=\"width: 20%; text-align: left; \">\n<a href=\"\/codex\/petites-questions-de-physiologie\/petites-questions-de-physiologie-animale-2019-ouvrage\/les-echanges-gazeux-respiratoires-des-euarthropodes-en-milieu-aquatique\" title=\"Les \u00e9changes gazeux respiratoires des Euarthropodes en milieu aquatique\">Pr\u00e9c\u00e9dent<\/a>\u00a0<\/td>\n<th style=\"width: 60%; text-align: center; \">Les \u00e9changes gazeux respiratoires des Euarthropodes<\/th>\n<td style=\"width: 20%; text-align: right; \"><a href=\"\/codex\/petites-questions-de-physiologie\/petites-questions-de-physiologie-animale-2019-ouvrage\/les-echanges-gazeux-respiratoires-des-euarthropodes-conclusion\" title=\"Les \u00e9changes gazeux respiratoires des Euarthropodes\u00a0: conclusion\">Suivant<\/a>\n<\/td>\n<\/tr>\n<\/table>\n<hr \/>\n<\/header>\n<section class=\"sect1\" id=\"d0e4972\">\n<\/section>\n<section class=\"sect2\" id=\"d0e4975\">\n<h3 class=\"title\">Les trach\u00e9es, des expansions t\u00e9gumentaires internes r\u00e9alisant des \u00e9changes de gaz respiratoires entre air et cellules<\/h3>\n<p>Les Hexapodes comme le Criquet sont des Euarthropodes \u00e9voluant en milieu a\u00e9rien.<\/p>\n<p>Comment est organis\u00e9 leur appareil respiratoire ?<\/p>\n<figure id=\"d0e4982\"\nclass=\"img\"\ntitle=\"Figure\u00a07.\u00a0Morphologie de la r\u00e9gion ant\u00e9rieure du Criquet en vue lat\u00e9rale\"><\/p>\n<div class=\"figure\">\n<figure style=\"width: 300px\" class=\"wp-caption alignnone\"><a rel=\"lightbox\" href=\"\/documents\/images\/PetitesQuestionsDePhysiologie\/2019\/media\/images\/15_figure_07.jpg\"><img decoding=\"async\" src=\"\/documents\/images\/PetitesQuestionsDePhysiologie\/2019\/media\/images\/15_figure_07.jpg\" width=\"300\" \" alt=\"Morphologie de la r\u00e9gion ant\u00e9rieure du Criquet en vue lat\u00e9rale\" class=\"size-medium\" \/><figcaption class=\"wp-caption-text\">Figure\u00a07.\u00a0Morphologie de la r\u00e9gion ant\u00e9rieure du Criquet en vue lat\u00e9rale  <\/a><\/figcaption><\/figure>\n<\/div>\n<div class=\"copyright\">\n<p>Copyright : 2019 &#8211; \u00c9milie Bresson&nbsp;; \u00c9lysa Chavarin&nbsp;; Charlotte D\u00e9cline Emonot&nbsp;; C\u00e9line Dugat&nbsp;; Sandrine Heusser<\/p>\n<\/div>\n<div class=\"legalnotice\" title=\"Note L\u00e9gale\">\n<p> Cette illustration est mise \u00e0 disposition selon les termes de la Licence Creative Commons Attribution &#8211; Pas d&rsquo;Utilisation Commerciale &#8211; Partage dans les m\u00eames conditions 4.0 International.<span class=\"inlinemediaobject\"><br \/>\n<img decoding=\"async\" class=\"ccimage\" src=\"\/documents\/images\/PetitesQuestionsDePhysiologie\/2019\/media\/images\/00_licence.png\" width=\"50\"\/> <\/span> <\/p>\n<\/div>\n<\/figure>\n<p><\/p>\n<figure id=\"d0e5014\"\nclass=\"img\"\ntitle=\"Figure\u00a08.\u00a0Morphologie de l'abdomen du Criquet en vue lat\u00e9rale\"><\/p>\n<div class=\"figure\">\n<figure style=\"width: 300px\" class=\"wp-caption alignnone\"><a rel=\"lightbox\" href=\"\/documents\/images\/PetitesQuestionsDePhysiologie\/2019\/media\/images\/15_figure_08.jpg\"><img decoding=\"async\" src=\"\/documents\/images\/PetitesQuestionsDePhysiologie\/2019\/media\/images\/15_figure_08.jpg\" width=\"300\" \" alt=\"Morphologie de l'abdomen du Criquet en vue lat\u00e9rale\" class=\"size-medium\" \/><figcaption class=\"wp-caption-text\">Figure\u00a08.\u00a0Morphologie de l&rsquo;abdomen du Criquet en vue lat\u00e9rale  <\/a><\/figcaption><\/figure>\n<\/div>\n<div class=\"copyright\">\n<p>Copyright : 2019 &#8211; \u00c9milie Bresson&nbsp;; \u00c9lysa Chavarin&nbsp;; Charlotte D\u00e9cline Emonot&nbsp;; C\u00e9line Dugat&nbsp;; Sandrine Heusser<\/p>\n<\/div>\n<div class=\"legalnotice\" title=\"Note L\u00e9gale\">\n<p> Cette illustration est mise \u00e0 disposition selon les termes de la Licence Creative Commons Attribution &#8211; Pas d&rsquo;Utilisation Commerciale &#8211; Partage dans les m\u00eames conditions 4.0 International.<span class=\"inlinemediaobject\"><br \/>\n<img decoding=\"async\" class=\"ccimage\" src=\"\/documents\/images\/PetitesQuestionsDePhysiologie\/2019\/media\/images\/00_licence.png\" width=\"50\"\/> <\/span> <\/p>\n<\/div>\n<\/figure>\n<p><\/p>\n<p>Le corps du Criquet, \u00e0 l&rsquo;instar de celui des autres Euarthropodes, est form\u00e9 de segments recouverts de pi\u00e8ces de cuticule rigide, articul\u00e9es par des membranes articulaires souples. Il est divis\u00e9 en segments se succ\u00e9dant le long de l&rsquo;axe ant\u00e9ropost\u00e9rieur et group\u00e9s en r\u00e9gions corporelles appel\u00e9es tagmes. Ces sont la t\u00eate, le thorax et l&rsquo;abdomen.<\/p>\n<p>Les deuxi\u00e8me et troisi\u00e8me segments thoraciques ainsi que tous les segments abdominaux portent une paire d&rsquo;orifices lat\u00e9roventraux appel\u00e9s stigmates.<\/p>\n<figure id=\"d0e5050\"\nclass=\"img\"\ntitle=\"Figure\u00a09.\u00a0Anatomie du Criquet en vue dorsale\"><\/p>\n<div class=\"figure\">\n<figure style=\"width: 300px\" class=\"wp-caption alignnone\"><a rel=\"lightbox\" href=\"\/documents\/images\/PetitesQuestionsDePhysiologie\/2019\/media\/images\/15_figure_09.jpg\"><img decoding=\"async\" src=\"\/documents\/images\/PetitesQuestionsDePhysiologie\/2019\/media\/images\/15_figure_09.jpg\" width=\"300\" \" alt=\"Anatomie du Criquet en vue dorsale\" class=\"size-medium\" \/><figcaption class=\"wp-caption-text\">Figure\u00a09.\u00a0Anatomie du Criquet en vue dorsale  <\/a><\/figcaption><\/figure>\n<\/div>\n<div class=\"copyright\">\n<p>Copyright : 2019 &#8211; \u00c9milie Bresson&nbsp;; \u00c9lysa Chavarin&nbsp;; Charlotte D\u00e9cline Emonot&nbsp;; C\u00e9line Dugat&nbsp;; Sandrine Heusser<\/p>\n<\/div>\n<div class=\"legalnotice\" title=\"Note L\u00e9gale\">\n<p> Cette illustration est mise \u00e0 disposition selon les termes de la Licence Creative Commons Attribution &#8211; Pas d&rsquo;Utilisation Commerciale &#8211; Partage dans les m\u00eames conditions 4.0 International.<span class=\"inlinemediaobject\"><br \/>\n<img decoding=\"async\" class=\"ccimage\" src=\"\/documents\/images\/PetitesQuestionsDePhysiologie\/2019\/media\/images\/00_licence.png\" width=\"50\"\/> <\/span> <\/p>\n<\/div>\n<\/figure>\n<p><\/p>\n<p>Anatomiquement, les stigmates sont en continuit\u00e9 avec un r\u00e9seau de tubes blanc nacr\u00e9 internes, les trach\u00e9es. Il comporte des troncs trach\u00e9ens longitudinaux de diam\u00e8tre important, ramifi\u00e9s entre les organes puis dans les organes. Les trach\u00e9es les plus fines, appel\u00e9es trach\u00e9oles, sont insinu\u00e9es entre les cellules des organes.<\/p>\n<p>L&rsquo;appareil trach\u00e9en est agenc\u00e9 en trois plans : un plan dorsal alimentant la musculature corporelle et l&rsquo;appareil circulatoire, un plan ventral alimentant la musculature corporelle et le syst\u00e8me nerveux et un plan m\u00e9dian alimentant les visc\u00e8res. Des renflements, les sacs a\u00e9riens, sont pr\u00e9sents sur les trach\u00e9es chez les Insectes bons voiliers comme le Criquet.<\/p>\n<figure id=\"d0e5086\"\nclass=\"img\"\ntitle=\"Figure\u00a010.\u00a0Thorax de Grillon (Collection de l'ENS de Lyon)\"><\/p>\n<div class=\"figure\">\n<figure style=\"width: 300px\" class=\"wp-caption alignnone\"><a rel=\"lightbox\" href=\"\/documents\/images\/PetitesQuestionsDePhysiologie\/2019\/media\/images\/15_figure_10.jpg\"><img decoding=\"async\" src=\"\/documents\/images\/PetitesQuestionsDePhysiologie\/2019\/media\/images\/15_figure_10.jpg\" width=\"300\" \" alt=\"Thorax de Grillon (Collection de l'ENS de Lyon)\" class=\"size-medium\" \/><figcaption class=\"wp-caption-text\">Figure\u00a010.\u00a0Thorax de Grillon (Collection de l&rsquo;ENS de Lyon)  <\/a><\/figcaption><\/figure>\n<\/div>\n<div class=\"copyright\">\n<p>Copyright : 2019 &#8211; \u00c9milie Bresson&nbsp;; \u00c9lysa Chavarin&nbsp;; Charlotte D\u00e9cline Emonot&nbsp;; C\u00e9line Dugat&nbsp;; Sandrine Heusser<\/p>\n<\/div>\n<div class=\"legalnotice\" title=\"Note L\u00e9gale\">\n<p> Cette illustration est mise \u00e0 disposition selon les termes de la Licence Creative Commons Attribution &#8211; Pas d&rsquo;Utilisation Commerciale &#8211; Partage dans les m\u00eames conditions 4.0 International.<span class=\"inlinemediaobject\"><br \/>\n<img decoding=\"async\" class=\"ccimage\" src=\"\/documents\/images\/PetitesQuestionsDePhysiologie\/2019\/media\/images\/00_licence.png\" width=\"50\"\/> <\/span> <\/p>\n<\/div>\n<\/figure>\n<p><\/p>\n<p>La lumi\u00e8re des trach\u00e9es est bord\u00e9e par un \u00e9pith\u00e9lium simple et cubique surmont\u00e9 d&rsquo;une fine cuticule localement \u00e9paissie en anneaux ou en spirale, les t\u00e9nidies. Ils r\u00e9v\u00e8lent que les trach\u00e9es sont des expansions t\u00e9gumentaires internes. Communiquant avec l&rsquo;air environnant par les stigmates, elles contiennent un m\u00e9lange de gaz semblable \u00e0 ceux composant l&rsquo;air.<\/p>\n<p>Au niveau des trach\u00e9oles, le dioxyg\u00e8ne de l&rsquo;air contenu dans la lumi\u00e8re diffuse vers les cellules consommatrices et le dioxyde de carbone suit le chemin inverse.<br \/>\n Ainsi l&rsquo;appareil trach\u00e9en distribue directement le dioxyg\u00e8ne aux cellules et \u00e9vacue directement le dioxyde de carbone sans intervention de l&rsquo;h\u00e9molymphe.<\/p>\n<p>Comment le dioxyg\u00e8ne de l&rsquo;air des trach\u00e9es est-il renouvel\u00e9 et le dioxyde de carbone \u00e9limin\u00e9 ?<\/p>\n<p>Le dioxyg\u00e8ne de l&rsquo;air que contiennent les trach\u00e9es diffuse des stigmates vers les trach\u00e9oles, selon son gradient de pression partielle lorsque les stigmates sont ouverts. En effet, dans les trach\u00e9oles la pression partielle du dioxyg\u00e8ne est faible alors qu&rsquo;elle est \u00e9lev\u00e9e dans le milieu a\u00e9rien ext\u00e9rieur, et le dioxyg\u00e8ne diffuse ais\u00e9ment dans l&rsquo;air.<br \/>\nDe mani\u00e8re g\u00e9n\u00e9rale, le renouvellement de l&rsquo;air des trach\u00e9es est assur\u00e9 par leur compression due \u00e0 l&rsquo;activit\u00e9 des muscles locomoteurs ou visc\u00e9raux.<br \/>\nChez le Criquet, il existe par ailleurs de v\u00e9ritables mouvements ventilatoires abdominaux impliquant la contraction et le rel\u00e2chement des muscles dorsoventraux \u00e0 l&rsquo;origine respectivement d&rsquo;une diminution et d&rsquo;une augmentation du volume de la cavit\u00e9 abdominale. La premi\u00e8re provoque une expulsion de l&rsquo;air des trach\u00e9es quand les stigmates sont ouverts, et la seconde une aspiration. Un cycle ventilatoire assure le renouvellement de 60% de l&rsquo;air des trach\u00e9es.<br \/>\nLa ventilation des trach\u00e9es, quand elle existe, est de type bidirectionnel, l&rsquo;air entrant et sortant par les stigmates et effectuant entre les deux le m\u00eame circuit en sens inverses.<\/p>\n<p>L&rsquo;appareil respiratoire trach\u00e9en pr\u00e9sente ainsi de nombreuses ramifications et d\u00e9veloppe ainsi une importante surface d\u2019\u00e9changes avec les cellules consommatrices de dioxyg\u00e8ne et productrices de dioxyde de carbone. Les trach\u00e9oles, ultimes ramifications, ont une paroi tr\u00e8s peu \u00e9paisse et sont proches des cellules qu&rsquo;elles alimentent. La distance \u00e0 parcourir par les gaz respiratoires est de ce fait r\u00e9duite.<br \/>\nToutes ces caract\u00e9ristiques favorisent la r\u00e9alisation des \u00e9changes de gaz respiratoires, conform\u00e9ment \u00e0 la loi de Fick.<\/p>\n<p>Les trach\u00e9es sont donc des invaginations t\u00e9gumentaires distribuant le dioxyg\u00e8ne dans l&rsquo;organisme. Leur paroi \u00e9tant relativement peu \u00e9paisse et le milieu a\u00e9rien \u00e9tant peu porteur, d\u00e9veloppant une faible pouss\u00e9e d&rsquo;Archim\u00e8de en relation avec sa faible densit\u00e9, elles sont susceptibles de se refermer. Les t\u00e9nidies sont interpr\u00e9t\u00e9es comme des structures de soutien \u00e9vitant leur effondrement.<br \/>\nL&rsquo;air est par ailleurs un milieu dess\u00e9chant, or les organismes sont riches en eau. En raison du d\u00e9s\u00e9quilibre hydrique, l&rsquo;eau des organismes tend \u00e0 s&rsquo;\u00e9vaporer dans le milieu a\u00e9rien \u00e0 travers les surfaces corporelles. L&rsquo;appareil respiratoire, avec sa grande surface et sa faible \u00e9paisseur, est un site d&rsquo;\u00e9vaporation privil\u00e9gi\u00e9. Chez les Insectes, l&rsquo;ouverture contr\u00f4l\u00e9e des stigmates et la saturation de l&rsquo;air des trach\u00e9es en vapeur d&rsquo;eau, qui d\u00e9coule d&rsquo;une communication ma\u00eetris\u00e9e entre trach\u00e9es et air ambiant, contribuent \u00e0 limiter les pertes d&rsquo;eau respiratoires.<\/p>\n<p>L&rsquo;appareil respiratoire trach\u00e9en est \u00e9galement rencontr\u00e9 chez les Myriapodes et chez quelques Arachnides.<\/p>\n<\/section>\n<section class=\"sect2\" id=\"d0e5132\">\n<h3 class=\"title\">Les poumons, des expansions t\u00e9gumentaires internes r\u00e9alisant des \u00e9changes de gaz respiratoires entre air et h\u00e9molymphe<\/h3>\n<p>De nombreux Arachnides poss\u00e8dent un appareil resiratoire repr\u00e9sent\u00e9 par des poumons  \u00e9galement d\u00e9sign\u00e9s par le terme phyllotrach\u00e9es.<\/p>\n<figure id=\"d0e5137\"\nclass=\"img\"\ntitle=\"Figure\u00a011.\u00a0Morphologie d'une Araign\u00e9e en vue dorsale\"><\/p>\n<div class=\"figure\">\n<figure style=\"width: 300px\" class=\"wp-caption alignnone\"><a rel=\"lightbox\" href=\"\/documents\/images\/PetitesQuestionsDePhysiologie\/2019\/media\/images\/15_figure_11.jpg\"><img decoding=\"async\" src=\"\/documents\/images\/PetitesQuestionsDePhysiologie\/2019\/media\/images\/15_figure_11.jpg\" width=\"300\" \" alt=\"Morphologie d'une Araign\u00e9e en vue dorsale\" class=\"size-medium\" \/><figcaption class=\"wp-caption-text\">Figure\u00a011.\u00a0Morphologie d&rsquo;une Araign\u00e9e en vue dorsale  <\/a><\/figcaption><\/figure>\n<\/div>\n<div class=\"copyright\">\n<p>Copyright : 2019 &#8211; \u00c9milie Bresson&nbsp;; \u00c9lysa Chavarin&nbsp;; Charlotte D\u00e9cline Emonot&nbsp;; C\u00e9line Dugat&nbsp;; Sandrine Heusser<\/p>\n<\/div>\n<div class=\"legalnotice\" title=\"Note L\u00e9gale\">\n<p> Cette illustration est mise \u00e0 disposition selon les termes de la Licence Creative Commons Attribution &#8211; Pas d&rsquo;Utilisation Commerciale &#8211; Partage dans les m\u00eames conditions 4.0 International.<span class=\"inlinemediaobject\"><br \/>\n<img decoding=\"async\" class=\"ccimage\" src=\"\/documents\/images\/PetitesQuestionsDePhysiologie\/2019\/media\/images\/00_licence.png\" width=\"50\"\/> <\/span> <\/p>\n<\/div>\n<\/figure>\n<p><\/p>\n<figure id=\"d0e5169\"\nclass=\"img\"\ntitle=\"Figure\u00a012.\u00a0Poumon d'Araign\u00e9e en coupe longitudinale (Collection de l'ENS de&#xA;Lyon)\"><\/p>\n<div class=\"figure\">\n<figure style=\"width: 300px\" class=\"wp-caption alignnone\"><a rel=\"lightbox\" href=\"\/documents\/images\/PetitesQuestionsDePhysiologie\/2019\/media\/images\/15_figure_12.jpg\"><img decoding=\"async\" src=\"\/documents\/images\/PetitesQuestionsDePhysiologie\/2019\/media\/images\/15_figure_12.jpg\" width=\"300\" \" alt=\"Poumon d'Araign\u00e9e en coupe longitudinale (Collection de l'ENS de Lyon)\" class=\"size-medium\" \/><figcaption class=\"wp-caption-text\">Figure\u00a012.\u00a0Poumon d&rsquo;Araign\u00e9e en coupe longitudinale (Collection de l&rsquo;ENS de Lyon)  <\/a><\/figcaption><\/figure>\n<\/div>\n<div class=\"copyright\">\n<p>Copyright : 2019 &#8211; \u00c9milie Bresson&nbsp;; \u00c9lysa Chavarin&nbsp;; Charlotte D\u00e9cline Emonot&nbsp;; C\u00e9line Dugat&nbsp;; Sandrine Heusser<\/p>\n<\/div>\n<div class=\"legalnotice\" title=\"Note L\u00e9gale\">\n<p> Cette illustration est mise \u00e0 disposition selon les termes de la Licence Creative Commons Attribution &#8211; Pas d&rsquo;Utilisation Commerciale &#8211; Partage dans les m\u00eames conditions 4.0 International.<span class=\"inlinemediaobject\"><br \/>\n<img decoding=\"async\" class=\"ccimage\" src=\"\/documents\/images\/PetitesQuestionsDePhysiologie\/2019\/media\/images\/00_licence.png\" width=\"50\"\/> <\/span> <\/p>\n<\/div>\n<\/figure>\n<p><\/p>\n<p>Les poumons sont g\u00e9n\u00e9ralement des organes pairs, localis\u00e9s dans l&rsquo;opisthosome.<\/p>\n<p>Chacun communique avec le milieu ext\u00e9rieur par l&rsquo;interm\u00e9diaire d&rsquo;un stigmate ouvert sur une chambre appel\u00e9e atrium. Elle est bord\u00e9e d&rsquo;un \u00e9pith\u00e9lium simple surmont\u00e9 d&rsquo;une cuticule h\u00e9riss\u00e9e de reliefs maintenant l&rsquo;atrium b\u00e9ant et filtrant l&rsquo;air qui y p\u00e9n\u00e8tre par le stigmate. L&rsquo;\u00e9pith\u00e9lium et sa cuticule sont en continuit\u00e9 avec le t\u00e9gument, indiquant que les poumons sont des invaginations t\u00e9gumentaires.<\/p>\n<p>Les poumons sont form\u00e9s de lamelles, ou feuillets, juxtapos\u00e9es et sont en cons\u00e9quence qualifi\u00e9s de lamellaires.<\/p>\n<figure id=\"d0e5207\"\nclass=\"img\"\ntitle=\"Figure\u00a013.\u00a0Poumon d'Araign\u00e9e en coupe longitudinale (Collection de l'ENS de&#xA;Lyon)\"><\/p>\n<div class=\"figure\">\n<figure style=\"width: 300px\" class=\"wp-caption alignnone\"><a rel=\"lightbox\" href=\"\/documents\/images\/PetitesQuestionsDePhysiologie\/2019\/media\/images\/15_figure_13.jpg\"><img decoding=\"async\" src=\"\/documents\/images\/PetitesQuestionsDePhysiologie\/2019\/media\/images\/15_figure_13.jpg\" width=\"300\" \" alt=\"Poumon d'Araign\u00e9e en coupe longitudinale (Collection de l'ENS de Lyon)\" class=\"size-medium\" \/><figcaption class=\"wp-caption-text\">Figure\u00a013.\u00a0Poumon d&rsquo;Araign\u00e9e en coupe longitudinale (Collection de l&rsquo;ENS de Lyon)  <\/a><\/figcaption><\/figure>\n<\/div>\n<div class=\"copyright\">\n<p>Copyright : 2019 &#8211; \u00c9milie Bresson&nbsp;; \u00c9lysa Chavarin&nbsp;; Charlotte D\u00e9cline Emonot&nbsp;; C\u00e9line Dugat&nbsp;; Sandrine Heusser<\/p>\n<\/div>\n<div class=\"legalnotice\" title=\"Note L\u00e9gale\">\n<p> Cette illustration est mise \u00e0 disposition selon les termes de la Licence Creative Commons Attribution &#8211; Pas d&rsquo;Utilisation Commerciale &#8211; Partage dans les m\u00eames conditions 4.0 International.<span class=\"inlinemediaobject\"><br \/>\n<img decoding=\"async\" class=\"ccimage\" src=\"\/documents\/images\/PetitesQuestionsDePhysiologie\/2019\/media\/images\/00_licence.png\" width=\"50\"\/> <\/span> <\/p>\n<\/div>\n<\/figure>\n<p><\/p>\n<p>Les lamelles pulmonaires sont des replis de la paroi de l&rsquo;atrium. Elles sont d\u00e9limit\u00e9es par un \u00e9pith\u00e9lium simple et pavimenteux recouvert d&rsquo;une fine cuticule.<br \/>\nLes \u00e9pith\u00e9liums des lamelles sont maintenus \u00e9cart\u00e9s par des cellules de soutien appel\u00e9es cellules pilier. Les lacunes ainsi m\u00e9nag\u00e9es contiennent de l&rsquo;h\u00e9molymphe circulante.<br \/>\nLes espaces interlamellaires contiennent de l&rsquo;air. Leur collapsus est \u00e9vit\u00e9 gr\u00e2ce aux reliefs de la cuticule. Les \u00e9changes de gaz respiratoires sont r\u00e9alis\u00e9s entre l&rsquo;air et l&rsquo;h\u00e9molymphe.<\/p>\n<p>Dans un tel organe, l&rsquo;h\u00e9molymphe des lacunes des lamelles et l&rsquo;air des espaces interlamellaires sont s\u00e9par\u00e9s par un \u00e9pith\u00e9lium et la cuticule qui le surmonte. En l&rsquo;occurrence, l&rsquo;un est l&rsquo;autre sont d&rsquo;\u00e9paisseurs r\u00e9duites, la distance s\u00e9parant l&rsquo;h\u00e9molymphe de l&rsquo;air est ainsi tr\u00e8s faible. Les \u00e9changes de gaz respiratoires par diffusion en sont facilit\u00e9s.<\/p>\n<p>Par ailleurs, les nombreux replis de l&rsquo;\u00e9pith\u00e9lium \u00e0 l&rsquo;origine des lamelles ont pour cons\u00e9quence le d\u00e9veloppement d&rsquo;une surface d&rsquo;\u00e9changes importante favorisant de m\u00eame les \u00e9changes de gaz.<\/p>\n<p>Le dioxyg\u00e8ne diffuse de l&rsquo;air des poumons vers l&rsquo;h\u00e9molymphe qui circule dans l&rsquo;organisme et assure sa distribution. L&rsquo;h\u00e9molymphe enrichie en dioxyg\u00e8ne est remplac\u00e9e par de l&rsquo;h\u00e9molymphe pauvre en dioxyg\u00e8ne du fait de la circulation. Ce processus maintient la pression partielle de dioxyg\u00e8ne dans le milieu int\u00e9rieur au contact de l&rsquo;\u00e9changeur \u00e0 un niveau bas, contribuant ainsi au maintien du gradient de pression partielle de ce gaz.<br \/>\nLe renouvellement du dioxyg\u00e8ne de l&rsquo;air du poumon est r\u00e9alis\u00e9 par diffusion comme dans le cas des trach\u00e9es des Insectes, ou par ventilation bidirectionnelle. Les mouvements cardiaques en sont notamment responsables, g\u00e9n\u00e9rant alternativement des surpressions et des d\u00e9pressions dans les poumons.<\/p>\n<\/section>\n<p> &nbsp; <\/p>\n<footer>\n<hr \/>\n<table style=\"width: 100%; \">\n<tr>\n<td style=\"width: 40%; text-align: left; \">\n<a href=\"\/codex\/petites-questions-de-physiologie\/petites-questions-de-physiologie-animale-2019-ouvrage\/les-echanges-gazeux-respiratoires-des-euarthropodes-en-milieu-aquatique\" title=\"Les \u00e9changes gazeux respiratoires des Euarthropodes en milieu aquatique\">Pr\u00e9c\u00e9dent<\/a>\u00a0<\/td>\n<td style=\"width: 20%; text-align: center; \">\n<a href=\"\/codex\/petites-questions-de-physiologie\/petites-questions-de-physiologie-animale-2019-ouvrage\/les-echanges-gazeux-respiratoires-des-euarthropodes-introduction\" title=\"Les \u00e9changes gazeux respiratoires des Euarthropodes\u00a0: introduction\">Niveau sup\u00e9rieur<\/a>\n<\/td>\n<td style=\"width: 40%; text-align: right; \">\u00a0<a href=\"\/codex\/petites-questions-de-physiologie\/petites-questions-de-physiologie-animale-2019-ouvrage\/les-echanges-gazeux-respiratoires-des-euarthropodes-conclusion\" title=\"Les \u00e9changes gazeux respiratoires des Euarthropodes\u00a0: conclusion\">Suivant<\/a>\n<\/td>\n<\/tr>\n<tr>\n<td style=\"width: 40%; text-align: left; vertical-align: top; \">Les \u00e9changes gazeux respiratoires des Euarthropodes en milieu aquatique \u00a0<\/td>\n<td style=\"width: 20%; text-align: center; \">\n<a href=\"\/codex\/petites-questions-de-physiologie\/petites-questions-de-physiologie-animale-2019-ouvrage\" title=\"Petites questions de physiologie animale 2019 : ouvrage\">Sommaire<\/a>\n<\/td>\n<td style=\"width: 40%; text-align: right; vertical-align: top; \">\u00a0Conclusion<\/td>\n<\/tr>\n<\/table>\n<\/footer>\n","protected":false},"excerpt":{"rendered":"<p>Les \u00e9changes gazeux respiratoires des Euarthropodes en milieu a\u00e9rien Pr\u00e9c\u00e9dent\u00a0 Les \u00e9changes gazeux respiratoires des Euarthropodes Suivant Les trach\u00e9es, des expansions t\u00e9gumentaires internes r\u00e9alisant des \u00e9changes de gaz respiratoires entre air et cellules Les Hexapodes comme le Criquet sont des Euarthropodes \u00e9voluant en milieu a\u00e9rien. Comment est organis\u00e9 leur appareil respiratoire ? Copyright : 2019 [&hellip;]<\/p>\n","protected":false},"author":2,"featured_media":0,"parent":13169,"menu_order":34,"comment_status":"closed","ping_status":"closed","template":"","meta":{"site-sidebar-layout":"default","site-content-layout":"","ast-site-content-layout":"default","site-content-style":"default","site-sidebar-style":"default","ast-global-header-display":"","ast-banner-title-visibility":"","ast-main-header-display":"","ast-hfb-above-header-display":"","ast-hfb-below-header-display":"","ast-hfb-mobile-header-display":"","site-post-title":"","ast-breadcrumbs-content":"","ast-featured-img":"","footer-sml-layout":"","ast-disable-related-posts":"","theme-transparent-header-meta":"","adv-header-id-meta":"","stick-header-meta":"","header-above-stick-meta":"","header-main-stick-meta":"","header-below-stick-meta":"","astra-migrate-meta-layouts":"default","ast-page-background-enabled":"default","ast-page-background-meta":{"desktop":{"background-color":"var(--ast-global-color-4)","background-image":"","background-repeat":"repeat","background-position":"center center","background-size":"auto","background-attachment":"scroll","background-type":"","background-media":"","overlay-type":"","overlay-color":"","overlay-opacity":"","overlay-gradient":""},"tablet":{"background-color":"","background-image":"","background-repeat":"repeat","background-position":"center center","background-size":"auto","background-attachment":"scroll","background-type":"","background-media":"","overlay-type":"","overlay-color":"","overlay-opacity":"","overlay-gradient":""},"mobile":{"background-color":"","background-image":"","background-repeat":"repeat","background-position":"center center","background-size":"auto","background-attachment":"scroll","background-type":"","background-media":"","overlay-type":"","overlay-color":"","overlay-opacity":"","overlay-gradient":""}},"ast-content-background-meta":{"desktop":{"background-color":"var(--ast-global-color-5)","background-image":"","background-repeat":"repeat","background-position":"center center","background-size":"auto","background-attachment":"scroll","background-type":"","background-media":"","overlay-type":"","overlay-color":"","overlay-opacity":"","overlay-gradient":""},"tablet":{"background-color":"var(--ast-global-color-5)","background-image":"","background-repeat":"repeat","background-position":"center center","background-size":"auto","background-attachment":"scroll","background-type":"","background-media":"","overlay-type":"","overlay-color":"","overlay-opacity":"","overlay-gradient":""},"mobile":{"background-color":"var(--ast-global-color-5)","background-image":"","background-repeat":"repeat","background-position":"center center","background-size":"auto","background-attachment":"scroll","background-type":"","background-media":"","overlay-type":"","overlay-color":"","overlay-opacity":"","overlay-gradient":""}},"footnotes":""},"class_list":["post-13713","page","type-page","status-publish","hentry"],"aioseo_notices":[],"jetpack_sharing_enabled":true,"_links":{"self":[{"href":"https:\/\/codexvirtualis.fr\/codex\/wp-json\/wp\/v2\/pages\/13713","targetHints":{"allow":["GET"]}}],"collection":[{"href":"https:\/\/codexvirtualis.fr\/codex\/wp-json\/wp\/v2\/pages"}],"about":[{"href":"https:\/\/codexvirtualis.fr\/codex\/wp-json\/wp\/v2\/types\/page"}],"author":[{"embeddable":true,"href":"https:\/\/codexvirtualis.fr\/codex\/wp-json\/wp\/v2\/users\/2"}],"replies":[{"embeddable":true,"href":"https:\/\/codexvirtualis.fr\/codex\/wp-json\/wp\/v2\/comments?post=13713"}],"version-history":[{"count":8,"href":"https:\/\/codexvirtualis.fr\/codex\/wp-json\/wp\/v2\/pages\/13713\/revisions"}],"predecessor-version":[{"id":14037,"href":"https:\/\/codexvirtualis.fr\/codex\/wp-json\/wp\/v2\/pages\/13713\/revisions\/14037"}],"up":[{"embeddable":true,"href":"https:\/\/codexvirtualis.fr\/codex\/wp-json\/wp\/v2\/pages\/13169"}],"wp:attachment":[{"href":"https:\/\/codexvirtualis.fr\/codex\/wp-json\/wp\/v2\/media?parent=13713"}],"curies":[{"name":"wp","href":"https:\/\/api.w.org\/{rel}","templated":true}]}}