{"id":13699,"date":"2021-07-12T20:58:36","date_gmt":"2021-07-12T18:58:36","guid":{"rendered":"https:\/\/codexvirtualis.fr\/codex\/?page_id=13699"},"modified":"2021-08-01T12:35:56","modified_gmt":"2021-08-01T10:35:56","slug":"les-echanges-gazeux-respiratoires-des-euarthropodes-en-milieu-aquatique","status":"publish","type":"page","link":"https:\/\/codexvirtualis.fr\/codex\/petites-questions-de-physiologie\/petites-questions-de-physiologie-animale-2019-ouvrage\/les-echanges-gazeux-respiratoires-des-euarthropodes-en-milieu-aquatique","title":{"rendered":"Les \u00e9changes gazeux respiratoires des Euarthropodes en milieu aquatique"},"content":{"rendered":"<header>\n<table style=\"width: 100%; \">\n<tr>\n<th style=\"text-align: center; \" colspan=\"3\">Les \u00e9changes gazeux respiratoires des Euarthropodes en milieu aquatique <\/th>\n<\/tr>\n<tr>\n<td style=\"width: 20%; text-align: left; \">\n<a href=\"\/codex\/petites-questions-de-physiologie\/petites-questions-de-physiologie-animale-2019-ouvrage\/les-echanges-gazeux-respiratoires-des-euarthropodes-introduction\" title=\"Les \u00e9changes gazeux respiratoires des Euarthropodes\u00a0: introduction\">Pr\u00e9c\u00e9dent<\/a><\/td>\n<th style=\"width: 60%; text-align: center; \">Les \u00e9changes gazeux respiratoires des Euarthropodes<\/th>\n<td style=\"width: 20%; text-align: right; \"> <a href=\"\/codex\/petites-questions-de-physiologie\/petites-questions-de-physiologie-animale-2019-ouvrage\/les-echanges-gazeux-respiratoires-des-euarthropodes-en-milieu-aerien\" title=\"Les \u00e9changes gazeux respiratoires des Euarthropodes en milieu a\u00e9rien\">Suivant<\/a>\n<\/td>\n<\/tr>\n<\/table>\n<hr \/>\n<\/header>\n<section class=\"sect1\" id=\"d0e4687\">\n<p> &nbsp; <\/p>\n<p>Parmi les Euarthropodes aquatiques figurent les Malacostrac\u00e9s dont le Crabe vert et l&rsquo;\u00c9crevisse sont des exemples.<\/p>\n<p>Les organes et les modalit\u00e9s des \u00e9changes de gaz respiratoires en milieu aquatique peuvent \u00eatre d\u00e9crits pour ces esp\u00e8ces.<\/p>\n<\/section>\n<section class=\"sect2\" id=\"d0e4696\">\n<h3 class=\"title\">Les branchies, des expansions t\u00e9gumentaires lat\u00e9rales r\u00e9alisant les \u00e9changes gazeux respiratoires<\/h3>\n<figure id=\"d0e4699\"\nclass=\"img\"\ntitle=\"Figure\u00a03.\u00a0Anatomie du Crabe vert en vue dorsale\"><\/p>\n<div class=\"figure\">\n<figure style=\"width: 300px\" class=\"wp-caption alignnone\"><a rel=\"lightbox\" href=\"\/documents\/images\/PetitesQuestionsDePhysiologie\/2019\/media\/images\/15_figure_03.jpg\"><img decoding=\"async\" src=\"\/documents\/images\/PetitesQuestionsDePhysiologie\/2019\/media\/images\/15_figure_03.jpg\" width=\"300\" \" alt=\"Anatomie du Crabe vert en vue dorsale\" class=\"size-medium\" \/><figcaption class=\"wp-caption-text\">Figure\u00a03.\u00a0Anatomie du Crabe vert en vue dorsale  <\/a><\/figcaption><\/figure>\n<\/div>\n<div class=\"copyright\">\n<p>Copyright : 2019 &#8211; \u00c9milie Bresson&nbsp;; \u00c9lysa Chavarin&nbsp;; Charlotte D\u00e9cline Emonot&nbsp;; C\u00e9line Dugat&nbsp;; Sandrine Heusser<\/p>\n<\/div>\n<div class=\"legalnotice\" title=\"Note L\u00e9gale\">\n<p> Cette illustration est mise \u00e0 disposition selon les termes de la Licence Creative Commons Attribution &#8211; Pas d&rsquo;Utilisation Commerciale &#8211; Partage dans les m\u00eames conditions 4.0 International.<span class=\"inlinemediaobject\"><br \/>\n<img decoding=\"async\" class=\"ccimage\" src=\"\/documents\/images\/PetitesQuestionsDePhysiologie\/2019\/media\/images\/00_licence.png\" width=\"50\"\/> <\/span> <\/p>\n<\/div>\n<\/figure>\n<p><\/p>\n<p>Le Crabe vert poss\u00e8de deux cavit\u00e9s branchiales lat\u00e9rales, situ\u00e9es de part et d&rsquo;autre du c\u00e9phalothorax \u00e0 l&rsquo;ext\u00e9rieur des parois corporelles lat\u00e9rales, les pleurites. Elles sont d\u00e9limit\u00e9es par des expansions lat\u00e9rales du t\u00e9gument dorsal, les branchiost\u00e9gites. Ventralement, les branchiost\u00e9gites sont soud\u00e9s au t\u00e9gument mais des orifices sont m\u00e9nag\u00e9s \u00e0 la base des pattes ant\u00e9rieures.<\/p>\n<p>Dans chaque cavit\u00e9 branchiale neuf branchies sont pr\u00e9sentes, ins\u00e9r\u00e9es ventralement sur le pleurite, les membranes articulaires ou les pattes. Elles sont respectivement appel\u00e9es pleurobranchies, arthrobranchies et podobranchies. Leur extr\u00e9mit\u00e9 libre, dorsale, est effil\u00e9e.<\/p>\n<p>Les branchies comportent un axe portant deux rang\u00e9es de lamelles lat\u00e9rales.<\/p>\n<figure id=\"d0e4737\"\nclass=\"img\"\ntitle=\"Figure\u00a04.\u00a0Branchie de Crabe vert en coupe transversale (Collection de l'Universit\u00e9 Jean&#xA;Monnet)\"><\/p>\n<div class=\"figure\">\n<figure style=\"width: 300px\" class=\"wp-caption alignnone\"><a rel=\"lightbox\" href=\"\/documents\/images\/PetitesQuestionsDePhysiologie\/2019\/media\/images\/15_figure_04.jpg\"><img decoding=\"async\" src=\"\/documents\/images\/PetitesQuestionsDePhysiologie\/2019\/media\/images\/15_figure_04.jpg\" width=\"300\" \" alt=\"Branchie de Crabe vert en coupe transversale (Collection de l'Universit\u00e9 Jean Monnet)\" class=\"size-medium\" \/><figcaption class=\"wp-caption-text\">Figure\u00a04.\u00a0Branchie de Crabe vert en coupe transversale (Collection de l&rsquo;Universit\u00e9 Jean Monnet)  <\/a><\/figcaption><\/figure>\n<\/div>\n<div class=\"copyright\">\n<p>Copyright : 2019 &#8211; \u00c9milie Bresson&nbsp;; \u00c9lysa Chavarin&nbsp;; Charlotte D\u00e9cline Emonot&nbsp;; C\u00e9line Dugat&nbsp;; Sandrine Heusser<\/p>\n<\/div>\n<div class=\"legalnotice\" title=\"Note L\u00e9gale\">\n<p> Cette illustration est mise \u00e0 disposition selon les termes de la Licence Creative Commons Attribution &#8211; Pas d&rsquo;Utilisation Commerciale &#8211; Partage dans les m\u00eames conditions 4.0 International.<span class=\"inlinemediaobject\"><br \/>\n<img decoding=\"async\" class=\"ccimage\" src=\"\/documents\/images\/PetitesQuestionsDePhysiologie\/2019\/media\/images\/00_licence.png\" width=\"50\"\/> <\/span> <\/p>\n<\/div>\n<\/figure>\n<p><\/p>\n<p>Sur l&rsquo;axe de la branchie, appel\u00e9 raph\u00e9, de multiples lamelles plates sont ins\u00e9r\u00e9es de chaque c\u00f4t\u00e9.<br \/>\nParall\u00e8les et peu \u00e9paisses, elles sont d\u00e9limit\u00e9es par une fine paroi constitu\u00e9e d&rsquo;un \u00e9pith\u00e9lium simple et cubique surmont\u00e9 d&rsquo;une cuticule. Il s&rsquo;agit d&rsquo;expansions repli\u00e9es du t\u00e9gument, dont la cuticule est devenue tr\u00e8s fine. Leur extr\u00e9mit\u00e9 est l\u00e9g\u00e8rement renfl\u00e9e et abrite un canal marginal. L&rsquo;espace situ\u00e9 entre les deux \u00e9pith\u00e9liums contient de l&rsquo;h\u00e9molymphe, liquide extracellulaire circulant.<\/p>\n<p>En relation avec la pr\u00e9sence de lamelles plates port\u00e9es par un axe, les branchies du Crabe vert sont appel\u00e9es phyllobranchies.<\/p>\n<figure id=\"d0e4773\"\nclass=\"img\"\ntitle=\"Figure\u00a05.\u00a0Branchie d'\u00c9crevisse en coupe longitudinale (Collection de l'Universit\u00e9 Jean&#xA; Monnet)\"><\/p>\n<div class=\"figure\">\n<figure style=\"width: 300px\" class=\"wp-caption alignnone\"><a rel=\"lightbox\" href=\"\/documents\/images\/PetitesQuestionsDePhysiologie\/2019\/media\/images\/15_figure_05.jpg\"><img decoding=\"async\" src=\"\/documents\/images\/PetitesQuestionsDePhysiologie\/2019\/media\/images\/15_figure_05.jpg\" width=\"300\" \" alt=\"Branchie d'\u00c9crevisse en coupe longitudinale (Collection de l'Universit\u00e9 Jean Monnet)\" class=\"size-medium\" \/><figcaption class=\"wp-caption-text\">Figure\u00a05.\u00a0Branchie d&rsquo;\u00c9crevisse en coupe longitudinale (Collection de l&rsquo;Universit\u00e9 Jean Monnet)  <\/a><\/figcaption><\/figure> <\/p>\n<div class=\"copyright\">\n<p>Copyright : 2019 &#8211; \u00c9milie Bresson&nbsp;; \u00c9lysa Chavarin&nbsp;; Charlotte D\u00e9cline Emonot&nbsp;; C\u00e9line Dugat&nbsp;; Sandrine Heusser<\/p>\n<\/div>\n<div class=\"legalnotice\" title=\"Note L\u00e9gale\">\n<p> Cette illustration est mise \u00e0 disposition selon les termes de la Licence Creative Commons Attribution &#8211; Pas d&rsquo;Utilisation Commerciale &#8211; Partage dans les m\u00eames conditions 4.0 International.<span class=\"inlinemediaobject\"><br \/>\n<img decoding=\"async\" class=\"ccimage\" src=\"\/documents\/images\/PetitesQuestionsDePhysiologie\/2019\/media\/images\/00_licence.png\" width=\"50\"\/> <\/span> <\/p>\n<\/div>\n<\/div>\n<\/figure>\n<p><\/p>\n<p>De m\u00eame que le Crabe vert, l&rsquo;\u00c9crevisse poss\u00e8de des branchies lat\u00e9rales log\u00e9es dans des cavit\u00e9s branchiales prot\u00e9g\u00e9es par des branchiost\u00e9gites. <\/p>\n<p>Elles sont form\u00e9es de filaments port\u00e9s par un axe. Leur paroi est fine, constitu\u00e9e d&rsquo;un \u00e9pith\u00e9lium simple et cubique surmont\u00e9 d&rsquo;une cuticule peu \u00e9paisse. Elles contiennent une lacune dans laquelle circule l&rsquo;h\u00e9molymphe, s\u00e9par\u00e9e en deux compartiments par une cloison longitudinale.<\/p>\n<p>En raison de la pr\u00e9sence de filaments ins\u00e9r\u00e9s sur un axe, les branchies de l&rsquo;\u00c9crevisse sont appel\u00e9es trichobranchies.<\/p>\n<p>&nbsp;<\/p>\n<p>Finalement les organes respiratoires des Malacostrac\u00e9s, et plus g\u00e9n\u00e9ralement des Euarthropodes aquatiques, sont des branchies, expansions t\u00e9gumentaires de faible \u00e9paisseur en forme de lamelles ou de filaments.<br \/>\nEn raison de leur nombre \u00e9lev\u00e9, la surface de contact des branchies avec l&rsquo;eau contenue dans la cavit\u00e9 branchiale est grande.<br \/>\nCes expansions sont soutenues par l&rsquo;eau environnante, \u00e0 l&rsquo;origine d&rsquo;une pouss\u00e9e d&rsquo;Archim\u00e8de importante li\u00e9e \u00e0 sa densit\u00e9.<br \/>\nFragiles du fait de leur faible \u00e9paisseur, elles sont par ailleurs prot\u00e9g\u00e9es par les expansions du t\u00e9gument d\u00e9limitant les cavit\u00e9s branchiales.<\/p>\n<p>Au c\u0153ur des lamelles et des filaments branchiaux des lacunes contenant de l&rsquo;h\u00e9molymphe, liquide extracellulaire circulant des Euarthropodes, sont pr\u00e9sentes.<\/p>\n<p>L&rsquo;\u00e9changeur des gaz respiratoires est repr\u00e9sent\u00e9 par l&rsquo;\u00e9pith\u00e9lium et la cuticule s\u00e9parant le milieu ext\u00e9rieur du milieu int\u00e9rieur. Son \u00e9paisseur est de l&rsquo;ordre de 10\u00b5m. Il est travers\u00e9 par le dioxyg\u00e8ne, dans le sens milieu vers h\u00e9molymphe et par le dioxyde de carbone en sens inverse.<\/p>\n<\/section>\n<section class=\"sect2\" id=\"d0e4817\">\n<h3 class=\"title\">La ventilation et la circulation, renouvellements des milieux ext\u00e9rieur et int\u00e9rieur des branchies <\/h3>\n<figure id=\"d0e4820\" class=\"video\" title=\"Figure\u00a06.\u00a0Voir la vid\u00e9o &#34;Ventilation du Crabe vert&#34;\">\n<div class=\"figure\"><figcaption>\n<span class=\"headerCaption\">Figure 6. Ventilation du Crabe vert<\/span><\/p>\n<p>\u00c9couter\/Voir la vid\u00e9o<br \/>\n<a class=\"link\" href=\"\/documents\/images\/PetitesQuestionsDePhysiologie\/2019\/media\/videos\/15_video_01.mp4\" target=\"_top\" rel=\"noopener\">au format .mp4<\/a><br \/>\n<a class=\"link\" href=\"\/documents\/images\/PetitesQuestionsDePhysiologie\/2019\/media\/videos\/15_video_01.webm\" target=\"_top\" rel=\"noopener\">au format .webm<\/a><\/p>\n<\/figcaption><video controls=\"controls\" \nposter=\"\/documents\/images\/PetitesQuestionsDePhysiologie\/2019\/media\/images\/15_figure_06.jpg\"\nwidth=\"300\"\nalt=\"Voir la vid\u00e9o &#34;Ventilation du Crabe vert&#34;\"><source src=\"\/documents\/images\/PetitesQuestionsDePhysiologie\/2019\/media\/videos\/15_video_01.mp4\"\/><source src=\"\/documents\/images\/PetitesQuestionsDePhysiologie\/2019\/media\/videos\/15_video_01.webm\"\/><\/video>\n<\/div>\n<div>\n<p class=\"copyright\"> Copyright 2019 &#8211; \u00c9milie Bresson ; \u00c9lysa Chavarin ; Charlotte D\u00e9cline Emonot ; C\u00e9line Dugat<\/p>\n<\/div>\n<div class=\"legalnotice\" title=\"Note L\u00e9gale\">\n<p> Cette illustration est mise \u00e0 disposition selon les termes de la Licence Creative Commons Attribution &#8211; Pas d&rsquo;Utilisation Commerciale &#8211; Partage dans les m\u00eames conditions 4.0 International.<span class=\"inlinemediaobject\"><br \/>\n<img decoding=\"async\" class=\"ccimage\" src=\"\/documents\/images\/PetitesQuestionsDePhysiologie\/2019\/media\/images\/00_licence.png\" width=\"50\"\/> <\/span> <\/p>\n<\/div>\n<\/figure>\n<p><\/p>\n<p>Le d\u00e9p\u00f4t de bleu de m\u00e9thyl\u00e8ne au niveau des orifices des cavit\u00e9s branchiales du Crabe vert, situ\u00e9s \u00e0 la base des pattes ant\u00e9rieures ventralement, conduit \u00e0 une expulsion de bleu de m\u00e9thyl\u00e8ne par le cadre buccal.<\/p>\n<p>Le flux de bleu de m\u00e9thyl\u00e8ne r\u00e9v\u00e8le l&rsquo;existence d&rsquo;une circulation d&rsquo;eau dans la cavit\u00e9 branchiale, avec une entr\u00e9e par les orifices ventraux et une sortie par le cadre buccal. Elle permet le renouvellement de l&rsquo;eau de la cavit\u00e9 branchiale et porte le nom de ventilation.<\/p>\n<p>La ventilation renouvelle l&rsquo;eau baignant les branchies.<br \/>\nL&rsquo;eau entrant apporte du dioxyg\u00e8ne dissous alors que l&rsquo;eau de la cavit\u00e9 branchiale est appauvrie en dioxyg\u00e8ne du fait de son absorption.<br \/>\nL&rsquo;eau sortant est inversement enrichie en dioxyde de carbone rejet\u00e9 par l&rsquo;organisme, qui se trouve ainsi \u00e9vacu\u00e9. <\/p>\n<p>La ventilation est due aux battements des scaphognathites dans les cavit\u00e9s branchiales. Ce sont des expansions lamelleuses d&rsquo;appendices buccaux, les maxilles.<\/p>\n<p>Dans les cavit\u00e9s branchiales, l\u2019eau effectue un circuit simple. La viscosit\u00e9 de l&rsquo;eau \u00e9tant importante, le co\u00fbt \u00e9nerg\u00e9tique de sa mise en mouvement est \u00e9lev\u00e9. Dans ces conditions, une circulation selon un sens unique est plus \u00e9conome en \u00e9nergie qu&rsquo;une circulation en deux sens. La ventilation est qualifi\u00e9e d&rsquo;unidirectionnelle.<\/p>\n<p>Le Crabe vert vit dans la zone intertidale, soumise aux mar\u00e9es.<br \/>\nLorsqu&rsquo;il est \u00e9merg\u00e9, il conserve de l\u2019eau dans ses cavit\u00e9s branchiales, notamment entre les lamelles, \u00e9vitant ainsi leur collapsus et la dessiccation. La ventilation est maintenue, mais les battements des scaphognathites sont invers\u00e9s : leurs mouvements font barboter l&rsquo;air du cadre buccal dans l&rsquo;eau des cavit\u00e9s branchiales, assurant ainsi le renouvellement du dioxyg\u00e8ne.<\/p>\n<p>L&rsquo;eau du milieu ext\u00e9rieur circule dans les cavit\u00e9s branchiales autour des lamelles. Parall\u00e8lement, l&rsquo;h\u00e9molymphe circule dans les lamelles. Elle prend en charge le dioxyg\u00e8ne et le distribue dans l&rsquo;organisme d&rsquo;une part, et apporte le dioxyde de carbone produit par les cellules d&rsquo;autre part.<\/p>\n<p>Dans les branchies du Crabe vert, la circulation de l\u2019h\u00e9molymphe dans les lamelles est r\u00e9alis\u00e9e parall\u00e8lement \u00e0 celle de l&rsquo;eau dans la cavit\u00e9 branchiale, selon un dispositif dit \u00e0 contre-courant. L\u2019h\u00e9molymphe arrivant dans la lamelle contient peu de dioxyg\u00e8ne et rencontre une eau moyennement oxyg\u00e9n\u00e9e en raison du transfert de dioxyg\u00e8ne vers l&rsquo;h\u00e9molymphe effectu\u00e9 en amont. Un transfert de dioxyg\u00e8ne est tout de m\u00eame possible de l&rsquo;eau \u00e0 l&rsquo;h\u00e9molymphe. En aval, l&rsquo;h\u00e9molymphe plus riche en dioxyg\u00e8ne rencontre une eau plus oxyg\u00e9n\u00e9e, le transfert de dioxyg\u00e8ne est encore possible. Un tel dispositif autorise des \u00e9changes gazeux sur toute la longueur de l&rsquo;\u00e9changeur et accro\u00eet ainsi l&rsquo;extraction du dioxyg\u00e8ne du milieu ext\u00e9rieur vers le milieu int\u00e9rieur par rapport \u00e0 un dispositif \u00e0 co-courant.<\/p>\n<p>Quel est le m\u00e9canisme physique impliqu\u00e9 dans les \u00e9changes  branchiaux de gaz respiratoires ?<\/p>\n<\/section>\n<section class=\"sect2\" id=\"d0e4906\">\n<h3 class=\"title\">La diffusion, m\u00e9canisme des \u00e9changes gazeux respiratoires<\/h3>\n<p>Les \u00e9changes gazeux respiratoires \u00e0 l\u2019\u00e9chelle de l\u2019organisme sont r\u00e9alis\u00e9s par un \u00e9changeur situ\u00e9 \u00e0 l\u2019interface entre le milieu ext\u00e9rieur et le milieu int\u00e9rieur. <\/p>\n<p>Il est travers\u00e9 par le dioxyg\u00e8ne du milieu ext\u00e9rieur vers le milieu int\u00e9rieur qui le distribue, et en sens inverse par le dioxyde de carbone.<\/p>\n<p>Il n&rsquo;existe pas de transporteurs de gaz dans les membranes biologiques.<br \/>\nLes gaz traversent les membranes et les cellules par un m\u00e9canisme de diffusion simple, dans le sens des gradients de pressions partielles, sans consommation d&rsquo;\u00e9nergie. <\/p>\n<p>La diffusion est d\u00e9crite par la loi de Fick. Pour les gaz respiratoires, elle est exprim\u00e9e comme suit :<\/p>\n<p>J<sub>x<\/sub> = K<sub>x<\/sub> . \u0394P<sub>x<\/sub> . S \/ E<\/p>\n<p>avec :<\/p>\n<p>J<sub>x<\/sub> : flux du gaz x en mol.s<sup>-1<\/sup> ;<\/p>\n<p>K<sub>x<\/sub> : constante de diffusion du gaz x en mol.s<sup>-1<\/sup>.m<sup>-1<\/sup>.Pa<sup>-1<\/sup> ;<\/p>\n<p>\u0394P<sub>x<\/sub> : diff\u00e9rence de pression partielle du gaz x de part et d\u2019autre de l\u2019interface en Pa ;<\/p>\n<p>S : aire de la surface d\u2019\u00e9changes en m<sup>2<\/sup> ;<\/p>\n<p>E : \u00e9paisseur de la surface d\u2019\u00e9changes en m.<\/p>\n<p>Il appara\u00eet que le flux de gaz est d\u2019autant plus important que la surface de l&rsquo;\u00e9changeur est grande et que son \u00e9paisseur est faible.<br \/>\nLes branchies des Malacostrac\u00e9s, avec leurs multiples lamelles ou filaments, dont la paroi est r\u00e9duite \u00e0 une fine cuticule et un \u00e9pith\u00e9lium simple et cubique, ont une structure favorable \u00e0 la diffusion des gaz respiratoires. <\/p>\n<p>Le moteur de la diffusion est la diff\u00e9rence de pression partielle du gaz entre les milieux ext\u00e9rieur et int\u00e9rieur. La ventilation, renouvellement du milieu ext\u00e9rieur dans la cavit\u00e9 branchiale, et la circulation, d\u00e9placement du milieu int\u00e9rieur sous l&rsquo;\u00e9changeur, contribuent \u00e0 maintenir le gradient de pression partielle.<br \/>\nPar exemple pour le dioxyg\u00e8ne, la premi\u00e8re est responsable de l&rsquo;apport au niveau de l&rsquo;\u00e9changeur et la seconde de l&rsquo;\u00e9vacuation.<br \/>\nLa circulation \u00e0 contre-courant des milieux ext\u00e9rieur et int\u00e9rieur de part et d&rsquo;autre de l&rsquo;\u00e9changeur a pour cons\u00e9quence le maintien d&rsquo;un gradient de pression partielle faible mais constant sur toute la longueur de l&rsquo;\u00e9changeur, autorisant les \u00e9changes sur tout cette longueur.<\/p>\n<p>Par comparaison, comment sont r\u00e9alis\u00e9s les \u00e9changes de gaz respiratoires chez les Euarthropodes a\u00e9riens&nbsp;?<\/p>\n<p>Quelles sont les cons\u00e9quences des contraintes du milieu a\u00e9rien sur ces \u00e9changes, en relation avec la loi de Fick&nbsp;?<\/p>\n<\/section>\n<p> &nbsp; <\/p>\n<footer>\n<hr \/>\n<table style=\"width: 100%; \">\n<tr>\n<td style=\"width: 40%; text-align: left; \">\n<a href=\"\/codex\/petites-questions-de-physiologie\/petites-questions-de-physiologie-animale-2019-ouvrage\/les-echanges-gazeux-respiratoires-des-euarthropodes-introduction\" title=\"Les \u00e9changes gazeux respiratoires des Euarthropodes\u00a0: introduction\">Pr\u00e9c\u00e9dent<\/a><\/td>\n<td style=\"width: 20%; text-align: center; \">\n<a href=\"\/codex\/petites-questions-de-physiologie\/petites-questions-de-physiologie-animale-2019-ouvrage\/les-echanges-gazeux-respiratoires-des-euarthropodes-introduction\" title=\"Les \u00e9changes gazeux respiratoires des Euarthropodes\u00a0: introduction\">Niveau sup\u00e9rieur<\/a>\n<\/td>\n<td style=\"width: 40%; text-align: right; \"><a href=\"\/codex\/petites-questions-de-physiologie\/petites-questions-de-physiologie-animale-2019-ouvrage\/les-echanges-gazeux-respiratoires-des-euarthropodes-en-milieu-aerien\" title=\"Les \u00e9changes gazeux respiratoires des Euarthropodes en milieu a\u00e9rien\">Suivant<\/a>\n<\/td>\n<\/tr>\n<tr>\n<td style=\"width: 40%; text-align: left; vertical-align: top; \">Les \u00e9changes gazeux respiratoires des Euarthropodes\u00a0<\/td>\n<td style=\"width: 20%; text-align: center; \">\n<a href=\"\/codex\/petites-questions-de-physiologie\/petites-questions-de-physiologie-animale-2019-ouvrage\" title=\"Petites questions de physiologie animale 2019 : ouvrage\">Sommaire<\/a>\n<\/td>\n<td style=\"width: 40%; text-align: right; vertical-align: top; \">\u00a0Les \u00e9changes gazeux respiratoires des Euarthropodes en milieu a\u00e9rien <\/td>\n<\/tr>\n<\/table>\n<\/footer>\n","protected":false},"excerpt":{"rendered":"<p>Les \u00e9changes gazeux respiratoires des Euarthropodes en milieu aquatique Pr\u00e9c\u00e9dent Les \u00e9changes gazeux respiratoires des Euarthropodes Suivant &nbsp; Parmi les Euarthropodes aquatiques figurent les Malacostrac\u00e9s dont le Crabe vert et l&rsquo;\u00c9crevisse sont des exemples. Les organes et les modalit\u00e9s des \u00e9changes de gaz respiratoires en milieu aquatique peuvent \u00eatre d\u00e9crits pour ces esp\u00e8ces. Les branchies, [&hellip;]<\/p>\n","protected":false},"author":2,"featured_media":0,"parent":13169,"menu_order":33,"comment_status":"closed","ping_status":"closed","template":"","meta":{"site-sidebar-layout":"default","site-content-layout":"","ast-site-content-layout":"default","site-content-style":"default","site-sidebar-style":"default","ast-global-header-display":"","ast-banner-title-visibility":"","ast-main-header-display":"","ast-hfb-above-header-display":"","ast-hfb-below-header-display":"","ast-hfb-mobile-header-display":"","site-post-title":"","ast-breadcrumbs-content":"","ast-featured-img":"","footer-sml-layout":"","ast-disable-related-posts":"","theme-transparent-header-meta":"","adv-header-id-meta":"","stick-header-meta":"","header-above-stick-meta":"","header-main-stick-meta":"","header-below-stick-meta":"","astra-migrate-meta-layouts":"default","ast-page-background-enabled":"default","ast-page-background-meta":{"desktop":{"background-color":"var(--ast-global-color-4)","background-image":"","background-repeat":"repeat","background-position":"center center","background-size":"auto","background-attachment":"scroll","background-type":"","background-media":"","overlay-type":"","overlay-color":"","overlay-opacity":"","overlay-gradient":""},"tablet":{"background-color":"","background-image":"","background-repeat":"repeat","background-position":"center center","background-size":"auto","background-attachment":"scroll","background-type":"","background-media":"","overlay-type":"","overlay-color":"","overlay-opacity":"","overlay-gradient":""},"mobile":{"background-color":"","background-image":"","background-repeat":"repeat","background-position":"center center","background-size":"auto","background-attachment":"scroll","background-type":"","background-media":"","overlay-type":"","overlay-color":"","overlay-opacity":"","overlay-gradient":""}},"ast-content-background-meta":{"desktop":{"background-color":"var(--ast-global-color-5)","background-image":"","background-repeat":"repeat","background-position":"center center","background-size":"auto","background-attachment":"scroll","background-type":"","background-media":"","overlay-type":"","overlay-color":"","overlay-opacity":"","overlay-gradient":""},"tablet":{"background-color":"var(--ast-global-color-5)","background-image":"","background-repeat":"repeat","background-position":"center center","background-size":"auto","background-attachment":"scroll","background-type":"","background-media":"","overlay-type":"","overlay-color":"","overlay-opacity":"","overlay-gradient":""},"mobile":{"background-color":"var(--ast-global-color-5)","background-image":"","background-repeat":"repeat","background-position":"center center","background-size":"auto","background-attachment":"scroll","background-type":"","background-media":"","overlay-type":"","overlay-color":"","overlay-opacity":"","overlay-gradient":""}},"footnotes":""},"class_list":["post-13699","page","type-page","status-publish","hentry"],"aioseo_notices":[],"jetpack_sharing_enabled":true,"_links":{"self":[{"href":"https:\/\/codexvirtualis.fr\/codex\/wp-json\/wp\/v2\/pages\/13699","targetHints":{"allow":["GET"]}}],"collection":[{"href":"https:\/\/codexvirtualis.fr\/codex\/wp-json\/wp\/v2\/pages"}],"about":[{"href":"https:\/\/codexvirtualis.fr\/codex\/wp-json\/wp\/v2\/types\/page"}],"author":[{"embeddable":true,"href":"https:\/\/codexvirtualis.fr\/codex\/wp-json\/wp\/v2\/users\/2"}],"replies":[{"embeddable":true,"href":"https:\/\/codexvirtualis.fr\/codex\/wp-json\/wp\/v2\/comments?post=13699"}],"version-history":[{"count":18,"href":"https:\/\/codexvirtualis.fr\/codex\/wp-json\/wp\/v2\/pages\/13699\/revisions"}],"predecessor-version":[{"id":14036,"href":"https:\/\/codexvirtualis.fr\/codex\/wp-json\/wp\/v2\/pages\/13699\/revisions\/14036"}],"up":[{"embeddable":true,"href":"https:\/\/codexvirtualis.fr\/codex\/wp-json\/wp\/v2\/pages\/13169"}],"wp:attachment":[{"href":"https:\/\/codexvirtualis.fr\/codex\/wp-json\/wp\/v2\/media?parent=13699"}],"curies":[{"name":"wp","href":"https:\/\/api.w.org\/{rel}","templated":true}]}}