{"id":13694,"date":"2021-07-12T20:57:09","date_gmt":"2021-07-12T18:57:09","guid":{"rendered":"https:\/\/codexvirtualis.fr\/codex\/?page_id=13694"},"modified":"2021-08-01T12:35:24","modified_gmt":"2021-08-01T10:35:24","slug":"les-echanges-gazeux-respiratoires-des-euarthropodes-introduction","status":"publish","type":"page","link":"https:\/\/codexvirtualis.fr\/codex\/petites-questions-de-physiologie\/petites-questions-de-physiologie-animale-2019-ouvrage\/les-echanges-gazeux-respiratoires-des-euarthropodes-introduction","title":{"rendered":"Les \u00e9changes gazeux respiratoires des Euarthropodes&nbsp;: introduction"},"content":{"rendered":"<header>\n<table style=\"width: 100%; \">\n<tr>\n<th style=\"text-align: center; \" colspan=\"3\">Les \u00e9changes gazeux respiratoires des Euarthropodes<\/th>\n<\/tr>\n<tr>\n<td style=\"width: 20%; text-align: left; \">\n<a href=\"\/codex\/petites-questions-de-physiologie\/petites-questions-de-physiologie-animale-2019-ouvrage\/la-diversite-structurale-et-fonctionnelle-des-epitheliums-digestifs-bibliographie-et-sitographie\" title=\"La diversit\u00e9 structurale et fonctionnelle des \u00e9pith\u00e9liums digestifs : bibliographie et sitographie\">Pr\u00e9c\u00e9dent<\/a><\/td>\n<th style=\"width: 60%; text-align: center; \">\u00a0<\/th>\n<td style=\"width: 20%; text-align: right; \"><a href=\"\/codex\/petites-questions-de-physiologie\/petites-questions-de-physiologie-animale-2019-ouvrage\/les-echanges-gazeux-respiratoires-des-euarthropodes-en-milieu-aquatique\" title=\"Les \u00e9changes gazeux respiratoires des Euarthropodes en milieu aquatique\">Suivant<\/a>\n<\/td>\n<\/tr>\n<\/table>\n<hr \/>\n<\/header>\n<section class=\"article\" id=\"d0e4521\">\n<h2 class=\"title\">Les \u00e9changes gazeux respiratoires des Euarthropodes<\/h2>\n<p><class=\"author\"><br \/>\n<span class=\"firstname\">\u00c9milie<\/span> <span class=\"surname\">Bresson<\/span><br \/>\n<code class=\"email\">&lt;<a class=\"email\" href=\"mailto:emilie.bresson@etu.univ-st-etienne.fr\">emilie.bresson@etu.univ-st-etienne.fr<\/a>&gt;<\/code><br \/>\n<class=\"author\"><br \/>\n<span class=\"firstname\">\u00c9lysa<\/span> <span class=\"surname\">Chavarin<\/span><br \/>\n<code class=\"email\">&lt;<a class=\"email\" href=\"mailto:elysa.chavarin@etu.univ-st-etienne.fr\">elysa.chavarin@etu.univ-st-etienne.fr<\/a>&gt;<\/code><br \/>\n<class=\"author\"><br \/>\n<span class=\"firstname\">Charlotte<\/span> <span class=\"surname\">D\u00e9cline Emonot<\/span><br \/>\n<code class=\"email\">&lt;<a class=\"email\" href=\"mailto:charlotte.decline.emonot@etu.univ-st-etienne.fr\">charlotte.decline.emonot@etu.univ-st-etienne.fr<\/a>&gt;<\/code><br \/>\n<class=\"author\"><br \/>\n<span class=\"firstname\">C\u00e9line<\/span> <span class=\"surname\">Dugat<\/span><br \/>\n<code class=\"email\">&lt;<a class=\"email\" href=\"mailto:celine.dugat@etu.univ-st-etienne.fr\">celine.dugat@etu.univ-st-etienne.fr<\/a>&gt;<\/code><\/p>\n<hr \/>\n<p> &nbsp; <\/p>\n<h3>Table des mati\u00e8res<\/h3>\n<ul class=\"toc\">\n<li>\n<span class=\"sect1\"><a href=\"\/codex\/petites-questions-de-physiologie\/petites-questions-de-physiologie-animale-2019-ouvrage\/les-echanges-gazeux-respiratoires-des-euarthropodes-introduction#d0e4570\" title=\"Les \u00e9changes gazeux respiratoires des Euarthropodes\u00a0: introduction\">Introduction<\/a><\/span>\n<\/li>\n<li>\n<span class=\"sect1\"><a href=\"\/codex\/petites-questions-de-physiologie\/petites-questions-de-physiologie-animale-2019-ouvrage\/les-echanges-gazeux-respiratoires-des-euarthropodes-en-milieu-aquatique\" title=\"Les \u00e9changes gazeux respiratoires des Euarthropodes en milieu aquatique\">Les \u00e9changes gazeux respiratoires des Euarthropodes en milieu aquatique<\/a><\/span><\/p>\n<ul>\n<li>\n<span class=\"sect2\"><a href=\"\/codex\/petites-questions-de-physiologie\/petites-questions-de-physiologie-animale-2019-ouvrage\/les-echanges-gazeux-respiratoires-des-euarthropodes-en-milieu-aquatique#d0e4696\" title=\"Les branchies, des expansions t\u00e9gumentaires lat\u00e9rales r\u00e9alisant les \u00e9changes gazeux respiratoires\">Les branchies, des expansions t\u00e9gumentaires lat\u00e9rales r\u00e9alisant les \u00e9changes gazeux respiratoires<\/a><\/span>\n<\/li>\n<li>\n<span class=\"sect2\"><a href=\"\/codex\/petites-questions-de-physiologie\/petites-questions-de-physiologie-animale-2019-ouvrage\/les-echanges-gazeux-respiratoires-des-euarthropodes-en-milieu-aquatique#d0e4817\" title=\"La ventilation et la circulation, renouvellements des milieux ext\u00e9rieur et int\u00e9rieur des branchies\">La ventilation et la circulation, renouvellements des milieux ext\u00e9rieur et int\u00e9rieur des branchies<\/a><\/span>\n<\/li>\n<li>\n<span class=\"sect2\"><a href=\"\/codex\/petites-questions-de-physiologie\/petites-questions-de-physiologie-animale-2019-ouvrage\/les-echanges-gazeux-respiratoires-des-euarthropodes-en-milieu-aquatique#d0e4906\" title=\"La diffusion, m\u00e9canisme des \u00e9changes gazeux respiratoires\">La diffusion, m\u00e9canisme des \u00e9changes gazeux respiratoires<\/a><\/span>\n<\/li>\n<\/ul>\n<\/li>\n<li>\n<span class=\"sect1\"><a href=\"\/codex\/petites-questions-de-physiologie\/petites-questions-de-physiologie-animale-2019-ouvrage\/les-echanges-gazeux-respiratoires-des-euarthropodes-en-milieu-aerien\" title=\"Les \u00e9changes gazeux respiratoires des Euarthropodes en milieu a\u00e9rien\">Les \u00e9changes gazeux respiratoires des Euarthropodes en milieu a\u00e9rien<\/a><\/span><\/p>\n<ul>\n<li>\n<span class=\"sect2\"><a href=\"\/codex\/petites-questions-de-physiologie\/petites-questions-de-physiologie-animale-2019-ouvrage\/les-echanges-gazeux-respiratoires-des-euarthropodes-en-milieu-aerien#d0e4975\" title=\"Les trach\u00e9es, des expansions t\u00e9gumentaires internes r\u00e9alisant des \u00e9changes de gaz respiratoires entre air et cellules\">Les trach\u00e9es, des expansions t\u00e9gumentaires internes r\u00e9alisant des \u00e9changes de gaz respiratoires entre air et cellules<\/a><\/span>\n<\/li>\n<li>\n<span class=\"sect2\"><a href=\"\/codex\/petites-questions-de-physiologie\/petites-questions-de-physiologie-animale-2019-ouvrage\/les-echanges-gazeux-respiratoires-des-euarthropodes-en-milieu-aerien#d0e5132\" title=\"Les poumons, des expansions t\u00e9gumentaires internes r\u00e9alisant des \u00e9changes de gaz respiratoires entre air et h\u00e9molymphe\">Les poumons, des expansions t\u00e9gumentaires internes r\u00e9alisant des \u00e9changes de gaz respiratoires entre air et h\u00e9molymphe<\/a><\/span>\n<\/li>\n<\/ul>\n<\/li>\n<li>\n<span class=\"sect1\"><a href=\"\/codex\/petites-questions-de-physiologie\/petites-questions-de-physiologie-animale-2019-ouvrage\/les-echanges-gazeux-respiratoires-des-euarthropodes-conclusion\" title=\"Les \u00e9changes gazeux respiratoires des Euarthropodes\u00a0: conclusion\">Conclusion<\/a><\/span>\n<\/li>\n<li>\n<span class=\"bibliography\"><a href=\"\/codex\/petites-questions-de-physiologie\/petites-questions-de-physiologie-animale-2019-ouvrage\/les-echanges-gazeux-respiratoires-des-euarthropodes-bibliographie-et-sitographie\" title=\"Les \u00e9changes gazeux respiratoires des Euarthropodes\u00a0: bibliographie et sitographie\">Bibliographie et sitographie<\/a><\/span>\n<\/li>\n<\/ul>\n<p> &nbsp; <\/p>\n<\/section>\n<section class=\"sect1\" id=\"d0e4570\">\n<h2 class=\"title\" style=\"clear: both\">Introduction<\/h2>\n<p>Les Euarthropodes, ou Arthropodes vrais \/ sup\u00e9rieurs, repr\u00e9sentent 80% des esp\u00e8ces animales connues. Leur corps est recouvert d\u2019une cuticule form\u00e9e de pi\u00e8ces rigides, articul\u00e9es par des membranes souples. Il est segment\u00e9 et chaque segment porte une paire d\u2019appendices articul\u00e9s ventraux, \u00e0 l&rsquo;origine du nom du groupe.<\/p>\n<figure id=\"d0e4575\"\nclass=\"img\"\ntitle=\"Figure\u00a01.\u00a0Diversit\u00e9 des Euarthropodes (de gauche \u00e0 droite : Criquet duettiste :&#xA; Chorthippus brunneus, \u00c9peire faci\u00e9e : Argiope&#xA;bruennichi, \u00c9trille : Necora puber, Scutig\u00e8re&#xA; v\u00e9loce : Scutigera coleoptrata)\"><\/p>\n<div class=\"figure\">\n<figure style=\"width: 300px\" class=\"wp-caption alignnone\"><a rel=\"lightbox\" href=\"\/documents\/images\/PetitesQuestionsDePhysiologie\/2019\/media\/images\/15_figure_01.jpg\"><img decoding=\"async\" src=\"\/documents\/images\/PetitesQuestionsDePhysiologie\/2019\/media\/images\/15_figure_01.jpg\" width=\"300\" \" alt=\"Diversit\u00e9 des Euarthropodes (de gauche \u00e0 droite : Criquet duettiste : Chorthippus brunneus, \u00c9peire faci\u00e9e : Argiope bruennichi, \u00c9trille : Necora puber, Scutig\u00e8re v\u00e9loce : Scutigera coleoptrata)\" class=\"size-medium\" \/><figcaption class=\"wp-caption-text\">Figure\u00a01.\u00a0Diversit\u00e9 des Euarthropodes (de gauche \u00e0 droite : Criquet duettiste : <em>         Chorthippus brunneus<\/em>, \u00c9peire faci\u00e9e : <em>Argiope bruennichi<\/em>, \u00c9trille : <em>Necora puber<\/em>, Scutig\u00e8re v\u00e9loce : <em>Scutigera coleoptrata<\/em>)<\/a><\/figcaption><\/figure>\n<\/div>\n<div class=\"copyright\">\n<p>Copyright : 2019 Sandrine Heusser<\/p>\n<\/div>\n<div class=\"legalnotice\" title=\"Note L\u00e9gale\">\n<p> Cette illustration est mise \u00e0 disposition selon les termes de la Licence Creative Commons Attribution &#8211; Pas d&rsquo;Utilisation Commerciale &#8211; Partage dans les m\u00eames conditions 4.0 International.<span class=\"inlinemediaobject\"><br \/>\n<img decoding=\"async\" class=\"ccimage\" src=\"\/documents\/images\/PetitesQuestionsDePhysiologie\/2019\/media\/images\/00_licence.png\" width=\"50\"\/> <\/span> <\/p>\n<\/div>\n<\/figure>\n<p><\/p>\n<p>Ils sont repr\u00e9sent\u00e9s par des esp\u00e8ces aussi diverses que le Criquet duettiste, l&rsquo;\u00c9peire fasci\u00e9e, l&rsquo;\u00c9trille et la Scutig\u00e8re.<\/p>\n<p>Les Euarthropodes sont tr\u00e8s diversifi\u00e9s en termes d&rsquo;organisation corporelle mais aussi de taille, leur longueur variant entre 0,1mm et 1m. Ils occupent le milieu aquatique et le milieu a\u00e9rien mais sont absents des d\u00e9serts glac\u00e9s des p\u00f4les. <\/p>\n<figure id=\"d0e4615\"\nclass=\"img\"\ntitle=\"Figure\u00a02.\u00a0Arbre phylog\u00e9n\u00e9tique des Euarthropodes\"><\/p>\n<div class=\"figure\">\n<figure style=\"width: 300px\" class=\"wp-caption alignnone\"><a rel=\"lightbox\" href=\"\/documents\/images\/PetitesQuestionsDePhysiologie\/2019\/media\/images\/15_figure_02.jpg\"><img decoding=\"async\" src=\"\/documents\/images\/PetitesQuestionsDePhysiologie\/2019\/media\/images\/15_figure_02.jpg\" width=\"300\" \" alt=\"Arbre phylog\u00e9n\u00e9tique des Euarthropodes\" class=\"size-medium\" \/><figcaption class=\"wp-caption-text\">Figure\u00a02.\u00a0Arbre phylog\u00e9n\u00e9tique des Euarthropodes  <\/a><\/figcaption><\/figure>\n<\/div>\n<div class=\"copyright\">\n<p>Copyright : 2019 &#8211; \u00c9milie Bresson ; \u00c9lysa Chavarin ; Charlotte D\u00e9cline Emonot ; C\u00e9line Dugat&nbsp;; Sandrine Heusser<\/p>\n<\/div>\n<div class=\"legalnotice\" title=\"Note L\u00e9gale\">\n<p> Cette illustration est mise \u00e0 disposition selon les termes de la Licence Creative Commons Attribution &#8211; Pas d&rsquo;Utilisation Commerciale &#8211; Partage dans les m\u00eames conditions 4.0 International.<span class=\"inlinemediaobject\"><br \/>\n<img decoding=\"async\" class=\"ccimage\" src=\"\/documents\/images\/PetitesQuestionsDePhysiologie\/2019\/media\/images\/00_licence.png\" width=\"50\"\/> <\/span> <\/p>\n<\/div>\n<\/figure>\n<p><\/p>\n<p>Le phylum des Euarthropodes est divis\u00e9 en deux grands groupes : les Ch\u00e9lic\u00e9rates et les Mandibulates. Les premiers sont caract\u00e9ris\u00e9s par la possession de pi\u00e8ces buccales portant des crochets, les ch\u00e9lic\u00e8res, et sont repr\u00e9sent\u00e9s notamment par les Araign\u00e9es comme l&rsquo;\u00c9peire fasci\u00e9e. Les seconds poss\u00e8dent des mandibules associ\u00e9es \u00e0 la bouche, et comprennent en particulier les Hexapodes (Criquet duettiste par exemple), les Malacostrac\u00e9s (\u00c9trille par exemple) et les Myriapodes (Scutig\u00e8re par exemple).<\/p>\n<p>Les Euarthropodes r\u00e9alisent des \u00e9changes de mati\u00e8re et d&rsquo;\u00e9nergie avec leur environnement. Ils y pr\u00e9l\u00e8vent des aliments et du dioxyg\u00e8ne, et y rejettent du dioxyde de carbone et d&rsquo;autres d\u00e9chets de leur m\u00e9tabolisme.<\/p>\n<p>Les mol\u00e9cules provenant des aliments sont trait\u00e9s par des voies m\u00e9taboliques dont la principale est la respiration cellulaire. Pour le glucose par exemple, elle consiste en une s\u00e9rie de r\u00e9actions de d\u00e9carboxylations lib\u00e9rant du dioxyde de carbone et d&rsquo;oxydations lib\u00e9rant des \u00e9lectrons. L&rsquo;\u00e9nergie obtenue est utilis\u00e9e dans la synth\u00e8se de mol\u00e9cules d&rsquo;ATP (ad\u00e9nosine triphosphate) riches en \u00e9nergie et utilisables par les cellules. Le dioxyg\u00e8ne joue le r\u00f4le d&rsquo;accepteur final des \u00e9lectrons et est incorpor\u00e9 dans des mol\u00e9cules d&rsquo;eau. <\/p>\n<p>Dans le cas du glucose, la respiration cellulaire est r\u00e9sum\u00e9e par l&rsquo;\u00e9quation : <\/p>\n<p>C<sub>6<\/sub>H<sub>12<\/sub>O<sub>6<\/sub> + 6 O<sub>2<\/sub> + 36 ADP + 36 Pi \u2192 6 CO<sub>2<\/sub> + 6 H<sub>2<\/sub>O + 36 ATP<\/p>\n<p>Les \u00e9changes gazeux respiratoires, pr\u00e9l\u00e8vement de dioxyg\u00e8ne et rejet de dioxyde de carbone, r\u00e9alis\u00e9s avec le milieu de vie sont le reflet \u00e0 l&rsquo;\u00e9chelle de l&rsquo;organisme de la respiration des cellules qui le constituent. <\/p>\n<p>Les compositions ainsi que les propri\u00e9t\u00e9s physiques et chimiques des milieux aquatique et a\u00e9rien sont diff\u00e9rentes.<br \/>\nAinsi, la concentration en dioxyg\u00e8ne dans l\u2019air est 30 fois plus importante que dans l\u2019eau, mais l&rsquo;air est pauvre en eau. Un litre d&rsquo;air contient donc 30 fois plus de mol\u00e9cules de dioxyg\u00e8ne qu&rsquo;un litre d\u2019eau.<br \/>\nPar ailleurs, la viscosit\u00e9 de l\u2019eau est 63 fois plus importante que celle de l\u2019air et la densit\u00e9 de l\u2019eau est 812 fois plus importante que celle de l\u2019air. La quantit\u00e9 d&rsquo;\u00e9nergie n\u00e9cessaire pour d\u00e9placer 1l d\u2019eau est donc bien sup\u00e9rieure \u00e0 celle n\u00e9cessaire pour mouvoir 1l d&rsquo;air.<\/p>\n<p>En relation avec les particularit\u00e9s de leurs milieux de vie, comment les Euarthropodes r\u00e9alisent-ils leurs \u00e9changes gazeux respiratoires ?<\/p>\n<p>Quels sont les organes impliqu\u00e9s ?<\/p>\n<p>Quelles sont leurs caract\u00e9ristiques fonctionnelles ? <\/p>\n<\/section>\n<footer>\n<hr \/>\n<table style=\"width: 100%; \">\n<tr>\n<td style=\"width: 40%; text-align: left; \">\n<a href=\"\/codex\/petites-questions-de-physiologie\/petites-questions-de-physiologie-animale-2019-ouvrage\/la-diversite-structurale-et-fonctionnelle-des-epitheliums-digestifs-bibliographie-et-sitographie\" title=\"La diversit\u00e9 structurale et fonctionnelle des \u00e9pith\u00e9liums digestifs : bibliographie et sitographie\">Pr\u00e9c\u00e9dent<\/a><\/td>\n<td style=\"width: 20%; text-align: center; \">\u00a0<\/td>\n<td style=\"width: 40%; text-align: right; \"><a href=\"\/codex\/petites-questions-de-physiologie\/petites-questions-de-physiologie-animale-2019-ouvrage\/les-echanges-gazeux-respiratoires-des-euarthropodes-en-milieu-aquatique\" title=\"Les \u00e9changes gazeux respiratoires des Euarthropodes en milieu aquatique\">Suivant<\/a><\/td>\n<\/tr>\n<tr>\n<td style=\"width: 40%; text-align: left; vertical-align: top; \">Bibliographie et sitographie\u00a0<\/td>\n<td style=\"width: 20%; text-align: center; \">\n<a href=\"\/codex\/petites-questions-de-physiologie\/petites-questions-de-physiologie-animale-2019-ouvrage\" title=\"Petites questions de physiologie animale 2019 : ouvrage\">Sommaire<\/a>\n<\/td>\n<td style=\"width: 40%; text-align: right; vertical-align: top; \">\u00a0Les \u00e9changes gazeux respiratoires des Euarthropodes en milieu aquatique <\/td>\n<\/tr>\n<\/table>\n<\/footer>\n","protected":false},"excerpt":{"rendered":"<p>Les \u00e9changes gazeux respiratoires des Euarthropodes Pr\u00e9c\u00e9dent \u00a0 Suivant Les \u00e9changes gazeux respiratoires des Euarthropodes \u00c9milie Bresson &lt;emilie.bresson@etu.univ-st-etienne.fr&gt; \u00c9lysa Chavarin &lt;elysa.chavarin@etu.univ-st-etienne.fr&gt; Charlotte D\u00e9cline Emonot &lt;charlotte.decline.emonot@etu.univ-st-etienne.fr&gt; C\u00e9line Dugat &lt;celine.dugat@etu.univ-st-etienne.fr&gt; &nbsp; Table des mati\u00e8res Introduction Les \u00e9changes gazeux respiratoires des Euarthropodes en milieu aquatique Les branchies, des expansions t\u00e9gumentaires lat\u00e9rales r\u00e9alisant les \u00e9changes gazeux respiratoires La ventilation [&hellip;]<\/p>\n","protected":false},"author":2,"featured_media":0,"parent":13169,"menu_order":32,"comment_status":"closed","ping_status":"closed","template":"","meta":{"site-sidebar-layout":"default","site-content-layout":"","ast-site-content-layout":"default","site-content-style":"default","site-sidebar-style":"default","ast-global-header-display":"","ast-banner-title-visibility":"","ast-main-header-display":"","ast-hfb-above-header-display":"","ast-hfb-below-header-display":"","ast-hfb-mobile-header-display":"","site-post-title":"","ast-breadcrumbs-content":"","ast-featured-img":"","footer-sml-layout":"","ast-disable-related-posts":"","theme-transparent-header-meta":"","adv-header-id-meta":"","stick-header-meta":"","header-above-stick-meta":"","header-main-stick-meta":"","header-below-stick-meta":"","astra-migrate-meta-layouts":"default","ast-page-background-enabled":"default","ast-page-background-meta":{"desktop":{"background-color":"var(--ast-global-color-4)","background-image":"","background-repeat":"repeat","background-position":"center center","background-size":"auto","background-attachment":"scroll","background-type":"","background-media":"","overlay-type":"","overlay-color":"","overlay-opacity":"","overlay-gradient":""},"tablet":{"background-color":"","background-image":"","background-repeat":"repeat","background-position":"center center","background-size":"auto","background-attachment":"scroll","background-type":"","background-media":"","overlay-type":"","overlay-color":"","overlay-opacity":"","overlay-gradient":""},"mobile":{"background-color":"","background-image":"","background-repeat":"repeat","background-position":"center center","background-size":"auto","background-attachment":"scroll","background-type":"","background-media":"","overlay-type":"","overlay-color":"","overlay-opacity":"","overlay-gradient":""}},"ast-content-background-meta":{"desktop":{"background-color":"var(--ast-global-color-5)","background-image":"","background-repeat":"repeat","background-position":"center center","background-size":"auto","background-attachment":"scroll","background-type":"","background-media":"","overlay-type":"","overlay-color":"","overlay-opacity":"","overlay-gradient":""},"tablet":{"background-color":"var(--ast-global-color-5)","background-image":"","background-repeat":"repeat","background-position":"center center","background-size":"auto","background-attachment":"scroll","background-type":"","background-media":"","overlay-type":"","overlay-color":"","overlay-opacity":"","overlay-gradient":""},"mobile":{"background-color":"var(--ast-global-color-5)","background-image":"","background-repeat":"repeat","background-position":"center center","background-size":"auto","background-attachment":"scroll","background-type":"","background-media":"","overlay-type":"","overlay-color":"","overlay-opacity":"","overlay-gradient":""}},"footnotes":""},"class_list":["post-13694","page","type-page","status-publish","hentry"],"aioseo_notices":[],"jetpack_sharing_enabled":true,"_links":{"self":[{"href":"https:\/\/codexvirtualis.fr\/codex\/wp-json\/wp\/v2\/pages\/13694","targetHints":{"allow":["GET"]}}],"collection":[{"href":"https:\/\/codexvirtualis.fr\/codex\/wp-json\/wp\/v2\/pages"}],"about":[{"href":"https:\/\/codexvirtualis.fr\/codex\/wp-json\/wp\/v2\/types\/page"}],"author":[{"embeddable":true,"href":"https:\/\/codexvirtualis.fr\/codex\/wp-json\/wp\/v2\/users\/2"}],"replies":[{"embeddable":true,"href":"https:\/\/codexvirtualis.fr\/codex\/wp-json\/wp\/v2\/comments?post=13694"}],"version-history":[{"count":14,"href":"https:\/\/codexvirtualis.fr\/codex\/wp-json\/wp\/v2\/pages\/13694\/revisions"}],"predecessor-version":[{"id":14035,"href":"https:\/\/codexvirtualis.fr\/codex\/wp-json\/wp\/v2\/pages\/13694\/revisions\/14035"}],"up":[{"embeddable":true,"href":"https:\/\/codexvirtualis.fr\/codex\/wp-json\/wp\/v2\/pages\/13169"}],"wp:attachment":[{"href":"https:\/\/codexvirtualis.fr\/codex\/wp-json\/wp\/v2\/media?parent=13694"}],"curies":[{"name":"wp","href":"https:\/\/api.w.org\/{rel}","templated":true}]}}