{"id":13635,"date":"2021-05-08T11:40:47","date_gmt":"2021-05-08T09:40:47","guid":{"rendered":"https:\/\/codexvirtualis.fr\/codex\/?page_id=13635"},"modified":"2021-08-01T19:16:17","modified_gmt":"2021-08-01T17:16:17","slug":"la-diversite-structurale-et-fonctionnelle-des-epitheliums-digestifs-bibliographie-et-sitographie","status":"publish","type":"page","link":"https:\/\/codexvirtualis.fr\/codex\/petites-questions-de-physiologie\/petites-questions-de-physiologie-animale-2019-ouvrage\/la-diversite-structurale-et-fonctionnelle-des-epitheliums-digestifs-bibliographie-et-sitographie","title":{"rendered":"La diversit\u00e9 structurale et fonctionnelle des \u00e9pith\u00e9liums digestifs : bibliographie et sitographie"},"content":{"rendered":"<header>\n<table style=\"width: 100%; \">\n<tr>\n<th style=\"text-align: center; \" colspan=\"3\">Bibliographie et sitographie<\/th>\n<\/tr>\n<tr>\n<td style=\"width: 20%; text-align: left; \">\n<a href=\"\/codex\/petites-questions-de-physiologie\/petites-questions-de-physiologie-animale-2019-ouvrage\/la-diversite-structurale-et-fonctionnelle-des-epitheliums-digestifs-conclusion\" title=\"La diversit\u00e9 structurale et fonctionnelle des \u00e9pith\u00e9liums digestifs : conclusion\">Pr\u00e9c\u00e9dent<\/a>\u00a0<\/td>\n<th style=\"width: 60%; text-align: center; \">La diversit\u00e9 structurale et fonctionnelle des \u00e9pith\u00e9liums digestifs<\/th>\n<td style=\"width: 20%; text-align: right; \">\u00a0<a href=\"\/codex\/petites-questions-de-physiologie\/petites-questions-de-physiologie-animale-2019-ouvrage\/les-echanges-gazeux-respiratoires-des-euarthropodes-introduction\" title=\"Les \u00e9changes gazeux respiratoires des Euarthropodes\u00a0: introduction\">Suivant<\/a>\n<\/td>\n<\/tr>\n<\/table>\n<hr \/>\n<\/header>\n<p> &nbsp; <\/p>\n<h3 class=\"title\">Livres<\/h3>\n<p>\n<span class=\"authorgroup\"><br \/>\n<span class=\"firstname\">Andr\u00e9<\/span> <span class=\"surname\">Beaumont<\/span>, <span class=\"firstname\">Pierre<\/span> <span class=\"surname\">Cassier<\/span>, et <span class=\"firstname\">Daniel<\/span> <span class=\"surname\">Richard<\/span>. <\/span><br \/>\n<span class=\"title\"> <em>Biologie animale Les Cord\u00e9s : anatomie compar\u00e9e des Vert\u00e9br\u00e9s<\/em>. <\/span><span class=\"edition\">9\u00e8me \u00e9dition. <\/span><br \/>\n<span class=\"publisher\"> <span class=\"publishername\">Dunod. <\/span> <\/span> <span class=\"pubdate\">2009. <\/span> <span class=\"pagenums\">652 p. <\/span> <span class=\"title\"> <em>Sciences Sup<\/em>. <\/span>[<span class=\"citebiblioid\">978-2-10-051658-2<\/span>]<\/p>\n<p>\n<span class=\"authorgroup\"><br \/>\n<span class=\"firstname\">Paul<\/span> <span class=\"surname\">Boulanger<\/span>, <span class=\"firstname\">Michel<\/span> <span class=\"surname\">Polonovski<\/span>, <span class=\"firstname\">Francis<\/span> <span class=\"surname\">Tayeau<\/span>, <span class=\"firstname\">Paul<\/span> <span class=\"surname\">Mandel<\/span>, et <span class=\"firstname\">G\u00e9rard<\/span> <span class=\"surname\">Biserte<\/span>. <\/span><br \/>\n<span class=\"title\"> <em>Biochimie m\u00e9dicale. Sang, humeurs, tissus, organes : biochimie physiologique et s\u00e9m\u00e9iologique<\/em>. <\/span> <span class=\"edition\">8\u00e8me \u00e9dition. <\/span><br \/>\n<span class=\"publisher\"> <span class=\"publishername\">Masson. <\/span> <\/span> <span class=\"pubdate\">1971. <\/span> <span class=\"pagenums\">739 p. <\/span>\n<\/p>\n<p>\n<span class=\"authorgroup\"><br \/>\n<span class=\"firstname\">Richard<\/span> <span class=\"surname\">Brusca<\/span> et <span class=\"firstname\">Gary<\/span> <span class=\"surname\">Brusca<\/span>. <\/span><br \/>\n<span class=\"title\"><em>Invertebrates.<\/em> <\/span> <span class=\"edition\">2\u00e8me \u00e9dition. <\/span><br \/>\n<span class=\"publisher\"> <span class=\"publishername\">Sinauer. <\/span> <\/span> <span class=\"pubdate\">2003. <\/span> <span class=\"pagenums\">936 p. <\/span>[<span class=\"citebiblioid\">978-0-87893-097-5<\/span>]\n<\/p>\n<p>\n<span class=\"authorgroup\"><br \/>\n<span class=\"firstname\">Patricia<\/span> <span class=\"surname\">Cross<\/span> et <span class=\"firstname\">K. Lynne<\/span> <span class=\"surname\">Mercer<\/span>. <\/span><br \/>\n<span class=\"title\"> <em>Ultrastructure cellulaire et tissulaire approche fonctionnelle<\/em>. <\/span><br \/>\n <span class=\"publisher\"> <span class=\"publishername\">De Boeck Universit\u00e9. <\/span> <\/span> <span class=\"pubdate\">1995. <\/span> <span class=\"pagenums\">420 p. <\/span>[<span class=\"citebiblioid\">2-8041-2059-7<\/span>]\n<\/p>\n<p>\n<span class=\"authorgroup\"><br \/>\n<span class=\"firstname\">Raymond<\/span> <span class=\"surname\">Gilles<\/span>. <\/span><br \/>\n<span class=\"title\"> <em>Physiologie animale<\/em>. <\/span><br \/>\n<span class=\"publisher\"> <span class=\"publishername\">De Boeck Universit\u00e9. <\/span> <\/span> <span class=\"pubdate\">2006. <\/span><span class=\"pagenums\">675 p. <\/span>[<span class=\"citebiblioid\">978-2-8041-4893-5<\/span>]\n<\/p>\n<p>\n<span class=\"authorgroup\"><br \/>\n<span class=\"firstname\">Sandrine<\/span> <span class=\"surname\">Heusser<\/span> et <span class=\"firstname\">Henri-Gabriel<\/span> <span class=\"surname\">Dupuy<\/span>. <\/span><br \/>\n<span class=\"title\"><em>Atlas biologie animale, les grandes fonctions<\/em>. <\/span> <span class=\"edition\">2\u00e8me \u00e9dition. <\/span><br \/>\n<span class=\"publisher\"> <span class=\"publishername\">Dunod. <\/span> <\/span> <span class=\"pubdate\">2008. <\/span> <span class=\"pagenums\">215 p. <\/span>[<span class=\"citebiblioid\">978-2-10-52135-7<\/span>]\n<\/p>\n<p>\n<span class=\"authorgroup\"><br \/>\n<span class=\"firstname\">Barbara<\/span> <span class=\"surname\">Young<\/span>, <span class=\"firstname\">G\u00e9raldine<\/span> <span class=\"surname\">O&rsquo;Dowd<\/span>, et <span class=\"firstname\">Phillip<\/span> <span class=\"surname\">Woodford<\/span>. <\/span><br \/>\n<span class=\"title\"> <em>Atlas d\u2019histologie fonctionnelle de Wheater<\/em>. <\/span><br \/>\n<span class=\"publisher\"> <span class=\"publishername\">De Boeck Sup\u00e9rieur. <\/span> <\/span> <span class=\"pubdate\">2015. <\/span><span class=\"pagenums\">455 p. <\/span>[<span class=\"citebiblioid\">978-2-8073-0040-8<\/span>]\n<\/p>\n<h3 class=\"title\">Sites internet<\/h3>\n<p>\n<span class=\"authorgroup\"><br \/>\n<span class=\"firstname\">Claude<\/span> <span class=\"surname\">Gillot<\/span>, <span class=\"firstname\">Jean-Louis<\/span> <span class=\"surname\">Freslon<\/span>, et <span class=\"firstname\">Jean-Jacques<\/span> <span class=\"surname\">Bernier<\/span>. <\/span><br \/>\n<span class=\"title\"> <em>Digestif appareil. In Universalis \u00e9ducation [en ligne]<\/em>. <\/span><br \/>\n<span class=\"publisher\"> <span class=\"publishername\">Encyclopaedia Universalis. <\/span><\/span><span class=\"pubdate\">[date de consultation : 27 mars 2019]. <\/span><br \/>\n<span class=\"address\"> <code class=\"uri\">Disponible sur :<br \/>\n<a class=\"link\" href=\"http:\/\/www.universalis-edu.com\/encyclopedie\/appareil-digestif\/\" target=\"_top\" rel=\"noopener\">http:\/\/www.universalis-edu.com\/encyclopedie\/appareil-digestif\/<\/a> <\/code>. <\/span>\n<\/p>\n<p>\n<span class=\"authorgroup\"><br \/>\n<span class=\"firstname\">Michel<\/span> <span class=\"surname\">H\u00e9rin<\/span>. <\/span><br \/>\n<span class=\"title\"> <em>Oiseaux : estomacs. In The digital microscope, histologie sp\u00e9ciale animale [en ligne] <\/em>. <\/span><br \/>\n<span class=\"publisher\"><span class=\"publishername\">Universit\u00e9 de Namur. <\/span> <\/span> <span class=\"pubdate\">[date de consultation : 01 avril 2019]. <\/span><br \/>\n<span class=\"address\"> <code class=\"uri\">Disponible sur :<br \/>\n<a class=\"link\" href=\"http:\/\/www.histology.be\/atlas\/HSA\/general\/right\/HS-Vt-Dig-Tub-EstmcOis.htm\" target=\"_top\" rel=\"noopener\">http:\/\/www.histology.be\/atlas\/HSA\/general\/right\/HS-Vt-Dig-Tub-EstmcOis.htm<\/a><\/code>. <\/span>\n<\/p>\n<p> &nbsp; <\/p>\n<footer>\n<hr \/>\n<table style=\"width: 100%; \">\n<tr>\n<td style=\"width: 40%; text-align: left; \">\n<a href=\"\/codex\/petites-questions-de-physiologie\/petites-questions-de-physiologie-animale-2019-ouvrage\/la-diversite-structurale-et-fonctionnelle-des-epitheliums-digestifs-conclusion\" title=\"La diversit\u00e9 structurale et fonctionnelle des \u00e9pith\u00e9liums digestifs : conclusion\">Pr\u00e9c\u00e9dent<\/a>\u00a0<\/td>\n<td style=\"width: 20%; text-align: center; \">\n<a href=\"\/codex\/petites-questions-de-physiologie\/petites-questions-de-physiologie-animale-2019-ouvrage\/la-diversite-structurale-et-fonctionnelle-des-epitheliums-digestifs-introduction\" title=\"La diversit\u00e9 structurale et fonctionnelle des \u00e9pith\u00e9liums digestifs : introduction\">Niveau sup\u00e9rieur<\/a>\n<\/td>\n<td style=\"width: 40%; text-align: right; \">\u00a0<a href=\"\/codex\/petites-questions-de-physiologie\/petites-questions-de-physiologie-animale-2019-ouvrage\/les-echanges-gazeux-respiratoires-des-euarthropodes-introduction\" title=\"Les \u00e9changes gazeux respiratoires des Euarthropodes\u00a0: introduction\">Suivant<\/a>\n<\/td>\n<\/tr>\n<tr>\n<td style=\"width: 40%; text-align: left; vertical-align: top; \">Conclusion\u00a0<\/td>\n<td style=\"width: 20%; text-align: center; \">\n<a href=\"\/codex\/petites-questions-de-physiologie\/petites-questions-de-physiologie-animale-2019-ouvrage\" title=\"Petites questions de physiologie animale 2019 : ouvrage\">Sommaire<\/a>\n<\/td>\n<td style=\"width: 40%; text-align: right; vertical-align: top; \">\u00a0Les \u00e9changes gazeux respiratoires des Euarthropodes<\/td>\n<\/tr>\n<\/table>\n<\/footer>\n","protected":false},"excerpt":{"rendered":"<p>Bibliographie et sitographie Pr\u00e9c\u00e9dent\u00a0 La diversit\u00e9 structurale et fonctionnelle des \u00e9pith\u00e9liums digestifs \u00a0Suivant &nbsp; Livres Andr\u00e9 Beaumont, Pierre Cassier, et Daniel Richard. Biologie animale Les Cord\u00e9s : anatomie compar\u00e9e des Vert\u00e9br\u00e9s. 9\u00e8me \u00e9dition. Dunod. 2009. 652 p. Sciences Sup. [978-2-10-051658-2] Paul Boulanger, Michel Polonovski, Francis Tayeau, Paul Mandel, et G\u00e9rard Biserte. Biochimie m\u00e9dicale. Sang, humeurs, [&hellip;]<\/p>\n","protected":false},"author":2,"featured_media":0,"parent":13169,"menu_order":31,"comment_status":"closed","ping_status":"closed","template":"","meta":{"site-sidebar-layout":"default","site-content-layout":"","ast-site-content-layout":"default","site-content-style":"default","site-sidebar-style":"default","ast-global-header-display":"","ast-banner-title-visibility":"","ast-main-header-display":"","ast-hfb-above-header-display":"","ast-hfb-below-header-display":"","ast-hfb-mobile-header-display":"","site-post-title":"","ast-breadcrumbs-content":"","ast-featured-img":"","footer-sml-layout":"","ast-disable-related-posts":"","theme-transparent-header-meta":"","adv-header-id-meta":"","stick-header-meta":"","header-above-stick-meta":"","header-main-stick-meta":"","header-below-stick-meta":"","astra-migrate-meta-layouts":"default","ast-page-background-enabled":"default","ast-page-background-meta":{"desktop":{"background-color":"var(--ast-global-color-4)","background-image":"","background-repeat":"repeat","background-position":"center center","background-size":"auto","background-attachment":"scroll","background-type":"","background-media":"","overlay-type":"","overlay-color":"","overlay-opacity":"","overlay-gradient":""},"tablet":{"background-color":"","background-image":"","background-repeat":"repeat","background-position":"center center","background-size":"auto","background-attachment":"scroll","background-type":"","background-media":"","overlay-type":"","overlay-color":"","overlay-opacity":"","overlay-gradient":""},"mobile":{"background-color":"","background-image":"","background-repeat":"repeat","background-position":"center center","background-size":"auto","background-attachment":"scroll","background-type":"","background-media":"","overlay-type":"","overlay-color":"","overlay-opacity":"","overlay-gradient":""}},"ast-content-background-meta":{"desktop":{"background-color":"var(--ast-global-color-5)","background-image":"","background-repeat":"repeat","background-position":"center center","background-size":"auto","background-attachment":"scroll","background-type":"","background-media":"","overlay-type":"","overlay-color":"","overlay-opacity":"","overlay-gradient":""},"tablet":{"background-color":"var(--ast-global-color-5)","background-image":"","background-repeat":"repeat","background-position":"center center","background-size":"auto","background-attachment":"scroll","background-type":"","background-media":"","overlay-type":"","overlay-color":"","overlay-opacity":"","overlay-gradient":""},"mobile":{"background-color":"var(--ast-global-color-5)","background-image":"","background-repeat":"repeat","background-position":"center center","background-size":"auto","background-attachment":"scroll","background-type":"","background-media":"","overlay-type":"","overlay-color":"","overlay-opacity":"","overlay-gradient":""}},"footnotes":""},"class_list":["post-13635","page","type-page","status-publish","hentry"],"aioseo_notices":[],"jetpack_sharing_enabled":true,"_links":{"self":[{"href":"https:\/\/codexvirtualis.fr\/codex\/wp-json\/wp\/v2\/pages\/13635","targetHints":{"allow":["GET"]}}],"collection":[{"href":"https:\/\/codexvirtualis.fr\/codex\/wp-json\/wp\/v2\/pages"}],"about":[{"href":"https:\/\/codexvirtualis.fr\/codex\/wp-json\/wp\/v2\/types\/page"}],"author":[{"embeddable":true,"href":"https:\/\/codexvirtualis.fr\/codex\/wp-json\/wp\/v2\/users\/2"}],"replies":[{"embeddable":true,"href":"https:\/\/codexvirtualis.fr\/codex\/wp-json\/wp\/v2\/comments?post=13635"}],"version-history":[{"count":8,"href":"https:\/\/codexvirtualis.fr\/codex\/wp-json\/wp\/v2\/pages\/13635\/revisions"}],"predecessor-version":[{"id":14121,"href":"https:\/\/codexvirtualis.fr\/codex\/wp-json\/wp\/v2\/pages\/13635\/revisions\/14121"}],"up":[{"embeddable":true,"href":"https:\/\/codexvirtualis.fr\/codex\/wp-json\/wp\/v2\/pages\/13169"}],"wp:attachment":[{"href":"https:\/\/codexvirtualis.fr\/codex\/wp-json\/wp\/v2\/media?parent=13635"}],"curies":[{"name":"wp","href":"https:\/\/api.w.org\/{rel}","templated":true}]}}