{"id":13631,"date":"2021-05-08T11:40:42","date_gmt":"2021-05-08T09:40:42","guid":{"rendered":"https:\/\/codexvirtualis.fr\/codex\/?page_id=13631"},"modified":"2021-05-09T14:38:12","modified_gmt":"2021-05-09T12:38:12","slug":"la-diversite-structurale-et-fonctionnelle-des-epitheliums-digestifs-conclusion","status":"publish","type":"page","link":"https:\/\/codexvirtualis.fr\/codex\/petites-questions-de-physiologie\/petites-questions-de-physiologie-animale-2019-ouvrage\/la-diversite-structurale-et-fonctionnelle-des-epitheliums-digestifs-conclusion","title":{"rendered":"La diversit\u00e9 structurale et fonctionnelle des \u00e9pith\u00e9liums digestifs : conclusion"},"content":{"rendered":"<header>\n<table style=\"width: 100%; \">\n<tr>\n<th style=\"text-align: center; \" colspan=\"3\">Conclusion<\/th>\n<\/tr>\n<tr>\n<td style=\"width: 20%; text-align: left; \">\n<a href=\"\/codex\/petites-questions-de-physiologie\/petites-questions-de-physiologie-animale-2019-ouvrage\/des-epitheliums-digestifs-responsables-de-la-protection\" title=\"Des \u00e9pith\u00e9liums digestifs responsables de la protection\">Pr\u00e9c\u00e9dent<\/a>\u00a0<\/td>\n<th style=\"width: 60%; text-align: center; \">La diversit\u00e9 structurale et fonctionnelle des \u00e9pith\u00e9liums digestifs<\/th>\n<td style=\"width: 20%; text-align: right; \"><a href=\"\/codex\/petites-questions-de-physiologie\/petites-questions-de-physiologie-animale-2019-ouvrage\/la-diversite-structurale-et-fonctionnelle-des-epitheliums-digestifs-bibliographie-et-sitographie\" title=\"La diversit\u00e9 structurale et fonctionnelle des \u00e9pith\u00e9liums digestifs : bibliographie et sitographie\">Suivant<\/a>\n<\/td>\n<\/tr>\n<\/table>\n<hr \/>\n<\/header>\n<p> &nbsp; <\/p>\n<section class=\"sect1\" id=\"d0e4180\">\n<p>L&rsquo;\u00e9pith\u00e9lium digestif pr\u00e9sente donc une grande diversit\u00e9 chez les M\u00e9tazoaires.<\/p>\n<p>En termes de localisation, il est pr\u00e9sent au contact de la lumi\u00e8re du tube digestif ou dans les glandes digestives.<\/p>\n<p>Du point de vue structural, l&rsquo;\u00e9pith\u00e9lium de rev\u00eatement comporte une ou plusieurs assises de cellules, est pavimenteux, cubique ou prismatique, selon l&rsquo;organe et le groupe consid\u00e9r\u00e9s.<br \/>\nL&rsquo;\u00e9pith\u00e9lium glandulaire est pour sa part agenc\u00e9 en unit\u00e9s s\u00e9cr\u00e9trices acineuses, tubuleuses ou en lames, et forme des glandes ramifi\u00e9es, compos\u00e9es ou simples.<\/p>\n<p>La diversit\u00e9 de l&rsquo;\u00e9pith\u00e9lium digestif s&rsquo;exprime \u00e9galement en termes fonctionnels. Il contribue aux diff\u00e9rents processus impliqu\u00e9s dans le fonction d&rsquo;alimentation, avec la production de d\u00e9p\u00f4ts superficiels durs permettant la digestion m\u00e9canique des particules alimentaires, la s\u00e9cr\u00e9tion d&rsquo;enzymes assurant la digestion chimique des mol\u00e9cules alimentaires et la r\u00e9alisation de l&rsquo;absorption des mol\u00e9cules issues de la digestion. Il est par ailleurs impliqu\u00e9 dans la protection de la paroi digestive, de la m\u00eame mani\u00e8re avec la production de d\u00e9p\u00f4ts superficiels et la s\u00e9cr\u00e9tion de substances protectrices.<\/p>\n<p>La structure des \u00e9pith\u00e9liums digestifs est \u00e9troitement li\u00e9e \u00e0 leur fonction principale.<br \/>\nLes cellules \u00e9pith\u00e9liales glandulaires, qu&rsquo;elles soient isol\u00e9es, incluses dans des glandes du tube digestif ou anatomiquement individualis\u00e9es, sont volumineuses et contiennent des grains de s\u00e9cr\u00e9tion.<br \/>\nLes cellules \u00e9pith\u00e9liales absorbantes poss\u00e8dent une bordure en brosse apicale et sont proches de l&rsquo;appareil circulatoire.<br \/>\nIl existe ainsi une relative unit\u00e9 structurale pour les \u00e9pith\u00e9liums r\u00e9alisant la m\u00eame fonction.<\/p>\n<p>Situ\u00e9 \u00e0 l&rsquo;interface entre l&rsquo;organisme et le milieu ext\u00e9rieur, l\u2019\u00e9pith\u00e9lium digestif est par ailleurs un site privil\u00e9gi\u00e9 pour la r\u00e9ception d&rsquo;informations externes. Ainsi, en relation avec le syst\u00e8me nerveux, il est le si\u00e8ge de la sensibilit\u00e9 gustative. Chez les Vert\u00e9br\u00e9s il contient les bourgeons du go\u00fbt.<\/p>\n<p> &nbsp; <\/p>\n<figure id=\"d0e4195\"\nclass=\"img\"\ntitle=\"Figure\u00a014.\u00a0Bourgeons du go\u00fbt de Vairon en coupe transversale (Collection de l\u2019ENS de&#xA; Lyon)\"><\/p>\n<div class=\"figure\">\n<figure style=\"width: 300px\" class=\"wp-caption alignnone\"><a rel=\"lightbox\" href=\"\/documents\/images\/PetitesQuestionsDePhysiologie\/2019\/media\/images\/13_figure_14.jpg\"><img decoding=\"async\" src=\"\/documents\/images\/PetitesQuestionsDePhysiologie\/2019\/media\/images\/13_figure_14.jpg\" width=\"300\" \" alt=\"Bourgeons du go\u00fbt de Vairon en coupe transversale (Collection de l\u2019ENS de Lyon)\" class=\"size-medium\" \/><figcaption class=\"wp-caption-text\">Figure\u00a014.\u00a0Bourgeons du go\u00fbt de Vairon en coupe transversale (Collection de l\u2019ENS de Lyon) <\/a><\/figcaption><\/figure>\n<\/div>\n<div class=\"copyright\">\n<p>Copyright : 2019 &#8211; \u00c9lo\u00efse Arnaud ; Paul Bonneau ; Rose-Lyne P\u00e9risse ; Chlo\u00e9 Valade ; Sandrine Heusser<\/p>\n<\/div>\n<div class=\"legalnotice\" title=\"Note L\u00e9gale\">\n<p> Cette illustration est mise \u00e0 disposition selon les termes de la Licence Creative Commons Attribution &#8211; Pas d&rsquo;Utilisation Commerciale &#8211; Partage dans les m\u00eames conditions 4.0 International.<span class=\"inlinemediaobject\"><br \/>\n<img decoding=\"async\" class=\"ccimage\" src=\"\/documents\/images\/PetitesQuestionsDePhysiologie\/2019\/media\/images\/00_licence.png\" width=\"50\"\/> <\/span> <\/p>\n<\/div>\n<\/figure>\n<p> &nbsp; <\/p>\n<p>Le fonctionnement de l&rsquo;appareil digestif n\u00e9cessite une coordination des diff\u00e9rents organes qui le constituent. Chez les Vert\u00e9br\u00e9s, elle r\u00e9sulte d&rsquo;un contr\u00f4le nerveux, dans lequel des plexus situ\u00e9s dans la sous-muqueuse et la musculeuse jouent un r\u00f4le fondamental, mais \u00e9galement d&rsquo;un contr\u00f4le endocrinien auquel participent notamment des cellules endocrines ins\u00e9r\u00e9es dans l&rsquo;\u00e9pith\u00e9lium digestif.<\/p>\n<p> &nbsp; <\/p>\n<figure id=\"d0e4229\"\nclass=\"img\"\ntitle=\"Figure\u00a015.\u00a0Crypte de Lieberk\u00fchn d'intestin gr\u00eale de Souris en coupe transversale (Collection&#xA; de l\u2019ENS de Lyon)\"><\/p>\n<div class=\"figure\">\n<figure style=\"width: 300px\" class=\"wp-caption alignnone\"><a rel=\"lightbox\" href=\"\/documents\/images\/PetitesQuestionsDePhysiologie\/2019\/media\/images\/13_figure_15.jpg\"><img decoding=\"async\" src=\"\/documents\/images\/PetitesQuestionsDePhysiologie\/2019\/media\/images\/13_figure_15.jpg\" width=\"300\" \" alt=\"Crypte de Lieberk\u00fchn d'intestin gr\u00eale de Souris en coupe transversale (Collection de l\u2019ENS de Lyon)\" class=\"size-medium\" \/><figcaption class=\"wp-caption-text\">Figure\u00a015.\u00a0Crypte de Lieberk\u00fchn d&rsquo;intestin gr\u00eale de Souris en coupe transversale (Collection de l\u2019ENS de Lyon) <\/a><\/figcaption><\/figure>\n<\/div>\n<div class=\"copyright\">\n<p>Copyright : 2019 &#8211; Sandrine Heusser<\/p>\n<\/div>\n<div class=\"legalnotice\" title=\"Note L\u00e9gale\">\n<p> Cette illustration est mise \u00e0 disposition selon les termes de la Licence Creative Commons Attribution &#8211; Pas d&rsquo;Utilisation Commerciale &#8211; Partage dans les m\u00eames conditions 4.0 International.<span class=\"inlinemediaobject\"><br \/>\n<img decoding=\"async\" class=\"ccimage\" src=\"\/documents\/images\/PetitesQuestionsDePhysiologie\/2019\/media\/images\/00_licence.png\" width=\"50\"\/> <\/span> <\/p>\n<\/div>\n<\/figure>\n<p> &nbsp; <\/p>\n<\/section>\n<footer>\n<hr \/>\n<table style=\"width: 100%; \">\n<tr>\n<td style=\"width: 40%; text-align: left; \">\n<a href=\"\/codex\/petites-questions-de-physiologie\/petites-questions-de-physiologie-animale-2019-ouvrage\/des-epitheliums-digestifs-responsables-de-la-protection\" title=\"Des \u00e9pith\u00e9liums digestifs responsables de la protection\">Pr\u00e9c\u00e9dent<\/a>\u00a0<\/td>\n<td style=\"width: 20%; text-align: center; \">\n<a href=\"\/codex\/petites-questions-de-physiologie\/petites-questions-de-physiologie-animale-2019-ouvrage\/la-diversite-structurale-et-fonctionnelle-des-epitheliums-digestifs-introduction\" title=\"La diversit\u00e9 structurale et fonctionnelle des \u00e9pith\u00e9liums digestifs : introduction\">Niveau sup\u00e9rieur<\/a>\n<\/td>\n<td style=\"width: 40%; text-align: right; \"><a href=\"\/codex\/petites-questions-de-physiologie\/petites-questions-de-physiologie-animale-2019-ouvrage\/la-diversite-structurale-et-fonctionnelle-des-epitheliums-digestifs-bibliographie-et-sitographie\" title=\"La diversit\u00e9 structurale et fonctionnelle des \u00e9pith\u00e9liums digestifs : bibliographie et sitographie\">Suivant<\/a>\n<\/td>\n<\/tr>\n<tr>\n<td style=\"width: 40%; text-align: left; vertical-align: top; \">Des \u00e9pith\u00e9liums digestifs responsables de la protection\u00a0<\/td>\n<td style=\"width: 20%; text-align: center; \">\n<a href=\"\/codex\/petites-questions-de-physiologie\/petites-questions-de-physiologie-animale-2019-ouvrage\" title=\"Petites questions de physiologie animale 2019 : ouvrage\">Sommaire<\/a>\n<\/td>\n<td style=\"width: 40%; text-align: right; vertical-align: top; \">\u00a0Bibliographie et sitographie<\/td>\n<\/tr>\n<\/table>\n<\/footer>\n","protected":false},"excerpt":{"rendered":"<p>Conclusion Pr\u00e9c\u00e9dent\u00a0 La diversit\u00e9 structurale et fonctionnelle des \u00e9pith\u00e9liums digestifs Suivant &nbsp; L&rsquo;\u00e9pith\u00e9lium digestif pr\u00e9sente donc une grande diversit\u00e9 chez les M\u00e9tazoaires. En termes de localisation, il est pr\u00e9sent au contact de la lumi\u00e8re du tube digestif ou dans les glandes digestives. Du point de vue structural, l&rsquo;\u00e9pith\u00e9lium de rev\u00eatement comporte une ou plusieurs assises [&hellip;]<\/p>\n","protected":false},"author":2,"featured_media":0,"parent":13169,"menu_order":30,"comment_status":"closed","ping_status":"closed","template":"","meta":{"site-sidebar-layout":"default","site-content-layout":"","ast-site-content-layout":"default","site-content-style":"default","site-sidebar-style":"default","ast-global-header-display":"","ast-banner-title-visibility":"","ast-main-header-display":"","ast-hfb-above-header-display":"","ast-hfb-below-header-display":"","ast-hfb-mobile-header-display":"","site-post-title":"","ast-breadcrumbs-content":"","ast-featured-img":"","footer-sml-layout":"","ast-disable-related-posts":"","theme-transparent-header-meta":"","adv-header-id-meta":"","stick-header-meta":"","header-above-stick-meta":"","header-main-stick-meta":"","header-below-stick-meta":"","astra-migrate-meta-layouts":"default","ast-page-background-enabled":"default","ast-page-background-meta":{"desktop":{"background-color":"var(--ast-global-color-4)","background-image":"","background-repeat":"repeat","background-position":"center center","background-size":"auto","background-attachment":"scroll","background-type":"","background-media":"","overlay-type":"","overlay-color":"","overlay-opacity":"","overlay-gradient":""},"tablet":{"background-color":"","background-image":"","background-repeat":"repeat","background-position":"center center","background-size":"auto","background-attachment":"scroll","background-type":"","background-media":"","overlay-type":"","overlay-color":"","overlay-opacity":"","overlay-gradient":""},"mobile":{"background-color":"","background-image":"","background-repeat":"repeat","background-position":"center center","background-size":"auto","background-attachment":"scroll","background-type":"","background-media":"","overlay-type":"","overlay-color":"","overlay-opacity":"","overlay-gradient":""}},"ast-content-background-meta":{"desktop":{"background-color":"var(--ast-global-color-5)","background-image":"","background-repeat":"repeat","background-position":"center center","background-size":"auto","background-attachment":"scroll","background-type":"","background-media":"","overlay-type":"","overlay-color":"","overlay-opacity":"","overlay-gradient":""},"tablet":{"background-color":"var(--ast-global-color-5)","background-image":"","background-repeat":"repeat","background-position":"center center","background-size":"auto","background-attachment":"scroll","background-type":"","background-media":"","overlay-type":"","overlay-color":"","overlay-opacity":"","overlay-gradient":""},"mobile":{"background-color":"var(--ast-global-color-5)","background-image":"","background-repeat":"repeat","background-position":"center center","background-size":"auto","background-attachment":"scroll","background-type":"","background-media":"","overlay-type":"","overlay-color":"","overlay-opacity":"","overlay-gradient":""}},"footnotes":""},"class_list":["post-13631","page","type-page","status-publish","hentry"],"aioseo_notices":[],"jetpack_sharing_enabled":true,"_links":{"self":[{"href":"https:\/\/codexvirtualis.fr\/codex\/wp-json\/wp\/v2\/pages\/13631","targetHints":{"allow":["GET"]}}],"collection":[{"href":"https:\/\/codexvirtualis.fr\/codex\/wp-json\/wp\/v2\/pages"}],"about":[{"href":"https:\/\/codexvirtualis.fr\/codex\/wp-json\/wp\/v2\/types\/page"}],"author":[{"embeddable":true,"href":"https:\/\/codexvirtualis.fr\/codex\/wp-json\/wp\/v2\/users\/2"}],"replies":[{"embeddable":true,"href":"https:\/\/codexvirtualis.fr\/codex\/wp-json\/wp\/v2\/comments?post=13631"}],"version-history":[{"count":4,"href":"https:\/\/codexvirtualis.fr\/codex\/wp-json\/wp\/v2\/pages\/13631\/revisions"}],"predecessor-version":[{"id":13664,"href":"https:\/\/codexvirtualis.fr\/codex\/wp-json\/wp\/v2\/pages\/13631\/revisions\/13664"}],"up":[{"embeddable":true,"href":"https:\/\/codexvirtualis.fr\/codex\/wp-json\/wp\/v2\/pages\/13169"}],"wp:attachment":[{"href":"https:\/\/codexvirtualis.fr\/codex\/wp-json\/wp\/v2\/media?parent=13631"}],"curies":[{"name":"wp","href":"https:\/\/api.w.org\/{rel}","templated":true}]}}