{"id":13626,"date":"2021-05-08T11:40:37","date_gmt":"2021-05-08T09:40:37","guid":{"rendered":"https:\/\/codexvirtualis.fr\/codex\/?page_id=13626"},"modified":"2021-05-09T14:36:52","modified_gmt":"2021-05-09T12:36:52","slug":"des-epitheliums-digestifs-responsables-de-la-protection","status":"publish","type":"page","link":"https:\/\/codexvirtualis.fr\/codex\/petites-questions-de-physiologie\/petites-questions-de-physiologie-animale-2019-ouvrage\/des-epitheliums-digestifs-responsables-de-la-protection","title":{"rendered":"Des \u00e9pith\u00e9liums digestifs responsables de la protection"},"content":{"rendered":"<header>\n<table style=\"width: 100%; \">\n<tr>\n<th style=\"text-align: center; \" colspan=\"3\">Des \u00e9pith\u00e9liums digestifs responsables de la protection<\/th>\n<\/tr>\n<tr>\n<td style=\"width: 20%; text-align: left; \">\n<a href=\"\/codex\/petites-questions-de-physiologie\/petites-questions-de-physiologie-animale-2019-ouvrage\/des-epitheliums-digestifs-responsables-de-labsorption\" title=\"Des \u00e9pith\u00e9liums digestifs responsables de l\u2019absorption\">Pr\u00e9c\u00e9dent<\/a>\u00a0<\/td>\n<th style=\"width: 60%; text-align: center; \">La diversit\u00e9 structurale et fonctionnelle des \u00e9pith\u00e9liums digestifs<\/th>\n<td style=\"width: 20%; text-align: right; \">\u00a0<a href=\"\/codex\/petites-questions-de-physiologie\/petites-questions-de-physiologie-animale-2019-ouvrage\/la-diversite-structurale-et-fonctionnelle-des-epitheliums-digestifs-conclusion\" title=\"La diversit\u00e9 structurale et fonctionnelle des \u00e9pith\u00e9liums digestifs : conclusion\">Suivant<\/a>\n<\/td>\n<\/tr>\n<\/table>\n<hr \/>\n<\/header>\n<p> &nbsp; <\/p>\n<section class=\"sect1\" id=\"d0e3984\">\n<p>Les aliments sont parfois anguleux et abrasifs. Les s\u00e9cr\u00e9tions digestives contiennent g\u00e9n\u00e9ralement des enzymes et poss\u00e8dent parfois un pH acide.<\/p>\n<p>Le contenu de la lumi\u00e8re du tube digestif est ainsi potentiellement \u00e0 l&rsquo;origine d&rsquo;agressions m\u00e9caniques et chimiques, voire biologiques avec la pr\u00e9sence de microorganismes pathog\u00e8nes.<\/p>\n<p>En quoi l&rsquo;\u00e9pith\u00e9lium digestif est-il protecteur vis-\u00e0-vis de ces agressions ?<\/p>\n<\/section>\n<section class=\"sect2\" id=\"d0e3993\">\n<h3 class=\"title\">Des \u00e9pith\u00e9liums \u00e9pais assurant une protection m\u00e9canique<\/h3>\n<p> &nbsp; <\/p>\n<figure id=\"d0e3996\"\nclass=\"img\"\ntitle=\"Figure\u00a09.\u00a0\u0152sophage de Souris en coupe transversale (Collection de l\u2019ENS de&#xA; Lyon)\"><\/p>\n<div class=\"figure\">\n<figure style=\"width: 300px\" class=\"wp-caption alignnone\"><a rel=\"lightbox\" href=\"\/documents\/images\/PetitesQuestionsDePhysiologie\/2019\/media\/images\/13_figure_09.jpg\"><img decoding=\"async\" src=\"\/documents\/images\/PetitesQuestionsDePhysiologie\/2019\/media\/images\/13_figure_09.jpg\" width=\"300\" \" alt=\"\u0152sophage de Souris en coupe transversale (Collection de l\u2019ENS de Lyon)\" class=\"size-medium\" \/><figcaption class=\"wp-caption-text\">Figure\u00a09.\u00a0\u0152sophage de Souris en coupe transversale (Collection de l\u2019ENS de Lyon) <\/a><\/figcaption><\/figure>\n<\/div>\n<div class=\"copyright\">\n<p>Copyright : 2019 &#8211; Henri-Gabriel Dupuy ; Sandrine Heusser<\/p>\n<\/div>\n<div class=\"legalnotice\" title=\"Note L\u00e9gale\">\n<p> Cette illustration est mise \u00e0 disposition selon les termes de la Licence Creative Commons Attribution &#8211; Pas d&rsquo;Utilisation Commerciale &#8211; Partage dans les m\u00eames conditions 4.0 International.<span class=\"inlinemediaobject\"><br \/>\n<img decoding=\"async\" class=\"ccimage\" src=\"\/documents\/images\/PetitesQuestionsDePhysiologie\/2019\/media\/images\/00_licence.png\" width=\"50\"\/> <\/span> <\/p>\n<\/div>\n<\/figure>\n<p> &nbsp; <\/p>\n<p>Parmi les Mammif\u00e8res, la Souris se nourrit d&rsquo;aliments relativement durs comme les graines. Une fois broy\u00e9s et impr\u00e9gn\u00e9s de salive, les aliments sont aval\u00e9s et transitent dans l&rsquo;\u0153sophage qui les achemine vers l&rsquo;estomac. <\/p>\n<p>L&rsquo;\u00e9pith\u00e9lium de l&rsquo;\u0153sophage appara\u00eet pluristratifi\u00e9 et pavimenteux. Au contact de la lumi\u00e8re il est recouvert d&rsquo;une couche k\u00e9ratinis\u00e9e lamelleuse constitu\u00e9e par les cellules \u00e9pith\u00e9liales mortes. <\/p>\n<p>La k\u00e9ratine est une prot\u00e9ine imperm\u00e9able et solide. Sa pr\u00e9sence, de m\u00eame que l&rsquo;\u00e9paisseur de l&rsquo;\u00e9pith\u00e9lium pluristratifi\u00e9, contribuent \u00e0 la protection de l&rsquo;\u0153sophage vis-\u00e0-vis de l&rsquo;abrasion exerc\u00e9e par le bol alimentaire.<\/p>\n<p>Outre la couche k\u00e9ratinis\u00e9e de l&rsquo;\u0153osophage de certains Vert\u00e9br\u00e9s, la cuticule de l&rsquo;\u00e9pith\u00e9lium du stomod\u00e9um des Euarthropodes joue un r\u00f4le protecteur, qui s&rsquo;ajoute \u00e0 sa fonction broyeuse.<\/p>\n<p>Dans le groupe des Oiseaux, certaines esp\u00e8ces comme la Poule avalent des cailloux qui dans le g\u00e9sier contribuent au traitement m\u00e9canique des aliments. Ils sont susceptibles de l\u00e9ser la paroi digestive. Elle est prot\u00e9g\u00e9e par une \u00e9paisse couche prot\u00e9ique s\u00e9cr\u00e9t\u00e9e par les glandes muqueuses, \u00e9galement impliqu\u00e9e dans la d\u00e9gradation m\u00e9canique des aliments. <\/p>\n<p>Ainsi, la protection m\u00e9canique d\u00e9velopp\u00e9e par les \u00e9pith\u00e9liums digestifs implique g\u00e9n\u00e9ralement le d\u00e9p\u00f4t d&rsquo;une couche superficielle r\u00e9sistante aux contraintes m\u00e9caniques, fr\u00e9quemment impliqu\u00e9e dans le traitement m\u00e9canique des aliments.<\/p>\n<p>Qu&rsquo;en est-il de la protection chimique ?<\/p>\n<\/section>\n<section class=\"sect2\" id=\"d0e4036\">\n<h3 class=\"title\">Des \u00e9pith\u00e9liums s\u00e9cr\u00e9teurs assurant une protection chimique<\/h3>\n<p>Si certaines cellules s\u00e9cr\u00e9trices des \u00e9pith\u00e9liums digestifs synth\u00e9tisent et lib\u00e8rent des enzymes voire de l&rsquo;acide chlorhydrique, d&rsquo;autres produisent une substance appel\u00e9e mucus. <\/p>\n<p> &nbsp; <\/p>\n<figure id=\"d0e4041\"\nclass=\"img\"\ntitle=\"Figure\u00a010.\u00a0\u00c9pith\u00e9lium de l'estomac de Rat en coupe transversale (Collection de l\u2019ENS de&#xA; Lyon)\"><\/p>\n<div class=\"figure\">\n<figure style=\"width: 300px\" class=\"wp-caption alignnone\"><a rel=\"lightbox\" href=\"\/documents\/images\/PetitesQuestionsDePhysiologie\/2019\/media\/images\/13_figure_10.jpg\"><img decoding=\"async\" src=\"\/documents\/images\/PetitesQuestionsDePhysiologie\/2019\/media\/images\/13_figure_10.jpg\" width=\"300\" \" alt=\"\u00c9pith\u00e9lium de l'estomac de Rat en coupe transversale (Collection de l\u2019ENS de Lyon)\" class=\"size-medium\" \/><figcaption class=\"wp-caption-text\">Figure\u00a010.\u00a0\u00c9pith\u00e9lium de l&rsquo;estomac de Rat en coupe transversale (Collection de l\u2019ENS de Lyon) <\/a><\/figcaption><\/figure>\n<\/div>\n<div class=\"copyright\">\n<p>Copyright : 2019 &#8211; Sandrine Heusser<\/p>\n<\/div>\n<div class=\"legalnotice\" title=\"Note L\u00e9gale\">\n<p> Cette illustration est mise \u00e0 disposition selon les termes de la Licence Creative Commons Attribution &#8211; Pas d&rsquo;Utilisation Commerciale &#8211; Partage dans les m\u00eames conditions 4.0 International.<span class=\"inlinemediaobject\"><br \/>\n<img decoding=\"async\" class=\"ccimage\" src=\"\/documents\/images\/PetitesQuestionsDePhysiologie\/2019\/media\/images\/00_licence.png\" width=\"50\"\/> <\/span> <\/p>\n<\/div>\n<\/figure>\n<p> &nbsp; <\/p>\n<p>L&rsquo;\u00e9pith\u00e9lium bordant la lumi\u00e8re de l&rsquo;estomac du Rat, et plus g\u00e9n\u00e9ralement des Mammif\u00e8res est simple et prismatique. Il est constitu\u00e9 d&rsquo;un unique type de cellules, poss\u00e9dant une poche apicale remplie de produit de s\u00e9cr\u00e9tion. <\/p>\n<p>Le produit \u00e9labor\u00e9 est un mucus, liquide visqueux compos\u00e9 en moyenne de 95% d&rsquo;eau et 5% de mucoprot\u00e9ines. Les mucoprot\u00e9ines sont principalement des glycoprot\u00e9ines, notamment des mucopolysaccharides comme la mucine. Lib\u00e9r\u00e9, le mucus s&rsquo;\u00e9tale \u00e0 la surface de l&rsquo;\u00e9pith\u00e9lium et forme un film protecteur vis-\u00e0-vis des enzymes et de l&rsquo;acide chlorhydrique \u00e0 l&rsquo;attaque desquels il est r\u00e9sistant.<\/p>\n<p> &nbsp; <\/p>\n<figure id=\"d0e4069\"\nclass=\"img\"\ntitle=\"Figure\u00a011.\u00a0Glandes de Br\u00fcnner du duod\u00e9num de Rat en coupe longitudinale (Collection de&#xA; l\u2019ENS de Lyon)\"><\/p>\n<div class=\"figure\">\n<figure style=\"width: 300px\" class=\"wp-caption alignnone\"><a rel=\"lightbox\" href=\"\/documents\/images\/PetitesQuestionsDePhysiologie\/2019\/media\/images\/13_figure_11.jpg\"><img decoding=\"async\" src=\"\/documents\/images\/PetitesQuestionsDePhysiologie\/2019\/media\/images\/13_figure_11.jpg\" width=\"300\" \" alt=\"Glandes de Br\u00fcnner du duod\u00e9num de Rat en coupe longitudinale (Collection de l\u2019ENS de Lyon)\" class=\"size-medium\" \/><figcaption class=\"wp-caption-text\">Figure\u00a011.\u00a0Glandes de Br\u00fcnner du duod\u00e9num de Rat en coupe longitudinale (Collection de l\u2019ENS de Lyon) <\/a><\/figcaption><\/figure>\n<\/div>\n<div class=\"copyright\">\n<p>Copyright : 2019 &#8211; Sandrine Heusser<\/p>\n<\/div>\n<div class=\"legalnotice\" title=\"Note L\u00e9gale\">\n<p> Cette illustration est mise \u00e0 disposition selon les termes de la Licence Creative Commons Attribution &#8211; Pas d&rsquo;Utilisation Commerciale &#8211; Partage dans les m\u00eames conditions 4.0 International.<span class=\"inlinemediaobject\"><br \/>\n<img decoding=\"async\" class=\"ccimage\" src=\"\/documents\/images\/PetitesQuestionsDePhysiologie\/2019\/media\/images\/00_licence.png\" width=\"50\"\/> <\/span> <\/p>\n<\/div>\n<\/figure>\n<p> &nbsp; <\/p>\n<p>Dans le duod\u00e9num de Rat, et des Mammif\u00e8res en g\u00e9n\u00e9ral, l&rsquo;\u00e9pith\u00e9lium forme des glandes ramifi\u00e9es et tubuleuses invagin\u00e9es dans la sous-muqueuse, les glandes de Br\u00fcnner. Elles sont form\u00e9es de cellules hautes accumulant \u00e0 leur apex des globules peu color\u00e9s. Il s&rsquo;agit de cellules s\u00e9cr\u00e9trices.<\/p>\n<p>Elles \u00e9laborent un mucus riche en ions bicarbonates (HCO<sub>3<\/sub><sup>&#8211;<\/sup> ) neutralisant l\u2019acidit\u00e9 du chyme, bouillie quittant l\u2019estomac, et prot\u00e9geant ainsi l&rsquo;\u00e9pith\u00e9lium intestinal des effets de l&rsquo;acidit\u00e9.<\/p>\n<p>Parall\u00e8lement, l&rsquo;\u00e9pith\u00e9lium des villosit\u00e9s et des cryptes comporte des mucocytes isol\u00e9s produisant un mucus, qui \u00e9tal\u00e9 \u00e0 la surface de l&rsquo;\u00e9pith\u00e9lium, assure la protection vis-\u00e0-vis de la d\u00e9gradation par les enzymes du suc pancr\u00e9atique.<\/p>\n<p>Les cellules glandulaires isol\u00e9es sont fr\u00e9quentes dans les \u00e9pith\u00e9liums digestifs des Eum\u00e9tazoaires et sont souvent \u00e0 l&rsquo;origine de substances assurant la protection chimique du tube digestif. Cependant, la protection peut \u00eatre d\u2019intensit\u00e9 variable selon le r\u00e9gime alimentaire et le stade du traitement des aliments. <\/p>\n<p> &nbsp; <\/p>\n<figure id=\"d0e4107\"\nclass=\"img\"\ntitle=\"Figure\u00a012.\u00a0Crypte de Lieberk\u00fchn d'intestin gr\u00eale de Souris en coupe transversale&#xA; (Collection de l\u2019ENS de Lyon)\"><\/p>\n<div class=\"figure\">\n<figure style=\"width: 300px\" class=\"wp-caption alignnone\"><a rel=\"lightbox\" href=\"\/documents\/images\/PetitesQuestionsDePhysiologie\/2019\/media\/images\/13_figure_12.jpg\"><img decoding=\"async\" src=\"\/documents\/images\/PetitesQuestionsDePhysiologie\/2019\/media\/images\/13_figure_12.jpg\" width=\"300\" \" alt=\"Crypte de Lieberk\u00fchn d'intestin gr\u00eale de Souris en coupe transversale (Collection de l\u2019ENS de Lyon)\" class=\"size-medium\" \/><figcaption class=\"wp-caption-text\">Figure\u00a012.\u00a0Crypte de Lieberk\u00fchn d&rsquo;intestin gr\u00eale de Souris en coupe transversale (Collection de l\u2019ENS de Lyon) <\/a><\/figcaption><\/figure>\n<\/div>\n<div class=\"copyright\">\n<p>Copyright : 2019 &#8211; Sandrine Heusser<\/p>\n<\/div>\n<div class=\"legalnotice\" title=\"Note L\u00e9gale\">\n<p> Cette illustration est mise \u00e0 disposition selon les termes de la Licence Creative Commons Attribution &#8211; Pas d&rsquo;Utilisation Commerciale &#8211; Partage dans les m\u00eames conditions 4.0 International.<span class=\"inlinemediaobject\"><br \/>\n<img decoding=\"async\" class=\"ccimage\" src=\"\/documents\/images\/PetitesQuestionsDePhysiologie\/2019\/media\/images\/00_licence.png\" width=\"50\"\/> <\/span> <\/p>\n<\/div>\n<\/figure>\n<p> &nbsp; <\/p>\n<p>Parmi les cellules s\u00e9cr\u00e9trices isol\u00e9es de l&rsquo;\u00e9pith\u00e9lium digestif des Mammif\u00e8res figurent les cellules de Paneth. <\/p>\n<p>Situ\u00e9es au fond des cryptes de Lieberk\u00fchn de l&rsquo;intestin gr\u00eale, les cellules de Paneth sont relativement volumineuses, de forme pyramidale. Elles poss\u00e8dent un noyau basal et leur cytoplasme apical contient de gros grains de s\u00e9cr\u00e9tion tr\u00e8s color\u00e9s. Elles pr\u00e9sentent un ph\u00e9notype s\u00e9cr\u00e9teur.<\/p>\n<p>Les cellules de Paneth synth\u00e9tisent des prot\u00e9ines, dont une enzyme bact\u00e9ricide, le lysozyme.<\/p>\n<p>Les cellules s\u00e9cr\u00e9trices de l&rsquo;\u00e9pith\u00e9lium digestif, group\u00e9es en glandes ou isol\u00e9es, produisent ainsi des substances protectrices, \u00e9vitant sa d\u00e9gradation enzymatique ou par l&rsquo;acidit\u00e9, mais aussi des mol\u00e9cules ayant une action sur les microorganismes pathog\u00e8nes.<\/p>\n<p>Chez les Vert\u00e9br\u00e9s, l&rsquo;acteur principal de la d\u00e9fense vis-\u00e0-vis des organismes pathog\u00e8nes est le syst\u00e8me immunitaire. <\/p>\n<p>Quelles sont les relations de l&rsquo;\u00e9pith\u00e9lium digestif avec le syst\u00e8me immunitaire ?<\/p>\n<\/section>\n<section class=\"sect2\" id=\"d0e4143\">\n<h3 class=\"title\">Des \u00e9pith\u00e9liums assurant une protection immunitaire<\/h3>\n<p> &nbsp; <\/p>\n<figure id=\"d0e4146\"\nclass=\"img\"\ntitle=\"Figure\u00a013.\u00a0Plaques de Peyer de l'intestin de Lapin en coupe longitudinale (Collection de&#xA; l\u2019ENS de Lyon)\"><\/p>\n<div class=\"figure\">\n<figure style=\"width: 300px\" class=\"wp-caption alignnone\"><a rel=\"lightbox\" href=\"\/documents\/images\/PetitesQuestionsDePhysiologie\/2019\/media\/images\/13_figure_13.jpg\"><img decoding=\"async\" src=\"\/documents\/images\/PetitesQuestionsDePhysiologie\/2019\/media\/images\/13_figure_13.jpg\" width=\"300\" \" alt=\"Plaques de Peyer de l'intestin de Lapin en coupe longitudinale (Collection de l\u2019ENS de Lyon)\" class=\"size-medium\" \/><figcaption class=\"wp-caption-text\">Figure\u00a013.\u00a0Plaques de Peyer de l&rsquo;intestin de Lapin en coupe longitudinale (Collection de l\u2019ENS de Lyon) <\/a><\/figcaption><\/figure>\n<\/div>\n<div class=\"copyright\">\n<p>Copyright : 2019 &#8211; Sandrine Heusser<\/p>\n<\/div>\n<div class=\"legalnotice\" title=\"Note L\u00e9gale\">\n<p> Cette illustration est mise \u00e0 disposition selon les termes de la Licence Creative Commons Attribution &#8211; Pas d&rsquo;Utilisation Commerciale &#8211; Partage dans les m\u00eames conditions 4.0 International.<span class=\"inlinemediaobject\"><br \/>\n<img decoding=\"async\" class=\"ccimage\" src=\"\/documents\/images\/PetitesQuestionsDePhysiologie\/2019\/media\/images\/00_licence.png\" width=\"50\"\/> <\/span> <\/p>\n<\/div>\n<\/figure>\n<p> &nbsp; <\/p>\n<p>La paroi de l&rsquo;intestin gr\u00eale des Mammif\u00e8res et en particulier du Lapin comporte localement des amas constitu\u00e9s de nombreuses cellules de petite taille, situ\u00e9s dans le chorion de la muqueuse, \u00e0 l&rsquo;origine de d\u00e9formations en d\u00f4mes de la surface \u00e9pith\u00e9liale.<\/p>\n<p>Une telle organisation est caract\u00e9ristique d&rsquo;agr\u00e9gats lympho\u00efdes, groupes de lymphocytes d\u00e9pourvus d&rsquo;enveloppe externe. En l&rsquo;occurrence, ils sont appel\u00e9s plaques de Peyer et rel\u00e8vent du tissu lympho\u00efde associ\u00e9 au tube digestif, d\u00e9sign\u00e9 par l&rsquo;acronyme GALT (gut associated lymphoid tissue).<\/p>\n<p>L&rsquo;\u00e9pith\u00e9lium surmontant les plaques de Peyer contient de nombreux lymphocytes, qualifi\u00e9s d&rsquo;intra\u00e9pith\u00e9liaux, ainsi que des cellules dites cellules M r\u00e9alisant le transfert des antig\u00e8nes de la lumi\u00e8re intestinale aux plaques de Peyer.<\/p>\n<p>Associ\u00e9 aux agr\u00e9gats lympho\u00efdes du syst\u00e8me immunitaire, l&rsquo;\u00e9pith\u00e9lium digestif est impliqu\u00e9 dans le pr\u00e9l\u00e8vement et le transfert des antig\u00e8nes pr\u00e9sents dans la lumi\u00e8re du tube digestif.<\/p>\n<p>Ainsi, l&rsquo;\u00e9pith\u00e9lium digestif contribue-t-il \u00e0 la d\u00e9fense immunitaire de l&rsquo;appareil digestif.<\/p>\n<\/section>\n<p> &nbsp; <\/p>\n<footer>\n<hr \/>\n<table style=\"width: 100%; \">\n<tr>\n<td style=\"width: 40%; text-align: left; \">\n<a href=\"\/codex\/petites-questions-de-physiologie\/petites-questions-de-physiologie-animale-2019-ouvrage\/des-epitheliums-digestifs-responsables-de-labsorption\" title=\"Des \u00e9pith\u00e9liums digestifs responsables de l\u2019absorption\">Pr\u00e9c\u00e9dent<\/a>\u00a0<\/td>\n<td style=\"width: 20%; text-align: center; \">\n<a href=\"\/codex\/petites-questions-de-physiologie\/petites-questions-de-physiologie-animale-2019-ouvrage\/la-diversite-structurale-et-fonctionnelle-des-epitheliums-digestifs-introduction\" title=\"La diversit\u00e9 structurale et fonctionnelle des \u00e9pith\u00e9liums digestifs : introduction\">Niveau sup\u00e9rieur<\/a>\n<\/td>\n<td style=\"width: 40%; text-align: right; \"><a href=\"\/codex\/petites-questions-de-physiologie\/petites-questions-de-physiologie-animale-2019-ouvrage\/la-diversite-structurale-et-fonctionnelle-des-epitheliums-digestifs-conclusion\" title=\"La diversit\u00e9 structurale et fonctionnelle des \u00e9pith\u00e9liums digestifs : conclusion\">Suivant<\/a>\n<\/td>\n<\/tr>\n<tr>\n<td style=\"width: 40%; text-align: left; vertical-align: top; \">Des \u00e9pith\u00e9liums digestifs  responsables de l\u2019absorption \u00a0<\/td>\n<td style=\"width: 20%; text-align: center; \">\n<a href=\"\/codex\/petites-questions-de-physiologie\/petites-questions-de-physiologie-animale-2019-ouvrage\" title=\"Petites questions de physiologie animale 2019 : ouvrage\">Sommaire<\/a>\n<\/td>\n<td style=\"width: 40%; text-align: right; vertical-align: top; \">\u00a0Conclusion<\/td>\n<\/tr>\n<\/table>\n<\/footer>\n","protected":false},"excerpt":{"rendered":"<p>Des \u00e9pith\u00e9liums digestifs responsables de la protection Pr\u00e9c\u00e9dent\u00a0 La diversit\u00e9 structurale et fonctionnelle des \u00e9pith\u00e9liums digestifs \u00a0Suivant &nbsp; Les aliments sont parfois anguleux et abrasifs. Les s\u00e9cr\u00e9tions digestives contiennent g\u00e9n\u00e9ralement des enzymes et poss\u00e8dent parfois un pH acide. Le contenu de la lumi\u00e8re du tube digestif est ainsi potentiellement \u00e0 l&rsquo;origine d&rsquo;agressions m\u00e9caniques et chimiques, [&hellip;]<\/p>\n","protected":false},"author":2,"featured_media":0,"parent":13169,"menu_order":29,"comment_status":"closed","ping_status":"closed","template":"","meta":{"site-sidebar-layout":"default","site-content-layout":"","ast-site-content-layout":"default","site-content-style":"default","site-sidebar-style":"default","ast-global-header-display":"","ast-banner-title-visibility":"","ast-main-header-display":"","ast-hfb-above-header-display":"","ast-hfb-below-header-display":"","ast-hfb-mobile-header-display":"","site-post-title":"","ast-breadcrumbs-content":"","ast-featured-img":"","footer-sml-layout":"","ast-disable-related-posts":"","theme-transparent-header-meta":"","adv-header-id-meta":"","stick-header-meta":"","header-above-stick-meta":"","header-main-stick-meta":"","header-below-stick-meta":"","astra-migrate-meta-layouts":"default","ast-page-background-enabled":"default","ast-page-background-meta":{"desktop":{"background-color":"var(--ast-global-color-4)","background-image":"","background-repeat":"repeat","background-position":"center center","background-size":"auto","background-attachment":"scroll","background-type":"","background-media":"","overlay-type":"","overlay-color":"","overlay-opacity":"","overlay-gradient":""},"tablet":{"background-color":"","background-image":"","background-repeat":"repeat","background-position":"center center","background-size":"auto","background-attachment":"scroll","background-type":"","background-media":"","overlay-type":"","overlay-color":"","overlay-opacity":"","overlay-gradient":""},"mobile":{"background-color":"","background-image":"","background-repeat":"repeat","background-position":"center center","background-size":"auto","background-attachment":"scroll","background-type":"","background-media":"","overlay-type":"","overlay-color":"","overlay-opacity":"","overlay-gradient":""}},"ast-content-background-meta":{"desktop":{"background-color":"var(--ast-global-color-5)","background-image":"","background-repeat":"repeat","background-position":"center center","background-size":"auto","background-attachment":"scroll","background-type":"","background-media":"","overlay-type":"","overlay-color":"","overlay-opacity":"","overlay-gradient":""},"tablet":{"background-color":"var(--ast-global-color-5)","background-image":"","background-repeat":"repeat","background-position":"center center","background-size":"auto","background-attachment":"scroll","background-type":"","background-media":"","overlay-type":"","overlay-color":"","overlay-opacity":"","overlay-gradient":""},"mobile":{"background-color":"var(--ast-global-color-5)","background-image":"","background-repeat":"repeat","background-position":"center center","background-size":"auto","background-attachment":"scroll","background-type":"","background-media":"","overlay-type":"","overlay-color":"","overlay-opacity":"","overlay-gradient":""}},"footnotes":""},"class_list":["post-13626","page","type-page","status-publish","hentry"],"aioseo_notices":[],"jetpack_sharing_enabled":true,"_links":{"self":[{"href":"https:\/\/codexvirtualis.fr\/codex\/wp-json\/wp\/v2\/pages\/13626","targetHints":{"allow":["GET"]}}],"collection":[{"href":"https:\/\/codexvirtualis.fr\/codex\/wp-json\/wp\/v2\/pages"}],"about":[{"href":"https:\/\/codexvirtualis.fr\/codex\/wp-json\/wp\/v2\/types\/page"}],"author":[{"embeddable":true,"href":"https:\/\/codexvirtualis.fr\/codex\/wp-json\/wp\/v2\/users\/2"}],"replies":[{"embeddable":true,"href":"https:\/\/codexvirtualis.fr\/codex\/wp-json\/wp\/v2\/comments?post=13626"}],"version-history":[{"count":4,"href":"https:\/\/codexvirtualis.fr\/codex\/wp-json\/wp\/v2\/pages\/13626\/revisions"}],"predecessor-version":[{"id":13675,"href":"https:\/\/codexvirtualis.fr\/codex\/wp-json\/wp\/v2\/pages\/13626\/revisions\/13675"}],"up":[{"embeddable":true,"href":"https:\/\/codexvirtualis.fr\/codex\/wp-json\/wp\/v2\/pages\/13169"}],"wp:attachment":[{"href":"https:\/\/codexvirtualis.fr\/codex\/wp-json\/wp\/v2\/media?parent=13626"}],"curies":[{"name":"wp","href":"https:\/\/api.w.org\/{rel}","templated":true}]}}