{"id":13565,"date":"2021-04-29T16:16:25","date_gmt":"2021-04-29T14:16:25","guid":{"rendered":"https:\/\/codexvirtualis.fr\/codex\/?page_id=13565"},"modified":"2021-08-01T19:15:28","modified_gmt":"2021-08-01T17:15:28","slug":"la-diversite-des-reins-des-vertebres-bibliographie-et-sitographie","status":"publish","type":"page","link":"https:\/\/codexvirtualis.fr\/codex\/petites-questions-de-physiologie\/petites-questions-de-physiologie-animale-2019-ouvrage\/la-diversite-des-reins-des-vertebres-bibliographie-et-sitographie","title":{"rendered":"La diversit\u00e9 des reins des Vert\u00e9br\u00e9s : bibliographie et sitographie"},"content":{"rendered":"<header>\n<table style=\"width: 100%; \">\n<tr>\n<th style=\"text-align: center; \" colspan=\"3\">Bibliographie et sitographie<\/th>\n<\/tr>\n<tr>\n<td style=\"width: 20%; text-align: left; \">\n<a href=\"\/codex\/petites-questions-de-physiologie\/petites-questions-de-physiologie-animale-2019-ouvrage\/la-diversite-des-reins-des-vertebres-conclusion\" title=\"La diversit\u00e9 des reins des Vert\u00e9br\u00e9s : conclusion\">Pr\u00e9c\u00e9dent<\/a>\u00a0<\/td>\n<th style=\"width: 60%; text-align: center; \">La diversit\u00e9 des reins des Vert\u00e9br\u00e9s<\/th>\n<td style=\"width: 20%; text-align: right; \">\u00a0<a href=\"\/codex\/petites-questions-de-physiologie\/petites-questions-de-physiologie-animale-2019-ouvrage\/la-diversite-structurale-et-fonctionnelle-des-epitheliums-digestifs-introduction\" title=\"La diversit\u00e9 structurale et fonctionnelle des \u00e9pith\u00e9liums digestifs : introduction\">Suivant<\/a>\n<\/td>\n<\/tr>\n<\/table>\n<hr \/>\n<\/header>\n<p> &nbsp; <\/p>\n<h3 class=\"title\">Livres<\/h3>\n<p>\n<span class=\"authorgroup\"><br \/>\n<span class=\"firstname\">Neil<\/span> <span class=\"surname\">Campbell<\/span>, <span class=\"firstname\">Jane<\/span> <span class=\"surname\">Reece<\/span>, <span class=\"firstname\">Lisa<\/span> <span class=\"surname\">Urry<\/span>, <span class=\"firstname\">Michael<\/span> <span class=\"surname\">Cain<\/span>, <span class=\"firstname\">Steven<\/span> <span class=\"surname\">Wasserman<\/span>, <span class=\"firstname\">Peter<\/span> <span class=\"surname\">Minorvsky<\/span>, et <span class=\"firstname\">Robert<\/span> <span class=\"surname\">Jackson<\/span>. <\/span><br \/>\n<span class=\"title\"> <em>Biologie<\/em>. <\/span> <span class=\"edition\">9\u00e8me \u00e9dition. <\/span><br \/>\n <span class=\"publisher\"> <span class=\"publishername\">Pearson. <\/span> <\/span> <span class=\"pubdate\">2012. <\/span> <span class=\"pagenums\">1458 p. <\/span> <span class=\"title\"> <em>Apprendre, toujours<\/em>. <\/span>[<span class=\"citebiblioid\">978-2-7613-5065-5<\/span>]<\/p>\n<p>\n<span class=\"authorgroup\"><br \/>\n<span class=\"firstname\">Sandrine<\/span> <span class=\"surname\">Heusser<\/span> et <span class=\"firstname\">Henri-Gabriel<\/span> <span class=\"surname\">Dupuy<\/span>. <\/span><br \/>\n<span class=\"title\"> <em>Atlas de biologie animale<\/em>. <\/span><br \/>\n<span class=\"publisher\"><span class=\"publishername\">Dunod. <\/span> <\/span> <span class=\"pubdate\">2015. <\/span> <span class=\"pagenums\">219 p. <\/span> <span class=\"title\"> <em>Sciences sup<\/em>. <\/span>[<span class=\"citebiblioid\">978-2-10-071233-5<\/span>]<\/p>\n<p>\n<span class=\"authorgroup\"><br \/>\n<span class=\"firstname\">Jean-Louis<\/span> <span class=\"surname\">Picaud<\/span>, <span class=\"firstname\">Jean-Claude<\/span> <span class=\"surname\">Baehr<\/span>, et <span class=\"firstname\">James<\/span> <span class=\"surname\">Maissiat<\/span>. <\/span><br \/>\n<span class=\"title\"><em>Biologie animale : Vert\u00e9br\u00e9s cours et QCM (tome 2)<\/em>. <\/span><br \/>\n<span class=\"publisher\"> <span class=\"publishername\">Dunod. <\/span> <\/span> <span class=\"pubdate\">2000. <\/span> <span class=\"pagenums\">298 p. <\/span> <span class=\"title\"> <em>Sciences sup<\/em>. <\/span>[<span class=\"citebiblioid\">978-2-10-004547-4<\/span>]<\/p>\n<p>\n<span class=\"authorgroup\"><br \/>\n<span class=\"firstname\">Daniel<\/span> <span class=\"surname\">Richard<\/span>, <span class=\"firstname\">Patrick<\/span> <span class=\"surname\">Chevalet<\/span>, <span class=\"firstname\">Nathalie<\/span> <span class=\"surname\">Giraud<\/span>, <span class=\"firstname\">Fabienne<\/span> <span class=\"surname\">Pradere<\/span>, <span class=\"firstname\">Thierry<\/span> <span class=\"surname\">Soubaya<\/span>, <span class=\"firstname\">Peter<\/span> <span class=\"surname\">Minorvsky<\/span>, et <span class=\"firstname\">Robert<\/span> <span class=\"surname\">Jackson<\/span>. <\/span><br \/>\n<span class=\"title\"> <em>Biologie<\/em>. <\/span><br \/>\n<span class=\"publisher\"><span class=\"publishername\">Dunod. <\/span> <\/span> <span class=\"pubdate\">2011. <\/span> <span class=\"pagenums\">219 p. <\/span> <span class=\"title\"> <em>Maxi fiches de Biologie<\/em>. <\/span>[<span class=\"citebiblioid\">978-2-10-052319-1<\/span>]<\/p>\n<p>\n<span class=\"authorgroup\"><br \/>\n<span class=\"firstname\">Knut<\/span> <span class=\"surname\">Schmidt-Nielsen<\/span>. <\/span><br \/>\n<span class=\"title\"> <em>Physiologie animale : adaptation et milieux de vie<\/em>. <\/span><br \/>\n<span class=\"publisher\"> <span class=\"publishername\">Dunod. <\/span> <\/span> <span class=\"pubdate\">1998. <\/span> <span class=\"pagenums\">611 p. <\/span> <span class=\"title\"> <em>Sciences sup<\/em>. <\/span>[<span class=\"citebiblioid\">2-10-003900-8<\/span>]<\/p>\n<p>\n<span class=\"authorgroup\"><br \/>\n <span class=\"firstname\">Lauralee<\/span> <span class=\"surname\">Sherwood<\/span>, <span class=\"firstname\">Hillar<\/span> <span class=\"surname\">Klendorf<\/span>, et <span class=\"firstname\">Paul H.<\/span> <span class=\"surname\">Yancey<\/span>. <\/span><br \/>\n<span class=\"title\"> <em>Physiologie animale<\/em>. <\/span><br \/>\n<span class=\"publisher\"> <span class=\"publishername\">Deboeck Sup\u00e9rieur. <\/span> <\/span> <span class=\"pubdate\">2016. <\/span> <span class=\"pagenums\">904 p. <\/span>[<span class=\"citebiblioid\">978-2-8073-0186-0<\/span>]<\/p>\n<h3 class=\"title\">Sites internet<\/h3>\n<p>\n<span class=\"authorgroup\"><br \/>\n<span class=\"firstname\">Michel<\/span> <span class=\"surname\">Delarue<\/span>. <\/span><br \/>\n <span class=\"title\"> <em>Le pron\u00e9phros. In Cours de biologie du d\u00e9veloppement de licence [en ligne]<\/em>. <\/span><br \/>\n <span class=\"publisher\"> <span class=\"publishername\">Unisciel. <\/span> <\/span> <span class=\"pubdate\"> [date de consultation : 04 avril 2019]. <\/span><br \/>\n<span class=\"address\"> <code class=\"uri\">Disponible sur :<br \/>\n<a class=\"link\" href=\"http:\/\/ressources.unisciel.fr\/biodudev\/co\/grain_9_4_3.html\" target=\"_top\" rel=\"noopener\">http:\/\/ressources.unisciel.fr\/biodudev\/co\/grain_9_4_3.html<\/a> <\/code>. <\/span>\n<\/p>\n<p>\n<span class=\"authorgroup\"><br \/>\n<span class=\"firstname\">Guillaume<\/span>. <\/span><br \/>\n<span class=\"title\"> <em>Bio cellulaire &#8211; Chapitre 5 : le rein\/appareil urinaire. In Biodeug [en ligne]<\/em>. <\/span><br \/>\n<span class=\"publisher\"> <span class=\"publishername\">Biodeug. <\/span> <\/span> <span class=\"pubdate\">2012 [date de consultation : 28 mars 2019]. <\/span><br \/>\n<span class=\"address\"> <code class=\"uri\">Disponible sur :<br \/>\n<a class=\"link\" href=\"http:\/\/www.biodeug.com\/licence-3-bio-cellulaire-chapitre-5-le-reinappareil-urinaire\" target=\"_top\" rel=\"noopener\">http:\/\/www.biodeug.com\/licence-3-bio-cellulaire-chapitre-5-le-reinappareil-urinaire<\/a> <\/code>. <\/span>\n<\/p>\n<p>\n<span class=\"authorgroup\"><br \/>\n<span class=\"firstname\">Antoine<\/span> <span class=\"surname\">Morin<\/span>. <\/span><br \/>\n<span class=\"title\"> <em>Les amphibiens. In Animaux : structures et fonctions [en ligne] <\/em>. <\/span><br \/>\n <span class=\"publisher\"> <span class=\"publishername\">Universit\u00e9 d&rsquo;Ottawa. <\/span> <\/span> <span class=\"pubdate\">2002 [date de consultation : 01 avril 2019]. <\/span><br \/>\n<span class=\"address\"> <code class=\"uri\">Disponible sur :<br \/>\n<a class=\"link\" href=\"http:\/\/simulium.bio.uottawa.ca\/bio2525\/Notes\/Les_Amphibiens.htm\" target=\"_top\" rel=\"noopener\">http:\/\/simulium.bio.uottawa.ca\/bio2525\/Notes\/Les_Amphibiens.html<\/a> <\/code>. <\/span>\n<\/p>\n<p>\n<span class=\"title\"><br \/>\n<em>Le syst\u00e8me urinaire des Oiseaux. In Ornithomedia [en ligne]<\/em>. <\/span><br \/>\n <span class=\"publisher\"><span class=\"publishername\">David Bismuth. <\/span><\/span><span class=\"pubdate\">2018 [date de consultation : 15 mars 2019]. <\/span><br \/>\n<span class=\"address\"><code class=\"uri\">Disponible sur :<br \/>\n<a class=\"link\" href=\"http:\/\/www.ornithomedia.com\/pratique\/debuter\/systeme-urinaire-oiseaux-00401.html\" target=\"_top\" rel=\"noopener\">http:\/\/www.ornithomedia.com\/pratique\/debuter\/systeme-urinaire-oiseaux-00401.html<\/a> <\/code>. <\/span>\n<\/p>\n<p> &nbsp; <\/p>\n<footer>\n<hr \/>\n<table style=\"width: 100%; \">\n<tr>\n<td style=\"width: 40%; text-align: left; \">\n<a href=\"\/codex\/petites-questions-de-physiologie\/petites-questions-de-physiologie-animale-2019-ouvrage\/la-diversite-des-reins-des-vertebres-conclusion\" title=\"La diversit\u00e9 des reins des Vert\u00e9br\u00e9s : conclusion\">Pr\u00e9c\u00e9dent<\/a>\u00a0<\/td>\n<td style=\"width: 20%; text-align: center; \">\n<a href=\"\/codex\/petites-questions-de-physiologie\/petites-questions-de-physiologie-animale-2019-ouvrage\/la-diversite-des-reins-des-vertebres-introduction\" title=\"La diversit\u00e9 des reins des Vert\u00e9br\u00e9s : introduction\">Niveau sup\u00e9rieur<\/a>\n<\/td>\n<td style=\"width: 40%; text-align: right; \"><a href=\"\/codex\/petites-questions-de-physiologie\/petites-questions-de-physiologie-animale-2019-ouvrage\/la-diversite-structurale-et-fonctionnelle-des-epitheliums-digestifs-introduction\" title=\"La diversit\u00e9 structurale et fonctionnelle des \u00e9pith\u00e9liums digestifs : introduction\">Suivant<\/a>\n<\/td>\n<\/tr>\n<tr>\n<td style=\"width: 40%; text-align: left; vertical-align: top; \">Conclusion\u00a0<\/td>\n<td style=\"width: 20%; text-align: center; \">\n<a href=\"\/codex\/petites-questions-de-physiologie\/petites-questions-de-physiologie-animale-2019-ouvrage\" title=\"Petites questions de physiologie animale 2019 : ouvrage\">Sommaire<\/a>\n<\/td>\n<td style=\"width: 40%; text-align: right; vertical-align: top; \">\u00a0 La diversit\u00e9 structurale et fonctionnelle des \u00e9pith\u00e9liums digestifs<\/td>\n<\/tr>\n<\/table>\n<\/footer>\n","protected":false},"excerpt":{"rendered":"<p>Bibliographie et sitographie Pr\u00e9c\u00e9dent\u00a0 La diversit\u00e9 des reins des Vert\u00e9br\u00e9s \u00a0Suivant &nbsp; Livres Neil Campbell, Jane Reece, Lisa Urry, Michael Cain, Steven Wasserman, Peter Minorvsky, et Robert Jackson. Biologie. 9\u00e8me \u00e9dition. Pearson. 2012. 1458 p. Apprendre, toujours. [978-2-7613-5065-5] Sandrine Heusser et Henri-Gabriel Dupuy. Atlas de biologie animale. Dunod. 2015. 219 p. Sciences sup. [978-2-10-071233-5] Jean-Louis [&hellip;]<\/p>\n","protected":false},"author":2,"featured_media":0,"parent":13169,"menu_order":25,"comment_status":"closed","ping_status":"closed","template":"","meta":{"site-sidebar-layout":"default","site-content-layout":"","ast-site-content-layout":"default","site-content-style":"default","site-sidebar-style":"default","ast-global-header-display":"","ast-banner-title-visibility":"","ast-main-header-display":"","ast-hfb-above-header-display":"","ast-hfb-below-header-display":"","ast-hfb-mobile-header-display":"","site-post-title":"","ast-breadcrumbs-content":"","ast-featured-img":"","footer-sml-layout":"","ast-disable-related-posts":"","theme-transparent-header-meta":"","adv-header-id-meta":"","stick-header-meta":"","header-above-stick-meta":"","header-main-stick-meta":"","header-below-stick-meta":"","astra-migrate-meta-layouts":"default","ast-page-background-enabled":"default","ast-page-background-meta":{"desktop":{"background-color":"var(--ast-global-color-4)","background-image":"","background-repeat":"repeat","background-position":"center center","background-size":"auto","background-attachment":"scroll","background-type":"","background-media":"","overlay-type":"","overlay-color":"","overlay-opacity":"","overlay-gradient":""},"tablet":{"background-color":"","background-image":"","background-repeat":"repeat","background-position":"center center","background-size":"auto","background-attachment":"scroll","background-type":"","background-media":"","overlay-type":"","overlay-color":"","overlay-opacity":"","overlay-gradient":""},"mobile":{"background-color":"","background-image":"","background-repeat":"repeat","background-position":"center center","background-size":"auto","background-attachment":"scroll","background-type":"","background-media":"","overlay-type":"","overlay-color":"","overlay-opacity":"","overlay-gradient":""}},"ast-content-background-meta":{"desktop":{"background-color":"var(--ast-global-color-5)","background-image":"","background-repeat":"repeat","background-position":"center center","background-size":"auto","background-attachment":"scroll","background-type":"","background-media":"","overlay-type":"","overlay-color":"","overlay-opacity":"","overlay-gradient":""},"tablet":{"background-color":"var(--ast-global-color-5)","background-image":"","background-repeat":"repeat","background-position":"center center","background-size":"auto","background-attachment":"scroll","background-type":"","background-media":"","overlay-type":"","overlay-color":"","overlay-opacity":"","overlay-gradient":""},"mobile":{"background-color":"var(--ast-global-color-5)","background-image":"","background-repeat":"repeat","background-position":"center center","background-size":"auto","background-attachment":"scroll","background-type":"","background-media":"","overlay-type":"","overlay-color":"","overlay-opacity":"","overlay-gradient":""}},"footnotes":""},"class_list":["post-13565","page","type-page","status-publish","hentry"],"aioseo_notices":[],"jetpack_sharing_enabled":true,"_links":{"self":[{"href":"https:\/\/codexvirtualis.fr\/codex\/wp-json\/wp\/v2\/pages\/13565","targetHints":{"allow":["GET"]}}],"collection":[{"href":"https:\/\/codexvirtualis.fr\/codex\/wp-json\/wp\/v2\/pages"}],"about":[{"href":"https:\/\/codexvirtualis.fr\/codex\/wp-json\/wp\/v2\/types\/page"}],"author":[{"embeddable":true,"href":"https:\/\/codexvirtualis.fr\/codex\/wp-json\/wp\/v2\/users\/2"}],"replies":[{"embeddable":true,"href":"https:\/\/codexvirtualis.fr\/codex\/wp-json\/wp\/v2\/comments?post=13565"}],"version-history":[{"count":14,"href":"https:\/\/codexvirtualis.fr\/codex\/wp-json\/wp\/v2\/pages\/13565\/revisions"}],"predecessor-version":[{"id":14120,"href":"https:\/\/codexvirtualis.fr\/codex\/wp-json\/wp\/v2\/pages\/13565\/revisions\/14120"}],"up":[{"embeddable":true,"href":"https:\/\/codexvirtualis.fr\/codex\/wp-json\/wp\/v2\/pages\/13169"}],"wp:attachment":[{"href":"https:\/\/codexvirtualis.fr\/codex\/wp-json\/wp\/v2\/media?parent=13565"}],"curies":[{"name":"wp","href":"https:\/\/api.w.org\/{rel}","templated":true}]}}