{"id":13562,"date":"2021-04-29T16:16:19","date_gmt":"2021-04-29T14:16:19","guid":{"rendered":"https:\/\/codexvirtualis.fr\/codex\/?page_id=13562"},"modified":"2021-07-31T18:41:40","modified_gmt":"2021-07-31T16:41:40","slug":"la-diversite-des-reins-des-vertebres-conclusion","status":"publish","type":"page","link":"https:\/\/codexvirtualis.fr\/codex\/petites-questions-de-physiologie\/petites-questions-de-physiologie-animale-2019-ouvrage\/la-diversite-des-reins-des-vertebres-conclusion","title":{"rendered":"La diversit\u00e9 des reins des Vert\u00e9br\u00e9s : conclusion"},"content":{"rendered":"<header>\n<table style=\"width: 100%; \">\n<tr>\n<th style=\"text-align: center; \" colspan=\"3\">Conclusion<\/th>\n<\/tr>\n<tr>\n<td style=\"width: 20%; text-align: left; \">\n<a href=\"\/codex\/petites-questions-de-physiologie\/petites-questions-de-physiologie-animale-2019-ouvrage\/les-reins-des-vertebres-une-diversite-fonctionnelle-sur-un-meme-theme-structural\" title=\"Les reins des Vert\u00e9br\u00e9s : une diversit\u00e9 fonctionnelle sur un m\u00eame th\u00e8me structural\">Pr\u00e9c\u00e9dent<\/a>\u00a0<\/td>\n<th style=\"width: 60%; text-align: center; \"> La diversit\u00e9 des reins des Vert\u00e9br\u00e9s<\/th>\n<td style=\"width: 20%; text-align: right; \">\u00a0<a href=\"\/codex\/petites-questions-de-physiologie\/petites-questions-de-physiologie-animale-2019-ouvrage\/la-diversite-des-reins-des-vertebres-bibliographie-et-sitographie\" title=\"La diversit\u00e9 des reins des Vert\u00e9br\u00e9s : bibliographie et sitographie\">Suivant<\/a>\n<\/td>\n<\/tr>\n<\/table>\n<hr \/>\n<\/header>\n<p> &nbsp; <\/p>\n<section class=\"sect1\" id=\"d0e3197\">\n<p>Les reins constituent les organes excr\u00e9teurs des Vert\u00e9br\u00e9s. Ils sont form\u00e9s de n\u00e9phrons r\u00e9alisant la production de l&rsquo;urine, liquide \u00e9mis dans le milieu, compos\u00e9 d&rsquo;eau, de substances min\u00e9rales et de d\u00e9chets du m\u00e9tabolisme, notamment azot\u00e9s.<\/p>\n<p>Le diversit\u00e9 des reins des Vert\u00e9br\u00e9s s&rsquo;exprime au cours du d\u00e9veloppement avec deux g\u00e9n\u00e9rations successives de reins chez les non amniotes, pron\u00e9phros et m\u00e9son\u00e9phros, et trois chez les Amniotes, le m\u00e9tan\u00e9phros s&rsquo;y ajoutant.<\/p>\n<p>Elle concerne \u00e9galement leur irrigation, le sang y \u00e9tant apport\u00e9 par des art\u00e8res r\u00e9nales et des veines post\u00e9rieures ou uniquement par des art\u00e8res r\u00e9nales. <\/p>\n<p>Enfin l&rsquo;organisation des n\u00e9phrons diff\u00e8re selon les groupes, ils sont ouverts ou ferm\u00e9s, \u00e0 glom\u00e9rule externe ou interne voire absent, pourvus d&rsquo;un segment interm\u00e9diaire ou d&rsquo;une anse de Henl\u00e9.<\/p>\n<p>La production de l&rsquo;urine implique deux phases, la formation de l&rsquo;urine primitive et sa transformation en urine d\u00e9finitive. En relation avec l&rsquo;organisation des n\u00e9phrons, des variations qualitatives et quantitatives existent dans la r\u00e9alisation de ces deux phases.<br \/>\nL&rsquo;urine primitive est le plus souvent produite par ultrafiltration, parfois accompagn\u00e9e de d\u00e9placement, voire remplac\u00e9e par un transfert osmotique. Le d\u00e9bit de filtration glom\u00e9rulaire est tr\u00e8s variable.<br \/>\nL&rsquo;urine d\u00e9finitive est issue de modifications de la composition de l&rsquo;urine primitive, par des r\u00e9absorptions et s\u00e9cr\u00e9tions d\u00e9terminant notamment la concentration osmotique finale. La nature des substances r\u00e9absorb\u00e9es et s\u00e9cr\u00e9t\u00e9es, leurs quantit\u00e9s, la localisation des \u00e9changes voire leurs modalit\u00e9s sont \u00e9galement variables.<\/p>\n<p>La diversit\u00e9 des reins des Vert\u00e9br\u00e9s appara\u00eet ainsi d&rsquo;ordre structural, et li\u00e9e \u00e0 l&rsquo;appartenance syst\u00e9matique, mais aussi fonctionnel, en relation avec leurs r\u00f4les dans l&rsquo;\u00e9puration du liquide circulant et le maintien de l&rsquo;\u00e9quilibre hydro\u00e9lectrolytique.<br \/>\nDans ce contexte, les reins sont partie prenante des fonctions d&rsquo;osmor\u00e9gulation et d&rsquo;ionor\u00e9gulation, int\u00e9gr\u00e9es au niveau de l&rsquo;organisme.<\/p>\n<p>Au-del\u00e0 de leur r\u00f4le d&rsquo;organes producteurs d&rsquo;urine, les reins des Vert\u00e9br\u00e9s sont \u00e9galement impliqu\u00e9s dans l&rsquo;h\u00e9matopo\u00ef\u00e8se, en particulier au stade embryonnaire. <\/p>\n<\/section>\n<p> &nbsp; <\/p>\n<footer>\n<hr \/>\n<table style=\"width: 100%; \">\n<tr>\n<td style=\"width: 40%; text-align: left; \">\n<a href=\"\/codex\/petites-questions-de-physiologie\/petites-questions-de-physiologie-animale-2019-ouvrage\/les-reins-des-vertebres-une-diversite-fonctionnelle-sur-un-meme-theme-structural\" title=\"Les reins des Vert\u00e9br\u00e9s : une diversit\u00e9 fonctionnelle sur un m\u00eame th\u00e8me structural\">Pr\u00e9c\u00e9dent<\/a>\n<\/td>\n<td style=\"width: 20%; text-align: center; \"><a href=\"\/codex\/petites-questions-de-physiologie\/petites-questions-de-physiologie-animale-2019-ouvrage\/la-diversite-des-reins-des-vertebres-introduction\" title=\"La diversit\u00e9 des reins des Vert\u00e9br\u00e9s : introduction\">Niveau sup\u00e9rieur<\/a><\/td>\n<td style=\"width: 40%; text-align: right; \">\u00a0<a href=\"\/codex\/petites-questions-de-physiologie\/petites-questions-de-physiologie-animale-2019-ouvrage\/la-diversite-des-reins-des-vertebres-bibliographie-et-sitographie\" title=\"La diversit\u00e9 des reins des Vert\u00e9br\u00e9s : bibliographie et sitographie\">Suivant<\/a>\n<\/td>\n<\/tr>\n<tr>\n<td style=\"width: 40%; text-align: left; vertical-align: top; \">Les reins des Vert\u00e9br\u00e9s : une diversit\u00e9 fonctionnelle sur un m\u00eame th\u00e8me structural\u00a0<\/td>\n<td style=\"width: 20%; text-align: center; \">\n<a href=\"\/codex\/petites-questions-de-physiologie\/petites-questions-de-physiologie-animale-2019-ouvrage\" title=\"Petites questions de physiologie animale 2019 : ouvrage\">Sommaire<\/a>\n<\/td>\n<td style=\"width: 40%; text-align: right; vertical-align: top; \">\u00a0Bibliographie et sitographie<\/td>\n<\/tr>\n<\/table>\n<\/footer>\n","protected":false},"excerpt":{"rendered":"<p>Conclusion Pr\u00e9c\u00e9dent\u00a0 La diversit\u00e9 des reins des Vert\u00e9br\u00e9s \u00a0Suivant &nbsp; Les reins constituent les organes excr\u00e9teurs des Vert\u00e9br\u00e9s. Ils sont form\u00e9s de n\u00e9phrons r\u00e9alisant la production de l&rsquo;urine, liquide \u00e9mis dans le milieu, compos\u00e9 d&rsquo;eau, de substances min\u00e9rales et de d\u00e9chets du m\u00e9tabolisme, notamment azot\u00e9s. Le diversit\u00e9 des reins des Vert\u00e9br\u00e9s s&rsquo;exprime au cours du [&hellip;]<\/p>\n","protected":false},"author":2,"featured_media":0,"parent":13169,"menu_order":24,"comment_status":"closed","ping_status":"closed","template":"","meta":{"site-sidebar-layout":"default","site-content-layout":"","ast-site-content-layout":"default","site-content-style":"default","site-sidebar-style":"default","ast-global-header-display":"","ast-banner-title-visibility":"","ast-main-header-display":"","ast-hfb-above-header-display":"","ast-hfb-below-header-display":"","ast-hfb-mobile-header-display":"","site-post-title":"","ast-breadcrumbs-content":"","ast-featured-img":"","footer-sml-layout":"","ast-disable-related-posts":"","theme-transparent-header-meta":"","adv-header-id-meta":"","stick-header-meta":"","header-above-stick-meta":"","header-main-stick-meta":"","header-below-stick-meta":"","astra-migrate-meta-layouts":"default","ast-page-background-enabled":"default","ast-page-background-meta":{"desktop":{"background-color":"var(--ast-global-color-4)","background-image":"","background-repeat":"repeat","background-position":"center center","background-size":"auto","background-attachment":"scroll","background-type":"","background-media":"","overlay-type":"","overlay-color":"","overlay-opacity":"","overlay-gradient":""},"tablet":{"background-color":"","background-image":"","background-repeat":"repeat","background-position":"center center","background-size":"auto","background-attachment":"scroll","background-type":"","background-media":"","overlay-type":"","overlay-color":"","overlay-opacity":"","overlay-gradient":""},"mobile":{"background-color":"","background-image":"","background-repeat":"repeat","background-position":"center center","background-size":"auto","background-attachment":"scroll","background-type":"","background-media":"","overlay-type":"","overlay-color":"","overlay-opacity":"","overlay-gradient":""}},"ast-content-background-meta":{"desktop":{"background-color":"var(--ast-global-color-5)","background-image":"","background-repeat":"repeat","background-position":"center center","background-size":"auto","background-attachment":"scroll","background-type":"","background-media":"","overlay-type":"","overlay-color":"","overlay-opacity":"","overlay-gradient":""},"tablet":{"background-color":"var(--ast-global-color-5)","background-image":"","background-repeat":"repeat","background-position":"center center","background-size":"auto","background-attachment":"scroll","background-type":"","background-media":"","overlay-type":"","overlay-color":"","overlay-opacity":"","overlay-gradient":""},"mobile":{"background-color":"var(--ast-global-color-5)","background-image":"","background-repeat":"repeat","background-position":"center center","background-size":"auto","background-attachment":"scroll","background-type":"","background-media":"","overlay-type":"","overlay-color":"","overlay-opacity":"","overlay-gradient":""}},"footnotes":""},"class_list":["post-13562","page","type-page","status-publish","hentry"],"aioseo_notices":[],"jetpack_sharing_enabled":true,"_links":{"self":[{"href":"https:\/\/codexvirtualis.fr\/codex\/wp-json\/wp\/v2\/pages\/13562","targetHints":{"allow":["GET"]}}],"collection":[{"href":"https:\/\/codexvirtualis.fr\/codex\/wp-json\/wp\/v2\/pages"}],"about":[{"href":"https:\/\/codexvirtualis.fr\/codex\/wp-json\/wp\/v2\/types\/page"}],"author":[{"embeddable":true,"href":"https:\/\/codexvirtualis.fr\/codex\/wp-json\/wp\/v2\/users\/2"}],"replies":[{"embeddable":true,"href":"https:\/\/codexvirtualis.fr\/codex\/wp-json\/wp\/v2\/comments?post=13562"}],"version-history":[{"count":4,"href":"https:\/\/codexvirtualis.fr\/codex\/wp-json\/wp\/v2\/pages\/13562\/revisions"}],"predecessor-version":[{"id":13594,"href":"https:\/\/codexvirtualis.fr\/codex\/wp-json\/wp\/v2\/pages\/13562\/revisions\/13594"}],"up":[{"embeddable":true,"href":"https:\/\/codexvirtualis.fr\/codex\/wp-json\/wp\/v2\/pages\/13169"}],"wp:attachment":[{"href":"https:\/\/codexvirtualis.fr\/codex\/wp-json\/wp\/v2\/media?parent=13562"}],"curies":[{"name":"wp","href":"https:\/\/api.w.org\/{rel}","templated":true}]}}