{"id":13559,"date":"2021-04-29T16:16:15","date_gmt":"2021-04-29T14:16:15","guid":{"rendered":"https:\/\/codexvirtualis.fr\/codex\/?page_id=13559"},"modified":"2021-08-01T12:33:45","modified_gmt":"2021-08-01T10:33:45","slug":"les-reins-des-vertebres-une-diversite-fonctionnelle-sur-un-meme-theme-structural","status":"publish","type":"page","link":"https:\/\/codexvirtualis.fr\/codex\/petites-questions-de-physiologie\/petites-questions-de-physiologie-animale-2019-ouvrage\/les-reins-des-vertebres-une-diversite-fonctionnelle-sur-un-meme-theme-structural","title":{"rendered":"Les reins des Vert\u00e9br\u00e9s : une diversit\u00e9 fonctionnelle sur un m\u00eame th\u00e8me structural"},"content":{"rendered":"<br \/>\n<header>\n<table style=\"width: 100%; \">\n<tr>\n<th style=\"text-align: center; \" colspan=\"3\">Les reins des Vert\u00e9br\u00e9s : une diversit\u00e9 fonctionnelle sur un m\u00eame th\u00e8me structural<\/th>\n<\/tr>\n<tr>\n<td style=\"width: 20%; text-align: left; \">\n<a href=\"\/codex\/petites-questions-de-physiologie\/petites-questions-de-physiologie-animale-2019-ouvrage\/les-reins-des-vertebres-des-unites-structurales-et-fonctionnelles-les-nephrons-dorganisations-variees\" title=\"Les reins des Vert\u00e9br\u00e9s : des unit\u00e9s structurales et fonctionnelles, les n\u00e9phrons, d\u2019organisations vari\u00e9es\">Pr\u00e9c\u00e9dent<\/a>\u00a0<\/td>\n<th style=\"width: 60%; text-align: center; \"> La diversit\u00e9 des reins des Vert\u00e9br\u00e9s<\/th>\n<td style=\"width: 20%; text-align: right; \"><a href=\"\/codex\/petites-questions-de-physiologie\/petites-questions-de-physiologie-animale-2019-ouvrage\/la-diversite-des-reins-des-vertebres-conclusion\" title=\"La diversit\u00e9 des reins des Vert\u00e9br\u00e9s : conclusion\">Suivant<\/a>\n<\/td>\n<\/tr>\n<\/table>\n<hr \/>\n<\/header>\n<p> &nbsp; <\/p>\n<section class=\"sect1\" id=\"d0e3056\">\n<p>Le fonctionnement du n\u00e9phron des Vert\u00e9br\u00e9s peut \u00eatre d\u00e9crit \u00e0 partir de l&rsquo;exemple des Mammif\u00e8res. Ceux des n\u00e9phrons des autres Vert\u00e9br\u00e9s peuvent ensuite lui \u00eatre compar\u00e9es.<\/p>\n<p>De mani\u00e8res g\u00e9n\u00e9rale, la production de l&rsquo;urine comporte deux phases : la formation d&rsquo;une urine qualifi\u00e9e de primitive et sa transformation en urine dite d\u00e9finitive, \u00e9mise dans le milieu.<\/p>\n<\/section>\n<section class=\"sect2\" id=\"d0e3063\">\n<h3 class=\"title\">Une diversit\u00e9 de production de l\u2019urine primitive<\/h3>\n<p> &nbsp; <\/p>\n<figure id=\"d0e3066\"\nclass=\"img\"\ntitle=\"Figure\u00a013.\u00a0Fonctionnement du n\u00e9phron ferm\u00e9 \u00e0 glom\u00e9rule interne de Mammif\u00e8re\"><\/p>\n<div class=\"figure\">\n<figure style=\"width: 300px\" class=\"wp-caption alignnone\"><a rel=\"lightbox\" href=\"\/documents\/images\/PetitesQuestionsDePhysiologie\/2019\/media\/images\/11_figure_13.jpg\"><img decoding=\"async\" src=\"\/documents\/images\/PetitesQuestionsDePhysiologie\/2019\/media\/images\/11_figure_13.jpg\" width=\"300\" \" alt=\"Fonctionnement du n\u00e9phron ferm\u00e9 \u00e0 glom\u00e9rule interne de Mammif\u00e8re\" class=\"size-medium\" \/><figcaption class=\"wp-caption-text\">Figure\u00a013.\u00a0Fonctionnement du n\u00e9phron ferm\u00e9 \u00e0 glom\u00e9rule interne de Mammif\u00e8re <\/a><\/figcaption><\/figure><\/p>\n<div class=\"copyright\">\n<p>Copyright : 2019 &#8211; M\u00e9lissa Degauque ; Laure Del Rosso ; Driss Fassih ; Tomy Sagnial ; Sandrine Heusser<\/p>\n<\/div>\n<div class=\"legalnotice\" title=\"Note L\u00e9gale\">\n<p> Cette illustration est mise \u00e0 disposition selon les termes de la Licence Creative Commons Attribution &#8211; Pas d&rsquo;Utilisation Commerciale &#8211; Partage dans les m\u00eames conditions 4.0 International.<span class=\"inlinemediaobject\"><br \/>\n<img decoding=\"async\" class=\"ccimage\" src=\"\/documents\/images\/PetitesQuestionsDePhysiologie\/2019\/media\/images\/00_licence.png\" width=\"50\"\/> <\/span> <\/p>\n<\/div>\n<\/div>\n<\/figure>\n<p> &nbsp; <\/p>\n<p>Chez les Mammif\u00e8res, le corpuscule de Malpighi  est une structure composite associant l&rsquo;appareil circulatoire, avec le glom\u00e9rule, et l&rsquo;appareil excr\u00e9teur, avec la capsule de Bowman du n\u00e9phron. <\/p>\n<p>Le glom\u00e9rule est un bouquet de vaisseaux capillaires issus de la ramification d&rsquo;une art\u00e9riole aff\u00e9rente. Ils convergent en une art\u00e9riole eff\u00e9rente irriguant les diff\u00e9rentes r\u00e9gions du tubule urinaire, et formant en particulier des vaisseaux droits parall\u00e8les aux branches de l&rsquo;anse de Henl\u00e9. Les vaisseaux capillaires issus de sa ramification convergent ensuite en veine r\u00e9nale.<\/p>\n<p>La capsule de Bowman comporte un feuillet externe, pari\u00e9tal, et un feuillet interne, visc\u00e9ral, enveloppant les vaisseaux capillaires du glom\u00e9rule. L&rsquo;espace de Bowman s\u00e9parant les deux feuillets contient l&rsquo;urine primitive.<\/p>\n<p>Les pressions en pr\u00e9sence au niveau du corpuscule de Malpighi sont :<\/p>\n<ul class=\"itemizedlist\" style=\"list-style-type: disc; \">\n<li class=\"listitem\">la pression sanguine, pression hydrostatique r\u00e9gnant dans les capillaires glom\u00e9rulaires de l&rsquo;ordre de 6,65 kPa ;\n<\/li>\n<li class=\"listitem\">la pression osmotique due notamment aux mol\u00e9cules prot\u00e9iques pr\u00e9sentes dans le plasma de l&rsquo;ordre de 4,00 kPa ;\n<\/li>\n<li class=\"listitem\">la pression intracapsulaire, pression hydrostatique r\u00e9gnant dans l&rsquo;espace de Bowman de l&rsquo;ordre de 1,33 kPa.\n<\/li>\n<\/ul>\n<p>La premi\u00e8re tend \u00e0 faire sortir le sang des vaisseaux capillaires alors que la deuxi\u00e8me et la troisi\u00e8me s&rsquo;y opposent.<br \/>\nLa pression r\u00e9sultante est de l&rsquo;ordre de 1,32 kPa. Elle provoque la sortie du sang des vaisseaux capillaires en direction de l&rsquo;espace de Bowman.<br \/>\nLe compartiment sanguin et le compatiment urinaire sont s\u00e9par\u00e9s par la paroi des vaisseaux capillaires, une membrane basale et le feuillet visc\u00e9ral. L&rsquo;ensemble constitue un filtre travers\u00e9 par le liquide sanguin. Les dimensions de ses mailles sont telles que les cellules sanguines et les mol\u00e9cules de grande taille comme les prot\u00e9ines sont retenues. Seuls l&rsquo;eau et les solut\u00e9s de dimensions r\u00e9duites, en particulier les d\u00e9chets du m\u00e9tabolisme, passent des vaisseaux capillaires \u00e0 l&rsquo;espace de Bowman \u00e0 travers cette barri\u00e8re de filtration. Le liquide recueilli dans l&rsquo;espace de Bowman est l&rsquo;urine primitive. <\/p>\n<p>L&rsquo;urine primitive est donc produite par une ultrafiltration du sang, due \u00e0 une diff\u00e9rence de pression entre les compartiments sanguin et urinaire, \u00e0 travers la barri\u00e8re de filtration que constituent la paroi des vaisseaux capillaires, la membrane basale et le feuillet visc\u00e9ral de la capsule de Bowman.<\/p>\n<p>La production de l&rsquo;urine primitive ainsi d\u00e9crite est rencontr\u00e9e dans tous les n\u00e9phrons \u00e0 glom\u00e9rule interne, pr\u00e9sents chez les S\u00e9laciens, les T\u00e9l\u00e9ost\u00e9ens, les Lissamphibiens, les Sauropsid\u00e9s et les Mammif\u00e8res.<br \/>\nElle pr\u00e9sente une relative diversit\u00e9 quant \u00e0 la pression et au d\u00e9bit sanguins dans le glom\u00e9rule, d\u00e9terminant le d\u00e9bit de filtration glom\u00e9rulaire (volume d&rsquo;urine primitive form\u00e9 par unit\u00e9 de temps). Il est ainsi important chez les Mammif\u00e8res en raison d&rsquo;une pression et d&rsquo;un d\u00e9bit sanguin \u00e9lev\u00e9s, plus faible chez les T\u00e9l\u00e9ost\u00e9ens en raison d&rsquo;une pression plus basse.<br \/>\nEn revanche, quelle que soit l&rsquo;irrigation du rein, le glom\u00e9rule est toujours issu de la ramification de l&rsquo;art\u00e8re r\u00e9nale.<\/p>\n<p>Dans le cas du n\u00e9phron \u00e0 glom\u00e9rule externe d\u00e9crit chez les larves de Lissamphibiens, il n&rsquo;existe pas d&rsquo;association \u00e9troite entre glom\u00e9rule et n\u00e9phron. Le glom\u00e9rule est associ\u00e9 \u00e0 la paroi de la cavit\u00e9 c\u0153lomique.<br \/>\nDu fait d&rsquo;une diff\u00e9rence de pression entre le sang et le liquide  c\u0153lomique, le liquide sanguin tend \u00e0 passer dans la cavit\u00e9 c\u0153lomique. Le sang est filtr\u00e9 \u00e0 travers la paroi des vaisseaux capillaires, une membrane basale et le feuillet d\u00e9limitant la cavit\u00e9 c\u0153lomique.<br \/>\nLes battements des cils du n\u00e9phrostome mettent en mouvement le liquide c\u0153lomique en direction du tubule urinaire. Il devient l&rsquo;urine primitive, qui est donc form\u00e9e par ultrafiltration et d\u00e9placement vers le n\u00e9phron.<\/p>\n<p>Le n\u00e9phron aglom\u00e9rul\u00e9 est constitu\u00e9 du seul tubule urinaire, ferm\u00e9 \u00e0 une extr\u00e9mit\u00e9 et ouvert sur un tube collecteur \u00e0 l&rsquo;autre.<br \/>\nLa production d&rsquo;urine primitive implique un transport actif d&rsquo;ions, le plus souvent divalents, du milieu int\u00e9rieur vers la lumi\u00e8re du tubule. L&rsquo;accumulation des ions dans la lumi\u00e8re du tubule est \u00e0 l&rsquo;origine d&rsquo;un gradient de concentration osmotique provoquant l&rsquo;entr\u00e9e d&rsquo;eau dans le tubule.<br \/>\nLa formation de l&rsquo;urine primitive n&rsquo;implique pas de filtration, mais des mouvements osmotiques.<\/p>\n<p> &nbsp; <\/p>\n<p>Comment l&rsquo;urine primitive est-elle transform\u00e9e en urine d\u00e9finitive ?<\/p>\n<\/section>\n<section class=\"sect2\" id=\"d0e3128\">\n<h3 class=\"title\">Une diversit\u00e9 de production de l\u2019urine d\u00e9finitive<\/h3>\n<p>Les Mammif\u00e8res \u00e9liminent une urine d\u00e9finitive dont la concentration osmotique est sup\u00e9rieure \u00e0 celle de l&rsquo;urine primitive et du plasma, et dont la composition est diff\u00e9rente.<br \/>\nL&rsquo;urine primitive \u00e9tant produite par une ultrafiltration non s\u00e9lective pour les solut\u00e9s de petite taille, il est vraisemblable que des processus de r\u00e9absorptions et de s\u00e9cr\u00e9tions interviennent dans le tubule urinaire.<\/p>\n<p>Le tubule contourn\u00e9 proximal est le si\u00e8ge d&rsquo;une r\u00e9absorption active de multiples mol\u00e9cules organiques comme le glucose, les acides amin\u00e9s, le lactate, ainsi que de substances min\u00e9rales comme les ions Na<sup>+<\/sup> et HCO<sub>3<\/sub><sup>&#8211;<\/sup>.<br \/>\nLa r\u00e9absorption est \u00e0 l&rsquo;origine d&rsquo;un gradient de concentration osmotique entre le compartiment urinaire et le milieu int\u00e9rieur, responsable d&rsquo;une r\u00e9absorption importante d&rsquo;eau.<br \/>\nLes concentrations osmotiques de l&rsquo;urine \u00e0 son entr\u00e9e et \u00e0 sa sortie du tubule contourn\u00e9 proximal \u00e9tant similaires, les r\u00e9absorptions sont qualifi\u00e9es d&rsquo;isoosmotiques.<\/p>\n<p>Le tubule contourn\u00e9 distal est \u00e9galement le si\u00e8ge d&rsquo;une r\u00e9absorption d&rsquo;ions Na<sup>+<\/sup> mais elle est contr\u00f4l\u00e9e par une hormone, l&rsquo;aldost\u00e9rone. Une s\u00e9cr\u00e9tion d&rsquo;ions K<sup>+<\/sup> intervient aussi. <\/p>\n<p>Par ailleurs, des ions ammonium sont s\u00e9cr\u00e9t\u00e9s sur toute la longueur du tubule urinaire.<\/p>\n<p>L&rsquo;anse de Henl\u00e9 est form\u00e9e d&rsquo;un segment large descendant, dans la continuit\u00e9 du tubule contourn\u00e9 proximal, d&rsquo;un segment gr\u00eale descendant, d&rsquo;un segment gr\u00eale ascendant puis d&rsquo;un segment large ascendant en continuit\u00e9 avec le tubule contourn\u00e9 distal.<br \/>\nLe segment large descendant est perm\u00e9able aux ions Na<sup>+<\/sup> et Cl<sup>&#8211;<\/sup> et \/ ou \u00e0 l&rsquo;eau, le segment gr\u00eale descendant est imperm\u00e9able aux solut\u00e9s mais perm\u00e9able \u00e0 l&rsquo;eau, le segment gr\u00eale ascendant est perm\u00e9able aux solut\u00e9s mais imperm\u00e9able \u00e0 l&rsquo;eau, tandis que le segment large ascendant r\u00e9alise un transport actif d&rsquo;ions Na<sup>+<\/sup> et Cl<sup>&#8211;<\/sup> de l&rsquo;urine au milieu int\u00e9rieur tout en \u00e9tant imperm\u00e9able \u00e0 l&rsquo;eau. <\/p>\n<p>Sch\u00e9matiquement, les ions Na<sup>+<\/sup> et Cl<sup>&#8211;<\/sup> expuls\u00e9s depuis la lumi\u00e8re du segment large ascendant s&rsquo;accumulent dans l&rsquo;interstitium et entrent passivement dans la lumi\u00e8re du segment descendant, ils subissent ainsi un recyclage. Les segments descendant et ascendant cheminant parall\u00e8lement, ils d\u00e9terminent un dispositif \u00e0 contre-courant. L&rsquo;enrichissement de l&rsquo;interstitum en ions Na<sup>+<\/sup> et Cl<sup>&#8211;<\/sup> s&rsquo;en trouve augment\u00e9 en direction de la pointe de l&rsquo;anse de Henl\u00e9.<br \/>\nUn gradient de concentration osmotique corticom\u00e9dullaire est ainsi \u00e9tabli.<\/p>\n<p>Les tubes collecteurs acheminent l&rsquo;urine dans le sens cortex-m\u00e9dulla en direction des uret\u00e8res. Ils rencontrent un environnement dont la concentration osmotique cro\u00eet progressivement. Or leur paroi est perm\u00e9able \u00e0 l&rsquo;eau en pr\u00e9sence de l&rsquo;hormone anti-diur\u00e9tique (ADH). En cons\u00e9quence, l&rsquo;eau est r\u00e9absorb\u00e9e par les tubes collecteurs au fur et \u00e0 mesure de leur parcours vers la m\u00e9dulla profonde et l&rsquo;urine concentr\u00e9e, jusqu&rsquo;\u00e0 devenir hyperosmotique par rapport au plasma.<\/p>\n<p>Finalement, l&rsquo;urine primitive est transform\u00e9e en urine d\u00e9finitive par un ensemble de processus de r\u00e9absoptions et s\u00e9cr\u00e9tions, le plus souvent actives, r\u00e9alis\u00e9es par le tubule urinaire.<\/p>\n<p>Le devenir de l&rsquo;eau de l&rsquo;urine primitive est tr\u00e8s variable chez les Vert\u00e9br\u00e9s. <\/p>\n<p>L&rsquo;anse de Henl\u00e9 est responsable de l&rsquo;\u00e9tablissement d&rsquo;un gradient osmotique \u00e0 l&rsquo;origine de la concentration finale de l&rsquo;urine par r\u00e9absorption d&rsquo;eau.<br \/>\nLes n\u00e9phrons qui en sont d\u00e9pourvus ne peuvent produire une urine de concentration osmotique sup\u00e9rieure \u00e0 celle du plasma. La plupart des Vert\u00e9br\u00e9s sont concern\u00e9s, exception faite des Mammif\u00e8res et des Oiseaux.<br \/>\nPar ailleurs, les capacit\u00e9s de concentration de l&rsquo;urine sont vari\u00e9es au sein d&rsquo;un m\u00eame groupe, ainsi les Mammif\u00e8res d\u00e9serticoles produisent une urine dont la concentration osmotique est sup\u00e9rieure \u00e0 celle des Mammif\u00e8res vivant dans un milieu riche en eau.<br \/>\nLa concentration finale de l&rsquo;urine contribue \u00e0 l&rsquo;\u00e9quilibre hydrique de l&rsquo;organisme, permettant une r\u00e9duction des pertes.<\/p>\n<p>Inversement, les T\u00e9l\u00e9ost\u00e9ens d&rsquo;eau douce \u00e9liminent une urine abondante et dilu\u00e9e.<br \/>\nLeurs n\u00e9phrons r\u00e9alisent une r\u00e9absorption r\u00e9duite de l&rsquo;eau de l&rsquo;urine primitive, produite en grande quantit\u00e9. Ils \u00e9vacuent ainsi l&rsquo;eau exc\u00e9dentaire entr\u00e9e dans leur organisme par osmose. En revanche une r\u00e9absorption des ions, notamment monovalents, est effectu\u00e9e par les tubules urinaires, proximaux en particulier.<br \/>\nLes T\u00e9l\u00e9ost\u00e9ens marins quant \u00e0 eux \u00e9liminent une urine peu abondante et peu dilu\u00e9e.<br \/>\nLes ions exc\u00e9dentaires, notamment divalents, sont s\u00e9cr\u00e9t\u00e9s par les tubules proximaux des n\u00e9phrons, souvent seuls pr\u00e9sents.<br \/>\nChez les S\u00e9laciens marins, l&rsquo;urine \u00e9limin\u00e9e est relativement concentr\u00e9e et moyennement abondante.<br \/>\nLes tubules proximaux des n\u00e9phrons s\u00e9cr\u00e8tent des ions, divalents principalement, ainsi qu&rsquo;un peu d&rsquo;eau, et les tubules distaux r\u00e9absorbent l&rsquo;ur\u00e9e compos\u00e9 essentiel du plasma.<\/p>\n<p> &nbsp; <\/p>\n<p>Ainsi, la modification de la composition de l&rsquo;urine primitive par les n\u00e9phrons desVert\u00e9br\u00e9s implique g\u00e9n\u00e9ralement des processus actifs, et varie avec les contraintes hydriques et ioniques que connaissent les esp\u00e8ces en relation avec leurs milieux de vie. Les n\u00e9phrons contribuent \u00e0 \u00e9liminer les d\u00e9chets azot\u00e9s mais aussi au maintien de l&rsquo;\u00e9quilibre hydrique et ionique.<\/p>\n<p>Dans cette perspective, le fonctionnement des n\u00e9phrons aglom\u00e9rul\u00e9s peut \u00eatre interpr\u00e9t\u00e9 comme un moyen de contr\u00f4ler la quantit\u00e9 et la composition de l&rsquo;urine primitive, r\u00e9duisant ainsi les r\u00e9absorptions et s\u00e9cr\u00e9tions co\u00fbteuses en \u00e9nergie.<\/p>\n<\/section>\n<p> &nbsp; <\/p>\n<footer>\n<hr \/>\n<table style=\"width: 100%; \">\n<tr>\n<td style=\"width: 40%; text-align: left; \">\n<a href=\"\/codex\/petites-questions-de-physiologie\/petites-questions-de-physiologie-animale-2019-ouvrage\/les-reins-des-vertebres-des-unites-structurales-et-fonctionnelles-les-nephrons-dorganisations-variees\" title=\"Les reins des Vert\u00e9br\u00e9s : des unit\u00e9s structurales et fonctionnelles, les n\u00e9phrons, d\u2019organisations vari\u00e9es\">Pr\u00e9c\u00e9dent<\/a>\u00a0<\/td>\n<td style=\"width: 20%; text-align: center; \">\n<a href=\"\/codex\/petites-questions-de-physiologie\/petites-questions-de-physiologie-animale-2019-ouvrage\/la-diversite-des-reins-des-vertebres-introduction\" title=\"La diversit\u00e9 des reins des Vert\u00e9br\u00e9s : introduction\">Niveau sup\u00e9rieur<\/a>\n<\/td>\n<td style=\"width: 40%; text-align: right; \">\u00a0<a href=\"\/codex\/petites-questions-de-physiologie\/petites-questions-de-physiologie-animale-2019-ouvrage\/la-diversite-des-reins-des-vertebres-conclusion\" title=\"La diversit\u00e9 des reins des Vert\u00e9br\u00e9s : conclusion\">Suivant<\/a>\n<\/td>\n<\/tr>\n<tr>\n<td style=\"width: 40%; text-align: left; vertical-align: top; \">Les reins des Vert\u00e9br\u00e9s : des unit\u00e9s structurales et fonctionnelles, les n\u00e9phrons, d&rsquo;organisations vari\u00e9es\u00a0<\/td>\n<td style=\"width: 20%; text-align: center; \">\n<a href=\"\/codex\/petites-questions-de-physiologie\/petites-questions-de-physiologie-animale-2019-ouvrage\" title=\"Petites questions de physiologie animale 2019 : ouvrage\">Sommaire<\/a>\n<\/td>\n<td style=\"width: 40%; text-align: right; vertical-align: top; \">\u00a0Conclusion<\/td>\n<\/tr>\n<\/table>\n<\/footer>\n","protected":false},"excerpt":{"rendered":"<p>Les reins des Vert\u00e9br\u00e9s : une diversit\u00e9 fonctionnelle sur un m\u00eame th\u00e8me structural Pr\u00e9c\u00e9dent\u00a0 La diversit\u00e9 des reins des Vert\u00e9br\u00e9s Suivant &nbsp; Le fonctionnement du n\u00e9phron des Vert\u00e9br\u00e9s peut \u00eatre d\u00e9crit \u00e0 partir de l&rsquo;exemple des Mammif\u00e8res. Ceux des n\u00e9phrons des autres Vert\u00e9br\u00e9s peuvent ensuite lui \u00eatre compar\u00e9es. De mani\u00e8res g\u00e9n\u00e9rale, la production de l&rsquo;urine [&hellip;]<\/p>\n","protected":false},"author":2,"featured_media":0,"parent":13169,"menu_order":23,"comment_status":"closed","ping_status":"closed","template":"","meta":{"site-sidebar-layout":"default","site-content-layout":"","ast-site-content-layout":"default","site-content-style":"default","site-sidebar-style":"default","ast-global-header-display":"","ast-banner-title-visibility":"","ast-main-header-display":"","ast-hfb-above-header-display":"","ast-hfb-below-header-display":"","ast-hfb-mobile-header-display":"","site-post-title":"","ast-breadcrumbs-content":"","ast-featured-img":"","footer-sml-layout":"","ast-disable-related-posts":"","theme-transparent-header-meta":"","adv-header-id-meta":"","stick-header-meta":"","header-above-stick-meta":"","header-main-stick-meta":"","header-below-stick-meta":"","astra-migrate-meta-layouts":"default","ast-page-background-enabled":"default","ast-page-background-meta":{"desktop":{"background-color":"var(--ast-global-color-4)","background-image":"","background-repeat":"repeat","background-position":"center center","background-size":"auto","background-attachment":"scroll","background-type":"","background-media":"","overlay-type":"","overlay-color":"","overlay-opacity":"","overlay-gradient":""},"tablet":{"background-color":"","background-image":"","background-repeat":"repeat","background-position":"center center","background-size":"auto","background-attachment":"scroll","background-type":"","background-media":"","overlay-type":"","overlay-color":"","overlay-opacity":"","overlay-gradient":""},"mobile":{"background-color":"","background-image":"","background-repeat":"repeat","background-position":"center center","background-size":"auto","background-attachment":"scroll","background-type":"","background-media":"","overlay-type":"","overlay-color":"","overlay-opacity":"","overlay-gradient":""}},"ast-content-background-meta":{"desktop":{"background-color":"var(--ast-global-color-5)","background-image":"","background-repeat":"repeat","background-position":"center center","background-size":"auto","background-attachment":"scroll","background-type":"","background-media":"","overlay-type":"","overlay-color":"","overlay-opacity":"","overlay-gradient":""},"tablet":{"background-color":"var(--ast-global-color-5)","background-image":"","background-repeat":"repeat","background-position":"center center","background-size":"auto","background-attachment":"scroll","background-type":"","background-media":"","overlay-type":"","overlay-color":"","overlay-opacity":"","overlay-gradient":""},"mobile":{"background-color":"var(--ast-global-color-5)","background-image":"","background-repeat":"repeat","background-position":"center center","background-size":"auto","background-attachment":"scroll","background-type":"","background-media":"","overlay-type":"","overlay-color":"","overlay-opacity":"","overlay-gradient":""}},"footnotes":""},"class_list":["post-13559","page","type-page","status-publish","hentry"],"aioseo_notices":[],"jetpack_sharing_enabled":true,"_links":{"self":[{"href":"https:\/\/codexvirtualis.fr\/codex\/wp-json\/wp\/v2\/pages\/13559","targetHints":{"allow":["GET"]}}],"collection":[{"href":"https:\/\/codexvirtualis.fr\/codex\/wp-json\/wp\/v2\/pages"}],"about":[{"href":"https:\/\/codexvirtualis.fr\/codex\/wp-json\/wp\/v2\/types\/page"}],"author":[{"embeddable":true,"href":"https:\/\/codexvirtualis.fr\/codex\/wp-json\/wp\/v2\/users\/2"}],"replies":[{"embeddable":true,"href":"https:\/\/codexvirtualis.fr\/codex\/wp-json\/wp\/v2\/comments?post=13559"}],"version-history":[{"count":6,"href":"https:\/\/codexvirtualis.fr\/codex\/wp-json\/wp\/v2\/pages\/13559\/revisions"}],"predecessor-version":[{"id":14034,"href":"https:\/\/codexvirtualis.fr\/codex\/wp-json\/wp\/v2\/pages\/13559\/revisions\/14034"}],"up":[{"embeddable":true,"href":"https:\/\/codexvirtualis.fr\/codex\/wp-json\/wp\/v2\/pages\/13169"}],"wp:attachment":[{"href":"https:\/\/codexvirtualis.fr\/codex\/wp-json\/wp\/v2\/media?parent=13559"}],"curies":[{"name":"wp","href":"https:\/\/api.w.org\/{rel}","templated":true}]}}