{"id":13545,"date":"2021-04-29T16:16:02","date_gmt":"2021-04-29T14:16:02","guid":{"rendered":"https:\/\/codexvirtualis.fr\/codex\/?page_id=13545"},"modified":"2021-04-29T17:46:44","modified_gmt":"2021-04-29T15:46:44","slug":"les-reins-des-vertebres-des-organes-divers-par-leurs-formes-et-leurs-irrigations","status":"publish","type":"page","link":"https:\/\/codexvirtualis.fr\/codex\/petites-questions-de-physiologie\/petites-questions-de-physiologie-animale-2019-ouvrage\/les-reins-des-vertebres-des-organes-divers-par-leurs-formes-et-leurs-irrigations","title":{"rendered":"Les reins des Vert\u00e9br\u00e9s : des organes divers par leurs formes et leurs irrigations"},"content":{"rendered":"<header>\n<table style=\"width: 100%; \">\n<tr>\n<th style=\"text-align: center; \" colspan=\"3\">Les reins des Vert\u00e9br\u00e9s : des organes divers par leurs formes et leurs irrigations<\/th>\n<\/tr>\n<tr>\n<td style=\"width: 20%; text-align: left; \">\n<a href=\"\/codex\/petites-questions-de-physiologie\/petites-questions-de-physiologie-animale-2019-ouvrage\/la-diversite-des-reins-des-vertebres-introduction\" title=\"La diversit\u00e9 des reins des Vert\u00e9br\u00e9s : introduction\">Pr\u00e9c\u00e9dent<\/a>\u00a0<\/td>\n<th style=\"width: 60%; text-align: center; \"> La diversit\u00e9 des reins des Vert\u00e9br\u00e9s<\/th>\n<td style=\"width: 20%; text-align: right; \"><a href=\"\/codex\/petites-questions-de-physiologie\/petites-questions-de-physiologie-animale-2019-ouvrage\/les-reins-des-vertebres-des-unites-structurales-et-fonctionnelles-les-nephrons-dorganisations-variees\" title=\"Les reins des Vert\u00e9br\u00e9s : des unit\u00e9s structurales et fonctionnelles, les n\u00e9phrons, d\u2019organisations vari\u00e9es\">Suivant<\/a>\n<\/td>\n<\/tr>\n<\/table>\n<hr \/>\n<\/header>\n<section class=\"sect1\" id=\"d0e2554\">\n<\/section>\n<section class=\"sect2\" id=\"d0e2557\">\n<h3 class=\"title\">Les reins : des organes dorsaux recevant des sangs art\u00e9riel et veineux<\/h3>\n<p>Les exemples du Vairon et de la Grenouille permettent de d\u00e9crire les caract\u00e9ristiques des reins des T\u00e9l\u00e9ost\u00e9ens et des Lissamphibiens.<\/p>\n<p> &nbsp; <\/p>\n<figure id=\"d0e2562\" class=\"img\" title=\"Figure\u00a01.\u00a0Appareil excr\u00e9teur de Vairon en vue ventrale\">\n<div class=\"figure\">\n<figure style=\"width: 300px\" class=\"wp-caption alignnone\"><a rel=\"lightbox\" href=\"\/documents\/images\/PetitesQuestionsDePhysiologie\/2019\/media\/images\/11_figure_01.jpg\"><img decoding=\"async\" src=\"\/documents\/images\/PetitesQuestionsDePhysiologie\/2019\/media\/images\/11_figure_01.jpg\" width=\"300\" \" alt=\"Appareil excr\u00e9teur de Vairon en vue ventrale\" class=\"size-medium\" \/><figcaption class=\"wp-caption-text\">Figure 1. Appareil excr\u00e9teur de Vairon en vue ventrale <\/a><\/figcaption><\/figure><\/div>\n<div class=\"copyright\">\n<p>Copyright : 2019 &#8211; M\u00e9lissa Degauque ; Laure Del Rosso ; Driss Fassih ; Tomy Sagnial ; Sandrine Heusser<\/p>\n<\/div>\n<div class=\"legalnotice\" title=\"Note L\u00e9gale\">\n<p> Cette illustration est mise \u00e0 disposition selon les termes de la Licence Creative Commons Attribution &#8211; Pas d&rsquo;Utilisation Commerciale &#8211; Partage dans les m\u00eames conditions 4.0 International.<span class=\"inlinemediaobject\"><br \/>\n<img decoding=\"async\" class=\"ccimage\" src=\"\/documents\/images\/PetitesQuestionsDePhysiologie\/2019\/media\/images\/00_licence.png\" width=\"50\"\/> <\/span> <\/p>\n<\/div>\n<\/figure>\n<p> &nbsp; <\/p>\n<p>Les reins de Vairon se pr\u00e9sentent comme deux languettes de couleur rouge, accol\u00e9es par leur bord interne \u00e0 un tiers de leur longueur environ. Ils sont situ\u00e9s dans la r\u00e9gion post\u00e9rieure et dorsalement. Ensemble, ils forment une sorte de losange.<\/p>\n<p>Chacun est en relation avec un conduit appel\u00e9 uret\u00e8re, qui d\u00e9bouche dans une petite vessie. De la vessie \u00e9mane un court canal, l&rsquo;ur\u00e8tre, ouvert sur l&rsquo;ext\u00e9rieur au niveau d&rsquo;une papille ano-g\u00e9nito-urinaire. <\/p>\n<p>L&rsquo;appareil excr\u00e9teur est donc form\u00e9 de deux reins produisant l&rsquo;urine et de voies excr\u00e9trices repr\u00e9sent\u00e9es par deux uret\u00e8res, une vessie et un ur\u00e8tre.<\/p>\n<p>Les reins sont irrigu\u00e9s par des art\u00e8res r\u00e9nales, ramifications de l&rsquo;aorte dorsale. Ils re\u00e7oivent ainsi du sang riche en dioxyg\u00e8ne, provenant des branchies. Ils sont \u00e9galement irrigu\u00e9s par la veine caudale, drainant le sang pauvre en dioxyg\u00e8ne de la r\u00e9gion post\u00e9rieure et se ramifiant en deux veines r\u00e9nales dites aff\u00e9rentes. <\/p>\n<p>Le sang est ensuite drain\u00e9 par les veines r\u00e9nales dites eff\u00e9rentes rejoignant la veine cardinale post\u00e9rieure, qui l&rsquo;achemine vers le c\u0153ur.<\/p>\n<p>Les veines r\u00e9nales aff\u00e9rentes et eff\u00e9rentes constituent un syst\u00e8me porte r\u00e9nal.<\/p>\n<p>Qu&rsquo;en est-il chez la Grenouille, exemple de Lissamphibien ? <\/p>\n<p> &nbsp; <\/p>\n<figure id=\"d0e2608\" class=\"img\" title=\"Figure\u00a02.\u00a0Appareil excr\u00e9teur de Grenouille en vue ventrale\">\n<div class=\"figure\">\n<figure style=\"width: 300px\" class=\"wp-caption alignnone\"><a rel=\"lightbox\" href=\"\/documents\/images\/PetitesQuestionsDePhysiologie\/2019\/media\/images\/11_figure_02.jpg\"><img decoding=\"async\" src=\"\/documents\/images\/PetitesQuestionsDePhysiologie\/2019\/media\/images\/11_figure_02.jpg\" width=\"300\" \" alt=\"Appareil excr\u00e9teur de Grenouille en vue ventrale\" class=\"size-medium\" \/><figcaption class=\"wp-caption-text\">Figure 2. Appareil excr\u00e9teur de Grenouille en vue ventrale <\/a><\/figcaption><\/figure><\/div>\n<div class=\"copyright\">\n<p>Copyright : 2019 &#8211; M\u00e9lissa Degauque ; Laure Del Rosso ; Driss Fassih ; Tomy Sagnial Sandrine Heusser<\/p>\n<\/div>\n<div class=\"legalnotice\" title=\"Note L\u00e9gale\">\n<p> Cette illustration est mise \u00e0 disposition selon les termes de la Licence Creative Commons Attribution &#8211; Pas d&rsquo;Utilisation Commerciale &#8211; Partage dans les m\u00eames conditions 4.0 International.<span class=\"inlinemediaobject\"><br \/>\n<img decoding=\"async\" class=\"ccimage\" src=\"\/documents\/images\/PetitesQuestionsDePhysiologie\/2019\/media\/images\/00_licence.png\" width=\"50\"\/> <\/span> <\/p>\n<\/div>\n<\/figure>\n<p> &nbsp; <\/p>\n<p>Les reins de la Grenouille adulte se pr\u00e9sentent comme des languettes de couleur rouge. Ils sont situ\u00e9s dorsalement dans la r\u00e9gion post\u00e9rieure du corps, de part et d&rsquo;autre de la colonne vert\u00e9brale. Les glandes surr\u00e9nales de couleur jaune, allong\u00e9es et \u00e9troites, sont localis\u00e9es sur leur face ventrale.<\/p>\n<p>Chaque rein est en relation avec un uret\u00e8re \u00e9mergeant de son bord externe. Les uret\u00e8res d\u00e9bouchent dans un chambre appel\u00e9e cloaque, sur laquelle est \u00e9galement ouverte la vessie membraneuse.<\/p>\n<p>Chez les individus m\u00e2les, les spermatozo\u00efdes produits par les testicules sont pris en charge des conduits p\u00e9n\u00e9trant dans les reins. Les uret\u00e8res acheminent alors  l&rsquo;urine produite par les reins et les spermatozo\u00efdes, il s&rsquo;agit d&rsquo;urospermiductes. <\/p>\n<p>De m\u00eame que celui des T\u00e9l\u00e9ost\u00e9ens, l&rsquo;appareil excr\u00e9teur de la Grenouille adulte comporte deux reins responsables de la production de l&rsquo;urine, ce sont les organes excr\u00e9teurs. Les voies excr\u00e9trices correspondent aux deux uret\u00e8res et \u00e0 la vessie.<\/p>\n<p>Les reins sont irrigu\u00e9s par quatre paires d&rsquo;art\u00e8res r\u00e9nales, ramifications de l&rsquo;art\u00e8re aorte qui achemine du sang riche en dioxyg\u00e8ne. Ils re\u00e7oivent \u00e9galement du sang pauvre en dioxyg\u00e8ne provenant des membres post\u00e9rieurs et de la r\u00e9gion post\u00e9rieure du corps, apport\u00e9 par les veines iliaques. Elles jouent le r\u00f4le de veines r\u00e9nales aff\u00e9rentes. Le sang est ensuite drain\u00e9 par quatre paires de veines r\u00e9nales eff\u00e9rentes qui rejoignent la veine cave post\u00e9rieure, ramenant le sang au c\u0153ur.<\/p>\n<p>De la m\u00eame mani\u00e8re que chez les T\u00e9l\u00e9ost\u00e9ens, il existe un syst\u00e8me porte r\u00e9nal chez les Lissamphibiens. Il est \u00e9galement pr\u00e9sent chez la plupart des autres Vert\u00e9br\u00e9s.<\/p>\n<\/section>\n<section class=\"sect2\" id=\"d0e2652\">\n<h3 class=\"title\">Les reins : des organes dorsaux recevant du sang art\u00e9riel<\/h3>\n<p> &nbsp; <\/p>\n<figure id=\"d0e2655\" class=\"img\" title=\"Figure\u00a03.\u00a0 Appareil excr\u00e9teur de Souris en vue ventrale\">\n<div class=\"figure\">\n<figure style=\"width: 300px\" class=\"wp-caption alignnone\"><a rel=\"lightbox\" href=\"\/documents\/images\/PetitesQuestionsDePhysiologie\/2019\/media\/images\/11_figure_03.jpg\"><img decoding=\"async\" src=\"\/documents\/images\/PetitesQuestionsDePhysiologie\/2019\/media\/images\/11_figure_03.jpg\" width=\"300\" \" alt=\"Appareil excr\u00e9teur de Souris en vue ventrale\" class=\"size-medium\" \/><figcaption class=\"wp-caption-text\">Figure 3.  Appareil excr\u00e9teur de Souris en vue ventrale <\/a><\/figcaption><\/figure>\n<\/div>\n<div class=\"copyright\">\n<p>Copyright : 2019 &#8211; M\u00e9lissa Degauque ; Laure Del Rosso ; Driss Fassih ; Tomy Sagnial ; Sandrine Heusser<\/p>\n<\/div>\n<div class=\"legalnotice\" title=\"Note L\u00e9gale\">\n<p> Cette illustration est mise \u00e0 disposition selon les termes de la Licence Creative Commons Attribution &#8211; Pas d&rsquo;Utilisation Commerciale &#8211; Partage dans les m\u00eames conditions 4.0 International.<span class=\"inlinemediaobject\"><br \/>\n<img decoding=\"async\" class=\"ccimage\" src=\"\/documents\/images\/PetitesQuestionsDePhysiologie\/2019\/media\/images\/00_licence.png\" width=\"50\"\/> <\/span> <\/p>\n<\/div>\n<\/figure>\n<p> &nbsp; <\/p>\n<p>Les reins de la Souris sont situ\u00e9s dans l&rsquo;abdomen, en position dorsale. De couleur brun rouge\u00e2tre, ils ont une forme de haricot. Leur face concave, appel\u00e9e hile, est orient\u00e9e vers la ligne m\u00e9diodorsale. Ils assurent la production de l&rsquo;urine, ce sont les organes excr\u00e9teurs. Les glandes surr\u00e9nales, de couleur jaune et de forme pyramidale, les surmontent.<\/p>\n<p>Chaque rein est associ\u00e9 \u00e0 un uret\u00e8re. Les uret\u00e8res d\u00e9bouchent dans une vessie elle-m\u00eame en relation avec un ur\u00e8tre ouvert sur le milieu ext\u00e9rieur par un orifice urinaire. Uret\u00e8res, vessie et ur\u00e8tre prennent en charge l&rsquo;urine produite par les reins et constituent les voies excr\u00e9trices.<\/p>\n<p>Chez les individus m\u00e2les, l&rsquo;ur\u00e8tre achemine l&rsquo;urine d&rsquo;une part et les spermatozo\u00efdes d&rsquo;autre part. Il s&rsquo;agit d&rsquo;un urospermiducte.<\/p>\n<p>Les reins sont irrigu\u00e9s par les art\u00e8res r\u00e9nales qui naissent de l\u2019art\u00e8re aorte et acheminent du sang riche en dioxyg\u00e8ne. Le sang appauvri en dioxyg\u00e8ne est drain\u00e9 par les veines r\u00e9nales convergeant vers la veine cave post\u00e9rieure qui le ram\u00e8ne au c\u0153ur. Chaque rein re\u00e7oit une art\u00e8re et \u00e9met une veine r\u00e9nales, au niveau du hile.<\/p>\n<p>\u00c0 la diff\u00e9rence des autres Vert\u00e9br\u00e9s la Souris, et plus g\u00e9n\u00e9ralement les Mammif\u00e8res adultes, ne poss\u00e8dent pas de syst\u00e8me porte r\u00e9nal. <\/p>\n<p>Les reins des Mammif\u00e8res ont des morphologies diverses. Chez certaines esp\u00e8ces comme la Souris, leur surface est lisse alors que chez d&rsquo;autres comme la Vache elle est bossel\u00e9e, r\u00e9v\u00e9lant la pr\u00e9sence de plusieurs lobes r\u00e9naux. Les Mammif\u00e8res de petite taille poss\u00e8dent des reins form\u00e9s d&rsquo;un unique lobe, qualifi\u00e9s d&rsquo;unilob\u00e9s, et les Mammif\u00e8res de grande taille des reins plurilob\u00e9s.<\/p>\n<p>Finalement, les reins des Vert\u00e9br\u00e9s diff\u00e8rent par leurs formes et leurs irrigations.<\/p>\n<p>La diversit\u00e9 des reins r\u00e9side-t-elle \u00e9galement dans leur organisation tissulaire ?<\/p>\n<\/section>\n<p> &nbsp; <\/p>\n<footer>\n<hr \/>\n<table style=\"width: 100%; \">\n<tr>\n<td style=\"width: 40%; text-align: left; \"><a href=\"\/codex\/petites-questions-de-physiologie\/petites-questions-de-physiologie-animale-2019-ouvrage\/la-diversite-des-reins-des-vertebres-introduction\" title=\"La diversit\u00e9 des reins des Vert\u00e9br\u00e9s : introduction\">Pr\u00e9c\u00e9dent<\/a>\u00a0<\/td>\n<td style=\"width: 20%; text-align: center; \"><a href=\"\/codex\/petites-questions-de-physiologie\/petites-questions-de-physiologie-animale-2019-ouvrage\/la-diversite-des-reins-des-vertebres-introduction\" title=\"La diversit\u00e9 des reins des Vert\u00e9br\u00e9s : introduction\">Niveau sup\u00e9rieur<\/a><\/td>\n<td style=\"width: 40%; text-align: right; \">\u00a0<a href=\"\/codex\/petites-questions-de-physiologie\/petites-questions-de-physiologie-animale-2019-ouvrage\/les-reins-des-vertebres-des-unites-structurales-et-fonctionnelles-les-nephrons-dorganisations-variees\" title=\"Les reins des Vert\u00e9br\u00e9s : des unit\u00e9s structurales et fonctionnelles, les n\u00e9phrons, d\u2019organisations vari\u00e9es\">Suivant<\/a><\/td>\n<\/tr>\n<tr>\n<td style=\"width: 40%; text-align: left; vertical-align: top; \"> La diversit\u00e9 des reins des Vert\u00e9br\u00e9s\u00a0<\/td>\n<td style=\"width: 20%; text-align: center; \"><a href=\"\/codex\/petites-questions-de-physiologie\/petites-questions-de-physiologie-animale-2019-ouvrage\" title=\"Petites questions de physiologie animale 2019 : ouvrage\">Sommaire<\/a><\/td>\n<td style=\"width: 40%; text-align: right; vertical-align: top; \">\u00a0Les reins des Vert\u00e9br\u00e9s : des unit\u00e9s structurales et fonctionnelles, les n\u00e9phrons,d&rsquo;organisations vari\u00e9es<\/td>\n<\/tr>\n<\/table>\n<\/footer>\n","protected":false},"excerpt":{"rendered":"<p>Les reins des Vert\u00e9br\u00e9s : des organes divers par leurs formes et leurs irrigations Pr\u00e9c\u00e9dent\u00a0 La diversit\u00e9 des reins des Vert\u00e9br\u00e9s Suivant Les reins : des organes dorsaux recevant des sangs art\u00e9riel et veineux Les exemples du Vairon et de la Grenouille permettent de d\u00e9crire les caract\u00e9ristiques des reins des T\u00e9l\u00e9ost\u00e9ens et des Lissamphibiens. &nbsp; [&hellip;]<\/p>\n","protected":false},"author":2,"featured_media":0,"parent":13169,"menu_order":21,"comment_status":"closed","ping_status":"closed","template":"","meta":{"site-sidebar-layout":"default","site-content-layout":"","ast-site-content-layout":"default","site-content-style":"default","site-sidebar-style":"default","ast-global-header-display":"","ast-banner-title-visibility":"","ast-main-header-display":"","ast-hfb-above-header-display":"","ast-hfb-below-header-display":"","ast-hfb-mobile-header-display":"","site-post-title":"","ast-breadcrumbs-content":"","ast-featured-img":"","footer-sml-layout":"","ast-disable-related-posts":"","theme-transparent-header-meta":"","adv-header-id-meta":"","stick-header-meta":"","header-above-stick-meta":"","header-main-stick-meta":"","header-below-stick-meta":"","astra-migrate-meta-layouts":"default","ast-page-background-enabled":"default","ast-page-background-meta":{"desktop":{"background-color":"var(--ast-global-color-4)","background-image":"","background-repeat":"repeat","background-position":"center center","background-size":"auto","background-attachment":"scroll","background-type":"","background-media":"","overlay-type":"","overlay-color":"","overlay-opacity":"","overlay-gradient":""},"tablet":{"background-color":"","background-image":"","background-repeat":"repeat","background-position":"center center","background-size":"auto","background-attachment":"scroll","background-type":"","background-media":"","overlay-type":"","overlay-color":"","overlay-opacity":"","overlay-gradient":""},"mobile":{"background-color":"","background-image":"","background-repeat":"repeat","background-position":"center center","background-size":"auto","background-attachment":"scroll","background-type":"","background-media":"","overlay-type":"","overlay-color":"","overlay-opacity":"","overlay-gradient":""}},"ast-content-background-meta":{"desktop":{"background-color":"var(--ast-global-color-5)","background-image":"","background-repeat":"repeat","background-position":"center center","background-size":"auto","background-attachment":"scroll","background-type":"","background-media":"","overlay-type":"","overlay-color":"","overlay-opacity":"","overlay-gradient":""},"tablet":{"background-color":"var(--ast-global-color-5)","background-image":"","background-repeat":"repeat","background-position":"center center","background-size":"auto","background-attachment":"scroll","background-type":"","background-media":"","overlay-type":"","overlay-color":"","overlay-opacity":"","overlay-gradient":""},"mobile":{"background-color":"var(--ast-global-color-5)","background-image":"","background-repeat":"repeat","background-position":"center center","background-size":"auto","background-attachment":"scroll","background-type":"","background-media":"","overlay-type":"","overlay-color":"","overlay-opacity":"","overlay-gradient":""}},"footnotes":""},"class_list":["post-13545","page","type-page","status-publish","hentry"],"aioseo_notices":[],"jetpack_sharing_enabled":true,"_links":{"self":[{"href":"https:\/\/codexvirtualis.fr\/codex\/wp-json\/wp\/v2\/pages\/13545","targetHints":{"allow":["GET"]}}],"collection":[{"href":"https:\/\/codexvirtualis.fr\/codex\/wp-json\/wp\/v2\/pages"}],"about":[{"href":"https:\/\/codexvirtualis.fr\/codex\/wp-json\/wp\/v2\/types\/page"}],"author":[{"embeddable":true,"href":"https:\/\/codexvirtualis.fr\/codex\/wp-json\/wp\/v2\/users\/2"}],"replies":[{"embeddable":true,"href":"https:\/\/codexvirtualis.fr\/codex\/wp-json\/wp\/v2\/comments?post=13545"}],"version-history":[{"count":6,"href":"https:\/\/codexvirtualis.fr\/codex\/wp-json\/wp\/v2\/pages\/13545\/revisions"}],"predecessor-version":[{"id":13587,"href":"https:\/\/codexvirtualis.fr\/codex\/wp-json\/wp\/v2\/pages\/13545\/revisions\/13587"}],"up":[{"embeddable":true,"href":"https:\/\/codexvirtualis.fr\/codex\/wp-json\/wp\/v2\/pages\/13169"}],"wp:attachment":[{"href":"https:\/\/codexvirtualis.fr\/codex\/wp-json\/wp\/v2\/media?parent=13545"}],"curies":[{"name":"wp","href":"https:\/\/api.w.org\/{rel}","templated":true}]}}