{"id":13531,"date":"2021-04-29T16:15:54","date_gmt":"2021-04-29T14:15:54","guid":{"rendered":"https:\/\/codexvirtualis.fr\/codex\/?page_id=13531"},"modified":"2021-08-03T14:10:24","modified_gmt":"2021-08-03T12:10:24","slug":"la-diversite-des-reins-des-vertebres-introduction","status":"publish","type":"page","link":"https:\/\/codexvirtualis.fr\/codex\/petites-questions-de-physiologie\/petites-questions-de-physiologie-animale-2019-ouvrage\/la-diversite-des-reins-des-vertebres-introduction","title":{"rendered":"La diversit\u00e9 des reins des Vert\u00e9br\u00e9s : introduction"},"content":{"rendered":"<header>\n<table style=\"width: 100%; \">\n<tr>\n<th style=\"text-align: center; \" colspan=\"3\"> La diversit\u00e9 des reins des Vert\u00e9br\u00e9s<\/th>\n<\/tr>\n<tr>\n<td style=\"width: 20%; text-align: left; \"><a href=\"\/codex\/petites-questions-de-physiologie\/petites-questions-de-physiologie-animale-2019-ouvrage\/les-coeurs-des-vertebres-et-des-euarthropodes-bibliographie-et-sitographie\" title=\"Les c\u0153urs des Vert\u00e9br\u00e9s et des Euarthropodes : bibliographie et sitographie\">Pr\u00e9c\u00e9dent<\/a>\u00a0<\/td>\n<th style=\"width: 60%; text-align: center; \">\u00a0<\/th>\n<td style=\"width: 20%; text-align: right; \">\u00a0<a href=\"\/codex\/petites-questions-de-physiologie\/petites-questions-de-physiologie-animale-2019-ouvrage\/les-reins-des-vertebres-des-organes-divers-par-leurs-formes-et-leurs-irrigations\" title=\"Les reins des Vert\u00e9br\u00e9s : des organes divers par leurs formes et leurs irrigations\">Suivant<\/a><\/td>\n<\/tr>\n<\/table>\n<hr \/>\n<\/header>\n<p> &nbsp; <\/p>\n<section class=\"article\" id=\"d0e2484\">\n<h2 class=\"title\">La diversit\u00e9 des reins des Vert\u00e9br\u00e9s<\/h2>\n<p><class=\"author\"><br \/>\n<span class=\"firstname\">M\u00e9lissa<\/span> <span class=\"surname\">Degauque<\/span><\/p>\n<p><code class=\"email\">&lt;<a class=\"email\" href=\"mailto:melissa.degauque@etu.univ-st-etienne.fr\">melissa.degauque@etu.univ-st-etienne.fr<\/a>&gt;<\/code><\/p>\n<p><class=\"author\"><br \/>\n<span class=\"firstname\">Laure<\/span> <span class=\"surname\">Del Rosso<\/span><\/p>\n<p><code class=\"email\">&lt;<a class=\"email\" href=\"mailto:laure.del.rosso@etu.univ-st-etienne.fr\">laure.del.rosso@etu.univ-st-etienne.fr<\/a>&gt;<\/code><\/p>\n<p><class=\"author\"><br \/>\n<span class=\"firstname\">Driss<\/span> <span class=\"surname\">Fassih<\/span><\/p>\n<p><code class=\"email\">&lt;<a class=\"email\" href=\"mailto:driss.fassih@etu.univ-st-etienne.fr\">driss.fassih@etu.univ-st-etienne.fr<\/a>&gt;<\/code><\/p>\n<p><class=\"author\"><br \/>\n<span class=\"firstname\">Tomy<\/span> <span class=\"surname\">Sagnial<\/span><\/p>\n<p><code class=\"email\">&lt;<a class=\"email\" href=\"mailto:tomy.sagnial@etu.univ-st-etienne.fr\">tomy.sagnial@etu.univ-st-etienne.fr<\/a>&gt;<\/code><\/p>\n<hr \/>\n<p> &nbsp; <\/p>\n<h3>Table des mati\u00e8res<\/h3>\n<ul class=\"toc\">\n<li><span class=\"sect1\"><a href=\"\/codex\/petites-questions-de-physiologie\/petites-questions-de-physiologie-animale-2019-ouvrage\/la-diversite-des-reins-des-vertebres-introduction#d0e2533\" title=\"La diversit\u00e9 des reins des Vert\u00e9br\u00e9s : introduction\">Introduction<\/a><\/span><\/li>\n<li><span class=\"sect1\"><a href=\"\/codex\/petites-questions-de-physiologie\/petites-questions-de-physiologie-animale-2019-ouvrage\/les-reins-des-vertebres-des-organes-divers-par-leurs-formes-et-leurs-irrigations\" title=\"Les reins des Vert\u00e9br\u00e9s : des organes divers par leurs formes et leurs irrigations\">Les reins des Vert\u00e9br\u00e9s : des organes divers par leurs formes et leurs irrigations<\/a><\/span>\n<ul>\n<li><span class=\"sect2\"><a href=\"\/codex\/petites-questions-de-physiologie\/petites-questions-de-physiologie-animale-2019-ouvrage\/les-reins-des-vertebres-des-organes-divers-par-leurs-formes-et-leurs-irrigations#d0e2557\" title=\"Les reins : des organes dorsaux recevant des sangs art\u00e9riel et veineux\">Les reins : des organes dorsaux recevant des sangs art\u00e9riel et veineux<\/a><\/span><\/li>\n<li><span class=\"sect2\"><a href=\"\/codex\/petites-questions-de-physiologie\/petites-questions-de-physiologie-animale-2019-ouvrage\/les-reins-des-vertebres-des-organes-divers-par-leurs-formes-et-leurs-irrigations#d0e2652\" title=\"Les reins : des organes dorsaux recevant du sang art\u00e9riel\">Les reins : des organes dorsaux recevant du sang art\u00e9riel<\/a><\/span><\/li>\n<\/ul>\n<\/li>\n<li><span class=\"sect1\"><a href=\"\/codex\/petites-questions-de-physiologie\/petites-questions-de-physiologie-animale-2019-ouvrage\/les-reins-des-vertebres-des-unites-structurales-et-fonctionnelles-les-nephrons-dorganisations-variees\" title=\"Les reins des Vert\u00e9br\u00e9s : des unit\u00e9s structurales et fonctionnelles, les n\u00e9phrons, d\u2019organisations vari\u00e9es\">Les reins des Vert\u00e9br\u00e9s : des unit\u00e9s structurales et fonctionnelles, les n\u00e9phrons, d&rsquo;organisations vari\u00e9es<\/a><\/span>\n<ul>\n<li><span class=\"sect2\"><a href=\"\/codex\/petites-questions-de-physiologie\/petites-questions-de-physiologie-animale-2019-ouvrage\/les-reins-des-vertebres-des-unites-structurales-et-fonctionnelles-les-nephrons-dorganisations-variees#d0e2708\" title=\"Des n\u00e9phrons ferm\u00e9s \u00e0 glom\u00e9rule interne\">Des n\u00e9phrons ferm\u00e9s \u00e0 glom\u00e9rule interne<\/a><\/span><\/li>\n<li><span class=\"sect2\"><a href=\"\/codex\/petites-questions-de-physiologie\/petites-questions-de-physiologie-animale-2019-ouvrage\/les-reins-des-vertebres-des-unites-structurales-et-fonctionnelles-les-nephrons-dorganisations-variees#d0e2908\" title=\"Des n\u00e9phrons ouverts \u00e0 glom\u00e9rule interne\">Des n\u00e9phrons ouverts \u00e0 glom\u00e9rule interne<\/a><\/span><\/li>\n<li><span class=\"sect2\"><a href=\"\/codex\/petites-questions-de-physiologie\/petites-questions-de-physiologie-animale-2019-ouvrage\/les-reins-des-vertebres-des-unites-structurales-et-fonctionnelles-les-nephrons-dorganisations-variees#d0e2981\" title=\"Des n\u00e9phrons ouverts \u00e0 glom\u00e9rule externe\">Des n\u00e9phrons ouverts \u00e0 glom\u00e9rule externe<\/a><\/span><\/li>\n<\/ul>\n<\/li>\n<li><span class=\"sect1\"><a href=\"\/codex\/petites-questions-de-physiologie\/petites-questions-de-physiologie-animale-2019-ouvrage\/les-reins-des-vertebres-une-diversite-fonctionnelle-sur-un-meme-theme-structural\" title=\"Les reins des Vert\u00e9br\u00e9s : une diversit\u00e9 fonctionnelle sur un m\u00eame th\u00e8me structural\">Les reins des Vert\u00e9br\u00e9s : une diversit\u00e9 fonctionnelle sur un m\u00eame th\u00e8me structural<\/a><\/span>\n<ul>\n<li><span class=\"sect2\"><a href=\"\/codex\/petites-questions-de-physiologie\/petites-questions-de-physiologie-animale-2019-ouvrage\/les-reins-des-vertebres-une-diversite-fonctionnelle-sur-un-meme-theme-structural#d0e3063\" title=\"Une diversit\u00e9 de production de l\u2019urine primitive\">Une diversit\u00e9 de production de l\u2019urine primitive<\/a><\/span><\/li>\n<li><span class=\"sect2\"><a href=\"\/codex\/petites-questions-de-physiologie\/petites-questions-de-physiologie-animale-2019-ouvrage\/les-reins-des-vertebres-une-diversite-fonctionnelle-sur-un-meme-theme-structural#d0e3128\" title=\"Une diversit\u00e9 de production de l\u2019urine d\u00e9finitive\">Une diversit\u00e9 de production de l\u2019urine d\u00e9finitive<\/a><\/span><\/li>\n<\/ul>\n<\/li>\n<li><span class=\"sect1\"><a href=\"\/codex\/petites-questions-de-physiologie\/petites-questions-de-physiologie-animale-2019-ouvrage\/la-diversite-des-reins-des-vertebres-conclusion\" title=\"La diversit\u00e9 des reins des Vert\u00e9br\u00e9s : conclusion\">Conclusion<\/a><\/span><\/li>\n<li><span class=\"bibliography\"><a href=\"\/codex\/petites-questions-de-physiologie\/petites-questions-de-physiologie-animale-2019-ouvrage\/la-diversite-des-reins-des-vertebres-bibliographie-et-sitographie\" title=\"La diversit\u00e9 des reins des Vert\u00e9br\u00e9s : bibliographie et sitographie\">Bibliographie et sitographie<\/a><\/span><\/li>\n<\/ul>\n<\/section>\n<section class=\"sect1\" id=\"d0e2533\">\n<h2 class=\"title\" style=\"clear: both\">Introduction<\/h2>\n<p>Les animaux sont des organismes eucaryotes pluricellulaires, h\u00e9t\u00e9rotrophes pour le carbone et g\u00e9n\u00e9ralement mobiles. Ils sont class\u00e9s en groupes, les membres d&rsquo;un groupe partagent des caract\u00e8res communs qui sont absents dans les autres groupes. <\/p>\n<p>Parmi eux, le groupe des Vert\u00e9br\u00e9s rassemble des animaux dont le corps pr\u00e9sente une sym\u00e9trie bilat\u00e9rale et est form\u00e9 d&rsquo;une t\u00eate ant\u00e9rieure, d&rsquo;un tronc moyen portant deux paires de membres ainsi que d&rsquo;une queue post\u00e9rieure. Ils poss\u00e8dent un squelette interne, de nature cartilagineuse ou osseuse, agenc\u00e9 en un squelette c\u00e9phalique situ\u00e9 dans la t\u00eate, un squelette axial longitudinal soutenant le tronc et la queue, un squelette appendiculaire dans les membres et un squelette zonal reliant le squelette axial et le squelette appendiculaire. Le squelette axial est constitu\u00e9 d&rsquo;une succession de pi\u00e8ces appel\u00e9es vert\u00e8bres, formant une colonne vert\u00e9brale, \u00e0 l&rsquo;origine du nom du groupe. <\/p>\n<p>Les Vert\u00e9br\u00e9s occupent le milieu aquatique comme le milieu a\u00e9rien. Les S\u00e9laciens (Requin par exemple) et les T\u00e9l\u00e9ost\u00e9ens (Gardon par exemple) vivent en milieu aquatique, alors que les Mammif\u00e8res (Souris par exemple) et les Oiseaux (Poule par exemple) vivent en milieu a\u00e9rien. Les Lissamphibiens comme la Grenouille m\u00e8nent une vie pour partie aquatique et pour partie a\u00e9rienne. Milieu aquatique et milieu a\u00e9rien diff\u00e8rent par de multiples aspects. Sch\u00e9matiquement, l&rsquo;eau est abondante en milieu aquatique et rare en milieu a\u00e9rien, le dioxyg\u00e8ne est rare en milieu aquatique et abondant en milieu a\u00e9rien, la pouss\u00e9e d&rsquo;Archim\u00e8de est importante en milieu aquatique et faible en milieu a\u00e9rien, pour ne citer que quelques caract\u00e9ristiques. <\/p>\n<p>Or les animaux de mani\u00e8re g\u00e9n\u00e9rale r\u00e9alisent des \u00e9changes de mati\u00e8re et d&rsquo;\u00e9nergie avec leur milieu de vie. Ils y pr\u00e9l\u00e8vent des aliments, sources de mati\u00e8re et d&rsquo;\u00e9nergie ainsi que le dioxyg\u00e8ne, gaz respiratoire. Ils y rejettent les d\u00e9chets de leur  m\u00e9tabolisme comme le dioxyde de carbone et les d\u00e9chets azot\u00e9s. Les \u00e9changes sont le plus souvent effectu\u00e9s par des appareils sp\u00e9cialis\u00e9s comme l&rsquo;appareil digestif, l&rsquo;appareil respiratoire ou encore l&rsquo;appareil excr\u00e9teur.<\/p>\n<p>L&rsquo;appareil excr\u00e9teur des Vert\u00e9br\u00e9s a pour fonction de produire et d&rsquo;\u00e9liminer un liquide, l&rsquo;urine. Il s&rsquo;agit d&rsquo;une solution aqueuse contenant des d\u00e9chets du m\u00e9tabolisme ainsi que les ions et l&rsquo;eau exc\u00e9dentaire, le cas \u00e9ch\u00e9ant. L&rsquo;appareil excr\u00e9teur est dans ce groupe constitu\u00e9 d&rsquo;organes excr\u00e9teurs, les reins qui produisent l&rsquo;urine, et de voies excr\u00e9trices qui l&rsquo;acheminent vers le milieu ext\u00e9rieur. <\/p>\n<p>O\u00f9 sont localis\u00e9s les reins des Vert\u00e9br\u00e9s ?<\/p>\n<p>Quelle est leur structure ?<\/p>\n<p>Comment produisent-ils l&rsquo;urine ?<\/p>\n<p>En quoi sont-ils divers ?<\/p>\n<p> &nbsp; <\/p>\n<\/section>\n<footer>\n<hr \/>\n<table style=\"width: 100%; \">\n<tr>\n<td style=\"width: 40%; text-align: left; \"><a href=\"\/codex\/petites-questions-de-physiologie\/petites-questions-de-physiologie-animale-2019-ouvrage\/les-coeurs-des-vertebres-et-des-euarthropodes-bibliographie-et-sitographie\" title=\"Les c\u0153urs des Vert\u00e9br\u00e9s et des Euarthropodes : bibliographie et sitographie\">Pr\u00e9c\u00e9dent<\/a>\u00a0<\/td>\n<td style=\"width: 20%; text-align: center; \">\u00a0<\/td>\n<td style=\"width: 40%; text-align: right; \">\u00a0<a href=\"\/codex\/petites-questions-de-physiologie\/petites-questions-de-physiologie-animale-2019-ouvrage\/les-reins-des-vertebres-des-organes-divers-par-leurs-formes-et-leurs-irrigations\" title=\"Les reins des Vert\u00e9br\u00e9s : des organes divers par leurs formes et leurs irrigations\">Suivant<\/a><\/td>\n<\/tr>\n<tr>\n<td style=\"width: 40%; text-align: left; vertical-align: top; \">Bibliographie et sitographie\u00a0<\/td>\n<td style=\"width: 20%; text-align: center; \"><a href=\"\/codex\/petites-questions-de-physiologie\/petites-questions-de-physiologie-animale-2019-ouvrage\" title=\"Petites questions de physiologie animale 2019 : ouvrage\">Sommaire<\/a><\/td>\n<td style=\"width: 40%; text-align: right; vertical-align: top; \">\u00a0Les reins des Vert\u00e9br\u00e9s : des organes divers par leurs formes et leurs irrigations<\/td>\n<\/tr>\n<\/table>\n<\/footer>\n","protected":false},"excerpt":{"rendered":"<p>La diversit\u00e9 des reins des Vert\u00e9br\u00e9s Pr\u00e9c\u00e9dent\u00a0 \u00a0 \u00a0Suivant &nbsp; La diversit\u00e9 des reins des Vert\u00e9br\u00e9s M\u00e9lissa Degauque &lt;melissa.degauque@etu.univ-st-etienne.fr&gt; Laure Del Rosso &lt;laure.del.rosso@etu.univ-st-etienne.fr&gt; Driss Fassih &lt;driss.fassih@etu.univ-st-etienne.fr&gt; Tomy Sagnial &lt;tomy.sagnial@etu.univ-st-etienne.fr&gt; &nbsp; Table des mati\u00e8res Introduction Les reins des Vert\u00e9br\u00e9s : des organes divers par leurs formes et leurs irrigations Les reins : des organes dorsaux recevant [&hellip;]<\/p>\n","protected":false},"author":2,"featured_media":0,"parent":13169,"menu_order":20,"comment_status":"closed","ping_status":"closed","template":"","meta":{"site-sidebar-layout":"default","site-content-layout":"","ast-site-content-layout":"default","site-content-style":"default","site-sidebar-style":"default","ast-global-header-display":"","ast-banner-title-visibility":"","ast-main-header-display":"","ast-hfb-above-header-display":"","ast-hfb-below-header-display":"","ast-hfb-mobile-header-display":"","site-post-title":"","ast-breadcrumbs-content":"","ast-featured-img":"","footer-sml-layout":"","ast-disable-related-posts":"","theme-transparent-header-meta":"","adv-header-id-meta":"","stick-header-meta":"","header-above-stick-meta":"","header-main-stick-meta":"","header-below-stick-meta":"","astra-migrate-meta-layouts":"default","ast-page-background-enabled":"default","ast-page-background-meta":{"desktop":{"background-color":"var(--ast-global-color-4)","background-image":"","background-repeat":"repeat","background-position":"center center","background-size":"auto","background-attachment":"scroll","background-type":"","background-media":"","overlay-type":"","overlay-color":"","overlay-opacity":"","overlay-gradient":""},"tablet":{"background-color":"","background-image":"","background-repeat":"repeat","background-position":"center center","background-size":"auto","background-attachment":"scroll","background-type":"","background-media":"","overlay-type":"","overlay-color":"","overlay-opacity":"","overlay-gradient":""},"mobile":{"background-color":"","background-image":"","background-repeat":"repeat","background-position":"center center","background-size":"auto","background-attachment":"scroll","background-type":"","background-media":"","overlay-type":"","overlay-color":"","overlay-opacity":"","overlay-gradient":""}},"ast-content-background-meta":{"desktop":{"background-color":"var(--ast-global-color-5)","background-image":"","background-repeat":"repeat","background-position":"center center","background-size":"auto","background-attachment":"scroll","background-type":"","background-media":"","overlay-type":"","overlay-color":"","overlay-opacity":"","overlay-gradient":""},"tablet":{"background-color":"var(--ast-global-color-5)","background-image":"","background-repeat":"repeat","background-position":"center center","background-size":"auto","background-attachment":"scroll","background-type":"","background-media":"","overlay-type":"","overlay-color":"","overlay-opacity":"","overlay-gradient":""},"mobile":{"background-color":"var(--ast-global-color-5)","background-image":"","background-repeat":"repeat","background-position":"center center","background-size":"auto","background-attachment":"scroll","background-type":"","background-media":"","overlay-type":"","overlay-color":"","overlay-opacity":"","overlay-gradient":""}},"footnotes":""},"class_list":["post-13531","page","type-page","status-publish","hentry"],"aioseo_notices":[],"jetpack_sharing_enabled":true,"_links":{"self":[{"href":"https:\/\/codexvirtualis.fr\/codex\/wp-json\/wp\/v2\/pages\/13531","targetHints":{"allow":["GET"]}}],"collection":[{"href":"https:\/\/codexvirtualis.fr\/codex\/wp-json\/wp\/v2\/pages"}],"about":[{"href":"https:\/\/codexvirtualis.fr\/codex\/wp-json\/wp\/v2\/types\/page"}],"author":[{"embeddable":true,"href":"https:\/\/codexvirtualis.fr\/codex\/wp-json\/wp\/v2\/users\/2"}],"replies":[{"embeddable":true,"href":"https:\/\/codexvirtualis.fr\/codex\/wp-json\/wp\/v2\/comments?post=13531"}],"version-history":[{"count":12,"href":"https:\/\/codexvirtualis.fr\/codex\/wp-json\/wp\/v2\/pages\/13531\/revisions"}],"predecessor-version":[{"id":14157,"href":"https:\/\/codexvirtualis.fr\/codex\/wp-json\/wp\/v2\/pages\/13531\/revisions\/14157"}],"up":[{"embeddable":true,"href":"https:\/\/codexvirtualis.fr\/codex\/wp-json\/wp\/v2\/pages\/13169"}],"wp:attachment":[{"href":"https:\/\/codexvirtualis.fr\/codex\/wp-json\/wp\/v2\/media?parent=13531"}],"curies":[{"name":"wp","href":"https:\/\/api.w.org\/{rel}","templated":true}]}}