{"id":13485,"date":"2021-03-14T16:19:24","date_gmt":"2021-03-14T15:19:24","guid":{"rendered":"https:\/\/codexvirtualis.fr\/codex\/?page_id=13485"},"modified":"2021-04-29T17:57:20","modified_gmt":"2021-04-29T15:57:20","slug":"les-coeurs-des-vertebres-et-des-euarthropodes-bibliographie-et-sitographie","status":"publish","type":"page","link":"https:\/\/codexvirtualis.fr\/codex\/petites-questions-de-physiologie\/petites-questions-de-physiologie-animale-2019-ouvrage\/les-coeurs-des-vertebres-et-des-euarthropodes-bibliographie-et-sitographie","title":{"rendered":"Les c\u0153urs des Vert\u00e9br\u00e9s et des Euarthropodes : bibliographie et sitographie"},"content":{"rendered":"<header>\n<table style=\"width: 100%; \">\n<tr>\n<th style=\"text-align: center; \" colspan=\"3\">Bibliographie et sitographie<\/th>\n<\/tr>\n<tr>\n<td style=\"width: 20%; text-align: left; \">\n                       <a href=\"\/codex\/petites-questions-de-physiologie\/petites-questions-de-physiologie-animale-2019-ouvrage\/les-coeurs-des-vertebres-et-des-euarthropodes-conclusion\" title=\"Les c\u0153urs des Vert\u00e9br\u00e9s et des Euarthropodes : conclusion\">Pr\u00e9c\u00e9dent<\/a>\u00a0<\/td>\n<th style=\"width: 60%; text-align: center; \">Les c\u0153urs des Vert\u00e9br\u00e9s et des Euarthropodes<\/th>\n<td style=\"width: 20%; text-align: right; \">\u00a0<a href=\"\/codex\/petites-questions-de-physiologie\/petites-questions-de-physiologie-animale-2019-ouvrage\/la-diversite-des-reins-des-vertebres-introduction\" title=\"La diversit\u00e9 des reins des Vert\u00e9br\u00e9s : introduction\">Suivant<\/a>\n                    <\/td>\n<\/tr>\n<\/table>\n<hr \/>\n<\/header>\n<p> &nbsp; <\/p>\n<h3 class=\"title\">Livres<\/h3>\n<p>\n<span class=\"authorgroup\"><br \/>\n<span class=\"firstname\">Anne-Marie<\/span> <span class=\"surname\">Bautz<\/span>, <span class=\"firstname\">Alain<\/span> <span class=\"surname\">Bautz<\/span>, et <span class=\"firstname\">Dominique<\/span> <span class=\"surname\">Chardard<\/span>. <\/span><br \/>\n<span class=\"title\"><em>Mini manuel de biologie animale<\/em>. <\/span> <span class=\"edition\">3\u00e8me \u00e9dition. <\/span><br \/>\n<span class=\"publisher\"><span class=\"publishername\">Dunod. <\/span><\/span><span class=\"pubdate\">2015. <\/span><span class=\"pagenums\">215 p. <\/span><span class=\"title\"><em>Mini manuel<\/em>. <\/span>[<span class=\"citebiblioid\">978-2-10-072084-2<\/span>]<\/p>\n<p>\n<span class=\"authorgroup\"><br \/>\n<span class=\"firstname\">Andr\u00e9<\/span> <span class=\"surname\">Beaumont<\/span> et <span class=\"firstname\">Pierre<\/span> <span class=\"surname\">Cassier<\/span>. <\/span><br \/>\n<span class=\"title\"><em>Biologie animale, des Protozoaires aux M\u00e9tazoaires \u00e9pith\u00e9lioneuriens, tome 2<\/em>. <\/span><span class=\"edition\">3\u00e8me \u00e9dition. <\/span><br \/>\n<span class=\"publisher\"><span class=\"publishername\">Dunod Universit\u00e9. <\/span><\/span><span class=\"pubdate\">1983. <\/span><span class=\"pagenums\">954 p. <\/span><span class=\"title\"><em>[<span class=\"citebiblioid\">2-04-015573-3<\/span>]<\/em>. <\/span><\/p>\n<p>\n<span class=\"authorgroup\"><br \/>\n<span class=\"firstname\">R\u00e9my<\/span> <span class=\"surname\">Chauvin<\/span>. <\/span><br \/>\n<span class=\"title\"> <em>Physiologie de l&rsquo;insecte : les grandes fonctions, le comportement, \u00e9cophysiologie<\/em>. <\/span><br \/>\n<span class=\"publisher\"><span class=\"publishername\">Institut nationnal de la recherche agronomique. <\/span><\/span><span class=\"pubdate\">1949. <\/span><span class=\"pagenums\">618 p. <\/span><\/p>\n<p>\n<span class=\"authorgroup\"><br \/>\n<span class=\"firstname\">Franck<\/span> <span class=\"surname\">Genten<\/span>, <span class=\"firstname\">Eddy<\/span> <span class=\"surname\">Terwinghe<\/span>, et <span class=\"firstname\">Andr\u00e9<\/span> <span class=\"surname\">Danguy<\/span>. <\/span><br \/>\n<span class=\"title\"> <em>Histologie illustr\u00e9e du poisson<\/em>. <\/span><br \/>\n<span class=\"publisher\"> <span class=\"publishername\">Qu\u00e6. <\/span> <\/span> <span class=\"pubdate\">2010. <\/span> <span class=\"pagenums\">505 p. <\/span> <span class=\"title\"><em>Savoir-faire<\/em>. <\/span>[<span class=\"citebiblioid\">978-2-7592-0863-0<\/span>]<\/p>\n<p><span class=\"authorgroup\"><br \/>\n<span class=\"firstname\">Sandrine<\/span> <span class=\"surname\">Heusser<\/span> et <span class=\"firstname\">Henri-Gabriel<\/span> <span class=\"surname\">Dupuy<\/span>. <\/span><br \/>\n<span class=\"title\"><em>Atlas de biologie animale<\/em>. <\/span><br \/>\n<span class=\"publisher\"><span class=\"publishername\">Dunod. <\/span><\/span><span class=\"pubdate\">2015. <\/span><span class=\"pagenums\">219 p. <\/span><span class=\"title\"><em>Sciences sup<\/em>. <\/span>[<span class=\"citebiblioid\">978-2-10-071233-5<\/span>]<\/p>\n<h3 class=\"title\">Sites internet<\/h3>\n<p>\n<span class=\"title\"><br \/>\n<em>Appareil cardiovasculaire. In Wikip\u00e9dia, l&rsquo;encyclop\u00e9die libre [en ligne]<\/em>. <\/span><br \/>\n<span class=\"publisher\"> <span class=\"publishername\">Fondation Wikimedia. <\/span> <\/span> <span class=\"pubdate\">4 avril 2019 [date de consultation : 06 mars 2019]. <\/span><br \/>\n<span class=\"address\"> <code class=\"uri\">Disponible sur : <a class=\"link\" href=\"https:\/\/fr.wikipedia.org\/wiki\/Appareil_cardiovasculaire\" target=\"_top\" rel=\"noopener\">https:\/\/fr.wikipedia.org\/wiki\/Appareil_cardiovasculaire<\/a> <\/code>. <\/span>\n<\/p>\n<p>\n<span class=\"title\"><br \/>\n<em>Arthropodes. In Wikip\u00e9dia, l&rsquo;encyclop\u00e9die libre [en ligne]<\/em>. <\/span><br \/>\n<span class=\"publisher\"><span class=\"publishername\">Fondation Wikimedia. <\/span><\/span> <span class=\"pubdate\">22 avril 2019 [date de consultation : 05 mars 2019]. <\/span><br \/>\n<span class=\"address\"><code class=\"uri\">Disponible sur : <a class=\"link\" href=\"https:\/\/fr.wikipedia.org\/wiki\/Arthropodes\" target=\"_top\" rel=\"noopener\">https:\/\/fr.wikipedia.org\/wiki\/Arthropodes<\/a><\/code>. <\/span>\n<\/p>\n<p>\n<span class=\"title\"><br \/>\n<em>Vert\u00e9br\u00e9s. In Wikip\u00e9dia, l&rsquo;encyclop\u00e9die libre [en ligne]<\/em>. <\/span><br \/>\n<span class=\"publisher\"><span class=\"publishername\">Fondation Wikimedia. <\/span><\/span><span class=\"pubdate\">03 mai 2019 [date de consultation : 05 mars 2019]. <\/span><br \/>\n<span class=\"address\"><code class=\"uri\">Disponible sur : <a class=\"link\" href=\"https:\/\/fr.wikipedia.org\/wiki\/Vert\u00e9br\u00e9s\" target=\"_top\" rel=\"noopener\">https:\/\/fr.wikipedia.org\/wiki\/Vert\u00e9br\u00e9s<\/a> <\/code>. <\/span>\n<\/p>\n<p> &nbsp; <\/p>\n<footer>\n<hr \/>\n<table style=\"width: 100%; \">\n<tr>\n<td style=\"width: 40%; text-align: left; \">\n                       <a href=\"\/codex\/petites-questions-de-physiologie\/petites-questions-de-physiologie-animale-2019-ouvrage\/les-coeurs-des-vertebres-et-des-euarthropodes-conclusion\" title=\"Les c\u0153urs des Vert\u00e9br\u00e9s et des Euarthropodes : conclusion\">Pr\u00e9c\u00e9dent<\/a>\u00a0<\/td>\n<td style=\"width: 20%; text-align: center; \">\n                       <a href=\"\/codex\/petites-questions-de-physiologie\/petites-questions-de-physiologie-animale-2019-ouvrage\/les-coeurs-des-vertebres-et-des-euarthropodes-introduction\" title=\"Les c\u0153urs des Vert\u00e9br\u00e9s et des Euarthropodes : introduction\">Niveau sup\u00e9rieur<\/a>\n                    <\/td>\n<td style=\"width: 40%; text-align: right; \">\u00a0<a href=\"\/codex\/petites-questions-de-physiologie\/petites-questions-de-physiologie-animale-2019-ouvrage\/la-diversite-des-reins-des-vertebres-introduction\" title=\"La diversit\u00e9 des reins des Vert\u00e9br\u00e9s : introduction\">Suivant<\/a>\n                   <\/td>\n<\/tr>\n<tr>\n<td style=\"width: 40%; text-align: left; vertical-align: top; \">Conclusion\u00a0<\/td>\n<td style=\"width: 20%; text-align: center; \">\n                        <a href=\"\/codex\/petites-questions-de-physiologie\/petites-questions-de-physiologie-animale-2019-ouvrage\" title=\"Petites questions de physiologie animale 2019 : ouvrage\">Sommaire<\/a>\n                    <\/td>\n<td style=\"width: 40%; text-align: right; vertical-align: top; \">\u00a0La diversit\u00e9 des reins des Vert\u00e9br\u00e9s<\/td>\n<\/tr>\n<\/table>\n<\/footer>\n","protected":false},"excerpt":{"rendered":"<p>Bibliographie et sitographie Pr\u00e9c\u00e9dent\u00a0 Les c\u0153urs des Vert\u00e9br\u00e9s et des Euarthropodes \u00a0Suivant &nbsp; Livres Anne-Marie Bautz, Alain Bautz, et Dominique Chardard. Mini manuel de biologie animale. 3\u00e8me \u00e9dition. Dunod. 2015. 215 p. Mini manuel. [978-2-10-072084-2] Andr\u00e9 Beaumont et Pierre Cassier. Biologie animale, des Protozoaires aux M\u00e9tazoaires \u00e9pith\u00e9lioneuriens, tome 2. 3\u00e8me \u00e9dition. Dunod Universit\u00e9. 1983. 954 [&hellip;]<\/p>\n","protected":false},"author":2,"featured_media":0,"parent":13169,"menu_order":19,"comment_status":"closed","ping_status":"closed","template":"","meta":{"site-sidebar-layout":"default","site-content-layout":"","ast-site-content-layout":"default","site-content-style":"default","site-sidebar-style":"default","ast-global-header-display":"","ast-banner-title-visibility":"","ast-main-header-display":"","ast-hfb-above-header-display":"","ast-hfb-below-header-display":"","ast-hfb-mobile-header-display":"","site-post-title":"","ast-breadcrumbs-content":"","ast-featured-img":"","footer-sml-layout":"","ast-disable-related-posts":"","theme-transparent-header-meta":"","adv-header-id-meta":"","stick-header-meta":"","header-above-stick-meta":"","header-main-stick-meta":"","header-below-stick-meta":"","astra-migrate-meta-layouts":"default","ast-page-background-enabled":"default","ast-page-background-meta":{"desktop":{"background-color":"var(--ast-global-color-4)","background-image":"","background-repeat":"repeat","background-position":"center center","background-size":"auto","background-attachment":"scroll","background-type":"","background-media":"","overlay-type":"","overlay-color":"","overlay-opacity":"","overlay-gradient":""},"tablet":{"background-color":"","background-image":"","background-repeat":"repeat","background-position":"center center","background-size":"auto","background-attachment":"scroll","background-type":"","background-media":"","overlay-type":"","overlay-color":"","overlay-opacity":"","overlay-gradient":""},"mobile":{"background-color":"","background-image":"","background-repeat":"repeat","background-position":"center center","background-size":"auto","background-attachment":"scroll","background-type":"","background-media":"","overlay-type":"","overlay-color":"","overlay-opacity":"","overlay-gradient":""}},"ast-content-background-meta":{"desktop":{"background-color":"var(--ast-global-color-5)","background-image":"","background-repeat":"repeat","background-position":"center center","background-size":"auto","background-attachment":"scroll","background-type":"","background-media":"","overlay-type":"","overlay-color":"","overlay-opacity":"","overlay-gradient":""},"tablet":{"background-color":"var(--ast-global-color-5)","background-image":"","background-repeat":"repeat","background-position":"center center","background-size":"auto","background-attachment":"scroll","background-type":"","background-media":"","overlay-type":"","overlay-color":"","overlay-opacity":"","overlay-gradient":""},"mobile":{"background-color":"var(--ast-global-color-5)","background-image":"","background-repeat":"repeat","background-position":"center center","background-size":"auto","background-attachment":"scroll","background-type":"","background-media":"","overlay-type":"","overlay-color":"","overlay-opacity":"","overlay-gradient":""}},"footnotes":""},"class_list":["post-13485","page","type-page","status-publish","hentry"],"aioseo_notices":[],"jetpack_sharing_enabled":true,"_links":{"self":[{"href":"https:\/\/codexvirtualis.fr\/codex\/wp-json\/wp\/v2\/pages\/13485","targetHints":{"allow":["GET"]}}],"collection":[{"href":"https:\/\/codexvirtualis.fr\/codex\/wp-json\/wp\/v2\/pages"}],"about":[{"href":"https:\/\/codexvirtualis.fr\/codex\/wp-json\/wp\/v2\/types\/page"}],"author":[{"embeddable":true,"href":"https:\/\/codexvirtualis.fr\/codex\/wp-json\/wp\/v2\/users\/2"}],"replies":[{"embeddable":true,"href":"https:\/\/codexvirtualis.fr\/codex\/wp-json\/wp\/v2\/comments?post=13485"}],"version-history":[{"count":17,"href":"https:\/\/codexvirtualis.fr\/codex\/wp-json\/wp\/v2\/pages\/13485\/revisions"}],"predecessor-version":[{"id":13596,"href":"https:\/\/codexvirtualis.fr\/codex\/wp-json\/wp\/v2\/pages\/13485\/revisions\/13596"}],"up":[{"embeddable":true,"href":"https:\/\/codexvirtualis.fr\/codex\/wp-json\/wp\/v2\/pages\/13169"}],"wp:attachment":[{"href":"https:\/\/codexvirtualis.fr\/codex\/wp-json\/wp\/v2\/media?parent=13485"}],"curies":[{"name":"wp","href":"https:\/\/api.w.org\/{rel}","templated":true}]}}