{"id":13475,"date":"2021-03-14T16:19:19","date_gmt":"2021-03-14T15:19:19","guid":{"rendered":"https:\/\/codexvirtualis.fr\/codex\/?page_id=13475"},"modified":"2021-07-31T18:42:04","modified_gmt":"2021-07-31T16:42:04","slug":"les-coeurs-des-vertebres-et-des-euarthropodes-conclusion","status":"publish","type":"page","link":"https:\/\/codexvirtualis.fr\/codex\/petites-questions-de-physiologie\/petites-questions-de-physiologie-animale-2019-ouvrage\/les-coeurs-des-vertebres-et-des-euarthropodes-conclusion","title":{"rendered":"Les c\u0153urs des Vert\u00e9br\u00e9s et des Euarthropodes : conclusion"},"content":{"rendered":"<header>\n<table style=\"width: 100%; \">\n<tr>\n<th style=\"text-align: center; \" colspan=\"3\">Conclusion<\/th>\n<\/tr>\n<tr>\n<td style=\"width: 20%; text-align: left; \">\n                        <a href=\"\/codex\/petites-questions-de-physiologie\/petites-questions-de-physiologie-animale-2019-ouvrage\/les-coeurs-des-vertebres-et-des-euarthropodes-une-integration-fonctionnelle-dans-lorganisme\" title=\"Les c\u0153urs des Vert\u00e9br\u00e9s et des Euarthropodes : une int\u00e9gration fonctionnelle dans l\u2019organisme\">Pr\u00e9c\u00e9dent<\/a>\u00a0<\/td>\n<th style=\"width: 60%; text-align: center; \">Les c\u0153urs des Vert\u00e9br\u00e9s et des Euarthropodes<\/th>\n<td style=\"width: 20%; text-align: right; \">\u00a0<a href=\"\/codex\/petites-questions-de-physiologie\/petites-questions-de-physiologie-animale-2019-ouvrage\/les-coeurs-des-vertebres-et-des-euarthropodes-bibliographie-et-sitographie\" title=\"Les c\u0153urs des Vert\u00e9br\u00e9s et des Euarthropodes : bibliographie et sitographie\">Suivant<\/a>\n                    <\/td>\n<\/tr>\n<\/table>\n<hr \/>\n<\/header>\n<p> &nbsp; <\/p>\n<section class=\"sect1\" id=\"d0e2264\">\n<p>Les c\u0153urs des Vert\u00e9br\u00e9s et des Euarthropodes sont des constituants de leurs appareils circulatoires. Organes musculeux et creux form\u00e9s de plusieurs chambres, ils assurent la mise en mouvement du liquide circulant. Leur activit\u00e9 consiste en une alternance de phases de diastole pendant lesquelles ils se remplissent du liquide circulant, et de systoles pendant lesquelles ils le propulsent dans les vaisseaux. <\/p>\n<p>Chez les Vert\u00e9br\u00e9s, la rythmicit\u00e9 de l&rsquo;activit\u00e9 cardiaque est d&rsquo;origine intrins\u00e8que, d\u00e9termin\u00e9e par des cellules musculaires capables de d\u00e9polarisations spontan\u00e9es, alors que chez les Euarthropodes, elle est fr\u00e9quemment d&rsquo;origine extrins\u00e8que, d\u00e9termin\u00e9e par des cellules nerveuses. <\/p>\n<p>Les appareils circulatoires des Vert\u00e9br\u00e9s et des Euarthropodes diff\u00e8rent par leurs organisations. Chez les premiers, l&rsquo;appareil circulatoire est clos et le liquide circulant est endigu\u00e9 sur la totalit\u00e9 de son parcours, il s&rsquo;agit de sang. Chez les seconds, il est ouvert et le liquide circulant est d\u00e9vers\u00e9 dans une vaste cavit\u00e9 corporelle, il s&rsquo;agit d&rsquo;h\u00e9molymphe. Les cons\u00e9quences fonctionnelles de ces organisations sont importantes, elles d\u00e9terminent notamment les r\u00e9sistances vasculaires p\u00e9riph\u00e9riques et les conditions du retour du liquide circulant au c\u0153ur. Ainsi, si l&rsquo;essentiel de la circulation r\u00e9sulte de l&rsquo;activit\u00e9 cardiaque chez les Vert\u00e9br\u00e9s, des c\u0153urs accessoires, la musculature corporelle et des dispositifs g\u00e9n\u00e9rant des d\u00e9pressions y contribuent chez les Euarthropodes.<\/p>\n<p>Dans tous les cas, les appareils circulatoires assurent les relations \u00e0 l&rsquo;interieur de l&rsquo;organisme gr\u00e2ce aux liquides qu&rsquo;ils contiennent.<\/p>\n<p>Sang et h\u00e9molymphe sont des solutions aqueuses contenant des substances dissoutes min\u00e9rales et organiques. Parmi les ions min\u00e9raux figurent par exemple les ions Na<sup>+<\/sup>, K<sup>+<\/sup>, Cl<sup>&#8211;<\/sup>, Ca<sup>2+<\/sup> , et parmi les mol\u00e9cules organiques des oses, des acides amin\u00e9s, des prot\u00e9ines, des d\u00e9chets azot\u00e9s. Des cellules sont \u00e9galement pr\u00e9sentes, \u00e9rythrocytes et leucocytes chez les Vert\u00e9br\u00e9s, h\u00e9mocytes chez les Euarthropodes.<\/p>\n<p>De mani\u00e8re g\u00e9n\u00e9rale, les liquides circulants sont impliqu\u00e9s dans les fonctions de nutrition, assurant la distribution des nutriments, prenant en charge les gaz respiratoires et les d\u00e9chets. Ils contribuent \u00e0 la d\u00e9fense, en qualit\u00e9 de supports de l&rsquo;immunit\u00e9 et de la coagulation, ainsi qu&rsquo;\u00e0 la coordination avec le transport des hormones. Ils interviennent \u00e9galement dans les relations jouant parfois un r\u00f4le dans le soutien et la transmission des forces.<\/p>\n<p>De m\u00eame que les appareils circulatoires et les c\u0153urs, les liquides circulants des Vert\u00e9br\u00e9s et des Euarthropodes pr\u00e9sentent des sp\u00e9cificit\u00e9s li\u00e9es au fonctionnement de l&rsquo;organisme et \u00e0 l&rsquo;appartenance syst\u00e9matique. <\/p>\n<\/section>\n<p> &nbsp; <\/p>\n<footer>\n<hr \/>\n<table style=\"width: 100%; \">\n<tr>\n<td style=\"width: 40%; text-align: left; \">\n                        <a href=\"\/codex\/petites-questions-de-physiologie\/petites-questions-de-physiologie-animale-2019-ouvrage\/les-coeurs-des-vertebres-et-des-euarthropodes-une-integration-fonctionnelle-dans-lorganisme\" title=\"Les c\u0153urs des Vert\u00e9br\u00e9s et des Euarthropodes : une int\u00e9gration fonctionnelle dans l\u2019organisme\">Pr\u00e9c\u00e9dent<\/a>\u00a0<\/td>\n<td style=\"width: 20%; text-align: center; \">\n                        <a href=\"\/codex\/petites-questions-de-physiologie\/petites-questions-de-physiologie-animale-2019-ouvrage\/les-coeurs-des-vertebres-et-des-euarthropodes-introduction\" title=\"Les c\u0153urs des Vert\u00e9br\u00e9s et des Euarthropodes : introduction\">Niveau sup\u00e9rieur<\/a>\n                    <\/td>\n<td style=\"width: 40%; text-align: right; \">\u00a0<a href=\"\/codex\/petites-questions-de-physiologie\/petites-questions-de-physiologie-animale-2019-ouvrage\/les-coeurs-des-vertebres-et-des-euarthropodes-bibliographie-et-sitographie\" title=\"Les c\u0153urs des Vert\u00e9br\u00e9s et des Euarthropodes : bibliographie et sitographie\">Suivant<\/a>\n                    <\/td>\n<\/tr>\n<tr>\n<td style=\"width: 40%; text-align: left; vertical-align: top; \">Les c\u0153urs des Vert\u00e9br\u00e9s et des Euarthropodes : une int\u00e9gration fonctionnelle dans l&rsquo;organisme\u00a0<\/td>\n<td style=\"width: 20%; text-align: center; \">\n                        <a href=\"\/codex\/petites-questions-de-physiologie\/petites-questions-de-physiologie-animale-2019-ouvrage\" title=\"Petites questions de physiologie animale 2019 : ouvrage\">Sommaire<\/a>\n                    <\/td>\n<td style=\"width: 40%; text-align: right; vertical-align: top; \">\u00a0Bibliographie et sitographie<\/td>\n<\/tr>\n<\/table>\n<\/footer>\n","protected":false},"excerpt":{"rendered":"<p>Conclusion Pr\u00e9c\u00e9dent\u00a0 Les c\u0153urs des Vert\u00e9br\u00e9s et des Euarthropodes \u00a0Suivant &nbsp; Les c\u0153urs des Vert\u00e9br\u00e9s et des Euarthropodes sont des constituants de leurs appareils circulatoires. Organes musculeux et creux form\u00e9s de plusieurs chambres, ils assurent la mise en mouvement du liquide circulant. Leur activit\u00e9 consiste en une alternance de phases de diastole pendant lesquelles ils [&hellip;]<\/p>\n","protected":false},"author":2,"featured_media":0,"parent":13169,"menu_order":18,"comment_status":"closed","ping_status":"closed","template":"","meta":{"site-sidebar-layout":"default","site-content-layout":"","ast-site-content-layout":"default","site-content-style":"default","site-sidebar-style":"default","ast-global-header-display":"","ast-banner-title-visibility":"","ast-main-header-display":"","ast-hfb-above-header-display":"","ast-hfb-below-header-display":"","ast-hfb-mobile-header-display":"","site-post-title":"","ast-breadcrumbs-content":"","ast-featured-img":"","footer-sml-layout":"","ast-disable-related-posts":"","theme-transparent-header-meta":"","adv-header-id-meta":"","stick-header-meta":"","header-above-stick-meta":"","header-main-stick-meta":"","header-below-stick-meta":"","astra-migrate-meta-layouts":"default","ast-page-background-enabled":"default","ast-page-background-meta":{"desktop":{"background-color":"var(--ast-global-color-4)","background-image":"","background-repeat":"repeat","background-position":"center center","background-size":"auto","background-attachment":"scroll","background-type":"","background-media":"","overlay-type":"","overlay-color":"","overlay-opacity":"","overlay-gradient":""},"tablet":{"background-color":"","background-image":"","background-repeat":"repeat","background-position":"center center","background-size":"auto","background-attachment":"scroll","background-type":"","background-media":"","overlay-type":"","overlay-color":"","overlay-opacity":"","overlay-gradient":""},"mobile":{"background-color":"","background-image":"","background-repeat":"repeat","background-position":"center center","background-size":"auto","background-attachment":"scroll","background-type":"","background-media":"","overlay-type":"","overlay-color":"","overlay-opacity":"","overlay-gradient":""}},"ast-content-background-meta":{"desktop":{"background-color":"var(--ast-global-color-5)","background-image":"","background-repeat":"repeat","background-position":"center center","background-size":"auto","background-attachment":"scroll","background-type":"","background-media":"","overlay-type":"","overlay-color":"","overlay-opacity":"","overlay-gradient":""},"tablet":{"background-color":"var(--ast-global-color-5)","background-image":"","background-repeat":"repeat","background-position":"center center","background-size":"auto","background-attachment":"scroll","background-type":"","background-media":"","overlay-type":"","overlay-color":"","overlay-opacity":"","overlay-gradient":""},"mobile":{"background-color":"var(--ast-global-color-5)","background-image":"","background-repeat":"repeat","background-position":"center center","background-size":"auto","background-attachment":"scroll","background-type":"","background-media":"","overlay-type":"","overlay-color":"","overlay-opacity":"","overlay-gradient":""}},"footnotes":""},"class_list":["post-13475","page","type-page","status-publish","hentry"],"aioseo_notices":[],"jetpack_sharing_enabled":true,"_links":{"self":[{"href":"https:\/\/codexvirtualis.fr\/codex\/wp-json\/wp\/v2\/pages\/13475","targetHints":{"allow":["GET"]}}],"collection":[{"href":"https:\/\/codexvirtualis.fr\/codex\/wp-json\/wp\/v2\/pages"}],"about":[{"href":"https:\/\/codexvirtualis.fr\/codex\/wp-json\/wp\/v2\/types\/page"}],"author":[{"embeddable":true,"href":"https:\/\/codexvirtualis.fr\/codex\/wp-json\/wp\/v2\/users\/2"}],"replies":[{"embeddable":true,"href":"https:\/\/codexvirtualis.fr\/codex\/wp-json\/wp\/v2\/comments?post=13475"}],"version-history":[{"count":7,"href":"https:\/\/codexvirtualis.fr\/codex\/wp-json\/wp\/v2\/pages\/13475\/revisions"}],"predecessor-version":[{"id":13507,"href":"https:\/\/codexvirtualis.fr\/codex\/wp-json\/wp\/v2\/pages\/13475\/revisions\/13507"}],"up":[{"embeddable":true,"href":"https:\/\/codexvirtualis.fr\/codex\/wp-json\/wp\/v2\/pages\/13169"}],"wp:attachment":[{"href":"https:\/\/codexvirtualis.fr\/codex\/wp-json\/wp\/v2\/media?parent=13475"}],"curies":[{"name":"wp","href":"https:\/\/api.w.org\/{rel}","templated":true}]}}