{"id":13451,"date":"2021-03-14T16:19:01","date_gmt":"2021-03-14T15:19:01","guid":{"rendered":"https:\/\/codexvirtualis.fr\/codex\/?page_id=13451"},"modified":"2021-03-14T16:32:12","modified_gmt":"2021-03-14T15:32:12","slug":"les-coeurs-des-vertebres-et-des-euarthropodes-des-organes-propulsant-le-liquide-circulant","status":"publish","type":"page","link":"https:\/\/codexvirtualis.fr\/codex\/petites-questions-de-physiologie\/petites-questions-de-physiologie-animale-2019-ouvrage\/les-coeurs-des-vertebres-et-des-euarthropodes-des-organes-propulsant-le-liquide-circulant","title":{"rendered":"Les c\u0153urs des Vert\u00e9br\u00e9s et des Euarthropodes : des organes propulsant le liquide circulant"},"content":{"rendered":"<header>\n<table style=\"width: 100%; \">\n<tr>\n<th style=\"text-align: center; \" colspan=\"3\">Les c\u0153urs des Vert\u00e9br\u00e9s et des Euarthropodes : des organes propulsant le liquide circulant<\/th>\n<\/tr>\n<tr>\n<td style=\"width: 20%; text-align: left; \">\n                        <a href=\"\/codex\/petites-questions-de-physiologie\/petites-questions-de-physiologie-animale-2019-ouvrage\/les-coeurs-des-vertebres-et-des-euarthropodes-des-organes-des-appareils-circulatoires\" title=\"Les c\u0153urs des Vert\u00e9br\u00e9s et des Euarthropodes : des organes des appareils circulatoires\">Pr\u00e9c\u00e9dent<\/a>\u00a0<\/td>\n<th style=\"width: 60%; text-align: center; \">Les c\u0153urs des Vert\u00e9br\u00e9s et des Euarthropodes<\/th>\n<td style=\"width: 20%; text-align: right; \">\u00a0<a href=\"\/codex\/petites-questions-de-physiologie\/petites-questions-de-physiologie-animale-2019-ouvrage\/les-coeurs-des-vertebres-et-des-euarthropodes-une-integration-fonctionnelle-dans-lorganisme\" title=\"Les c\u0153urs des Vert\u00e9br\u00e9s et des Euarthropodes : une int\u00e9gration fonctionnelle dans l\u2019organisme\">Suivant<\/a>\n                    <\/td>\n<\/tr>\n<\/table>\n<hr \/>\n<\/header>\n<section class=\"sect1\" id=\"d0e2027\">\n            <\/section>\n<section class=\"sect2\" id=\"d0e2030\">\n<h3 class=\"title\">Le c\u0153ur des Vert\u00e9br\u00e9s : un organe musculeux et contractile<\/h3>\n<p>Le c\u0153ur de Rat, exemple de Mammif\u00e8re, permet d&rsquo;aborder l&rsquo;organisation tissulaire de cet organe chez Vert\u00e9br\u00e9s.<\/p>\n<p> &nbsp; <\/p>\n<figure id=\"d0e2035\"\n                    class=\"img\"\n                    title=\"Figure\u00a09.\u00a0C\u0153ur de Rat en coupe longitudinale (Collection de l\u2019Universit\u00e9 Jean&#xA; Monnet)\"><\/p>\n<div class=\"figure\">\n<figure style=\"width: 300px\" class=\"wp-caption alignnone\"><a rel=\"lightbox\" href=\"\/documents\/images\/PetitesQuestionsDePhysiologie\/2019\/media\/images\/06_figure_09.jpg\"><img decoding=\"async\" src=\"\/documents\/images\/PetitesQuestionsDePhysiologie\/2019\/media\/images\/06_figure_09.jpg\" width=\"300\" \" alt=\"C\u0153ur de Rat en coupe longitudinale (Collection de l\u2019Universit\u00e9 Jean Monnet)\" class=\"size-medium\" \/><figcaption class=\"wp-caption-text\">Figure\u00a09.\u00a0C\u0153ur de Rat en coupe longitudinale (Collection de l\u2019Universit\u00e9 Jean Monnet)  <\/a><\/figcaption><\/figure>\n<\/div>\n<div class=\"copyright\">\n<p>Copyright : 2019 Loriane M\u00e9rand<\/p>\n<\/p><\/div>\n<div class=\"legalnotice\" title=\"Note L\u00e9gale\">\n<p> Cette illustration est mise \u00e0 disposition selon les termes de la Licence Creative Commons Attribution &#8211; Pas d&rsquo;Utilisation Commerciale &#8211; Partage dans les m\u00eames conditions 4.0 International.<span class=\"inlinemediaobject\"><br \/>\n<img decoding=\"async\" class=\"ccimage\" src=\"\/documents\/images\/PetitesQuestionsDePhysiologie\/2019\/media\/images\/00_licence.png\" width=\"50\"\/> <\/span> <\/p>\n<\/div>\n<\/figure>\n<p> &nbsp; <\/p>\n<p>La paroi du c\u0153ur des Mammif\u00e8res comporte trois tuniques. Ce sont : <\/p>\n<ul class=\"itemizedlist\" style=\"list-style-type: disc; \">\n<li class=\"listitem\">le p\u00e9ricarde, enveloppe externe form\u00e9e de deux feuillets qualifi\u00e9s de pari\u00e9tal et de visc\u00e9ral d\u00e9limitant une \u00e9troite cavit\u00e9 p\u00e9ricardique remplie de liquide, chaque feuillet est constitu\u00e9 d&rsquo;un \u00e9pith\u00e9lium simple et pavimenteux reposant sur du tissu conjonctif fibreux ;\n                    <\/li>\n<li class=\"listitem\">l&rsquo;endocarde, enveloppe interne tapissant les chambres et les valves cardiaques au contact du sang, form\u00e9 d&rsquo;un \u00e9pith\u00e9lium simple pavimenteux, l&rsquo;endoth\u00e9lium, et de tissu conjonctif fibreux, la couche sous-endoth\u00e9liale ;\n                    <\/li>\n<li class=\"listitem\">le myocarde, tunique moyenne constitu\u00e9e de tissu musculaire richement irrigu\u00e9, \u00e9paisse dans la paroi des ventricules et plus fine dans celle des atriums.\n                    <\/li>\n<\/ul>\n<p> &nbsp; <\/p>\n<figure id=\"d0e2071\"\n                    class=\"img\"\n                    title=\"Figure\u00a010.\u00a0Myocarde de c\u0153ur de Rat en coupe longitudinale (Collection de l\u2019ENS de&#xA; Lyon)\"><\/p>\n<div class=\"figure\">\n<figure style=\"width: 300px\" class=\"wp-caption alignnone\"><a rel=\"lightbox\" href=\"\/documents\/images\/PetitesQuestionsDePhysiologie\/2019\/media\/images\/06_figure_10.jpg\"><img decoding=\"async\" src=\"\/documents\/images\/PetitesQuestionsDePhysiologie\/2019\/media\/images\/06_figure_10.jpg\" width=\"300\" \" alt=\"Myocarde de c\u0153ur de Rat en coupe longitudinale (Collection de l\u2019ENS de Lyon)\" class=\"size-medium\" \/><figcaption class=\"wp-caption-text\">Figure\u00a010.\u00a0Myocarde de c\u0153ur de Rat en coupe longitudinale (Collection de l\u2019ENS de Lyon)  <\/a><\/figcaption><\/figure><\/p><\/div>\n<div class=\"copyright\">\n<p>Copyright : 2019 Loriane M\u00e9rand ; Sandrine Heusser<\/p>\n<\/p><\/div>\n<div class=\"legalnotice\" title=\"Note L\u00e9gale\">\n<p> Cette illustration est mise \u00e0 disposition selon les termes de la Licence Creative Commons Attribution &#8211; Pas d&rsquo;Utilisation Commerciale &#8211; Partage dans les m\u00eames conditions 4.0 International.<span class=\"inlinemediaobject\"><br \/>\n<img decoding=\"async\" class=\"ccimage\" src=\"\/documents\/images\/PetitesQuestionsDePhysiologie\/2019\/media\/images\/00_licence.png\" width=\"50\"\/> <\/span> <\/p>\n<\/div>\n<\/figure>\n<p> &nbsp; <\/p>\n<p>Les cellules constituant le myocarde, appel\u00e9es cardiomyocytes, sont cylindriques et leurs extr\u00e9mit\u00e9s sont ramifi\u00e9es. Elles poss\u00e8dent un unique noyau central et leur cytoplasme pr\u00e9sente des stries transversales en coupe longitudinale. Il s&rsquo;agit de cellules musculaires stri\u00e9es. Les extr\u00e9mit\u00e9s des cellules voisines sont reli\u00e9es par des disques intercalaires au niveau desquels des complexes de jonction sont pr\u00e9sents, comportant des jonctions d&rsquo;ancrage et des jonctions communicantes. <\/p>\n<p>Les cardiomyocytes sont agenc\u00e9s en r\u00e9seau dans le myocarde et ont une disposition spiral\u00e9e.<\/p>\n<p>Ils sont associ\u00e9s \u00e0 du tissu conjonctif fibreux dans lequel courent de nombreux vaisseaux capillaires, intercal\u00e9s entre les art\u00e8res et les veines coronaires assurant l&rsquo;irrigation du c\u0153ur. <\/p>\n<p>Le cycle cardiaque consiste en une alternance de p\u00e9riodes de contraction et de rel\u00e2chement du myocarde, respectivement les systoles et les diastoles.<br \/>\nLorsque les atriums sont en diastole, les veines y d\u00e9versent le sang. La pression exerc\u00e9e sur les valves atrioventriculaires augmente et provoque leur ouverture. Le sang s&rsquo;\u00e9coule alors dans les ventricules \u00e9galement en diastole, alors que les atriums entrent en systole.<br \/>\nLa systole ventriculaire intervient alors que d\u00e9bute la diastole atriale. Elle est responsable d&rsquo;une augmentation de la pression exerc\u00e9e sur les valves atrioventriculaires provoquant leur fermeture et sur les valves ventriculoart\u00e9rielles provoquant leur ouverture. Le sang est ainsi propuls\u00e9 dans les art\u00e8res.<br \/>\nAvec la diastole ventriculaire, la pression dans les art\u00e8res devient sup\u00e9rieure \u00e0 celle des ventricules et les valves ventriculoart\u00e9rielles se ferment.<br \/>\nLes cycles des moiti\u00e9s gauche et droite du c\u0153ur sont synchronis\u00e9s.<\/p>\n<p>Le c\u0153ur met donc le sang en mouvement dans l&rsquo;appareil circulatoire gr\u00e2ce auxontractions du myocarde : il est \u00e0 l&rsquo;origine de sa mise sous pression et de son expulsion dans les vaisseaux art\u00e9riels. <\/p>\n<p>La disposion spiral\u00e9e des cardiomyocytes, leur agencement en r\u00e9seau et les jonctions d&rsquo;ancrage assurant la continuit\u00e9 de leurs cytosquelettes, dispositifs responsables de la contraction, permettent une diminution du volume des chambres cardiaques. <\/p>\n<p>Le flux sanguin entre les atriums et les ventricules et entre les ventricules et les art\u00e8res est orient\u00e9 par l&rsquo;ouverture et la fermeture des valves, respectivement atrioventriculaires et ventriculoart\u00e9rielles.<br \/>\nLes bruits du c\u0153ur sont produits par leurs fermetures : le bruit sourd (\u00ab poum \u00bb) correspond \u00e0 la fermeture des valves atrioventriculaires et le bruit sec (\u00ab pap \u00bb) \u00e0 celle des valves ventriculoart\u00e9rielles.<\/p>\n<p>L&rsquo;\u00e9paisseur du myocarde diff\u00e8re d&rsquo;une chambre cardiaque \u00e0 l&rsquo;autre. De mani\u00e8re g\u00e9n\u00e9rale, le myocarde des atriums est moins \u00e9pais que celui des ventricules. Le myocarde du ventricule gauche est plus \u00e9pais que celui du ventricule droit. Ces diff\u00e9rences refl\u00e8tent des puissances de contraction vari\u00e9es. Ainsi, le ventricule gauche propulsant le sang dans la circulation syst\u00e9mique d\u00e9veloppe une puissance plus importante que le ventricule droit le propulsant dans la circulation pulmonaire.<\/p>\n<p>Le c\u0153ur des Mammif\u00e8res, et plus g\u00e9n\u00e9ralement des Vert\u00e9br\u00e9s, est donc un organe creux et contractile responsable de la mise en mouvement du sang dans l&rsquo;appareil circulatoire.<\/p>\n<p>Qu&rsquo;en est-il de c\u0153ur des Euarthropodes ?<\/p>\n<\/section>\n<section class=\"sect2\" id=\"d0e2117\">\n<h3 class=\"title\">Le c\u0153ur des Euarthropodes : un organe musculeux et contractile<\/h3>\n<p> &nbsp; <\/p>\n<figure id=\"d0e2120\"\n                    class=\"img\"\n                    title=\"Figure\u00a011.\u00a0C\u0153ur de Criquet en coupe transversale (Collection de l\u2019ENS de&#xA; Lyon)\"><\/p>\n<div class=\"figure\">\n<figure style=\"width: 300px\" class=\"wp-caption alignnone\"><a rel=\"lightbox\" href=\"\/documents\/images\/PetitesQuestionsDePhysiologie\/2019\/media\/images\/06_figure_11.jpg\"><img decoding=\"async\" src=\"\/documents\/images\/PetitesQuestionsDePhysiologie\/2019\/media\/images\/06_figure_11.jpg\" width=\"300\" \" alt=\"C\u0153ur de Criquet en coupe transversale (Collection de l\u2019ENS de Lyon)\" class=\"size-medium\" \/><figcaption class=\"wp-caption-text\">Figure\u00a011.\u00a0C\u0153ur de Criquet en coupe transversale (Collection de l\u2019ENS de Lyon)  <\/a><\/figcaption><\/figure>\n<\/div>\n<div class=\"copyright\">\n<p>Copyright : 2019 Loriane M\u00e9rand ; Sandrine Heusser<\/p>\n<\/p><\/div>\n<div class=\"legalnotice\" title=\"Note L\u00e9gale\">\n<p> Cette illustration est mise \u00e0 disposition selon les termes de la Licence Creative Commons Attribution &#8211; Pas d&rsquo;Utilisation Commerciale &#8211; Partage dans les m\u00eames conditions 4.0 International.<span class=\"inlinemediaobject\"><br \/>\n<img decoding=\"async\" class=\"ccimage\" src=\"\/documents\/images\/PetitesQuestionsDePhysiologie\/2019\/media\/images\/00_licence.png\" width=\"50\"\/> <\/span> <\/p>\n<\/div>\n<\/figure>\n<p> &nbsp; <\/p>\n<p>Le c\u0153ur du Criquet est d\u00e9limit\u00e9 par une paroi form\u00e9e de l&rsquo;ext\u00e9rieur vers l&rsquo;int\u00e9rieur :<\/p>\n<ul class=\"itemizedlist\" style=\"list-style-type: disc; \">\n<li class=\"listitem\">d&rsquo;une tunique de cellules musculaires stri\u00e9es allong\u00e9es et \u00e0 disposition principalement circulaire associ\u00e9es \u00e0 du tissu conjonctif fibreux ;\n                    <\/li>\n<li class=\"listitem\">d&rsquo;un \u00e9pith\u00e9lium simple pavimenteux tapissant les cavit\u00e9s au contact de l&rsquo;h\u00e9molymphe.\n                    <\/li>\n<\/ul>\n<p>Il est rev\u00eatu ext\u00e9rieurement de cellules p\u00e9ricardiques agr\u00e9g\u00e9es. Il s&rsquo;agit d&rsquo;h\u00e9mocytes dont le cytoplasme contient divers pigments et inclusions, poss\u00e9dant des propri\u00e9t\u00e9s phagocytaires. De nombreuses trach\u00e9es sont \u00e9galement pr\u00e9sentes assurantl&rsquo;approvisonnement de c\u0153ur en dioxyg\u00e8ne.<\/p>\n<p>La musculature de la paroi des chambres cardiaques est anim\u00e9e de contractions, \u00e0l&rsquo;origine des systoles, et de rel\u00e2chements d\u00e9terminant les diastoles.<\/p>\n<p>L&rsquo;h\u00e9molymphe p\u00e9n\u00e8tre dans une chambre cardiaque en diastole alors que les valves des ostioles sont ouvertes.<br \/>\nLa systole provoque une diminution du volume de la chambre cardiaque et g\u00e9n\u00e8re une augmentation de la pression interne. Elle a pourcons\u00e9quence la fermeture des valves des ostioles et l&rsquo;ouverture des valves las\u00e9parant de la chambre situ\u00e9e \u00e0 l&rsquo;avant. L&rsquo;h\u00e9molymphe est alors propuls\u00e9e vers l&rsquo;avant en direction de l&rsquo;aorte dorsale. <\/p>\n<p>Une vague de systoles affecte les chambres cardiaques depuis la r\u00e9gion post\u00e9rieure vers la r\u00e9gion ant\u00e9rieure, assurant de proche en proche la progression vers l&rsquo;avant de l&rsquo;h\u00e9molymphe. <\/p>\n<p>Chez les Libellules, les mouvements musculaires li\u00e9s au vol contribuent \u00e9galement \u00e0 la mise en mouvement de l&rsquo;h\u00e9molymphe. Par ailleurs, des c\u0153urs accessoires sont parfois pr\u00e9sents, propulsant l&rsquo;h\u00e9molymphe en compl\u00e9ment du c\u0153ur dorsal. Ainsi, si le fonctionnement d\u00e9crit chez le Criquet est partag\u00e9 par la plupart des esp\u00e8ces, il existe des variations ponctuelles.<\/p>\n<p>\u00c0 l&rsquo;instar du c\u0153ur des Vert\u00e9br\u00e9s, le c\u0153ur des Insectes et plus g\u00e9n\u00e9ralement des Euarthropodes est donc un organe creux \u00e0 paroi musculeuse mettant en mouvement l&rsquo;h\u00e9molymphe dans l&rsquo;appareil circulatoire.<\/p>\n<p>Le flux d&rsquo;h\u00e9molymphe est orient\u00e9 par l&rsquo;ouverture et la fermeture des valves des ostioles et des valves cardiaques.<\/p>\n<p>En quoi le caract\u00e8re clos ou ouvert de l&rsquo;appareil circulatoire impacte-t-il le fonctionnement cardiaque ?<\/p>\n<p>Comment le c\u0153ur est-il int\u00e9gr\u00e9 dans la fonctionnement de l&rsquo;organisme ?<\/p>\n<\/section>\n<p> &nbsp; <\/p>\n<footer>\n<hr \/>\n<table style=\"width: 100%; \">\n<tr>\n<td style=\"width: 40%; text-align: left; \">\n                        <a href=\"\/codex\/petites-questions-de-physiologie\/petites-questions-de-physiologie-animale-2019-ouvrage\/les-coeurs-des-vertebres-et-des-euarthropodes-des-organes-des-appareils-circulatoires\" title=\"Les c\u0153urs des Vert\u00e9br\u00e9s et des Euarthropodes : des organes des appareils circulatoires\">Pr\u00e9c\u00e9dent<\/a>\u00a0<\/td>\n<td style=\"width: 20%; text-align: center; \">\n                        <a href=\"\/codex\/petites-questions-de-physiologie\/petites-questions-de-physiologie-animale-2019-ouvrage\/les-coeurs-des-vertebres-et-des-euarthropodes-introduction\" title=\"Les c\u0153urs des Vert\u00e9br\u00e9s et des Euarthropodes : introduction\">Niveau sup\u00e9rieur<\/a>\n                    <\/td>\n<td style=\"width: 40%; text-align: right; \"><a href=\"\/codex\/petites-questions-de-physiologie\/petites-questions-de-physiologie-animale-2019-ouvrage\/les-coeurs-des-vertebres-et-des-euarthropodes-une-integration-fonctionnelle-dans-lorganisme\" title=\"Les c\u0153urs des Vert\u00e9br\u00e9s et des Euarthropodes : une int\u00e9gration fonctionnelle dans l\u2019organisme\">Suivant<\/a>\n                    <\/td>\n<\/tr>\n<tr>\n<td style=\"width: 40%; text-align: left; vertical-align: top; \">Les c\u0153urs des Vert\u00e9br\u00e9s et des Euarthropodes : des organes des appareils circulatoires\u00a0<\/td>\n<td style=\"width: 20%; text-align: center; \">\n                        <a href=\"\/codex\/petites-questions-de-physiologie\/petites-questions-de-physiologie-animale-2019-ouvrage\" title=\"Petites questions de physiologie animale 2019 : ouvrage\">Sommaire<\/a>\n                    <\/td>\n<td style=\"width: 40%; text-align: right; vertical-align: top; \">\u00a0Les c\u0153urs des Vert\u00e9br\u00e9s et des Euarthropodes : une int\u00e9gration fonctionnelle dans l&rsquo;organisme<\/td>\n<\/tr>\n<\/table>\n<\/footer>\n","protected":false},"excerpt":{"rendered":"<p>Les c\u0153urs des Vert\u00e9br\u00e9s et des Euarthropodes : des organes propulsant le liquide circulant Pr\u00e9c\u00e9dent\u00a0 Les c\u0153urs des Vert\u00e9br\u00e9s et des Euarthropodes \u00a0Suivant Le c\u0153ur des Vert\u00e9br\u00e9s : un organe musculeux et contractile Le c\u0153ur de Rat, exemple de Mammif\u00e8re, permet d&rsquo;aborder l&rsquo;organisation tissulaire de cet organe chez Vert\u00e9br\u00e9s. &nbsp; Copyright : 2019 Loriane M\u00e9rand [&hellip;]<\/p>\n","protected":false},"author":2,"featured_media":0,"parent":13169,"menu_order":16,"comment_status":"closed","ping_status":"closed","template":"","meta":{"site-sidebar-layout":"default","site-content-layout":"","ast-site-content-layout":"default","site-content-style":"default","site-sidebar-style":"default","ast-global-header-display":"","ast-banner-title-visibility":"","ast-main-header-display":"","ast-hfb-above-header-display":"","ast-hfb-below-header-display":"","ast-hfb-mobile-header-display":"","site-post-title":"","ast-breadcrumbs-content":"","ast-featured-img":"","footer-sml-layout":"","ast-disable-related-posts":"","theme-transparent-header-meta":"","adv-header-id-meta":"","stick-header-meta":"","header-above-stick-meta":"","header-main-stick-meta":"","header-below-stick-meta":"","astra-migrate-meta-layouts":"default","ast-page-background-enabled":"default","ast-page-background-meta":{"desktop":{"background-color":"var(--ast-global-color-4)","background-image":"","background-repeat":"repeat","background-position":"center center","background-size":"auto","background-attachment":"scroll","background-type":"","background-media":"","overlay-type":"","overlay-color":"","overlay-opacity":"","overlay-gradient":""},"tablet":{"background-color":"","background-image":"","background-repeat":"repeat","background-position":"center center","background-size":"auto","background-attachment":"scroll","background-type":"","background-media":"","overlay-type":"","overlay-color":"","overlay-opacity":"","overlay-gradient":""},"mobile":{"background-color":"","background-image":"","background-repeat":"repeat","background-position":"center center","background-size":"auto","background-attachment":"scroll","background-type":"","background-media":"","overlay-type":"","overlay-color":"","overlay-opacity":"","overlay-gradient":""}},"ast-content-background-meta":{"desktop":{"background-color":"var(--ast-global-color-5)","background-image":"","background-repeat":"repeat","background-position":"center center","background-size":"auto","background-attachment":"scroll","background-type":"","background-media":"","overlay-type":"","overlay-color":"","overlay-opacity":"","overlay-gradient":""},"tablet":{"background-color":"var(--ast-global-color-5)","background-image":"","background-repeat":"repeat","background-position":"center center","background-size":"auto","background-attachment":"scroll","background-type":"","background-media":"","overlay-type":"","overlay-color":"","overlay-opacity":"","overlay-gradient":""},"mobile":{"background-color":"var(--ast-global-color-5)","background-image":"","background-repeat":"repeat","background-position":"center center","background-size":"auto","background-attachment":"scroll","background-type":"","background-media":"","overlay-type":"","overlay-color":"","overlay-opacity":"","overlay-gradient":""}},"footnotes":""},"class_list":["post-13451","page","type-page","status-publish","hentry"],"aioseo_notices":[],"jetpack_sharing_enabled":true,"_links":{"self":[{"href":"https:\/\/codexvirtualis.fr\/codex\/wp-json\/wp\/v2\/pages\/13451","targetHints":{"allow":["GET"]}}],"collection":[{"href":"https:\/\/codexvirtualis.fr\/codex\/wp-json\/wp\/v2\/pages"}],"about":[{"href":"https:\/\/codexvirtualis.fr\/codex\/wp-json\/wp\/v2\/types\/page"}],"author":[{"embeddable":true,"href":"https:\/\/codexvirtualis.fr\/codex\/wp-json\/wp\/v2\/users\/2"}],"replies":[{"embeddable":true,"href":"https:\/\/codexvirtualis.fr\/codex\/wp-json\/wp\/v2\/comments?post=13451"}],"version-history":[{"count":5,"href":"https:\/\/codexvirtualis.fr\/codex\/wp-json\/wp\/v2\/pages\/13451\/revisions"}],"predecessor-version":[{"id":13505,"href":"https:\/\/codexvirtualis.fr\/codex\/wp-json\/wp\/v2\/pages\/13451\/revisions\/13505"}],"up":[{"embeddable":true,"href":"https:\/\/codexvirtualis.fr\/codex\/wp-json\/wp\/v2\/pages\/13169"}],"wp:attachment":[{"href":"https:\/\/codexvirtualis.fr\/codex\/wp-json\/wp\/v2\/media?parent=13451"}],"curies":[{"name":"wp","href":"https:\/\/api.w.org\/{rel}","templated":true}]}}