{"id":13439,"date":"2021-03-14T16:18:47","date_gmt":"2021-03-14T15:18:47","guid":{"rendered":"https:\/\/codexvirtualis.fr\/codex\/?page_id=13439"},"modified":"2021-07-28T12:26:33","modified_gmt":"2021-07-28T10:26:33","slug":"les-coeurs-des-vertebres-et-des-euarthropodes-introduction","status":"publish","type":"page","link":"https:\/\/codexvirtualis.fr\/codex\/petites-questions-de-physiologie\/petites-questions-de-physiologie-animale-2019-ouvrage\/les-coeurs-des-vertebres-et-des-euarthropodes-introduction","title":{"rendered":"Les c\u0153urs des Vert\u00e9br\u00e9s et des Euarthropodes : introduction"},"content":{"rendered":"<br \/>\n<header>\n<table style=\"width: 100%; \">\n<tr>\n<th style=\"text-align: center; \" colspan=\"3\">Les c\u0153urs des Vert\u00e9br\u00e9s et des Euarthropodes<\/th>\n<\/tr>\n<tr>\n<td style=\"width: 20%; text-align: left; \">\n                        <a href=\"\/codex\/petites-questions-de-physiologie\/petites-questions-de-physiologie-animale-2019-ouvrage\/les-circulations-sanguines-simple-et-double-chez-les-vertebres-bibliographie-et-sitographie\" title=\"Les circulations sanguines simple et double chez les Vert\u00e9br\u00e9s : bibliographie et sitographie\">Pr\u00e9c\u00e9dent<\/a>\u00a0<\/td>\n<th style=\"width: 60%; text-align: center; \">\u00a0<\/th>\n<td style=\"width: 20%; text-align: right; \">\u00a0<a href=\"\/codex\/petites-questions-de-physiologie\/petites-questions-de-physiologie-animale-2019-ouvrage\/les-coeurs-des-vertebres-et-des-euarthropodes-des-organes-des-appareils-circulatoires\" title=\"Les c\u0153urs des Vert\u00e9br\u00e9s et des Euarthropodes : des organes des appareils circulatoires\">Suivant<\/a>\n                    <\/td>\n<\/tr>\n<\/table>\n<hr \/>\n<\/header>\n<section class=\"article\" id=\"d0e1688\">\n<h2 class=\"title\">Les c\u0153urs des Vert\u00e9br\u00e9s et des Euarthropodes<\/h2>\n<p><class=\"author\"><br \/>\n                <span class=\"firstname\">Loanne<\/span> <span class=\"surname\">Amoros<\/span><\/p>\n<p> <code class=\"email\">&lt;<a class=\"email\" href=\"mailto:loanne.amoros@etu.univ-st-etienne.fr\">loanne.amoros@etu.univ-st-etienne.fr<\/a>&gt;<\/code><\/p>\n<p><class=\"author\"><br \/>\n                <span class=\"firstname\">Clothilde<\/span> <span class=\"surname\">Gagne<\/span><\/p>\n<p><code class=\"email\">&lt;<a class=\"email\" href=\"mailto:clothilde.gagne@etu.univ-st-etienne.fr\">clothilde.gagne@etu.univ-st-etienne.fr<\/a>&gt;<\/code><\/p>\n<p><class=\"author\"><br \/>\n                <span class=\"firstname\">Loriane<\/span> <span class=\"surname\">M\u00e9rand<\/span><\/p>\n<p> <code class=\"email\">&lt;<a class=\"email\" href=\"mailto:loriane.merand@etu.univ-st-etienne.fr\">loriane.merand@etu.univ-st-etienne.fr<\/a>&gt;<\/code><\/p>\n<p><class=\"author\"><br \/>\n                <span class=\"firstname\">Lucie<\/span> <span class=\"surname\">Peillon<\/span>          <\/p>\n<p><code class=\"email\">&lt;<a class=\"email\" href=\"mailto:lucie.peillon@etu.univ-st-etienne.fr\">lucie.peillon@etu.univ-st-etienne.fr<\/a>&gt;<\/code><\/p>\n<hr \/>\n<h3>Table des mati\u00e8res<\/h3>\n<ul class=\"toc\">\n<li><span class=\"sect1\"><a href=\"\/codex\/petites-questions-de-physiologie\/petites-questions-de-physiologie-animale-2019-ouvrage\/les-coeurs-des-vertebres-et-des-euarthropodes-introduction#d0e1737\" title=\"Les c\u0153urs des Vert\u00e9br\u00e9s et des Euarthropodes : introduction\">Introduction<\/a><\/span>\n                <\/li>\n<li><span class=\"sect1\"><a href=\"\/codex\/petites-questions-de-physiologie\/petites-questions-de-physiologie-animale-2019-ouvrage\/les-coeurs-des-vertebres-et-des-euarthropodes-des-organes-des-appareils-circulatoires\" title=\"Les c\u0153urs des Vert\u00e9br\u00e9s et des Euarthropodes : des organes des appareils circulatoires\">Les c\u0153urs des Vert\u00e9br\u00e9s et des Euarthropodes : des organes des appareils circulatoires<\/a><\/span>\n<ul>\n<li><span class=\"sect2\"><a href=\"\/codex\/petites-questions-de-physiologie\/petites-questions-de-physiologie-animale-2019-ouvrage\/les-coeurs-des-vertebres-et-des-euarthropodes-des-organes-des-appareils-circulatoires#d0e1755\" title=\"Le c\u0153ur des Vert\u00e9br\u00e9s : un organe d'appareil circulatoire clos\">Le c\u0153ur des Vert\u00e9br\u00e9s : un organe d&rsquo;appareil circulatoire clos<\/a><\/span>\n                        <\/li>\n<li><span class=\"sect2\"><a href=\"\/codex\/petites-questions-de-physiologie\/petites-questions-de-physiologie-animale-2019-ouvrage\/les-coeurs-des-vertebres-et-des-euarthropodes-des-organes-des-appareils-circulatoires#d0e1860\" title=\"Le c\u0153ur des Euarthropodes : un organe d'appareil circulatoire ouvert\">Le c\u0153ur des Euarthropodes : un organe d&rsquo;appareil circulatoire ouvert<\/a><\/span>\n                        <\/li>\n<\/ul>\n<\/li>\n<li><span class=\"sect1\"><a href=\"\/codex\/petites-questions-de-physiologie\/petites-questions-de-physiologie-animale-2019-ouvrage\/les-coeurs-des-vertebres-et-des-euarthropodes-des-organes-propulsant-le-liquide-circulant\" title=\"Les c\u0153urs des Vert\u00e9br\u00e9s et des Euarthropodes : des organes propulsant le liquide circulant\">Les c\u0153urs des Vert\u00e9br\u00e9s et des Euarthropodes : des organes propulsant le liquide circulant<\/a><\/span>\n<ul>\n<li><span class=\"sect2\"><a href=\"\/codex\/petites-questions-de-physiologie\/petites-questions-de-physiologie-animale-2019-ouvrage\/les-coeurs-des-vertebres-et-des-euarthropodes-des-organes-propulsant-le-liquide-circulant#d0e2030\" title=\"Le c\u0153ur des Vert\u00e9br\u00e9s : un organe musculeux et contractile\">Le c\u0153ur des Vert\u00e9br\u00e9s : un organe musculeux et contractile<\/a><\/span><\/li>\n<li><span class=\"sect2\"><a href=\"\/codex\/petites-questions-de-physiologie\/petites-questions-de-physiologie-animale-2019-ouvrage\/les-coeurs-des-vertebres-et-des-euarthropodes-des-organes-propulsant-le-liquide-circulant#d0e2117\" title=\"Le c\u0153ur des Euarthropodes : un organe musculeux et contractile\">Le c\u0153ur des Euarthropodes : un organe musculeux et contractile<\/a><\/span>\n                        <\/li>\n<\/ul>\n<\/li>\n<li><span class=\"sect1\"><a href=\"\/codex\/petites-questions-de-physiologie\/petites-questions-de-physiologie-animale-2019-ouvrage\/les-coeurs-des-vertebres-et-des-euarthropodes-une-integration-fonctionnelle-dans-lorganisme\" title=\"Les c\u0153urs des Vert\u00e9br\u00e9s et des Euarthropodes : une int\u00e9gration fonctionnelle dans l\u2019organisme\">Les c\u0153urs des Vert\u00e9br\u00e9s et des Euarthropodes : une int\u00e9gration fonctionnelle dans l&rsquo;organisme<\/a><\/span>\n<ul>\n<li><span class=\"sect2\"><a href=\"\/codex\/petites-questions-de-physiologie\/petites-questions-de-physiologie-animale-2019-ouvrage\/les-coeurs-des-vertebres-et-des-euarthropodes-une-integration-fonctionnelle-dans-lorganisme#d0e2176\" title=\"Le c\u0153ur des Vert\u00e9br\u00e9s : un organe au remplissage et au rythme autonomes\">Le c\u0153ur des Vert\u00e9br\u00e9s : un organe au remplissage et au rythme autonomes<\/a><\/span>\n                        <\/li>\n<li><span class=\"sect2\"><a href=\"\/codex\/petites-questions-de-physiologie\/petites-questions-de-physiologie-animale-2019-ouvrage\/les-coeurs-des-vertebres-et-des-euarthropodes-une-integration-fonctionnelle-dans-lorganisme#d0e2221\" title=\"Le c\u0153ur des Euarthropodes : un organe au remplissage et au rythme non autonomes\">Le c\u0153ur des Euarthropodes : un organe au remplissage et au rythme non autonomes<\/a><\/span>\n                        <\/li>\n<\/ul>\n<\/li>\n<li><span class=\"sect1\"><a href=\"\/codex\/petites-questions-de-physiologie\/petites-questions-de-physiologie-animale-2019-ouvrage\/les-coeurs-des-vertebres-et-des-euarthropodes-conclusion\" title=\"Les c\u0153urs des Vert\u00e9br\u00e9s et des Euarthropodes : conclusion\">Conclusion<\/a><\/span>\n                <\/li>\n<li><span class=\"bibliography\"><a href=\"\/codex\/petites-questions-de-physiologie\/petites-questions-de-physiologie-animale-2019-ouvrage\/les-coeurs-des-vertebres-et-des-euarthropodes-bibliographie-et-sitographie\" title=\"Les c\u0153urs des Vert\u00e9br\u00e9s et des Euarthropodes : bibliographie et sitographie\">Bibliographie et sitographie<\/a><\/span>\n                <\/li>\n<\/ul>\n<\/section>\n<section class=\"sect1\" id=\"d0e1737\">\n<h2 class=\"title\" style=\"clear: both\">Introduction<\/h2>\n<p>Les animaux sont des \u00eatres vivants pluricellulaires, h\u00e9t\u00e9rotrophes pour le carbone et g\u00e9n\u00e9ralement mobiles. Ils sont class\u00e9s dans divers groupes, sur la base de leurs caract\u00e8res communs et distinctifs.<\/p>\n<p>Les Vert\u00e9br\u00e9s regroupent ainsi des animaux dont le corps est form\u00e9 de trois r\u00e9gions, la t\u00eate ant\u00e9rieure, le tronc moyen portant deux paires de membres et la queue post\u00e9rieure. Ils poss\u00e8dent un squelette interne, organis\u00e9 en squelette c\u00e9phalique situ\u00e9 dans la t\u00eate, squelette axial longitudinal constitu\u00e9 d&rsquo;os courts, les vert\u00e8bres, squelette zonal repr\u00e9sent\u00e9 par les ceintures pectorale et pelvienne et squelette appendiculaire soutenant les membres. La succession des vert\u00e8bres du squelette axial forme la colonne vert\u00e9brale \u00e0 l&rsquo;origine du nom du groupe.<br \/>\nLes Vert\u00e9br\u00e9s sont repr\u00e9sent\u00e9s par des animaux aquatiques comme les T\u00e9l\u00e9ost\u00e9ens (Gardon par exemple) et les Chondrichthyens (Roussette par exemple) ainsi que des animaux a\u00e9riens comme les Lissamphibiens (Grenouille par exemple), les Mammif\u00e8res (Mouton par exemple) et les Sauropsid\u00e9s (Poule par exemple).<\/p>\n<p>Les Euarthropodes regroupent pour leur part des animaux dont le corps est recouvert d&rsquo;une cuticule rigide organis\u00e9e en plaques, articul\u00e9es par des membranes souples. Leur corps est form\u00e9 de segments associ\u00e9s en r\u00e9gions corporelles distribu\u00e9es le long de l&rsquo;axe ant\u00e9ropost\u00e9rieur. Les segments corporels portent g\u00e9n\u00e9ralement une paire d&rsquo;appendices articul\u00e9s \u00e0 l&rsquo;origine du nom du groupe.<br \/>\nLe groupe des Euarthropodes comporte plus d&rsquo;un million et demi d&rsquo;esp\u00e8ces actuelles, chacune repr\u00e9sent\u00e9e par de nombreux individus. Elles sont class\u00e9es en deux sous-groupes, les Ch\u00e9lic\u00e9rates (Araign\u00e9e par exemple) et les Mandibulates (Criquet par exemple). <\/p>\n<p>Les plans d&rsquo;organisation des Vert\u00e9br\u00e9s et des Euarthropodes comportent notamment un appareil digestif assurant l&rsquo;alimentation, un appareil respiratoire r\u00e9alisant les \u00e9changes gazeux respiratoires et un appareil excr\u00e9teur responsable de l&rsquo;\u00e9limination des d\u00e9chets du m\u00e9tabolisme. Ces appareils sont le si\u00e8ge d&rsquo;\u00e9changes entre l&rsquo;organisme et le milieu gr\u00e2ce \u00e0 la pr\u00e9sence de surfaces d&rsquo;\u00e9changes. Ainsi les substances nutritives sont absorb\u00e9es par le tube digestif, le dioxyg\u00e8ne est absorb\u00e9 et le dioxyde de carbone rejet\u00e9 par les organes respiratoires, les d\u00e9chets m\u00e9taboliques sont \u00e9limin\u00e9s par les organes excr\u00e9teurs.<br \/>\nLes cellules profondes consomment les nutriments et le dioxyg\u00e8ne, et produisent le dixoyde de carbone et les d\u00e9chets m\u00e9taboliques. Elles sont reli\u00e9es aux surfaces d&rsquo;\u00e9changes p\u00e9riph\u00e9riques par un liquide extracellulaire circulant dans un r\u00e9seau de conduits, les vaisseaux. Il assure la distribution et le drainage de la mati\u00e8re dans l&rsquo;organisme. Le dispositif anatomique form\u00e9 des vaisseaux est un appareil circulatoire.<\/p>\n<p>La mise en mouvement du liquide dans les vaisseaux est g\u00e9n\u00e9ralement le fait de portions musculeuses et contractiles du r\u00e9seau. Elles constituent des organes appel\u00e9s c\u0153urs.<\/p>\n<p>Quelles sont les caract\u00e9ristiques structurales et fonctionnelles des c\u0153urs des Vert\u00e9br\u00e9s et des Euarthropodes ?<\/p>\n<\/section>\n<p> &nbsp; <\/p>\n<footer>\n<hr \/>\n<table style=\"width: 100%; \">\n<tr>\n<td style=\"width: 40%; text-align: left; \">\n                        <a href=\"\/codex\/petites-questions-de-physiologie\/petites-questions-de-physiologie-animale-2019-ouvrage\/les-circulations-sanguines-simple-et-double-chez-les-vertebres-bibliographie-et-sitographie\" title=\"Les circulations sanguines simple et double chez les Vert\u00e9br\u00e9s : bibliographie et sitographie\">Pr\u00e9c\u00e9dent<\/a><\/td>\n<td style=\"width: 20%; text-align: center; \">\u00a0<\/td>\n<td style=\"width: 40%; text-align: right; \">\u00a0<a href=\"\/codex\/petites-questions-de-physiologie\/petites-questions-de-physiologie-animale-2019-ouvrage\/les-coeurs-des-vertebres-et-des-euarthropodes-des-organes-des-appareils-circulatoires\" title=\"Les c\u0153urs des Vert\u00e9br\u00e9s et des Euarthropodes : des organes des appareils circulatoires\">Suivant<\/a>\n                    <\/td>\n<\/tr>\n<tr>\n<td style=\"width: 40%; text-align: left; vertical-align: top; \">Bibliographie et sitographie\u00a0<\/td>\n<td style=\"width: 20%; text-align: center; \">\n                      <a href=\"\/codex\/petites-questions-de-physiologie\/petites-questions-de-physiologie-animale-2019-ouvrage\" title=\"Petites questions de physiologie animale 2019 : ouvrage\">Sommaire<\/a>\n                    <\/td>\n<td style=\"width: 40%; text-align: right; vertical-align: top; \">\u00a0Les c\u0153urs des Vert\u00e9br\u00e9s et des Euarthropodes : des organes des appareils circulatoires<\/td>\n<\/tr>\n<\/table>\n<\/footer>\n","protected":false},"excerpt":{"rendered":"<p>Les c\u0153urs des Vert\u00e9br\u00e9s et des Euarthropodes Pr\u00e9c\u00e9dent\u00a0 \u00a0 \u00a0Suivant Les c\u0153urs des Vert\u00e9br\u00e9s et des Euarthropodes Loanne Amoros &lt;loanne.amoros@etu.univ-st-etienne.fr&gt; Clothilde Gagne &lt;clothilde.gagne@etu.univ-st-etienne.fr&gt; Loriane M\u00e9rand &lt;loriane.merand@etu.univ-st-etienne.fr&gt; Lucie Peillon &lt;lucie.peillon@etu.univ-st-etienne.fr&gt; Table des mati\u00e8res Introduction Les c\u0153urs des Vert\u00e9br\u00e9s et des Euarthropodes : des organes des appareils circulatoires Le c\u0153ur des Vert\u00e9br\u00e9s : un organe d&rsquo;appareil circulatoire [&hellip;]<\/p>\n","protected":false},"author":2,"featured_media":0,"parent":13169,"menu_order":14,"comment_status":"closed","ping_status":"closed","template":"","meta":{"site-sidebar-layout":"default","site-content-layout":"","ast-site-content-layout":"default","site-content-style":"default","site-sidebar-style":"default","ast-global-header-display":"","ast-banner-title-visibility":"","ast-main-header-display":"","ast-hfb-above-header-display":"","ast-hfb-below-header-display":"","ast-hfb-mobile-header-display":"","site-post-title":"","ast-breadcrumbs-content":"","ast-featured-img":"","footer-sml-layout":"","ast-disable-related-posts":"","theme-transparent-header-meta":"","adv-header-id-meta":"","stick-header-meta":"","header-above-stick-meta":"","header-main-stick-meta":"","header-below-stick-meta":"","astra-migrate-meta-layouts":"default","ast-page-background-enabled":"default","ast-page-background-meta":{"desktop":{"background-color":"var(--ast-global-color-4)","background-image":"","background-repeat":"repeat","background-position":"center center","background-size":"auto","background-attachment":"scroll","background-type":"","background-media":"","overlay-type":"","overlay-color":"","overlay-opacity":"","overlay-gradient":""},"tablet":{"background-color":"","background-image":"","background-repeat":"repeat","background-position":"center center","background-size":"auto","background-attachment":"scroll","background-type":"","background-media":"","overlay-type":"","overlay-color":"","overlay-opacity":"","overlay-gradient":""},"mobile":{"background-color":"","background-image":"","background-repeat":"repeat","background-position":"center center","background-size":"auto","background-attachment":"scroll","background-type":"","background-media":"","overlay-type":"","overlay-color":"","overlay-opacity":"","overlay-gradient":""}},"ast-content-background-meta":{"desktop":{"background-color":"var(--ast-global-color-5)","background-image":"","background-repeat":"repeat","background-position":"center center","background-size":"auto","background-attachment":"scroll","background-type":"","background-media":"","overlay-type":"","overlay-color":"","overlay-opacity":"","overlay-gradient":""},"tablet":{"background-color":"var(--ast-global-color-5)","background-image":"","background-repeat":"repeat","background-position":"center center","background-size":"auto","background-attachment":"scroll","background-type":"","background-media":"","overlay-type":"","overlay-color":"","overlay-opacity":"","overlay-gradient":""},"mobile":{"background-color":"var(--ast-global-color-5)","background-image":"","background-repeat":"repeat","background-position":"center center","background-size":"auto","background-attachment":"scroll","background-type":"","background-media":"","overlay-type":"","overlay-color":"","overlay-opacity":"","overlay-gradient":""}},"footnotes":""},"class_list":["post-13439","page","type-page","status-publish","hentry"],"aioseo_notices":[],"jetpack_sharing_enabled":true,"_links":{"self":[{"href":"https:\/\/codexvirtualis.fr\/codex\/wp-json\/wp\/v2\/pages\/13439","targetHints":{"allow":["GET"]}}],"collection":[{"href":"https:\/\/codexvirtualis.fr\/codex\/wp-json\/wp\/v2\/pages"}],"about":[{"href":"https:\/\/codexvirtualis.fr\/codex\/wp-json\/wp\/v2\/types\/page"}],"author":[{"embeddable":true,"href":"https:\/\/codexvirtualis.fr\/codex\/wp-json\/wp\/v2\/users\/2"}],"replies":[{"embeddable":true,"href":"https:\/\/codexvirtualis.fr\/codex\/wp-json\/wp\/v2\/comments?post=13439"}],"version-history":[{"count":15,"href":"https:\/\/codexvirtualis.fr\/codex\/wp-json\/wp\/v2\/pages\/13439\/revisions"}],"predecessor-version":[{"id":13935,"href":"https:\/\/codexvirtualis.fr\/codex\/wp-json\/wp\/v2\/pages\/13439\/revisions\/13935"}],"up":[{"embeddable":true,"href":"https:\/\/codexvirtualis.fr\/codex\/wp-json\/wp\/v2\/pages\/13169"}],"wp:attachment":[{"href":"https:\/\/codexvirtualis.fr\/codex\/wp-json\/wp\/v2\/media?parent=13439"}],"curies":[{"name":"wp","href":"https:\/\/api.w.org\/{rel}","templated":true}]}}