{"id":13402,"date":"2020-12-27T16:50:30","date_gmt":"2020-12-27T15:50:30","guid":{"rendered":"https:\/\/codexvirtualis.fr\/codex\/?page_id=13402"},"modified":"2021-08-01T19:13:36","modified_gmt":"2021-08-01T17:13:36","slug":"les-circulations-sanguines-simple-et-double-chez-les-vertebres-bibliographie-et-sitographie","status":"publish","type":"page","link":"https:\/\/codexvirtualis.fr\/codex\/petites-questions-de-physiologie\/petites-questions-de-physiologie-animale-2019-ouvrage\/les-circulations-sanguines-simple-et-double-chez-les-vertebres-bibliographie-et-sitographie","title":{"rendered":"Les circulations sanguines simple et double chez les Vert\u00e9br\u00e9s : bibliographie et sitographie"},"content":{"rendered":"<br \/>\n<header>\n<table style=\"width: 100%; \">\n<tr>\n<th style=\"text-align: center; \" colspan=\"3\">Bibliographie et sitographie<\/th>\n<\/tr>\n<tr>\n<td style=\"width: 20%; text-align: left; \">\n                        <a href=\"\/codex\/petites-questions-de-physiologie\/petites-questions-de-physiologie-animale-2019-ouvrage\/les-circulations-sanguines-simple-et-double-chez-les-vertebres-conclusion\" title=\"Les circulations sanguines simple et double chez les Vert\u00e9br\u00e9s : conclusion\">Pr\u00e9c\u00e9dent<\/a>\u00a0<\/td>\n<th style=\"width: 60%; text-align: center; \">Les circulations sanguines simple et double chez les Vert\u00e9br\u00e9s<\/th>\n<td style=\"width: 20%; text-align: right; \"><a href=\"\/codex\/petites-questions-de-physiologie\/petites-questions-de-physiologie-animale-2019-ouvrage\/les-coeurs-des-vertebres-et-des-euarthropodes-introduction\" title=\"Les c\u0153urs des Vert\u00e9br\u00e9s et des Euarthropodes : introduction\">Suivant<\/a>\n                    <\/td>\n<\/tr>\n<\/table>\n<hr \/>\n<\/header>\n<p> &nbsp; <\/p>\n<h3 class=\"title\">Livres<\/h3>\n<p>\n            <span class=\"authorgroup\"><span class=\"firstname\">Karel<\/span> <span class=\"surname\">Liem<\/span>, <span class=\"firstname\">Lance<\/span> <span class=\"surname\">Grande<\/span>, <span class=\"firstname\">Warren<\/span> <span class=\"surname\">Walker<\/span>, et <span class=\"firstname\">William<\/span> <span class=\"surname\">Bemis<\/span>. <\/span><br \/>\n            <span class=\"title\"><em>Functional anatomy of the vertebrates, an evolutional perspective<\/em>.<\/span> <span class=\"edition\">3\u00e8me \u00e9dition. <\/span><br \/>\n            <span class=\"publisher\"><span class=\"publishername\">Brooks\/Cole. <\/span> <\/span><span class=\"pubdate\">2001. <\/span> <span class=\"pagenums\">701 p. <\/span>[<span class=\"citebiblioid\">978-0-03-022369-3<\/span>]<\/p>\n<p> &nbsp; <\/p>\n<p>\n            <span class=\"authorgroup\"><span class=\"firstname\">Knut<\/span> <span class=\"surname\">Schmidt-Nielsen<\/span>. <\/span><br \/>\n            <span class=\"title\"><em>Physiologie animale, adaptation et milieux de vie<\/em>. <\/span><br \/>\n            <span class=\"publisher\"><span class=\"publishername\">Dunod. <\/span> <\/span><span class=\"pubdate\">1998. <\/span><span class=\"pagenums\">611 p. <\/span>[<span class=\"citebiblioid\">2-10-003900-8<\/span>]<\/p>\n<p> &nbsp; <\/p>\n<p>\n            <span class=\"authorgroup\"><span class=\"firstname\">Yves<\/span> <span class=\"surname\">Turquier<\/span>. <\/span><br \/>\n            <span class=\"title\"><em>L&rsquo;organisme dans son milieu, tome 2, l&rsquo;organisme en \u00e9quilibre avec son milieu<\/em>. <\/span><br \/>\n            <span class=\"publisher\"><span class=\"publishername\">Doin. <\/span> <\/span> <span class=\"pubdate\">1994. <\/span> <span class=\"pagenums\">334 p. <\/span>[<span class=\"citebiblioid\">2-7040-0695-4<\/span>]<\/p>\n<p> &nbsp; <\/p>\n<h3 class=\"title\">Sites internet<\/h3>\n<p>\n            <span class=\"authorgroup\"><span class=\"firstname\">Serge<\/span> <span class=\"surname\">Jodra<\/span>. <\/span><br \/>\n            <span class=\"title\"><em>Les poissons. In Imago Mundi, l&rsquo;encyclop\u00e9die gratuite en ligne [en ligne]<\/em>. <\/span><br \/>\n            <span class=\"publisher\"><span class=\"publishername\">Serge Jodra. <\/span> <\/span> <span class=\"pubdate\">2004 [date de consultation : 03 avril 2019]. <\/span><br \/>\n            <span class=\"address\"><code class=\"uri\">Disponible sur :<br \/>\n<a class=\"link\" href=\"http:\/\/www.cosmovisions.com\/poissons.htm\" target=\"_top\" rel=\"noopener\">http:\/\/www.cosmovisions.com\/poissons.htm<\/a><\/code>. <\/span>\n        <\/p>\n<p> &nbsp; <\/p>\n<p>\n            <span class=\"authorgroup\"><span class=\"firstname\">Susan<\/span> <span class=\"surname\">Orosz<\/span>. <\/span><br \/>\n            <span class=\"title\"><em>Anatomy of the avian heart. In Lafeber Company [en ligne]<\/em>. <\/span><br \/>\n            <span class=\"publisher\"><span class=\"publishername\">Lafeber Compagny. <\/span><\/span> <span class=\"pubdate\">2009 [date de consultation : 03 avril 2019]. <\/span><br \/>\n            <span class=\"address\"><code class=\"uri\">Disponible sur :<br \/>\n<a class=\"link\" href=\"https:\/\/lafeber.com\/pet-birds\/anatomy-of-the-avian-heart\/\" target=\"_top\" rel=\"noopener\">https:\/\/lafeber.com\/pet-birds\/anatomy-of-the-avian-heart\/<\/a><\/code>. <\/span>\n        <\/p>\n<p> &nbsp; <\/p>\n<p>\n            <span class=\"authorgroup\"><span class=\"firstname\">Jean-Paul<\/span> <span class=\"surname\">Truchot<\/span>. <\/span><br \/>\n            <span class=\"title\"> <em>Les syst\u00e8mes circulatoires des animaux. In Universalis \u00e9ducation [en ligne]<\/em>. <\/span><br \/>\n            <span class=\"publishername\">Encyclopaedia Universalis. <\/span><span class=\"pubdate\"> [date de consultation : 03 avril 2019]. <\/span><br \/>\n            <span class=\"address\"> <code class=\"uri\">Disponible sur :<br \/>\n<a class=\"link\" href=\"http:\/\/www.universalis-edu.com\/encyclopedie\/circulatoires-systemes-les-systemes-circulatoires-des-animaux\/\" target=\"_top\" rel=\"noopener\">http:\/\/www.universalis-edu.com\/encyclopedie\/circulatoires-systemes-les-systemes-circulatoires-des-animaux\/<\/a><\/code>. <\/span>\n        <\/p>\n<p> &nbsp; <\/p>\n<p>\n            <span class=\"title\"> <em>Aorte. In Wikip\u00e9dia l&rsquo;encyclop\u00e9die libre [en ligne]<\/em>. <\/span><br \/>\n            <span class=\"publisher\"> <span class=\"publishername\">Fondation Wikimedia. <\/span> <\/span> <span class=\"pubdate\">2004 [date de consultation : 03 avril 2019]. <\/span><br \/>\n            <span class=\"address\"> <code class=\"uri\">Disponible sur :<br \/>\n<a class=\"link\" href=\"https:\/\/fr.wikipedia.org\/wiki\/Aorte\" target=\"_top\" rel=\"noopener\">https:\/\/fr.wikipedia.org\/wiki\/Aorte<\/a><\/code>. <\/span>\n        <\/p>\n<p> &nbsp; <\/p>\n<p>\n            <span class=\"title\"><em>Cetacea. Wikip\u00e9dia l&rsquo;encyclop\u00e9die libre [en ligne]<\/em>. <\/span><br \/>\n            <span class=\"publisher\"> <span class=\"publishername\">Fondation Wikimedia. <\/span> <\/span> <span class=\"pubdate\">2008 [date de consultation : 03 avril 2019]. <\/span><br \/>\n            <span class=\"address\"> <code class=\"uri\">Disponible sur :<br \/>\n<a class=\"link\" href=\"https:\/\/fr.wikipedia.org\/wiki\/Cetacea\" target=\"_top\" rel=\"noopener\">https:\/\/fr.wikipedia.org\/wiki\/Cetacea<\/a><\/code>. <\/span>\n        <\/p>\n<p> &nbsp; <\/p>\n<footer>\n<hr \/>\n<table style=\"width: 100%; \">\n<tr>\n<td style=\"width: 40%; text-align: left; \">\n                        <a href=\"\/codex\/petites-questions-de-physiologie\/petites-questions-de-physiologie-animale-2019-ouvrage\/les-circulations-sanguines-simple-et-double-chez-les-vertebres-conclusion\" title=\"Les circulations sanguines simple et double chez les Vert\u00e9br\u00e9s : conclusion\">Pr\u00e9c\u00e9dent<\/a>\u00a0<\/td>\n<td style=\"width: 20%; text-align: center; \">\n                        <a href=\"\/codex\/petites-questions-de-physiologie\/petites-questions-de-physiologie-animale-2019-ouvrage\/les-circulations-sanguines-simple-et-double-chez-les-vertebres-introduction\" title=\"Les circulations sanguines simple et double chez les Vert\u00e9br\u00e9s : introduction\">Niveau sup\u00e9rieur<\/a>\n                    <\/td>\n<td style=\"width: 40%; text-align: right; \"><a href=\"\/codex\/petites-questions-de-physiologie\/petites-questions-de-physiologie-animale-2019-ouvrage\/les-coeurs-des-vertebres-et-des-euarthropodes-introduction\" title=\"Les c\u0153urs des Vert\u00e9br\u00e9s et des Euarthropodes : introduction\">Suivant<\/a>\n                    <\/td>\n<\/tr>\n<tr>\n<td style=\"width: 40%; text-align: left; vertical-align: top; \">Conclusion\u00a0<\/td>\n<td style=\"width: 20%; text-align: center; \">\n                        <a href=\"\/codex\/petites-questions-de-physiologie\/petites-questions-de-physiologie-animale-2019-ouvrage\" title=\"Petites questions de physiologie animale 2019 : ouvrage\">Sommaire<\/a>\n                    <\/td>\n<td style=\"width: 40%; text-align: right; vertical-align: top; \">\u00a0Les c\u0153urs des Vert\u00e9br\u00e9s et des Euarthropodes<\/td>\n<\/tr>\n<\/table>\n<\/footer>\n","protected":false},"excerpt":{"rendered":"<p>Bibliographie et sitographie Pr\u00e9c\u00e9dent\u00a0 Les circulations sanguines simple et double chez les Vert\u00e9br\u00e9s Suivant &nbsp; Livres Karel Liem, Lance Grande, Warren Walker, et William Bemis. Functional anatomy of the vertebrates, an evolutional perspective. 3\u00e8me \u00e9dition. Brooks\/Cole. 2001. 701 p. [978-0-03-022369-3] &nbsp; Knut Schmidt-Nielsen. Physiologie animale, adaptation et milieux de vie. Dunod. 1998. 611 p. [2-10-003900-8] [&hellip;]<\/p>\n","protected":false},"author":2,"featured_media":0,"parent":13169,"menu_order":13,"comment_status":"closed","ping_status":"closed","template":"","meta":{"site-sidebar-layout":"default","site-content-layout":"","ast-site-content-layout":"default","site-content-style":"default","site-sidebar-style":"default","ast-global-header-display":"","ast-banner-title-visibility":"","ast-main-header-display":"","ast-hfb-above-header-display":"","ast-hfb-below-header-display":"","ast-hfb-mobile-header-display":"","site-post-title":"","ast-breadcrumbs-content":"","ast-featured-img":"","footer-sml-layout":"","ast-disable-related-posts":"","theme-transparent-header-meta":"","adv-header-id-meta":"","stick-header-meta":"","header-above-stick-meta":"","header-main-stick-meta":"","header-below-stick-meta":"","astra-migrate-meta-layouts":"default","ast-page-background-enabled":"default","ast-page-background-meta":{"desktop":{"background-color":"var(--ast-global-color-4)","background-image":"","background-repeat":"repeat","background-position":"center center","background-size":"auto","background-attachment":"scroll","background-type":"","background-media":"","overlay-type":"","overlay-color":"","overlay-opacity":"","overlay-gradient":""},"tablet":{"background-color":"","background-image":"","background-repeat":"repeat","background-position":"center center","background-size":"auto","background-attachment":"scroll","background-type":"","background-media":"","overlay-type":"","overlay-color":"","overlay-opacity":"","overlay-gradient":""},"mobile":{"background-color":"","background-image":"","background-repeat":"repeat","background-position":"center center","background-size":"auto","background-attachment":"scroll","background-type":"","background-media":"","overlay-type":"","overlay-color":"","overlay-opacity":"","overlay-gradient":""}},"ast-content-background-meta":{"desktop":{"background-color":"var(--ast-global-color-5)","background-image":"","background-repeat":"repeat","background-position":"center center","background-size":"auto","background-attachment":"scroll","background-type":"","background-media":"","overlay-type":"","overlay-color":"","overlay-opacity":"","overlay-gradient":""},"tablet":{"background-color":"var(--ast-global-color-5)","background-image":"","background-repeat":"repeat","background-position":"center center","background-size":"auto","background-attachment":"scroll","background-type":"","background-media":"","overlay-type":"","overlay-color":"","overlay-opacity":"","overlay-gradient":""},"mobile":{"background-color":"var(--ast-global-color-5)","background-image":"","background-repeat":"repeat","background-position":"center center","background-size":"auto","background-attachment":"scroll","background-type":"","background-media":"","overlay-type":"","overlay-color":"","overlay-opacity":"","overlay-gradient":""}},"footnotes":""},"class_list":["post-13402","page","type-page","status-publish","hentry"],"aioseo_notices":[],"jetpack_sharing_enabled":true,"_links":{"self":[{"href":"https:\/\/codexvirtualis.fr\/codex\/wp-json\/wp\/v2\/pages\/13402","targetHints":{"allow":["GET"]}}],"collection":[{"href":"https:\/\/codexvirtualis.fr\/codex\/wp-json\/wp\/v2\/pages"}],"about":[{"href":"https:\/\/codexvirtualis.fr\/codex\/wp-json\/wp\/v2\/types\/page"}],"author":[{"embeddable":true,"href":"https:\/\/codexvirtualis.fr\/codex\/wp-json\/wp\/v2\/users\/2"}],"replies":[{"embeddable":true,"href":"https:\/\/codexvirtualis.fr\/codex\/wp-json\/wp\/v2\/comments?post=13402"}],"version-history":[{"count":5,"href":"https:\/\/codexvirtualis.fr\/codex\/wp-json\/wp\/v2\/pages\/13402\/revisions"}],"predecessor-version":[{"id":14118,"href":"https:\/\/codexvirtualis.fr\/codex\/wp-json\/wp\/v2\/pages\/13402\/revisions\/14118"}],"up":[{"embeddable":true,"href":"https:\/\/codexvirtualis.fr\/codex\/wp-json\/wp\/v2\/pages\/13169"}],"wp:attachment":[{"href":"https:\/\/codexvirtualis.fr\/codex\/wp-json\/wp\/v2\/media?parent=13402"}],"curies":[{"name":"wp","href":"https:\/\/api.w.org\/{rel}","templated":true}]}}