{"id":13372,"date":"2020-12-27T15:28:29","date_gmt":"2020-12-27T14:28:29","guid":{"rendered":"https:\/\/codexvirtualis.fr\/codex\/?page_id=13372"},"modified":"2020-12-27T17:35:02","modified_gmt":"2020-12-27T16:35:02","slug":"la-circulation-sanguine-double-une-distribution-du-sang-dans-un-double-circuit","status":"publish","type":"page","link":"https:\/\/codexvirtualis.fr\/codex\/petites-questions-de-physiologie\/petites-questions-de-physiologie-animale-2019-ouvrage\/la-circulation-sanguine-double-une-distribution-du-sang-dans-un-double-circuit","title":{"rendered":"La circulation sanguine double : une distribution du sang dans un double circuit"},"content":{"rendered":"<header>\n<table style=\"width: 100%; \">\n<tr>\n<th style=\"text-align: center; \" colspan=\"3\">La circulation sanguine double : une distribution du sang dans un double circuit<\/th>\n<\/tr>\n<tr>\n<td style=\"width: 20%; text-align: left; \">\n                <a href=\"\/codex\/petites-questions-de-physiologie\/petites-questions-de-physiologie-animale-2019-ouvrage\/la-circulation-sanguine-simple-une-distribution-du-sang-dans-un-circuit-unique\" title=\"La circulation sanguine simple : une distribution du sang dans un circuit unique\">Pr\u00e9c\u00e9dent<\/a>\u00a0<\/td>\n<th style=\"width: 60%; text-align: center; \">Les circulations sanguines simple et double chez les Vert\u00e9br\u00e9s<\/th>\n<td style=\"width: 20%; text-align: right; \">\u00a0<a href=\"\/codex\/petites-questions-de-physiologie\/petites-questions-de-physiologie-animale-2019-ouvrage\/de-la-circulation-sanguine-simple-a-la-circulation-sanguine-double-une-distribution-du-sang-dans-un-circuit-partiellement-dedouble\" title=\"De la circulation sanguine simple \u00e0 la circulation sanguine double : une distribution du sang dans un circuit partiellement d\u00e9doubl\u00e9\">Suivant<\/a>\n               <\/td>\n<\/tr>\n<\/table>\n<hr \/>\n<\/header>\n<p> &nbsp; <\/p>\n<section class=\"sect1\" id=\"d0e1098\">\n<p>\u00c0 la diff\u00e9rence du milieu aquatique, le milieu a\u00e9rien est peu porteur. En raison de sa faible densit\u00e9, la pouss\u00e9e d&rsquo;Archim\u00e8de y est faible et les effets de la gravit\u00e9 plus sensibles.<\/p>\n<p>Les Vert\u00e9br\u00e9s a\u00e9riens sont repr\u00e9sent\u00e9s en particulier par les Mammif\u00e8res comme la Souris et les Oiseaux comme la M\u00e9sange.<\/p>\n<\/section>\n<section class=\"sect2\" id=\"d0e1105\">\n<h3 class=\"title\">La circulation sanguine double : deux circuits dispos\u00e9s en s\u00e9rie<\/h3>\n<p>L&rsquo;exemple de la Souris permet de d\u00e9crire les modalit\u00e9s de la circulation chez les Vert\u00e9br\u00e9s a\u00e9riens.<\/p>\n<p> &nbsp; <\/p>\n<figure id=\"d0e1110\"\nclass=\"img\"\ntitle=\"Figure\u00a05.\u00a0Anatomie de la Souris en vue ventrale\"><\/p>\n<div class=\"figure\">\n<figure style=\"width: 300px\" class=\"wp-caption alignnone\"><a rel=\"lightbox\" href=\"\/documents\/images\/PetitesQuestionsDePhysiologie\/2019\/media\/images\/04_figure_05.jpg\"><img decoding=\"async\" src=\"\/documents\/images\/PetitesQuestionsDePhysiologie\/2019\/media\/images\/04_figure_05.jpg\" width=\"300\" \" alt=\"Anatomie de la Souris en vue ventrale\" class=\"size-medium\" \/><figcaption class=\"wp-caption-text\">Figure 5. Anatomie de la Souris en vue ventrale <\/a><\/figcaption><\/figure>\n<\/div>\n<div class=\"copyright\">\n<p>Copyright : 2019 Marc Second Sandrine Heusser<\/p>\n<\/div>\n<div class=\"legalnotice\" title=\"Note L\u00e9gale\">\n<p> Cette illustration est mise \u00e0 disposition selon les termes de la Licence Creative Commons Attribution &#8211; Pas d&rsquo;Utilisation Commerciale &#8211; Partage dans les m\u00eames conditions 4.0 International.<span class=\"inlinemediaobject\"><br \/>\n<img decoding=\"async\" class=\"ccimage\" src=\"\/documents\/images\/PetitesQuestionsDePhysiologie\/2019\/media\/images\/00_licence.png\" width=\"50\"\/> <\/span> <\/p>\n<\/div>\n<\/figure>\n<p> &nbsp; <\/p>\n<p>Chez la Souris, exemple de Mammif\u00e8re, le c\u0153ur est situ\u00e9 en position centrale et ventrale, dans le thorax.<\/p>\n<p>\u00c0 l&rsquo;avant, il est reli\u00e9 \u00e0 deux vaisseaux art\u00e9riels principaux :<\/p>\n<ul class=\"itemizedlist\"  style=\"list-style-type: disc; \">\n<li class=\"listitem\">\nle tronc pulmonaire, \u00e0 l&rsquo;origine d&rsquo;une art\u00e8re pulmonaire droite et d&rsquo;une art\u00e8re pulmonaire gauche, acheminant le sang aux poumons ;\n <\/li>\n<li class=\"listitem\">\nl&rsquo;art\u00e8re aorte courb\u00e9e en une crosse, dorsale et courant sur la gauche du c\u0153ur, d&rsquo;o\u00f9 \u00e9manent des art\u00e8res irriguant les autres organes comme les art\u00e8res carotides alimentant la r\u00e9gion c\u00e9phalique, les art\u00e8res sous-clavi\u00e8res les membres ant\u00e9rieurs, l&rsquo;art\u00e8re m\u00e9sent\u00e9rique l&rsquo;intestin, les art\u00e8res r\u00e9nales les reins et les art\u00e8res iliaques les membre post\u00e9rieurs.\n<\/li>\n<\/ul>\n<p>Dorsalement des veines ram\u00e8nent le sang au c\u0153ur. Les veines pulmonaires drainent le sang des poumons et d\u00e9bouchent sur la gauche du c\u0153ur, les veines caves acheminent le sang des autres organes et s&rsquo;ouvrent sur la droite du c\u0153ur. <\/p>\n<p>Dans un tel appareil, le sang pauvre en dioxyg\u00e8ne et riche en dioxyde de carbone est propuls\u00e9 par le c\u0153ur dans le tronc pulmonaire. Dans les vaisseaux capillaires pulmonaires, il se charge en dioxyg\u00e8ne et perd son dioxyde de carbone avant de retourner au c\u0153ur par l&rsquo;interm\u00e9diaire des veines pulmonaires.<br \/>\nLe sang h\u00e9matos\u00e9 est alors propuls\u00e9 dans l&rsquo;art\u00e8re aorte et distribu\u00e9 aux autres organes. Dans leurs vaisseaux capillaires, il est perd son dioxyg\u00e8ne et se charge en dioxyde de carbone.<br \/>\nIl est \u00e9pur\u00e9 dans les reins par un processus de filtration et enrichi par les nutriments absorb\u00e9s par l&rsquo;intestin, achemin\u00e9s au foie par le syst\u00e8me porte h\u00e9patique et trait\u00e9s avant que le sang retourne au c\u0153ur.<br \/>\nIl est ensuite ramen\u00e9 au c\u0153ur par les veines caves<\/p>\n<p>Dans un tel appareil, le sang emprunte deux circuits dispos\u00e9s en s\u00e9rie : le circuit pulmonaire et le circuit syst\u00e9mique. Il traverse le c\u0153ur deux fois avant  d&rsquo;avoir accompli la totalit\u00e9 de son parcours.<\/p>\n<p>La circulation est en cons\u00e9quence qualifi\u00e9e de double. <\/p>\n<p>Le Oiseaux partagent avec les Mammif\u00e8res une double circulation. Le sang provenant du c\u0153ur est h\u00e9matos\u00e9 dans les poumons avant de retourner au c\u0153ur et d&rsquo;irriguer les autres organes.<br \/>\nQuelques diff\u00e9rences distinguent les appareils circulatoires des Oiseaux et des Mammif\u00e8res : chez les Oiseaux, la crosse de l&rsquo;art\u00e8re aorte court dorsalement du c\u00f4t\u00e9 droit du c\u0153ur. Elle irrigue en particulier les ailes <span class=\"emphasis\"><em>via<\/em><\/span> les art\u00e8res brachiales et les muscles du vol <span class=\"emphasis\"><em>via<\/em><\/span> les art\u00e8res pectorales.<\/p>\n<p>Comment la double circulation est-elle rendue possible ?<\/p>\n<\/section>\n<section class=\"sect2\" id=\"d0e1164\">\n<h3 class=\"title\">La circulation sanguine double : une propulsion du sang par un c\u0153ur cloisonn\u00e9<\/h3>\n<p> &nbsp; <\/p>\n<figure id=\"d0e1167\"\nclass=\"img\"\ntitle=\"Figure\u00a06.\u00a0R\u00e9gion cardiaque de la Souris en vue ventrale\"><\/p>\n<div class=\"figure\">\n<figure style=\"width: 300px\" class=\"wp-caption alignnone\"><a rel=\"lightbox\" href=\"\/documents\/images\/PetitesQuestionsDePhysiologie\/2019\/media\/images\/04_figure_06.jpg\"><img decoding=\"async\" src=\"\/documents\/images\/PetitesQuestionsDePhysiologie\/2019\/media\/images\/04_figure_06.jpg\" width=\"300\" \" alt=\"R\u00e9gion cardiaque de la Souris en vue ventrale\" class=\"size-medium\" \/><figcaption class=\"wp-caption-text\">Figure 6. R\u00e9gion cardiaque de la Souris en vue ventrale <\/a><\/figcaption><\/figure>\n<\/div>\n<div class=\"copyright\">\n<p>Copyright : 2019 Sandrine Heusser<\/p>\n<\/div>\n<div class=\"legalnotice\" title=\"Note L\u00e9gale\">\n<p> Cette illustration est mise \u00e0 disposition selon les termes de la Licence Creative Commons Attribution &#8211; Pas d&rsquo;Utilisation Commerciale &#8211; Partage dans les m\u00eames conditions 4.0 International.<span class=\"inlinemediaobject\"><br \/>\n<img decoding=\"async\" class=\"ccimage\" src=\"\/documents\/images\/PetitesQuestionsDePhysiologie\/2019\/media\/images\/00_licence.png\" width=\"50\"\/> <\/span> <\/p>\n<\/div>\n<\/figure>\n<p> &nbsp; <\/p>\n<p>Le c\u0153ur de la Souris appara\u00eet constitu\u00e9, du point de vue anatomique et en premi\u00e8re approximation, de trois ensembles :<\/p>\n<ul class=\"itemizedlist\" style=\"list-style-type: disc; \">\n<li class=\"listitem\">une poche ant\u00e9rieure gauche, rouge sombre, appel\u00e9e atrium gauche ;\n               <\/li>\n<li class=\"listitem\">une poche similaire situ\u00e9e \u00e0 droite, dite atrium droit ;\n               <\/li>\n<li class=\"listitem\">une masse pyramidale post\u00e9rieure divis\u00e9e en deux parties distinctes par leurs couleurs, claire \u00e0 gauche et fonc\u00e9e \u00e0 droite.\n               <\/li>\n<\/ul>\n<p> &nbsp; <\/p>\n<figure id=\"d0e1203\"\nclass=\"img\"\ntitle=\"Figure\u00a07.\u00a0C\u0153ur de Rat en coupe longitudinale (Collection de l'Universit\u00e9 Jean&#xA; Monnet)\"><\/p>\n<div class=\"figure\">\n<p><figure style=\"width: 300px\" class=\"wp-caption alignnone\"><a rel=\"lightbox\" href=\"\/documents\/images\/PetitesQuestionsDePhysiologie\/2019\/media\/images\/04_figure_07.jpg\"><img decoding=\"async\" src=\"\/documents\/images\/PetitesQuestionsDePhysiologie\/2019\/media\/images\/04_figure_07.jpg\" width=\"300\" \" alt=\"C\u0153ur de Rat en coupe longitudinale (Collection de l'Universit\u00e9 Jean Monnet)\" class=\"size-medium\" \/><figcaption class=\"wp-caption-text\">Figure 7. C\u0153ur de Rat en coupe longitudinale (Collection de l&rsquo;Universit\u00e9 Jean Monnet) <\/a><\/figcaption><\/figure>\n<\/div>\n<div class=\"copyright\">\n<p>Copyright : 2019 Sandrine Heusser<\/p>\n<\/div>\n<div class=\"legalnotice\" title=\"Note L\u00e9gale\">\n<p> Cette illustration est mise \u00e0 disposition selon les termes de la Licence Creative Commons Attribution &#8211; Pas d&rsquo;Utilisation Commerciale &#8211; Partage dans les m\u00eames conditions 4.0 International.<span class=\"inlinemediaobject\"><br \/>\n<img decoding=\"async\" class=\"ccimage\" src=\"\/documents\/images\/PetitesQuestionsDePhysiologie\/2019\/media\/images\/00_licence.png\" width=\"50\"\/> <\/span> <\/p>\n<\/div>\n<\/figure>\n<p> &nbsp; <\/p>\n<p>L&rsquo;organisation du c\u0153ur peut \u00eatre pr\u00e9cis\u00e9e gr\u00e2ce \u00e0 une coupe longitudinale. Il est form\u00e9 de quatre cavit\u00e9s communiquant deux \u00e0 deux : atrium et ventricule gauches, atrium et ventricule droits. Les compartiments gauche et droit sont isol\u00e9s par une cloison interatriale et interventriculaire. Les atriums correspondent aux poches ant\u00e9rieures et les ventricules aux deux r\u00e9gions de la pyramide, distinctes anatomiquement par leurs couleurs.<\/p>\n<p>L&rsquo;atrium gauche re\u00e7oit les veines pulmonaires et le ventricule gauche propulse le sang dans l&rsquo;art\u00e8re aorte. L&rsquo;atrium droit re\u00e7oit le sang des veines caves et le ventricule droit le propulse dans le tronc pulmonaire. Le flux sanguin est orient\u00e9 par des valves atrioventriculaires situ\u00e9es entre atriums et ventricules et des valves ventriculoart\u00e9rielles localis\u00e9es entre ventricules et art\u00e8res.<\/p>\n<p>Ainsi la double circulation des Mammif\u00e8res est accompagn\u00e9e d&rsquo;un cloisonnement du c\u0153ur en une moiti\u00e9 gauche, parcourue par du sang h\u00e9matos\u00e9, et une moiti\u00e9 droite dans laquelle circule du sang non h\u00e9matos\u00e9. Une telle organisation emp\u00eache le m\u00e9lange du sang h\u00e9matos\u00e9 avec le sang non h\u00e9matos\u00e9. Il en va de m\u00eame chez les Oiseaux.<\/p>\n<p>La paroi des atriums et des ventricules est form\u00e9e de muscle stri\u00e9 et poss\u00e8de des propri\u00e9t\u00e9s contractiles.<\/p>\n<p>De la m\u00eame mani\u00e8re que chez les T\u00e9l\u00e9ost\u00e9ens, le cycle cardiaque est constitu\u00e9 d&rsquo;une alternance de phases de diastole et de systole, affectant simultan\u00e9ment les moiti\u00e9s gauche et droite du c\u0153ur.<br \/>\nLa diastole correspond \u00e0 un rel\u00e2chement de la musculature engendrant une augmentation du volume de la cavit\u00e9 cardiaque et la systole \u00e0 une contraction g\u00e9n\u00e9rant une diminution de son volume. <\/p>\n<p>La diastole atriale co\u00efncide avec le remplissage des atriums. Le sang accumul\u00e9 dans les atriums exerce une pression sur les valves atrioventriculaires et provoque leur ouverture.<br \/>\nLe sang est alors d\u00e9vers\u00e9 dans les ventricules, en phase de diastole \u00e9galement.<br \/>\nLa systole des atriums intervient ensuite, accentuant le remplissage des ventricules. Alors que les ventricules d\u00e9butent leur contraction, les atriums retrouvent un \u00e9tat rel\u00e2ch\u00e9.<br \/>\nLa systole ventriculaire est \u00e0 l&rsquo;origine d&rsquo;une augmentation de la pression interne. Exerc\u00e9e sur les valves atrioventriculaires, elle provoque leur fermeture. Inversement, elle provoque l&rsquo;ouverture des valves ventriculoart\u00e9rielles. Le sang est alors propuls\u00e9 dans les art\u00e8res puis les ventricules se rel\u00e2chent et les valves ventriculoart\u00e9rielles se ferment.<\/p>\n<p>Du fait de l&rsquo;\u00e9lasticit\u00e9 de leur paroi, les troncs art\u00e9riels contribuent \u00e0 r\u00e9gulariser le flux sanguin.<\/p>\n<p>Ainsi, la circulation est double dans le cas des Mammif\u00e8res, comme dans le cas des Oiseaux. Les r\u00e9seaux capillaires de l&rsquo;appareil respiratoire et des autres appareils sont dispos\u00e9s en s\u00e9rie, mais chaque circuit est muni de son propre dispositif de propulsion en raison du cloisonnement du c\u0153ur.<br \/>\nSi la pression dans le circuit pulmonaire est relativement faible en relation avec une r\u00e9sistance vasculaire peu importante, autorisant des \u00e9changes gazeux respiratoires efficaces, elle est plus \u00e9lev\u00e9e dans le circuit syst\u00e9mique, permettant de contrecarrer les effets de la gravit\u00e9 et de contr\u00f4ler le d\u00e9bit dans les organes.<\/p>\n<p>Une telle circulation peut \u00eatre mise en perspective du m\u00e9tabolisme important des Mammif\u00e8res et des Oiseaux, li\u00e9 en particulier \u00e0 leur hom\u00e9othermie.<\/p>\n<p>La fr\u00e9quence cardiaque au sein de ces groupes est tr\u00e8s variable d&rsquo;une esp\u00e8ce \u00e0 l&rsquo;autre. Dans l&rsquo;esp\u00e8ce humaine elle est par exemple de 70 battements par minute environ, contre 970 battements par minute chez les Chauves-Souris (Chiropt\u00e8res). De m\u00eame elle est de 140 battements par minute chez l&rsquo;Autruche et de 800 \u00e0 1000 battements par minute chez la M\u00e9sange.<br \/>\nLa fr\u00e9quence cardiaque est g\u00e9n\u00e9ralement plus \u00e9lev\u00e9e chez les animaux de petite taille que chez les animaux de grande taille. Elle d\u00e9pend \u00e9galement de l&rsquo;activit\u00e9 et de la d\u00e9pense m\u00e9tabolique correspondante. Le vol des Oiseaux est par exemple un mode de d\u00e9placement requ\u00e9rant une important quantit\u00e9 d&rsquo;\u00e9nergie. La fr\u00e9quence cardiaque de ces animaux est de mani\u00e8re g\u00e9n\u00e9rale sup\u00e9rieure \u00e0 celle des Mammif\u00e8res, leur c\u0153ur plus volumineux et la pression sanguine plus \u00e9lev\u00e9e.<\/p>\n<p>La circulation double des Mammif\u00e8res peut \u00eatre repr\u00e9sent\u00e9e comme ci-dessous.<\/p>\n<p> &nbsp; <\/p>\n<figure id=\"d0e1249\"\nclass=\"img\"\ntitle=\"Figure\u00a08.\u00a0Circulation double des Mammif\u00e8res\"><\/p>\n<div class=\"figure\">\n<p><figure style=\"width: 300px\" class=\"wp-caption alignnone\"><a rel=\"lightbox\" href=\"\/documents\/images\/PetitesQuestionsDePhysiologie\/2019\/media\/images\/04_figure_08.jpg\"><img decoding=\"async\" src=\"\/documents\/images\/PetitesQuestionsDePhysiologie\/2019\/media\/images\/04_figure_08.jpg\" width=\"300\" \" alt=\"Circulation double des Mammif\u00e8res\" class=\"size-medium\" \/><figcaption class=\"wp-caption-text\">Figure 8. Circulation double des Mammif\u00e8res <\/a><\/figcaption><\/figure>\n<\/div>\n<div class=\"copyright\">\n<p>Copyright : 2019 Sandrine Heusser<\/p>\n<\/div>\n<div class=\"legalnotice\" title=\"Note L\u00e9gale\">\n<p> Cette illustration est mise \u00e0 disposition selon les termes de la Licence Creative Commons Attribution &#8211; Pas d&rsquo;Utilisation Commerciale &#8211; Partage dans les m\u00eames conditions 4.0 International.<span class=\"inlinemediaobject\"><br \/>\n<img decoding=\"async\" class=\"ccimage\" src=\"\/documents\/images\/PetitesQuestionsDePhysiologie\/2019\/media\/images\/00_licence.png\" width=\"50\"\/> <\/span> <\/p>\n<\/div>\n<\/figure>\n<p> &nbsp; <\/p>\n<p>La circulation chez les Mammif\u00e8res et les Oiseaux est donc r\u00e9alis\u00e9e selon deux circuits, pulmonaire et syst\u00e9mique, chacun disposant de son propre dispositif de propulsion gr\u00e2ce au cloisonnement du c\u0153ur.<br \/>\nLes propri\u00e9t\u00e9s des vaisseaux constituant les deux circuits d\u00e9terminent des pressions diff\u00e9rentes, relativement faible dans le circuit pulmonaire et \u00e9lev\u00e9e dans le circuit syst\u00e9mique. Elles contribuent \u00e0 am\u00e9liorer les \u00e9changes entre le sang et le milieu ou les organes pour une d\u00e9pense \u00e9nerg\u00e9tique r\u00e9duite. Un m\u00e9tabolisme \u00e9lev\u00e9 est ainsi rendu possible.<\/p>\n<p>La double circulation appara\u00eet comme une adaptation \u00e0 la vie en milieu a\u00e9rien. Or, le groupe des Vert\u00e9br\u00e9s a pris naissance en milieu aquatique et ses premiers repr\u00e9sentants poss\u00e9daient vraisemblablement une circulation simple. <\/p>\n<p>Comment la double circulation a-t-elle \u00e9t\u00e9 mise en place \u00e0 partir de la circulation simple ?<\/p>\n<\/section>\n<p> &nbsp; <\/p>\n<footer>\n<hr \/>\n<table style=\"width: 100%; \">\n<tr>\n<td style=\"width: 40%; text-align: left; \">\n                  <a href=\"\/codex\/petites-questions-de-physiologie\/petites-questions-de-physiologie-animale-2019-ouvrage\/la-circulation-sanguine-simple-une-distribution-du-sang-dans-un-circuit-unique\" title=\"La circulation sanguine simple : une distribution du sang dans un circuit unique\">Pr\u00e9c\u00e9dent<\/a>\u00a0<\/td>\n<td style=\"width: 20%; text-align: center; \">\n                  <a href=\"\/codex\/petites-questions-de-physiologie\/petites-questions-de-physiologie-animale-2019-ouvrage\/les-circulations-sanguines-simple-et-double-chez-les-vertebres-introduction\" title=\"Les circulations sanguines simple et double chez les Vert\u00e9br\u00e9s : introduction\">Niveau sup\u00e9rieur<\/a>\n               <\/td>\n<td style=\"width: 40%; text-align: right; \">\u00a0<a href=\"\/codex\/petites-questions-de-physiologie\/petites-questions-de-physiologie-animale-2019-ouvrage\/de-la-circulation-sanguine-simple-a-la-circulation-sanguine-double-une-distribution-du-sang-dans-un-circuit-partiellement-dedouble\" title=\"De la circulation sanguine simple \u00e0 la circulation sanguine double : une distribution du sang dans un circuit partiellement d\u00e9doubl\u00e9\">Suivant<\/a>\n               <\/td>\n<\/tr>\n<tr>\n<td style=\"width: 40%; text-align: left; vertical-align: top; \">La circulation sanguine simple : une distribution du sang dans un circuit unique\u00a0<\/td>\n<td style=\"width: 20%; text-align: center; \">\n                 <a href=\"\/codex\/petites-questions-de-physiologie\/petites-questions-de-physiologie-animale-2019-ouvrage\" title=\"Petites questions de physiologie animale 2019 : ouvrage\">Sommaire<\/a>\n               <\/td>\n<td style=\"width: 40%; text-align: right; vertical-align: top; \">\u00a0De la circulation sanguine simple \u00e0 la circulation sanguine double : une distribution du sang dans un circuit partiellement d\u00e9doubl\u00e9<\/td>\n<\/tr>\n<\/table>\n<\/footer>\n","protected":false},"excerpt":{"rendered":"<p>La circulation sanguine double : une distribution du sang dans un double circuit Pr\u00e9c\u00e9dent\u00a0 Les circulations sanguines simple et double chez les Vert\u00e9br\u00e9s \u00a0Suivant &nbsp; \u00c0 la diff\u00e9rence du milieu aquatique, le milieu a\u00e9rien est peu porteur. En raison de sa faible densit\u00e9, la pouss\u00e9e d&rsquo;Archim\u00e8de y est faible et les effets de la gravit\u00e9 [&hellip;]<\/p>\n","protected":false},"author":2,"featured_media":0,"parent":13169,"menu_order":10,"comment_status":"closed","ping_status":"closed","template":"","meta":{"site-sidebar-layout":"default","site-content-layout":"","ast-site-content-layout":"default","site-content-style":"default","site-sidebar-style":"default","ast-global-header-display":"","ast-banner-title-visibility":"","ast-main-header-display":"","ast-hfb-above-header-display":"","ast-hfb-below-header-display":"","ast-hfb-mobile-header-display":"","site-post-title":"","ast-breadcrumbs-content":"","ast-featured-img":"","footer-sml-layout":"","ast-disable-related-posts":"","theme-transparent-header-meta":"","adv-header-id-meta":"","stick-header-meta":"","header-above-stick-meta":"","header-main-stick-meta":"","header-below-stick-meta":"","astra-migrate-meta-layouts":"default","ast-page-background-enabled":"default","ast-page-background-meta":{"desktop":{"background-color":"var(--ast-global-color-4)","background-image":"","background-repeat":"repeat","background-position":"center center","background-size":"auto","background-attachment":"scroll","background-type":"","background-media":"","overlay-type":"","overlay-color":"","overlay-opacity":"","overlay-gradient":""},"tablet":{"background-color":"","background-image":"","background-repeat":"repeat","background-position":"center center","background-size":"auto","background-attachment":"scroll","background-type":"","background-media":"","overlay-type":"","overlay-color":"","overlay-opacity":"","overlay-gradient":""},"mobile":{"background-color":"","background-image":"","background-repeat":"repeat","background-position":"center center","background-size":"auto","background-attachment":"scroll","background-type":"","background-media":"","overlay-type":"","overlay-color":"","overlay-opacity":"","overlay-gradient":""}},"ast-content-background-meta":{"desktop":{"background-color":"var(--ast-global-color-5)","background-image":"","background-repeat":"repeat","background-position":"center center","background-size":"auto","background-attachment":"scroll","background-type":"","background-media":"","overlay-type":"","overlay-color":"","overlay-opacity":"","overlay-gradient":""},"tablet":{"background-color":"var(--ast-global-color-5)","background-image":"","background-repeat":"repeat","background-position":"center center","background-size":"auto","background-attachment":"scroll","background-type":"","background-media":"","overlay-type":"","overlay-color":"","overlay-opacity":"","overlay-gradient":""},"mobile":{"background-color":"var(--ast-global-color-5)","background-image":"","background-repeat":"repeat","background-position":"center center","background-size":"auto","background-attachment":"scroll","background-type":"","background-media":"","overlay-type":"","overlay-color":"","overlay-opacity":"","overlay-gradient":""}},"footnotes":""},"class_list":["post-13372","page","type-page","status-publish","hentry"],"aioseo_notices":[],"jetpack_sharing_enabled":true,"_links":{"self":[{"href":"https:\/\/codexvirtualis.fr\/codex\/wp-json\/wp\/v2\/pages\/13372","targetHints":{"allow":["GET"]}}],"collection":[{"href":"https:\/\/codexvirtualis.fr\/codex\/wp-json\/wp\/v2\/pages"}],"about":[{"href":"https:\/\/codexvirtualis.fr\/codex\/wp-json\/wp\/v2\/types\/page"}],"author":[{"embeddable":true,"href":"https:\/\/codexvirtualis.fr\/codex\/wp-json\/wp\/v2\/users\/2"}],"replies":[{"embeddable":true,"href":"https:\/\/codexvirtualis.fr\/codex\/wp-json\/wp\/v2\/comments?post=13372"}],"version-history":[{"count":16,"href":"https:\/\/codexvirtualis.fr\/codex\/wp-json\/wp\/v2\/pages\/13372\/revisions"}],"predecessor-version":[{"id":13409,"href":"https:\/\/codexvirtualis.fr\/codex\/wp-json\/wp\/v2\/pages\/13372\/revisions\/13409"}],"up":[{"embeddable":true,"href":"https:\/\/codexvirtualis.fr\/codex\/wp-json\/wp\/v2\/pages\/13169"}],"wp:attachment":[{"href":"https:\/\/codexvirtualis.fr\/codex\/wp-json\/wp\/v2\/media?parent=13372"}],"curies":[{"name":"wp","href":"https:\/\/api.w.org\/{rel}","templated":true}]}}