{"id":13354,"date":"2020-12-27T14:40:28","date_gmt":"2020-12-27T13:40:28","guid":{"rendered":"https:\/\/codexvirtualis.fr\/codex\/?page_id=13354"},"modified":"2021-08-01T15:05:54","modified_gmt":"2021-08-01T13:05:54","slug":"la-circulation-sanguine-simple-une-distribution-du-sang-dans-un-circuit-unique","status":"publish","type":"page","link":"https:\/\/codexvirtualis.fr\/codex\/petites-questions-de-physiologie\/petites-questions-de-physiologie-animale-2019-ouvrage\/la-circulation-sanguine-simple-une-distribution-du-sang-dans-un-circuit-unique","title":{"rendered":"La circulation sanguine simple : une distribution du sang dans un circuit unique"},"content":{"rendered":"<header>\n<table style=\"width: 100%; \">\n<tr>\n<th style=\"text-align: center; \" colspan=\"3\">La circulation sanguine simple : une distribution du sang dans un circuit unique<\/th>\n<\/tr>\n<tr>\n<td style=\"width: 20%; text-align: left; \">\n                        <a href=\"\/codex\/petites-questions-de-physiologie\/petites-questions-de-physiologie-animale-2019-ouvrage\/les-circulations-sanguines-simple-et-double-chez-les-vertebres-introduction\" title=\"Les circulations sanguines simple et double chez les Vert\u00e9br\u00e9s : introduction\">Pr\u00e9c\u00e9dent<\/a>\u00a0<\/td>\n<th style=\"width: 60%; text-align: center; \">Les circulations sanguines simple et double chez les Vert\u00e9br\u00e9s<\/th>\n<td style=\"width: 20%; text-align: right; \">\u00a0<a href=\"\/codex\/petites-questions-de-physiologie\/petites-questions-de-physiologie-animale-2019-ouvrage\/la-circulation-sanguine-double-une-distribution-du-sang-dans-un-double-circuit\" title=\"La circulation sanguine double : une distribution du sang dans un double circuit\">Suivant<\/a>\n                    <\/td>\n<\/tr>\n<\/table>\n<hr \/>\n<\/header>\n<p> &nbsp; <\/p>\n<section class=\"sect1\" id=\"d0e943\">\n<p>Les Vert\u00e9br\u00e9s sont pr\u00e9sents en milieu aquatique comme en milieu a\u00e9rien.<\/p>\n<p>Le milieu aquatique offre aux organismes qui y \u00e9voluent un environnement stable, notamment du point de vue de la temp\u00e9rature. Sa densit\u00e9 \u00e9lev\u00e9e, proche de celle des organismes vivants dont les tissus sont riches en eau, est \u00e0 l&rsquo;origine d&rsquo;une pouss\u00e9e d&rsquo;Archim\u00e8de importante assurant le soutien et autorisant la flottaison. <\/p>\n<p>Les Vert\u00e9br\u00e9s aquatiques sont repr\u00e9sent\u00e9s en particulier par les S\u00e9laciens comme les Requins et les T\u00e9l\u00e9ost\u00e9ens comme le Gardon, animaux primitivement aquatiques. Ils r\u00e9alisent leurs \u00e9changes gazeux respiratoires avec l&rsquo;eau par l&rsquo;interm\u00e9diaire d&rsquo;appareils respiratoires branchiaux.<br \/>\nDes Mammif\u00e8res comme les Dauphins et des Oiseaux comme les Manchots \u00e9voluent \u00e9galement en milieu aquatique. \u00c0 la diff\u00e9rence des pr\u00e9c\u00e9dents, ils effectuent leurs \u00e9changes gazeux respiratoires avec l&rsquo;air, gr\u00e2ce \u00e0 des poumons. Ils sont retourn\u00e9s secondairement au milieu aquatique apr\u00e8s avoir colonis\u00e9 le milieu a\u00e9rien.<\/p>\n<\/section>\n<section class=\"sect2\" id=\"d0e952\">\n<h3 class=\"title\">La circulation sanguine simple : un circuit unique<\/h3>\n<p>L&rsquo;exemple des T\u00e9l\u00e9ost\u00e9ens permet de d\u00e9crire la circulation sanguine simple.<\/p>\n<p> &nbsp; <\/p>\n<figure id=\"d0e957\"\nclass=\"img\"\ntitle=\"Figure\u00a01.\u00a0Anatomie du Gardon en vue ventrale\"><\/p>\n<div class=\"figure\">\n<figure style=\"width: 300px\" class=\"wp-caption alignnone\"><a rel=\"lightbox\" href=\"\/documents\/images\/PetitesQuestionsDePhysiologie\/2019\/media\/images\/04_figure_01.jpg\"><img decoding=\"async\" src=\"\/documents\/images\/PetitesQuestionsDePhysiologie\/2019\/media\/images\/04_figure_01.jpg\" width=\"300\" \" alt=\"Anatomie du Gardon en vue ventrale\" class=\"size-medium\" \/><figcaption class=\"wp-caption-text\">Figure 1. Anatomie du Gardon en vue ventral <\/a><\/figcaption><\/figure>\n<\/div>\n<div class=\"copyright\">\n<p>Copyright : 2019 Marc Second Sandrine Heusser<\/p>\n<\/div>\n<div class=\"legalnotice\" title=\"Note L\u00e9gale\">\n<p> Cette illustration est mise \u00e0 disposition selon les termes de la Licence Creative Commons Attribution &#8211; Pas d&rsquo;Utilisation Commerciale &#8211; Partage dans les m\u00eames conditions 4.0 International.<span class=\"inlinemediaobject\"><br \/>\n<img decoding=\"async\" class=\"ccimage\" src=\"\/documents\/images\/PetitesQuestionsDePhysiologie\/2019\/media\/images\/00_licence.png\" width=\"50\"\/> <\/span> <\/p>\n<\/div>\n<\/figure>\n<p> &nbsp; <\/p>\n<p>Chez le Gardon, exemple de T\u00e9l\u00e9ost\u00e9en, le c\u0153ur est situ\u00e9 en position ventrale et ant\u00e9rieure. Il est reli\u00e9 \u00e0 l&rsquo;avant \u00e0 un vaisseau art\u00e9riel ventral, l&rsquo;aorte ventrale. Elle se ramifie de chaque c\u00f4t\u00e9 en quatre art\u00e8res irriguant chacune une branchie. Appel\u00e9es art\u00e8res branchiales aff\u00e9rentes, elles se subdivisent en vaisseaux capillaires dans les branchies. Les vaisseaux capillaires d&rsquo;une branchie convergent pour former une art\u00e8re branchiale eff\u00e9rente dorsale.<br \/>\nDe chaque c\u00f4t\u00e9 du corps les quatre art\u00e8res branchiales eff\u00e9rentes convergent en une racine aortique dorsale. En relation avec l&rsquo;\u00e9volution des appareils respiratoire et circulatoire, les art\u00e8res branchiales aff\u00e9rentes et eff\u00e9rentes des T\u00e9l\u00e9ost\u00e9ens sont num\u00e9rot\u00e9es de 6 \u00e0 3, des plus post\u00e9rieures aux plus ant\u00e9rieures.<br \/>\nVers l&rsquo;avant, les racines aortiques donnent naissance aux art\u00e8res carotides irriguant la t\u00eate et vers l&rsquo;arri\u00e8re, elles se rejoignent en une aorte dorsale alimentant les organes post\u00e9rieurs.<br \/>\nLe sang est ramen\u00e9 au c\u0153ur par des canaux de Cuvier recevant les veines cardinales et h\u00e9patiques.<\/p>\n<p>Dans les capillaires branchiaux, le dioxyg\u00e8ne du milieu diffuse vers le sang et le dioxyde de carbone suit le chemin inverse.<br \/>\nLe sang circulant dans les art\u00e8res branchiales eff\u00e9rentes, les racines aortiques, les art\u00e8res carotides et l&rsquo;aorte dorsale est h\u00e9matos\u00e9, riche en dioxyg\u00e8ne et pauvre en dioxyde de carbone.<br \/>\nDans les capillaires des autres organes, le dioxyg\u00e8ne diffuse du sang aux cellules et le dioxyde de carbone des cellules au sang.<br \/>\nLe sang circulant dans les veines, le c\u0153ur et les art\u00e8res branchiales aff\u00e9rentes est non h\u00e9matos\u00e9, pauvre en dioxyg\u00e8ne et riche en dioxyde de carbone.<\/p>\n<p>Le sang transite donc par le c\u0153ur une unique fois en parcourant ce circuit. En cons\u00e9quence, la circulation est dite simple. Le sang traversant le c\u0153ur a la particularit\u00e9 d&rsquo;\u00eatre non h\u00e9matos\u00e9.<\/p>\n<p>Par ailleurs sur son parcours, le sang traverse deux r\u00e9seaux de vaisseaux capillaires successifs respectivement localis\u00e9s dans les branchies et dans les autres organes.<br \/>\nLes capillaires respiratoires et les capillaires syst\u00e9miques sont dispos\u00e9s en s\u00e9rie.<br \/>\nOr la r\u00e9sistance vasculaire augmente lorsque le diam\u00e8tre des vaisseaux sanguins diminue et en cons\u00e9quence \u00e0 d\u00e9bit constant, la pression interne diminue \u00e9galement.<br \/>\nIl appara\u00eet que chez les T\u00e9l\u00e9ost\u00e9ens, la r\u00e9sistance vasculaire de l&rsquo;appareil respiratoire est inf\u00e9rieure \u00e0 celle des autres organes, ce qui permet le maintien d&rsquo;une pression relativement \u00e9lev\u00e9e dans les vaisseaux branchiaux eff\u00e9rents et une irrigation efficace des organes situ\u00e9s en aval. Les r\u00e9seaux capillaires syst\u00e9miques dispos\u00e9s en parall\u00e8le y contribuent \u00e9galement.<\/p>\n<p>Quelles sont les caract\u00e9ristiques du c\u0153ur en relation avec une telle circulation simple ?<\/p>\n<\/section>\n<section class=\"sect2\" id=\"d0e993\">\n<h3 class=\"title\">La circulation sanguine simple : une propulsion du sang par un c\u0153ur simple<\/h3>\n<p> &nbsp; <\/p>\n<figure id=\"d0e996\"\nclass=\"img\"\ntitle=\"Figure\u00a02.\u00a0R\u00e9gion cardiaque du Gardon en vue ventrale\"><\/p>\n<div class=\"figure\">\n<figure style=\"width: 300px\" class=\"wp-caption alignnone\"><a rel=\"lightbox\" href=\"\/documents\/images\/PetitesQuestionsDePhysiologie\/2019\/media\/images\/04_figure_02.jpg\"><img decoding=\"async\" src=\"\/documents\/images\/PetitesQuestionsDePhysiologie\/2019\/media\/images\/04_figure_02.jpg\" width=\"300\" \" alt=\"R\u00e9gion cardiaque du Gardon en vue ventrale\" class=\"size-medium\" \/><figcaption class=\"wp-caption-text\">Figure 2. R\u00e9gion cardiaque du Gardon en vue ventrale <\/a><\/figcaption><\/figure>\n<\/div>\n<div class=\"copyright\">\n<p>Copyright : 2019 Marc Second Sandrine Heusser<\/p>\n<\/div>\n<div class=\"legalnotice\" title=\"Note L\u00e9gale\">\n<p> Cette illustration est mise \u00e0 disposition selon les termes de la Licence Creative Commons Attribution &#8211; Pas d&rsquo;Utilisation Commerciale &#8211; Partage dans les m\u00eames conditions 4.0 International.<span class=\"inlinemediaobject\"><br \/>\n<img decoding=\"async\" class=\"ccimage\" src=\"\/documents\/images\/PetitesQuestionsDePhysiologie\/2019\/media\/images\/00_licence.png\" width=\"50\"\/> <\/span> <\/p>\n<\/div>\n<\/figure>\n<p> &nbsp; <\/p>\n<p>Le c\u0153ur du Gardon est constitu\u00e9 de trois chambres. De l&rsquo;arri\u00e8re vers l&rsquo;avant, ce sont :<\/p>\n<ul class=\"itemizedlist\" style=\"list-style-type: disc; \">\n<li class=\"listitem\">un sinus veineux dorsal recevant le sang des canaux de Cuvier ;\n                    <\/li>\n<li class=\"listitem\">un atrium dans lequel le sinus veineux d\u00e9verse le sang ;\n                    <\/li>\n<li class=\"listitem\">un ventricule ventral assurant la propulsion du sang dans les art\u00e8res.\n                    <\/li>\n<\/ul>\n<p>\u00c0 l&rsquo;avant, un renflement est intercal\u00e9 entre le ventricule et l&rsquo;aorte ventrale, appel\u00e9 bulbe art\u00e9riel.<\/p>\n<p> &nbsp; <\/p>\n<figure id=\"d0e1036\"\nclass=\"img\"\ntitle=\"Figure\u00a03.\u00a0C\u0153ur d'alevin de Truite en coupe longitudinale (Collection de l'ENS de&#xA; Lyon)\"><\/p>\n<div class=\"figure\">\n<figure style=\"width: 300px\" class=\"wp-caption alignnone\"><a rel=\"lightbox\" href=\"\/documents\/images\/PetitesQuestionsDePhysiologie\/2019\/media\/images\/04_figure_03.jpg\"><img decoding=\"async\" src=\"\/documents\/images\/PetitesQuestionsDePhysiologie\/2019\/media\/images\/04_figure_03.jpg\" width=\"300\" \" alt=\"C\u0153ur d'alevin de Truite en coupe longitudinale (Collection de l'ENS de Lyon)\" class=\"size-medium\" \/><figcaption class=\"wp-caption-text\">Figure 3. C\u0153ur d&rsquo;alevin de Truite en coupe longitudinale (Collection de l&rsquo;ENS de Lyon) <\/a><\/figcaption><\/figure>\n<\/div>\n<div class=\"copyright\">\n<p>Copyright : 2019 Sandrine Heusser<\/p>\n<\/div>\n<div class=\"legalnotice\" title=\"Note L\u00e9gale\">\n<p> Cette illustration est mise \u00e0 disposition selon les termes de la Licence Creative Commons Attribution &#8211; Pas d&rsquo;Utilisation Commerciale &#8211; Partage dans les m\u00eames conditions 4.0 International.<span class=\"inlinemediaobject\"><br \/>\n<img decoding=\"async\" class=\"ccimage\" src=\"\/documents\/images\/PetitesQuestionsDePhysiologie\/2019\/media\/images\/00_licence.png\" width=\"50\"\/> <\/span> <\/p>\n<\/div>\n<\/figure>\n<p> &nbsp; <\/p>\n<p>La paroi du sinus veineux appara\u00eet fine et extensible. Celles de l&rsquo;atrium et du ventricule sont musculeuses et contractiles. Le bulbe art\u00e9riel quant \u00e0 lui pr\u00e9sente une paroi similaire \u00e0 celle de l&rsquo;aorte ventrale dont il constitue l&rsquo;origine.<\/p>\n<p>Le fonctionnement du c\u0153ur implique plusieurs phases successives. Le rel\u00e2chement de la musculature de la paroi de l&rsquo;atrium d\u00e9termine la diastole atriale. L&rsquo;atrium \u00e9tant distendu, son remplissage par du sang provenant du sinus veineux intervient. Simultan\u00e9ment, le ventricule est \u00e9galement en diastole, la musculature de sa paroi \u00e9tant rel\u00e2ch\u00e9e.<br \/>\nLa contraction de la musculature de l&rsquo;atrium conduit \u00e0 sa systole et provoque une r\u00e9duction de son volume, une augmentation de sa pression interne et<br \/>\n finalement l&rsquo;expulsion du sang vers le ventricule qui se remplit. La contraction de la musculature de la paroi du ventricule intervient ensuite, alors que l&rsquo;atrium entre en diastole. La systole ventriculaire est responsable de l&rsquo;augmentation de la pression du sang et de sa propulsion vers le bulbe art\u00e9riel puis l&rsquo;aorte ventrale.<br \/>\nDans le c\u0153ur, la circulation du sang est orient\u00e9e par des valves emp\u00eachant le reflux vers le sinus veineux.<\/p>\n<p>Le c\u0153ur met ainsi en mouvement le sang dans l&rsquo;appareil circulatoire, de mani\u00e8re pulsatile. Le flux sanguin est r\u00e9gularis\u00e9 par le bulbe art\u00e9riel gr\u00e2ce \u00e0 l&rsquo;\u00e9lasticit\u00e9 de sa paroi.<\/p>\n<p>En relation avec l&rsquo;organisation de l&rsquo;appareil circulatoire, la pression interne est faible dans les vaisseaux veineux syst\u00e9miques. Le retour du sang au c\u0153ur favoris\u00e9 par les mouvements ondulatoires du corps lors de la nage. <\/p>\n<p>La circulation simple des T\u00e9l\u00e9ost\u00e9ens peut \u00eatre repr\u00e9sent\u00e9e comme ci-dessous.<\/p>\n<p> &nbsp; <\/p>\n<figure id=\"d0e1070\"\nclass=\"img\"\ntitle=\"Figure\u00a04.\u00a0Circulation simple des T\u00e9l\u00e9ost\u00e9ens\"><\/p>\n<div class=\"figure\">\n<p><figure style=\"width: 300px\" class=\"wp-caption alignnone\"><a rel=\"lightbox\" href=\"\/documents\/images\/PetitesQuestionsDePhysiologie\/2019\/media\/images\/04_figure_04.jpg\"><img decoding=\"async\" src=\"\/documents\/images\/PetitesQuestionsDePhysiologie\/2019\/media\/images\/04_figure_04.jpg\" width=\"300\" \" alt=\"Circulation simple des T\u00e9l\u00e9ost\u00e9ens\" class=\"size-medium\" \/><figcaption class=\"wp-caption-text\">Figure 4. Circulation simple des T\u00e9l\u00e9ost\u00e9ens <\/a><\/figcaption><\/figure>\n <\/div>\n<div class=\"copyright\">\n<p>Copyright : 2019 Sandrine Heusser<\/p>\n<\/div>\n<div class=\"legalnotice\" title=\"Note L\u00e9gale\">\n<p> Cette illustration est mise \u00e0 disposition selon les termes de la Licence Creative Commons Attribution &#8211; Pas d&rsquo;Utilisation Commerciale &#8211; Partage dans les m\u00eames conditions 4.0 International.<span class=\"inlinemediaobject\"><br \/>\n<img decoding=\"async\" class=\"ccimage\" src=\"\/documents\/images\/PetitesQuestionsDePhysiologie\/2019\/media\/images\/00_licence.png\" width=\"50\"\/> <\/span> <\/p>\n<\/div>\n<\/figure>\n<p> &nbsp; <\/p>\n<p>La circulation des T\u00e9l\u00e9ost\u00e9ens est donc r\u00e9alis\u00e9e dans un circuit simple. Le sang irrigue successivement l&rsquo;appareil respiratoire et les autres appareils, leurs r\u00e9seaux capillaires \u00e9tant dispos\u00e9s en s\u00e9rie. Le c\u0153ur est simple et travers\u00e9 par du sang non h\u00e9matos\u00e9.<\/p>\n<p>Les Vert\u00e9br\u00e9s a\u00e9riens poss\u00e8dent un appareil respiratoire comportant des poumons, organes respiratoires, ainsi que des voies a\u00e9riennes.<br \/>\nAppareil circulatoire et appareil respiratoire \u00e9tant \u00e9troitement li\u00e9s, comment est r\u00e9alis\u00e9e la circulation chez les Vert\u00e9br\u00e9s a\u00e9riens ?<\/p>\n<\/section>\n<p> &nbsp; <\/p>\n<footer>\n<hr \/>\n<table style=\"width: 100%; \">\n<tr>\n<td style=\"width: 40%; text-align: left; \">\n                        <a href=\"\/codex\/petites-questions-de-physiologie\/petites-questions-de-physiologie-animale-2019-ouvrage\/les-circulations-sanguines-simple-et-double-chez-les-vertebres-introduction\" title=\"Les circulations sanguines simple et double chez les Vert\u00e9br\u00e9s : introduction\">Pr\u00e9c\u00e9dent<\/a>\u00a0<\/td>\n<td style=\"width: 20%; text-align: center; \">\n                        <a href=\"\/codex\/petites-questions-de-physiologie\/petites-questions-de-physiologie-animale-2019-ouvrage\/les-circulations-sanguines-simple-et-double-chez-les-vertebres-introduction\" title=\"Les circulations sanguines simple et double chez les Vert\u00e9br\u00e9s : introduction\">Niveau sup\u00e9rieur<\/a>\n                    <\/td>\n<td style=\"width: 40%; text-align: right; \">\u00a0<a href=\"\/codex\/petites-questions-de-physiologie\/petites-questions-de-physiologie-animale-2019-ouvrage\/la-circulation-sanguine-double-une-distribution-du-sang-dans-un-double-circuit\" title=\"La circulation sanguine double : une distribution du sang dans un double circuit\">Suivant<\/a>\n                    <\/td>\n<\/tr>\n<tr>\n<td style=\"width: 40%; text-align: left; vertical-align: top; \">Les circulations sanguines simple et double chez les Vert\u00e9br\u00e9s\u00a0<\/td>\n<td style=\"width: 20%; text-align: center; \">\n                        <a href=\"\/codex\/petites-questions-de-physiologie\/petites-questions-de-physiologie-animale-2019-ouvrage\" title=\"Petites questions de physiologie animale 2019 : ouvrage\">Sommaire<\/a>\n                    <\/td>\n<td style=\"width: 40%; text-align: right; vertical-align: top; \">\u00a0La circulation sanguine double : une distribution du sang dans un double circuit<\/td>\n<\/tr>\n<\/table>\n<\/footer>\n","protected":false},"excerpt":{"rendered":"<p>La circulation sanguine simple : une distribution du sang dans un circuit unique Pr\u00e9c\u00e9dent\u00a0 Les circulations sanguines simple et double chez les Vert\u00e9br\u00e9s \u00a0Suivant &nbsp; Les Vert\u00e9br\u00e9s sont pr\u00e9sents en milieu aquatique comme en milieu a\u00e9rien. Le milieu aquatique offre aux organismes qui y \u00e9voluent un environnement stable, notamment du point de vue de la [&hellip;]<\/p>\n","protected":false},"author":2,"featured_media":0,"parent":13169,"menu_order":9,"comment_status":"closed","ping_status":"closed","template":"","meta":{"site-sidebar-layout":"default","site-content-layout":"","ast-site-content-layout":"default","site-content-style":"default","site-sidebar-style":"default","ast-global-header-display":"","ast-banner-title-visibility":"","ast-main-header-display":"","ast-hfb-above-header-display":"","ast-hfb-below-header-display":"","ast-hfb-mobile-header-display":"","site-post-title":"","ast-breadcrumbs-content":"","ast-featured-img":"","footer-sml-layout":"","ast-disable-related-posts":"","theme-transparent-header-meta":"","adv-header-id-meta":"","stick-header-meta":"","header-above-stick-meta":"","header-main-stick-meta":"","header-below-stick-meta":"","astra-migrate-meta-layouts":"default","ast-page-background-enabled":"default","ast-page-background-meta":{"desktop":{"background-color":"var(--ast-global-color-4)","background-image":"","background-repeat":"repeat","background-position":"center center","background-size":"auto","background-attachment":"scroll","background-type":"","background-media":"","overlay-type":"","overlay-color":"","overlay-opacity":"","overlay-gradient":""},"tablet":{"background-color":"","background-image":"","background-repeat":"repeat","background-position":"center center","background-size":"auto","background-attachment":"scroll","background-type":"","background-media":"","overlay-type":"","overlay-color":"","overlay-opacity":"","overlay-gradient":""},"mobile":{"background-color":"","background-image":"","background-repeat":"repeat","background-position":"center center","background-size":"auto","background-attachment":"scroll","background-type":"","background-media":"","overlay-type":"","overlay-color":"","overlay-opacity":"","overlay-gradient":""}},"ast-content-background-meta":{"desktop":{"background-color":"var(--ast-global-color-5)","background-image":"","background-repeat":"repeat","background-position":"center center","background-size":"auto","background-attachment":"scroll","background-type":"","background-media":"","overlay-type":"","overlay-color":"","overlay-opacity":"","overlay-gradient":""},"tablet":{"background-color":"var(--ast-global-color-5)","background-image":"","background-repeat":"repeat","background-position":"center center","background-size":"auto","background-attachment":"scroll","background-type":"","background-media":"","overlay-type":"","overlay-color":"","overlay-opacity":"","overlay-gradient":""},"mobile":{"background-color":"var(--ast-global-color-5)","background-image":"","background-repeat":"repeat","background-position":"center center","background-size":"auto","background-attachment":"scroll","background-type":"","background-media":"","overlay-type":"","overlay-color":"","overlay-opacity":"","overlay-gradient":""}},"footnotes":""},"class_list":["post-13354","page","type-page","status-publish","hentry"],"aioseo_notices":[],"jetpack_sharing_enabled":true,"_links":{"self":[{"href":"https:\/\/codexvirtualis.fr\/codex\/wp-json\/wp\/v2\/pages\/13354","targetHints":{"allow":["GET"]}}],"collection":[{"href":"https:\/\/codexvirtualis.fr\/codex\/wp-json\/wp\/v2\/pages"}],"about":[{"href":"https:\/\/codexvirtualis.fr\/codex\/wp-json\/wp\/v2\/types\/page"}],"author":[{"embeddable":true,"href":"https:\/\/codexvirtualis.fr\/codex\/wp-json\/wp\/v2\/users\/2"}],"replies":[{"embeddable":true,"href":"https:\/\/codexvirtualis.fr\/codex\/wp-json\/wp\/v2\/comments?post=13354"}],"version-history":[{"count":12,"href":"https:\/\/codexvirtualis.fr\/codex\/wp-json\/wp\/v2\/pages\/13354\/revisions"}],"predecessor-version":[{"id":14074,"href":"https:\/\/codexvirtualis.fr\/codex\/wp-json\/wp\/v2\/pages\/13354\/revisions\/14074"}],"up":[{"embeddable":true,"href":"https:\/\/codexvirtualis.fr\/codex\/wp-json\/wp\/v2\/pages\/13169"}],"wp:attachment":[{"href":"https:\/\/codexvirtualis.fr\/codex\/wp-json\/wp\/v2\/media?parent=13354"}],"curies":[{"name":"wp","href":"https:\/\/api.w.org\/{rel}","templated":true}]}}