{"id":13350,"date":"2020-12-27T14:02:06","date_gmt":"2020-12-27T13:02:06","guid":{"rendered":"https:\/\/codexvirtualis.fr\/codex\/?page_id=13350"},"modified":"2021-07-28T12:23:49","modified_gmt":"2021-07-28T10:23:49","slug":"les-circulations-sanguines-simple-et-double-chez-les-vertebres-introduction","status":"publish","type":"page","link":"https:\/\/codexvirtualis.fr\/codex\/petites-questions-de-physiologie\/petites-questions-de-physiologie-animale-2019-ouvrage\/les-circulations-sanguines-simple-et-double-chez-les-vertebres-introduction","title":{"rendered":"Les circulations sanguines simple et double chez les Vert\u00e9br\u00e9s : introduction"},"content":{"rendered":"<br \/>\n<header>\n<table style=\"width: 100%; \">\n<tr>\n<th style=\"text-align: center; \" colspan=\"3\">Les circulations sanguines simple et double chez les Vert\u00e9br\u00e9s<\/th>\n<\/tr>\n<tr>\n<td style=\"width: 20%; text-align: left; \">\n                       <a href=\"\/codex\/petites-questions-de-physiologie\/petites-questions-de-physiologie-animale-2019-ouvrage\/la-metamerie-des-animaux-bibliographie-et-sitographie\" title=\"La m\u00e9tam\u00e9rie des animaux : bibliographie et sitographie\">Pr\u00e9c\u00e9dent<\/a>\u00a0<\/td>\n<th style=\"width: 60%; text-align: center; \">\u00a0<\/th>\n<td style=\"width: 20%; text-align: right; \">\u00a0<a href=\"\/codex\/petites-questions-de-physiologie\/petites-questions-de-physiologie-animale-2019-ouvrage\/la-circulation-sanguine-simple-une-distribution-du-sang-dans-un-circuit-unique\" title=\"La circulation sanguine simple : une distribution du sang dans un circuit unique\">Suivant<\/a>\n                    <\/td>\n<\/tr>\n<\/table>\n<hr \/>\n<\/header>\n<p> &nbsp; <\/p>\n<section class=\"article\" id=\"d0e879\">\n<h2 class=\"title\">Les circulations sanguines simple et double chez les Vert\u00e9br\u00e9s<\/h2>\n<p>            <class=\"author\"><br \/>\n                <span class=\"firstname\">Prescillia<\/span> <span class=\"surname\">Barlet<\/span><\/p>\n<p>            <code class=\"email\">&lt;<a class=\"email\" href=\"mailto:prescillia.barlet@etu.univ-st-etienne.fr\">prescillia.barlet@etu.univ-st-etienne.fr<\/a>&gt;<\/code><br \/>\n            <class=\"author\"><br \/>\n                <span class=\"firstname\">Pierre<\/span> <span class=\"surname\">Bouchet de Fabrique<\/span><\/p>\n<p>            <code class=\"email\">&lt;<a class=\"email\"\n                href=\"mailto:pierre.bouchet.de.fabrique@etu.univ-st-etienne.fr\">pierre.bouchet.de.fabrique@etu.univ-st-etienne.fr<\/a>&gt;<\/code><br \/>\n            <class=\"author\"><br \/>\n                <span class=\"firstname\">Alexis<\/span> <span class=\"surname\">Do&rsquo;o<\/span><\/p>\n<p>            <code class=\"email\">&lt;<a class=\"email\" href=\"mailto:alexis.doo@etu.univ-st-etienne.fr\">alexis.doo@etu.univ-st-etienne.fr<\/a>&gt;<\/code><br \/>\n            <class=\"author\"><br \/>\n                <span class=\"firstname\">Marc<\/span> <span class=\"surname\">Second<\/span><br \/>\n            <code class=\"email\">&lt;<a class=\"email\" href=\"mailto:marc.second@etu.univ-st-etienne.fr\">marc.second@etu.univ-st-etienne.fr<\/a>&gt;<\/code><\/p>\n<hr \/>\n<h3>Table des mati\u00e8res<\/h3>\n<ul class=\"toc\">\n<li><span class=\"sect1\"><a href=\"\/codex\/petites-questions-de-physiologie\/petites-questions-de-physiologie-animale-2019-ouvrage\/les-circulations-sanguines-simple-et-double-chez-les-vertebres-introduction#d0e928\" title=\"Les circulations sanguines simple et double chez les Vert\u00e9br\u00e9s : introduction\">Introduction<\/a><\/span>\n                <\/li>\n<li><span class=\"sect1\"><a href=\"\/codex\/petites-questions-de-physiologie\/petites-questions-de-physiologie-animale-2019-ouvrage\/la-circulation-sanguine-simple-une-distribution-du-sang-dans-un-circuit-unique\" title=\"La circulation sanguine simple : une distribution du sang dans un circuit unique\">La circulation sanguine simple : une distribution du sang dans un circuit unique<\/a><\/span>\n<ul>\n<li><span class=\"sect2\"><a href=\"\/codex\/petites-questions-de-physiologie\/petites-questions-de-physiologie-animale-2019-ouvrage\/la-circulation-sanguine-simple-une-distribution-du-sang-dans-un-circuit-unique#d0e952\" title=\"La circulation sanguine simple : un circuit unique\">La circulation sanguine simple : un circuit unique<\/a><\/span>\n                        <\/li>\n<li><span class=\"sect2\"><a href=\"\/codex\/petites-questions-de-physiologie\/petites-questions-de-physiologie-animale-2019-ouvrage\/la-circulation-sanguine-simple-une-distribution-du-sang-dans-un-circuit-unique#d0e993\" title=\"La circulation sanguine simple : une propulsion du sang par un c\u0153ur simple\">La circulation sanguine simple : une propulsion du sang par un c\u0153ur simple<\/a><\/span>\n                        <\/li>\n<\/ul>\n<\/li>\n<li><span class=\"sect1\"><a href=\"\/codex\/petites-questions-de-physiologie\/petites-questions-de-physiologie-animale-2019-ouvrage\/la-circulation-sanguine-double-une-distribution-du-sang-dans-un-double-circuit\" title=\"La circulation sanguine double : une distribution du sang dans un double circuit\">La circulation sanguine double : une distribution du sang dans un double circuit<\/a><\/span>\n<ul>\n<li><span class=\"sect2\"><a href=\"\/codex\/petites-questions-de-physiologie\/petites-questions-de-physiologie-animale-2019-ouvrage\/la-circulation-sanguine-double-une-distribution-du-sang-dans-un-double-circuit#d0e1105\" title=\"La circulation sanguine double : deux circuits dispos\u00e9s en s\u00e9rie\">La circulation sanguine double : deux circuits dispos\u00e9s en s\u00e9rie<\/a><\/span>\n                        <\/li>\n<li><span class=\"sect2\"><a href=\"\/codex\/petites-questions-de-physiologie\/petites-questions-de-physiologie-animale-2019-ouvrage\/la-circulation-sanguine-double-une-distribution-du-sang-dans-un-double-circuit#d0e1164\" title=\"La circulation sanguine double : une propulsion du sang par un c\u0153ur cloisonn\u00e9\">La circulation sanguine double : une propulsion du sang par un c\u0153ur cloisonn\u00e9<\/a><\/span>\n                        <\/li>\n<\/ul>\n<\/li>\n<li><span class=\"sect1\"><a href=\"\/codex\/petites-questions-de-physiologie\/petites-questions-de-physiologie-animale-2019-ouvrage\/de-la-circulation-sanguine-simple-a-la-circulation-sanguine-double-une-distribution-du-sang-dans-un-circuit-partiellement-dedouble\" title=\"De la circulation sanguine simple \u00e0 la circulation sanguine double : une distribution du sang dans un circuit partiellement d\u00e9doubl\u00e9\">De la circulation sanguine simple \u00e0 la circulation sanguine double : une distribution du sang dans un circuit partiellement d\u00e9doubl\u00e9<\/a><\/span>\n<ul>\n<li><span class=\"sect2\"><a href=\"\/codex\/petites-questions-de-physiologie\/petites-questions-de-physiologie-animale-2019-ouvrage\/de-la-circulation-sanguine-simple-a-la-circulation-sanguine-double-une-distribution-du-sang-dans-un-circuit-partiellement-dedouble#d0e1286\" title=\"De la circulation sanguine simple \u00e0 la circulation sanguine double : un circuit double et un c\u0153ur partiellement cloisonn\u00e9\">De la circulation sanguine simple \u00e0 la circulation sanguine double : un circuit double et un c\u0153ur partiellement cloisonn\u00e9 <\/a><\/span>\n                        <\/li>\n<li><span class=\"sect2\"><a href=\"\/codex\/petites-questions-de-physiologie\/petites-questions-de-physiologie-animale-2019-ouvrage\/de-la-circulation-sanguine-simple-a-la-circulation-sanguine-double-une-distribution-du-sang-dans-un-circuit-partiellement-dedouble#d0e1429\" title=\"De la circulation sanguine simple \u00e0 la circulation sanguine double : vers un circuit d\u00e9doubl\u00e9 et un c\u0153ur cloisonn\u00e9\">De la circulation sanguine simple \u00e0 la circulation sanguine double : vers un circuit d\u00e9doubl\u00e9 et un c\u0153ur cloisonn\u00e9<\/a><\/span>\n                        <\/li>\n<\/ul>\n<\/li>\n<li><span class=\"sect1\"><a href=\"\/codex\/petites-questions-de-physiologie\/petites-questions-de-physiologie-animale-2019-ouvrage\/les-circulations-sanguines-simple-et-double-chez-les-vertebres-conclusion\" title=\"Les circulations sanguines simple et double chez les Vert\u00e9br\u00e9s : conclusion\">Conclusion<\/a><\/span>\n                <\/li>\n<li><span class=\"bibliography\"><a href=\"\/codex\/petites-questions-de-physiologie\/petites-questions-de-physiologie-animale-2019-ouvrage\/les-circulations-sanguines-simple-et-double-chez-les-vertebres-bibliographie-et-sitographie\" title=\"Les circulations sanguines simple et double chez les Vert\u00e9br\u00e9s : bibliographie et sitographie\">Bibliographie et sitographie<\/a><\/span>\n                <\/li>\n<\/ul>\n<\/section>\n<section class=\"sect1\" id=\"d0e928\">\n<h2 class=\"title\" style=\"clear: both\">Introduction<\/h2>\n<p>Les animaux sont des organismes pluricellulaires g\u00e9n\u00e9ralement mobiles. Ils r\u00e9alisent des \u00e9changes de mati\u00e8re et d&rsquo;\u00e9nergie avec leur milieu de vie, dans lequel ils puisent des mol\u00e9cules organiques et du dioxyg\u00e8ne et rejettent des d\u00e9chets comme le dioxyde de carbone. Mol\u00e9cules organiques et dioxyg\u00e8ne sont utilis\u00e9s dans le m\u00e9tabolisme cellulaire, qui est \u00e0 l&rsquo;origine des d\u00e9chets. De mani\u00e8re g\u00e9n\u00e9rale, les \u00e9changes entre l&rsquo;animal et son milieu de vie sont effectu\u00e9s par des surfaces corporelles sp\u00e9cialis\u00e9es. Les mol\u00e9cules absorb\u00e9es sont transf\u00e9r\u00e9es aux cellules profondes et les d\u00e9chets drain\u00e9s par un m\u00e9canisme de diffusion dans les liquides corporels extracellulaires.<br \/>\nLes animaux de grande taille poss\u00e8dent le plus souvent un dispositif assurant la mise en mouvement des liquides extracellulaires, prenant en charge des substances \u00e0 transf\u00e9rer et assurant ainsi la distribution dans l&rsquo;organisme. Portant le nom d&rsquo;appareil circulatoire, il est form\u00e9 d&rsquo;un ensemble de conduits, les vaisseaux, dans lesquels un liquide circule, et comporte fr\u00e9quemment un organe de propulsion, le c\u0153ur.<\/p>\n<p>Parmi les animaux figurent les Vert\u00e9br\u00e9s. M\u00e9tazoaires \u00e0 sym\u00e9trie bilat\u00e9rale et deut\u00e9rostomiens, ils appartiennent au groupe des Chord\u00e9s. Ils poss\u00e8dent notamment un squelette interne cartilagineux ou osseux comportant un axe longitudinal, la colonne vert\u00e9brale, form\u00e9 de vert\u00e8bres.<\/p>\n<p>Les Vert\u00e9br\u00e9s pr\u00e9sentent un appareil circulatoire constitu\u00e9 de vaisseaux et d&rsquo;un c\u0153ur. Le liquide circulant est endigu\u00e9 sur tout son parcours, il s&rsquo;agit de sang et l&rsquo;appareil circulatoire est qualifi\u00e9 de clos.<br \/>\nSch\u00e9matiquement, le sang est propuls\u00e9 par le c\u0153ur dans des vaisseaux appel\u00e9s art\u00e8res, transite ensuite dans des art\u00e9rioles, des vaisseaux capillaires, des veinules puis des veines qui le ram\u00e8nent au c\u0153ur.<br \/>\nLe sang transporte ainsi les nutriments, les gaz respiratoires et les d\u00e9chets du m\u00e9tabolisme entre les surfaces d&rsquo;\u00e9changes de l&rsquo;organisme avec son milieu de vie et les cellules profondes. Il contribue \u00e9galement au transfert d&rsquo;informations par le transport des hormones ainsi qu&rsquo;\u00e0 la d\u00e9fense de l&rsquo;organisme, par l&rsquo;immunit\u00e9 vis-\u00e0-vis de microorganismes pathog\u00e8nes notamment et par la coagulation.<br \/>\nLa r\u00e9gulation de ses caract\u00e9ristiques comme le pH et la temp\u00e9rature, appel\u00e9e hom\u00e9ostasie, assure aux cellules profondes des conditions de vie stables.<\/p>\n<p>Comment est organis\u00e9 l&rsquo;appareil circulatoire des Vert\u00e9br\u00e9s ?<\/p>\n<p>Quelles sont les cons\u00e9quences de son organisation sur la circulation ?<\/p>\n<p>Existe-t-il des diff\u00e9rences entre les groupes de Vert\u00e9br\u00e9s ? Quelle est leur origine ?<\/p>\n<\/section>\n<p> &nbsp; <\/p>\n<footer>\n<hr \/>\n<table style=\"width: 100%; \">\n<tr>\n<td style=\"width: 40%; text-align: left; \">\n                        <a href=\"\/codex\/petites-questions-de-physiologie\/petites-questions-de-physiologie-animale-2019-ouvrage\/la-metamerie-des-animaux-bibliographie-et-sitographie\" title=\"La m\u00e9tam\u00e9rie des animaux : bibliographie et sitographie\">Pr\u00e9c\u00e9dent<\/a>\u00a0<\/td>\n<td style=\"width: 20%; text-align: center; \">\u00a0<\/td>\n<td style=\"width: 40%; text-align: right; \">\u00a0<a href=\"\/codex\/petites-questions-de-physiologie\/petites-questions-de-physiologie-animale-2019-ouvrage\/la-circulation-sanguine-simple-une-distribution-du-sang-dans-un-circuit-unique\" title=\"La circulation sanguine simple : une distribution du sang dans un circuit unique\">Suivant<\/a>\n                    <\/td>\n<\/tr>\n<tr>\n<td style=\"width: 40%; text-align: left; vertical-align: top; \">Bibliographie\u00a0<\/td>\n<td style=\"width: 20%; text-align: center; \">\n                        <a href=\"\/codex\/petites-questions-de-physiologie\/petites-questions-de-physiologie-animale-2019-ouvrage\" title=\"Petites questions de physiologie animale 2019 : ouvrage\">Sommaire<\/a>\n                    <\/td>\n<td style=\"width: 40%; text-align: right; vertical-align: top; \">\u00a0La circulation sanguine simple : une distribution du sang dans  un circuit unique<\/td>\n<\/tr>\n<\/table>\n<\/footer>\n","protected":false},"excerpt":{"rendered":"<p>Les circulations sanguines simple et double chez les Vert\u00e9br\u00e9s Pr\u00e9c\u00e9dent\u00a0 \u00a0 \u00a0Suivant &nbsp; Les circulations sanguines simple et double chez les Vert\u00e9br\u00e9s Prescillia Barlet &lt;prescillia.barlet@etu.univ-st-etienne.fr&gt; Pierre Bouchet de Fabrique &lt;pierre.bouchet.de.fabrique@etu.univ-st-etienne.fr&gt; Alexis Do&rsquo;o &lt;alexis.doo@etu.univ-st-etienne.fr&gt; Marc Second &lt;marc.second@etu.univ-st-etienne.fr&gt; Table des mati\u00e8res Introduction La circulation sanguine simple : une distribution du sang dans un circuit unique La circulation [&hellip;]<\/p>\n","protected":false},"author":2,"featured_media":0,"parent":13169,"menu_order":8,"comment_status":"closed","ping_status":"closed","template":"","meta":{"site-sidebar-layout":"default","site-content-layout":"","ast-site-content-layout":"default","site-content-style":"default","site-sidebar-style":"default","ast-global-header-display":"","ast-banner-title-visibility":"","ast-main-header-display":"","ast-hfb-above-header-display":"","ast-hfb-below-header-display":"","ast-hfb-mobile-header-display":"","site-post-title":"","ast-breadcrumbs-content":"","ast-featured-img":"","footer-sml-layout":"","ast-disable-related-posts":"","theme-transparent-header-meta":"","adv-header-id-meta":"","stick-header-meta":"","header-above-stick-meta":"","header-main-stick-meta":"","header-below-stick-meta":"","astra-migrate-meta-layouts":"default","ast-page-background-enabled":"default","ast-page-background-meta":{"desktop":{"background-color":"var(--ast-global-color-4)","background-image":"","background-repeat":"repeat","background-position":"center center","background-size":"auto","background-attachment":"scroll","background-type":"","background-media":"","overlay-type":"","overlay-color":"","overlay-opacity":"","overlay-gradient":""},"tablet":{"background-color":"","background-image":"","background-repeat":"repeat","background-position":"center center","background-size":"auto","background-attachment":"scroll","background-type":"","background-media":"","overlay-type":"","overlay-color":"","overlay-opacity":"","overlay-gradient":""},"mobile":{"background-color":"","background-image":"","background-repeat":"repeat","background-position":"center center","background-size":"auto","background-attachment":"scroll","background-type":"","background-media":"","overlay-type":"","overlay-color":"","overlay-opacity":"","overlay-gradient":""}},"ast-content-background-meta":{"desktop":{"background-color":"var(--ast-global-color-5)","background-image":"","background-repeat":"repeat","background-position":"center center","background-size":"auto","background-attachment":"scroll","background-type":"","background-media":"","overlay-type":"","overlay-color":"","overlay-opacity":"","overlay-gradient":""},"tablet":{"background-color":"var(--ast-global-color-5)","background-image":"","background-repeat":"repeat","background-position":"center center","background-size":"auto","background-attachment":"scroll","background-type":"","background-media":"","overlay-type":"","overlay-color":"","overlay-opacity":"","overlay-gradient":""},"mobile":{"background-color":"var(--ast-global-color-5)","background-image":"","background-repeat":"repeat","background-position":"center center","background-size":"auto","background-attachment":"scroll","background-type":"","background-media":"","overlay-type":"","overlay-color":"","overlay-opacity":"","overlay-gradient":""}},"footnotes":""},"class_list":["post-13350","page","type-page","status-publish","hentry"],"aioseo_notices":[],"jetpack_sharing_enabled":true,"_links":{"self":[{"href":"https:\/\/codexvirtualis.fr\/codex\/wp-json\/wp\/v2\/pages\/13350","targetHints":{"allow":["GET"]}}],"collection":[{"href":"https:\/\/codexvirtualis.fr\/codex\/wp-json\/wp\/v2\/pages"}],"about":[{"href":"https:\/\/codexvirtualis.fr\/codex\/wp-json\/wp\/v2\/types\/page"}],"author":[{"embeddable":true,"href":"https:\/\/codexvirtualis.fr\/codex\/wp-json\/wp\/v2\/users\/2"}],"replies":[{"embeddable":true,"href":"https:\/\/codexvirtualis.fr\/codex\/wp-json\/wp\/v2\/comments?post=13350"}],"version-history":[{"count":8,"href":"https:\/\/codexvirtualis.fr\/codex\/wp-json\/wp\/v2\/pages\/13350\/revisions"}],"predecessor-version":[{"id":13933,"href":"https:\/\/codexvirtualis.fr\/codex\/wp-json\/wp\/v2\/pages\/13350\/revisions\/13933"}],"up":[{"embeddable":true,"href":"https:\/\/codexvirtualis.fr\/codex\/wp-json\/wp\/v2\/pages\/13169"}],"wp:attachment":[{"href":"https:\/\/codexvirtualis.fr\/codex\/wp-json\/wp\/v2\/media?parent=13350"}],"curies":[{"name":"wp","href":"https:\/\/api.w.org\/{rel}","templated":true}]}}