{"id":13301,"date":"2020-12-24T18:50:00","date_gmt":"2020-12-24T17:50:00","guid":{"rendered":"https:\/\/codexvirtualis.fr\/codex\/?page_id=13301"},"modified":"2021-08-01T19:14:15","modified_gmt":"2021-08-01T17:14:15","slug":"la-metamerie-des-animaux-bibliographie-et-sitographie","status":"publish","type":"page","link":"https:\/\/codexvirtualis.fr\/codex\/petites-questions-de-physiologie\/petites-questions-de-physiologie-animale-2019-ouvrage\/la-metamerie-des-animaux-bibliographie-et-sitographie","title":{"rendered":"La m\u00e9tam\u00e9rie des animaux : bibliographie et sitographie"},"content":{"rendered":"<header>\n<table style=\"width: 100%; \">\n<tr>\n<th style=\"text-align: center; \" colspan=\"3\">Bibliographie et sitographie<\/th>\n<\/tr>\n<tr>\n<td style=\"width: 20%; text-align: left; \">\n <a href=\"\/codex\/petites-questions-de-physiologie\/petites-questions-de-physiologie-animale-2019-ouvrage\/la-metamerie-des-animaux-conclusion\" title=\"La m\u00e9tam\u00e9rie des animaux : conclusion\">Pr\u00e9c\u00e9dent<\/a>\n<\/td>\n<th style=\"width: 60%; text-align: center; \">La m\u00e9tam\u00e9rie des animaux<\/th>\n<td style=\"width: 20%; text-align: right; \"><a href=\"\/codex\/petites-questions-de-physiologie\/petites-questions-de-physiologie-animale-2019-ouvrage\/les-circulations-sanguines-simple-et-double-chez-les-vertebres-introduction\" title=\"Les circulations sanguines simple et double chez les Vert\u00e9br\u00e9s : introduction\">Suivant<\/a>\n<\/td>\n<\/tr>\n<\/table>\n<hr \/>\n<\/header>\n<p> &nbsp; <\/p>\n<h3 class=\"title\">Cours<\/h3>\n<p>\n<span class=\"authorgroup\"><br \/>\n<span class=\"firstname\">Alain<\/span> <span class=\"surname\">Blanc<\/span>. <\/span><br \/>\n <span class=\"title\"><em>Plans d&rsquo;organisation et phylog\u00e9nie des M\u00e9tazoaires<\/em>. <\/span><br \/>\n <span class=\"publisher\"> <span class=\"publishername\">Facult\u00e9 des Sciences et Techniques, Universit\u00e9 Jean-Monnet de Saint-\u00c9tienne. <\/span> <\/span><br \/>\n <span class=\"pubdate\">Semestre 3 de l&rsquo;ann\u00e9e 2018-2019, Licence 2 sciences de la vie. <\/span><br \/>\n <span class=\"title\"> <em>UE S3SV01 : Les M\u00e9tazoaires : plans d&rsquo;organisation et phylog\u00e9nie<\/em>. <\/span>\n        <\/p>\n<h3 class=\"title\">Livres<\/h3>\n<p>\n <span class=\"authorgroup\"><span class=\"firstname\">Andr\u00e9<\/span> <span class=\"surname\">Beaumont<\/span> et <span class=\"firstname\">Pierre<\/span> <span class=\"surname\">Cassier<\/span>. <\/span><br \/>\n<span class=\"title\"><em>Biologie animale tome 1, des Protozoaires aux M\u00e9tazoaires \u00e9pith\u00e9lioneuriens<\/em>. <\/span><br \/>\n<span class=\"publisher\"> <span class=\"publishername\">Dunod. <\/span> <\/span> <span class=\"pubdate\">1981. <\/span>  <span class=\"pagenums\">479 p. <\/span><span class=\"title\"><em>Sciences sup<\/em>. <\/span>[<span class=\"citebiblioid\">2-04-011432-7<\/span>]<\/p>\n<p> &nbsp; <\/p>\n<p>\n<span class=\"authorgroup\"><span class=\"firstname\">Claude<\/span> <span class=\"surname\">Chapron<\/span>. <\/span><br \/>\n <span class=\"title\"><em>Principes de zoologie : structure-fonction et \u00e9volution<\/em>. <\/span><br \/>\n <span class=\"publisher\"><span class=\"publishername\">Dunod. <\/span><\/span><span class=\"pubdate\">2004. <\/span><span class=\"pagenums\">203 p. <\/span>[<span class=\"citebiblioid\">2-10-007008-8<\/span>]<\/p>\n<h3 class=\"title\">Sites internet<\/h3>\n<p>\n<span class=\"authorgroup\"><span class=\"firstname\">Michel<\/span> <span class=\"surname\">Delarue<\/span>. <\/span><br \/>\n<span class=\"title\"><em>Cours de biologie du d\u00e9veloppement de licence. In Unisciel [en ligne]<\/em>. <\/span><br \/>\n<span class=\"publisher\"><span class=\"publishername\">Unisciel. <\/span><\/span><span class=\"pubdate\">[date de consultation : 01 mars 2019]. <\/span><br \/>\n<span class=\"address\"><code class=\"uri\">Disponible sur :<br \/>\n<a class=\"link\" href=\"http:\/\/ressources.unisciel.fr\/biodudev\/co\/module_LV304_Univ_PMCurie.html\" target=\"_top\" rel=\"noopener\">http:\/\/ressources.unisciel.fr\/biodudev\/co\/module_LV304_Univ_PMCurie.html<\/a>      <\/code>. <\/span>\n<\/p>\n<p> &nbsp; <\/p>\n<p>\n<span class=\"authorgroup\"><span class=\"firstname\">Roland<\/span> <span class=\"surname\">Legendre<\/span> et <span class=\"firstname\">Max<\/span>          <span class=\"surname\">Vachon<\/span>. <\/span><br \/>\n<span class=\"title\"><em>Arthropodes. In Universalis \u00e9ducation [en ligne]<\/em>. <\/span><br \/>\n<span class=\"publisher\"><span class=\"publishername\">Encyclopaedia Universalis. <\/span><\/span> <span class=\"pubdate\">[date de consultation : 01 mars 2019]. <\/span><br \/>\n<span class=\"address\"><code class=\"uri\">Disponible sur :<br \/>\n<a class=\"link\" href=\"http:\/\/www.universalis-edu.com\/encyclopedie\/arthropodes\/\" target=\"_top\" rel=\"noopener\">http:\/\/www.universalis-edu.com\/encyclopedie\/arthropodes\/<\/a><\/code>. <\/span>\n<\/p>\n<p> &nbsp; <\/p>\n<p>\n<span class=\"title\"><em>M\u00e9tam\u00e9rie. In Wikip\u00e9dia, l&rsquo;encyclop\u00e9die libre [en ligne]<\/em>. <\/span><br \/>\n<span class=\"publisher\"><span class=\"publishername\">Fondation Wikim\u00e9dia. <\/span><\/span><span class=\"pubdate\">2018 [date de consultation : 01 mars 2019]. <\/span><br \/>\n<span class=\"address\"><code class=\"uri\">Disponible sur :<br \/>\n<a class=\"link\" href=\"https:\/\/fr.wikipedia.org\/wiki\/M\u00e9tam\u00e9rie\" target=\"_top\" rel=\"noopener\">https:\/\/fr.wikipedia.org\/wiki\/M\u00e9tam\u00e9rie<\/a>           <\/code>. <\/span>\n<\/p>\n<p> &nbsp; <\/p>\n<p>\n<span class=\"title\"><em>Somite. In Wikip\u00e9dia, l&rsquo;encyclop\u00e9die libre [en ligne]<\/em>. <\/span><br \/>\n<span class=\"publisher\"><span class=\"publishername\">Fondation Wikim\u00e9dia. <\/span><\/span><span class=\"pubdate\">2018 [date de consultation : 01 mars 2019]. <\/span><br \/>\n<span class=\"address\"><code class=\"uri\">Disponible sur :<br \/>\n<a class=\"link\" href=\"https:\/\/fr.wikipedia.org\/wiki\/Somite\" target=\"_top\" rel=\"noopener\">https:\/\/fr.wikipedia.org\/wiki\/Somite<\/a>               <\/code>. <\/span>\n        <\/p>\n<p> &nbsp; <\/p>\n<hr \/>\n<p> &nbsp; <\/p>\n<p>Pour en savoir plus, consulter :<\/p>\n<p><span style=\"color: #999999;\">\u2022 <\/span>Schmitt S., 2004 \u2013  Histoire d\u2019une question anatomique : La r\u00e9p\u00e9tition des parties. Nouvelle \u00e9dition [en ligne]. Publications scientifiques du Mus\u00e9um, 700 p., ISBN : 9782856538517.<br \/>\nDisponible sur : <a href=\"http:\/\/books.openedition.org\/mnhn\/1965\" rel=\"noopener\" target=\"_blank\">http:\/\/books.openedition.org\/mnhn\/1965<\/a><br \/>\nDOI : <a href=\"https:\/\/doi.org\/10.4000\/books.mnhn.1965\" rel=\"noopener\" target=\"_blank\">10.4000\/books.mnhn.1965<\/a> <\/p>\n<p> &nbsp; <\/p>\n<footer>\n<hr \/>\n<table style=\"width: 100%; \">\n<tr>\n<td style=\"width: 40%; text-align: left; \">\n<a href=\"\/codex\/petites-questions-de-physiologie\/petites-questions-de-physiologie-animale-2019-ouvrage\/la-metamerie-des-animaux-conclusion\" title=\"La m\u00e9tam\u00e9rie des animaux : conclusion\">Pr\u00e9c\u00e9dent<\/a>\u00a0<\/td>\n<td style=\"width: 20%; text-align: center; \">\n<a href=\"\/codex\/petites-questions-de-physiologie\/petites-questions-de-physiologie-animale-2019-ouvrage\/la-metamerie-des-animaux-introduction\" title=\"La m\u00e9tam\u00e9rie des animaux : introduction\">Niveau sup\u00e9rieur<\/a>\n<\/td>\n<td style=\"width: 40%; text-align: right; \"><a href=\"\/codex\/petites-questions-de-physiologie\/petites-questions-de-physiologie-animale-2019-ouvrage\/les-circulations-sanguines-simple-et-double-chez-les-vertebres-introduction\" title=\"Les circulations sanguines simple et double chez les Vert\u00e9br\u00e9s : introduction\">Suivant<\/a>\n<\/td>\n<\/tr>\n<tr>\n<td style=\"width: 40%; text-align: left; vertical-align: top; \">Conclusion\u00a0<\/td>\n<td style=\"width: 20%; text-align: center; \">\n<a href=\"\/codex\/petites-questions-de-physiologie\/petites-questions-de-physiologie-animale-2019-ouvrage\" title=\"Petites questions de physiologie animale 2019 : ouvrage\">Sommaire<\/a>\n<\/td>\n<td style=\"width: 40%; text-align: right; vertical-align: top; \">Les circulations sanguines simple et double chez les Vert\u00e9br\u00e9s<\/td>\n<\/tr>\n<\/table>\n<\/footer>\n","protected":false},"excerpt":{"rendered":"<p>Bibliographie et sitographie Pr\u00e9c\u00e9dent La m\u00e9tam\u00e9rie des animaux Suivant &nbsp; Cours Alain Blanc. Plans d&rsquo;organisation et phylog\u00e9nie des M\u00e9tazoaires. Facult\u00e9 des Sciences et Techniques, Universit\u00e9 Jean-Monnet de Saint-\u00c9tienne. Semestre 3 de l&rsquo;ann\u00e9e 2018-2019, Licence 2 sciences de la vie. UE S3SV01 : Les M\u00e9tazoaires : plans d&rsquo;organisation et phylog\u00e9nie. Livres Andr\u00e9 Beaumont et Pierre Cassier. [&hellip;]<\/p>\n","protected":false},"author":2,"featured_media":0,"parent":13169,"menu_order":7,"comment_status":"closed","ping_status":"closed","template":"","meta":{"site-sidebar-layout":"default","site-content-layout":"","ast-site-content-layout":"default","site-content-style":"default","site-sidebar-style":"default","ast-global-header-display":"","ast-banner-title-visibility":"","ast-main-header-display":"","ast-hfb-above-header-display":"","ast-hfb-below-header-display":"","ast-hfb-mobile-header-display":"","site-post-title":"","ast-breadcrumbs-content":"","ast-featured-img":"","footer-sml-layout":"","ast-disable-related-posts":"","theme-transparent-header-meta":"","adv-header-id-meta":"","stick-header-meta":"","header-above-stick-meta":"","header-main-stick-meta":"","header-below-stick-meta":"","astra-migrate-meta-layouts":"default","ast-page-background-enabled":"default","ast-page-background-meta":{"desktop":{"background-color":"var(--ast-global-color-4)","background-image":"","background-repeat":"repeat","background-position":"center center","background-size":"auto","background-attachment":"scroll","background-type":"","background-media":"","overlay-type":"","overlay-color":"","overlay-opacity":"","overlay-gradient":""},"tablet":{"background-color":"","background-image":"","background-repeat":"repeat","background-position":"center center","background-size":"auto","background-attachment":"scroll","background-type":"","background-media":"","overlay-type":"","overlay-color":"","overlay-opacity":"","overlay-gradient":""},"mobile":{"background-color":"","background-image":"","background-repeat":"repeat","background-position":"center center","background-size":"auto","background-attachment":"scroll","background-type":"","background-media":"","overlay-type":"","overlay-color":"","overlay-opacity":"","overlay-gradient":""}},"ast-content-background-meta":{"desktop":{"background-color":"var(--ast-global-color-5)","background-image":"","background-repeat":"repeat","background-position":"center center","background-size":"auto","background-attachment":"scroll","background-type":"","background-media":"","overlay-type":"","overlay-color":"","overlay-opacity":"","overlay-gradient":""},"tablet":{"background-color":"var(--ast-global-color-5)","background-image":"","background-repeat":"repeat","background-position":"center center","background-size":"auto","background-attachment":"scroll","background-type":"","background-media":"","overlay-type":"","overlay-color":"","overlay-opacity":"","overlay-gradient":""},"mobile":{"background-color":"var(--ast-global-color-5)","background-image":"","background-repeat":"repeat","background-position":"center center","background-size":"auto","background-attachment":"scroll","background-type":"","background-media":"","overlay-type":"","overlay-color":"","overlay-opacity":"","overlay-gradient":""}},"footnotes":""},"class_list":["post-13301","page","type-page","status-publish","hentry"],"aioseo_notices":[],"jetpack_sharing_enabled":true,"_links":{"self":[{"href":"https:\/\/codexvirtualis.fr\/codex\/wp-json\/wp\/v2\/pages\/13301","targetHints":{"allow":["GET"]}}],"collection":[{"href":"https:\/\/codexvirtualis.fr\/codex\/wp-json\/wp\/v2\/pages"}],"about":[{"href":"https:\/\/codexvirtualis.fr\/codex\/wp-json\/wp\/v2\/types\/page"}],"author":[{"embeddable":true,"href":"https:\/\/codexvirtualis.fr\/codex\/wp-json\/wp\/v2\/users\/2"}],"replies":[{"embeddable":true,"href":"https:\/\/codexvirtualis.fr\/codex\/wp-json\/wp\/v2\/comments?post=13301"}],"version-history":[{"count":19,"href":"https:\/\/codexvirtualis.fr\/codex\/wp-json\/wp\/v2\/pages\/13301\/revisions"}],"predecessor-version":[{"id":14119,"href":"https:\/\/codexvirtualis.fr\/codex\/wp-json\/wp\/v2\/pages\/13301\/revisions\/14119"}],"up":[{"embeddable":true,"href":"https:\/\/codexvirtualis.fr\/codex\/wp-json\/wp\/v2\/pages\/13169"}],"wp:attachment":[{"href":"https:\/\/codexvirtualis.fr\/codex\/wp-json\/wp\/v2\/media?parent=13301"}],"curies":[{"name":"wp","href":"https:\/\/api.w.org\/{rel}","templated":true}]}}