{"id":133,"date":"2011-02-01T16:20:21","date_gmt":"2011-02-01T16:20:21","guid":{"rendered":"http:\/\/codexvirtualis.fr\/codex"},"modified":"2011-06-18T14:41:56","modified_gmt":"2011-06-18T12:41:56","slug":"parcs-urbains","status":"publish","type":"page","link":"https:\/\/codexvirtualis.fr\/codex\/de-la-biodiversite\/la-biodiversite-urbaine\/parcs-urbains","title":{"rendered":"Parcs urbains"},"content":{"rendered":"<h2>La nature en ville : exemples des parcs de Gerland et des Berges du Rh\u00f4ne (Lyon)<\/h2>\n<p> &nbsp; <\/p>\n<p>Au cours d&rsquo;une promenade, il suffit d&rsquo;un peu d&rsquo;attention pour apercevoir de nombreux animaux volant, flottant, nageant, marchant&#8230; Une r\u00e9elle diversit\u00e9 est offerte au curieux, en particulier dans les parcs et jardins. Une observation un peu appuy\u00e9e permet d&rsquo;identifier ces animaux.<\/p>\n<p> &nbsp; <\/p>\n<p>Ces pages pr\u00e9sentent des images des animaux des parcs de Gerland et des Berges du Rh\u00f4ne, \u00e0 \u00e9tudier sans les d\u00e9ranger !<\/p>\n<p> &nbsp; <\/p>\n<p>Les animaux pr\u00e9sent\u00e9s ici ne constituent pas un panorama exhaustif de la faune des Parcs des Berges du Rh\u00f4ne et de Gerland. Certaines esp\u00e8ces \u00e9tant plus facilement rep\u00e9rables que d&rsquo;autres ou plus ais\u00e9es \u00e0 photographier, les groupes qui les contiennent peuvent sembler plus diversifi\u00e9s, sans que cela refl\u00e8te la r\u00e9alit\u00e9.<\/p>\n<p> &nbsp; <\/p>\n<table>\n<tbody>\n<tr>\n<td><a href=\"\/images\/index.php?album=parcs-de-gerland-et-des-berges-du-rhone\/les-papillons\"><img loading=\"lazy\" decoding=\"async\" class=\" \" title=\"Les Papillons\" src=\"\/documents\/images\/vignette_argus11-07-WEB.jpg\" alt=\"Les Papillons\" width=\"75\" height=\"56\" \/><\/a><\/td>\n<td>\n<p style=\"text-align: justify;\"><a title=\"Les Papillons\" href=\"\/images\/index.php?album=parcs-de-gerland-et-des-berges-du-rhone\/les-papillons\" target=\"_blank\">Les Papillons<\/a><\/p>\n<\/td>\n<\/tr>\n<tr>\n<td><a href=\"\/images\/index.php?album=parcs-de-gerland-et-des-berges-du-rhone\/les-coccinelles-et-insectes-apparentes\"><img loading=\"lazy\" decoding=\"async\" class=\" \" title=\"Les Coccinelles et Insectes apparent\u00e9s\" src=\"\/documents\/images\/vignette_coccinelle7points07-09-WEB.jpg\" alt=\"Les Coccinelles et Insectes apparent\u00e9s\" width=\"75\" height=\"56\" \/><\/a><\/td>\n<td>\n<p style=\"text-align: justify;\"><a title=\"Les Coccinelles et Insectes apparent\u00e9s\" href=\"\/images\/index.php?album=parcs-de-gerland-et-des-berges-du-rhone%2Fles-coccinelles-et-insectes-apparentes\" target=\"_blank\">Les Coccinelles et Insectes apparent\u00e9s<\/a><\/p>\n<\/td>\n<\/tr>\n<tr>\n<td><a href=\"\/images\/index.php?album=parcs-de-gerland-et-des-berges-du-rhone\/les-abeilles-et-insectes-apparentes\"><img loading=\"lazy\" decoding=\"async\" class=\" \" title=\"Les Abeilles et Insectes apparent\u00e9s\" src=\"\/documents\/images\/vignette_abeille33-08-WEB.jpg\" alt=\"Les Abeilles et Insectes apparent\u00e9s\" width=\"75\" height=\"56\" \/><\/a><\/td>\n<td>\n<p style=\"text-align: justify;\"><a title=\"Les Abeilles et Insectes apparent\u00e9s\" href=\"\/images\/index.php?album=parcs-de-gerland-et-des-berges-du-rhone\/les-abeilles-et-insectes-apparentes\" target=\"_blank\">Les Abeilles et Insectes apparent\u00e9s<\/a><\/p>\n<\/td>\n<\/tr>\n<tr>\n<td><a href=\"\/images\/index.php?album=parcs-de-gerland-et-des-berges-du-rhone\/les-mouches-et-moustiques\"><img loading=\"lazy\" decoding=\"async\" class=\" \" title=\"Les Mouches et Moustiques\" src=\"\/documents\/images\/vignette_mouchedamier02_10-WEB.jpg\" alt=\"Les Mouches et Moustiques\" width=\"75\" height=\"56\" \/><\/a><\/td>\n<td>\n<p style=\"text-align: justify;\"><a title=\"Les Mouches et Moustiques\" href=\"\/images\/index.php?album=parcs-de-gerland-et-des-berges-du-rhone\/les-mouches-et-moustiques\" target=\"_blank\">Les Mouches et Moustiques<\/a><\/p>\n<\/td>\n<\/tr>\n<tr>\n<td><a href=\"\/images\/index.php?album=parcs-de-gerland-et-des-berges-du-rhone\/les-punaises-et-insectes-apparentes\"><img loading=\"lazy\" decoding=\"async\" class=\" \" title=\"Les Punaises et Insectes apparent\u00e9s\" src=\"\/documents\/images\/vignette_Dolycoris_baccarum01-09-WEB.jpg\" alt=\"Les Punaises et Insectes apparent\u00e9s\" width=\"75\" height=\"56\" \/><\/a><\/td>\n<td><a href=\"\/images\/parcs-de-gerland-et-des-berges-du-rhone\/les-punaises-et-insectes-apparentes\" target=\"_blank\">Les Punaises et Insectes apparent\u00e9s<\/a><\/td>\n<\/tr>\n<tr>\n<td><a href=\"\/images\/index.php?album=parcs-de-gerland-et-des-berges-du-rhone\/les-criquets-et-sauterelles\"><img loading=\"lazy\" decoding=\"async\" class=\" \" title=\"Les Criquets et Sauterelles\" src=\"\/documents\/images\/vignette_Tettigonia_viridissimaWEB.jpg\" alt=\"Les Punaises et Insectes apparent\u00e9s\" width=\"75\" height=\"56\" \/><\/a><\/td>\n<td><a href=\"\/images\/index.php?album=parcs-de-gerland-et-des-berges-du-rhone\/les-criquets-et-sauterelles\" target=\"_blank\">Les Criquets et Sauterelles<\/a><\/td>\n<\/tr>\n<tr>\n<td><a href=\"\/images\/index.php?album=parcs-de-gerland-et-des-berges-du-rhone\/les-demoiselles-et-libellules\"><img loading=\"lazy\" decoding=\"async\" class=\" \" title=\"Les Demoiselles et Libellules\" src=\"\/documents\/images\/vignetteLestes_viridis12_10femelletete-WEB.jpg\" alt=\"Les Demoiselle et Libellules\" width=\"75\" height=\"50\" \/><\/a><\/td>\n<td><a href=\"\/images\/parcs-de-gerland-et-des-berges-du-rhone\/les-demoiselles-et-libellules\" target=\"_blank\">Les Demoiselles et Libellules<\/a><\/td>\n<\/tr>\n<tr>\n<td><a href=\"\/images\/index.php?album=parcs-de-gerland-et-des-berges-du-rhone\/les-autres-insectes\"><img loading=\"lazy\" decoding=\"async\" class=\" \" title=\"Les autres Insectes\" src=\"\/documents\/images\/vignette_ephemere02-09-WEB.jpg\" alt=\"Les autres Insectes\" width=\"75\" height=\"56\" \/><\/a><\/td>\n<td><a href=\"\/images\/index.php?album=parcs-de-gerland-et-des-berges-du-rhone\/les-autres-insectes\" target=\"_blank\">Les autres Insectes<\/a><\/td>\n<\/tr>\n<tr>\n<td><a href=\"\/images\/index.php?album=parcs-de-gerland-et-des-berges-du-rhone\/les-autres-arthropodes\"><img loading=\"lazy\" decoding=\"async\" class=\" \" title=\"Les autres Arthropodes\" src=\"\/documents\/images\/vignette_epeire fasciee15-07-WEB.jpg\" alt=\"Les autres Arthropodes\" width=\"75\" height=\"56\" \/><\/a><\/td>\n<td><a href=\"\/images\/index.php?album=parcs-de-gerland-et-des-berges-du-rhone\/les-autres-arthropodes\" target=\"_blank\">Les autres Arthropodes<\/a><\/td>\n<\/tr>\n<tr>\n<td><a href=\"\/images\/index.php?album=parcs-de-gerland-et-des-berges-du-rhone\/les-escargots-et-autres-mollusques\"><img loading=\"lazy\" decoding=\"async\" class=\" \" title=\"Les Escargots et autres Mollusques\" src=\"\/documents\/images\/vignette_cepaea03-08-WEB.jpg\" alt=\"Les Escargots et autres Mollusques\" width=\"75\" height=\"50\" \/><\/a><\/td>\n<td><a href=\"\/images\/index.php?album=parcs-de-gerland-et-des-berges-du-rhone\/les-escargots-et-autres-mollusques\" target=\"_blank\">Les Escargots et autres Mollusques<\/a><\/td>\n<\/tr>\n<tr>\n<td><a href=\"\/images\/index.php?album=parcs-de-gerland-et-des-berges-du-rhone\/les-grenouilles-lezards-et-autres-vertebres-apparentes\"><img loading=\"lazy\" decoding=\"async\" class=\" \" title=\"Les Grenouilles, L\u00e9zards et autres Vert\u00e9br\u00e9s apparent\u00e9s\" src=\"\/documents\/images\/vignette_grenouille27-07-WEB.jpg\" alt=\"Les Mammif\u00e8res\" width=\"75\" height=\"50\" \/><\/a><\/td>\n<td><a href=\"\/images\/index.php?album=parcs-de-gerland-et-des-berges-du-rhone\/les-grenouilles-lezards-et-autres-vertebres-apparentes\" target=\"_blank\">Les Grenouilles, L\u00e9zards et autres Vert\u00e9br\u00e9s apparent\u00e9s<\/a><\/td>\n<\/tr>\n<tr>\n<\/tr>\n<tr>\n<td><a href=\"\/images\/index.php?album=parcs-de-gerland-et-des-berges-du-rhone\/les-mammiferes\"><img loading=\"lazy\" decoding=\"async\" class=\" \" title=\"Les Mammif\u00e8res\" src=\"\/documents\/images\/vignette_lapin27-09-WEB.jpg\" alt=\"Les Mammif\u00e8res\" width=\"75\" height=\"50\" \/><\/a><\/td>\n<td><a href=\"\/images\/parcs-de-gerland-et-des-berges-du-rhone\/les-mammiferes\" target=\"_blank\">Les Mammif\u00e8res<\/a><\/td>\n<\/tr>\n<tr>\n<td><a href=\"\/images\/index.php?album=parcs-de-gerland-et-des-berges-du-rhone\/les-oiseaux\"><img loading=\"lazy\" decoding=\"async\" class=\" \" title=\"Les Oiseaux\" src=\"\/documents\/images\/vignette-mesange_bleue-WEB.jpg\" alt=\"Les Oiseaux\" width=\"75\" height=\"50\" \/><\/a><\/td>\n<td><a href=\"\/images\/parcs-de-gerland-et-des-berges-du-rhone\/les-oiseaux\" target=\"_blank\">Les Oiseaux<\/a><\/td>\n<\/tr>\n<\/tbody>\n<\/table>\n<p> &nbsp; <\/p>\n<p>Les identifications ont \u00e9t\u00e9 r\u00e9alis\u00e9es avec le concours de C\u00e9dric Audibert et Jean-Louis Martelli (Centre de conservation et d&rsquo;\u00e9tude des collections), de Gilles Jacquemin (Universit\u00e9 Henri Poincar\u00e9 Nancy 1) et de Micha\u00ebl Dierkens.<\/p>\n<p> &nbsp; <\/p>\n","protected":false},"excerpt":{"rendered":"<p>La nature en ville : exemples des parcs de Gerland et des Berges du Rh\u00f4ne (Lyon) &nbsp; Au cours d&rsquo;une promenade, il suffit d&rsquo;un peu d&rsquo;attention pour apercevoir de nombreux animaux volant, flottant, nageant, marchant&#8230; Une r\u00e9elle diversit\u00e9 est offerte au curieux, en particulier dans les parcs et jardins. Une observation un peu appuy\u00e9e permet [&hellip;]<\/p>\n","protected":false},"author":2,"featured_media":0,"parent":18,"menu_order":1,"comment_status":"closed","ping_status":"closed","template":"","meta":{"site-sidebar-layout":"default","site-content-layout":"","ast-site-content-layout":"default","site-content-style":"default","site-sidebar-style":"default","ast-global-header-display":"","ast-banner-title-visibility":"","ast-main-header-display":"","ast-hfb-above-header-display":"","ast-hfb-below-header-display":"","ast-hfb-mobile-header-display":"","site-post-title":"","ast-breadcrumbs-content":"","ast-featured-img":"","footer-sml-layout":"","ast-disable-related-posts":"","theme-transparent-header-meta":"","adv-header-id-meta":"","stick-header-meta":"","header-above-stick-meta":"","header-main-stick-meta":"","header-below-stick-meta":"","astra-migrate-meta-layouts":"default","ast-page-background-enabled":"default","ast-page-background-meta":{"desktop":{"background-color":"var(--ast-global-color-4)","background-image":"","background-repeat":"repeat","background-position":"center center","background-size":"auto","background-attachment":"scroll","background-type":"","background-media":"","overlay-type":"","overlay-color":"","overlay-opacity":"","overlay-gradient":""},"tablet":{"background-color":"","background-image":"","background-repeat":"repeat","background-position":"center center","background-size":"auto","background-attachment":"scroll","background-type":"","background-media":"","overlay-type":"","overlay-color":"","overlay-opacity":"","overlay-gradient":""},"mobile":{"background-color":"","background-image":"","background-repeat":"repeat","background-position":"center center","background-size":"auto","background-attachment":"scroll","background-type":"","background-media":"","overlay-type":"","overlay-color":"","overlay-opacity":"","overlay-gradient":""}},"ast-content-background-meta":{"desktop":{"background-color":"var(--ast-global-color-5)","background-image":"","background-repeat":"repeat","background-position":"center center","background-size":"auto","background-attachment":"scroll","background-type":"","background-media":"","overlay-type":"","overlay-color":"","overlay-opacity":"","overlay-gradient":""},"tablet":{"background-color":"var(--ast-global-color-5)","background-image":"","background-repeat":"repeat","background-position":"center center","background-size":"auto","background-attachment":"scroll","background-type":"","background-media":"","overlay-type":"","overlay-color":"","overlay-opacity":"","overlay-gradient":""},"mobile":{"background-color":"var(--ast-global-color-5)","background-image":"","background-repeat":"repeat","background-position":"center center","background-size":"auto","background-attachment":"scroll","background-type":"","background-media":"","overlay-type":"","overlay-color":"","overlay-opacity":"","overlay-gradient":""}},"footnotes":""},"class_list":["post-133","page","type-page","status-publish","hentry"],"aioseo_notices":[],"jetpack_sharing_enabled":true,"_links":{"self":[{"href":"https:\/\/codexvirtualis.fr\/codex\/wp-json\/wp\/v2\/pages\/133","targetHints":{"allow":["GET"]}}],"collection":[{"href":"https:\/\/codexvirtualis.fr\/codex\/wp-json\/wp\/v2\/pages"}],"about":[{"href":"https:\/\/codexvirtualis.fr\/codex\/wp-json\/wp\/v2\/types\/page"}],"author":[{"embeddable":true,"href":"https:\/\/codexvirtualis.fr\/codex\/wp-json\/wp\/v2\/users\/2"}],"replies":[{"embeddable":true,"href":"https:\/\/codexvirtualis.fr\/codex\/wp-json\/wp\/v2\/comments?post=133"}],"version-history":[{"count":68,"href":"https:\/\/codexvirtualis.fr\/codex\/wp-json\/wp\/v2\/pages\/133\/revisions"}],"predecessor-version":[{"id":2490,"href":"https:\/\/codexvirtualis.fr\/codex\/wp-json\/wp\/v2\/pages\/133\/revisions\/2490"}],"up":[{"embeddable":true,"href":"https:\/\/codexvirtualis.fr\/codex\/wp-json\/wp\/v2\/pages\/18"}],"wp:attachment":[{"href":"https:\/\/codexvirtualis.fr\/codex\/wp-json\/wp\/v2\/media?parent=133"}],"curies":[{"name":"wp","href":"https:\/\/api.w.org\/{rel}","templated":true}]}}