{"id":13281,"date":"2020-12-24T17:54:21","date_gmt":"2020-12-24T16:54:21","guid":{"rendered":"https:\/\/codexvirtualis.fr\/codex\/?page_id=13281"},"modified":"2020-12-27T14:28:24","modified_gmt":"2020-12-27T13:28:24","slug":"la-metamerie-une-organisation-corporelle-modifiee-par-la-tagmatisation-et-la-regression","status":"publish","type":"page","link":"https:\/\/codexvirtualis.fr\/codex\/petites-questions-de-physiologie\/petites-questions-de-physiologie-animale-2019-ouvrage\/la-metamerie-une-organisation-corporelle-modifiee-par-la-tagmatisation-et-la-regression","title":{"rendered":"La m\u00e9tam\u00e9rie : une organisation corporelle modifi\u00e9e par la tagmatisation et la r\u00e9gression"},"content":{"rendered":"<br \/>\n<header>\n<table style=\"width: 100%; \">\n<tr>\n<th style=\"text-align: center; \" colspan=\"3\">La m\u00e9tam\u00e9rie : une organisation corporelle modifi\u00e9e par la tagmatisation et la r\u00e9gression<\/th>\n<\/tr>\n<tr>\n<td style=\"width: 20%; text-align: left; \">\n <a href=\"\/codex\/petites-questions-de-physiologie\/petites-questions-de-physiologie-animale-2019-ouvrage\/la-metamerie-une-segmentation-corporelle-le-long-de-laxe-anteroposterieur\" title=\"La m\u00e9tam\u00e9rie : une segmentation corporelle le long de l\u2019axe ant\u00e9ropost\u00e9rieur\">Pr\u00e9c\u00e9dent<\/a> <\/td>\n<th style=\"width: 60%; text-align: center; \">La m\u00e9tam\u00e9rie des animaux<\/th>\n<td style=\"width: 20%; text-align: right; \"><a href=\"\/codex\/petites-questions-de-physiologie\/petites-questions-de-physiologie-animale-2019-ouvrage\/la-metamerie-un-fonctionnement-segmentaire-et-coordonne-de-lorganisme\" title=\"La m\u00e9tam\u00e9rie : un fonctionnement segmentaire et coordonn\u00e9 de l\u2019organisme\">Suivant<\/a>\n <\/td>\n<\/tr>\n<\/table>\n<hr \/>\n<\/header>\n<p> &nbsp; <\/p>\n<section class=\"sect1\" id=\"d0e462\">\n<p>Les Euarthropodes et les Chord\u00e9s partagent avec les Ann\u00e9lides une organisation corporelle segment\u00e9e.<\/p>\n<p>Quelles sont les caract\u00e9ristiques de leurs segmentations ?<\/p>\n<\/section>\n<section class=\"sect2\" id=\"d0e469\">\n<h3 class=\"title\">La m\u00e9tam\u00e9rie : des unit\u00e9s corporelles fusionn\u00e9es en tagmes<\/h3>\n<p>Le Criquet et le Grillon sont des exemples d&rsquo;Insectes. Ils permettent de d\u00e9crire la segmentation corporelle dans le groupe des Euarthropodes.<\/p>\n<p> &nbsp; <\/p>\n<figure id=\"d0e474\"\nclass=\"img\"\n title=\"Figure\u00a010.\u00a0Morphologie du Criquet en vue lat\u00e9rale\"><\/p>\n<div class=\"figure\">\n<figure style=\"width: 300px\" class=\"wp-caption alignnone\"><a rel=\"lightbox\" href=\"\/documents\/images\/PetitesQuestionsDePhysiologie\/2019\/media\/images\/01_figure_10.jpg\"><img decoding=\"async\" src=\"\/documents\/images\/PetitesQuestionsDePhysiologie\/2019\/media\/images\/01_figure_10.jpg\" width=\"300\" \" alt=\"Morphologie du Criquet en vue lat\u00e9rale\" class=\"size-medium\" \/><figcaption class=\"wp-caption-text\">Figure 10. Morphologie du Criquet en vue lat\u00e9rale <\/a><\/figcaption><\/figure>\n<\/div>\n<div class=\"copyright\">\n<p>Copyright : 2019 Sandrine Heusser <\/p>\n<\/p><\/div>\n<div class=\"legalnotice\" title=\"Note L\u00e9gale\">\n<p> Cette illustration est mise \u00e0 disposition selon les termes de la Licence Creative Commons Attribution &#8211; Pas d&rsquo;Utilisation Commerciale &#8211; Partage dans les m\u00eames conditions 4.0 International.<span class=\"inlinemediaobject\"><br \/>\n<img decoding=\"async\" class=\"ccimage\" src=\"\/documents\/images\/PetitesQuestionsDePhysiologie\/2019\/media\/images\/00_licence.png\" width=\"50\"\/> <\/span> <\/p>\n<\/div>\n<\/figure>\n<p> &nbsp; <\/p>\n<figure id=\"d0e498\"\nclass=\"img\"\ntitle=\"Figure\u00a011.\u00a0Anatomie du Grillon en coupe longitudinale (Collection de l'ENS de&#xA;Lyon)\"><\/p>\n<div class=\"figure\">\n<figure style=\"width: 300px\" class=\"wp-caption alignnone\"><a rel=\"lightbox\" href=\"\/documents\/images\/PetitesQuestionsDePhysiologie\/2019\/media\/images\/01_figure_11.jpg\"><img decoding=\"async\" src=\"\/documents\/images\/PetitesQuestionsDePhysiologie\/2019\/media\/images\/01_figure_11.jpg\" width=\"300\" \" alt=\"Anatomie du Grillon en coupe longitudinale (Collection de l'ENS de Lyon)\" class=\"size-medium\" \/><figcaption class=\"wp-caption-text\">Figure 11. Anatomie du Grillon en coupe longitudinale (Collection de l&rsquo;ENS de Lyon) <\/a><\/figcaption><\/figure>\n<\/div>\n<div class=\"copyright\">\n<p>Copyright : 2019 Sandrine Heusser <\/p>\n<\/p><\/div>\n<div class=\"legalnotice\" title=\"Note L\u00e9gale\">\n<p> Cette illustration est mise \u00e0 disposition selon les termes de la Licence Creative Commons Attribution &#8211; Pas d&rsquo;Utilisation Commerciale &#8211; Partage dans les m\u00eames conditions 4.0 International.<span class=\"inlinemediaobject\"><br \/>\n<img decoding=\"async\" class=\"ccimage\" src=\"\/documents\/images\/PetitesQuestionsDePhysiologie\/2019\/media\/images\/00_licence.png\" width=\"50\"\/> <\/span> <\/p>\n<\/div>\n<\/figure>\n<p> &nbsp; <\/p>\n<p>Le corps du Criquet est recouvert d&rsquo;une cuticule rigide, agenc\u00e9e en plaques articul\u00e9es. Il appara\u00eet form\u00e9 de trois r\u00e9gions corporelles. La t\u00eate, situ\u00e9e \u00e0 l&rsquo;avant, est caract\u00e9ris\u00e9e par la pr\u00e9sence de la bouche en position ventrale, associ\u00e9e \u00e0 des pi\u00e8ces buccales comme les mandibules. Le thorax, m\u00e9dian, comporte trois segments portant chacun une paire de pattes ventrales, appendices locomoteurs. Les deuxi\u00e8me et troisi\u00e8me segments pr\u00e9sentent une paire d&rsquo;ailes dorsales ainsi que des orifices respiratoires lat\u00e9raux, les stigmates. L&rsquo;abdomen post\u00e9rieur est constitu\u00e9 de onze segments ne portant pas d&rsquo;appendices, mais poss\u00e9dant chacun une paire de stigmates lat\u00e9raux. L&rsquo;anus, orifice post\u00e9rieur du tube digestif, est localis\u00e9 \u00e0 son extr\u00e9mit\u00e9. Les segments thoraciques et abdominaux sont mat\u00e9rialis\u00e9s par des discontinuit\u00e9s de la cuticule recouvrant le corps : chaque segment est entour\u00e9 d&rsquo;une plaque dorsale, le tergite, d&rsquo;une plaque ventrale, le sternite, et de deux plaques lat\u00e9rales, les pleurites. Les plaques des segments successifs sont reli\u00e9es par des r\u00e9gions souples, les membranes articulaires.<\/p>\n<p>Ainsi, le corps du Criquet est organis\u00e9 en r\u00e9gions se succ\u00e9dant le long de l&rsquo;axe ant\u00e9ropost\u00e9rieur. Appel\u00e9es tagmes, elles sont segment\u00e9es comme le thorax et l&rsquo;abdomen, ou non comme la t\u00eate. <\/p>\n<p>L&rsquo;anatomie du Grillon r\u00e9v\u00e8le que les segments mat\u00e9rialis\u00e9s par les discontinuit\u00e9s de la cuticule ne sont pas d\u00e9limit\u00e9s \u00e0 l&rsquo;int\u00e9rieur du corps. Les organes baignent dans une vaste cavit\u00e9 g\u00e9n\u00e9rale continue et remplie de liquide, l&rsquo;h\u00e9moc\u0153le. Elle n&rsquo;est pas divis\u00e9e en cavit\u00e9s segmentaires comme chez les Ann\u00e9lides. Le tube digestif, comportant un jabot, un g\u00e9sier, un m\u00e9sent\u00e9ron et un proctod\u00e9um, ainsi que l&rsquo;appareil circulatoire courent sur toute la longueur de l&rsquo;organisme. Le syst\u00e8me locomoteur a une localisation thoracique, et l&rsquo;appareil reproducteur ainsi que &lsquo;appareil excr\u00e9teur sont abdominaux. En revanche, le syst\u00e8me nerveux poss\u00e8de une distribution partiellement segmentaire de m\u00eame que la cuticule.<\/p>\n<p>Finalement, les tagmes apparaissent comme des r\u00e9gions corporelles sp\u00e9cialis\u00e9es. Sch\u00e9matiquement, la t\u00eate est impliqu\u00e9e dans la perception de l&rsquo;environnement, l&rsquo;int\u00e9gration des informations et la prise alimentaire, le thorax dans la locomotion et l&rsquo;abdomen dans les fonctions de nutrition et de reproduction. Le thorax et l&rsquo;abdomen sont segment\u00e9s ext\u00e9rieurement mais pas la t\u00eate et seul le syst\u00e8me nerveux a une distribution segmentaire.<\/p>\n<p>L&rsquo;examen du d\u00e9veloppement des Insectes r\u00e9v\u00e8le que des cavit\u00e9s c\u0153lomiques fugaces sont form\u00e9es chez l&#8217;embryon. Leurs enveloppes sont rapidement dissoci\u00e9es et elles fusionnent avec la cavit\u00e9 embryonnaire en une cavit\u00e9 g\u00e9n\u00e9rale, l&rsquo;h\u00e9moc\u0153le. En cons\u00e9quence, l&rsquo;organisation corporelle des Insectes rel\u00e8ve de la m\u00e9tam\u00e9rie. La t\u00eate non segment\u00e9e r\u00e9sulte vraisemblablement de la fusion des m\u00e9tam\u00e8res ant\u00e9rieurs, le thorax et l&rsquo;abdomen segment\u00e9s de l&rsquo;association de m\u00e9tam\u00e8res. La m\u00e9tam\u00e9rie est masqu\u00e9e par la tagmatisation, formation de r\u00e9gions corporelles sp\u00e9cialis\u00e9es associant plusieurs m\u00e9tam\u00e8res.<\/p>\n<p>Les Euarthropodes sont divis\u00e9s en sous-groupes pr\u00e9sentant des divisions corporelles diff\u00e9rentes :<\/p>\n<ul class=\"itemizedlist\" style=\"list-style-type: disc; \">\n<li class=\"listitem\">\nles Arachnides comme les Araign\u00e9es poss\u00e8dent deux tagmes non segment\u00e9s, un prosome ant\u00e9rieur portant les yeux et les appendices (ch\u00e9lic\u00e8res, p\u00e9dipalpes, pattes ambulatoires) et un opisthosome post\u00e9rieur parfois divis\u00e9 en m\u00e9sosome et m\u00e9tasome ;\n<\/li>\n<li class=\"listitem\">\nles Myriapodes comme les Lithobies ont un corps form\u00e9 d&rsquo;une t\u00eate et d&rsquo;un tronc segment\u00e9, chaque segment portant une paire d&rsquo;appendices locomoteurs ;\n<\/li>\n<li class=\"listitem\">\nles Malacostrac\u00e9s pr\u00e9sentent un c\u00e9phalon ant\u00e9rieur (t\u00eate), un p\u00e9r\u00e9ion moyen (thorax) et un pl\u00e9on post\u00e9rieur (abdomen) suivi d&rsquo;un telson, tous munis d&rsquo;appendices, une expansion cuticulaire dorsale continue recouvre parfois c\u00e9phalon et p\u00e9r\u00e9ion, d\u00e9finissant un c\u00e9phalothorax.\n <\/li>\n<\/ul>\n<p>Les Euarthropodes poss\u00e8dent donc une m\u00e9tam\u00e9rie dans laquelle les m\u00e9tam\u00e8res ne sontpas tous identiques, et sont associ\u00e9s en tagmes, r\u00e9gions corporelles sp\u00e9cialis\u00e9es.Elle est dite m\u00e9tam\u00e9rie h\u00e9t\u00e9ronome, par opposition \u00e0 la m\u00e9tam\u00e9rie homonome desAnn\u00e9lides. Quelques organes comme les ganglions nerveux conservent une distributionpartiellement segmentaire, g\u00e9n\u00e9ralement accompagn\u00e9e d&rsquo;une r\u00e9gionalisation enl&rsquo;occurrence le regroupement en centres nerveux c\u00e9phaliques.<\/p>\n<\/section>\n<section class=\"sect2\" id=\"d0e546\">\n<h3 class=\"title\">La m\u00e9tam\u00e9rie : des unit\u00e9s corporelles masqu\u00e9es<\/h3>\n<p>Les Chord\u00e9s sont repr\u00e9sent\u00e9s en particulier par les Vert\u00e9br\u00e9s comme les Mammif\u00e8res. Leur corps est recouvert d&rsquo;un t\u00e9gument continu masquant une \u00e9ventuelle segmentation.<\/p>\n<p> &nbsp; <\/p>\n<figure id=\"d0e551\"\nclass=\"img\"\ntitle=\"Figure\u00a012.\u00a0Anatomie d'embryon de Rat en coupe longitudinale (Collection de l'ENS de&#xA;Lyon) \"><\/p>\n<div class=\"figure\">\n<p><figure style=\"width: 300px\" class=\"wp-caption alignnone\"><a rel=\"lightbox\" href=\"\/documents\/images\/PetitesQuestionsDePhysiologie\/2019\/media\/images\/01_figure_12.jpg\"><img decoding=\"async\" src=\"\/documents\/images\/PetitesQuestionsDePhysiologie\/2019\/media\/images\/01_figure_12.jpg\" width=\"300\" \" alt=\"Anatomie d'embryon de Rat en coupe longitudinale (Collection de l'ENS de Lyon)\" class=\"size-medium\" \/><figcaption class=\"wp-caption-text\">Figure 12. Anatomie d&#8217;embryon de Rat en coupe longitudinale (Collection de l&rsquo;ENS de Lyon) <\/a><\/figcaption><\/figure>\n<\/div>\n<div class=\"copyright\">\n<p>Copyright : 2019 Camille Juge Sandrine Heusser <\/p>\n<\/div>\n<div class=\"legalnotice\" title=\"Note L\u00e9gale\">\n<p> Cette illustration est mise \u00e0 disposition selon les termes de la Licence Creative Commons Attribution &#8211; Pas d&rsquo;Utilisation Commerciale &#8211; Partage dans les m\u00eames conditions 4.0 International.<span class=\"inlinemediaobject\"><br \/>\n<img decoding=\"async\" class=\"ccimage\" src=\"\/documents\/images\/PetitesQuestionsDePhysiologie\/2019\/media\/images\/00_licence.png\" width=\"50\"\/> <\/span> <\/p>\n<\/div>\n<\/figure>\n<p> &nbsp; <\/p>\n<p>L&rsquo;anatomie de l&#8217;embryon de Rat r\u00e9v\u00e8le que le corps est form\u00e9 de trois r\u00e9gions. La t\u00eate ant\u00e9rieure porte la bouche en position ventrale, les organes sensoriels et contient les centres nerveux constituant l&rsquo;enc\u00e9phale. Le tronc moyen est divis\u00e9 en un thorax et un abdomen s\u00e9par\u00e9s par un diaphragme. Il contient les appareils des fonctions de nutrition et de reproduction, et porte deux paires de membres locomoteurs ainsi que l&rsquo;anus. La r\u00e9gion corporelle post\u00e9rieure correspond \u00e0 la queue. Le corps est soutenu par un squelette interne agenc\u00e9 en :<\/p>\n<ul class=\"itemizedlist\" style=\"list-style-type: disc; \">\n<li class=\"listitem\">\nun squelette c\u00e9phalique correspondant au cr\u00e2ne ;\n<\/li>\n<li class=\"listitem\">\nun squelette axial repr\u00e9sent\u00e9 par la colonne vert\u00e9brale et les c\u00f4tes ;\n<\/li>\n<li class=\"listitem\">\nun squelette zonal form\u00e9 des ceintures pectorale et pelvienne ;\n <\/li>\n<li class=\"listitem\">\nun squelette appendiculaire soutenant les membres.\n<\/li>\n<\/ul>\n<p>La colonne vert\u00e9brale est form\u00e9e d&rsquo;une succession de vert\u00e8bres le long de l&rsquo;axe ant\u00e9ropost\u00e9rieur. Elle poss\u00e8de une distribution segmentaire. Il en va de m\u00eame de la musculature associ\u00e9e.<\/p>\n<p>Les vert\u00e8bres r\u00e9sultent de l&rsquo;\u00e9volution de structures embryonnaires. Au terme de l&rsquo;\u00e9tape du d\u00e9veloppement nomm\u00e9e gastrulation, l&#8217;embryon est form\u00e9 de trois feuillets : l&rsquo;ectoderme, l&rsquo;endoderme et le m\u00e9soderme. Apr\u00e8s la neurulation, il est recouvert d&rsquo;un \u00e9piderme et poss\u00e8de un tube nerveux dorsal surmontant un axe squelettique, la chorde, elle-m\u00eame situ\u00e9e au-dessus du tube digestif ventral. De part et d&rsquo;autre du tube nerveux, des massifs m\u00e9sodermiques creus\u00e9s d&rsquo;une cavit\u00e9 et segment\u00e9s le long de l&rsquo;axe ant\u00e9ropost\u00e9rieur sont pr\u00e9sents, les somites. Ils sont m\u00e9tam\u00e9ris\u00e9s. Dessous sont situ\u00e9es les pi\u00e8ces interm\u00e9diaires et autour du tube digestif les lames lat\u00e9rales m\u00e9sodermiques, creus\u00e9es d&rsquo;une cavit\u00e9 c\u0153lomique continue le long de l&rsquo;axe ant\u00e9ropost\u00e9rieur. <\/p>\n<p>Les cellules des somites sont organis\u00e9es en deux zones, le scl\u00e9rotome et le dermamyotome. Les cellules du scl\u00e9rotome, en association avec la chorde, sont \u00e0 l&rsquo;origine des vert\u00e8bres. Chaque vert\u00e8bre est form\u00e9e \u00e0 partir des cellules post\u00e9rieures d&rsquo;un scl\u00e9rotome et des cellules ant\u00e9rieures du suivant. La segmentation de la colonne vert\u00e9brale r\u00e9sulte d&rsquo;une resegmentation de la m\u00e9tam\u00e9rie initiale. <\/p>\n<p>Le d\u00e9veloppement du syst\u00e8me nerveux implique la formation de trois v\u00e9sicules ant\u00e9rieures, le proenc\u00e9phale, le m\u00e9senc\u00e9phale et le rhombenc\u00e9phale. Le rhombenc\u00e9phale pr\u00e9sente une segmentation fugace correspondant \u00e9galement \u00e0 une m\u00e9tam\u00e9rie, masqu\u00e9e par l&rsquo;\u00e9volution ult\u00e9rieure de l&rsquo;enc\u00e9phale.<\/p>\n<p>Chez les Vert\u00e9br\u00e9s, la m\u00e9tam\u00e9rie est pr\u00e9sente dans le syst\u00e8me nerveux ant\u00e9rieur ainsi qu&rsquo;au niveau de la colonne vert\u00e9brale et de la musculature associ\u00e9e, il y a neurom\u00e9rie et myom\u00e9rie. Si elle est relativement marqu\u00e9e au cours du d\u00e9veloppement embryonnaire, elle est souvent masqu\u00e9e au stade adulte.<\/p>\n<p>La m\u00e9tam\u00e9rie, partag\u00e9e par plusieurs groupes animaux, est donc exprim\u00e9e de mani\u00e8re variable. Elle est particuli\u00e8rement marqu\u00e9e chez les Ann\u00e9lides avec des m\u00e9tam\u00e8res organis\u00e9s autour de cavit\u00e9s c\u0153lomiques et semblables les uns aux autres. Elle est alt\u00e9r\u00e9e chez les Euarthropodes par la tagmatisation et a r\u00e9gress\u00e9 chez les Vert\u00e9br\u00e9s.<\/p>\n<p>Une telle disposition r\u00e9p\u00e9t\u00e9e des unit\u00e9s corporelles a vraisemblablement une incidence sur le fonctionnement de l&rsquo;organisme, les unit\u00e9s pouvant fonctionner ind\u00e9pendamment ou de mani\u00e8re coordonn\u00e9e.<\/p>\n<\/section>\n<p> &nbsp; <\/p>\n<footer>\n<hr \/>\n<table style=\"width: 100%; \">\n<tr>\n<td style=\"width: 40%; text-align: left; \">\n <a href=\"\/codex\/petites-questions-de-physiologie\/petites-questions-de-physiologie-animale-2019-ouvrage\/la-metamerie-une-segmentation-corporelle-le-long-de-laxe-anteroposterieur\" title=\"La m\u00e9tam\u00e9rie : une segmentation corporelle le long de l\u2019axe ant\u00e9ropost\u00e9rieur\">Pr\u00e9c\u00e9dent<\/a> <\/td>\n<td style=\"width: 20%; text-align: center; \">\n <a href=\"\/codex\/petites-questions-de-physiologie\/petites-questions-de-physiologie-animale-2019-ouvrage\/la-metamerie-des-animaux-introduction\" title=\"La m\u00e9tam\u00e9rie des animaux : introduction\">Niveau sup\u00e9rieur<\/a>\n <\/td>\n<td style=\"width: 40%; text-align: right; \">\n<a href=\"\/codex\/petites-questions-de-physiologie\/petites-questions-de-physiologie-animale-2019-ouvrage\/la-metamerie-un-fonctionnement-segmentaire-et-coordonne-de-lorganisme\" title=\"La m\u00e9tam\u00e9rie : un fonctionnement segmentaire et coordonn\u00e9 de l\u2019organisme\">Suivant<\/a>\n<\/td>\n<\/tr>\n<tr>\n<td style=\"width: 40%; text-align: left; vertical-align: top; \">La m\u00e9tam\u00e9rie : une segmentation corporelle le long de l\u2019axe ant\u00e9ropost\u00e9rieur <\/td>\n<td style=\"width: 20%; text-align: center; \">\n<a href=\"\/codex\/petites-questions-de-physiologie\/petites-questions-de-physiologie-animale-2019-ouvrage\" title=\"Petites questions de physiologie animale 2019 : ouvrage\">Sommaire<\/a>\n<\/td>\n<td style=\"width: 40%; text-align: right; vertical-align: top; \"> La m\u00e9tam\u00e9rie : un fonctionnement segmentaire et coordonn\u00e9 de l&rsquo;organisme<\/td>\n<\/tr>\n<\/table>\n<\/footer>\n","protected":false},"excerpt":{"rendered":"<p>La m\u00e9tam\u00e9rie : une organisation corporelle modifi\u00e9e par la tagmatisation et la r\u00e9gression Pr\u00e9c\u00e9dent La m\u00e9tam\u00e9rie des animaux Suivant &nbsp; Les Euarthropodes et les Chord\u00e9s partagent avec les Ann\u00e9lides une organisation corporelle segment\u00e9e. Quelles sont les caract\u00e9ristiques de leurs segmentations ? La m\u00e9tam\u00e9rie : des unit\u00e9s corporelles fusionn\u00e9es en tagmes Le Criquet et le Grillon [&hellip;]<\/p>\n","protected":false},"author":2,"featured_media":0,"parent":13169,"menu_order":4,"comment_status":"closed","ping_status":"closed","template":"","meta":{"site-sidebar-layout":"default","site-content-layout":"","ast-site-content-layout":"default","site-content-style":"default","site-sidebar-style":"default","ast-global-header-display":"","ast-banner-title-visibility":"","ast-main-header-display":"","ast-hfb-above-header-display":"","ast-hfb-below-header-display":"","ast-hfb-mobile-header-display":"","site-post-title":"","ast-breadcrumbs-content":"","ast-featured-img":"","footer-sml-layout":"","ast-disable-related-posts":"","theme-transparent-header-meta":"","adv-header-id-meta":"","stick-header-meta":"","header-above-stick-meta":"","header-main-stick-meta":"","header-below-stick-meta":"","astra-migrate-meta-layouts":"default","ast-page-background-enabled":"default","ast-page-background-meta":{"desktop":{"background-color":"var(--ast-global-color-4)","background-image":"","background-repeat":"repeat","background-position":"center center","background-size":"auto","background-attachment":"scroll","background-type":"","background-media":"","overlay-type":"","overlay-color":"","overlay-opacity":"","overlay-gradient":""},"tablet":{"background-color":"","background-image":"","background-repeat":"repeat","background-position":"center center","background-size":"auto","background-attachment":"scroll","background-type":"","background-media":"","overlay-type":"","overlay-color":"","overlay-opacity":"","overlay-gradient":""},"mobile":{"background-color":"","background-image":"","background-repeat":"repeat","background-position":"center center","background-size":"auto","background-attachment":"scroll","background-type":"","background-media":"","overlay-type":"","overlay-color":"","overlay-opacity":"","overlay-gradient":""}},"ast-content-background-meta":{"desktop":{"background-color":"var(--ast-global-color-5)","background-image":"","background-repeat":"repeat","background-position":"center center","background-size":"auto","background-attachment":"scroll","background-type":"","background-media":"","overlay-type":"","overlay-color":"","overlay-opacity":"","overlay-gradient":""},"tablet":{"background-color":"var(--ast-global-color-5)","background-image":"","background-repeat":"repeat","background-position":"center center","background-size":"auto","background-attachment":"scroll","background-type":"","background-media":"","overlay-type":"","overlay-color":"","overlay-opacity":"","overlay-gradient":""},"mobile":{"background-color":"var(--ast-global-color-5)","background-image":"","background-repeat":"repeat","background-position":"center center","background-size":"auto","background-attachment":"scroll","background-type":"","background-media":"","overlay-type":"","overlay-color":"","overlay-opacity":"","overlay-gradient":""}},"footnotes":""},"class_list":["post-13281","page","type-page","status-publish","hentry"],"aioseo_notices":[],"jetpack_sharing_enabled":true,"_links":{"self":[{"href":"https:\/\/codexvirtualis.fr\/codex\/wp-json\/wp\/v2\/pages\/13281","targetHints":{"allow":["GET"]}}],"collection":[{"href":"https:\/\/codexvirtualis.fr\/codex\/wp-json\/wp\/v2\/pages"}],"about":[{"href":"https:\/\/codexvirtualis.fr\/codex\/wp-json\/wp\/v2\/types\/page"}],"author":[{"embeddable":true,"href":"https:\/\/codexvirtualis.fr\/codex\/wp-json\/wp\/v2\/users\/2"}],"replies":[{"embeddable":true,"href":"https:\/\/codexvirtualis.fr\/codex\/wp-json\/wp\/v2\/comments?post=13281"}],"version-history":[{"count":12,"href":"https:\/\/codexvirtualis.fr\/codex\/wp-json\/wp\/v2\/pages\/13281\/revisions"}],"predecessor-version":[{"id":13367,"href":"https:\/\/codexvirtualis.fr\/codex\/wp-json\/wp\/v2\/pages\/13281\/revisions\/13367"}],"up":[{"embeddable":true,"href":"https:\/\/codexvirtualis.fr\/codex\/wp-json\/wp\/v2\/pages\/13169"}],"wp:attachment":[{"href":"https:\/\/codexvirtualis.fr\/codex\/wp-json\/wp\/v2\/media?parent=13281"}],"curies":[{"name":"wp","href":"https:\/\/api.w.org\/{rel}","templated":true}]}}