{"id":13140,"date":"2020-12-19T19:18:23","date_gmt":"2020-12-19T18:18:23","guid":{"rendered":"https:\/\/codexvirtualis.fr\/codex\/?page_id=13140"},"modified":"2021-08-03T16:37:06","modified_gmt":"2021-08-03T14:37:06","slug":"petites-questions-de-physiologie-animale-2019","status":"publish","type":"page","link":"https:\/\/codexvirtualis.fr\/codex\/petites-questions-de-physiologie\/petites-questions-de-physiologie-animale-2019","title":{"rendered":"Petites questions de physiologie animale 2019"},"content":{"rendered":"<p> &nbsp; <\/p>\n<a rel=\"lightbox\" href=\"\/documents\/images\/petites_questions_physiologie\/couverture_2019_WEB.jpg\"><img decoding=\"async\" src=\"\/documents\/images\/petites_questions_physiologie\/couverture_2019_WEB.jpg\"  width=\"300\" alt=\"couverture Petites questions de physiologie animale 2019\" class=\"size-medium\" \/><\/a>\n<p> &nbsp; <\/p>\n<h2>Sommaire<\/h2>\n<p><span style=\"color: #999999;\">\u2022<\/span> <a href=\"\/codex\/petites-questions-de-physiologie\/petites-questions-de-physiologie-animale-2019-ouvrage\/la-metamerie-des-animaux-introduction\" title=\"La m\u00e9tam\u00e9rie des animaux : introduction\">La m\u00e9tam\u00e9rie des animaux<\/a><\/p>\n<p><span style=\"color: #999999;\">\u2022<\/span> <a href=\"\/codex\/petites-questions-de-physiologie\/petites-questions-de-physiologie-animale-2019-ouvrage\/les-circulations-sanguines-simple-et-double-chez-les-vertebres-introduction\" title=\"Les circulations sanguines simple et double chez les Vert\u00e9br\u00e9s : introduction\">Les circulations sanguines simple et double chez les Vert\u00e9br\u00e9s<\/a><\/p>\n<p><span style=\"color: #999999;\">\u2022<\/span> <a href=\"\/codex\/petites-questions-de-physiologie\/petites-questions-de-physiologie-animale-2019-ouvrage\/les-coeurs-des-vertebres-et-des-euarthropodes-introduction\" title=\"Les c\u0153urs des Vert\u00e9br\u00e9s et des Euarthropodes : introduction\">Les c\u0153urs des Vert\u00e9br\u00e9s et des Euarthropodes<\/a><\/p>\n<p><span style=\"color: #999999;\">\u2022<\/span> <a href=\"https:\/\/codexvirtualis.fr\/codex\/petites-questions-de-physiologie\/petites-questions-de-physiologie-animale-2019-ouvrage\/la-diversite-des-reins-des-vertebres-introduction\" title=\"La diversit\u00e9 des reins des Vert\u00e9br\u00e9s : introduction\">La diversit\u00e9 des reins des Vert\u00e9br\u00e9s<\/a><\/p>\n<p><span style=\"color: #999999;\">\u2022<\/span> <a href=\"\/codex\/petites-questions-de-physiologie\/petites-questions-de-physiologie-animale-2019-ouvrage\/la-diversite-structurale-et-fonctionnelle-des-epitheliums-digestifs-introduction\" title=\"La diversit\u00e9 structurale et fonctionnelle des \u00e9pith\u00e9liums digestifs : introduction\">La diversit\u00e9 structurale et fonctionnelle des \u00e9pith\u00e9liums digestifs<\/a><\/p>\n<p><span style=\"color: #999999;\">\u2022<\/span> <a href=\"\/codex\/petites-questions-de-physiologie\/petites-questions-de-physiologie-animale-2019-ouvrage\/les-echanges-gazeux-respiratoires-des-euarthropodes-introduction\" title=\"Les \u00e9changes gazeux respiratoires des Euarthropodes\u00a0: introduction\">Les \u00e9changes gazeux respiratoires des Euarthropodes<\/a><\/p>\n<p><span style=\"color: #999999;\">\u2022<\/span> <a href=\"\/codex\/petites-questions-de-physiologie\/petites-questions-de-physiologie-animale-2019-ouvrage\/la-diversite-et-lunite-des-appareils-branchiaux-des-vertebres-introduction\" title=\"La diversit\u00e9 et l\u2019unit\u00e9 des appareils branchiaux des Vert\u00e9br\u00e9s\u00a0: introduction\">La diversit\u00e9 et l&rsquo;unit\u00e9 des appareils branchiaux des Vert\u00e9br\u00e9s<\/a><\/p>\n<p><span style=\"color: #999999;\">\u2022<\/span> <a href=\"\/codex\/petites-questions-de-physiologie\/petites-questions-de-physiologie-animale-2019-ouvrage\/le-probleme-de-leau-et-des-ions-chez-les-teleosteens-introduction\" title=\"Le probl\u00e8me de l\u2019eau et des ions chez les T\u00e9l\u00e9ost\u00e9ens : introduction\">Le probl\u00e8me de l&rsquo;eau et des ions chez les T\u00e9l\u00e9ost\u00e9ens<\/a><\/p>\n<p><span style=\"color: #999999;\">\u2022<\/span> <a href=\"\/codex\/petites-questions-de-physiologie\/petites-questions-de-physiologie-animale-2019-ouvrage\/posseder-un-squelette-externe-ou-un-squelette-interne-a-partir-des-exemples-des-euarthropodes-et-des-vertebres-introduction\" title=\"Poss\u00e9der un squelette externe ou un squelette interne \u00e0 partir des exemples des Euarthropodes et des Vert\u00e9br\u00e9s : introduction\">Poss\u00e9der un squelette externe ou interne \u00e0 partir des exemples des Euarthropodes et des Vert\u00e9br\u00e9s<\/a><\/p>\n<p><span style=\"color: #999999;\">\u2022<\/span> <a href=\"\/codex\/petites-questions-de-physiologie\/petites-questions-de-physiologie-animale-2019-ouvrage\/le-vol-a-partir-de-lexemple-des-insectes-introduction\" title=\"Le vol \u00e0 partir de l\u2019exemple des Insectes : introduction\">Le vol \u00e0 partir de l\u2019exemple des Insectes<\/a><\/p>\n<p><span style=\"color: #999999;\">\u2022<\/span> <a href=\"\/codex\/petites-questions-de-physiologie\/petites-questions-de-physiologie-animale-2019-ouvrage\/vivre-fixe-a-partir-de-lexemple-des-eumollusques-introduction\" title=\"Vivre fix\u00e9 \u00e0 partir de l\u2019exemple des Eumollusques : introduction\">Vivre fix\u00e9 \u00e0 partir de l&rsquo;exemple des Eumollusques<\/a><\/p>\n<p><span style=\"color: #999999;\">\u2022<\/span> <a href=\"\/codex\/petites-questions-de-physiologie\/petites-questions-de-physiologie-animale-2019-ouvrage\/le-complexe-hypothalamo-hypophysaire-des-mammiferes-et-son-fonctionnement-introduction\" title=\"Le complexe hypothalamo-hypophysaire des Mammif\u00e8res et son fonctionnement : introduction\">Le complexe hypothalamo-hypophysaire des Mammif\u00e8res et son fonctionnement<\/a><\/p>\n<p> &nbsp; <\/p>\n<h2>Ouvrage<\/h2>\n<p><span style=\"color: #999999;\">\u2022<\/span> t\u00e9l\u00e9charger <a href=\"\/documents\/telechargement\/petites_questions_physiologie\/PetitesQuestionsDePhysiologie_2019.pdf\" title=\"Petites questions de physiologie 2019\" rel=\"noopener\" target=\"_blank\">Petites questions de physiologie 2019<\/a> au format pdf<\/p>\n<p><span style=\"color: #999999;\">\u2022<\/span> t\u00e9l\u00e9charger <a href=\"\/documents\/telechargement\/petites_questions_physiologie\/PetitesQuestionsDePhysiologie_2019.epub\" title=\"Petites questions de physiologie 2019\" rel=\"noopener\" target=\"_blank\">Petites questions de physiologie 2019<\/a> au format epub<\/p>\n<p><span style=\"color: #999999;\">\u2022<\/span> acc\u00e9der \u00e0 <a href=\"\/codex\/petites-questions-de-physiologie\/petites-questions-de-physiologie-animale-2019-ouvrage\" title=\"Petites questions de physiologie animale 2019 : ouvrage\">Petites questions de physiologie 2019<\/a> en ligne<\/p>\n<p> &nbsp; <\/p>\n<hr \/>\n","protected":false},"excerpt":{"rendered":"<p>&nbsp; &nbsp; Sommaire \u2022 La m\u00e9tam\u00e9rie des animaux \u2022 Les circulations sanguines simple et double chez les Vert\u00e9br\u00e9s \u2022 Les c\u0153urs des Vert\u00e9br\u00e9s et des Euarthropodes \u2022 La diversit\u00e9 des reins des Vert\u00e9br\u00e9s \u2022 La diversit\u00e9 structurale et fonctionnelle des \u00e9pith\u00e9liums digestifs \u2022 Les \u00e9changes gazeux respiratoires des Euarthropodes \u2022 La diversit\u00e9 et l&rsquo;unit\u00e9 des [&hellip;]<\/p>\n","protected":false},"author":2,"featured_media":0,"parent":13107,"menu_order":3,"comment_status":"closed","ping_status":"closed","template":"","meta":{"site-sidebar-layout":"default","site-content-layout":"","ast-site-content-layout":"default","site-content-style":"default","site-sidebar-style":"default","ast-global-header-display":"","ast-banner-title-visibility":"","ast-main-header-display":"","ast-hfb-above-header-display":"","ast-hfb-below-header-display":"","ast-hfb-mobile-header-display":"","site-post-title":"","ast-breadcrumbs-content":"","ast-featured-img":"","footer-sml-layout":"","ast-disable-related-posts":"","theme-transparent-header-meta":"","adv-header-id-meta":"","stick-header-meta":"","header-above-stick-meta":"","header-main-stick-meta":"","header-below-stick-meta":"","astra-migrate-meta-layouts":"default","ast-page-background-enabled":"default","ast-page-background-meta":{"desktop":{"background-color":"var(--ast-global-color-4)","background-image":"","background-repeat":"repeat","background-position":"center center","background-size":"auto","background-attachment":"scroll","background-type":"","background-media":"","overlay-type":"","overlay-color":"","overlay-opacity":"","overlay-gradient":""},"tablet":{"background-color":"","background-image":"","background-repeat":"repeat","background-position":"center center","background-size":"auto","background-attachment":"scroll","background-type":"","background-media":"","overlay-type":"","overlay-color":"","overlay-opacity":"","overlay-gradient":""},"mobile":{"background-color":"","background-image":"","background-repeat":"repeat","background-position":"center center","background-size":"auto","background-attachment":"scroll","background-type":"","background-media":"","overlay-type":"","overlay-color":"","overlay-opacity":"","overlay-gradient":""}},"ast-content-background-meta":{"desktop":{"background-color":"var(--ast-global-color-5)","background-image":"","background-repeat":"repeat","background-position":"center center","background-size":"auto","background-attachment":"scroll","background-type":"","background-media":"","overlay-type":"","overlay-color":"","overlay-opacity":"","overlay-gradient":""},"tablet":{"background-color":"var(--ast-global-color-5)","background-image":"","background-repeat":"repeat","background-position":"center center","background-size":"auto","background-attachment":"scroll","background-type":"","background-media":"","overlay-type":"","overlay-color":"","overlay-opacity":"","overlay-gradient":""},"mobile":{"background-color":"var(--ast-global-color-5)","background-image":"","background-repeat":"repeat","background-position":"center center","background-size":"auto","background-attachment":"scroll","background-type":"","background-media":"","overlay-type":"","overlay-color":"","overlay-opacity":"","overlay-gradient":""}},"footnotes":""},"class_list":["post-13140","page","type-page","status-publish","hentry"],"aioseo_notices":[],"jetpack_sharing_enabled":true,"_links":{"self":[{"href":"https:\/\/codexvirtualis.fr\/codex\/wp-json\/wp\/v2\/pages\/13140","targetHints":{"allow":["GET"]}}],"collection":[{"href":"https:\/\/codexvirtualis.fr\/codex\/wp-json\/wp\/v2\/pages"}],"about":[{"href":"https:\/\/codexvirtualis.fr\/codex\/wp-json\/wp\/v2\/types\/page"}],"author":[{"embeddable":true,"href":"https:\/\/codexvirtualis.fr\/codex\/wp-json\/wp\/v2\/users\/2"}],"replies":[{"embeddable":true,"href":"https:\/\/codexvirtualis.fr\/codex\/wp-json\/wp\/v2\/comments?post=13140"}],"version-history":[{"count":15,"href":"https:\/\/codexvirtualis.fr\/codex\/wp-json\/wp\/v2\/pages\/13140\/revisions"}],"predecessor-version":[{"id":14196,"href":"https:\/\/codexvirtualis.fr\/codex\/wp-json\/wp\/v2\/pages\/13140\/revisions\/14196"}],"up":[{"embeddable":true,"href":"https:\/\/codexvirtualis.fr\/codex\/wp-json\/wp\/v2\/pages\/13107"}],"wp:attachment":[{"href":"https:\/\/codexvirtualis.fr\/codex\/wp-json\/wp\/v2\/media?parent=13140"}],"curies":[{"name":"wp","href":"https:\/\/api.w.org\/{rel}","templated":true}]}}