{"id":13132,"date":"2020-12-19T19:10:30","date_gmt":"2020-12-19T18:10:30","guid":{"rendered":"https:\/\/codexvirtualis.fr\/codex\/?page_id=13132"},"modified":"2021-03-07T16:24:20","modified_gmt":"2021-03-07T15:24:20","slug":"petites-questions-de-physiologie-animale-2018","status":"publish","type":"page","link":"https:\/\/codexvirtualis.fr\/codex\/petites-questions-de-physiologie\/petites-questions-de-physiologie-animale-2018","title":{"rendered":"Petites questions de physiologie animale 2018"},"content":{"rendered":"<p> &nbsp; <\/p>\n<a rel=\"lightbox\" href=\"\/documents\/images\/petites_questions_physiologie\/couverture_2018_WEB.jpg\"><img decoding=\"async\" src=\"\/documents\/images\/petites_questions_physiologie\/couverture_2018_WEB.jpg\"  width=\"300\" alt=\"couverture Petites questions de physiologie animale 2018\" class=\"size-medium\" \/><\/a>\n<p> &nbsp; <\/p>\n<h2>Sommaire<\/h2>\n<p><span style=\"color: #999999;\">\u2022<\/span> <a href=\"https:\/\/xml.tremplin.ens-lyon.fr\/exist\/rest\/db\/rel\/data-xhtml\/Vie\/PetitesQuestionsDePhysiologie2018\/ar01.xhtml\" rel=\"noopener\" target=\"_blank\">Le c\u0153lome dans la physiologie des animaux \u00e0 partir de l&rsquo;exemple des Ann\u00e9lides<\/a><\/p>\n<p><span style=\"color: #999999;\">\u2022<\/span> <a href=\"https:\/\/xml.tremplin.ens-lyon.fr\/exist\/rest\/db\/rel\/data-xhtml\/Vie\/PetitesQuestionsDePhysiologie2018\/ar02.xhtml\" rel=\"noopener\" target=\"_blank\">La m\u00e9tam\u00e9rie dans la physiologie des animaux, \u00e0 partir de l&rsquo;exemple des Ann\u00e9lides<\/a><\/p>\n<p><span style=\"color: #999999;\">\u2022<\/span> <a href=\"https:\/\/xml.tremplin.ens-lyon.fr\/exist\/rest\/db\/rel\/data-xhtml\/Vie\/PetitesQuestionsDePhysiologie2018\/ar03.xhtml\" rel=\"noopener\" target=\"_blank\">La distribution par les appareils circulatoires chez les Vert\u00e9br\u00e9s<\/a><\/p>\n<p><span style=\"color: #999999;\">\u2022<\/span> <a href=\"https:\/\/xml.tremplin.ens-lyon.fr\/exist\/rest\/db\/rel\/data-xhtml\/Vie\/PetitesQuestionsDePhysiologie2018\/ar04.xhtml\" rel=\"noopener\" target=\"_blank\">L&rsquo;\u00e9conomie de l&rsquo;eau et les appareils excr\u00e9teurs des animaux<\/a><\/p>\n<p><span style=\"color: #999999;\">\u2022<\/span> <a href=\"https:\/\/xml.tremplin.ens-lyon.fr\/exist\/rest\/db\/rel\/data-xhtml\/Vie\/PetitesQuestionsDePhysiologie2018\/ar05.xhtml\" rel=\"noopener\" target=\"_blank\">Poumons et \u00e9changes gazeux respiratoires des animaux<\/a><\/p>\n<p><span style=\"color: #999999;\">\u2022<\/span> <a href=\"https:\/\/xml.tremplin.ens-lyon.fr\/exist\/rest\/db\/rel\/data-xhtml\/Vie\/PetitesQuestionsDePhysiologie2018\/ar06.xhtml\" rel=\"noopener\" target=\"_blank\">Les \u00e9changes gazeux respiratoires des Eumollusques<\/a><\/p>\n<p><span style=\"color: #999999;\">\u2022<\/span> <a href=\"https:\/\/xml.tremplin.ens-lyon.fr\/exist\/rest\/db\/rel\/data-xhtml\/Vie\/PetitesQuestionsDePhysiologie2018\/ar07.xhtml\" rel=\"noopener\" target=\"_blank\">La diversit\u00e9 de la prise alimentaire des Eumollusques<\/a><\/p>\n<p><span style=\"color: #999999;\">\u2022<\/span> <a href=\"https:\/\/xml.tremplin.ens-lyon.fr\/exist\/rest\/db\/rel\/data-xhtml\/Vie\/PetitesQuestionsDePhysiologie2018\/ar08.xhtml\" rel=\"noopener\" target=\"_blank\">La prise alimentaire et les pi\u00e8ces buccales des Euarthropodes<\/a><\/p>\n<p><span style=\"color: #999999;\">\u2022<\/span> <a href=\"https:\/\/xml.tremplin.ens-lyon.fr\/exist\/rest\/db\/rel\/data-xhtml\/Vie\/PetitesQuestionsDePhysiologie2018\/ar09.xhtml\" rel=\"noopener\" target=\"_blank\">La digestion chez les animaux<\/a><\/p>\n<p><span style=\"color: #999999;\">\u2022<\/span> <a href=\"https:\/\/xml.tremplin.ens-lyon.fr\/exist\/rest\/db\/rel\/data-xhtml\/Vie\/PetitesQuestionsDePhysiologie2018\/ar10.xhtml\" rel=\"noopener\" target=\"_blank\">Les glandes de l&rsquo;appareil digestif des animaux<\/a><\/p>\n<p><span style=\"color: #999999;\">\u2022<\/span> <a href=\"https:\/\/xml.tremplin.ens-lyon.fr\/exist\/rest\/db\/rel\/data-xhtml\/Vie\/PetitesQuestionsDePhysiologie2018\/ar11.xhtml\" rel=\"noopener\" target=\"_blank\">Les fonctions de l&rsquo;intestin gr\u00eale des Mammif\u00e8res<\/a><\/p>\n<p><span style=\"color: #999999;\">\u2022<\/span> <a href=\"https:\/\/xml.tremplin.ens-lyon.fr\/exist\/rest\/db\/rel\/data-xhtml\/Vie\/PetitesQuestionsDePhysiologie2018\/ar12.xhtml\" rel=\"noopener\" target=\"_blank\">Le foie dans l&rsquo;appareil digestif des Mammif\u00e8res<\/a><\/p>\n<p><span style=\"color: #999999;\">\u2022<\/span> <a href=\"https:\/\/xml.tremplin.ens-lyon.fr\/exist\/rest\/db\/rel\/data-xhtml\/Vie\/PetitesQuestionsDePhysiologie2018\/ar13.xhtml\" rel=\"noopener\" target=\"_blank\">Poss\u00e9der une cuticule \u00e0 partir de l&rsquo;exemple des Euarthropodes<\/a><\/p>\n<p><span style=\"color: #999999;\">\u2022<\/span> <a href=\"https:\/\/xml.tremplin.ens-lyon.fr\/exist\/rest\/db\/rel\/data-xhtml\/Vie\/PetitesQuestionsDePhysiologie2018\/ar14.xhtml\" rel=\"noopener\" target=\"_blank\">Le tissu osseux des Vert\u00e9br\u00e9s : fonctions, propri\u00e9t\u00e9s et formation<\/a><\/p>\n<p><span style=\"color: #999999;\">\u2022<\/span> <a href=\"https:\/\/xml.tremplin.ens-lyon.fr\/exist\/rest\/db\/rel\/data-xhtml\/Vie\/PetitesQuestionsDePhysiologie2018\/ar15.xhtml\" rel=\"noopener\" target=\"_blank\">Se mouvoir avec un squelette externe ou avec un squelette interne<\/a><\/p>\n<p><span style=\"color: #999999;\">\u2022<\/span> <a href=\"https:\/\/xml.tremplin.ens-lyon.fr\/exist\/rest\/db\/rel\/data-xhtml\/Vie\/PetitesQuestionsDePhysiologie2018\/ar16.xhtml\" rel=\"noopener\" target=\"_blank\">La reptation chez les animaux<\/a><\/p>\n<p><span style=\"color: #999999;\">\u2022<\/span> <a href=\"https:\/\/xml.tremplin.ens-lyon.fr\/exist\/rest\/db\/rel\/data-xhtml\/Vie\/PetitesQuestionsDePhysiologie2018\/ar17.xhtml\" rel=\"noopener\" target=\"_blank\">La nage \u00e0 partir de l&rsquo;exemple des T\u00e9l\u00e9ost\u00e9ens<\/a><\/p>\n<p><span style=\"color: #999999;\">\u2022<\/span> <a href=\"https:\/\/xml.tremplin.ens-lyon.fr\/exist\/rest\/db\/rel\/data-xhtml\/Vie\/PetitesQuestionsDePhysiologie2018\/ar18.xhtml\" rel=\"noopener\" target=\"_blank\">La diversit\u00e9 structurale et l&rsquo;unit\u00e9 fonctionnelle des t\u00e9guments des animaux<\/a><\/p>\n<p><span style=\"color: #999999;\">\u2022<\/span> <a href=\"https:\/\/xml.tremplin.ens-lyon.fr\/exist\/rest\/db\/rel\/data-xhtml\/Vie\/PetitesQuestionsDePhysiologie2018\/ar19.xhtml\" rel=\"noopener\" target=\"_blank\">Les surfaces d&rsquo;\u00e9change entre l&rsquo;animal et le milieu<\/a><\/p>\n<p><span style=\"color: #999999;\">\u2022<\/span> <a href=\"https:\/\/xml.tremplin.ens-lyon.fr\/exist\/rest\/db\/rel\/data-xhtml\/Vie\/PetitesQuestionsDePhysiologie2018\/ar20.xhtml\" rel=\"noopener\" target=\"_blank\">La filtration dans la physiologie des animaux<\/a><\/p>\n<p> &nbsp; <\/p>\n<h2>Ouvrage<\/h2>\n<p><span style=\"color: #999999;\">\u2022<\/span> t\u00e9l\u00e9charger <a href=\"\/documents\/telechargement\/petites_questions_physiologie\/PetitesQuestionsDePhysiologie_2018.pdf\" title=\"Petites questions de physiologie 2018\" rel=\"noopener\" target=\"_blank\">Petites questions de physiologie 2018<\/a> au format pdf<\/p>\n<p><span style=\"color: #999999;\">\u2022<\/span> t\u00e9l\u00e9charger <a href=\"\/documents\/telechargement\/petites_questions_physiologie\/PetitesQuestionsDePhysiologie_2018.epub\" title=\"Petites questions de physiologie 2018\" rel=\"noopener\" target=\"_blank\">Petites questions de physiologie 2018<\/a> au format epub<\/p>\n<p><span style=\"color: #999999;\">\u2022<\/span> acc\u00e9der \u00e0 <a href=\"https:\/\/xml.tremplin.ens-lyon.fr\/exist\/rest\/db\/rel\/data-xhtml\/Vie\/PetitesQuestionsDePhysiologie2018\/index.xhtml\" title=\"Petites questions de physiologie 2018\" rel=\"noopener\" target=\"_blank\">Petites questions de physiologie 2018<\/a> en ligne<\/p>\n<p> &nbsp; <\/p>\n<hr \/>\n","protected":false},"excerpt":{"rendered":"<p>&nbsp; &nbsp; Sommaire \u2022 Le c\u0153lome dans la physiologie des animaux \u00e0 partir de l&rsquo;exemple des Ann\u00e9lides \u2022 La m\u00e9tam\u00e9rie dans la physiologie des animaux, \u00e0 partir de l&rsquo;exemple des Ann\u00e9lides \u2022 La distribution par les appareils circulatoires chez les Vert\u00e9br\u00e9s \u2022 L&rsquo;\u00e9conomie de l&rsquo;eau et les appareils excr\u00e9teurs des animaux \u2022 Poumons et \u00e9changes [&hellip;]<\/p>\n","protected":false},"author":2,"featured_media":0,"parent":13107,"menu_order":2,"comment_status":"closed","ping_status":"closed","template":"","meta":{"site-sidebar-layout":"default","site-content-layout":"","ast-site-content-layout":"default","site-content-style":"default","site-sidebar-style":"default","ast-global-header-display":"","ast-banner-title-visibility":"","ast-main-header-display":"","ast-hfb-above-header-display":"","ast-hfb-below-header-display":"","ast-hfb-mobile-header-display":"","site-post-title":"","ast-breadcrumbs-content":"","ast-featured-img":"","footer-sml-layout":"","ast-disable-related-posts":"","theme-transparent-header-meta":"","adv-header-id-meta":"","stick-header-meta":"","header-above-stick-meta":"","header-main-stick-meta":"","header-below-stick-meta":"","astra-migrate-meta-layouts":"default","ast-page-background-enabled":"default","ast-page-background-meta":{"desktop":{"background-color":"var(--ast-global-color-4)","background-image":"","background-repeat":"repeat","background-position":"center center","background-size":"auto","background-attachment":"scroll","background-type":"","background-media":"","overlay-type":"","overlay-color":"","overlay-opacity":"","overlay-gradient":""},"tablet":{"background-color":"","background-image":"","background-repeat":"repeat","background-position":"center center","background-size":"auto","background-attachment":"scroll","background-type":"","background-media":"","overlay-type":"","overlay-color":"","overlay-opacity":"","overlay-gradient":""},"mobile":{"background-color":"","background-image":"","background-repeat":"repeat","background-position":"center center","background-size":"auto","background-attachment":"scroll","background-type":"","background-media":"","overlay-type":"","overlay-color":"","overlay-opacity":"","overlay-gradient":""}},"ast-content-background-meta":{"desktop":{"background-color":"var(--ast-global-color-5)","background-image":"","background-repeat":"repeat","background-position":"center center","background-size":"auto","background-attachment":"scroll","background-type":"","background-media":"","overlay-type":"","overlay-color":"","overlay-opacity":"","overlay-gradient":""},"tablet":{"background-color":"var(--ast-global-color-5)","background-image":"","background-repeat":"repeat","background-position":"center center","background-size":"auto","background-attachment":"scroll","background-type":"","background-media":"","overlay-type":"","overlay-color":"","overlay-opacity":"","overlay-gradient":""},"mobile":{"background-color":"var(--ast-global-color-5)","background-image":"","background-repeat":"repeat","background-position":"center center","background-size":"auto","background-attachment":"scroll","background-type":"","background-media":"","overlay-type":"","overlay-color":"","overlay-opacity":"","overlay-gradient":""}},"footnotes":""},"class_list":["post-13132","page","type-page","status-publish","hentry"],"aioseo_notices":[],"jetpack_sharing_enabled":true,"_links":{"self":[{"href":"https:\/\/codexvirtualis.fr\/codex\/wp-json\/wp\/v2\/pages\/13132","targetHints":{"allow":["GET"]}}],"collection":[{"href":"https:\/\/codexvirtualis.fr\/codex\/wp-json\/wp\/v2\/pages"}],"about":[{"href":"https:\/\/codexvirtualis.fr\/codex\/wp-json\/wp\/v2\/types\/page"}],"author":[{"embeddable":true,"href":"https:\/\/codexvirtualis.fr\/codex\/wp-json\/wp\/v2\/users\/2"}],"replies":[{"embeddable":true,"href":"https:\/\/codexvirtualis.fr\/codex\/wp-json\/wp\/v2\/comments?post=13132"}],"version-history":[{"count":7,"href":"https:\/\/codexvirtualis.fr\/codex\/wp-json\/wp\/v2\/pages\/13132\/revisions"}],"predecessor-version":[{"id":13472,"href":"https:\/\/codexvirtualis.fr\/codex\/wp-json\/wp\/v2\/pages\/13132\/revisions\/13472"}],"up":[{"embeddable":true,"href":"https:\/\/codexvirtualis.fr\/codex\/wp-json\/wp\/v2\/pages\/13107"}],"wp:attachment":[{"href":"https:\/\/codexvirtualis.fr\/codex\/wp-json\/wp\/v2\/media?parent=13132"}],"curies":[{"name":"wp","href":"https:\/\/api.w.org\/{rel}","templated":true}]}}