{"id":13127,"date":"2020-12-19T19:00:41","date_gmt":"2020-12-19T18:00:41","guid":{"rendered":"https:\/\/codexvirtualis.fr\/codex\/?page_id=13127"},"modified":"2021-03-07T16:30:29","modified_gmt":"2021-03-07T15:30:29","slug":"petites-questions-de-physiologie-animale-2017","status":"publish","type":"page","link":"https:\/\/codexvirtualis.fr\/codex\/petites-questions-de-physiologie\/petites-questions-de-physiologie-animale-2017","title":{"rendered":"Petites questions de physiologie animale 2017"},"content":{"rendered":"<p> &nbsp; <\/p>\n<a rel=\"lightbox\" href=\"\/documents\/images\/petites_questions_physiologie\/couverture_2017_WEB.jpg\"><img decoding=\"async\" src=\"\/documents\/images\/petites_questions_physiologie\/couverture_2017_WEB.jpg\"  width=\"300\" alt=\"couverture Petites questions de physiologie animale 2017\" class=\"size-medium\" \/><\/a>\n<p> &nbsp; <\/p>\n<h2>Sommaire<\/h2>\n<p><span style=\"color: #999999;\">\u2022<\/span> <a href=\"https:\/\/xml.tremplin.ens-lyon.fr\/exist\/rest\/db\/rel\/data-xhtml\/Vie\/PetitesQuestionsDePhysiologie2017\/ar01.xhtml\" rel=\"noopener\" target=\"_blank\">L&rsquo;h\u00e9molymphe des Insectes<\/a><\/p>\n<p><span style=\"color: #999999;\">\u2022<\/span> <a href=\"https:\/\/xml.tremplin.ens-lyon.fr\/exist\/rest\/db\/rel\/data-xhtml\/Vie\/PetitesQuestionsDePhysiologie2017\/ar02.xhtml\" rel=\"noopener\" target=\"_blank\">Poss\u00e9der plusieurs compartiments liquidiens, \u00e0 partir de l&rsquo;exemple des Ann\u00e9lides<\/a><\/p>\n<p><span style=\"color: #999999;\">\u2022<\/span> <a href=\"https:\/\/xml.tremplin.ens-lyon.fr\/exist\/rest\/db\/rel\/data-xhtml\/Vie\/PetitesQuestionsDePhysiologie2017\/ar03.xhtml\" rel=\"noopener\" target=\"_blank\">La distribution chez les organismes sans appareil circulatoire<\/a><\/p>\n<p><span style=\"color: #999999;\">\u2022<\/span> <a href=\"https:\/\/xml.tremplin.ens-lyon.fr\/exist\/rest\/db\/rel\/data-xhtml\/Vie\/PetitesQuestionsDePhysiologie2017\/ar04.xhtml\" rel=\"noopener\" target=\"_blank\">Les m\u00e9tan\u00e9phridies des Ann\u00e9lides et des Arthropodes<\/a><\/p>\n<p><span style=\"color: #999999;\">\u2022<\/span> <a href=\"https:\/\/xml.tremplin.ens-lyon.fr\/exist\/rest\/db\/rel\/data-xhtml\/Vie\/PetitesQuestionsDePhysiologie2017\/ar05.xhtml\" rel=\"noopener\" target=\"_blank\">Les fonctions des branchies des T\u00e9l\u00e9ost\u00e9ens<\/a><\/p>\n<p><span style=\"color: #999999;\">\u2022<\/span> <a href=\"https:\/\/xml.tremplin.ens-lyon.fr\/exist\/rest\/db\/rel\/data-xhtml\/Vie\/PetitesQuestionsDePhysiologie2017\/ar06.xhtml\" rel=\"noopener\" target=\"_blank\">Branchie et poumon, deux organes respiratoires des Vert\u00e9br\u00e9s (T\u00e9l\u00e9ost\u00e9ens et Mammif\u00e8res)<\/a><\/p>\n<p><span style=\"color: #999999;\">\u2022<\/span> <a href=\"https:\/\/xml.tremplin.ens-lyon.fr\/exist\/rest\/db\/rel\/data-xhtml\/Vie\/PetitesQuestionsDePhysiologie2017\/ar07.xhtml\" rel=\"noopener\" target=\"_blank\">Les gaz respiratoires, de l&rsquo;\u00e9changeur \u00e0 la cellule et inversement<\/a><\/p>\n<p><span style=\"color: #999999;\">\u2022<\/span> <a href=\"https:\/\/xml.tremplin.ens-lyon.fr\/exist\/rest\/db\/rel\/data-xhtml\/Vie\/PetitesQuestionsDePhysiologie2017\/ar08.xhtml\" rel=\"noopener\" target=\"_blank\">Les \u00e9changes gazeux et la ventilation chez les Araign\u00e9es<\/a><\/p>\n<p><span style=\"color: #999999;\">\u2022<\/span> <a href=\"https:\/\/xml.tremplin.ens-lyon.fr\/exist\/rest\/db\/rel\/data-xhtml\/Vie\/PetitesQuestionsDePhysiologie2017\/ar09.xhtml\" rel=\"noopener\" target=\"_blank\">R\u00e9aliser \u00e9changes gazeux et prise alimentaire avec le m\u00eame organe, \u00e0 partir de l&rsquo;exemple des Bivalves<\/a><\/p>\n<p><span style=\"color: #999999;\">\u2022<\/span> <a href=\"https:\/\/xml.tremplin.ens-lyon.fr\/exist\/rest\/db\/rel\/data-xhtml\/Vie\/PetitesQuestionsDePhysiologie2017\/ar10.xhtml\" rel=\"noopener\" target=\"_blank\">L&rsquo;h\u00e9patopancr\u00e9as des Mollusques et des Arthropodes<\/a><\/p>\n<p><span style=\"color: #999999;\">\u2022<\/span> <a href=\"https:\/\/xml.tremplin.ens-lyon.fr\/exist\/rest\/db\/rel\/data-xhtml\/Vie\/PetitesQuestionsDePhysiologie2017\/ar11.xhtml\" rel=\"noopener\" target=\"_blank\">L&rsquo;alimentation chez les Cnidaires<\/a><\/p>\n<p><span style=\"color: #999999;\">\u2022<\/span> <a href=\"https:\/\/xml.tremplin.ens-lyon.fr\/exist\/rest\/db\/rel\/data-xhtml\/Vie\/PetitesQuestionsDePhysiologie2017\/ar12.xhtml\" rel=\"noopener\" target=\"_blank\">La prise alimentaire chez les Ann\u00e9lides<\/a><\/p>\n<p><span style=\"color: #999999;\">\u2022<\/span> <a href=\"https:\/\/xml.tremplin.ens-lyon.fr\/exist\/rest\/db\/rel\/data-xhtml\/Vie\/PetitesQuestionsDePhysiologie2017\/ar13.xhtml\" rel=\"noopener\" target=\"_blank\">La prise alimentaire et le bec des Oiseaux<\/a><\/p>\n<p><span style=\"color: #999999;\">\u2022<\/span> <a href=\"https:\/\/xml.tremplin.ens-lyon.fr\/exist\/rest\/db\/rel\/data-xhtml\/Vie\/PetitesQuestionsDePhysiologie2017\/ar14.xhtml\" rel=\"noopener\" target=\"_blank\">Se nourrir par filtration<\/a><\/p>\n<p><span style=\"color: #999999;\">\u2022<\/span> <a href=\"https:\/\/xml.tremplin.ens-lyon.fr\/exist\/rest\/db\/rel\/data-xhtml\/Vie\/PetitesQuestionsDePhysiologie2017\/ar15.xhtml\" rel=\"noopener\" target=\"_blank\">Le traitement de la nourriture par l&rsquo;appareil digestif chez les Insectes<\/a><\/p>\n<p><span style=\"color: #999999;\">\u2022<\/span> <a href=\"https:\/\/xml.tremplin.ens-lyon.fr\/exist\/rest\/db\/rel\/data-xhtml\/Vie\/PetitesQuestionsDePhysiologie2017\/ar16.xhtml\" rel=\"noopener\" target=\"_blank\">L&rsquo;alimentation et la distribution chez les Porif\u00e8res<\/a><\/p>\n<p><span style=\"color: #999999;\">\u2022<\/span> <a href=\"https:\/\/xml.tremplin.ens-lyon.fr\/exist\/rest\/db\/rel\/data-xhtml\/Vie\/PetitesQuestionsDePhysiologie2017\/ar17.xhtml\" rel=\"noopener\" target=\"_blank\">L&rsquo;hydrosquelette et le mouvement \u00e0 partir des exemples des Ann\u00e9lides et des Mollusques<\/a><\/p>\n<p><span style=\"color: #999999;\">\u2022<\/span> <a href=\"https:\/\/xml.tremplin.ens-lyon.fr\/exist\/rest\/db\/rel\/data-xhtml\/Vie\/PetitesQuestionsDePhysiologie2017\/ar18.xhtml\" rel=\"noopener\" target=\"_blank\">Se d\u00e9placer avec un squelette externe \u00e0 partir de l&rsquo;exemple des Insectes<\/a><\/p>\n<p><span style=\"color: #999999;\">\u2022<\/span> <a href=\"https:\/\/xml.tremplin.ens-lyon.fr\/exist\/rest\/db\/rel\/data-xhtml\/Vie\/PetitesQuestionsDePhysiologie2017\/ar19.xhtml\" rel=\"noopener\" target=\"_blank\">Le maintien de la temp\u00e9rature corporelle chez les Mammif\u00e8res<\/a><\/p>\n<p><span style=\"color: #999999;\">\u2022<\/span> <a href=\"https:\/\/xml.tremplin.ens-lyon.fr\/exist\/rest\/db\/rel\/data-xhtml\/Vie\/PetitesQuestionsDePhysiologie2017\/ar20.xhtml\" rel=\"noopener\" target=\"_blank\">Le probl\u00e8me de l&rsquo;eau et des ions chez les S\u00e9laciens marins<\/a><\/p>\n<p><span style=\"color: #999999;\">\u2022<\/span> <a href=\"https:\/\/xml.tremplin.ens-lyon.fr\/exist\/rest\/db\/rel\/data-xhtml\/Vie\/PetitesQuestionsDePhysiologie2017\/ar21.xhtml\" rel=\"noopener\" target=\"_blank\">Le t\u00e9gument des animaux \u00e0 partir des exemples des Arthropodes et des Vert\u00e9br\u00e9s<\/a><\/p>\n<p> &nbsp; <\/p>\n<h2>Ouvrage<\/h2>\n<p><span style=\"color: #999999;\">\u2022<\/span> t\u00e9l\u00e9charger <a href=\"\/documents\/telechargement\/petites_questions_physiologie\/PetitesQuestionsDePhysiologie_2017.pdf\" title=\"Petites questions de physiologie 2017\" rel=\"noopener\" target=\"_blank\">Petites questions de physiologie 2017<\/a> au format pdf<\/p>\n<p><span style=\"color: #999999;\">\u2022<\/span> t\u00e9l\u00e9charger <a href=\"\/documents\/telechargement\/petites_questions_physiologie\/PetitesQuestionsDePhysiologie_2017.epub\" title=\"Petites questions de physiologie 2017\" rel=\"noopener\" target=\"_blank\">Petites questions de physiologie 2017<\/a> au format epub<\/p>\n<p><span style=\"color: #999999;\">\u2022<\/span> acc\u00e9der \u00e0 <a href=\"https:\/\/xml.tremplin.ens-lyon.fr\/exist\/rest\/db\/rel\/data-xhtml\/Vie\/PetitesQuestionsDePhysiologie2017\/index.xhtml\" title=\"Petites questions de physiologie 2017\" rel=\"noopener\" target=\"_blank\">Petites questions de physiologie 2017<\/a> en ligne<\/p>\n<p> &nbsp; <\/p>\n<hr \/>\n","protected":false},"excerpt":{"rendered":"<p>&nbsp; &nbsp; Sommaire \u2022 L&rsquo;h\u00e9molymphe des Insectes \u2022 Poss\u00e9der plusieurs compartiments liquidiens, \u00e0 partir de l&rsquo;exemple des Ann\u00e9lides \u2022 La distribution chez les organismes sans appareil circulatoire \u2022 Les m\u00e9tan\u00e9phridies des Ann\u00e9lides et des Arthropodes \u2022 Les fonctions des branchies des T\u00e9l\u00e9ost\u00e9ens \u2022 Branchie et poumon, deux organes respiratoires des Vert\u00e9br\u00e9s (T\u00e9l\u00e9ost\u00e9ens et Mammif\u00e8res) \u2022 [&hellip;]<\/p>\n","protected":false},"author":2,"featured_media":0,"parent":13107,"menu_order":1,"comment_status":"closed","ping_status":"closed","template":"","meta":{"site-sidebar-layout":"default","site-content-layout":"","ast-site-content-layout":"default","site-content-style":"default","site-sidebar-style":"default","ast-global-header-display":"","ast-banner-title-visibility":"","ast-main-header-display":"","ast-hfb-above-header-display":"","ast-hfb-below-header-display":"","ast-hfb-mobile-header-display":"","site-post-title":"","ast-breadcrumbs-content":"","ast-featured-img":"","footer-sml-layout":"","ast-disable-related-posts":"","theme-transparent-header-meta":"","adv-header-id-meta":"","stick-header-meta":"","header-above-stick-meta":"","header-main-stick-meta":"","header-below-stick-meta":"","astra-migrate-meta-layouts":"default","ast-page-background-enabled":"default","ast-page-background-meta":{"desktop":{"background-color":"var(--ast-global-color-4)","background-image":"","background-repeat":"repeat","background-position":"center center","background-size":"auto","background-attachment":"scroll","background-type":"","background-media":"","overlay-type":"","overlay-color":"","overlay-opacity":"","overlay-gradient":""},"tablet":{"background-color":"","background-image":"","background-repeat":"repeat","background-position":"center center","background-size":"auto","background-attachment":"scroll","background-type":"","background-media":"","overlay-type":"","overlay-color":"","overlay-opacity":"","overlay-gradient":""},"mobile":{"background-color":"","background-image":"","background-repeat":"repeat","background-position":"center center","background-size":"auto","background-attachment":"scroll","background-type":"","background-media":"","overlay-type":"","overlay-color":"","overlay-opacity":"","overlay-gradient":""}},"ast-content-background-meta":{"desktop":{"background-color":"var(--ast-global-color-5)","background-image":"","background-repeat":"repeat","background-position":"center center","background-size":"auto","background-attachment":"scroll","background-type":"","background-media":"","overlay-type":"","overlay-color":"","overlay-opacity":"","overlay-gradient":""},"tablet":{"background-color":"var(--ast-global-color-5)","background-image":"","background-repeat":"repeat","background-position":"center center","background-size":"auto","background-attachment":"scroll","background-type":"","background-media":"","overlay-type":"","overlay-color":"","overlay-opacity":"","overlay-gradient":""},"mobile":{"background-color":"var(--ast-global-color-5)","background-image":"","background-repeat":"repeat","background-position":"center center","background-size":"auto","background-attachment":"scroll","background-type":"","background-media":"","overlay-type":"","overlay-color":"","overlay-opacity":"","overlay-gradient":""}},"footnotes":""},"class_list":["post-13127","page","type-page","status-publish","hentry"],"aioseo_notices":[],"jetpack_sharing_enabled":true,"_links":{"self":[{"href":"https:\/\/codexvirtualis.fr\/codex\/wp-json\/wp\/v2\/pages\/13127","targetHints":{"allow":["GET"]}}],"collection":[{"href":"https:\/\/codexvirtualis.fr\/codex\/wp-json\/wp\/v2\/pages"}],"about":[{"href":"https:\/\/codexvirtualis.fr\/codex\/wp-json\/wp\/v2\/types\/page"}],"author":[{"embeddable":true,"href":"https:\/\/codexvirtualis.fr\/codex\/wp-json\/wp\/v2\/users\/2"}],"replies":[{"embeddable":true,"href":"https:\/\/codexvirtualis.fr\/codex\/wp-json\/wp\/v2\/comments?post=13127"}],"version-history":[{"count":8,"href":"https:\/\/codexvirtualis.fr\/codex\/wp-json\/wp\/v2\/pages\/13127\/revisions"}],"predecessor-version":[{"id":13473,"href":"https:\/\/codexvirtualis.fr\/codex\/wp-json\/wp\/v2\/pages\/13127\/revisions\/13473"}],"up":[{"embeddable":true,"href":"https:\/\/codexvirtualis.fr\/codex\/wp-json\/wp\/v2\/pages\/13107"}],"wp:attachment":[{"href":"https:\/\/codexvirtualis.fr\/codex\/wp-json\/wp\/v2\/media?parent=13127"}],"curies":[{"name":"wp","href":"https:\/\/api.w.org\/{rel}","templated":true}]}}