{"id":13107,"date":"2020-12-19T18:02:11","date_gmt":"2020-12-19T17:02:11","guid":{"rendered":"https:\/\/codexvirtualis.fr\/codex\/?page_id=13107"},"modified":"2021-08-15T15:34:12","modified_gmt":"2021-08-15T13:34:12","slug":"petites-questions-de-physiologie","status":"publish","type":"page","link":"https:\/\/codexvirtualis.fr\/codex\/petites-questions-de-physiologie","title":{"rendered":"De la physiologie"},"content":{"rendered":"<p> &nbsp; <\/p>\n<p>La <a href=\"\/codex\/glossaire\/glossaire-p#physiologie\" target=\"_blank\" rel=\"noopener\">physiologie<\/a> \u00e9tudie les propri\u00e9t\u00e9s et le fonctionnement normal des \u00eatres vivants et de leurs constituants.<\/p>\n<p>Cette rubrique pr\u00e9sente des recueils d&rsquo;articles intitul\u00e9s \u00ab\u00a0Petites questions de physiologie\u00a0\u00bb, r\u00e9dig\u00e9s par les \u00e9tudiants de deuxi\u00e8me ann\u00e9e de licence de sciences de la vie de l&rsquo;Universit\u00e9 Jean Monnet de Saint-\u00c9tienne.<\/p>\n<p> &nbsp; <\/p>\n<p>Le t\u00e9l\u00e9chargement peut \u00eatre long en raison du volume des fichiers.<\/p>\n<p> &nbsp; <\/p>\n<table>\n<tr>\n<td><img decoding=\"async\" src=\"\/documents\/images\/petites_questions_physiologie\/couverture_2019_WEB.jpg\"  width=\"150\" alt=\"couverture Petites questions de physiologie animale 2019\" \/><\/td>\n<td>\n<span style=\"color: #999999;\">\u2022<\/span> <a href=\"\/codex\/petites-questions-de-physiologie\/petites-questions-de-physiologie-animale-2019\" title=\"Petites questions de physiologie animale 2019\">sommaire<\/a><\/p>\n<p><span style=\"color: #999999;\">\u2022<\/span> t\u00e9l\u00e9charger <a href=\"\/documents\/telechargement\/petites_questions_physiologie\/PetitesQuestionsDePhysiologie_2019.pdf\" title=\"Petites questions de physiologie 2019\" rel=\"noopener\" target=\"_blank\">Petites questions de physiologie 2019<\/a> au format pdf<\/p>\n<p><span style=\"color: #999999;\">\u2022<\/span> t\u00e9l\u00e9charger <a href=\"\/documents\/telechargement\/petites_questions_physiologie\/PetitesQuestionsDePhysiologie_2019.epub\" title=\"Petites questions de physiologie 2019\" rel=\"noopener\" target=\"_blank\">Petites questions de physiologie 2019<\/a> au format epub<\/p>\n<p><span style=\"color: #999999;\">\u2022<\/span> acc\u00e9der \u00e0 <a href=\"\/codex\/petites-questions-de-physiologie\/petites-questions-de-physiologie-animale-2019-ouvrage\" title=\"Petites questions de physiologie animale 2019 : ouvrage\">Petites questions de physiologie 2019<\/a> en ligne<\/td>\n<\/tr>\n<tr>\n<td><img decoding=\"async\" src=\"\/documents\/images\/petites_questions_physiologie\/couverture_2018_WEB.jpg\"  width=\"150\" alt=\"couverture Petites questions de physiologie animale 2018\" \/><\/td>\n<td>\n<span style=\"color: #999999;\">\u2022<\/span> <a href=\"\/codex\/petites-questions-de-physiologie\/petites-questions-de-physiologie-animale-2018\" title=\"Petites questions de physiologie animale 2018\">sommaire<\/a><\/p>\n<p><span style=\"color: #999999;\">\u2022<\/span> t\u00e9l\u00e9charger <a href=\"\/documents\/telechargement\/petites_questions_physiologie\/PetitesQuestionsDePhysiologie_2018.pdf\" title=\"Petites questions de physiologie 2018\" rel=\"noopener\" target=\"_blank\">Petites questions de physiologie 2018<\/a> au format pdf<\/p>\n<p><span style=\"color: #999999;\">\u2022<\/span> t\u00e9l\u00e9charger <a href=\"\/documents\/telechargement\/petites_questions_physiologie\/PetitesQuestionsDePhysiologie_2018.epub\" title=\"Petites questions de physiologie 2018\" rel=\"noopener\" target=\"_blank\">Petites questions de physiologie 2018<\/a> au format epub<\/p>\n<p><span style=\"color: #999999;\">\u2022<\/span> acc\u00e9der \u00e0 <a href=\"https:\/\/xml.tremplin.ens-lyon.fr\/exist\/rest\/db\/rel\/data-xhtml\/Vie\/PetitesQuestionsDePhysiologie2018\/index.xhtml\" title=\"Petites questions de physiologie 2018\" rel=\"noopener\" target=\"_blank\">Petites questions de physiologie 2018<\/a> en ligne<\/td>\n<\/tr>\n<tr>\n<td><img decoding=\"async\" src=\"\/documents\/images\/petites_questions_physiologie\/couverture_2017_WEB.jpg\"  width=\"150\" alt=\"couverture Petites questions de physiologie animale 2017\" \/><\/td>\n<td>\n<span style=\"color: #999999;\">\u2022<\/span> <a href=\"\/codex\/petites-questions-de-physiologie\/petites-questions-de-physiologie-animale-2017\" title=\"Petites questions de physiologie animale 2017\">sommaire<\/a><\/p>\n<p><span style=\"color: #999999;\">\u2022<\/span> t\u00e9l\u00e9charger <a href=\"\/documents\/telechargement\/petites_questions_physiologie\/PetitesQuestionsDePhysiologie_2017.pdf\" title=\"Petites questions de physiologie 2017\" rel=\"noopener\" target=\"_blank\">Petites questions de physiologie 2017<\/a> au format pdf<\/p>\n<p><span style=\"color: #999999;\">\u2022<\/span> t\u00e9l\u00e9charger <a href=\"\/documents\/telechargement\/petites_questions_physiologie\/PetitesQuestionsDePhysiologie_2017.epub\" title=\"Petites questions de physiologie 2017\" rel=\"noopener\" target=\"_blank\">Petites questions de physiologie 2017<\/a> au format epub<\/p>\n<p><span style=\"color: #999999;\">\u2022<\/span> acc\u00e9der \u00e0 <a href=\"https:\/\/xml.tremplin.ens-lyon.fr\/exist\/rest\/db\/rel\/data-xhtml\/Vie\/PetitesQuestionsDePhysiologie2017\/index.xhtml\" title=\"Petites questions de physiologie 2017\" rel=\"noopener\" target=\"_blank\">Petites questions de physiologie 2017<\/a> en ligne<\/td>\n<\/tr>\n<\/table>\n<p> &nbsp; <\/p>\n<hr \/>\n","protected":false},"excerpt":{"rendered":"<p>&nbsp; La physiologie \u00e9tudie les propri\u00e9t\u00e9s et le fonctionnement normal des \u00eatres vivants et de leurs constituants. Cette rubrique pr\u00e9sente des recueils d&rsquo;articles intitul\u00e9s \u00ab\u00a0Petites questions de physiologie\u00a0\u00bb, r\u00e9dig\u00e9s par les \u00e9tudiants de deuxi\u00e8me ann\u00e9e de licence de sciences de la vie de l&rsquo;Universit\u00e9 Jean Monnet de Saint-\u00c9tienne. &nbsp; Le t\u00e9l\u00e9chargement peut \u00eatre long en [&hellip;]<\/p>\n","protected":false},"author":2,"featured_media":0,"parent":0,"menu_order":0,"comment_status":"closed","ping_status":"closed","template":"","meta":{"site-sidebar-layout":"default","site-content-layout":"","ast-site-content-layout":"default","site-content-style":"default","site-sidebar-style":"default","ast-global-header-display":"","ast-banner-title-visibility":"","ast-main-header-display":"","ast-hfb-above-header-display":"","ast-hfb-below-header-display":"","ast-hfb-mobile-header-display":"","site-post-title":"","ast-breadcrumbs-content":"","ast-featured-img":"","footer-sml-layout":"","ast-disable-related-posts":"","theme-transparent-header-meta":"","adv-header-id-meta":"","stick-header-meta":"","header-above-stick-meta":"","header-main-stick-meta":"","header-below-stick-meta":"","astra-migrate-meta-layouts":"default","ast-page-background-enabled":"default","ast-page-background-meta":{"desktop":{"background-color":"var(--ast-global-color-4)","background-image":"","background-repeat":"repeat","background-position":"center center","background-size":"auto","background-attachment":"scroll","background-type":"","background-media":"","overlay-type":"","overlay-color":"","overlay-opacity":"","overlay-gradient":""},"tablet":{"background-color":"","background-image":"","background-repeat":"repeat","background-position":"center center","background-size":"auto","background-attachment":"scroll","background-type":"","background-media":"","overlay-type":"","overlay-color":"","overlay-opacity":"","overlay-gradient":""},"mobile":{"background-color":"","background-image":"","background-repeat":"repeat","background-position":"center center","background-size":"auto","background-attachment":"scroll","background-type":"","background-media":"","overlay-type":"","overlay-color":"","overlay-opacity":"","overlay-gradient":""}},"ast-content-background-meta":{"desktop":{"background-color":"var(--ast-global-color-5)","background-image":"","background-repeat":"repeat","background-position":"center center","background-size":"auto","background-attachment":"scroll","background-type":"","background-media":"","overlay-type":"","overlay-color":"","overlay-opacity":"","overlay-gradient":""},"tablet":{"background-color":"var(--ast-global-color-5)","background-image":"","background-repeat":"repeat","background-position":"center center","background-size":"auto","background-attachment":"scroll","background-type":"","background-media":"","overlay-type":"","overlay-color":"","overlay-opacity":"","overlay-gradient":""},"mobile":{"background-color":"var(--ast-global-color-5)","background-image":"","background-repeat":"repeat","background-position":"center center","background-size":"auto","background-attachment":"scroll","background-type":"","background-media":"","overlay-type":"","overlay-color":"","overlay-opacity":"","overlay-gradient":""}},"footnotes":""},"class_list":["post-13107","page","type-page","status-publish","hentry"],"aioseo_notices":[],"jetpack_sharing_enabled":true,"_links":{"self":[{"href":"https:\/\/codexvirtualis.fr\/codex\/wp-json\/wp\/v2\/pages\/13107","targetHints":{"allow":["GET"]}}],"collection":[{"href":"https:\/\/codexvirtualis.fr\/codex\/wp-json\/wp\/v2\/pages"}],"about":[{"href":"https:\/\/codexvirtualis.fr\/codex\/wp-json\/wp\/v2\/types\/page"}],"author":[{"embeddable":true,"href":"https:\/\/codexvirtualis.fr\/codex\/wp-json\/wp\/v2\/users\/2"}],"replies":[{"embeddable":true,"href":"https:\/\/codexvirtualis.fr\/codex\/wp-json\/wp\/v2\/comments?post=13107"}],"version-history":[{"count":25,"href":"https:\/\/codexvirtualis.fr\/codex\/wp-json\/wp\/v2\/pages\/13107\/revisions"}],"predecessor-version":[{"id":14244,"href":"https:\/\/codexvirtualis.fr\/codex\/wp-json\/wp\/v2\/pages\/13107\/revisions\/14244"}],"wp:attachment":[{"href":"https:\/\/codexvirtualis.fr\/codex\/wp-json\/wp\/v2\/media?parent=13107"}],"curies":[{"name":"wp","href":"https:\/\/api.w.org\/{rel}","templated":true}]}}