{"id":12608,"date":"2020-03-21T16:46:18","date_gmt":"2020-03-21T15:46:18","guid":{"rendered":"https:\/\/codexvirtualis.fr\/codex\/?page_id=12608"},"modified":"2020-03-21T16:46:18","modified_gmt":"2020-03-21T15:46:18","slug":"glossaire-v","status":"publish","type":"page","link":"https:\/\/codexvirtualis.fr\/codex\/glossaire\/glossaire-v","title":{"rendered":"Glossaire : V"},"content":{"rendered":"<p><!DOCTYPE html><br \/>\n<html><br \/>\n<span style=\"color: #999999;\">\u2022 <a name=\"vacuole\"><\/a> <strong>vacuole<\/strong><\/span> (nom f\u00e9minin ; pluriel : vacuoles) : organite contenant une solution compos\u00e9e d&rsquo;eau et de substances dissoutes ; chez les eucaryotes unicellulaires les vacuoles jouent des r\u00f4les divers, par exemple les vacuoles digestives sont impliqu\u00e9es dans la digestion des substances nutritives, les vacuoles pulsatiles sont responsables de l&rsquo;\u00e9vacuation de l&rsquo;eau exc\u00e9dentaire en eau douce<br \/>\n<em>(de vacuum = vide)<\/em><\/p>\n<p>&nbsp;<\/p>\n<p><span style=\"color: #999999;\">\u2022 <a name=\"vagin\"><\/a> <strong>vagin<\/strong><\/span> (nom masculin ; pluriel : vagins) : organe de l&rsquo;appareil g\u00e9nital femelle impliqu\u00e9 dans la copulation, dans lequel est introduit le p\u00e9nis, organe copulateur de l&rsquo;appareil g\u00e9nital m\u00e2le<br \/>\n<em>(de vagina = gaine)<\/em><\/p>\n<p>&nbsp;<\/p>\n<p><span style=\"color: #999999;\">\u2022 <a name=\"vaisseau\"><\/a> <strong>vaisseau<\/strong><\/span> (nom masculin ; pluriel : vaisseaux) : tube dans lequel circule un liquide (sang, lymphe, h\u00e9molymphe)<br \/>\n<em>(de vasculum = diminutif de vas = vase)<\/em><\/p>\n<p>&nbsp;<\/p>\n<p><span style=\"color: #999999;\">\u2022 <a name=\"valve\"><\/a> <strong>valve<\/strong><\/span> (nom f\u00e9minin ; pluriel : valves) : structure creuse et rigide enveloppant le corps, constituant une coquille (deux valves forment la coquille des Eumollusques bivalves) ou une carapace (deux valves forment la carapace des Euarthropodes ostracodes) ; dispositif anatomique susceptible d&rsquo;obturer la communication entre deux cavit\u00e9s de l&rsquo;organisme, entre une cavit\u00e9 de l&rsquo;organisme et le<br \/>\nmilieu ou un conduit, et ainsi de contr\u00f4ler et&nbsp;\/&nbsp;ou d&rsquo;orienter la circulation d&rsquo;un fluide (selon les auteurs, une valve est constitu\u00e9e de valvules ou une valvule est form\u00e9e de valves)<br \/>\n<em>(de valva = battant [de porte])<\/em><\/p>\n<p>&nbsp;<\/p>\n<p><span style=\"color: #999999;\">\u2022 <a name=\"valvule\"><\/a> <strong>valvule<\/strong><\/span> (nom f\u00e9minin ; pluriel : valvules) : dispositif anatomique susceptible d&rsquo;obturer la communication entre deux cavit\u00e9s de l&rsquo;organisme, entre une cavit\u00e9 de l&rsquo;organisme et le milieu ou un conduit, et ainsi de contr\u00f4ler et&nbsp;\/&nbsp;ou d&rsquo;orienter la circulation d&rsquo;un fluide (selon les auteurs, une valve est constitu\u00e9e de valvules ou une valvule est form\u00e9e de valves)<br \/>\n<em>(de valvula = diminutif de valva = valve)<\/em><\/p>\n<p>&nbsp;<\/p>\n<p><span style=\"color: #999999;\">\u2022 <a name=\"vasculaire\"><\/a> <strong>vasculaire<\/strong><\/span> (vasculaire ; pluriel : vasculaires, vasculaires) : relatif \u00e0 un vaisseau<br \/>\n<em>(de vasculum = diminutif de vas = vase)<\/em><\/p>\n<p>&nbsp;<\/p>\n<p><span style=\"color: #999999;\">\u2022 <a name=\"vascularise\"><\/a> <strong>vascularis\u00e9<\/strong><\/span> (vascularis\u00e9e ; pluriel : vascularis\u00e9s, vascularis\u00e9es) : dans lequel des vaisseaux sont pr\u00e9sents<br \/>\n<em>vascul- = vasculaire (de vasculum = diminutif de vas = vase)<\/em><\/p>\n<p>&nbsp;<\/p>\n<p><span style=\"color: #999999;\">\u2022 <a name=\"vegetatif\"><\/a> <strong>v\u00e9g\u00e9tatif<\/strong><\/span> (v\u00e9g\u00e9tative ; pluriel : v\u00e9g\u00e9tatifs, v\u00e9g\u00e9tatives) : relatif aux fonctions de nutrition et de relation, par opposition \u00e0 la fonction de reproduction<br \/>\n<em>(de vegetare = cro\u00eetre)<\/em><\/p>\n<p>&nbsp;<\/p>\n<p><span style=\"color: #999999;\">\u2022 <a name=\"veine\"><\/a> <strong>veine<\/strong><\/span> (nom f\u00e9minin ; pluriel : veines) : vaisseau de l&rsquo;appareil circulatoire acheminant le liquide circulant des organes au c\u0153ur ; une veine communique avec une oreillette cardiaque<br \/>\n<em>(de veina = vaisseau sanguin)<\/em><br \/>\n<em>Les vaisseaux veineux convergent et leur diam\u00e8tre augmente progressivement avec leur rapprochement du c\u0153ur. Les vaisseaux veineux les plus fins au sein des organes sont appel\u00e9es veinules.<\/em><\/p>\n<p>&nbsp;<\/p>\n<p><span style=\"color: #999999;\">\u2022 <a name=\"veineux\"><\/a> <strong>veineux<\/strong><\/span> (veineuse ; pluriel : veineux, veineuses) : relatif \u00e0 une veine<br \/>\n<em>vein- = veine (de veina = vaisseau sanguin)<\/em><\/p>\n<p>&nbsp;<\/p>\n<p><span style=\"color: #999999;\">\u2022 <a name=\"veinule\"><\/a> <strong>veinule<\/strong><\/span> (nom f\u00e9minin ; pluriel : veinules) : vaisseau de faible diam\u00e8tre, intratissulaire, drainant le liquide circulant d&rsquo;un organe ; au sein d&rsquo;un organe les veinules convergent vers des veines de diam\u00e8tre plus important<br \/>\n<em>(de venula = diminutif de veina = vaisseau sanguin)<\/em><\/p>\n<p>&nbsp;<\/p>\n<p><span style=\"color: #999999;\">\u2022 <a name=\"veligere\"><\/a> <strong>v\u00e9lig\u00e8re<\/strong><\/span> (v\u00e9lig\u00e8re ; pluriel : v\u00e9lig\u00e8res, v\u00e9lig\u00e8res) : qualifie une forme larvaire planctonique portant un voile cili\u00e9, impliqu\u00e9 dans la flottabilit\u00e9 et la nutrition (Eumollusques)<br \/>\n<em>v\u00e9l- = v\u00e9lum ; -g\u00e8re = qui porte (de velum = voile ; gerere = porter)<\/em><\/p>\n<p>&nbsp;<\/p>\n<p><span style=\"color: #999999;\">\u2022 <a name=\"velum\"><\/a> <strong>v\u00e9lum<\/strong><\/span> (nom masculin ; pluriel : v\u00e9lums) : fine expansion corporelle cili\u00e9e pr\u00e9sente chez la larve (Eumollusques) ; cloison obturant l&rsquo;ombrelle de certaines m\u00e9duses (Cnidaires)<br \/>\n<em>(de velum = voile)<\/em><\/p>\n<p>&nbsp;<\/p>\n<p><span style=\"color: #999999;\">\u2022 <a name=\"ventilation\"><\/a> <strong>ventilation<\/strong><\/span> (nom f\u00e9minin ; pluriel : ventilations) : renouvellement du fluide externe vecteur des gaz respiratoires, au contact de la surface d&rsquo;\u00e9change de ces gaz<br \/>\n<em>(de ventilare = a\u00e9rer)<\/em><\/p>\n<p>&nbsp;<\/p>\n<p><span style=\"color: #999999;\">\u2022 <a name=\"ventouse\"><\/a> <strong>ventouse<\/strong><\/span> (nom f\u00e9minin ; pluriel : ventouses) : organe adh\u00e9sif, souvent circulaire, dont le fonctionnement implique g\u00e9n\u00e9ralement une succion et la formation d&rsquo;un vide partiel<br \/>\n<em>(de ventosa = pleine d&rsquo;air)<\/em><\/p>\n<p>&nbsp;<\/p>\n<p><span style=\"color: #999999;\">\u2022 <a name=\"ventral\"><\/a> <strong>ventral<\/strong><\/span> (ventrale ; pluriel : ventraux, ventrales) : relatif au ventre ; situ\u00e9 du c\u00f4t\u00e9 du ventre<br \/>\n<em>(de ventralis, de venter = ventre)<\/em><\/p>\n<p>&nbsp;<\/p>\n<p><span style=\"color: #999999;\">\u2022 <a name=\"ventralement\"><\/a> <strong>ventralement<\/strong><\/span> (adverbe) : en position ventrale<br \/>\n<em>ventral- = ventral (de ventralis, de venter = ventre)<\/em><\/p>\n<p>&nbsp;<\/p>\n<p><span style=\"color: #999999;\">\u2022 <a name=\"ventre\"><\/a> <strong>ventre<\/strong><\/span> (nom masculin ; pluriel : ventres) : face du corps d\u00e9finie par la pr\u00e9sence de la bouche, oppos\u00e9e au dos<br \/>\n<em>(de venter = ventre)<\/em><\/p>\n<p>&nbsp;<\/p>\n<p><span style=\"color: #999999;\">\u2022 <a name=\"ventricule\"><\/a> <strong>ventricule<\/strong><\/span> (nom masculin ; pluriel : ventricules) : cavit\u00e9 cardiaque recevant le liquide circulant d&rsquo;une oreillette et le propulsant dans un vaisseau sanguin art\u00e9riel en direction des organes ; cavit\u00e9 de l&rsquo;enc\u00e9phale (Vert\u00e9br\u00e9s) ; organe de l&rsquo;appareil digestif, qualifi\u00e9 de succenturi\u00e9,  constituant avec le g\u00e9sier l&rsquo;\u00e9quivalent fonctionnel de l&rsquo;estomac (Vert\u00e9br\u00e9s oiseaux)<br \/>\n<em>(de ventriculus = diminutif de venter = ventre)<\/em><\/p>\n<p>&nbsp;<\/p>\n<p><span style=\"color: #999999;\">\u2022 <a name=\"vermiforme\"><\/a> <strong>vermiforme<\/strong><\/span> (vermiforme ; pluriel : vermiformes, vermiformes) : qualifie une structure en forme de ver, allong\u00e9e, cylindrique ou plate, d\u00e9pourvue d&rsquo;expansions<br \/>\n<em>verm(i)- = ver ; -forme = en forme de (de vermis = vermisseau ; forma = forme)<\/em><br \/>\n<em>Parmi les Insectes, les Dipt\u00e8res et certains Hym\u00e9nopt\u00e8res pr\u00e9sentent des larves vermiformes, caract\u00e9ris\u00e9es par l&rsquo;absence d&rsquo;appendice locomoteur et la r\u00e9duction de la t\u00eate pouvant aller jusqu\u2019\u00e0 sa disparition. Avec des pi\u00e8ces buccales peu d\u00e9velopp\u00e9es voire absentes, elles se nourrissent de liquide ou de mati\u00e8re organique en d\u00e9composition.<\/em><br \/>\n<em>Les larves vermiformes sont d\u00e9clin\u00e9es en plusieurs cat\u00e9gories, selon le degr\u00e9 de r\u00e9duction de la t\u00eate. Ainsi sont distingu\u00e9es :<\/em><\/p>\n<p style=\"padding-left: 30px;\"><em><span style=\"color: #999999;\">\u2022 <\/span>les larves euc\u00e9phales des Abeilles et des Moustiques (comme les Culex et Chironomes), munies d\u2019une t\u00eate r\u00e9duite mais portant des yeux, des antennes et des mandibules ;<\/em>\n<\/p>\n<p style=\"padding-left: 30px;\"><em><span style=\"color: #999999;\">\u2022 <\/span>les larves h\u00e9mic\u00e9phales des Dipt\u00e8res (Brachyc\u00e8res comme les Taons et Bombyles) \u00e0 t\u00eate atrophi\u00e9e, invagin\u00e9e dans le premier segment thoracique, et mandibules remplac\u00e9es par des crochets ;<\/em>\n<\/p>\n<p style=\"padding-left: 30px;\"><em><span style=\"color: #999999;\">\u2022 <\/span>les larves ac\u00e9phales, \u00e9galement appel\u00e9es asticots, des Dipt\u00e8res (Cyclorrhaphes comme les Drosophiles et Mouches domestiques), \u00e0 t\u00eate totalement atrophi\u00e9e, aveugles ;<\/em>\n<\/p>\n<p style=\"padding-left: 30px;\"><em><span style=\"color: #999999;\">\u2022 <\/span>les larves cyclopo\u00efdes dont la forme rappelle celle des Cyclops (petits crustac\u00e9s du groupe des Cop\u00e9podes), premi\u00e8res formes larvaires rencontr\u00e9es au cours du cycle de vie de certains Hym\u00e9nopt\u00e8res parasites, transform\u00e9es en larves vermiformes ac\u00e9phales \u00e0 la premi\u00e8re mue.<\/em><\/p>\n<p>&nbsp;<\/p>\n<p><span style=\"color: #999999;\">\u2022 <a name=\"vertebral\"><\/a> <strong>vert\u00e9bral<\/strong><\/span> (vert\u00e9brale ; pluriel : vert\u00e9braux, vert\u00e9brales) : relatif \u00e0 une vert\u00e8bre<br \/>\n<em>vert\u00e9br- = vert\u00e8bre (de vertebra = articulation)<\/em><\/p>\n<p>&nbsp;<\/p>\n<p><span style=\"color: #999999;\">\u2022 <a name=\"vertebre_np\"><\/a> <strong>Vert\u00e9br\u00e9<\/strong><\/span> (nom masculin ; pluriel : Vert\u00e9br\u00e9s) : d\u00e9signe un taxon d&rsquo;animaux caract\u00e9ris\u00e9 notamment par la possession d&rsquo;une colonne vert\u00e9brale constitu\u00e9e de vert\u00e8bres ; les Vert\u00e9br\u00e9s sont des Chord\u00e9s, et comprennent en particulier le Gardon et la Truite (T\u00e9l\u00e9ost\u00e9ens), la Grenouille (Lissamphibien) et la Souris (Mammif\u00e8re)<br \/>\n<em>vert\u00e9br- = vert\u00e8bre (de vertebra = articulation)<\/em><\/p>\n<p>&nbsp;<\/p>\n<p><span style=\"color: #999999;\">\u2022 <a name=\"vertebre\"><\/a> <strong>vert\u00e8bre<\/strong><\/span> (nom f\u00e9minin ; pluriel : vert\u00e8bres) : os du squelette axial (Vert\u00e9br\u00e9s) ; les vert\u00e8bres sont articul\u00e9es entre elles et l&rsquo;ensemble constitue la colonne vert\u00e9brale qui soutient le tronc et abrite la moelle \u00e9pini\u00e8re<br \/>\n<em>(de vertebra = articulation)<\/em><\/p>\n<p>&nbsp;<\/p>\n<p><span style=\"color: #999999;\">\u2022 <a name=\"vertical\"><\/a> <strong>vertical<\/strong><\/span> (verticale ; pluriel : verticaux, verticales) : qui suit la direction de la pesanteur<br \/>\n<em>(de verticis = sommet)<\/em><\/p>\n<p>&nbsp;<\/p>\n<p><span style=\"color: #999999;\">\u2022 <a name=\"vesicule\"><\/a> <strong>v\u00e9sicule<\/strong><\/span> (nom f\u00e9minin ; pluriel : v\u00e9sicules) : \u00e0 l&rsquo;\u00e9chelle de l&rsquo;organisme, poche pouvant contenir un liquide, le cas \u00e9ch\u00e9ant dilatable et r\u00e9alisant un stockage ; la v\u00e9sicule biliaire accumule ainsi la bile, la v\u00e9sicule vitelline est une annexe embryonnaire contenant g\u00e9n\u00e9ralement du vitellus, l&rsquo;enc\u00e9phale est form\u00e9 de v\u00e9sicules creuses remplies de liquide c\u00e9phalorachidien (Vert\u00e9br\u00e9s) ; \u00e0 l&rsquo;\u00e9chelle de la cellule, organite de taille r\u00e9duite contenant une solution compos\u00e9e d&rsquo;eau et de substances dissoutes<br \/>\n<em>(de vesicula = diminutif de vesica = vessie)<\/em><\/p>\n<p>&nbsp;<\/p>\n<p><span style=\"color: #999999;\">\u2022 <a name=\"vessie\"><\/a> <strong>vessie<\/strong><\/span> (nom f\u00e9minin ; pluriel : vessies) : poche dilatable, pouvant contenir un liquide ou un gaz et en r\u00e9aliser le stockage ; la vessie urinaire stocke l&rsquo;urine, la recevant des reins par les uret\u00e8res et la lib\u00e9rant g\u00e9n\u00e9ralement dans l&rsquo;ur\u00e8tre (Vert\u00e9br\u00e9s) ; la vessie gazeuse ou vessie natatoire est une expansion de l&rsquo;\u0153sophage remplie de gaz et impliqu\u00e9e dans la flottabilit\u00e9 (Vert\u00e9br\u00e9s<br \/>\nt\u00e9l\u00e9ost\u00e9ens)<br \/>\n<em>(de vesica = vessie)<\/em><\/p>\n<p>&nbsp;<\/p>\n<p><span style=\"color: #999999;\">\u2022 <a name=\"vibratile\"><\/a> <strong>vibratile<\/strong><\/span> (vibratile ; pluriel : vibratiles, vibratiles) : qui est anim\u00e9 de vibrations (cil par exemple)<br \/>\n<em>(de vibrare = secouer)<\/em><\/p>\n<p>&nbsp;<\/p>\n<p><span style=\"color: #999999;\">\u2022 <a name=\"vibrisse\"><\/a> <strong>vibrisse<\/strong><\/span> (nom f\u00e9minin ; pluriel : vibrisses) : poil \u00e0 r\u00f4le tactile, g\u00e9n\u00e9ralement situ\u00e9 sur la face (Vert\u00e9br\u00e9s mammif\u00e8res)<br \/>\n<em>(de vibrissa = poil [du nez])<\/em><\/p>\n<p>&nbsp;<\/p>\n<p><span style=\"color: #999999;\">\u2022 <a name=\"villosite\"><\/a> <strong>villosit\u00e9<\/strong><\/span> (nom f\u00e9minin ; pluriel : villosit\u00e9s) : expansion filiforme saillant \u00e0 la surface d&rsquo;un organe et lui conf\u00e9rant un aspect velu<br \/>\n<em>(de villosus = velu)<\/em><\/p>\n<p>&nbsp;<\/p>\n<p><span style=\"color: #999999;\">\u2022 <a name=\"visceral\"><\/a> <strong>visc\u00e9ral<\/strong><\/span> (visc\u00e9rale ; pluriel : visc\u00e9raux, visc\u00e9rales) : relatif \u00e0 un visc\u00e8re, ou situ\u00e9 du c\u00f4t\u00e9 interne d&rsquo;une cavit\u00e9 corporelle<br \/>\n<em>visc\u00e9r- = visc\u00e8re (de viscera = entrailles)<\/em><\/p>\n<p>&nbsp;<\/p>\n<p><span style=\"color: #999999;\">\u2022 <a name=\"viscere\"><\/a> <strong>visc\u00e8re<\/strong><\/span> (nom masculin ; pluriel : visc\u00e8res) : organe situ\u00e9 dans une cavit\u00e9 de l&rsquo;organisme (t\u00eate, thorax, abdomen par exemple)<br \/>\n<em>(de viscera = entrailles)<\/em><\/p>\n<p>&nbsp;<\/p>\n<p><span style=\"color: #999999;\">\u2022 <a name=\"visuel\"><\/a> <strong>visuel<\/strong><\/span> (visuelle ; pluriel : visuels, visuelles) : relatif \u00e0 la vue<br \/>\n<em>(de visus = voir)<\/em><\/p>\n<p>&nbsp;<\/p>\n<p><span style=\"color: #999999;\">\u2022 <a name=\"vitellarium\"><\/a> <strong>vitellarium<\/strong><\/span> (nom masculin ; pluriel : vitellariums) : partie de l&rsquo;ovariole dans laquelle les ovules en formation accumulent des r\u00e9serves m\u00e9taboliques (Insectes)<br \/>\n<em>vitell- = vitellus ; -arium = centre (de vitellus = jaune d&rsquo;\u0153uf ; arium = emplacement)<\/em><\/p>\n<p>&nbsp;<\/p>\n<p><span style=\"color: #999999;\">\u2022 <a name=\"vitellin\"><\/a> <strong>vitellin<\/strong><\/span> (vitelline ; pluriel : vitellins, vitellines) : relatif au vitellus<br \/>\n<em>vitell- = vitellus (de vitellus = jaune d&rsquo;\u0153uf)<\/em><\/p>\n<p>&nbsp;<\/p>\n<p><span style=\"color: #999999;\">\u2022 <a name=\"vitellogene\"><\/a> <strong>vitellog\u00e8ne<\/strong><\/span> (vitellog\u00e8ne ; pluriel : vitellog\u00e8nes, vitellog\u00e8nes) : qualifie une structure produisant ou un processus d&rsquo;\u00e9laboration de vitellus<br \/>\n<em>vitellog\u00e8n- = vitellogen\u00e8se (de vitellus = jaune d&rsquo;\u0153uf ; genos = naissance, origine)<\/em><\/p>\n<p>&nbsp;<\/p>\n<p><span style=\"color: #999999;\">\u2022 <a name=\"vitellogenese\"><\/a> <strong>vitellogen\u00e8se<\/strong><\/span> (nom f\u00e9minin ; pluriel : vitellogen\u00e8ses) : processus de production de vitellus<br \/>\n<em>vitell(o)- = vitellus ; gen\u00e8se = production (de vitellus = jaune d&rsquo;\u0153uf ; genos = naissance, origine)<\/em><\/p>\n<p>&nbsp;<\/p>\n<p><span style=\"color: #999999;\">\u2022 <a name=\"vitellus\"><\/a> <strong>vitellus<\/strong><\/span> (nom masculin ; pluriel : vitellus) : ensemble des r\u00e9serves m\u00e9taboliques contenues dans l&rsquo;ovule ou dans l&rsquo;\u0153uf<br \/>\n<em>(de vitellus = jaune d&rsquo;\u0153uf)<\/em><\/p>\n<p>&nbsp;<\/p>\n<p><span style=\"color: #999999;\">\u2022 <a name=\"vivipare\"><\/a> <strong>vivipare<\/strong><\/span> (vivipare ; pluriel : vivipares, vivipares) : qualifie une esp\u00e8ce animale dans laquelle le d\u00e9veloppement de l&#8217;embryon est r\u00e9alis\u00e9 au sein de l&rsquo;organisme femelle, et implique des \u00e9changes de mati\u00e8re et d&rsquo;\u00e9nergie entre embryon et femelle<br \/>\n<em>(de viviparus avec vivus = vivant ; parus = qui produit)<\/em><\/p>\n<p>&nbsp;<\/p>\n<p><span style=\"color: #999999;\">\u2022 <a name=\"viviparite\"><\/a> <strong>viviparit\u00e9<\/strong><\/span> (nom f\u00e9minin ; pluriel : viviparit\u00e9s) : conditions de d\u00e9veloppement ; dans la viviparit\u00e9, les individus se d\u00e9veloppent au sein de l&rsquo;organisme femelle, et des \u00e9changes de mati\u00e8re et d&rsquo;\u00e9nergie ont lieu entre individus en d\u00e9veloppement et femellle ; l&rsquo;\u00e9closion de l&rsquo;\u0153uf et la totalit\u00e9 du d\u00e9veloppement \u00ab\u00a0embryonnaire\u00a0\u00bb se d\u00e9roulent au sein de l&rsquo;organisme parent, les nouveaux individus \u00e9tant lib\u00e9r\u00e9s par parturition, apr\u00e8s une incubation interne plus ou moins longue<br \/>\n<em>vivipar- = vivipare (de viviparus avec vivus = vivant ; parus = qui produit)<\/em><\/p>\n<p>&nbsp;<\/p>\n<p><span style=\"color: #999999;\">\u2022 <a name=\"voie\"><\/a> <strong>voie<\/strong><\/span> (nom f\u00e9minin ; pluriel : voies) : succession de conduits parcourus par un fluide ; par exemple les voies urinaires conduisent l&rsquo;urine, les voies respiratoires acheminent l&rsquo;air<br \/>\n<em>(de via = route)<\/em><\/p>\n<p><\/html><\/p>\n","protected":false},"excerpt":{"rendered":"<p>\u2022 vacuole (nom f\u00e9minin ; pluriel : vacuoles) : organite contenant une solution compos\u00e9e d&rsquo;eau et de substances dissoutes ; chez les eucaryotes unicellulaires les vacuoles jouent des r\u00f4les divers, par exemple les vacuoles digestives sont impliqu\u00e9es dans la digestion des substances nutritives, les vacuoles pulsatiles sont responsables de l&rsquo;\u00e9vacuation de l&rsquo;eau exc\u00e9dentaire en eau [&hellip;]<\/p>\n","protected":false},"author":2,"featured_media":0,"parent":26,"menu_order":22,"comment_status":"closed","ping_status":"closed","template":"","meta":{"site-sidebar-layout":"default","site-content-layout":"","ast-site-content-layout":"default","site-content-style":"default","site-sidebar-style":"default","ast-global-header-display":"","ast-banner-title-visibility":"","ast-main-header-display":"","ast-hfb-above-header-display":"","ast-hfb-below-header-display":"","ast-hfb-mobile-header-display":"","site-post-title":"","ast-breadcrumbs-content":"","ast-featured-img":"","footer-sml-layout":"","ast-disable-related-posts":"","theme-transparent-header-meta":"","adv-header-id-meta":"","stick-header-meta":"","header-above-stick-meta":"","header-main-stick-meta":"","header-below-stick-meta":"","astra-migrate-meta-layouts":"default","ast-page-background-enabled":"default","ast-page-background-meta":{"desktop":{"background-color":"var(--ast-global-color-4)","background-image":"","background-repeat":"repeat","background-position":"center center","background-size":"auto","background-attachment":"scroll","background-type":"","background-media":"","overlay-type":"","overlay-color":"","overlay-opacity":"","overlay-gradient":""},"tablet":{"background-color":"","background-image":"","background-repeat":"repeat","background-position":"center center","background-size":"auto","background-attachment":"scroll","background-type":"","background-media":"","overlay-type":"","overlay-color":"","overlay-opacity":"","overlay-gradient":""},"mobile":{"background-color":"","background-image":"","background-repeat":"repeat","background-position":"center center","background-size":"auto","background-attachment":"scroll","background-type":"","background-media":"","overlay-type":"","overlay-color":"","overlay-opacity":"","overlay-gradient":""}},"ast-content-background-meta":{"desktop":{"background-color":"var(--ast-global-color-5)","background-image":"","background-repeat":"repeat","background-position":"center center","background-size":"auto","background-attachment":"scroll","background-type":"","background-media":"","overlay-type":"","overlay-color":"","overlay-opacity":"","overlay-gradient":""},"tablet":{"background-color":"var(--ast-global-color-5)","background-image":"","background-repeat":"repeat","background-position":"center center","background-size":"auto","background-attachment":"scroll","background-type":"","background-media":"","overlay-type":"","overlay-color":"","overlay-opacity":"","overlay-gradient":""},"mobile":{"background-color":"var(--ast-global-color-5)","background-image":"","background-repeat":"repeat","background-position":"center center","background-size":"auto","background-attachment":"scroll","background-type":"","background-media":"","overlay-type":"","overlay-color":"","overlay-opacity":"","overlay-gradient":""}},"footnotes":""},"class_list":["post-12608","page","type-page","status-publish","hentry"],"aioseo_notices":[],"jetpack_sharing_enabled":true,"_links":{"self":[{"href":"https:\/\/codexvirtualis.fr\/codex\/wp-json\/wp\/v2\/pages\/12608","targetHints":{"allow":["GET"]}}],"collection":[{"href":"https:\/\/codexvirtualis.fr\/codex\/wp-json\/wp\/v2\/pages"}],"about":[{"href":"https:\/\/codexvirtualis.fr\/codex\/wp-json\/wp\/v2\/types\/page"}],"author":[{"embeddable":true,"href":"https:\/\/codexvirtualis.fr\/codex\/wp-json\/wp\/v2\/users\/2"}],"replies":[{"embeddable":true,"href":"https:\/\/codexvirtualis.fr\/codex\/wp-json\/wp\/v2\/comments?post=12608"}],"version-history":[{"count":4,"href":"https:\/\/codexvirtualis.fr\/codex\/wp-json\/wp\/v2\/pages\/12608\/revisions"}],"predecessor-version":[{"id":12612,"href":"https:\/\/codexvirtualis.fr\/codex\/wp-json\/wp\/v2\/pages\/12608\/revisions\/12612"}],"up":[{"embeddable":true,"href":"https:\/\/codexvirtualis.fr\/codex\/wp-json\/wp\/v2\/pages\/26"}],"wp:attachment":[{"href":"https:\/\/codexvirtualis.fr\/codex\/wp-json\/wp\/v2\/media?parent=12608"}],"curies":[{"name":"wp","href":"https:\/\/api.w.org\/{rel}","templated":true}]}}