{"id":12602,"date":"2020-03-21T16:43:37","date_gmt":"2020-03-21T15:43:37","guid":{"rendered":"https:\/\/codexvirtualis.fr\/codex\/?page_id=12602"},"modified":"2020-03-21T16:43:37","modified_gmt":"2020-03-21T15:43:37","slug":"glossaire-u","status":"publish","type":"page","link":"https:\/\/codexvirtualis.fr\/codex\/glossaire\/glossaire-u","title":{"rendered":"Glossaire : U"},"content":{"rendered":"<p><!DOCTYPE html><br \/>\n<html><br \/>\n<span style=\"color: #999999;\">\u2022 <a name=\"ultrafiltration\"><\/a> <strong>ultrafiltration<\/strong><\/span> (nom f\u00e9minin ; pluriel : ultrafiltrations) : processus par lequel un liquide traverse un filtre qui a la propri\u00e9t\u00e9 de retenir certains constituants, d\u00e8s lors que leur dimension est sup\u00e9rieure \u00e0 une valeur limite de l&rsquo;ordre du centi\u00e8me de microm\u00e8tre<br \/>\n<em>ultra- = au-del\u00e0 ; filtration (de ultra = au-del\u00e0 ; filtrum = feutre)<\/em><\/p>\n<p>&nbsp;<\/p>\n<p><span style=\"color: #999999;\">\u2022 <a name=\"ultramicrotome\"><\/a> <strong>ultramicrotome<\/strong><\/span> (nom masculin ; pluriel : ultramicrotomes) : instrument permettant la confection de coupes ultrafines, d&rsquo;\u00e9paisseur comprise le plus souvent entre 60 et 100 nm, destin\u00e9es \u00e0 l&rsquo;observation au microscope \u00e9lectronique \u00e0 transmission<br \/>\n<em>ultra- = au-del\u00e0 ; microtome (de ultra = au-del\u00e0 ; mikros = petit ; temnein = couper)<\/em><\/p>\n<p>&nbsp;<\/p>\n<p><span style=\"color: #999999;\">\u2022 <a name=\"ultrastucture\"><\/a> <strong>ultrastucture<\/strong><\/span> (nom f\u00e9minin ; pluriel : ultrastructures) : organisation fine des cellules, r\u00e9sultant d&rsquo;une observation au microscope \u00e9lectronique<br \/>\n<em>ultra- = au-del\u00e0 ; structure (de ultra = au-del\u00e0 ; structura = construction)<\/em><\/p>\n<p>&nbsp;<\/p>\n<p><span style=\"color: #999999;\">\u2022 <a name=\"unicellulaire\"><\/a> <strong>unicellulaire<\/strong><\/span> (unicellulaire ; pluriel : unicellulaires, unicellulaires) : qualifie une structure ou un organisme constitu\u00e9 d&rsquo;une cellule unique<br \/>\n<em>un(i)- = un ; cellulaire (de unus = un ; cellula = diminutif de cella = chambre)<\/em><\/p>\n<p>&nbsp;<\/p>\n<p><span style=\"color: #999999;\">\u2022 <a name=\"unidirectionnel\"><\/a> <strong>unidirectionnel<\/strong><\/span> (unidirectionnelle ; pluriel : unidirectionnels, unidirectionnelles) : qualifie un flux circulant dans une direction<br \/>\n<em>un(i)- = un ; direction- = direction (de unus = un ; directio = direction)<\/em><\/p>\n<p>&nbsp;<\/p>\n<p><span style=\"color: #999999;\">\u2022 <a name=\"unirame\"><\/a> <strong>uniram\u00e9<\/strong><\/span> (uniram\u00e9e ; pluriel : uniram\u00e9s, uniram\u00e9es) : qualifie une structure form\u00e9e d&rsquo;une unique expansion plate, comme un appendice (Euarthropodes)<br \/>\n<em>un(i)- = un ; ram- = rame (de unus = un ; remus = rame)<\/em><\/p>\n<p>&nbsp;<\/p>\n<p><span style=\"color: #999999;\">\u2022 <a name=\"ureotelie\"><\/a> <strong>ur\u00e9ot\u00e9lie<\/strong><\/span> (nom f\u00e9minin ; pluriel : ur\u00e9ot\u00e9lies) : forme d&rsquo;excr\u00e9tion azot\u00e9e consistant en l&rsquo;\u00e9limination d&rsquo;ur\u00e9e, pr\u00e9sente principalement en milieu a\u00e9rien<br \/>\n<em>ur\u00e9(o)- = ur\u00e9e ; -t\u00e9lie = \u00e9tat final (de urina = urine ; telos = fin)<\/em><\/p>\n<p>&nbsp;<\/p>\n<p><span style=\"color: #999999;\">\u2022 <a name=\"uretere\"><\/a> <strong>uret\u00e8re<\/strong><\/span> (nom masculin ; pluriel : uret\u00e8res) : conduit reliant le rein \u00e0 la vessie ; l&rsquo;uret\u00e8re achemine l&rsquo;urine produite par le rein \u00e0 la vessie qui en r\u00e9alise le stockage (Vert\u00e9br\u00e9s)<br \/>\n<em>(de oureter = m\u00eame sens)<\/em><\/p>\n<p>&nbsp;<\/p>\n<p><span style=\"color: #999999;\">\u2022 <a name=\"uretre\"><\/a> <strong>ur\u00e8tre<\/strong><\/span> (nom masculin ; pluriel : ur\u00e8tres) : conduit reliant la vessie \u00e0 l&rsquo;orifice urinaire (Vert\u00e9br\u00e9s) ; l&rsquo;ur\u00e8tre achemine l&rsquo;urine stock\u00e9e dans la vessie vers le milieu ext\u00e9rieur<br \/>\n<em>(de ourethra = m\u00eame sens)<\/em><\/p>\n<p>&nbsp;<\/p>\n<p><span style=\"color: #999999;\">\u2022 <a name=\"uricot\u00e9lie\"><\/a> <strong>uricot\u00e9lie<\/strong><\/span> (nom f\u00e9minin ; pluriel : uricot\u00e9lies) : forme d&rsquo;excr\u00e9tion azot\u00e9e consistant en l&rsquo;\u00e9limination d&rsquo;acide urique, pr\u00e9sente principalement en milieu a\u00e9rien<br \/>\n<em>uric(o)- = acide urique ; -t\u00e9lie = \u00e9tat final (de urina = urine ; telos = fin)<\/em><\/p>\n<p>&nbsp;<\/p>\n<p><span style=\"color: #999999;\">\u2022 <a name=\"urinaire\"><\/a> <strong>urinaire<\/strong><\/span> (urinaire ; pluriel : urinaires, urinaires) : relatif \u00e0 l&rsquo;urine<br \/>\n<em>urin- = urine (de urina = urine)<\/em><\/p>\n<p>&nbsp;<\/p>\n<p><span style=\"color: #999999;\">\u2022 <a name=\"urine\"><\/a> <strong>urine<\/strong><\/span> (nom f\u00e9minin ; pluriel : urines) : liquide produit par les organes excr\u00e9teurs \u00e0 partir du milieu int\u00e9rieur et d\u00e9vers\u00e9 dans le milieu ext\u00e9rieur ; l&rsquo;urine est une solution aqueuse contenant des substances dissoutes, notamment les d\u00e9chets du m\u00e9tabolisme<br \/>\n<em>(de urina = urine)<\/em><\/p>\n<p>&nbsp;<\/p>\n<p><span style=\"color: #999999;\">\u2022 <a name=\"urochorde\"><\/a> <strong>Urochord\u00e9<\/strong><\/span> (nom masculin ; pluriel : Urochord\u00e9s) : d\u00e9signe un taxon de Chord\u00e9s caract\u00e9ris\u00e9 notamment par la pr\u00e9sence d&rsquo;une chorde au cours du d\u00e9veloppement localis\u00e9e en positions ventrale par rapport au tube nerveux et dorsale par rapport au tube digestif, limit\u00e9e \u00e0 la queue chez la larve ; les Urochord\u00e9s sont en particulier repr\u00e9sent\u00e9s par les Ascidies<br \/>\n<em>ur(o)- = queue ; -chord- = chorde (de oura = queue ; khorde = cordon)<\/em><\/p>\n<p>&nbsp;<\/p>\n<p><span style=\"color: #999999;\">\u2022 <a name=\"urogenital\"><\/a> <strong>urog\u00e9nital<\/strong><\/span> (urog\u00e9nitale ; pluriel : urog\u00e9nitaux, urog\u00e9nitales) : qualifie une structure mixte, relevant de l&rsquo;appareil urinaire et de l&rsquo;appareil g\u00e9nital (Vert\u00e9br\u00e9s)<br \/>\n<em>ur(o)- = urinaire ; g\u00e9nital (de urina =urine ; genitalis = qui engendre)<\/em><\/p>\n<p>&nbsp;<\/p>\n<p><span style=\"color: #999999;\">\u2022 <a name=\"uropygien\"><\/a> <strong>uropygien<\/strong><\/span> (uropygienne ; pluriel : uropygiens, uropygiennes) : relatif au croupion (Oiseaux)<br \/>\n<em>ur(o)- = queue ; -pyge = derri\u00e8re (de ouros = queue ; puge = fesse)<\/em><\/p>\n<p>&nbsp;<\/p>\n<p><span style=\"color: #999999;\">\u2022 <a name=\"urospermiducte\"><\/a> <strong>urospermiducte<\/strong><\/span> (nom masculin ; pluriel : urospermiductes) : canal mixte des appareils urinaire et g\u00e9nital m\u00e2le, acheminant l&rsquo;urine d&rsquo;une part et les spermatozo\u00efdes d&rsquo;autre part (Vert\u00e9br\u00e9s)<br \/>\n<em>ur(o)- = urinaire ; spermiducte (de urina = urine ; sperma = sperme ; ductus = amener, conduire)<\/em><\/p>\n<p>&nbsp;<\/p>\n<p><span style=\"color: #999999;\">\u2022 <a name=\"urothelium\"><\/a> <strong>uroth\u00e9lium<\/strong><\/span> (nom masculin ; pluriel : uroth\u00e9liums) : \u00e9pith\u00e9lium tapissant les voies urinaires (Vert\u00e9br\u00e9s) ; l&rsquo;uroth\u00e9lium est un \u00e9pith\u00e9lium pluristratifi\u00e9, dont les cellules superficielles voient leur forme varier selon la distension de l&rsquo;organe, de cubique \u00e0 pavimenteuse, il est \u00e9galement dit \u00e9pith\u00e9lium de transition<br \/>\n<em>ur(o)- = urinaire ; -th\u00e9lium = tissu de rev\u00eatement (de urina = urine ; thele = mamelon)<\/em><\/p>\n<p>&nbsp;<\/p>\n<p><span style=\"color: #999999;\">\u2022 <a name=\"uterin\"><\/a> <strong>ut\u00e9rin<\/strong><\/span> (ut\u00e9rine ; pluriel : ut\u00e9rins, ut\u00e9rines) : relatif \u00e0 l&rsquo;ut\u00e9rus<br \/>\n<em>ut\u00e9r- = ut\u00e9rus (de uterus = matrice)<\/em><\/p>\n<p>&nbsp;<\/p>\n<p><span style=\"color: #999999;\">\u2022 <a name=\"uterus\"><\/a> <strong>ut\u00e9rus<\/strong><\/span> (nom masculin ; pluriel : ut\u00e9rus) : organe de l&rsquo;appareil g\u00e9nital femelle dans lequel est r\u00e9alis\u00e9 le d\u00e9veloppement des embryons (Plathelminthes, Insectes, Vert\u00e9br\u00e9s mammif\u00e8res) ; l&rsquo;ut\u00e9rus peut \u00eatre impliqu\u00e9 dans une simple incubation des \u0153ufs (oviparit\u00e9) ou dans l&rsquo;\u00e9tablissement de relations trophiques entre embryon et femelle (viviparit\u00e9)<br \/>\n<em>(de uterus = matrice)<\/em><\/p>\n<p><\/html><\/p>\n","protected":false},"excerpt":{"rendered":"<p>\u2022 ultrafiltration (nom f\u00e9minin ; pluriel : ultrafiltrations) : processus par lequel un liquide traverse un filtre qui a la propri\u00e9t\u00e9 de retenir certains constituants, d\u00e8s lors que leur dimension est sup\u00e9rieure \u00e0 une valeur limite de l&rsquo;ordre du centi\u00e8me de microm\u00e8tre ultra- = au-del\u00e0 ; filtration (de ultra = au-del\u00e0 ; filtrum = feutre) [&hellip;]<\/p>\n","protected":false},"author":2,"featured_media":0,"parent":26,"menu_order":21,"comment_status":"closed","ping_status":"closed","template":"","meta":{"site-sidebar-layout":"default","site-content-layout":"","ast-site-content-layout":"default","site-content-style":"default","site-sidebar-style":"default","ast-global-header-display":"","ast-banner-title-visibility":"","ast-main-header-display":"","ast-hfb-above-header-display":"","ast-hfb-below-header-display":"","ast-hfb-mobile-header-display":"","site-post-title":"","ast-breadcrumbs-content":"","ast-featured-img":"","footer-sml-layout":"","ast-disable-related-posts":"","theme-transparent-header-meta":"","adv-header-id-meta":"","stick-header-meta":"","header-above-stick-meta":"","header-main-stick-meta":"","header-below-stick-meta":"","astra-migrate-meta-layouts":"default","ast-page-background-enabled":"default","ast-page-background-meta":{"desktop":{"background-color":"var(--ast-global-color-4)","background-image":"","background-repeat":"repeat","background-position":"center center","background-size":"auto","background-attachment":"scroll","background-type":"","background-media":"","overlay-type":"","overlay-color":"","overlay-opacity":"","overlay-gradient":""},"tablet":{"background-color":"","background-image":"","background-repeat":"repeat","background-position":"center center","background-size":"auto","background-attachment":"scroll","background-type":"","background-media":"","overlay-type":"","overlay-color":"","overlay-opacity":"","overlay-gradient":""},"mobile":{"background-color":"","background-image":"","background-repeat":"repeat","background-position":"center center","background-size":"auto","background-attachment":"scroll","background-type":"","background-media":"","overlay-type":"","overlay-color":"","overlay-opacity":"","overlay-gradient":""}},"ast-content-background-meta":{"desktop":{"background-color":"var(--ast-global-color-5)","background-image":"","background-repeat":"repeat","background-position":"center center","background-size":"auto","background-attachment":"scroll","background-type":"","background-media":"","overlay-type":"","overlay-color":"","overlay-opacity":"","overlay-gradient":""},"tablet":{"background-color":"var(--ast-global-color-5)","background-image":"","background-repeat":"repeat","background-position":"center center","background-size":"auto","background-attachment":"scroll","background-type":"","background-media":"","overlay-type":"","overlay-color":"","overlay-opacity":"","overlay-gradient":""},"mobile":{"background-color":"var(--ast-global-color-5)","background-image":"","background-repeat":"repeat","background-position":"center center","background-size":"auto","background-attachment":"scroll","background-type":"","background-media":"","overlay-type":"","overlay-color":"","overlay-opacity":"","overlay-gradient":""}},"footnotes":""},"class_list":["post-12602","page","type-page","status-publish","hentry"],"aioseo_notices":[],"jetpack_sharing_enabled":true,"_links":{"self":[{"href":"https:\/\/codexvirtualis.fr\/codex\/wp-json\/wp\/v2\/pages\/12602","targetHints":{"allow":["GET"]}}],"collection":[{"href":"https:\/\/codexvirtualis.fr\/codex\/wp-json\/wp\/v2\/pages"}],"about":[{"href":"https:\/\/codexvirtualis.fr\/codex\/wp-json\/wp\/v2\/types\/page"}],"author":[{"embeddable":true,"href":"https:\/\/codexvirtualis.fr\/codex\/wp-json\/wp\/v2\/users\/2"}],"replies":[{"embeddable":true,"href":"https:\/\/codexvirtualis.fr\/codex\/wp-json\/wp\/v2\/comments?post=12602"}],"version-history":[{"count":3,"href":"https:\/\/codexvirtualis.fr\/codex\/wp-json\/wp\/v2\/pages\/12602\/revisions"}],"predecessor-version":[{"id":12605,"href":"https:\/\/codexvirtualis.fr\/codex\/wp-json\/wp\/v2\/pages\/12602\/revisions\/12605"}],"up":[{"embeddable":true,"href":"https:\/\/codexvirtualis.fr\/codex\/wp-json\/wp\/v2\/pages\/26"}],"wp:attachment":[{"href":"https:\/\/codexvirtualis.fr\/codex\/wp-json\/wp\/v2\/media?parent=12602"}],"curies":[{"name":"wp","href":"https:\/\/api.w.org\/{rel}","templated":true}]}}