{"id":12586,"date":"2020-03-21T16:29:19","date_gmt":"2020-03-21T15:29:19","guid":{"rendered":"https:\/\/codexvirtualis.fr\/codex\/?page_id=12586"},"modified":"2020-03-21T16:31:00","modified_gmt":"2020-03-21T15:31:00","slug":"glossaire-r","status":"publish","type":"page","link":"https:\/\/codexvirtualis.fr\/codex\/glossaire\/glossaire-r","title":{"rendered":"Glossaire : R"},"content":{"rendered":"<p><!DOCTYPE html><br \/>\n<html><br \/>\n<span style=\"color: #999999;\">\u2022 <a name=\"rachidien\"><\/a> <strong>rachidien<\/strong><\/span> (rachidienne ; pluriel : rachidiens, rachidiennes) : relatif au rachis (colonne vert\u00e9brale ou axe de plume \u2013 Vert\u00e9br\u00e9s)<br \/>\n<em>rachi- = rachis (de rakhis = axe \u00e9troit)<\/em><\/p>\n<p>&nbsp;<\/p>\n<p><span style=\"color: #999999;\">\u2022 <a name=\"rachiglosse\"><\/a> <strong>rachiglosse<\/strong><\/span> (rachiglosse ; pluriel : rachiglosses, rachiglosses) : qualifie une radula \u00e9troite, aux dents peu nombreuses, m\u00e9diane et lat\u00e9rales, les dents marginales manquant<br \/>\n<em>rachi- = \u00e9troit ; glosse = langue, trompe (de rakhis = axe \u00e9troit ; glossa = langue)<\/em><\/p>\n<p>&nbsp;<\/p>\n<p><span style=\"color: #999999;\">\u2022 <a name=\"rachis\"><\/a> <strong>rachis<\/strong><\/span> (nom masculin ; pluriel : rachis) : axe longitudinal portant des pi\u00e8ces semblables de part et d&rsquo;autre, comme la colonne vert\u00e9brale (Vert\u00e9br\u00e9s) ou l&rsquo;axe de la plume (Oiseaux)<br \/>\n<em>(de rakhis = axe \u00e9troit)<\/em><\/p>\n<p>&nbsp;<\/p>\n<p><span style=\"color: #999999;\">\u2022 <a name=\"racine\"><\/a> <strong>racine<\/strong><\/span> (nom f\u00e9minin ; pluriel : racines) : point d&rsquo;origine d&rsquo;un organe comme un vaisseau art\u00e9riel (racine aortique des Vert\u00e9br\u00e9s) ou un phan\u00e8re (racine du poil des Mammif\u00e8res)<br \/>\n<em>(de radix = racine)<\/em><\/p>\n<p>&nbsp;<\/p>\n<p><span style=\"color: #999999;\">\u2022 <a name=\"radiaire\"><\/a> <strong>radiaire<\/strong><\/span> (radiaire ; pluriel : radiaires, radiaires) : qualifie une sym\u00e9trie dans laquelle les structures sont r\u00e9p\u00e9t\u00e9es autour d&rsquo;un axe, selon des plans rayonnants ; radiaire et radi\u00e9 sont<br \/>\nsynonymes<br \/>\n<em>radi- = radius (de radius = rayon, baguette)<\/em><\/p>\n<p>&nbsp;<\/p>\n<p><span style=\"color: #999999;\">\u2022 <a name=\"radial\"><\/a> <strong>radial<\/strong><\/span> (radiale ; pluriel : radiaux, radiales) : relatif \u00e0 un radius<br \/>\n<em>radi- = radius (de  radius = rayon, baguette)<\/em><\/p>\n<p>&nbsp;<\/p>\n<p><span style=\"color: #999999;\">\u2022 <a name=\"radie\"><\/a> <strong>radi\u00e9<\/strong><\/span> (radi\u00e9e ; pluriel : radi\u00e9s, radi\u00e9es) : qualifie une sym\u00e9trie dans laquelle les structures sont r\u00e9p\u00e9t\u00e9es autour d&rsquo;un axe, selon des plans rayonnants ; radi\u00e9 et radiaire sont synonymes<br \/>\n<em>radi- = radius (de radius = rayon, baguette)<\/em><\/p>\n<p>&nbsp;<\/p>\n<p><span style=\"color: #999999;\">&bull; <a name=\"radiole\"><\/a><strong>radiole<\/strong><\/span> : tentacule d&rsquo;Ann\u00e9lide dont la structure comprend du tissu de soutien cartilagineux, des vaisseaux sanguins et des nerfs longitudinaux<\/p>\n<p>&nbsp;<\/p>\n<p><span style=\"color: #999999;\">\u2022 <a name=\"radius\"><\/a> <strong>radius<\/strong><\/span> (nom masculin ; pluriel : radius) : r\u00e9gion du corps portant des pieds ambulacraires, \u00e9galement appel\u00e9e zone ambulacraire (\u00c9chinodermes) ; os de l&rsquo;avant-bras (Vert\u00e9br\u00e9s)<br \/>\n<em>(de radius = rayon, baguette)<\/em><\/p>\n<p>&nbsp;<\/p>\n<p><span style=\"color: #999999;\">\u2022 <a name=\"radula\"><\/a> <strong>radula<\/strong><\/span> (nom f\u00e9minin ; pluriel : radulas) : ruban portant des dents, associ\u00e9 \u00e0 la cavit\u00e9 buccale et anim\u00e9 de mouvements de va-et-vient, permettant de racler des particules alimentaires (Eumollusques)<br \/>\n<em>(de radula = racloir)<\/em><\/p>\n<p>&nbsp;<\/p>\n<p><span style=\"color: #999999;\">\u2022 <a name=\"radulaire\"><\/a> <strong>radulaire<\/strong><\/span> (radulaire ; pluriel : radulaires, radulaires) : relatif \u00e0 une radula<br \/>\n<em>radula- = radula (de radula = racloir)<\/em><\/p>\n<p>&nbsp;<\/p>\n<p><span style=\"color: #999999;\">\u2022 <a name=\"ramifie\"><\/a> <strong>ramifi\u00e9<\/strong><\/span> (ramifi\u00e9e ; pluriel : ramifi\u00e9s,ramifi\u00e9es) : qualifie une structure divis\u00e9e en sous-unit\u00e9s ; une glande exocrine ramifi\u00e9e pr\u00e9sente plusieurs sous-unit\u00e9s s\u00e9cr\u00e9trices, reli\u00e9es au m\u00eame canal \u00e9vacuateur<br \/>\n<em>(de ramus = branche)<\/em><\/p>\n<p>&nbsp;<\/p>\n<p><span style=\"color: #999999;\">\u2022 <a name=\"rate\"><\/a> <strong>rate<\/strong><\/span> (nom f\u00e9minin ; pluriel : rates) : organe lympho\u00efde secondaire abdominal, \u00e9galement impliqu\u00e9 dans l&rsquo;h\u00e9matopo\u00ef\u00e8se et l&rsquo;\u00e9limination des \u00e9rythrocytes alt\u00e9r\u00e9s (Mammif\u00e8res)<br \/>\n<em>(du n\u00e9erlandais rate = rayon de miel)<\/em><\/p>\n<p>&nbsp;<\/p>\n<p><span style=\"color: #999999;\">&bull; <a name=\"ravisseuse\"><\/a><strong>ravisseuse<\/strong><\/span> : qualifie une structure (g\u00e9n\u00e9ralement une patte) adapt\u00e9e \u00e0 la pr\u00e9hension, permettant de saisir et d\u2019attraper une proie par exemple<\/p>\n<p>&nbsp;<\/p>\n<p><span style=\"color: #999999;\">\u2022 <a name=\"rayon\"><\/a> <strong>rayon<\/strong><\/span> (nom masculin ; pluriel : rayons) : segment dont une extr\u00e9mit\u00e9 constitue le centre d&rsquo;un cercle ou d&rsquo;une sph\u00e8re et l&rsquo;autre un point du cercle ou de la sph\u00e8re ; structure rigide soutenant une nageoire (Vert\u00e9br\u00e9s)<br \/>\n<em>(de radius = rayon)<\/em><\/p>\n<p>&nbsp;<\/p>\n<p><span style=\"color: #999999;\">\u2022 <a name=\"rayonne\"><\/a> <strong>rayonn\u00e9<\/strong><\/span> (rayonn\u00e9e ; pluriel : rayonn\u00e9s, rayonn\u00e9es) : qualifie une sym\u00e9trie dans laquelle les structures sont r\u00e9p\u00e9t\u00e9es autour d&rsquo;un axe, selon des plans rayonnants<br \/>\n<em>rayon- = rayon (de radius = rayon)<\/em><\/p>\n<p>&nbsp;<\/p>\n<p><span style=\"color: #999999;\">\u2022 <a name=\"reabsorption\"><\/a> <strong>r\u00e9absorption<\/strong><\/span> (nom f\u00e9minin ; pluriel : r\u00e9absorptions) : nouvelle absorption d&rsquo;une substance, apr\u00e8s une premi\u00e8re absorption suivie d&rsquo;une s\u00e9cr\u00e9tion ou d&rsquo;une excr\u00e9tion<br \/>\n<em>absorption (de re = r\u00e9p\u00e9tition ; absorbere = avaler)<\/em><\/p>\n<p>&nbsp;<\/p>\n<p><span style=\"color: #999999;\">\u2022 <a name=\"recepteur_n\"><\/a> <strong>r\u00e9cepteur<\/strong><\/span> (nom masculin ; pluriel : r\u00e9cepteurs) : structure sensible \u00e0 une stimulation ou un message, impliqu\u00e9e dans la premi\u00e8re phase de la r\u00e9ponse biologique ; un r\u00e9cepteur peut \u00eatre un organe, une cellule ou une mol\u00e9cule<br \/>\n<em>(de receptus = recevoir)<\/em><\/p>\n<p>&nbsp;<\/p>\n<p><span style=\"color: #999999;\">\u2022 <a name=\"recepteur_a\"><\/a> <strong>r\u00e9cepteur<\/strong><\/span> (r\u00e9ceptrice ; pluriel : r\u00e9cepteurs, r\u00e9ceptrices) : qualifie une structure qui re\u00e7oit une stimulation ou un message<br \/>\n<em>(de receptus = recevoir)<\/em><\/p>\n<p>&nbsp;<\/p>\n<p><span style=\"color: #999999;\">\u2022 <a name=\"reception\"><\/a> <strong>r\u00e9ception<\/strong><\/span> (nom f\u00e9minin ; pluriel : r\u00e9ceptions) : action de recevoir une stimulation ou un message<br \/>\n<em>(de recipere = recevoir)<\/em><\/p>\n<p>&nbsp;<\/p>\n<p><span style=\"color: #999999;\">\u2022 <a name=\"rectum\"><\/a> <strong>rectum<\/strong><\/span> (nom masculin ; pluriel : rectums) : partie post\u00e9rieure de l&rsquo;intestin, termin\u00e9e par l&rsquo;anus<br \/>\n<em>(abr\u00e9viation de intestinum rectum = intestin droit)<\/em><\/p>\n<p>&nbsp;<\/p>\n<p><span style=\"color: #999999;\">\u2022 <a name=\"reflexe\"><\/a> <strong>r\u00e9flexe<\/strong><\/span> (nom masculin ; pluriel : r\u00e9flexes) : r\u00e9ception de et r\u00e9ponse \u00e0 une stimulation, automatiques et involontaires, impliquant des centres nerveux p\u00e9riph\u00e9riques ou centraux mais ind\u00e9pendantes du cerveau<br \/>\n<em>(de reflexus = r\u00e9flexe)<\/em><\/p>\n<p>&nbsp;<\/p>\n<p><span style=\"color: #999999;\">\u2022 <a name=\"regionalisation\"><\/a> <strong>r\u00e9gionalisation<\/strong><\/span> (nom f\u00e9minin ; pluriel :  r\u00e9gionalisations) : formation de zones sp\u00e9cialis\u00e9es de par leurs structures et leurs fonctions, \u00e0 l&rsquo;\u00e9chelle de l&rsquo;organisme, de l&rsquo;organe ou de la cellule<br \/>\n<em>(de regio = fronti\u00e8re, r\u00e9gion)<\/em><\/p>\n<p>&nbsp;<\/p>\n<p><span style=\"color: #999999;\">\u2022 <a name=\"regionalise\"><\/a> <strong>r\u00e9gionalis\u00e9<\/strong><\/span> (r\u00e9gionalis\u00e9e ; pluriel : r\u00e9gionalis\u00e9s, r\u00e9gionalis\u00e9es) : qui pr\u00e9sente des zones sp\u00e9cialis\u00e9es de par leurs organisations et leurs fonctions<br \/>\n<em>r\u00e9gionalis- = r\u00e9gionalisation (de regio = fronti\u00e8re, r\u00e9gion)<\/em><\/p>\n<p>&nbsp;<\/p>\n<p><span style=\"color: #999999;\">\u2022 <a name=\"regulation\"><\/a> <strong>r\u00e9gulation<\/strong><\/span> (nom f\u00e9minin ; pluriel : r\u00e9gulations) : processus permettant de maintenir un param\u00e8tre dans une fourchette de valeurs ; les acteurs d&rsquo;une r\u00e9gulation sont un capteur sensible au param\u00e8tre r\u00e9gul\u00e9, un centre int\u00e9grateur comparant la valeur transmise par le capteur \u00e0 un point de consigne et le cas \u00e9ch\u00e9ant un ensemble d&rsquo;effecteurs dont l&rsquo;action permet de contrecarrer l&rsquo;\u00e9ventuelle perturbation du param\u00e8tre en r\u00e9ponse au message d&rsquo;erreur \u00e9mis par le centre int\u00e9grateur<br \/>\n<em>(de regularer = r\u00e9gler)<\/em><\/p>\n<p>&nbsp;<\/p>\n<p><span style=\"color: #999999;\">\u2022 <a name=\"rein\"><\/a> <strong>rein<\/strong><\/span> (nom masculin ; pluriel : reins) : organe excr\u00e9teur pair, responsable de la formation de l&rsquo;urine par filtration du liquide circulant, fr\u00e9quemment impliqu\u00e9 dans le maintien de l&rsquo;\u00e9quilibre hydromin\u00e9ral (Vert\u00e9br\u00e9s)<br \/>\n<em>(de ren = rein)<\/em><\/p>\n<p>&nbsp;<\/p>\n<p><span style=\"color: #999999;\">\u2022 <a name=\"renal\"><\/a> <strong>r\u00e9nal<\/strong><\/span> (r\u00e9nale ; pluriel : r\u00e9naux, r\u00e9nales) : relatif \u00e0 un rein<br \/>\n<em>r\u00e9n- = rein (de ren = rein)<\/em><\/p>\n<p>&nbsp;<\/p>\n<p><span style=\"color: #999999;\">\u2022 <a name=\"renette\"><\/a> <strong>r\u00e9nette<\/strong><\/span> (nom f\u00e9minin ; pluriel : r\u00e9nettes) : cellule s\u00e9cr\u00e9trice pr\u00e9sentant un canal ouvert sur l&rsquo;ext\u00e9rieur par un pore, impliqu\u00e9e dans l&rsquo;excr\u00e9tion (N\u00e9matodes)<br \/>\n<em>(de ren = rein)<\/em><\/p>\n<p>&nbsp;<\/p>\n<p><span style=\"color: #999999;\">\u2022 <a name=\"reniforme\"><\/a> <strong>r\u00e9niforme<\/strong><\/span> (r\u00e9niforme ; pluriel : r\u00e9niformes, r\u00e9niformes) : qui est en forme de rein<br \/>\n<em>r\u00e9n- = rein ; forme = en forme de (de ren = rein ; forma = forme)<\/em><\/p>\n<p>&nbsp;<\/p>\n<p><span style=\"color: #999999;\">\u2022 <a name=\"reproducteur\"><\/a> <strong>reproducteur<\/strong><\/span> (reproductrice ; pluriel : reproducteurs, reproductrices) : impliqu\u00e9 dans la reproduction<br \/>\n<em>reproduct- = reproduction (de re = r\u00e9p\u00e9tition ; producere = engendrer)<\/em><\/p>\n<p>&nbsp;<\/p>\n<p><span style=\"color: #999999;\">\u2022 <a name=\"reproduction\"><\/a> <strong>reproduction<\/strong><\/span> (nom f\u00e9minin ; pluriel : reproductions) : fonction des \u00eatres vivants par laquelle de nouveaux individus sont produits ; la reproduction peut impliquer des gam\u00e8tes compl\u00e9mentaires, issus d&rsquo;un processus de m\u00e9iose, dont la fusion ou f\u00e9condation est \u00e0 l&rsquo;origine de nouveaux individus, elle est alors dite sexu\u00e9e ; la reproduction peut par ailleurs r\u00e9sulter de divisions mitotiques \u00e0 l&rsquo;origine de nouveaux individus, elle est alors qualifi\u00e9e d&rsquo;asexu\u00e9e<br \/>\n<em>re- = r\u00e9p\u00e9tition ; production (de re = r\u00e9p\u00e9tition ; producere = engendrer)<\/em><\/p>\n<p>&nbsp;<\/p>\n<p><span style=\"color: #999999;\">\u2022 <a name=\"reproductif\"><\/a> <strong>reproductif<\/strong><\/span> (reproductive ; pluriel : reproductifs, reproductives) : relatif \u00e0 la reproduction<br \/>\n<em>reproduct- = reproduction (de re = r\u00e9p\u00e9tition ; producere = engendrer)<\/em><\/p>\n<p>&nbsp;<\/p>\n<p><span style=\"color: #999999;\">\u2022 <a name=\"resiline\"><\/a> <strong>r\u00e9siline<\/strong><\/span> (nom f\u00e9minin ; pluriel : r\u00e9silines) : prot\u00e9ine pr\u00e9sente dans la cuticule, notamment au niveau des membranes articulaires, ayant une importante \u00e9lasticit\u00e9 (Euarthropodes)<br \/>\n<em>(de resilire = d\u00e9tendre)<\/em><\/p>\n<p>&nbsp;<\/p>\n<p><span style=\"color: #999999;\">\u2022 <a name=\"respiration\"><\/a> <strong>respiration<\/strong><\/span> (nom f\u00e9minin ; pluriel : respirations) : voie m\u00e9tabolique consistant en l&rsquo;oxydation des nutriments, impliquant g\u00e9n\u00e9ralement la consommation de dioxyg\u00e8ne et la production de dioxyde de carbone, et permettant la formation d&rsquo;ATP (ad\u00e9nosine triphosphate) ; \u00e0 l&rsquo;\u00e9chelle de l&rsquo;organisme, des \u00e9changes de gaz respiratoires sont r\u00e9alis\u00e9s avec le milieu par les animaux (absorption de dioxyg\u00e8ne et rejet de dioxyde de carbone), en relation avec cette voie m\u00e9tabolique, parfois d\u00e9sign\u00e9s par le terme respiration<br \/>\n<em>(de respiratio = respiration)<\/em><\/p>\n<p>&nbsp;<\/p>\n<p><span style=\"color: #999999;\">\u2022 <a name=\"respiratoire\"><\/a> <strong>respiratoire<\/strong><\/span> (respiratoire ; pluriel : respiratoires, respiratoires) : relatif \u00e0 la respiration<br \/>\n<em>respirat- = respiration (de respiratio = respiration)<\/em><\/p>\n<p>&nbsp;<\/p>\n<p><span style=\"color: #999999;\">\u2022 <a name=\"reticule\"><\/a> <strong>r\u00e9ticul\u00e9<\/strong><\/span> (r\u00e9ticul\u00e9e ; pluriel : r\u00e9ticul\u00e9s, r\u00e9ticul\u00e9es) : qui forme un r\u00e9seau<br \/>\n<em>(de reticulum = diminutif de retis = filet, r\u00e9seau)<\/em><\/p>\n<p>&nbsp;<\/p>\n<p><span style=\"color: #999999;\">\u2022 <a name=\"retine\"><\/a> <strong>r\u00e9tine<\/strong><\/span> (nom f\u00e9minin ; pluriel : r\u00e9tines) : tunique tapissant le fond de l&rsquo;\u0153il, form\u00e9e des photor\u00e9cepteurs (Vert\u00e9br\u00e9s)<br \/>\n<em>(de retina = r\u00e9tine)<\/em><\/p>\n<p>&nbsp;<\/p>\n<p><span style=\"color: #999999;\">\u2022 <a name=\"retinien\"><\/a> <strong>r\u00e9tinien<\/strong><\/span> (r\u00e9tinienne ; pluriel : r\u00e9tiniens, r\u00e9tiniennes) : relatif \u00e0 la r\u00e9tine<br \/>\n<em>r\u00e9tin- = r\u00e9tine (de retina = r\u00e9tine)<\/em><\/p>\n<p>&nbsp;<\/p>\n<p><span style=\"color: #999999;\">\u2022 <a name=\"retinule\"><\/a> <strong>r\u00e9tinule<\/strong><\/span> (nom f\u00e9minin ; pluriel : r\u00e9tinules) : groupe de six \u00e0 huit cellules photosensibles allong\u00e9es, dont les prolongements forment le rhabdome central dans une ommatidie (Euarthropodes) ; la r\u00e9tinule est elle-m\u00eame entour\u00e9e de cellules pigmentaires<br \/>\n<em>(de retinula, diminutif de retina = r\u00e9tine)<\/em><\/p>\n<p>&nbsp;<\/p>\n<p><span style=\"color: #999999;\">\u2022 <a name=\"retracteur\"><\/a> <strong>r\u00e9tracteur<\/strong><\/span> (r\u00e9tractrice ; pluriel : r\u00e9tracteurs, r\u00e9tractrices) : qualifie un muscle dont la contraction provoque un retrait vers l&rsquo;arri\u00e8re d&rsquo;un organe<br \/>\n<em>(de retrahere = tirer en arri\u00e8re)<\/em><\/p>\n<p>&nbsp;<\/p>\n<p><span style=\"color: #999999;\">\u2022 <a name=\"rhabdite\"><\/a> <strong>rhabdite<\/strong><\/span> (nom masculin ; pluriel : rhabdites) : inclusion<br \/>\nen forme de baguette, pr\u00e9sente dans les cellules \u00e9pidermiques et&nbsp;\/&nbsp;ou produite par une glande m\u00e9sodermique, lib\u00e9r\u00e9e dans du mucus \u00e0 la surface du corps o\u00f9 elle joue un r\u00f4le r\u00e9pulsif apr\u00e8s dissolution dans l&rsquo;eau (Plathelminthes)<br \/>\n<em>(de rhabdos = baguette)<\/em><\/p>\n<p>&nbsp;<\/p>\n<p><span style=\"color: #999999;\">\u2022 <a name=\"rhabdome\"><\/a> <strong>rhabdome<\/strong><\/span> (nom masculin ; pluriel : rhabdomes) : structure centrale photosensible d&rsquo;une ommatidie entour\u00e9e de la r\u00e9tinule et des cellules pigmentaires (Euarthropodes) ; le rhabdome est constitu\u00e9 d&rsquo;unit\u00e9s engren\u00e9es appel\u00e9es rhabdom\u00e8res, expansions des cellules photor\u00e9ceptrices de la r\u00e9tinule au sein desquelles sont localis\u00e9s les pigments photor\u00e9cepteurs<br \/>\n<em>(de rhabdos = baguette)<\/em><\/p>\n<p>&nbsp;<\/p>\n<p><span style=\"color: #999999;\">\u2022 <a name=\"rhombencephale\"><\/a> <strong>rhombenc\u00e9phale<\/strong><\/span> (nom masculin ; pluriel : rhombenc\u00e9phales) : troisi\u00e8me v\u00e9sicule de l&rsquo;enc\u00e9phale embryonnaire, \u00e0 l&rsquo;origine du m\u00e9tenc\u00e9phale et du my\u00e9lenc\u00e9phale (Vert\u00e9br\u00e9s)<br \/>\n<em>rhomb- = losange ; enc\u00e9phale (de rhombos = losange ; egkaphalos = qui est dans la t\u00eate)<\/em><\/p>\n<p>&nbsp;<\/p>\n<p><span style=\"color: #999999;\">\u2022 <a name=\"rhipidoglosse\"><\/a> <strong>rhipidoglosse<\/strong><\/span> (rhipidoglosse ; pluriel : rhipidoglosses, rhipidoglosses) : qualifie une radula large aux dents nombreuses, m\u00e9diane, lat\u00e9rales et marginales<br \/>\n<em>rhipid(o)- = \u00e9ventail ; glosse = langue, trompe (de rhipidos = \u00e9ventail ; glossa = langue)<\/em><\/p>\n<p>&nbsp;<\/p>\n<p><span style=\"color: #999999;\">\u2022 <a name=\"rhizarien\"><\/a> <strong>Rhizarien<\/strong><\/span> (nom masculin ; pluriel : Rhizariens) : d\u00e9signe un taxon d&rsquo;Eucaryotes unicellulaires caract\u00e9ris\u00e9s notamment par leur capacit\u00e9 \u00e0 former de fins pseudopodes ; les Rhizariens incluent les Cercozoaires, les Foraminif\u00e8res et les Radiolaires<br \/>\n<em>(de rhiza = racine)<\/em><\/p>\n<p>&nbsp;<\/p>\n<p><span style=\"color: #999999;\">\u2022 <a name=\"rostre\"><\/a> <strong>rostre<\/strong><\/span> (nom masculin ; pluriel : rostres) : structure ant\u00e9rieure et pointue, port\u00e9e par la t\u00eate ; le rostre peut \u00eatre une expansion pointue de la cuticule c\u00e9phalique ou un appareil impliqu\u00e9 dans la prise de nourriture constitu\u00e9 de pi\u00e8ces buccales (Euarthropodes)<br \/>\n<em>(de rostrum = en forme de bec, \u00e9peron)<\/em><\/p>\n<p>&nbsp;<\/p>\n<p><span style=\"color: #999999;\">\u2022 <a name=\"rostrocaudal\"><\/a> <strong>rostrocaudal<\/strong><\/span> (rostrocaudale ; pluriel : rostrocaudaux, rostrocaudales) : qualifie un objet (axe, gradient par exemple) s&rsquo;\u00e9tendant du rostre \u00e0 la queue d&rsquo;un organisme animal ; le terme rostrocaudal est parfois utilis\u00e9 comme synonyme d&rsquo;ant\u00e9ropost\u00e9rieur<br \/>\n<em>rostr- = rostre ; caudal (de rostrum = en forme de bec, \u00e9peron ; cauda = queue)<\/em><\/p>\n<p>&nbsp;<\/p>\n<p><span style=\"color: #999999;\">\u2022 <a name=\"ruminer\"><\/a> <strong>ruminer<\/strong><\/span> (verbe) : r\u00e9gurgiter le bol alimentaire contenu dans la panse, le m\u00e2cher avant de l&rsquo;avaler une nouvelle fois (Mammif\u00e8res ruminants)<br \/>\n<em>(de ruminare = ruminer)<\/em><\/p>\n<p><\/html><\/p>\n","protected":false},"excerpt":{"rendered":"<p>\u2022 rachidien (rachidienne ; pluriel : rachidiens, rachidiennes) : relatif au rachis (colonne vert\u00e9brale ou axe de plume \u2013 Vert\u00e9br\u00e9s) rachi- = rachis (de rakhis = axe \u00e9troit) &nbsp; \u2022 rachiglosse (rachiglosse ; pluriel : rachiglosses, rachiglosses) : qualifie une radula \u00e9troite, aux dents peu nombreuses, m\u00e9diane et lat\u00e9rales, les dents marginales manquant rachi- = [&hellip;]<\/p>\n","protected":false},"author":2,"featured_media":0,"parent":26,"menu_order":18,"comment_status":"closed","ping_status":"closed","template":"","meta":{"site-sidebar-layout":"default","site-content-layout":"","ast-site-content-layout":"default","site-content-style":"default","site-sidebar-style":"default","ast-global-header-display":"","ast-banner-title-visibility":"","ast-main-header-display":"","ast-hfb-above-header-display":"","ast-hfb-below-header-display":"","ast-hfb-mobile-header-display":"","site-post-title":"","ast-breadcrumbs-content":"","ast-featured-img":"","footer-sml-layout":"","ast-disable-related-posts":"","theme-transparent-header-meta":"","adv-header-id-meta":"","stick-header-meta":"","header-above-stick-meta":"","header-main-stick-meta":"","header-below-stick-meta":"","astra-migrate-meta-layouts":"default","ast-page-background-enabled":"default","ast-page-background-meta":{"desktop":{"background-color":"var(--ast-global-color-4)","background-image":"","background-repeat":"repeat","background-position":"center center","background-size":"auto","background-attachment":"scroll","background-type":"","background-media":"","overlay-type":"","overlay-color":"","overlay-opacity":"","overlay-gradient":""},"tablet":{"background-color":"","background-image":"","background-repeat":"repeat","background-position":"center center","background-size":"auto","background-attachment":"scroll","background-type":"","background-media":"","overlay-type":"","overlay-color":"","overlay-opacity":"","overlay-gradient":""},"mobile":{"background-color":"","background-image":"","background-repeat":"repeat","background-position":"center center","background-size":"auto","background-attachment":"scroll","background-type":"","background-media":"","overlay-type":"","overlay-color":"","overlay-opacity":"","overlay-gradient":""}},"ast-content-background-meta":{"desktop":{"background-color":"var(--ast-global-color-5)","background-image":"","background-repeat":"repeat","background-position":"center center","background-size":"auto","background-attachment":"scroll","background-type":"","background-media":"","overlay-type":"","overlay-color":"","overlay-opacity":"","overlay-gradient":""},"tablet":{"background-color":"var(--ast-global-color-5)","background-image":"","background-repeat":"repeat","background-position":"center center","background-size":"auto","background-attachment":"scroll","background-type":"","background-media":"","overlay-type":"","overlay-color":"","overlay-opacity":"","overlay-gradient":""},"mobile":{"background-color":"var(--ast-global-color-5)","background-image":"","background-repeat":"repeat","background-position":"center center","background-size":"auto","background-attachment":"scroll","background-type":"","background-media":"","overlay-type":"","overlay-color":"","overlay-opacity":"","overlay-gradient":""}},"footnotes":""},"class_list":["post-12586","page","type-page","status-publish","hentry"],"aioseo_notices":[],"jetpack_sharing_enabled":true,"_links":{"self":[{"href":"https:\/\/codexvirtualis.fr\/codex\/wp-json\/wp\/v2\/pages\/12586","targetHints":{"allow":["GET"]}}],"collection":[{"href":"https:\/\/codexvirtualis.fr\/codex\/wp-json\/wp\/v2\/pages"}],"about":[{"href":"https:\/\/codexvirtualis.fr\/codex\/wp-json\/wp\/v2\/types\/page"}],"author":[{"embeddable":true,"href":"https:\/\/codexvirtualis.fr\/codex\/wp-json\/wp\/v2\/users\/2"}],"replies":[{"embeddable":true,"href":"https:\/\/codexvirtualis.fr\/codex\/wp-json\/wp\/v2\/comments?post=12586"}],"version-history":[{"count":3,"href":"https:\/\/codexvirtualis.fr\/codex\/wp-json\/wp\/v2\/pages\/12586\/revisions"}],"predecessor-version":[{"id":12589,"href":"https:\/\/codexvirtualis.fr\/codex\/wp-json\/wp\/v2\/pages\/12586\/revisions\/12589"}],"up":[{"embeddable":true,"href":"https:\/\/codexvirtualis.fr\/codex\/wp-json\/wp\/v2\/pages\/26"}],"wp:attachment":[{"href":"https:\/\/codexvirtualis.fr\/codex\/wp-json\/wp\/v2\/media?parent=12586"}],"curies":[{"name":"wp","href":"https:\/\/api.w.org\/{rel}","templated":true}]}}