{"id":12582,"date":"2020-03-21T16:24:17","date_gmt":"2020-03-21T15:24:17","guid":{"rendered":"https:\/\/codexvirtualis.fr\/codex\/?page_id=12582"},"modified":"2020-03-21T16:29:11","modified_gmt":"2020-03-21T15:29:11","slug":"glossaire-q","status":"publish","type":"page","link":"https:\/\/codexvirtualis.fr\/codex\/glossaire\/glossaire-q","title":{"rendered":"Glossaire : Q"},"content":{"rendered":"<p><!DOCTYPE html><br \/>\n<html><br \/>\n<span style=\"color: #999999;\">\u2022 <a name=\"queue\"><\/a> <strong>queue<\/strong><\/span> (nom f\u00e9minin ; pluriel : queues) : partie post\u00e9rieure du corps, situ\u00e9e en arri\u00e8re de l&rsquo;anus (Eum\u00e9tazoaires) ; r\u00e9gion post\u00e9rieure d&rsquo;un organe allong\u00e9 comme l&rsquo;\u00e9pididyme<br \/>\n<em>(de cauda = queue)<\/em><\/p>\n<p><\/html><\/p>\n","protected":false},"excerpt":{"rendered":"<p>\u2022 queue (nom f\u00e9minin ; pluriel : queues) : partie post\u00e9rieure du corps, situ\u00e9e en arri\u00e8re de l&rsquo;anus (Eum\u00e9tazoaires) ; r\u00e9gion post\u00e9rieure d&rsquo;un organe allong\u00e9 comme l&rsquo;\u00e9pididyme (de cauda = queue)<\/p>\n","protected":false},"author":2,"featured_media":0,"parent":26,"menu_order":17,"comment_status":"closed","ping_status":"closed","template":"","meta":{"site-sidebar-layout":"default","site-content-layout":"","ast-site-content-layout":"default","site-content-style":"default","site-sidebar-style":"default","ast-global-header-display":"","ast-banner-title-visibility":"","ast-main-header-display":"","ast-hfb-above-header-display":"","ast-hfb-below-header-display":"","ast-hfb-mobile-header-display":"","site-post-title":"","ast-breadcrumbs-content":"","ast-featured-img":"","footer-sml-layout":"","ast-disable-related-posts":"","theme-transparent-header-meta":"","adv-header-id-meta":"","stick-header-meta":"","header-above-stick-meta":"","header-main-stick-meta":"","header-below-stick-meta":"","astra-migrate-meta-layouts":"default","ast-page-background-enabled":"default","ast-page-background-meta":{"desktop":{"background-color":"var(--ast-global-color-4)","background-image":"","background-repeat":"repeat","background-position":"center center","background-size":"auto","background-attachment":"scroll","background-type":"","background-media":"","overlay-type":"","overlay-color":"","overlay-opacity":"","overlay-gradient":""},"tablet":{"background-color":"","background-image":"","background-repeat":"repeat","background-position":"center center","background-size":"auto","background-attachment":"scroll","background-type":"","background-media":"","overlay-type":"","overlay-color":"","overlay-opacity":"","overlay-gradient":""},"mobile":{"background-color":"","background-image":"","background-repeat":"repeat","background-position":"center center","background-size":"auto","background-attachment":"scroll","background-type":"","background-media":"","overlay-type":"","overlay-color":"","overlay-opacity":"","overlay-gradient":""}},"ast-content-background-meta":{"desktop":{"background-color":"var(--ast-global-color-5)","background-image":"","background-repeat":"repeat","background-position":"center center","background-size":"auto","background-attachment":"scroll","background-type":"","background-media":"","overlay-type":"","overlay-color":"","overlay-opacity":"","overlay-gradient":""},"tablet":{"background-color":"var(--ast-global-color-5)","background-image":"","background-repeat":"repeat","background-position":"center center","background-size":"auto","background-attachment":"scroll","background-type":"","background-media":"","overlay-type":"","overlay-color":"","overlay-opacity":"","overlay-gradient":""},"mobile":{"background-color":"var(--ast-global-color-5)","background-image":"","background-repeat":"repeat","background-position":"center center","background-size":"auto","background-attachment":"scroll","background-type":"","background-media":"","overlay-type":"","overlay-color":"","overlay-opacity":"","overlay-gradient":""}},"footnotes":""},"class_list":["post-12582","page","type-page","status-publish","hentry"],"aioseo_notices":[],"jetpack_sharing_enabled":true,"_links":{"self":[{"href":"https:\/\/codexvirtualis.fr\/codex\/wp-json\/wp\/v2\/pages\/12582","targetHints":{"allow":["GET"]}}],"collection":[{"href":"https:\/\/codexvirtualis.fr\/codex\/wp-json\/wp\/v2\/pages"}],"about":[{"href":"https:\/\/codexvirtualis.fr\/codex\/wp-json\/wp\/v2\/types\/page"}],"author":[{"embeddable":true,"href":"https:\/\/codexvirtualis.fr\/codex\/wp-json\/wp\/v2\/users\/2"}],"replies":[{"embeddable":true,"href":"https:\/\/codexvirtualis.fr\/codex\/wp-json\/wp\/v2\/comments?post=12582"}],"version-history":[{"count":3,"href":"https:\/\/codexvirtualis.fr\/codex\/wp-json\/wp\/v2\/pages\/12582\/revisions"}],"predecessor-version":[{"id":12585,"href":"https:\/\/codexvirtualis.fr\/codex\/wp-json\/wp\/v2\/pages\/12582\/revisions\/12585"}],"up":[{"embeddable":true,"href":"https:\/\/codexvirtualis.fr\/codex\/wp-json\/wp\/v2\/pages\/26"}],"wp:attachment":[{"href":"https:\/\/codexvirtualis.fr\/codex\/wp-json\/wp\/v2\/media?parent=12582"}],"curies":[{"name":"wp","href":"https:\/\/api.w.org\/{rel}","templated":true}]}}