{"id":12569,"date":"2020-03-21T16:16:09","date_gmt":"2020-03-21T15:16:09","guid":{"rendered":"https:\/\/codexvirtualis.fr\/codex\/?page_id=12569"},"modified":"2020-03-21T16:28:17","modified_gmt":"2020-03-21T15:28:17","slug":"glossaire-n","status":"publish","type":"page","link":"https:\/\/codexvirtualis.fr\/codex\/glossaire\/glossaire-n","title":{"rendered":"Glossaire : N"},"content":{"rendered":"<p><!DOCTYPE html><br \/>\n<html><br \/>\n<span style=\"color: #999999;\">\u2022 <a name=\"nageoire\"><\/a> <strong>nageoire<\/strong><\/span> (nom f\u00e9minin ; pluriel : nageoires) : appendice locomoteur g\u00e9n\u00e9ralement de forme plate, permettant le d\u00e9placement dans l&rsquo;eau<br \/>\n<em>(de navigare = nager)<\/em><\/p>\n<p>&nbsp;<\/p>\n<p><span style=\"color: #999999;\">\u2022 <a name=\"narine\"><\/a> <strong>narine<\/strong><\/span> (nom f\u00e9minin ; pluriel : narines) : orifice mettant l&rsquo;organe olfactif en communication avec le milieu ext\u00e9rieur (Vert\u00e9br\u00e9s)<br \/>\n<em>(de naris = narine)<\/em><\/p>\n<p>&nbsp;<\/p>\n<p><span style=\"color: #999999;\">\u2022 <a name=\"nasal\"><\/a> <strong>nasal<\/strong><\/span> (f\u00e9minin : nasale ; pluriel : nasaux, nasales) : relatif \u00e0 un nez<br \/>\n<em>(de nasus = nez)<\/em><\/p>\n<p>&nbsp;<\/p>\n<p><span style=\"color: #999999;\">\u2022 <a name=\"nauplius\"><\/a> <strong>nauplius<\/strong><\/span> (nom f\u00e9minin ; pluriel : nauplius ou nauplii) : forme larvaire sp\u00e9cifique de certains Pancrustac\u00e9s aquatiques caract\u00e9ris\u00e9e par un corps non segment\u00e9 portant un \u0153il unique, la possession de trois paires d&rsquo;appendices et la pr\u00e9sence de soies post\u00e9rieures<br \/>\n<em>(de nauplius = type de crustac\u00e9)<\/em><\/p>\n<p>&nbsp;<\/p>\n<p><span style=\"color: #999999;\">\u2022 <a name=\"nematode\"><\/a> <strong>N\u00e9matode<\/strong><\/span> (nom masculin ; pluriel : N\u00e9matodes) : d\u00e9signe un taxon d&rsquo;animaux vermiformes, caract\u00e9ris\u00e9s notamment par leur forme effil\u00e9e et leur section circulaire ; les N\u00e9matodes sont des Ecdysozoaires incluant les Ascaris<br \/>\n<em>n\u00e9mat(o) = filament ; -ode = d&rsquo;aspect (de nematos = fil ; odes = de nature, d&rsquo;apparence)<\/em><\/p>\n<p>&nbsp;<\/p>\n<p><span style=\"color: #999999;\">\u2022 <a name=\"neoblaste\"><\/a> <strong>n\u00e9oblaste<\/strong><\/span> (nom masculin ; pluriel : n\u00e9oblastes) : cellule indiff\u00e9renci\u00e9e \u00e0 l&rsquo;origine des cellules impliqu\u00e9es dans la r\u00e9g\u00e9n\u00e9ration de tissus ou d&rsquo;organes amput\u00e9s<br \/>\n<em>n\u00e9o- = nouveau ; -blaste = cellule m\u00e8re (de neos = nouveau ; blastos = germe)<\/em><\/p>\n<p>&nbsp;<\/p>\n<p><span style=\"color: #999999;\">\u2022 <a name=\"nephridie\"><\/a> <strong>n\u00e9phridie<\/strong><\/span> (nom f\u00e9minin ; pluriel : n\u00e9phridies) : organe excr\u00e9teur pair de taille r\u00e9duite<br \/>\n<em>(de nephridios = concernant le rein)<\/em><\/p>\n<p>&nbsp;<\/p>\n<p><span style=\"color: #999999;\">\u2022 <a name=\"nephridien\"><\/a> <strong>n\u00e9phridien<\/strong><\/span> (f\u00e9minin : n\u00e9phridienne ; pluriel : n\u00e9phridiens, n\u00e9phridiennes) : relatif \u00e0 une n\u00e9phridie<br \/>\n<em>n\u00e9phridi- = n\u00e9phridie (de nephridios = concernant le rein)<\/em><\/p>\n<p>&nbsp;<\/p>\n<p><span style=\"color: #999999;\">\u2022 <a name=\"nephridiopore\"><\/a> <strong>n\u00e9phridiopore<\/strong><\/span> (nom masculin ; pluriel : n\u00e9phridiopores) : orifice mettant en communication une n\u00e9phridie et le milieu ext\u00e9rieur, permettant l&rsquo;\u00e9vacuation de l&rsquo;urine<br \/>\n<em>n\u00e9phridi- = n\u00e9phridie ; pore = orifice (de nephridios = concernant le rein ; poros = pore)<\/em><\/p>\n<p>&nbsp;<\/p>\n<p><span style=\"color: #999999;\">\u2022 <a name=\"nephrocoele\"><\/a> <strong>n\u00e9phroc\u0153le<\/strong><\/span> (nom masculin ; pluriel : n\u00e9phroc\u0153les) : cavit\u00e9 d&rsquo;origine c\u0153lomique entourant le rein (Eumollusques) ; n\u00e9phroc\u0153le est \u00e9galement orthographi\u00e9 n\u00e9phroc\u00e8le<br \/>\n<em>n\u00e9phr(o)- = rein ; -c\u0153le = cavit\u00e9, creux (de nephros = rein ; koiloma = cavit\u00e9)<\/em><\/p>\n<p>&nbsp;<\/p>\n<p><span style=\"color: #999999;\">\u2022 <a name=\"nephron\"><\/a> <strong>n\u00e9phron<\/strong><\/span> (nom masculin ; pluriel : n\u00e9phrons) : unit\u00e9 structurale et fonctionnelle du rein, \u00e9laborant l&rsquo;urine (Vert\u00e9br\u00e9s) ; selon la g\u00e9n\u00e9ration de reins consid\u00e9r\u00e9e, le n\u00e9phron est ouvert et associ\u00e9 \u00e0 un glom\u00e9rule intrac\u0153lomique (pron\u00e9phros) ou intran\u00e9phronique (m\u00e9son\u00e9phros), voire ferm\u00e9 et associ\u00e9 \u00e0 un glom\u00e9rule intran\u00e9phronique (m\u00e9tan\u00e9phros)<br \/>\n<em>(de nephros = rein)<\/em><\/p>\n<p>&nbsp;<\/p>\n<p><span style=\"color: #999999;\">\u2022 <a name=\"nephronique\"><\/a> <strong>n\u00e9phronique<\/strong><\/span> (f\u00e9minin : n\u00e9phronique ; pluriel : n\u00e9phroniques, n\u00e9phroniques) : relatif \u00e0 un n\u00e9phron (Vert\u00e9br\u00e9s)<br \/>\n<em>n\u00e9phron- = n\u00e9phron (de nephros = rein)<\/em><\/p>\n<p>&nbsp;<\/p>\n<p><span style=\"color: #999999;\">\u2022 <a name=\"nephrostome\"><\/a> <strong>n\u00e9phrostome<\/strong><\/span> (nom masculin ; pluriel : n\u00e9phrostomes) : ouverture d&rsquo;une n\u00e9phridie ou d&rsquo;un n\u00e9phron sur une cavit\u00e9 c\u0153lomique permettant l&rsquo;entr\u00e9e du liquide dans la structure excr\u00e9trice et ainsi la formation de l&rsquo;urine primitive<br \/>\n<em>n\u00e9phr(o)- = rein ; -stome = bouche (de nephros = rein ; stoma = bouche)<\/em><\/p>\n<p>&nbsp;<\/p>\n<p><span style=\"color: #999999;\">\u2022 <a name=\"nerf\"><\/a> <strong>nerf<\/strong><\/span> (nom masculin ; pluriel : nerfs) : organe du syst\u00e8me nerveux en forme de cordon, constitu\u00e9 d&rsquo;axones, acheminant l&rsquo;information des centres nerveux vers la p\u00e9riph\u00e9rie de l&rsquo;organisme et&nbsp;\/&nbsp;ou de la p\u00e9riph\u00e9rie de l&rsquo;organisme vers les centres nerveux<br \/>\n<em>(de nervus = fibre, ligament)<\/em><\/p>\n<p> &nbsp; <\/p>\n<p><span style=\"color: #999999;\">&bull; <a name=\"nervation\"><\/a><strong>nervation<\/strong><\/span> (nom f\u00e9minin ; pluriel : nervations) : ensemble des nervures parcourant les ailes des Insectes ; l\u2019aile des Insectes est constitu\u00e9e par un repli t\u00e9gumentaire surmont\u00e9 de cuticule, soutenu par des nervures<br \/>\n<em>(de nervus = fibre, ligament)<\/em><\/p>\n<p> &nbsp; <\/p>\n<p><span style=\"color: #999999;\">&bull; <a name=\"nervure\"><\/a><strong>nervure<\/strong><\/span> (nom f\u00e9minin ; pluriel : nervures) : ligne saillante courant \u00e0 la surface de l\u2019aile ; les nervures contiennent des trach\u00e9es, des fibres nerveuses et de l\u2019h\u00e9molymphe ; au moment de la mue, le d\u00e9ploiement de l\u2019aile est li\u00e9 au remplissage des nervures par l\u2019h\u00e9molymphe<br \/>\n<em>(de nerver = garni de nerfs)<\/em><\/p>\n<p>&nbsp;<\/p>\n<p><span style=\"color: #999999;\">\u2022 <a name=\"nerveux\"><\/a> <strong>nerveux<\/strong><\/span> (f\u00e9minin : nerveuse ; pluriel : nerveux, nerveuses) : relatif au syst\u00e8me nerveux<br \/>\n<em>(de nervosus = nerveux)<\/em><\/p>\n<p>&nbsp;<\/p>\n<p><span style=\"color: #999999;\">\u2022 <a name=\"neuroendocrine\"><\/a> <strong>neuroendocrine<\/strong><\/span> (f\u00e9minin : neuroendocrine ; pluriel : neuroendocrines, neuroendocrines) : qualifie une structure du syst\u00e8me nerveux synth\u00e9tisant des hormones<br \/>\n<em>neur(o)- = syst\u00e8me nerveux ; endocrine (de neuron = nerf ; endon = en dedans ; krinein = s\u00e9cr\u00e9ter)<\/em><\/p>\n<p>&nbsp;<\/p>\n<p><span style=\"color: #999999;\">\u2022 <a name=\"neuroendocrinien\"><\/a> <strong>neuroendocrinien<\/strong><\/span> (f\u00e9minin : neuroendocrinienne ; pluriel : neuroendocriniens, neuroendocriniennes) : relatif \u00e0 une structure neuroendocrine<br \/>\n<em>neur(o)- = syst\u00e8me nerveux ; endocrinien (de neuron = nerf ; endon = en dedans ; krinein = s\u00e9cr\u00e9ter)<\/em><\/p>\n<p>&nbsp;<\/p>\n<p><span style=\"color: #999999;\">\u2022 <a name=\"neurohemal\"><\/a> <strong>neuroh\u00e9mal<\/strong><\/span> (f\u00e9minin : neuroh\u00e9male ; pluriel : neuroh\u00e9maux, neuroh\u00e9males) : qualifie une structure stockant et lib\u00e9rant des hormones produites par le syst\u00e8me nerveux<br \/>\n<em>neur(o)- = syst\u00e8me nerveux ; h\u00e9mal (de neuron = nerf ; haima = sang)<\/em><\/p>\n<p>&nbsp;<\/p>\n<p><span style=\"color: #999999;\">\u2022 <a name=\"neurohormone\"><\/a> <strong>neurohormone<\/strong><\/span> (nom f\u00e9minin ; pluriel : neurohormones) : mol\u00e9cule \u00e0 fonction hormonale \u00e9labor\u00e9e par le syst\u00e8me nerveux<br \/>\n<em>neur(o)- = syst\u00e8me nerveux ; hormone (de neuron = nerf ; horman = stimuler)<\/em><\/p>\n<p>&nbsp;<\/p>\n<p><span style=\"color: #999999;\">\u2022 <a name=\"neurohypophyse\"><\/a> <strong>neurohypophyse<\/strong><\/span> (nom f\u00e9minin ; pluriel : neurohypophyses) : r\u00e9gion de l&rsquo;hypophyse constitu\u00e9e de tissu nerveux (Vert\u00e9br\u00e9s)<br \/>\n<em>neur(o)- = syst\u00e8me nerveux ; hypophyse (de neuron = nerf ; hupophusis avec hupo = en-dessous ; phusis = faire na\u00eetre, cro\u00eetre)<\/em><\/p>\n<p>&nbsp;<\/p>\n<p><span style=\"color: #999999;\">\u2022 <a name=\"neuromaste\"><\/a> <strong>neuromaste<\/strong><\/span> (nom masculin ; pluriel : neuromastes) : r\u00e9cepteur sensoriel de la ligne lat\u00e9rale, l\u00e9g\u00e8rement convexe, sensible aux mouvements de l&rsquo;eau (Vert\u00e9br\u00e9s)<br \/>\n<em>neur(o)- = syst\u00e8me nerveux ; -maste = bomb\u00e9 (de neuron = nerf ; mastos = mamelon)<\/em><\/p>\n<p>&nbsp;<\/p>\n<p><span style=\"color: #999999;\">\u2022 <a name=\"neuromediateur\"><\/a> <strong>neurom\u00e9diateur<\/strong><\/span> (nom masculin ; pluriel : neurom\u00e9diateurs) : substance produite et lib\u00e9r\u00e9e par un neurone, agissant sur une autre cellule, assurant ainsi la transmission intercellulaire du message nerveux ; neurom\u00e9diateur et neurotransmetteur sont deux termes synonymes<br \/>\n<em>neur(o)- = syst\u00e8me nerveux ; m\u00e9diateur (de neuron = nerf ; mediator = m\u00e9diateur)<\/em><\/p>\n<p>&nbsp;<\/p>\n<p><span style=\"color: #999999;\">\u2022 <a name=\"neurone\"><\/a> <strong>neurone<\/strong><\/span> (nom masculin ; pluriel : neurones) : cellule nerveuse excitable, responsable des principales fonctions du syst\u00e8me nerveux (r\u00e9ception de stimulations, analyse et int\u00e9gration des informations, \u00e9laboration de r\u00e9ponses et transmission des messages)<br \/>\n<em>(de neuron = fibre)<\/em><\/p>\n<p>&nbsp;<\/p>\n<p><span style=\"color: #999999;\">\u2022 <a name=\"neuropile\"><\/a> <strong>neuropile<\/strong><\/span> (nom masculin ; pluriel : neuropiles) : r\u00e9gion du tissu nerveux principalement constitu\u00e9e de dendrites, d&rsquo;axones et de cellules gliales, dans laquelle sont r\u00e9alis\u00e9es les synapses<br \/>\n<em>neur(o)- = syst\u00e8me nerveux ; pile = feutre (de neuron = nerf ; pilos = feutre)<\/em><br \/>\n<em>Chez les Vert\u00e9br\u00e9s, la substance blanche de l&rsquo;enc\u00e9phale et de la moelle \u00e9pini\u00e8re, ainsi que le c\u0153ur de certains ganglions p\u00e9riph\u00e9riques sont form\u00e9s de neuropile.<\/em><\/p>\n<p>&nbsp;<\/p>\n<p><span style=\"color: #999999;\">\u2022 <a name=\"neuropode\"><\/a> <strong>neuropode<\/strong><\/span> (nom masculin ; pluriel : neuropodes) : lobe ventral d&rsquo;un parapode, situ\u00e9 sur la m\u00eame face de l&rsquo;organisme que le syst\u00e8me nerveux (Ann\u00e9lides)<br \/>\n<em>neur(o)- = syst\u00e8me nerveux ; -pode = pied, patte (de neuron = nerf ; podos = pied)<\/em><\/p>\n<p>&nbsp;<\/p>\n<p><span style=\"color: #999999;\">\u2022 <a name=\"neurosecreteur\"><\/a> <strong>neuros\u00e9cr\u00e9teur<\/strong><\/span> (f\u00e9minin : neuros\u00e9cr\u00e9trice ; pluriel : neuros\u00e9cr\u00e9teurs, neuros\u00e9cr\u00e9trices) : qualifie une structure nerveuse r\u00e9alisant une s\u00e9cr\u00e9tion dans le milieu int\u00e9rieur<br \/>\n<em>neur(o)- = syst\u00e8me nerveux ; s\u00e9cr\u00e9teur (de neuron = nerf ; secretio = s\u00e9paration)<\/em><\/p>\n<p>&nbsp;<\/p>\n<p><span style=\"color: #999999;\">\u2022 <a name=\"neurosensoriel\"><\/a> <strong>neurosensoriel<\/strong><\/span> (f\u00e9minin : neurosensorielle ; pluriel : neurosensoriels, neurosensorielles) : qualifie une structure nerveuse impliqu\u00e9 dans la sensibilit\u00e9<br \/>\n<em>neur(o)- = syst\u00e8me nerveux ; sensoriel (de neuron = nerf ; sensus = sens)<\/em><\/p>\n<p>&nbsp;<\/p>\n<p><span style=\"color: #999999;\">\u2022 <a name=\"neurotransmetteur\"><\/a> <strong>neurotransmetteur<\/strong><\/span> (nom masculin ; pluriel : neurotransmetteurs) : substance produite et lib\u00e9r\u00e9e par un neurone, agissant sur une autre cellule, assurant ainsi la transmission intercellulaire du message nerveux ; neurotransmetteur et neurom\u00e9diateur sont deux termes synonymes<br \/>\n<em>neur(o)- = syst\u00e8me nerveux ; transmetteur (de neuron = nerf ; transmittere = envoyer)<\/em><\/p>\n<p>&nbsp;<\/p>\n<p><span style=\"color: #999999;\">\u2022 <a name=\"neurotroche\"><\/a> <strong>neurotroche<\/strong><\/span> (nom f\u00e9minin ; pluriel : neurotroches) : bande cili\u00e9e port\u00e9e par la larve trochophore, situ\u00e9e en position m\u00e9dioventrale<br \/>\n<em>neur(o)- = syst\u00e8me nerveux ; -troche = cercle de cils (de neuron = nerf ; trokhos = anneau)<\/em><\/p>\n<p>&nbsp;<\/p>\n<p><span style=\"color: #999999;\">\u2022 <a name=\"nodule\"><\/a> <strong>nodule<\/strong><\/span> (nom masculin ; pluriel : nodules) : renflement de petite taille<br \/>\n<em>(de nodulus = diminutif de nodus = n\u0153ud)<\/em><\/p>\n<p>&nbsp;<\/p>\n<p><span style=\"color: #999999;\">\u2022 <a name=\"notopode\"><\/a> <strong>notopode<\/strong><\/span> (nom masculin ; pluriel : notopodes) : lobe dorsal d&rsquo;un parapode (Ann\u00e9lides)<br \/>\n<em>not(o)- = dos ; -pode = pied, patte (de notos = dos ; podos = pied)<\/em><\/p>\n<p>&nbsp;<\/p>\n<p><span style=\"color: #999999;\">\u2022 <a name=\"noyau\"><\/a> <strong>noyau<\/strong><\/span> (nom masculin ; pluriel : noyaux) : \u00e0 l&rsquo;\u00e9chelle de la cellule, organite des cellules eucaryotes contenant l&rsquo;essentiel de l&rsquo;information g\u00e9n\u00e9tique et d\u00e9limit\u00e9 par deux membranes constituant une enveloppe qualifi\u00e9e de nucl\u00e9aire ; \u00e0 l&rsquo;\u00e9chelle de l&rsquo;organisme, centre nerveux<br \/>\n<em>(de nodus = n\u0153ud)<\/em><\/p>\n<p>&nbsp;<\/p>\n<p><span style=\"color: #999999;\">\u2022 <a name=\"nucleaire\"><\/a> <strong>nucl\u00e9aire<\/strong><\/span> (f\u00e9minin : nucl\u00e9aire ; pluriel : nucl\u00e9aires, nucl\u00e9aires) : relatif au noyau<br \/>\n<em>(de nucleus = noyau)<\/em><\/p>\n<p>&nbsp;<\/p>\n<p><span style=\"color: #999999;\">\u2022 <a name=\"nucleique\"><\/a> <strong>nucl\u00e9ique<\/strong><\/span> (f\u00e9minin : nucl\u00e9ique ; pluriel : nucl\u00e9iques, nucl\u00e9iques) : qui est compos\u00e9 de nucl\u00e9otides (mol\u00e9cule)<br \/>\n<em>nucl\u00e9(o)- = noyau (de nucleus = noyau)<\/em><\/p>\n<p>&nbsp;<\/p>\n<p><span style=\"color: #999999;\">\u2022 <a name=\"nucleoplasmique\"><\/a> <strong>nucl\u00e9oplasmique<\/strong><\/span> (f\u00e9minin : nucl\u00e9oplasmique ; pluriel : nucl\u00e9oplasmiques, nucl\u00e9oplasmiques) : qui concerne le noyau et le cytoplasme de la cellule (caract\u00e8re)<br \/>\n<em>nucl\u00e9(o)- = noyau ; plasmique (de nucleus = noyau ; plasma = ouvrage model\u00e9)<\/em><\/p>\n<p>&nbsp;<\/p>\n<p><span style=\"color: #999999;\">\u2022 <a name=\"nutriment\"><\/a> <strong>nutriment<\/strong><\/span> (nom masculin ; pluriel : nutriments) : substance d&rsquo;origine alimentaire que les cellules peuvent assimiler enti\u00e8rement et directement<br \/>\n<em>(de nutrimentum = nourriture)<\/em><\/p>\n<p>&nbsp;<\/p>\n<p><span style=\"color: #999999;\">\u2022 <a name=\"nutrition\"><\/a> <strong>nutrition<\/strong><\/span> (nom f\u00e9minin ; pluriel : nutritions) : fonction des \u00eatres vivants assurant la couverture de leurs d\u00e9penses \u00e9nerg\u00e9tiques et le renouvellement de leurs mol\u00e9cules, se traduisant par un flux d\u2019\u00e9nergie et de mati\u00e8re entre le milieu ext\u00e9rieur et l&rsquo;organisme ; chez les animaux, la nutrition comprend l&rsquo;alimentation, les \u00e9changes gazeux respiratoires et l&rsquo;excr\u00e9tion<br \/>\n<em>(de nutritio = nutrition)<\/em><\/p>\n<p>&nbsp;<\/p>\n<p><span style=\"color: #999999;\">\u2022 <a name=\"nymphe\"><\/a><strong>nymphe<\/strong><\/span> (nom f\u00e9minin ; pluriel : nymphes) : stade du d\u00e9veloppement post-embryonnaire des Insectes ; la nymphe est g\u00e9n\u00e9ralement peu mobile et ne s\u2019alimente pas, mais elle acquiert les caract\u00e8res ext\u00e9rieurs de l\u2019imago par exemple les yeux compos\u00e9s, antennes, pi\u00e8ces buccales, appendices, ailes, lors de la m\u00e9tamorphose<br \/>\n<em>(de numphe = qui est recouverte ou voil\u00e9e)<\/em><br \/>\n<em>Les principales formes nymphales des Insectes sont les nymphes libres ou nues, les nymphes momies (comme les chrysalides), les pupes.<\/em><\/p>\n<p> &nbsp; <\/p>\n<p><span style=\"color: #999999;\">&bull; <a name=\"nymphe-libre\"><\/a><strong>nymphe libre<\/strong><\/span> : forme nymphale des Insectes, \u00e9galement appel\u00e9es nymphe nue ; pr\u00e9sente chez divers Col\u00e9opt\u00e8res (Dytique, ver de farine), N\u00e9vropt\u00e8res, Hym\u00e9nopt\u00e8res et quelques L\u00e9pidopt\u00e8res, la nymphe nue est blanch\u00e2tre, immobile (des flexions abdominales sont cependant \u00e0 l\u2019origine de d\u00e9placements parfois) et poss\u00e8de des appendices appliqu\u00e9s le long du corps<\/p>\n<p> &nbsp; <\/p>\n<p><span style=\"color: #999999;\">&bull; <a name=\"nymphe-momie\"><\/a><strong>nymphe momie<\/strong><\/span> : forme nymphale des Insectes, \u00e9galement appel\u00e9e nymphe emmaillot\u00e9e ; pr\u00e9sente chez les L\u00e9pidopt\u00e8res, certains Dipt\u00e8res (Brachyc\u00e8res) et certains Col\u00e9opt\u00e8res (Coccinelles, Staphylins), la nymphe momie est caract\u00e9ris\u00e9e par l\u2019adh\u00e9rence des appendices et des ailes au corps, g\u00e9n\u00e9ralement rigide (scl\u00e9rotinis\u00e9) et parfois entour\u00e9 d\u2019un cocon de soie, elle peut \u00eatre anim\u00e9e de mouvements<\/p>\n<p> &nbsp; <\/p>\n<p><span style=\"color: #999999;\">&bull; <a name=\"nymphose\"><\/a><strong>nymphose<\/strong><\/span> (nom f\u00e9minin ; pluriel : nymphoses) : ensemble des ph\u00e9nom\u00e8nes transformant la larve d&rsquo;Insecte en nymphe<br \/>\n<em>nymph- = nymphe ; -ose = processus (de numphe = qui est recouverte ou voil\u00e9e)<\/em><\/p>\n<p><\/html><\/p>\n","protected":false},"excerpt":{"rendered":"<p>\u2022 nageoire (nom f\u00e9minin ; pluriel : nageoires) : appendice locomoteur g\u00e9n\u00e9ralement de forme plate, permettant le d\u00e9placement dans l&rsquo;eau (de navigare = nager) &nbsp; \u2022 narine (nom f\u00e9minin ; pluriel : narines) : orifice mettant l&rsquo;organe olfactif en communication avec le milieu ext\u00e9rieur (Vert\u00e9br\u00e9s) (de naris = narine) &nbsp; \u2022 nasal (f\u00e9minin : nasale [&hellip;]<\/p>\n","protected":false},"author":2,"featured_media":0,"parent":26,"menu_order":14,"comment_status":"closed","ping_status":"closed","template":"","meta":{"site-sidebar-layout":"default","site-content-layout":"","ast-site-content-layout":"default","site-content-style":"default","site-sidebar-style":"default","ast-global-header-display":"","ast-banner-title-visibility":"","ast-main-header-display":"","ast-hfb-above-header-display":"","ast-hfb-below-header-display":"","ast-hfb-mobile-header-display":"","site-post-title":"","ast-breadcrumbs-content":"","ast-featured-img":"","footer-sml-layout":"","ast-disable-related-posts":"","theme-transparent-header-meta":"","adv-header-id-meta":"","stick-header-meta":"","header-above-stick-meta":"","header-main-stick-meta":"","header-below-stick-meta":"","astra-migrate-meta-layouts":"default","ast-page-background-enabled":"default","ast-page-background-meta":{"desktop":{"background-color":"var(--ast-global-color-4)","background-image":"","background-repeat":"repeat","background-position":"center center","background-size":"auto","background-attachment":"scroll","background-type":"","background-media":"","overlay-type":"","overlay-color":"","overlay-opacity":"","overlay-gradient":""},"tablet":{"background-color":"","background-image":"","background-repeat":"repeat","background-position":"center center","background-size":"auto","background-attachment":"scroll","background-type":"","background-media":"","overlay-type":"","overlay-color":"","overlay-opacity":"","overlay-gradient":""},"mobile":{"background-color":"","background-image":"","background-repeat":"repeat","background-position":"center center","background-size":"auto","background-attachment":"scroll","background-type":"","background-media":"","overlay-type":"","overlay-color":"","overlay-opacity":"","overlay-gradient":""}},"ast-content-background-meta":{"desktop":{"background-color":"var(--ast-global-color-5)","background-image":"","background-repeat":"repeat","background-position":"center center","background-size":"auto","background-attachment":"scroll","background-type":"","background-media":"","overlay-type":"","overlay-color":"","overlay-opacity":"","overlay-gradient":""},"tablet":{"background-color":"var(--ast-global-color-5)","background-image":"","background-repeat":"repeat","background-position":"center center","background-size":"auto","background-attachment":"scroll","background-type":"","background-media":"","overlay-type":"","overlay-color":"","overlay-opacity":"","overlay-gradient":""},"mobile":{"background-color":"var(--ast-global-color-5)","background-image":"","background-repeat":"repeat","background-position":"center center","background-size":"auto","background-attachment":"scroll","background-type":"","background-media":"","overlay-type":"","overlay-color":"","overlay-opacity":"","overlay-gradient":""}},"footnotes":""},"class_list":["post-12569","page","type-page","status-publish","hentry"],"aioseo_notices":[],"jetpack_sharing_enabled":true,"_links":{"self":[{"href":"https:\/\/codexvirtualis.fr\/codex\/wp-json\/wp\/v2\/pages\/12569","targetHints":{"allow":["GET"]}}],"collection":[{"href":"https:\/\/codexvirtualis.fr\/codex\/wp-json\/wp\/v2\/pages"}],"about":[{"href":"https:\/\/codexvirtualis.fr\/codex\/wp-json\/wp\/v2\/types\/page"}],"author":[{"embeddable":true,"href":"https:\/\/codexvirtualis.fr\/codex\/wp-json\/wp\/v2\/users\/2"}],"replies":[{"embeddable":true,"href":"https:\/\/codexvirtualis.fr\/codex\/wp-json\/wp\/v2\/comments?post=12569"}],"version-history":[{"count":4,"href":"https:\/\/codexvirtualis.fr\/codex\/wp-json\/wp\/v2\/pages\/12569\/revisions"}],"predecessor-version":[{"id":12573,"href":"https:\/\/codexvirtualis.fr\/codex\/wp-json\/wp\/v2\/pages\/12569\/revisions\/12573"}],"up":[{"embeddable":true,"href":"https:\/\/codexvirtualis.fr\/codex\/wp-json\/wp\/v2\/pages\/26"}],"wp:attachment":[{"href":"https:\/\/codexvirtualis.fr\/codex\/wp-json\/wp\/v2\/media?parent=12569"}],"curies":[{"name":"wp","href":"https:\/\/api.w.org\/{rel}","templated":true}]}}