{"id":12560,"date":"2020-03-21T16:03:06","date_gmt":"2020-03-21T15:03:06","guid":{"rendered":"https:\/\/codexvirtualis.fr\/codex\/?page_id=12560"},"modified":"2020-03-21T16:03:27","modified_gmt":"2020-03-21T15:03:27","slug":"glossaire-l","status":"publish","type":"page","link":"https:\/\/codexvirtualis.fr\/codex\/glossaire\/glossaire-l","title":{"rendered":"Glossaire : L"},"content":{"rendered":"<p><!DOCTYPE html><br \/>\n<html><br \/>\n<span style=\"color: #999999;\">\u2022 <a name=\"labial\"><\/a> <strong>labial<\/strong><\/span> (f\u00e9minin : labiale ; pluriel : labiaux, labiales) : relatif \u00e0 une l\u00e8vre<br \/>\n<em>labi- = labium (de labium = l\u00e8vre)<\/em><\/p>\n<p>&nbsp;<\/p>\n<p><span style=\"color: #999999;\">\u2022 <a name=\"labium\"><\/a> <strong>labium<\/strong><\/span> (nom masculin ; pluriel : labiums) : appendice buccal post\u00e9rieur (Insectes)<br \/>\n<em>(de labium = l\u00e8vre)<\/em><\/p>\n<p>&nbsp;<\/p>\n<p><span style=\"color: #999999;\">\u2022 <a name=\"labre\"><\/a> <strong>labre<\/strong><\/span> (nom masculin ; pluriel : labres) : appendice buccal ant\u00e9rieur (Insectes)<br \/>\n<em>(de labrum = l\u00e8vre)<\/em><\/p>\n<p>&nbsp;<\/p>\n<p><span style=\"color: #999999;\">\u2022 <a name=\"lacinia\"><\/a> <strong>lacinia<\/strong><\/span> (nom f\u00e9minin ; pluriel : lacinias) : pi\u00e8ce de la maxille, appendice associ\u00e9 \u00e0 la bouche (Insectes)<br \/>\n<em>(de lacinia = pan, frange)<\/em><\/p>\n<p>&nbsp;<\/p>\n<p><span style=\"color: #999999;\">\u2022 <a name=\"lactation\"><\/a> <strong>lactation<\/strong><\/span> (nom f\u00e9minin ; pluriel : lactations) : production et lib\u00e9ration de lait par les glandes mammaires (Mammif\u00e8res)<br \/>\n<em>(de lactatio =allaitement)<\/em><\/p>\n<p>&nbsp;<\/p>\n<p><span style=\"color: #999999;\">\u2022 <a name=\"lacunaire\"><\/a> <strong>lacunaire<\/strong><\/span> (f\u00e9minin : lacunaire ; pluriel : lacunaires, lacunaires) : qualifie une structure pr\u00e9sentant des lacunes<br \/>\n<em>lacun- = lacune (de lacus = mare, trou)<\/em><\/p>\n<p>&nbsp;<\/p>\n<p><span style=\"color: #999999;\">\u2022 <a name=\"lacune\"><\/a> <strong>lacune<\/strong><\/span> (nom f\u00e9minin ; pluriel : lacunes) : cavit\u00e9 corporelle ou intercellulaire<br \/>\n<em>(de lacus = mare, trou)<\/em><\/p>\n<p>&nbsp;<\/p>\n<p><span style=\"color: #999999;\">\u2022 <a name=\"lamellaire\"><\/a> <strong>lamellaire<\/strong><\/span> (f\u00e9minin : lamellaire ; pluriel : lamellaires, lamellaires) : qui est en forme de lame<br \/>\n<em>lamell- = lamelle (de lamella = diminutif de lame = fine feuille)<\/em><\/p>\n<p>&nbsp;<\/p>\n<p><span style=\"color: #999999;\">\u2022 <a name=\"lamelle\"><\/a> <strong>lamelle<\/strong><\/span> (nom f\u00e9minin ; pluriel : lamelles) : structure plate, peu \u00e9paisse<br \/>\n<em>(de lamella = diminutif de lame = fine feuille)<\/em><\/p>\n<p>&nbsp;<\/p>\n<p><span style=\"color: #999999;\">\u2022 <a name=\"lamellibranche\"><\/a> <strong>Lamellibranche <\/strong><\/span> (nom masculin ; pluriel : lamellibranches : d\u00e9signe un taxon d&rsquo;animaux poss\u00e9dant notamment des branchies en lamelles ; les Lamellibranches, \u00e9galement appel\u00e9s Bivalves, sont des Eumollusques, la Moule en est un exemple<br \/>\n<em>lamell- = lamelle ;  branch- = branchie (de lamella = diminutif de lame = fine feuille ; branchia = branchie)<\/em><\/p>\n<p>&nbsp;<\/p>\n<p><span style=\"color: #999999;\">\u2022 <a name=\"larvaire\"><\/a> <strong>larvaire<\/strong><\/span> (f\u00e9minin : larvaire ; pluriel : larvaires, larvaires) : relatif \u00e0 une larve<br \/>\n<em>larv- = larve (de larva = masque)<\/em><\/p>\n<p>&nbsp;<\/p>\n<p><span style=\"color: #999999;\">\u2022 <a name=\"larve\"><\/a> <strong>larve<\/strong><\/span> (nom f\u00e9minin ; pluriel : larves) : stade du d\u00e9veloppement post-embryonnaire du cycle de vie, de morphologie, anatomie, mode et\/ou milieu de vie diff\u00e9rents de ceux de l&rsquo;adulte ; la phase larvaire est une p\u00e9riode de croissance ; la transformation de la larve en individu juv\u00e9nile et\/ou imago correspond \u00e0 une m\u00e9tamorphose<br \/>\n<em>(de larva = masque)<\/em><br \/>\n<em>il existe des larves caract\u00e9ristiques de certains groupes d&rsquo;animaux, par exemple&nbsp;:<br \/>\n&#8211; amphiblastula des Porif\u00e8res<br \/>\n&#8211; dipleurula des \u00c9chinodermes<br \/>\n&#8211; nauplius des crustac\u00e9s<br \/>\n&#8211; planula des Cnidaires<br \/>\n&#8211; t\u00eatard des Ascidies<br \/>\n&#8211; trochophore des Ann\u00e9lides<br \/>\n&#8211; v\u00e9lig\u00e8re des Eumollusques<\/em><br \/>\n<em>Chez les Insectes, les principaux types de formes larvaires sont les larves \u00e9ruciformes ou chenilles , larves campod\u00e9iformes , larves m\u00e9lolontho\u00efdes (ou scarab\u00e9iformes ou vers blancs) , larves vermiformes (avec notamment les asticots).<\/em><\/p>\n<p>&nbsp;<\/p>\n<p><span style=\"color: #999999;\">\u2022 <a name=\"lateral\"><\/a> <strong>lat\u00e9ral<\/strong><\/span> (f\u00e9minin : lat\u00e9rale ; pluriel : lat\u00e9raux, lat\u00e9rales) : qui est localis\u00e9 sur le c\u00f4t\u00e9<br \/>\n<em>(de lateris = c\u00f4t\u00e9, flanc)<\/em><\/p>\n<p>&nbsp;<\/p>\n<p><span style=\"color: #999999;\">\u2022 <a name=\"lateroventral\"><\/a> <strong>lat\u00e9roventral<\/strong><\/span> (f\u00e9minin : lat\u00e9roventrale ; pluriel : lat\u00e9roventraux, lat\u00e9roventrales) : qualifie une structure dont la position est \u00e0 la limite du c\u00f4t\u00e9 et du ventre<br \/>\n<em>lat\u00e9ro- = lat\u00e9ral ; ventral (de lateris = c\u00f4t\u00e9, flanc ; ventralis, de venter = ventre)<\/em><\/p>\n<p>&nbsp;<\/p>\n<p><span style=\"color: #999999;\">\u2022 <a name=\"lecithocoele\"><\/a> <strong>l\u00e9cithoc\u0153le<\/strong><\/span> (nom masculin ; pluriel : l\u00e9cithoc\u0153les) : cavit\u00e9 form\u00e9e \u00e0 l&rsquo;ext\u00e9rieur de l&#8217;embryon, d\u00e9limit\u00e9e par l&rsquo;endoderme et le m\u00e9soderme, \u00e9galement appel\u00e9e v\u00e9sicule vitelline (Vert\u00e9br\u00e9s) ; l\u00e9cithoc\u0153le est \u00e9galement orthographi\u00e9 l\u00e9cithoc\u00e8le<br \/>\n<em>l\u00e9cith(o)- = \u00e0 vitellus ; -c\u0153le = cavit\u00e9, creux (de lekithos = jaune d&rsquo;\u0153uf ; koiloma = cavit\u00e9)<\/em><\/p>\n<p>&nbsp;<\/p>\n<p><span style=\"color: #999999;\">\u2022 <a name=\"lepidoptere\"><\/a><strong>L\u00e9pidopt\u00e8re<\/strong><\/span> : ordre d&rsquo;Insectes correspondant aux Papillons, caract\u00e9ris\u00e9s notamment par la pr\u00e9sence de deux paires d&rsquo;ailes, portant des \u00e9cailles, et un appareil buccal modifi\u00e9 en trompe enroul\u00e9e au repos<br \/>\n<em>\u00c9tymologiquement \u00ab\u00a0lepidos\u00a0\u00bb signifie \u00ab\u00a0\u00e9caille\u00a0\u00bb et \u00ab\u00a0pteron\u00a0\u00bb signifie \u00ab\u00a0aile\u00a0\u00bb, le terme L\u00e9pidopt\u00e8re est une r\u00e9f\u00e9rence aux ailes recouvertes d&rsquo;\u00e9cailles<\/em><\/p>\n<p> &nbsp; <\/p>\n<p><span style=\"color: #999999;\">\u2022 <a name=\"levre\"><\/a> <strong>l\u00e8vre<\/strong><\/span> (nom f\u00e9minin ; pluriel : l\u00e8vres) : repli lin\u00e9aire bordant un orifice<br \/>\n<em>(de labra = l\u00e8vre)<\/em><\/p>\n<p>&nbsp;<\/p>\n<p><span style=\"color: #999999;\">\u2022 <a name=\"liberine\"><\/a> <strong>lib\u00e9rine<\/strong><\/span> (nom f\u00e9minin ; pluriel : lib\u00e9rines) : facteur hormonal produit par l&rsquo;hypothalamus stimulant la lib\u00e9ration d&rsquo;une hormone sp\u00e9cifique par l&rsquo;ad\u00e9nohypophyse (Vert\u00e9br\u00e9s)<br \/>\n<em>(de releasing factor = facteur de d\u00e9charge, de lib\u00e9ration)<\/em><\/p>\n<p>&nbsp;<\/p>\n<p><span style=\"color: #999999;\">\u2022 <a name=\"lipase\"><\/a> <strong>lipase<\/strong><\/span> (nom f\u00e9minin ; pluriel : lipases) : enzyme r\u00e9alisant l&rsquo;hydrolyse des lipides<br \/>\n<em>lip- = lipide ;  -ase = enzyme (de lipos = graisse ; diastasis = s\u00e9paration)<\/em><\/p>\n<p>&nbsp;<\/p>\n<p><span style=\"color: #999999;\">\u2022 <a name=\"lipide\"><\/a> <strong>lipide<\/strong><\/span> (nom masculin ; pluriel : lipides) : famille de mol\u00e9cules constitutives des \u00eatres vivants form\u00e9es par combinaison d&rsquo;alcools et d&rsquo;acides gras (compos\u00e9s de carbone, d&rsquo;hydrog\u00e8ne et d&rsquo;une fonction acide carboxylique) ; un lipide est un ester d&rsquo;alcools et d&rsquo;acides gras<br \/>\n<em>(de lipos = graisse)<\/em><\/p>\n<p>&nbsp;<\/p>\n<p><span style=\"color: #999999;\">\u2022 <a name=\"lipidique\"><\/a> <strong>lipidique<\/strong><\/span> (f\u00e9minin : lipidique ; pluriel : lipidiques, lipidiques) : relatif \u00e0 un lipide<br \/>\n<em>lipid- = lipide (de lipos = graisse)<\/em><\/p>\n<p>&nbsp;<\/p>\n<p><span style=\"color: #999999;\">\u2022 <a name=\"lissamphibien\"><\/a> <strong>Lissamphibien<\/strong><\/span> (nom masculin ; pluriel : Lissamphibiens) : d\u00e9signe un taxon de Chord\u00e9s vert\u00e9br\u00e9s t\u00e9trapodes caract\u00e9ris\u00e9 par un cycle de vie se d\u00e9roulant g\u00e9n\u00e9ralement en milieu aquatique et en milieu a\u00e9rien, comme la Grenouille par exemple ; les Lissamphibiens ne forment pas d&rsquo;amnios au cours du d\u00e9veloppement embryonnaire, \u00e0 la diff\u00e9rence des T\u00e9trapodes amniotes<br \/>\n<em>liss- = lisse ; -amphi- = double ; -bie = qui vit (de lissos = lisse ; ampho = tous deux ; bios = vie)<\/em><\/p>\n<p>&nbsp;<\/p>\n<p><span style=\"color: #999999;\">\u2022 <a name=\"n_lobe\"><\/a> <strong>lobe<\/strong><\/span> (nom masculin ; pluriel : lobes) : structure de forme arrondie<br \/>\n<em>(de lobos = de forme arrondie)<\/em><\/p>\n<p>&nbsp;<\/p>\n<p><span style=\"color: #999999;\">\u2022 <a name=\"a_lobe\"><\/a> <strong>lob\u00e9<\/strong><\/span> (f\u00e9minin : lob\u00e9e ; pluriel : lob\u00e9s, lob\u00e9es) : qui est form\u00e9 de lobes<br \/>\n<em>lob- = lobe (de lobos = de forme arrondie)<\/em><\/p>\n<p>&nbsp;<\/p>\n<p><span style=\"color: #999999;\">\u2022 <a name=\"lobule\"><\/a> <strong>lobule<\/strong><\/span> (nom masculin ; pluriel : lobules) : petit lobe<br \/>\n<em>lob- = lobe ; -ule = diminutif (de lobos = de forme arrondie)<\/em><\/p>\n<p>&nbsp;<\/p>\n<p><span style=\"color: #999999;\">\u2022 <a name=\"locomoteur\"><\/a> <strong>locomoteur<\/strong><\/span> (f\u00e9minin : locomotrice ; pluriel : locomoteurs, locomotrices) : qui permet la locomotion<br \/>\n<em>locomot- = locomotion (de motio = mise en mouvement)<\/em><\/p>\n<p>&nbsp;<\/p>\n<p><span style=\"color: #999999;\">\u2022 <a name=\"locomotion\"><\/a> <strong>locomotion<\/strong><\/span> (nom f\u00e9minin ; pluriel : locomotions) : d\u00e9placement actif d&rsquo;un organisme<br \/>\n<em>(de motio = mise en mouvement)<\/em><\/p>\n<p>&nbsp;<\/p>\n<p><span style=\"color: #999999;\">\u2022 <a name=\"longitudinal\"><\/a> <strong>longitudinal<\/strong><\/span> (f\u00e9minin : longitudinale ; pluriel : longitudinaux, longitudinales) : qualifie une structure s&rsquo;\u00e9tendant dans la longueur ou une section effectu\u00e9e dans le sens de la longueur<br \/>\n<em>(de longitudo = longueur)<\/em><\/p>\n<p>&nbsp;<\/p>\n<p><span style=\"color: #999999;\">\u2022 <a name=\"lophodonte\"><\/a> <strong>lophodonte<\/strong><\/span> (f\u00e9minin : lophodonte ; pluriel : lophodontes, lophodontes) : dont les tubercules forment des cr\u00eates (dent)<br \/>\n<em>loph(o)- = cr\u00eate, huppe ; -odonte = dent (de lophos = colline ; odontos = dent)<\/em><\/p>\n<p>&nbsp;<\/p>\n<p><span style=\"color: #999999;\">\u2022 <a name=\"lophophore\"><\/a> <strong>lophophore<\/strong><\/span> (nom masculin ; pluriel : lophophores) : ensemble de tentacules \u00e0 vocation alimentaire et\/ou respiratoire, entourant la bouche et dispos\u00e9s en couronne ou en U<br \/>\n<em>loph(o)- = cr\u00eate, huppe ; -phore = qui porte (de lophos = colline ; phoros = qui porte)<\/em><\/p>\n<p>&nbsp;<\/p>\n<p><span style=\"color: #999999;\">\u2022 <a name=\"lophotrochozoaire\"><\/a> <strong>Lophotrochozoaire<\/strong><\/span> (nom masculin ; pluriel : Lophotrochozoaires) : d\u00e9signe un taxon d&rsquo;animaux poss\u00e9dant notamment un lophophore et\/ou une forme larvaire semblable \u00e0 la larve trochophore ; les Lophotrochozoaires sont en particulier repr\u00e9sent\u00e9s par les Ann\u00e9lides, les Eumollusques et les Plathelminthes<br \/>\n<em>lopho- = lophophore ; -trocho- = trochophore ; -zoaire = animalcule (de lophos = colline ; trokhos = roue ; zoon = animal)<\/em><\/p>\n<p>&nbsp;<\/p>\n<p><span style=\"color: #999999;\">\u2022 <a name=\"lymphatique\"><\/a> <strong>lymphatique<\/strong><\/span> (f\u00e9minin : lymphatique ; pluriel : lymphatiques, lymphatiques) : relatif \u00e0 la lymphe<br \/>\n<em>lymph- = lymphe (de lympha = eau claire)<\/em><\/p>\n<p>&nbsp;<\/p>\n<p><span style=\"color: #999999;\">\u2022 <a name=\"lymphe\"><\/a> <strong>lymphe<\/strong><\/span> (nom f\u00e9minin ; pluriel : lymphes) : liquide corporel pr\u00e9sent dans les tissus et dans un r\u00e9seau vasculaire sp\u00e9cifique, form\u00e9 \u00e0 partir du sang et d\u00e9vers\u00e9 dans l&rsquo;appareil circulatoire (Vert\u00e9br\u00e9s)<br \/>\n<em>(de lympha = eau claire)<\/em><\/p>\n<p> &nbsp; <\/p>\n<p><span style=\"color: #999999;\">\u2022 <a name=\"lymphoblaste\"><\/a> <strong>lymphoblaste<\/strong><\/span> (nom masculin ; pluriel : lymphoblastes) : cellule lympho\u00efde dont la diff\u00e9renciation conduit \u00e0 un lymphocyte<br \/>\n<em>lymph(o)- = lymphe ; -blaste = cellule m\u00e8re (de lympha = eau claire ; blastos = germe)<\/em><\/p>\n<p>&nbsp;<\/p>\n<p><span style=\"color: #999999;\">\u2022 <a name=\"lymphoide\"><\/a> <strong>lympho\u00efde<\/strong><\/span> (f\u00e9minin : lympho\u00efde ; pluriel : lympho\u00efdes, lympho\u00efdes) : relatif aux lymphocytes<br \/>\n<em>lymph(o)- = lymphe (de lympha = eau claire)<\/em><\/p>\n<p>&nbsp;<\/p>\n<p><span style=\"color: #999999;\">\u2022 <a name=\"lymphopoietique\"><\/a> <strong>lymphopo\u00ef\u00e9tique<\/strong><\/span> (f\u00e9minin : lymphopo\u00ef\u00e9tique ; pluriel : lymphopo\u00ef\u00e9tiques, lymphopo\u00ef\u00e9tiques) : relatif \u00e0 la lymphopo\u00ef\u00e8se<br \/>\n<em>lymphopo\u00ef\u00e9- = lymphopo\u00ef\u00e8se (de lympha = eau claire ; poiein = faire)<\/em><\/p>\n<p>&nbsp;<\/p>\n<p><span style=\"color: #999999;\">\u2022 <a name=\"lymphopoiese\"><\/a> <strong>lymphopo\u00ef\u00e8se<\/strong><\/span> (nom f\u00e9minin ; pluriel : lymphopoi\u00e8ses) : processus de production des lymphocytes<br \/>\n<em>lymph(o)- = lymphe ; -po\u00ef\u00e8se = faire (de lympha = eau claire ; poiein = faire)<\/em><\/p>\n<p>&nbsp;<\/p>\n<p><span style=\"color: #999999;\">\u2022 <a name=\"lyse\"><\/a> <strong>lyse<\/strong><\/span> (nom f\u00e9minin ; pluriel : lyses) : d\u00e9gradation d&rsquo;une mol\u00e9cule par action de facteurs chimiques ou physiques, \u00e9ventuellement d&rsquo;origine biologique<br \/>\n<em>(de lusis = dissolution)<\/em><\/p>\n<p>&nbsp;<\/p>\n<p><span style=\"color: #999999;\">\u2022 <a name=\"lysozyme\"><\/a> <strong>lysozyme<\/strong><\/span> (nom masculin ; pluriel : lysozymes) : enzyme d\u00e9gradant les bact\u00e9ries<br \/>\n<em>lys- = lyse ; -zyme = enzyme (de lusis = dissolution ; zume = levure)<\/em><\/p>\n<p><\/html><\/p>\n","protected":false},"excerpt":{"rendered":"<p>\u2022 labial (f\u00e9minin : labiale ; pluriel : labiaux, labiales) : relatif \u00e0 une l\u00e8vre labi- = labium (de labium = l\u00e8vre) &nbsp; \u2022 labium (nom masculin ; pluriel : labiums) : appendice buccal post\u00e9rieur (Insectes) (de labium = l\u00e8vre) &nbsp; \u2022 labre (nom masculin ; pluriel : labres) : appendice buccal ant\u00e9rieur (Insectes) (de [&hellip;]<\/p>\n","protected":false},"author":2,"featured_media":0,"parent":26,"menu_order":12,"comment_status":"closed","ping_status":"closed","template":"","meta":{"site-sidebar-layout":"default","site-content-layout":"","ast-site-content-layout":"default","site-content-style":"default","site-sidebar-style":"default","ast-global-header-display":"","ast-banner-title-visibility":"","ast-main-header-display":"","ast-hfb-above-header-display":"","ast-hfb-below-header-display":"","ast-hfb-mobile-header-display":"","site-post-title":"","ast-breadcrumbs-content":"","ast-featured-img":"","footer-sml-layout":"","ast-disable-related-posts":"","theme-transparent-header-meta":"","adv-header-id-meta":"","stick-header-meta":"","header-above-stick-meta":"","header-main-stick-meta":"","header-below-stick-meta":"","astra-migrate-meta-layouts":"default","ast-page-background-enabled":"default","ast-page-background-meta":{"desktop":{"background-color":"var(--ast-global-color-4)","background-image":"","background-repeat":"repeat","background-position":"center center","background-size":"auto","background-attachment":"scroll","background-type":"","background-media":"","overlay-type":"","overlay-color":"","overlay-opacity":"","overlay-gradient":""},"tablet":{"background-color":"","background-image":"","background-repeat":"repeat","background-position":"center center","background-size":"auto","background-attachment":"scroll","background-type":"","background-media":"","overlay-type":"","overlay-color":"","overlay-opacity":"","overlay-gradient":""},"mobile":{"background-color":"","background-image":"","background-repeat":"repeat","background-position":"center center","background-size":"auto","background-attachment":"scroll","background-type":"","background-media":"","overlay-type":"","overlay-color":"","overlay-opacity":"","overlay-gradient":""}},"ast-content-background-meta":{"desktop":{"background-color":"var(--ast-global-color-5)","background-image":"","background-repeat":"repeat","background-position":"center center","background-size":"auto","background-attachment":"scroll","background-type":"","background-media":"","overlay-type":"","overlay-color":"","overlay-opacity":"","overlay-gradient":""},"tablet":{"background-color":"var(--ast-global-color-5)","background-image":"","background-repeat":"repeat","background-position":"center center","background-size":"auto","background-attachment":"scroll","background-type":"","background-media":"","overlay-type":"","overlay-color":"","overlay-opacity":"","overlay-gradient":""},"mobile":{"background-color":"var(--ast-global-color-5)","background-image":"","background-repeat":"repeat","background-position":"center center","background-size":"auto","background-attachment":"scroll","background-type":"","background-media":"","overlay-type":"","overlay-color":"","overlay-opacity":"","overlay-gradient":""}},"footnotes":""},"class_list":["post-12560","page","type-page","status-publish","hentry"],"aioseo_notices":[],"jetpack_sharing_enabled":true,"_links":{"self":[{"href":"https:\/\/codexvirtualis.fr\/codex\/wp-json\/wp\/v2\/pages\/12560","targetHints":{"allow":["GET"]}}],"collection":[{"href":"https:\/\/codexvirtualis.fr\/codex\/wp-json\/wp\/v2\/pages"}],"about":[{"href":"https:\/\/codexvirtualis.fr\/codex\/wp-json\/wp\/v2\/types\/page"}],"author":[{"embeddable":true,"href":"https:\/\/codexvirtualis.fr\/codex\/wp-json\/wp\/v2\/users\/2"}],"replies":[{"embeddable":true,"href":"https:\/\/codexvirtualis.fr\/codex\/wp-json\/wp\/v2\/comments?post=12560"}],"version-history":[{"count":4,"href":"https:\/\/codexvirtualis.fr\/codex\/wp-json\/wp\/v2\/pages\/12560\/revisions"}],"predecessor-version":[{"id":12564,"href":"https:\/\/codexvirtualis.fr\/codex\/wp-json\/wp\/v2\/pages\/12560\/revisions\/12564"}],"up":[{"embeddable":true,"href":"https:\/\/codexvirtualis.fr\/codex\/wp-json\/wp\/v2\/pages\/26"}],"wp:attachment":[{"href":"https:\/\/codexvirtualis.fr\/codex\/wp-json\/wp\/v2\/media?parent=12560"}],"curies":[{"name":"wp","href":"https:\/\/api.w.org\/{rel}","templated":true}]}}